{"id":20279,"date":"2020-04-22T20:10:54","date_gmt":"2020-04-22T20:10:54","guid":{"rendered":"https:\/\/mmfss.ca\/?post_type=product&#038;p=20279"},"modified":"2024-08-07T19:08:25","modified_gmt":"2024-08-07T19:08:25","slug":"rj3-adjustable-stand","status":"publish","type":"product","link":"https:\/\/safetysourcefire.ca\/fr\/produit\/rj3-adjustable-stand\/","title":{"rendered":"Support r\u00e9glable RJ3"},"content":{"rendered":"<p>Le support r\u00e9glable RJ3 est notre jambe de force la plus simple, con\u00e7ue exclusivement pour la stabilisation de v\u00e9hicule. Fonctionnant avec une seule goupille de verrouillage \u00e0 languette, le support r\u00e9glable s'\u00e9tend facilement pour une stabilisation rapide et efficace.<\/p>\n<p>Article # RJ3-ADST<\/p>\n<p>FONCTIONNALIT\u00c9S<\/p>\n<ul>\n<li>Facteur de s\u00e9curit\u00e9 2:1 sur le support, le v\u00e9rin et les accessoires.<\/li>\n<li>Construction en acier robuste offrant une durabilit\u00e9 certaine.<\/li>\n<li>Raccords \u00e0 extr\u00e9mit\u00e9 goupill\u00e9e permettant d'\u00e9changer facilement les t\u00eates selon l'application d\u00e9sir\u00e9e.<\/li>\n<li>Raccord de t\u00eate CRG fixe permettant un large \u00e9ventail de points.<\/li>\n<li>Anneaux en D mont\u00e9s sur la base permettant d'attacher diff\u00e9rentes sangles ou de fixer des piquets.<\/li>\n<li>Sangles \u00e0 boucle CAM pr\u00e9-attach\u00e9es \u00e0 la base de la jambe pour un d\u00e9ploiement rapide.<\/li>\n<\/ul>\n<p>CARACT\u00c9RISTIQUES<\/p>\n<ul>\n<li>WLL de la colonne\u00a0: 4\u00a0000\u00a0lb<\/li>\n<li>WLL de levage\u00a0: stabilisation uniquement<\/li>\n<li>Hauteur d\u00e9ploy\u00e9e : 86\u2033<\/li>\n<li>Hauteur repli\u00e9e : 55\u2033<\/li>\n<li>Poids\u00a0: 37\u00a0lb*<\/li>\n<\/ul>\n<p>* Le poids indiqu\u00e9 comprend le raccord de t\u00eate CRG fixe, la base, les sangles de boucle CAM et tout le mat\u00e9riel.<\/p>\n<p>Disponible en trousse standard \u00e0 2 points, trousse de luxe \u00e0 4 points, trousse Texas \u00e0 3 points et trousse de luxe pour 2 voitures. <a href=\"https:\/\/safetysourcefire.ca\/wp-content\/uploads\/2020\/04\/2018-catalog.compressed.pdf\">Voir le catalogue pour plus de d\u00e9tails (pdf).<\/a><\/p>","protected":false},"excerpt":{"rendered":"<p>Jambe de stabilisation pour v\u00e9hicule<\/p>","protected":false},"featured_media":20277,"template":"","meta":[],"product_brand":[255],"product_cat":[128,51,133],"product_tag":[336,455,457],"class_list":{"0":"post-20279","1":"product","2":"type-product","3":"status-publish","4":"has-post-thumbnail","6":"product_brand-res-q-jack","7":"product_cat-extrication-rescue","8":"product_cat-rescue","9":"product_cat-stabilization-shoring","10":"product_tag-res-q-jack","11":"product_tag-strut","12":"product_tag-struts","14":"first","15":"instock","16":"shipping-taxable","17":"product-type-simple"},"yoast_head":"<!-- This site is optimized with the Yoast SEO plugin v27.4 - https:\/\/yoast.com\/product\/yoast-seo-wordpress\/ -->\n<title>RJ3 Adjustable Stand - Safety Source Fire<\/title>\n<meta name=\"robots\" content=\"index, follow, max-snippet:-1, max-image-preview:large, max-video-preview:-1\" \/>\n<link rel=\"canonical\" href=\"https:\/\/safetysourcefire.ca\/fr\/produit\/rj3-adjustable-stand\/\" \/>\n<meta property=\"og:locale\" content=\"fr_CA\" \/>\n<meta property=\"og:type\" content=\"article\" \/>\n<meta property=\"og:title\" content=\"RJ3 Adjustable Stand - Safety Source Fire\" \/>\n<meta property=\"og:description\" content=\"Vehicle Stabilization Strut\" \/>\n<meta property=\"og:url\" content=\"https:\/\/safetysourcefire.ca\/fr\/produit\/rj3-adjustable-stand\/\" \/>\n<meta property=\"og:site_name\" content=\"Safety Source Fire\" \/>\n<meta property=\"article:publisher\" content=\"https:\/\/www.facebook.com\/mmfssca\" \/>\n<meta property=\"article:modified_time\" content=\"2024-08-07T19:08:25+00:00\" \/>\n<meta property=\"og:image\" content=\"https:\/\/safetysourcefire.ca\/wp-content\/uploads\/2020\/04\/rj3-adj-web-min.jpg\" \/>\n\t<meta property=\"og:image:width\" content=\"600\" \/>\n\t<meta property=\"og:image:height\" content=\"600\" \/>\n\t<meta property=\"og:image:type\" content=\"image\/jpeg\" \/>\n<meta name=\"twitter:card\" content=\"summary_large_image\" \/>\n<meta name=\"twitter:site\" content=\"@mmfssca\" \/>\n<meta name=\"twitter:label1\" content=\"Estimation du temps de lecture\" \/>\n\t<meta name=\"twitter:data1\" content=\"1 minute\" \/>\n<script type=\"application\/ld+json\" class=\"yoast-schema-graph\">{\"@context\":\"https:\\\/\\\/schema.org\",\"@graph\":[{\"@type\":\"WebPage\",\"@id\":\"https:\\\/\\\/safetysourcefire.ca\\\/product\\\/rj3-adjustable-stand\\\/\",\"url\":\"https:\\\/\\\/safetysourcefire.ca\\\/product\\\/rj3-adjustable-stand\\\/\",\"name\":\"RJ3 Adjustable Stand - Safety Source Fire\",\"isPartOf\":{\"@id\":\"https:\\\/\\\/safetysourcefire.ca\\\/#website\"},\"primaryImageOfPage\":{\"@id\":\"https:\\\/\\\/safetysourcefire.ca\\\/product\\\/rj3-adjustable-stand\\\/#primaryimage\"},\"image\":{\"@id\":\"https:\\\/\\\/safetysourcefire.ca\\\/product\\\/rj3-adjustable-stand\\\/#primaryimage\"},\"thumbnailUrl\":\"https:\\\/\\\/safetysourcefire.ca\\\/wp-content\\\/uploads\\\/2020\\\/04\\\/rj3-adj-web-min.jpg\",\"datePublished\":\"2020-04-22T20:10:54+00:00\",\"dateModified\":\"2024-08-07T19:08:25+00:00\",\"breadcrumb\":{\"@id\":\"https:\\\/\\\/safetysourcefire.ca\\\/product\\\/rj3-adjustable-stand\\\/#breadcrumb\"},\"inLanguage\":\"fr-CA\",\"potentialAction\":[{\"@type\":\"ReadAction\",\"target\":[\"https:\\\/\\\/safetysourcefire.ca\\\/product\\\/rj3-adjustable-stand\\\/\"]}]},{\"@type\":\"ImageObject\",\"inLanguage\":\"fr-CA\",\"@id\":\"https:\\\/\\\/safetysourcefire.ca\\\/product\\\/rj3-adjustable-stand\\\/#primaryimage\",\"url\":\"https:\\\/\\\/safetysourcefire.ca\\\/wp-content\\\/uploads\\\/2020\\\/04\\\/rj3-adj-web-min.jpg\",\"contentUrl\":\"https:\\\/\\\/safetysourcefire.ca\\\/wp-content\\\/uploads\\\/2020\\\/04\\\/rj3-adj-web-min.jpg\",\"width\":600,\"height\":600,\"caption\":\"adjustable strut\"},{\"@type\":\"BreadcrumbList\",\"@id\":\"https:\\\/\\\/safetysourcefire.ca\\\/product\\\/rj3-adjustable-stand\\\/#breadcrumb\",\"itemListElement\":[{\"@type\":\"ListItem\",\"position\":1,\"name\":\"Home\",\"item\":\"https:\\\/\\\/safetysourcefire.ca\\\/\"},{\"@type\":\"ListItem\",\"position\":2,\"name\":\"Products\",\"item\":\"https:\\\/\\\/safetysourcefire.ca\\\/shop\\\/\"},{\"@type\":\"ListItem\",\"position\":3,\"name\":\"RJ3 Adjustable Stand\"}]},{\"@type\":\"WebSite\",\"@id\":\"https:\\\/\\\/safetysourcefire.ca\\\/#website\",\"url\":\"https:\\\/\\\/safetysourcefire.ca\\\/\",\"name\":\"Safety Source Fire\",\"description\":\"\",\"publisher\":{\"@id\":\"https:\\\/\\\/safetysourcefire.ca\\\/#organization\"},\"potentialAction\":[{\"@type\":\"SearchAction\",\"target\":{\"@type\":\"EntryPoint\",\"urlTemplate\":\"https:\\\/\\\/safetysourcefire.ca\\\/?s={search_term_string}\"},\"query-input\":{\"@type\":\"PropertyValueSpecification\",\"valueRequired\":true,\"valueName\":\"search_term_string\"}}],\"inLanguage\":\"fr-CA\"},{\"@type\":\"Organization\",\"@id\":\"https:\\\/\\\/safetysourcefire.ca\\\/#organization\",\"name\":\"Safety Source Fire\",\"url\":\"https:\\\/\\\/safetysourcefire.ca\\\/\",\"logo\":{\"@type\":\"ImageObject\",\"inLanguage\":\"fr-CA\",\"@id\":\"https:\\\/\\\/safetysourcefire.ca\\\/#\\\/schema\\\/logo\\\/image\\\/\",\"url\":\"https:\\\/\\\/safetysourcefire.ca\\\/wp-content\\\/uploads\\\/2021\\\/01\\\/SSF_logo_CC0000-3.png\",\"contentUrl\":\"https:\\\/\\\/safetysourcefire.ca\\\/wp-content\\\/uploads\\\/2021\\\/01\\\/SSF_logo_CC0000-3.png\",\"width\":1107,\"height\":365,\"caption\":\"Safety Source Fire\"},\"image\":{\"@id\":\"https:\\\/\\\/safetysourcefire.ca\\\/#\\\/schema\\\/logo\\\/image\\\/\"},\"sameAs\":[\"https:\\\/\\\/www.facebook.com\\\/mmfssca\",\"https:\\\/\\\/x.com\\\/mmfssca\"]}]}<\/script>\n<!-- \/ Yoast SEO plugin. -->","yoast_head_json":{"title":"Support r\u00e9glable RJ3 - Source de s\u00e9curit\u00e9 incendie","robots":{"index":"index","follow":"follow","max-snippet":"max-snippet:-1","max-image-preview":"max-image-preview:large","max-video-preview":"max-video-preview:-1"},"canonical":"https:\/\/safetysourcefire.ca\/fr\/produit\/rj3-adjustable-stand\/","og_locale":"fr_CA","og_type":"article","og_title":"RJ3 Adjustable Stand - Safety Source Fire","og_description":"Vehicle Stabilization Strut","og_url":"https:\/\/safetysourcefire.ca\/fr\/produit\/rj3-adjustable-stand\/","og_site_name":"Safety Source Fire","article_publisher":"https:\/\/www.facebook.com\/mmfssca","article_modified_time":"2024-08-07T19:08:25+00:00","og_image":[{"width":600,"height":600,"url":"https:\/\/safetysourcefire.ca\/wp-content\/uploads\/2020\/04\/rj3-adj-web-min.jpg","type":"image\/jpeg"}],"twitter_card":"summary_large_image","twitter_site":"@mmfssca","twitter_misc":{"Estimation du temps de lecture":"1 minute"},"schema":{"@context":"https:\/\/schema.org","@graph":[{"@type":"WebPage","@id":"https:\/\/safetysourcefire.ca\/product\/rj3-adjustable-stand\/","url":"https:\/\/safetysourcefire.ca\/product\/rj3-adjustable-stand\/","name":"Support r\u00e9glable RJ3 - Source de s\u00e9curit\u00e9 incendie","isPartOf":{"@id":"https:\/\/safetysourcefire.ca\/#website"},"primaryImageOfPage":{"@id":"https:\/\/safetysourcefire.ca\/product\/rj3-adjustable-stand\/#primaryimage"},"image":{"@id":"https:\/\/safetysourcefire.ca\/product\/rj3-adjustable-stand\/#primaryimage"},"thumbnailUrl":"https:\/\/safetysourcefire.ca\/wp-content\/uploads\/2020\/04\/rj3-adj-web-min.jpg","datePublished":"2020-04-22T20:10:54+00:00","dateModified":"2024-08-07T19:08:25+00:00","breadcrumb":{"@id":"https:\/\/safetysourcefire.ca\/product\/rj3-adjustable-stand\/#breadcrumb"},"inLanguage":"fr-CA","potentialAction":[{"@type":"ReadAction","target":["https:\/\/safetysourcefire.ca\/product\/rj3-adjustable-stand\/"]}]},{"@type":"ImageObject","inLanguage":"fr-CA","@id":"https:\/\/safetysourcefire.ca\/product\/rj3-adjustable-stand\/#primaryimage","url":"https:\/\/safetysourcefire.ca\/wp-content\/uploads\/2020\/04\/rj3-adj-web-min.jpg","contentUrl":"https:\/\/safetysourcefire.ca\/wp-content\/uploads\/2020\/04\/rj3-adj-web-min.jpg","width":600,"height":600,"caption":"adjustable strut"},{"@type":"BreadcrumbList","@id":"https:\/\/safetysourcefire.ca\/product\/rj3-adjustable-stand\/#breadcrumb","itemListElement":[{"@type":"ListItem","position":1,"name":"Home","item":"https:\/\/safetysourcefire.ca\/"},{"@type":"ListItem","position":2,"name":"Products","item":"https:\/\/safetysourcefire.ca\/shop\/"},{"@type":"ListItem","position":3,"name":"RJ3 Adjustable Stand"}]},{"@type":"WebSite","@id":"https:\/\/safetysourcefire.ca\/#website","url":"https:\/\/safetysourcefire.ca\/","name":"Safety Source Fire","description":"","publisher":{"@id":"https:\/\/safetysourcefire.ca\/#organization"},"potentialAction":[{"@type":"SearchAction","target":{"@type":"EntryPoint","urlTemplate":"https:\/\/safetysourcefire.ca\/?s={search_term_string}"},"query-input":{"@type":"PropertyValueSpecification","valueRequired":true,"valueName":"search_term_string"}}],"inLanguage":"fr-CA"},{"@type":"Organization","@id":"https:\/\/safetysourcefire.ca\/#organization","name":"Safety Source Fire","url":"https:\/\/safetysourcefire.ca\/","logo":{"@type":"ImageObject","inLanguage":"fr-CA","@id":"https:\/\/safetysourcefire.ca\/#\/schema\/logo\/image\/","url":"https:\/\/safetysourcefire.ca\/wp-content\/uploads\/2021\/01\/SSF_logo_CC0000-3.png","contentUrl":"https:\/\/safetysourcefire.ca\/wp-content\/uploads\/2021\/01\/SSF_logo_CC0000-3.png","width":1107,"height":365,"caption":"Safety Source Fire"},"image":{"@id":"https:\/\/safetysourcefire.ca\/#\/schema\/logo\/image\/"},"sameAs":["https:\/\/www.facebook.com\/mmfssca","https:\/\/x.com\/mmfssca"]}]}},"_links":{"self":[{"href":"https:\/\/safetysourcefire.ca\/fr\/wp-json\/wp\/v2\/product\/20279","targetHints":{"allow":["GET"]}}],"collection":[{"href":"https:\/\/safetysourcefire.ca\/fr\/wp-json\/wp\/v2\/product"}],"about":[{"href":"https:\/\/safetysourcefire.ca\/fr\/wp-json\/wp\/v2\/types\/product"}],"wp:featuredmedia":[{"embeddable":true,"href":"https:\/\/safetysourcefire.ca\/fr\/wp-json\/wp\/v2\/media\/20277"}],"wp:attachment":[{"href":"https:\/\/safetysourcefire.ca\/fr\/wp-json\/wp\/v2\/media?parent=20279"}],"wp:term":[{"taxonomy":"product_brand","embeddable":true,"href":"https:\/\/safetysourcefire.ca\/fr\/wp-json\/wp\/v2\/product_brand?post=20279"},{"taxonomy":"product_cat","embeddable":true,"href":"https:\/\/safetysourcefire.ca\/fr\/wp-json\/wp\/v2\/product_cat?post=20279"},{"taxonomy":"product_tag","embeddable":true,"href":"https:\/\/safetysourcefire.ca\/fr\/wp-json\/wp\/v2\/product_tag?post=20279"}],"curies":[{"name":"wp","href":"https:\/\/api.w.org\/{rel}","templated":true}]}}