{"id":20284,"date":"2020-04-22T20:41:15","date_gmt":"2020-04-22T20:41:15","guid":{"rendered":"https:\/\/mmfss.ca\/?post_type=product&#038;p=20284"},"modified":"2024-08-07T19:08:03","modified_gmt":"2024-08-07T19:08:03","slug":"auto-x-strut","status":"publish","type":"product","link":"https:\/\/safetysourcefire.ca\/fr\/produit\/auto-x-strut\/","title":{"rendered":"Auto X-Strut"},"content":{"rendered":"<p>L'Auto X-Strut\u00ae apporte une stabilisation et un levage sans goupille au sauvetage de v\u00e9hicules l\u00e9gers. Cette jambe de force l\u00e9g\u00e8re, rapide et ultra-portable combine le fonctionnement sans goupille de notre Super X-Strut\u00ae premium avec notre ch\u00e2ssis carr\u00e9 en aluminium de style X, dans un ensemble compact pour le sauvetage l\u00e9ger.<\/p>\n<p>Montr\u00e9 ci-haut avec une prise suppl\u00e9mentaire (ATX-JACK). Ce v\u00e9rin est sp\u00e9cialement con\u00e7u pour l'Auto X-Strut\u00ae. Capacit\u00e9 de levage de 2 500 lb et facteur de s\u00e9curit\u00e9 de 2:1. Poids : 16 livres.<\/p>\n<p>SP\u00c9CIFICATIONS (facteur de s\u00e9curit\u00e9 de 2:1 sur les supports de force et les accessoires)<\/p>\n<p>Article # ATX-STRT-S (court)<\/p>\n<ul>\n<li>WLL de la colonne\u00a0: 3\u00a0250\u00a0lb<\/li>\n<li>CMU de levage\u00a0: 2\u00a0500 lb<\/li>\n<li>Hauteur \u00e9tendue\u00a0: 88,25\u00a0<\/li>\n<li>Hauteur repli\u00e9e : 54,5\u00a0<\/li>\n<li>Poids\u00a0: 33\u00a0lb*<\/li>\n<\/ul>\n<p>Article # ATX-STRT-L (long)<\/p>\n<ul>\n<li>WLL de la colonne\u00a0: 3\u00a0250 lb<\/li>\n<li>CMU de levage\u00a0: 2\u00a0500 lb<\/li>\n<li>Hauteur \u00e9tendue\u00a0:\u00a067\u00a0<\/li>\n<li>Hauteur repli\u00e9e :\u00a044\u00a0<\/li>\n<li>Poids\u00a0: 30\u00a0lb*<\/li>\n<\/ul>\n<p>* Le poids du support de force comprend le raccord de t\u00eate pivotante CRG, la plaque de base, la sangle \u00e0 cliquet et tout le mat\u00e9riel. Poids du v\u00e9rin suppl\u00e9mentaire : 15 lb. Voir la fiche technique pour les sp\u00e9cifications compl\u00e8tes. Extension de 12\u2033 autoris\u00e9e sur Long Strut seulement.<\/p>\n<p>RACCORDS DE T\u00caTE \u00c0 D\u00c9GAGEMENT RAPIDE<\/p>\n<ul>\n<li>Changez les raccords de t\u00eate en un instant en tirant sur une seule goupille de retenue. Auto X-Strut\u00ae est compatible avec nos embouts Super X-Strut\u00ae et d'autres embouts de fabricants; vous pouvez donc \u00e9changer avec les services voisins lors d'une intervention d'aide mutuelle.<\/li>\n<\/ul>\n<p>CONSTRUCTION EN ALUMINIUM<\/p>\n<ul>\n<li>L'Auto X-Strut\u00ae pr\u00e9sente une combinaison unique d'un ch\u00e2ssis carr\u00e9 soud\u00e9 avec un tube int\u00e9rieur rond usin\u00e9, tous deux fabriqu\u00e9s en aluminium 6061-T6 pour des performances maxiumum avec poids l\u00e9ger.<\/li>\n<\/ul>\n<p>FONCTIONNEMENT SANS BROCHE<\/p>\n<ul>\n<li>Le filetage \u00e0 trois fils Auto X-Strut\u00ae permet un r\u00e9glage rapide et en douceur, sans broches, ce qui facilite l'installation et la poursuite des op\u00e9rations. Le tube filet\u00e9 permet un r\u00e9glage en hauteur lors de la stabilisation, du levage ou de l'abaissement de charges.<\/li>\n<\/ul>\n<p>TUBE INT\u00c9RIEUR SANS TORSION<\/p>\n<ul>\n<li>L'Auto X-Strut\u00ae dispose d'un arr\u00eat positif sur le tube int\u00e9rieur, emp\u00eachant celui-ci de tourner sous des charges plus l\u00e9g\u00e8res et \u00e9liminant le risque de surextension.<\/li>\n<\/ul>\n<p>RACCORD DE T\u00caTE PIVOTANTE CRG<\/p>\n<ul>\n<li>L'Auto X-Strut\u00ae comprend notre raccord de t\u00eate pivotant CRG qui pivote \u00e0 360 \u00b0 pour trouver facilement n'importe quel point.<\/li>\n<\/ul>\n<p>PUISSANCE DE LEVAGE X-STRUT\u00ae<\/p>\n<ul>\n<li>L'Auto X-Strut\u00ae est compatible avec notre prise d'extension m\u00e9canique amovible, vous donnant 2 500 lb de capacit\u00e9 de levage suppl\u00e9mentaire avec 12 pouces de course r\u00e9initialisable.<\/li>\n<\/ul>\n<p>SANGLE \u00c0 CLIQUET<\/p>\n<ul>\n<li>Choisissez entre notre sangle \u00e0 cliquet standard ou notre sangle \u00e0 cliquet avec syst\u00e8me de gestion de la tension (voir photo).<\/li>\n<\/ul>\n<p>ANNEAUX EN D MONT\u00c9S SUR LA BASE<\/p>\n<ul>\n<li>Les anneaux pivotants int\u00e9gr\u00e9s \u00e0 la plaque de base permettent une fixation rapide des sangles, des crochets et des cha\u00eenes. Peuvent \u00e9galement servir de r\u00e9cepteur de piquet lorsqu'un ancrage est n\u00e9cessaire.<\/li>\n<\/ul>\n<p>2 TAILLES DISPONIBLES<\/p>\n<ul>\n<li>Disponible dans une jambe courte peu encombrante (photo) ou une version pleine grandeur. La version courte est compatible avec notre tube d'extension Super X-Strut\u00ae 12\u2033 pour une polyvalence accrue.<\/li>\n<\/ul>\n<p>&nbsp;<\/p>\n<p>Disponible en trousse standard \u00e0 2 points, trousse de luxe \u00e0 4 points, trousse Texas \u00e0 3 points et trousse de luxe pour 2 voitures. <a href=\"https:\/\/safetysourcefire.ca\/wp-content\/uploads\/2020\/04\/2018-catalog.compressed.pdf\">Voir le catalogue pour plus de d\u00e9tails (pdf).<\/a><\/p>","protected":false},"excerpt":{"rendered":"<p>Pour des travaux l\u00e9gers, sans goupille ni broche<\/p>","protected":false},"featured_media":20274,"template":"","meta":[],"product_brand":[255],"product_cat":[128,51,133],"product_tag":[336,455,457,456],"class_list":{"0":"post-20284","1":"product","2":"type-product","3":"status-publish","4":"has-post-thumbnail","6":"product_brand-res-q-jack","7":"product_cat-extrication-rescue","8":"product_cat-rescue","9":"product_cat-stabilization-shoring","10":"product_tag-res-q-jack","11":"product_tag-strut","12":"product_tag-struts","13":"product_tag-x-strut","15":"first","16":"instock","17":"shipping-taxable","18":"product-type-simple"},"yoast_head":"<!-- This site is optimized with the Yoast SEO plugin v27.4 - https:\/\/yoast.com\/product\/yoast-seo-wordpress\/ -->\n<title>Auto X-Strut - Safety Source Fire<\/title>\n<meta name=\"robots\" content=\"index, follow, max-snippet:-1, max-image-preview:large, max-video-preview:-1\" \/>\n<link rel=\"canonical\" href=\"https:\/\/safetysourcefire.ca\/fr\/produit\/auto-x-strut\/\" \/>\n<meta property=\"og:locale\" content=\"fr_CA\" \/>\n<meta property=\"og:type\" content=\"article\" \/>\n<meta property=\"og:title\" content=\"Auto X-Strut - Safety Source Fire\" \/>\n<meta property=\"og:description\" content=\"Light duty goes pin-free\" \/>\n<meta property=\"og:url\" content=\"https:\/\/safetysourcefire.ca\/fr\/produit\/auto-x-strut\/\" \/>\n<meta property=\"og:site_name\" content=\"Safety Source Fire\" \/>\n<meta property=\"article:publisher\" content=\"https:\/\/www.facebook.com\/mmfssca\" \/>\n<meta property=\"article:modified_time\" content=\"2024-08-07T19:08:03+00:00\" \/>\n<meta property=\"og:image\" content=\"https:\/\/safetysourcefire.ca\/wp-content\/uploads\/2020\/04\/auto-with-jack-min.jpg\" \/>\n\t<meta property=\"og:image:width\" content=\"600\" \/>\n\t<meta property=\"og:image:height\" content=\"600\" \/>\n\t<meta property=\"og:image:type\" content=\"image\/jpeg\" \/>\n<meta name=\"twitter:card\" content=\"summary_large_image\" \/>\n<meta name=\"twitter:site\" content=\"@mmfssca\" \/>\n<meta name=\"twitter:label1\" content=\"Estimation du temps de lecture\" \/>\n\t<meta name=\"twitter:data1\" content=\"2 minutes\" \/>\n<script type=\"application\/ld+json\" class=\"yoast-schema-graph\">{\"@context\":\"https:\\\/\\\/schema.org\",\"@graph\":[{\"@type\":\"WebPage\",\"@id\":\"https:\\\/\\\/safetysourcefire.ca\\\/product\\\/auto-x-strut\\\/\",\"url\":\"https:\\\/\\\/safetysourcefire.ca\\\/product\\\/auto-x-strut\\\/\",\"name\":\"Auto X-Strut - Safety Source Fire\",\"isPartOf\":{\"@id\":\"https:\\\/\\\/safetysourcefire.ca\\\/#website\"},\"primaryImageOfPage\":{\"@id\":\"https:\\\/\\\/safetysourcefire.ca\\\/product\\\/auto-x-strut\\\/#primaryimage\"},\"image\":{\"@id\":\"https:\\\/\\\/safetysourcefire.ca\\\/product\\\/auto-x-strut\\\/#primaryimage\"},\"thumbnailUrl\":\"https:\\\/\\\/safetysourcefire.ca\\\/wp-content\\\/uploads\\\/2020\\\/04\\\/auto-with-jack-min.jpg\",\"datePublished\":\"2020-04-22T20:41:15+00:00\",\"dateModified\":\"2024-08-07T19:08:03+00:00\",\"breadcrumb\":{\"@id\":\"https:\\\/\\\/safetysourcefire.ca\\\/product\\\/auto-x-strut\\\/#breadcrumb\"},\"inLanguage\":\"fr-CA\",\"potentialAction\":[{\"@type\":\"ReadAction\",\"target\":[\"https:\\\/\\\/safetysourcefire.ca\\\/product\\\/auto-x-strut\\\/\"]}]},{\"@type\":\"ImageObject\",\"inLanguage\":\"fr-CA\",\"@id\":\"https:\\\/\\\/safetysourcefire.ca\\\/product\\\/auto-x-strut\\\/#primaryimage\",\"url\":\"https:\\\/\\\/safetysourcefire.ca\\\/wp-content\\\/uploads\\\/2020\\\/04\\\/auto-with-jack-min.jpg\",\"contentUrl\":\"https:\\\/\\\/safetysourcefire.ca\\\/wp-content\\\/uploads\\\/2020\\\/04\\\/auto-with-jack-min.jpg\",\"width\":600,\"height\":600,\"caption\":\"auto x-strut with jack\"},{\"@type\":\"BreadcrumbList\",\"@id\":\"https:\\\/\\\/safetysourcefire.ca\\\/product\\\/auto-x-strut\\\/#breadcrumb\",\"itemListElement\":[{\"@type\":\"ListItem\",\"position\":1,\"name\":\"Home\",\"item\":\"https:\\\/\\\/safetysourcefire.ca\\\/\"},{\"@type\":\"ListItem\",\"position\":2,\"name\":\"Products\",\"item\":\"https:\\\/\\\/safetysourcefire.ca\\\/shop\\\/\"},{\"@type\":\"ListItem\",\"position\":3,\"name\":\"Auto X-Strut\"}]},{\"@type\":\"WebSite\",\"@id\":\"https:\\\/\\\/safetysourcefire.ca\\\/#website\",\"url\":\"https:\\\/\\\/safetysourcefire.ca\\\/\",\"name\":\"Safety Source Fire\",\"description\":\"\",\"publisher\":{\"@id\":\"https:\\\/\\\/safetysourcefire.ca\\\/#organization\"},\"potentialAction\":[{\"@type\":\"SearchAction\",\"target\":{\"@type\":\"EntryPoint\",\"urlTemplate\":\"https:\\\/\\\/safetysourcefire.ca\\\/?s={search_term_string}\"},\"query-input\":{\"@type\":\"PropertyValueSpecification\",\"valueRequired\":true,\"valueName\":\"search_term_string\"}}],\"inLanguage\":\"fr-CA\"},{\"@type\":\"Organization\",\"@id\":\"https:\\\/\\\/safetysourcefire.ca\\\/#organization\",\"name\":\"Safety Source Fire\",\"url\":\"https:\\\/\\\/safetysourcefire.ca\\\/\",\"logo\":{\"@type\":\"ImageObject\",\"inLanguage\":\"fr-CA\",\"@id\":\"https:\\\/\\\/safetysourcefire.ca\\\/#\\\/schema\\\/logo\\\/image\\\/\",\"url\":\"https:\\\/\\\/safetysourcefire.ca\\\/wp-content\\\/uploads\\\/2021\\\/01\\\/SSF_logo_CC0000-3.png\",\"contentUrl\":\"https:\\\/\\\/safetysourcefire.ca\\\/wp-content\\\/uploads\\\/2021\\\/01\\\/SSF_logo_CC0000-3.png\",\"width\":1107,\"height\":365,\"caption\":\"Safety Source Fire\"},\"image\":{\"@id\":\"https:\\\/\\\/safetysourcefire.ca\\\/#\\\/schema\\\/logo\\\/image\\\/\"},\"sameAs\":[\"https:\\\/\\\/www.facebook.com\\\/mmfssca\",\"https:\\\/\\\/x.com\\\/mmfssca\"]}]}<\/script>\n<!-- \/ Yoast SEO plugin. -->","yoast_head_json":{"title":"Auto X-Strut - Source de s\u00e9curit\u00e9 incendie","robots":{"index":"index","follow":"follow","max-snippet":"max-snippet:-1","max-image-preview":"max-image-preview:large","max-video-preview":"max-video-preview:-1"},"canonical":"https:\/\/safetysourcefire.ca\/fr\/produit\/auto-x-strut\/","og_locale":"fr_CA","og_type":"article","og_title":"Auto X-Strut - Safety Source Fire","og_description":"Light duty goes pin-free","og_url":"https:\/\/safetysourcefire.ca\/fr\/produit\/auto-x-strut\/","og_site_name":"Safety Source Fire","article_publisher":"https:\/\/www.facebook.com\/mmfssca","article_modified_time":"2024-08-07T19:08:03+00:00","og_image":[{"width":600,"height":600,"url":"https:\/\/safetysourcefire.ca\/wp-content\/uploads\/2020\/04\/auto-with-jack-min.jpg","type":"image\/jpeg"}],"twitter_card":"summary_large_image","twitter_site":"@mmfssca","twitter_misc":{"Estimation du temps de lecture":"2 minutes"},"schema":{"@context":"https:\/\/schema.org","@graph":[{"@type":"WebPage","@id":"https:\/\/safetysourcefire.ca\/product\/auto-x-strut\/","url":"https:\/\/safetysourcefire.ca\/product\/auto-x-strut\/","name":"Auto X-Strut - Source de s\u00e9curit\u00e9 incendie","isPartOf":{"@id":"https:\/\/safetysourcefire.ca\/#website"},"primaryImageOfPage":{"@id":"https:\/\/safetysourcefire.ca\/product\/auto-x-strut\/#primaryimage"},"image":{"@id":"https:\/\/safetysourcefire.ca\/product\/auto-x-strut\/#primaryimage"},"thumbnailUrl":"https:\/\/safetysourcefire.ca\/wp-content\/uploads\/2020\/04\/auto-with-jack-min.jpg","datePublished":"2020-04-22T20:41:15+00:00","dateModified":"2024-08-07T19:08:03+00:00","breadcrumb":{"@id":"https:\/\/safetysourcefire.ca\/product\/auto-x-strut\/#breadcrumb"},"inLanguage":"fr-CA","potentialAction":[{"@type":"ReadAction","target":["https:\/\/safetysourcefire.ca\/product\/auto-x-strut\/"]}]},{"@type":"ImageObject","inLanguage":"fr-CA","@id":"https:\/\/safetysourcefire.ca\/product\/auto-x-strut\/#primaryimage","url":"https:\/\/safetysourcefire.ca\/wp-content\/uploads\/2020\/04\/auto-with-jack-min.jpg","contentUrl":"https:\/\/safetysourcefire.ca\/wp-content\/uploads\/2020\/04\/auto-with-jack-min.jpg","width":600,"height":600,"caption":"auto x-strut with jack"},{"@type":"BreadcrumbList","@id":"https:\/\/safetysourcefire.ca\/product\/auto-x-strut\/#breadcrumb","itemListElement":[{"@type":"ListItem","position":1,"name":"Home","item":"https:\/\/safetysourcefire.ca\/"},{"@type":"ListItem","position":2,"name":"Products","item":"https:\/\/safetysourcefire.ca\/shop\/"},{"@type":"ListItem","position":3,"name":"Auto X-Strut"}]},{"@type":"WebSite","@id":"https:\/\/safetysourcefire.ca\/#website","url":"https:\/\/safetysourcefire.ca\/","name":"Safety Source Fire","description":"","publisher":{"@id":"https:\/\/safetysourcefire.ca\/#organization"},"potentialAction":[{"@type":"SearchAction","target":{"@type":"EntryPoint","urlTemplate":"https:\/\/safetysourcefire.ca\/?s={search_term_string}"},"query-input":{"@type":"PropertyValueSpecification","valueRequired":true,"valueName":"search_term_string"}}],"inLanguage":"fr-CA"},{"@type":"Organization","@id":"https:\/\/safetysourcefire.ca\/#organization","name":"Safety Source Fire","url":"https:\/\/safetysourcefire.ca\/","logo":{"@type":"ImageObject","inLanguage":"fr-CA","@id":"https:\/\/safetysourcefire.ca\/#\/schema\/logo\/image\/","url":"https:\/\/safetysourcefire.ca\/wp-content\/uploads\/2021\/01\/SSF_logo_CC0000-3.png","contentUrl":"https:\/\/safetysourcefire.ca\/wp-content\/uploads\/2021\/01\/SSF_logo_CC0000-3.png","width":1107,"height":365,"caption":"Safety Source Fire"},"image":{"@id":"https:\/\/safetysourcefire.ca\/#\/schema\/logo\/image\/"},"sameAs":["https:\/\/www.facebook.com\/mmfssca","https:\/\/x.com\/mmfssca"]}]}},"_links":{"self":[{"href":"https:\/\/safetysourcefire.ca\/fr\/wp-json\/wp\/v2\/product\/20284","targetHints":{"allow":["GET"]}}],"collection":[{"href":"https:\/\/safetysourcefire.ca\/fr\/wp-json\/wp\/v2\/product"}],"about":[{"href":"https:\/\/safetysourcefire.ca\/fr\/wp-json\/wp\/v2\/types\/product"}],"wp:featuredmedia":[{"embeddable":true,"href":"https:\/\/safetysourcefire.ca\/fr\/wp-json\/wp\/v2\/media\/20274"}],"wp:attachment":[{"href":"https:\/\/safetysourcefire.ca\/fr\/wp-json\/wp\/v2\/media?parent=20284"}],"wp:term":[{"taxonomy":"product_brand","embeddable":true,"href":"https:\/\/safetysourcefire.ca\/fr\/wp-json\/wp\/v2\/product_brand?post=20284"},{"taxonomy":"product_cat","embeddable":true,"href":"https:\/\/safetysourcefire.ca\/fr\/wp-json\/wp\/v2\/product_cat?post=20284"},{"taxonomy":"product_tag","embeddable":true,"href":"https:\/\/safetysourcefire.ca\/fr\/wp-json\/wp\/v2\/product_tag?post=20284"}],"curies":[{"name":"wp","href":"https:\/\/api.w.org\/{rel}","templated":true}]}}