{"id":20352,"date":"2020-03-28T17:22:20","date_gmt":"2020-03-28T17:22:20","guid":{"rendered":"https:\/\/mmfss.ca\/?post_type=product&#038;p=20352"},"modified":"2020-06-29T19:42:35","modified_gmt":"2020-06-29T19:42:35","slug":"isc-d4pro-work-rescue-descender-without-panic-brake","status":"publish","type":"product","link":"https:\/\/safetysourcefire.ca\/fr\/produit\/isc-d4pro-work-rescue-descender-without-panic-brake\/","title":{"rendered":"Descendeur ISC D4PRO sans frein d'urgence"},"content":{"rendered":"<div class=\"woocommerce-product-details__short-description\">De nombreux utilisateurs appr\u00e9cient la tranquillit\u00e9 d'esprit d'avoir une fonction de freinage d'urgence. Toutefois, les commentaires recueillis aupr\u00e8s d'utilisateurs \u00ab\u00a0Pro\u00a0\u00bb hautement qualifi\u00e9s et exp\u00e9riment\u00e9s ont mis en \u00e9vidence une demande pour un appareil qui ne poss\u00e8de PAS cette fonction. D\u00e9couvrez donc le\u00a0<strong>D4PRO<\/strong>! Le m\u00eame Descendeur de Travail\/Sauvetage, mais sans le frein. Un outil comme ceci peut \u00eatre particuli\u00e8rement utile dans les descentes plus longues et dans les applications de sauvetage\/d'assurage. Comme le D4PRO ne poss\u00e8de pas de frein anti-panique, il n'est pas possible que l'appareil r\u00e9ponde pleinement aux crit\u00e8res des normes NFPA et ANSI. Toutefois, le D4PRO est enti\u00e8rement certifi\u00e9 EN 12841 (un frein d'urgence n'est pas un crit\u00e8re obligatoire pour cette norme). Conforme \u00e0 la norme NFPA 1983. REMARQUE\u00a0: comme\u00a0<strong>D4PRO<\/strong>\u00a0ne poss\u00e8de pas de frein d'urgence, il n'est pas possible que l'appareil r\u00e9ponde pleinement aux crit\u00e8res des normes ANSI. Le D4PRO est enti\u00e8rement certifi\u00e9 EN 12841 (un frein d'urgence n'est pas un crit\u00e8re obligatoire pour cette norme). Si vous avez besoin d'un Descendeur enti\u00e8rement conforme aux normes NFPA\/ANSI, veuillez consulter (HD26268R) Descendeur de travail\/sauvetage D4 avec frein d'urgence int\u00e9gr\u00e9.<\/div>\n<div><\/div>\n<div class=\"woocommerce-product-details__short-description\">\n<p><a href=\"https:\/\/pmirope.com\/product\/isc-d4-work-rescue-descender-with-panic-brake\/\">https:\/\/pmirope.com\/product\/isc-d4-work-rescue-descender-with-panic-brake\/<\/a><\/p>\n<p><strong>CARACT\u00c9RISTIQUES:<\/strong><\/p>\n<ul>\n<li>Frein d'urgence: Non<\/li>\n<li>Nombre de personnes : 2<\/li>\n<li>Version conforme ANSI : Non<\/li>\n<li>Poids : 676g (24oz)<\/li>\n<li>Charge nominale\u00a0: 240\u00a0kg (529\u00a0lb)<\/li>\n<li>Gamme de diam\u00e8tre de corde\u00a0: 10,5-11,5\u00a0mm (7\/16\u00a0po)<\/li>\n<li>Mat\u00e9riel principal : aluminium<\/li>\n<li>Finition : Anodis\u00e9<\/li>\n<li>Normes : EN12841<\/li>\n<li>Fabriqu\u00e9 au Pays de Galles<\/li>\n<\/ul>\n<\/div>","protected":false},"excerpt":{"rendered":"<p>Le descendeur D4<sup><sub>MT<\/sub><\/sup>\u00a0est un outil populaire parmi les professionnels de l'acc\u00e8s par corde et  de sauvetage par c\u00e2ble, partout dans le monde.<\/p>","protected":false},"featured_media":20357,"template":"","meta":[],"product_brand":[199],"product_cat":[51,131],"product_tag":[331],"class_list":{"0":"post-20352","1":"product","2":"type-product","3":"status-publish","4":"has-post-thumbnail","6":"product_brand-pmi","7":"product_cat-rescue","8":"product_cat-rope-rescue","9":"product_tag-pmi","11":"first","12":"instock","13":"shipping-taxable","14":"product-type-simple"},"yoast_head":"<!-- This site is optimized with the Yoast SEO plugin v27.4 - https:\/\/yoast.com\/product\/yoast-seo-wordpress\/ -->\n<title>ISC D4PRO Work\/Rescue Descender without Panic Brake - Safety Source Fire<\/title>\n<meta name=\"robots\" content=\"index, follow, max-snippet:-1, max-image-preview:large, max-video-preview:-1\" \/>\n<link rel=\"canonical\" href=\"https:\/\/safetysourcefire.ca\/fr\/produit\/isc-d4pro-work-rescue-descender-without-panic-brake\/\" \/>\n<meta property=\"og:locale\" content=\"fr_CA\" \/>\n<meta property=\"og:type\" content=\"article\" \/>\n<meta property=\"og:title\" content=\"ISC D4PRO Work\/Rescue Descender without Panic Brake - Safety Source Fire\" \/>\n<meta property=\"og:description\" content=\"The standard D4TM\u00a0Work\/Rescue Descender has proven to be a popular Descender among Rope Access &amp; Rescue users, all over the world.\" \/>\n<meta property=\"og:url\" content=\"https:\/\/safetysourcefire.ca\/fr\/produit\/isc-d4pro-work-rescue-descender-without-panic-brake\/\" \/>\n<meta property=\"og:site_name\" content=\"Safety Source Fire\" \/>\n<meta property=\"article:publisher\" content=\"https:\/\/www.facebook.com\/mmfssca\" \/>\n<meta property=\"article:modified_time\" content=\"2020-06-29T19:42:35+00:00\" \/>\n<meta property=\"og:image\" content=\"https:\/\/safetysourcefire.ca\/wp-content\/uploads\/2020\/04\/HD26289-ISC-D4-Pro-Work-Rescue-Descender-without-Panic-Brake.jpg\" \/>\n\t<meta property=\"og:image:width\" content=\"600\" \/>\n\t<meta property=\"og:image:height\" content=\"600\" \/>\n\t<meta property=\"og:image:type\" content=\"image\/jpeg\" \/>\n<meta name=\"twitter:card\" content=\"summary_large_image\" \/>\n<meta name=\"twitter:site\" content=\"@mmfssca\" \/>\n<meta name=\"twitter:label1\" content=\"Estimation du temps de lecture\" \/>\n\t<meta name=\"twitter:data1\" content=\"1 minute\" \/>\n<script type=\"application\/ld+json\" class=\"yoast-schema-graph\">{\"@context\":\"https:\\\/\\\/schema.org\",\"@graph\":[{\"@type\":\"WebPage\",\"@id\":\"https:\\\/\\\/safetysourcefire.ca\\\/product\\\/isc-d4pro-work-rescue-descender-without-panic-brake\\\/\",\"url\":\"https:\\\/\\\/safetysourcefire.ca\\\/product\\\/isc-d4pro-work-rescue-descender-without-panic-brake\\\/\",\"name\":\"ISC D4PRO Work\\\/Rescue Descender without Panic Brake - Safety Source Fire\",\"isPartOf\":{\"@id\":\"https:\\\/\\\/safetysourcefire.ca\\\/#website\"},\"primaryImageOfPage\":{\"@id\":\"https:\\\/\\\/safetysourcefire.ca\\\/product\\\/isc-d4pro-work-rescue-descender-without-panic-brake\\\/#primaryimage\"},\"image\":{\"@id\":\"https:\\\/\\\/safetysourcefire.ca\\\/product\\\/isc-d4pro-work-rescue-descender-without-panic-brake\\\/#primaryimage\"},\"thumbnailUrl\":\"https:\\\/\\\/safetysourcefire.ca\\\/wp-content\\\/uploads\\\/2020\\\/04\\\/HD26289-ISC-D4-Pro-Work-Rescue-Descender-without-Panic-Brake.jpg\",\"datePublished\":\"2020-03-28T17:22:20+00:00\",\"dateModified\":\"2020-06-29T19:42:35+00:00\",\"breadcrumb\":{\"@id\":\"https:\\\/\\\/safetysourcefire.ca\\\/product\\\/isc-d4pro-work-rescue-descender-without-panic-brake\\\/#breadcrumb\"},\"inLanguage\":\"fr-CA\",\"potentialAction\":[{\"@type\":\"ReadAction\",\"target\":[\"https:\\\/\\\/safetysourcefire.ca\\\/product\\\/isc-d4pro-work-rescue-descender-without-panic-brake\\\/\"]}]},{\"@type\":\"ImageObject\",\"inLanguage\":\"fr-CA\",\"@id\":\"https:\\\/\\\/safetysourcefire.ca\\\/product\\\/isc-d4pro-work-rescue-descender-without-panic-brake\\\/#primaryimage\",\"url\":\"https:\\\/\\\/safetysourcefire.ca\\\/wp-content\\\/uploads\\\/2020\\\/04\\\/HD26289-ISC-D4-Pro-Work-Rescue-Descender-without-Panic-Brake.jpg\",\"contentUrl\":\"https:\\\/\\\/safetysourcefire.ca\\\/wp-content\\\/uploads\\\/2020\\\/04\\\/HD26289-ISC-D4-Pro-Work-Rescue-Descender-without-Panic-Brake.jpg\",\"width\":600,\"height\":600,\"caption\":\"descender\"},{\"@type\":\"BreadcrumbList\",\"@id\":\"https:\\\/\\\/safetysourcefire.ca\\\/product\\\/isc-d4pro-work-rescue-descender-without-panic-brake\\\/#breadcrumb\",\"itemListElement\":[{\"@type\":\"ListItem\",\"position\":1,\"name\":\"Home\",\"item\":\"https:\\\/\\\/safetysourcefire.ca\\\/\"},{\"@type\":\"ListItem\",\"position\":2,\"name\":\"Products\",\"item\":\"https:\\\/\\\/safetysourcefire.ca\\\/shop\\\/\"},{\"@type\":\"ListItem\",\"position\":3,\"name\":\"ISC D4PRO Work\\\/Rescue Descender without Panic Brake\"}]},{\"@type\":\"WebSite\",\"@id\":\"https:\\\/\\\/safetysourcefire.ca\\\/#website\",\"url\":\"https:\\\/\\\/safetysourcefire.ca\\\/\",\"name\":\"Safety Source Fire\",\"description\":\"\",\"publisher\":{\"@id\":\"https:\\\/\\\/safetysourcefire.ca\\\/#organization\"},\"potentialAction\":[{\"@type\":\"SearchAction\",\"target\":{\"@type\":\"EntryPoint\",\"urlTemplate\":\"https:\\\/\\\/safetysourcefire.ca\\\/?s={search_term_string}\"},\"query-input\":{\"@type\":\"PropertyValueSpecification\",\"valueRequired\":true,\"valueName\":\"search_term_string\"}}],\"inLanguage\":\"fr-CA\"},{\"@type\":\"Organization\",\"@id\":\"https:\\\/\\\/safetysourcefire.ca\\\/#organization\",\"name\":\"Safety Source Fire\",\"url\":\"https:\\\/\\\/safetysourcefire.ca\\\/\",\"logo\":{\"@type\":\"ImageObject\",\"inLanguage\":\"fr-CA\",\"@id\":\"https:\\\/\\\/safetysourcefire.ca\\\/#\\\/schema\\\/logo\\\/image\\\/\",\"url\":\"https:\\\/\\\/safetysourcefire.ca\\\/wp-content\\\/uploads\\\/2021\\\/01\\\/SSF_logo_CC0000-3.png\",\"contentUrl\":\"https:\\\/\\\/safetysourcefire.ca\\\/wp-content\\\/uploads\\\/2021\\\/01\\\/SSF_logo_CC0000-3.png\",\"width\":1107,\"height\":365,\"caption\":\"Safety Source Fire\"},\"image\":{\"@id\":\"https:\\\/\\\/safetysourcefire.ca\\\/#\\\/schema\\\/logo\\\/image\\\/\"},\"sameAs\":[\"https:\\\/\\\/www.facebook.com\\\/mmfssca\",\"https:\\\/\\\/x.com\\\/mmfssca\"]}]}<\/script>\n<!-- \/ Yoast SEO plugin. -->","yoast_head_json":{"title":"Descendeur de travail\/sauvetage ISC D4PRO sans frein anti-panique - Safety Source Fire","robots":{"index":"index","follow":"follow","max-snippet":"max-snippet:-1","max-image-preview":"max-image-preview:large","max-video-preview":"max-video-preview:-1"},"canonical":"https:\/\/safetysourcefire.ca\/fr\/produit\/isc-d4pro-work-rescue-descender-without-panic-brake\/","og_locale":"fr_CA","og_type":"article","og_title":"ISC D4PRO Work\/Rescue Descender without Panic Brake - Safety Source Fire","og_description":"The standard D4TM\u00a0Work\/Rescue Descender has proven to be a popular Descender among Rope Access &amp; Rescue users, all over the world.","og_url":"https:\/\/safetysourcefire.ca\/fr\/produit\/isc-d4pro-work-rescue-descender-without-panic-brake\/","og_site_name":"Safety Source Fire","article_publisher":"https:\/\/www.facebook.com\/mmfssca","article_modified_time":"2020-06-29T19:42:35+00:00","og_image":[{"width":600,"height":600,"url":"https:\/\/safetysourcefire.ca\/wp-content\/uploads\/2020\/04\/HD26289-ISC-D4-Pro-Work-Rescue-Descender-without-Panic-Brake.jpg","type":"image\/jpeg"}],"twitter_card":"summary_large_image","twitter_site":"@mmfssca","twitter_misc":{"Estimation du temps de lecture":"1 minute"},"schema":{"@context":"https:\/\/schema.org","@graph":[{"@type":"WebPage","@id":"https:\/\/safetysourcefire.ca\/product\/isc-d4pro-work-rescue-descender-without-panic-brake\/","url":"https:\/\/safetysourcefire.ca\/product\/isc-d4pro-work-rescue-descender-without-panic-brake\/","name":"Descendeur de travail\/sauvetage ISC D4PRO sans frein anti-panique - Safety Source Fire","isPartOf":{"@id":"https:\/\/safetysourcefire.ca\/#website"},"primaryImageOfPage":{"@id":"https:\/\/safetysourcefire.ca\/product\/isc-d4pro-work-rescue-descender-without-panic-brake\/#primaryimage"},"image":{"@id":"https:\/\/safetysourcefire.ca\/product\/isc-d4pro-work-rescue-descender-without-panic-brake\/#primaryimage"},"thumbnailUrl":"https:\/\/safetysourcefire.ca\/wp-content\/uploads\/2020\/04\/HD26289-ISC-D4-Pro-Work-Rescue-Descender-without-Panic-Brake.jpg","datePublished":"2020-03-28T17:22:20+00:00","dateModified":"2020-06-29T19:42:35+00:00","breadcrumb":{"@id":"https:\/\/safetysourcefire.ca\/product\/isc-d4pro-work-rescue-descender-without-panic-brake\/#breadcrumb"},"inLanguage":"fr-CA","potentialAction":[{"@type":"ReadAction","target":["https:\/\/safetysourcefire.ca\/product\/isc-d4pro-work-rescue-descender-without-panic-brake\/"]}]},{"@type":"ImageObject","inLanguage":"fr-CA","@id":"https:\/\/safetysourcefire.ca\/product\/isc-d4pro-work-rescue-descender-without-panic-brake\/#primaryimage","url":"https:\/\/safetysourcefire.ca\/wp-content\/uploads\/2020\/04\/HD26289-ISC-D4-Pro-Work-Rescue-Descender-without-Panic-Brake.jpg","contentUrl":"https:\/\/safetysourcefire.ca\/wp-content\/uploads\/2020\/04\/HD26289-ISC-D4-Pro-Work-Rescue-Descender-without-Panic-Brake.jpg","width":600,"height":600,"caption":"descender"},{"@type":"BreadcrumbList","@id":"https:\/\/safetysourcefire.ca\/product\/isc-d4pro-work-rescue-descender-without-panic-brake\/#breadcrumb","itemListElement":[{"@type":"ListItem","position":1,"name":"Home","item":"https:\/\/safetysourcefire.ca\/"},{"@type":"ListItem","position":2,"name":"Products","item":"https:\/\/safetysourcefire.ca\/shop\/"},{"@type":"ListItem","position":3,"name":"ISC D4PRO Work\/Rescue Descender without Panic Brake"}]},{"@type":"WebSite","@id":"https:\/\/safetysourcefire.ca\/#website","url":"https:\/\/safetysourcefire.ca\/","name":"Safety Source Fire","description":"","publisher":{"@id":"https:\/\/safetysourcefire.ca\/#organization"},"potentialAction":[{"@type":"SearchAction","target":{"@type":"EntryPoint","urlTemplate":"https:\/\/safetysourcefire.ca\/?s={search_term_string}"},"query-input":{"@type":"PropertyValueSpecification","valueRequired":true,"valueName":"search_term_string"}}],"inLanguage":"fr-CA"},{"@type":"Organization","@id":"https:\/\/safetysourcefire.ca\/#organization","name":"Safety Source Fire","url":"https:\/\/safetysourcefire.ca\/","logo":{"@type":"ImageObject","inLanguage":"fr-CA","@id":"https:\/\/safetysourcefire.ca\/#\/schema\/logo\/image\/","url":"https:\/\/safetysourcefire.ca\/wp-content\/uploads\/2021\/01\/SSF_logo_CC0000-3.png","contentUrl":"https:\/\/safetysourcefire.ca\/wp-content\/uploads\/2021\/01\/SSF_logo_CC0000-3.png","width":1107,"height":365,"caption":"Safety Source Fire"},"image":{"@id":"https:\/\/safetysourcefire.ca\/#\/schema\/logo\/image\/"},"sameAs":["https:\/\/www.facebook.com\/mmfssca","https:\/\/x.com\/mmfssca"]}]}},"_links":{"self":[{"href":"https:\/\/safetysourcefire.ca\/fr\/wp-json\/wp\/v2\/product\/20352","targetHints":{"allow":["GET"]}}],"collection":[{"href":"https:\/\/safetysourcefire.ca\/fr\/wp-json\/wp\/v2\/product"}],"about":[{"href":"https:\/\/safetysourcefire.ca\/fr\/wp-json\/wp\/v2\/types\/product"}],"wp:featuredmedia":[{"embeddable":true,"href":"https:\/\/safetysourcefire.ca\/fr\/wp-json\/wp\/v2\/media\/20357"}],"wp:attachment":[{"href":"https:\/\/safetysourcefire.ca\/fr\/wp-json\/wp\/v2\/media?parent=20352"}],"wp:term":[{"taxonomy":"product_brand","embeddable":true,"href":"https:\/\/safetysourcefire.ca\/fr\/wp-json\/wp\/v2\/product_brand?post=20352"},{"taxonomy":"product_cat","embeddable":true,"href":"https:\/\/safetysourcefire.ca\/fr\/wp-json\/wp\/v2\/product_cat?post=20352"},{"taxonomy":"product_tag","embeddable":true,"href":"https:\/\/safetysourcefire.ca\/fr\/wp-json\/wp\/v2\/product_tag?post=20352"}],"curies":[{"name":"wp","href":"https:\/\/api.w.org\/{rel}","templated":true}]}}