{"id":20354,"date":"2020-04-22T17:27:55","date_gmt":"2020-04-22T17:27:55","guid":{"rendered":"https:\/\/mmfss.ca\/?post_type=product&#038;p=20354"},"modified":"2020-04-28T17:52:35","modified_gmt":"2020-04-28T17:52:35","slug":"pmi-rope-bag","status":"publish","type":"product","link":"https:\/\/safetysourcefire.ca\/fr\/produit\/pmi-rope-bag\/","title":{"rendered":"Sac \u00e0 corde \u2013 Fabriqu\u00e9 aux \u00c9tats-Unis"},"content":{"rendered":"<p class=\"price\">Gr\u00e0ce aux sangles de sac \u00e0 dos rembourr\u00e9es qui se trouvent sur ce sac, le transport est facile, m\u00eame lorsque le sac est compl\u00e8tement charg\u00e9. Assez large pour se ranger facilement, assez \u00e9troit pour \u00eatre bien transport\u00e9. Fabriqu\u00e9 aux \u00c9tats-Unis.<\/p>\n<div class=\"woocommerce-product-details__short-description\">\n<div class=\"woocommerce-product-details__short-description\">\n<div class=\"memo_separator\">\n<div>Principales caract\u00e9ristiques:<\/div>\n<ul>\n<li>Fond double \u00e9paisseur<\/li>\n<li>Cordura\u00ae enduit \u00e9pais 1000 deniers<\/li>\n<li>Poign\u00e9es arrondies<\/li>\n<li>Poche fen\u00eatre transparente<\/li>\n<li>Coutures doubles<\/li>\n<li>Fermeture \u00e0 cordon<\/li>\n<li>Oeillet de 5\/8\u2033 pouces sur le c\u00f4t\u00e9<\/li>\n<li>Attache<\/li>\n<\/ul>\n<p><strong>Capacit\u00e9s des sacs \u00e0 corde Hudson Classic Professional PMI\u00ae<\/strong><\/p>\n<ul>\n<li>Le petit sac de corde : Peut contenir jusqu'\u00e0 80 m de 10 mm; 70 m de 11 mm ; 46 m de 12,5 mm ; 30 m de corde de 16 mm<\/li>\n<li>Le sac de corde standard: Peut contenir jusqu'\u00e0 120 m de 10 mm; 100 m de 11 mm ; 75 m de 12,5 mm ; 61 m de 16 mm<\/li>\n<li>Le grand sac de corde : Peut contenir jusqu'\u00e0 160 m de 10 mm; 120 m de 11 mm ; 92 m de 12,5 mm ; 75 m de 16 mm<\/li>\n<\/ul>\n<\/div>\n<\/div>\n<\/div>","protected":false},"excerpt":{"rendered":"<p>Ce sac \u00e0 corde PMI\u00ae poss\u00e8de une poche fen\u00eatre transparente pour y placer les documents de la corde ainsi qu'un fond noir \u00e0 double couche.<\/p>","protected":false},"featured_media":20366,"template":"","meta":[],"product_brand":[199],"product_cat":[51,131],"product_tag":[331],"class_list":{"0":"post-20354","1":"product","2":"type-product","3":"status-publish","4":"has-post-thumbnail","6":"product_brand-pmi","7":"product_cat-rescue","8":"product_cat-rope-rescue","9":"product_tag-pmi","11":"first","12":"instock","13":"shipping-taxable","14":"product-type-simple"},"yoast_head":"<!-- This site is optimized with the Yoast SEO plugin v27.4 - https:\/\/yoast.com\/product\/yoast-seo-wordpress\/ -->\n<title>Rope Bag - Made in USA - Safety Source Fire<\/title>\n<meta name=\"robots\" content=\"index, follow, max-snippet:-1, max-image-preview:large, max-video-preview:-1\" \/>\n<link rel=\"canonical\" href=\"https:\/\/safetysourcefire.ca\/fr\/produit\/pmi-rope-bag\/\" \/>\n<meta property=\"og:locale\" content=\"fr_CA\" \/>\n<meta property=\"og:type\" content=\"article\" \/>\n<meta property=\"og:title\" content=\"Rope Bag - Made in USA - Safety Source Fire\" \/>\n<meta property=\"og:description\" content=\"The PMI\u00ae Rope Bag has a clear pocket window for rope history card and double layer black bottom.\" \/>\n<meta property=\"og:url\" content=\"https:\/\/safetysourcefire.ca\/fr\/produit\/pmi-rope-bag\/\" \/>\n<meta property=\"og:site_name\" content=\"Safety Source Fire\" \/>\n<meta property=\"article:publisher\" content=\"https:\/\/www.facebook.com\/mmfssca\" \/>\n<meta property=\"article:modified_time\" content=\"2020-04-28T17:52:35+00:00\" \/>\n<meta property=\"og:image\" content=\"https:\/\/safetysourcefire.ca\/wp-content\/uploads\/2020\/04\/RB44027U-PMI-Rope-Bag-Orange-Large-Made-in-USA-600x600-1.jpg\" \/>\n\t<meta property=\"og:image:width\" content=\"600\" \/>\n\t<meta property=\"og:image:height\" content=\"600\" \/>\n\t<meta property=\"og:image:type\" content=\"image\/jpeg\" \/>\n<meta name=\"twitter:card\" content=\"summary_large_image\" \/>\n<meta name=\"twitter:site\" content=\"@mmfssca\" \/>\n<meta name=\"twitter:label1\" content=\"Estimation du temps de lecture\" \/>\n\t<meta name=\"twitter:data1\" content=\"1 minute\" \/>\n<script type=\"application\/ld+json\" class=\"yoast-schema-graph\">{\"@context\":\"https:\\\/\\\/schema.org\",\"@graph\":[{\"@type\":\"WebPage\",\"@id\":\"https:\\\/\\\/safetysourcefire.ca\\\/product\\\/pmi-rope-bag\\\/\",\"url\":\"https:\\\/\\\/safetysourcefire.ca\\\/product\\\/pmi-rope-bag\\\/\",\"name\":\"Rope Bag - Made in USA - Safety Source Fire\",\"isPartOf\":{\"@id\":\"https:\\\/\\\/safetysourcefire.ca\\\/#website\"},\"primaryImageOfPage\":{\"@id\":\"https:\\\/\\\/safetysourcefire.ca\\\/product\\\/pmi-rope-bag\\\/#primaryimage\"},\"image\":{\"@id\":\"https:\\\/\\\/safetysourcefire.ca\\\/product\\\/pmi-rope-bag\\\/#primaryimage\"},\"thumbnailUrl\":\"https:\\\/\\\/safetysourcefire.ca\\\/wp-content\\\/uploads\\\/2020\\\/04\\\/RB44027U-PMI-Rope-Bag-Orange-Large-Made-in-USA-600x600-1.jpg\",\"datePublished\":\"2020-04-22T17:27:55+00:00\",\"dateModified\":\"2020-04-28T17:52:35+00:00\",\"breadcrumb\":{\"@id\":\"https:\\\/\\\/safetysourcefire.ca\\\/product\\\/pmi-rope-bag\\\/#breadcrumb\"},\"inLanguage\":\"fr-CA\",\"potentialAction\":[{\"@type\":\"ReadAction\",\"target\":[\"https:\\\/\\\/safetysourcefire.ca\\\/product\\\/pmi-rope-bag\\\/\"]}]},{\"@type\":\"ImageObject\",\"inLanguage\":\"fr-CA\",\"@id\":\"https:\\\/\\\/safetysourcefire.ca\\\/product\\\/pmi-rope-bag\\\/#primaryimage\",\"url\":\"https:\\\/\\\/safetysourcefire.ca\\\/wp-content\\\/uploads\\\/2020\\\/04\\\/RB44027U-PMI-Rope-Bag-Orange-Large-Made-in-USA-600x600-1.jpg\",\"contentUrl\":\"https:\\\/\\\/safetysourcefire.ca\\\/wp-content\\\/uploads\\\/2020\\\/04\\\/RB44027U-PMI-Rope-Bag-Orange-Large-Made-in-USA-600x600-1.jpg\",\"width\":600,\"height\":600,\"caption\":\"red rope bag\"},{\"@type\":\"BreadcrumbList\",\"@id\":\"https:\\\/\\\/safetysourcefire.ca\\\/product\\\/pmi-rope-bag\\\/#breadcrumb\",\"itemListElement\":[{\"@type\":\"ListItem\",\"position\":1,\"name\":\"Home\",\"item\":\"https:\\\/\\\/safetysourcefire.ca\\\/\"},{\"@type\":\"ListItem\",\"position\":2,\"name\":\"Products\",\"item\":\"https:\\\/\\\/safetysourcefire.ca\\\/shop\\\/\"},{\"@type\":\"ListItem\",\"position\":3,\"name\":\"Rope Bag &#8211; Made in USA\"}]},{\"@type\":\"WebSite\",\"@id\":\"https:\\\/\\\/safetysourcefire.ca\\\/#website\",\"url\":\"https:\\\/\\\/safetysourcefire.ca\\\/\",\"name\":\"Safety Source Fire\",\"description\":\"\",\"publisher\":{\"@id\":\"https:\\\/\\\/safetysourcefire.ca\\\/#organization\"},\"potentialAction\":[{\"@type\":\"SearchAction\",\"target\":{\"@type\":\"EntryPoint\",\"urlTemplate\":\"https:\\\/\\\/safetysourcefire.ca\\\/?s={search_term_string}\"},\"query-input\":{\"@type\":\"PropertyValueSpecification\",\"valueRequired\":true,\"valueName\":\"search_term_string\"}}],\"inLanguage\":\"fr-CA\"},{\"@type\":\"Organization\",\"@id\":\"https:\\\/\\\/safetysourcefire.ca\\\/#organization\",\"name\":\"Safety Source Fire\",\"url\":\"https:\\\/\\\/safetysourcefire.ca\\\/\",\"logo\":{\"@type\":\"ImageObject\",\"inLanguage\":\"fr-CA\",\"@id\":\"https:\\\/\\\/safetysourcefire.ca\\\/#\\\/schema\\\/logo\\\/image\\\/\",\"url\":\"https:\\\/\\\/safetysourcefire.ca\\\/wp-content\\\/uploads\\\/2021\\\/01\\\/SSF_logo_CC0000-3.png\",\"contentUrl\":\"https:\\\/\\\/safetysourcefire.ca\\\/wp-content\\\/uploads\\\/2021\\\/01\\\/SSF_logo_CC0000-3.png\",\"width\":1107,\"height\":365,\"caption\":\"Safety Source Fire\"},\"image\":{\"@id\":\"https:\\\/\\\/safetysourcefire.ca\\\/#\\\/schema\\\/logo\\\/image\\\/\"},\"sameAs\":[\"https:\\\/\\\/www.facebook.com\\\/mmfssca\",\"https:\\\/\\\/x.com\\\/mmfssca\"]}]}<\/script>\n<!-- \/ Yoast SEO plugin. -->","yoast_head_json":{"title":"Sac \u00e0 corde - Fabriqu\u00e9 aux \u00c9tats-Unis - Safety Source Fire","robots":{"index":"index","follow":"follow","max-snippet":"max-snippet:-1","max-image-preview":"max-image-preview:large","max-video-preview":"max-video-preview:-1"},"canonical":"https:\/\/safetysourcefire.ca\/fr\/produit\/pmi-rope-bag\/","og_locale":"fr_CA","og_type":"article","og_title":"Rope Bag - Made in USA - Safety Source Fire","og_description":"The PMI\u00ae Rope Bag has a clear pocket window for rope history card and double layer black bottom.","og_url":"https:\/\/safetysourcefire.ca\/fr\/produit\/pmi-rope-bag\/","og_site_name":"Safety Source Fire","article_publisher":"https:\/\/www.facebook.com\/mmfssca","article_modified_time":"2020-04-28T17:52:35+00:00","og_image":[{"width":600,"height":600,"url":"https:\/\/safetysourcefire.ca\/wp-content\/uploads\/2020\/04\/RB44027U-PMI-Rope-Bag-Orange-Large-Made-in-USA-600x600-1.jpg","type":"image\/jpeg"}],"twitter_card":"summary_large_image","twitter_site":"@mmfssca","twitter_misc":{"Estimation du temps de lecture":"1 minute"},"schema":{"@context":"https:\/\/schema.org","@graph":[{"@type":"WebPage","@id":"https:\/\/safetysourcefire.ca\/product\/pmi-rope-bag\/","url":"https:\/\/safetysourcefire.ca\/product\/pmi-rope-bag\/","name":"Sac \u00e0 corde - Fabriqu\u00e9 aux \u00c9tats-Unis - Safety Source Fire","isPartOf":{"@id":"https:\/\/safetysourcefire.ca\/#website"},"primaryImageOfPage":{"@id":"https:\/\/safetysourcefire.ca\/product\/pmi-rope-bag\/#primaryimage"},"image":{"@id":"https:\/\/safetysourcefire.ca\/product\/pmi-rope-bag\/#primaryimage"},"thumbnailUrl":"https:\/\/safetysourcefire.ca\/wp-content\/uploads\/2020\/04\/RB44027U-PMI-Rope-Bag-Orange-Large-Made-in-USA-600x600-1.jpg","datePublished":"2020-04-22T17:27:55+00:00","dateModified":"2020-04-28T17:52:35+00:00","breadcrumb":{"@id":"https:\/\/safetysourcefire.ca\/product\/pmi-rope-bag\/#breadcrumb"},"inLanguage":"fr-CA","potentialAction":[{"@type":"ReadAction","target":["https:\/\/safetysourcefire.ca\/product\/pmi-rope-bag\/"]}]},{"@type":"ImageObject","inLanguage":"fr-CA","@id":"https:\/\/safetysourcefire.ca\/product\/pmi-rope-bag\/#primaryimage","url":"https:\/\/safetysourcefire.ca\/wp-content\/uploads\/2020\/04\/RB44027U-PMI-Rope-Bag-Orange-Large-Made-in-USA-600x600-1.jpg","contentUrl":"https:\/\/safetysourcefire.ca\/wp-content\/uploads\/2020\/04\/RB44027U-PMI-Rope-Bag-Orange-Large-Made-in-USA-600x600-1.jpg","width":600,"height":600,"caption":"red rope bag"},{"@type":"BreadcrumbList","@id":"https:\/\/safetysourcefire.ca\/product\/pmi-rope-bag\/#breadcrumb","itemListElement":[{"@type":"ListItem","position":1,"name":"Home","item":"https:\/\/safetysourcefire.ca\/"},{"@type":"ListItem","position":2,"name":"Products","item":"https:\/\/safetysourcefire.ca\/shop\/"},{"@type":"ListItem","position":3,"name":"Rope Bag &#8211; Made in USA"}]},{"@type":"WebSite","@id":"https:\/\/safetysourcefire.ca\/#website","url":"https:\/\/safetysourcefire.ca\/","name":"Safety Source Fire","description":"","publisher":{"@id":"https:\/\/safetysourcefire.ca\/#organization"},"potentialAction":[{"@type":"SearchAction","target":{"@type":"EntryPoint","urlTemplate":"https:\/\/safetysourcefire.ca\/?s={search_term_string}"},"query-input":{"@type":"PropertyValueSpecification","valueRequired":true,"valueName":"search_term_string"}}],"inLanguage":"fr-CA"},{"@type":"Organization","@id":"https:\/\/safetysourcefire.ca\/#organization","name":"Safety Source Fire","url":"https:\/\/safetysourcefire.ca\/","logo":{"@type":"ImageObject","inLanguage":"fr-CA","@id":"https:\/\/safetysourcefire.ca\/#\/schema\/logo\/image\/","url":"https:\/\/safetysourcefire.ca\/wp-content\/uploads\/2021\/01\/SSF_logo_CC0000-3.png","contentUrl":"https:\/\/safetysourcefire.ca\/wp-content\/uploads\/2021\/01\/SSF_logo_CC0000-3.png","width":1107,"height":365,"caption":"Safety Source Fire"},"image":{"@id":"https:\/\/safetysourcefire.ca\/#\/schema\/logo\/image\/"},"sameAs":["https:\/\/www.facebook.com\/mmfssca","https:\/\/x.com\/mmfssca"]}]}},"_links":{"self":[{"href":"https:\/\/safetysourcefire.ca\/fr\/wp-json\/wp\/v2\/product\/20354","targetHints":{"allow":["GET"]}}],"collection":[{"href":"https:\/\/safetysourcefire.ca\/fr\/wp-json\/wp\/v2\/product"}],"about":[{"href":"https:\/\/safetysourcefire.ca\/fr\/wp-json\/wp\/v2\/types\/product"}],"wp:featuredmedia":[{"embeddable":true,"href":"https:\/\/safetysourcefire.ca\/fr\/wp-json\/wp\/v2\/media\/20366"}],"wp:attachment":[{"href":"https:\/\/safetysourcefire.ca\/fr\/wp-json\/wp\/v2\/media?parent=20354"}],"wp:term":[{"taxonomy":"product_brand","embeddable":true,"href":"https:\/\/safetysourcefire.ca\/fr\/wp-json\/wp\/v2\/product_brand?post=20354"},{"taxonomy":"product_cat","embeddable":true,"href":"https:\/\/safetysourcefire.ca\/fr\/wp-json\/wp\/v2\/product_cat?post=20354"},{"taxonomy":"product_tag","embeddable":true,"href":"https:\/\/safetysourcefire.ca\/fr\/wp-json\/wp\/v2\/product_tag?post=20354"}],"curies":[{"name":"wp","href":"https:\/\/api.w.org\/{rel}","templated":true}]}}