{"id":20369,"date":"2020-07-09T17:59:31","date_gmt":"2020-07-09T17:59:31","guid":{"rendered":"https:\/\/mmfss.ca\/?post_type=product&#038;p=20369"},"modified":"2021-04-09T15:55:59","modified_gmt":"2021-04-09T15:55:59","slug":"paws-antimicrobial-hand-towelettes","status":"publish","type":"product","link":"https:\/\/safetysourcefire.ca\/fr\/produit\/paws-antimicrobial-hand-towelettes\/","title":{"rendered":"Lingettes \u00e0 main antimicrobiennes"},"content":{"rendered":"<p>Description du produit<\/p>\n<ul>\n<li>Id\u00e9ales pour la d\u00e9sinfection des mains lorsque le savon et l'eau ne sont pas disponibles<\/li>\n<li>Efficacit\u00e9 antimicrobienne rapide pour mains et poignets<\/li>\n<li>Formul\u00e9 avec PCMX et alcool SD pour tuer les germes au contact<\/li>\n<li>\u00c9limine la mati\u00e8re organique, les r\u00e9sidus et les micro-organismes transitoires<\/li>\n<li>Aide \u00e0 contr\u00f4ler la contamination crois\u00e9e<\/li>\n<li>Contient de l&#039;aloe vera pour laisser la peau douce et non irrit\u00e9e<\/li>\n<li>Chaque lingette emball\u00e9e individuellement mesure : 13,3 x 20,8 cm (5-1\/4\u2033 x 8-3\/16\u2033)<\/li>\n<li>100 unit\u00e9s par bo\u00eete<\/li>\n<\/ul>","protected":false},"excerpt":{"rendered":"<p>Efficacit\u00e9 antimicrobienne rapide pour mains et poignets<\/p>","protected":false},"featured_media":20372,"template":"","meta":[],"product_brand":[459],"product_cat":[119,49],"product_tag":[460,461],"class_list":{"0":"post-20369","1":"product","2":"type-product","3":"status-publish","4":"has-post-thumbnail","6":"product_brand-safecross","7":"product_cat-first-aid","8":"product_cat-medical","9":"product_tag-safecross","10":"product_tag-wipes","12":"first","13":"instock","14":"shipping-taxable","15":"product-type-simple"},"yoast_head":"<!-- This site is optimized with the Yoast SEO plugin v27.5 - https:\/\/yoast.com\/product\/yoast-seo-wordpress\/ -->\n<title>Paws Antimicrobial Hand Towelettes - Safety Source Fire<\/title>\n<meta name=\"robots\" content=\"index, follow, max-snippet:-1, max-image-preview:large, max-video-preview:-1\" \/>\n<link rel=\"canonical\" href=\"https:\/\/safetysourcefire.ca\/fr\/?product=paws-antimicrobial-hand-towelettes\" \/>\n<meta property=\"og:locale\" content=\"fr_CA\" \/>\n<meta property=\"og:type\" content=\"article\" \/>\n<meta property=\"og:title\" content=\"Paws Antimicrobial Hand Towelettes - Safety Source Fire\" \/>\n<meta property=\"og:description\" content=\"Provides broad spectrum, fast antimicrobial effectiveness for hands and wrists\" \/>\n<meta property=\"og:url\" content=\"https:\/\/safetysourcefire.ca\/fr\/?product=paws-antimicrobial-hand-towelettes\" \/>\n<meta property=\"og:site_name\" content=\"Safety Source Fire\" \/>\n<meta property=\"article:publisher\" content=\"https:\/\/www.facebook.com\/mmfssca\" \/>\n<meta property=\"article:modified_time\" content=\"2021-04-09T15:55:59+00:00\" \/>\n<meta property=\"og:image\" content=\"https:\/\/safetysourcefire.ca\/wp-content\/uploads\/2020\/04\/14372e_600x600.jpg\" \/>\n\t<meta property=\"og:image:width\" content=\"600\" \/>\n\t<meta property=\"og:image:height\" content=\"600\" \/>\n\t<meta property=\"og:image:type\" content=\"image\/jpeg\" \/>\n<meta name=\"twitter:card\" content=\"summary_large_image\" \/>\n<meta name=\"twitter:site\" content=\"@mmfssca\" \/>\n<script type=\"application\/ld+json\" class=\"yoast-schema-graph\">{\"@context\":\"https:\\\/\\\/schema.org\",\"@graph\":[{\"@type\":\"WebPage\",\"@id\":\"https:\\\/\\\/safetysourcefire.ca\\\/?product=paws-antimicrobial-hand-towelettes\",\"url\":\"https:\\\/\\\/safetysourcefire.ca\\\/?product=paws-antimicrobial-hand-towelettes\",\"name\":\"Paws Antimicrobial Hand Towelettes - Safety Source Fire\",\"isPartOf\":{\"@id\":\"https:\\\/\\\/safetysourcefire.ca\\\/#website\"},\"primaryImageOfPage\":{\"@id\":\"https:\\\/\\\/safetysourcefire.ca\\\/?product=paws-antimicrobial-hand-towelettes#primaryimage\"},\"image\":{\"@id\":\"https:\\\/\\\/safetysourcefire.ca\\\/?product=paws-antimicrobial-hand-towelettes#primaryimage\"},\"thumbnailUrl\":\"https:\\\/\\\/safetysourcefire.ca\\\/wp-content\\\/uploads\\\/2020\\\/04\\\/14372e_600x600.jpg\",\"datePublished\":\"2020-07-09T17:59:31+00:00\",\"dateModified\":\"2021-04-09T15:55:59+00:00\",\"breadcrumb\":{\"@id\":\"https:\\\/\\\/safetysourcefire.ca\\\/?product=paws-antimicrobial-hand-towelettes#breadcrumb\"},\"inLanguage\":\"fr-CA\",\"potentialAction\":[{\"@type\":\"ReadAction\",\"target\":[\"https:\\\/\\\/safetysourcefire.ca\\\/?product=paws-antimicrobial-hand-towelettes\"]}]},{\"@type\":\"ImageObject\",\"inLanguage\":\"fr-CA\",\"@id\":\"https:\\\/\\\/safetysourcefire.ca\\\/?product=paws-antimicrobial-hand-towelettes#primaryimage\",\"url\":\"https:\\\/\\\/safetysourcefire.ca\\\/wp-content\\\/uploads\\\/2020\\\/04\\\/14372e_600x600.jpg\",\"contentUrl\":\"https:\\\/\\\/safetysourcefire.ca\\\/wp-content\\\/uploads\\\/2020\\\/04\\\/14372e_600x600.jpg\",\"width\":600,\"height\":600,\"caption\":\"wipes\"},{\"@type\":\"BreadcrumbList\",\"@id\":\"https:\\\/\\\/safetysourcefire.ca\\\/?product=paws-antimicrobial-hand-towelettes#breadcrumb\",\"itemListElement\":[{\"@type\":\"ListItem\",\"position\":1,\"name\":\"Home\",\"item\":\"https:\\\/\\\/safetysourcefire.ca\\\/\"},{\"@type\":\"ListItem\",\"position\":2,\"name\":\"Products\",\"item\":\"https:\\\/\\\/safetysourcefire.ca\\\/shop\\\/\"},{\"@type\":\"ListItem\",\"position\":3,\"name\":\"Paws Antimicrobial Hand Towelettes\"}]},{\"@type\":\"WebSite\",\"@id\":\"https:\\\/\\\/safetysourcefire.ca\\\/#website\",\"url\":\"https:\\\/\\\/safetysourcefire.ca\\\/\",\"name\":\"Safety Source Fire\",\"description\":\"\",\"publisher\":{\"@id\":\"https:\\\/\\\/safetysourcefire.ca\\\/#organization\"},\"potentialAction\":[{\"@type\":\"SearchAction\",\"target\":{\"@type\":\"EntryPoint\",\"urlTemplate\":\"https:\\\/\\\/safetysourcefire.ca\\\/?s={search_term_string}\"},\"query-input\":{\"@type\":\"PropertyValueSpecification\",\"valueRequired\":true,\"valueName\":\"search_term_string\"}}],\"inLanguage\":\"fr-CA\"},{\"@type\":\"Organization\",\"@id\":\"https:\\\/\\\/safetysourcefire.ca\\\/#organization\",\"name\":\"Safety Source Fire\",\"url\":\"https:\\\/\\\/safetysourcefire.ca\\\/\",\"logo\":{\"@type\":\"ImageObject\",\"inLanguage\":\"fr-CA\",\"@id\":\"https:\\\/\\\/safetysourcefire.ca\\\/#\\\/schema\\\/logo\\\/image\\\/\",\"url\":\"https:\\\/\\\/safetysourcefire.ca\\\/wp-content\\\/uploads\\\/2021\\\/01\\\/SSF_logo_CC0000-3.png\",\"contentUrl\":\"https:\\\/\\\/safetysourcefire.ca\\\/wp-content\\\/uploads\\\/2021\\\/01\\\/SSF_logo_CC0000-3.png\",\"width\":1107,\"height\":365,\"caption\":\"Safety Source Fire\"},\"image\":{\"@id\":\"https:\\\/\\\/safetysourcefire.ca\\\/#\\\/schema\\\/logo\\\/image\\\/\"},\"sameAs\":[\"https:\\\/\\\/www.facebook.com\\\/mmfssca\",\"https:\\\/\\\/x.com\\\/mmfssca\"]}]}<\/script>\n<!-- \/ Yoast SEO plugin. -->","yoast_head_json":{"title":"Lingettes antimicrobiennes pour les mains Paws - Safety Source Fire","robots":{"index":"index","follow":"follow","max-snippet":"max-snippet:-1","max-image-preview":"max-image-preview:large","max-video-preview":"max-video-preview:-1"},"canonical":"https:\/\/safetysourcefire.ca\/fr\/?product=paws-antimicrobial-hand-towelettes","og_locale":"fr_CA","og_type":"article","og_title":"Paws Antimicrobial Hand Towelettes - Safety Source Fire","og_description":"Provides broad spectrum, fast antimicrobial effectiveness for hands and wrists","og_url":"https:\/\/safetysourcefire.ca\/fr\/?product=paws-antimicrobial-hand-towelettes","og_site_name":"Safety Source Fire","article_publisher":"https:\/\/www.facebook.com\/mmfssca","article_modified_time":"2021-04-09T15:55:59+00:00","og_image":[{"width":600,"height":600,"url":"https:\/\/safetysourcefire.ca\/wp-content\/uploads\/2020\/04\/14372e_600x600.jpg","type":"image\/jpeg"}],"twitter_card":"summary_large_image","twitter_site":"@mmfssca","schema":{"@context":"https:\/\/schema.org","@graph":[{"@type":"WebPage","@id":"https:\/\/safetysourcefire.ca\/?product=paws-antimicrobial-hand-towelettes","url":"https:\/\/safetysourcefire.ca\/?product=paws-antimicrobial-hand-towelettes","name":"Lingettes antimicrobiennes pour les mains Paws - Safety Source Fire","isPartOf":{"@id":"https:\/\/safetysourcefire.ca\/#website"},"primaryImageOfPage":{"@id":"https:\/\/safetysourcefire.ca\/?product=paws-antimicrobial-hand-towelettes#primaryimage"},"image":{"@id":"https:\/\/safetysourcefire.ca\/?product=paws-antimicrobial-hand-towelettes#primaryimage"},"thumbnailUrl":"https:\/\/safetysourcefire.ca\/wp-content\/uploads\/2020\/04\/14372e_600x600.jpg","datePublished":"2020-07-09T17:59:31+00:00","dateModified":"2021-04-09T15:55:59+00:00","breadcrumb":{"@id":"https:\/\/safetysourcefire.ca\/?product=paws-antimicrobial-hand-towelettes#breadcrumb"},"inLanguage":"fr-CA","potentialAction":[{"@type":"ReadAction","target":["https:\/\/safetysourcefire.ca\/?product=paws-antimicrobial-hand-towelettes"]}]},{"@type":"ImageObject","inLanguage":"fr-CA","@id":"https:\/\/safetysourcefire.ca\/?product=paws-antimicrobial-hand-towelettes#primaryimage","url":"https:\/\/safetysourcefire.ca\/wp-content\/uploads\/2020\/04\/14372e_600x600.jpg","contentUrl":"https:\/\/safetysourcefire.ca\/wp-content\/uploads\/2020\/04\/14372e_600x600.jpg","width":600,"height":600,"caption":"wipes"},{"@type":"BreadcrumbList","@id":"https:\/\/safetysourcefire.ca\/?product=paws-antimicrobial-hand-towelettes#breadcrumb","itemListElement":[{"@type":"ListItem","position":1,"name":"Home","item":"https:\/\/safetysourcefire.ca\/"},{"@type":"ListItem","position":2,"name":"Products","item":"https:\/\/safetysourcefire.ca\/shop\/"},{"@type":"ListItem","position":3,"name":"Paws Antimicrobial Hand Towelettes"}]},{"@type":"WebSite","@id":"https:\/\/safetysourcefire.ca\/#website","url":"https:\/\/safetysourcefire.ca\/","name":"Safety Source Fire","description":"","publisher":{"@id":"https:\/\/safetysourcefire.ca\/#organization"},"potentialAction":[{"@type":"SearchAction","target":{"@type":"EntryPoint","urlTemplate":"https:\/\/safetysourcefire.ca\/?s={search_term_string}"},"query-input":{"@type":"PropertyValueSpecification","valueRequired":true,"valueName":"search_term_string"}}],"inLanguage":"fr-CA"},{"@type":"Organization","@id":"https:\/\/safetysourcefire.ca\/#organization","name":"Safety Source Fire","url":"https:\/\/safetysourcefire.ca\/","logo":{"@type":"ImageObject","inLanguage":"fr-CA","@id":"https:\/\/safetysourcefire.ca\/#\/schema\/logo\/image\/","url":"https:\/\/safetysourcefire.ca\/wp-content\/uploads\/2021\/01\/SSF_logo_CC0000-3.png","contentUrl":"https:\/\/safetysourcefire.ca\/wp-content\/uploads\/2021\/01\/SSF_logo_CC0000-3.png","width":1107,"height":365,"caption":"Safety Source Fire"},"image":{"@id":"https:\/\/safetysourcefire.ca\/#\/schema\/logo\/image\/"},"sameAs":["https:\/\/www.facebook.com\/mmfssca","https:\/\/x.com\/mmfssca"]}]}},"_links":{"self":[{"href":"https:\/\/safetysourcefire.ca\/fr\/wp-json\/wp\/v2\/product\/20369","targetHints":{"allow":["GET"]}}],"collection":[{"href":"https:\/\/safetysourcefire.ca\/fr\/wp-json\/wp\/v2\/product"}],"about":[{"href":"https:\/\/safetysourcefire.ca\/fr\/wp-json\/wp\/v2\/types\/product"}],"wp:featuredmedia":[{"embeddable":true,"href":"https:\/\/safetysourcefire.ca\/fr\/wp-json\/wp\/v2\/media\/20372"}],"wp:attachment":[{"href":"https:\/\/safetysourcefire.ca\/fr\/wp-json\/wp\/v2\/media?parent=20369"}],"wp:term":[{"taxonomy":"product_brand","embeddable":true,"href":"https:\/\/safetysourcefire.ca\/fr\/wp-json\/wp\/v2\/product_brand?post=20369"},{"taxonomy":"product_cat","embeddable":true,"href":"https:\/\/safetysourcefire.ca\/fr\/wp-json\/wp\/v2\/product_cat?post=20369"},{"taxonomy":"product_tag","embeddable":true,"href":"https:\/\/safetysourcefire.ca\/fr\/wp-json\/wp\/v2\/product_tag?post=20369"}],"curies":[{"name":"wp","href":"https:\/\/api.w.org\/{rel}","templated":true}]}}