{"id":20373,"date":"2020-06-28T18:09:38","date_gmt":"2020-06-28T18:09:38","guid":{"rendered":"https:\/\/mmfss.ca\/?post_type=product&#038;p=20373"},"modified":"2021-04-09T15:57:21","modified_gmt":"2021-04-09T15:57:21","slug":"respirator-cleaning-wipe-504-alcohol-free-1-pack","status":"publish","type":"product","link":"https:\/\/safetysourcefire.ca\/fr\/produit\/respirator-cleaning-wipe-504-alcohol-free-1-pack\/","title":{"rendered":"Lingettes nettoyantes pour respirateur 504- sans alcool"},"content":{"rendered":"<div class=\"MMM--tabSection js--firstTab clearfix\" data-content=\"N1008A\">\n<div class=\"SNAPS--tabRow clearfix\">\n<div class=\"MMM--contentPadded MMM--accordionPanel\">\n<div class=\"SNAPS--PictogramHeight\">\n<div class=\"mrktgContentBlock\">\n<ul class=\"MMM--pdpList SNAPS--bullets js--bnftsPdPList\">\n<li>Les lingettes humides nettoient la salet\u00e9 et la transpiration pr\u00e9sents dans les masques respiratoires. Sans alcool ni produits chimiques agressifs.<\/li>\n<li>Emball\u00e9 et sell\u00e9 individuellement pour garantir une qualit\u00e9 sanitaire sans compromis.<\/li>\n<li>Jetable \/ \u00e0 usage unique pour plus de commodit\u00e9 et pour \u00e9viter la propagation des germes.<\/li>\n<li>Pratique pour l'hygi\u00e8ne des respirateurs et la protection sanitaire entre les utilisations.<\/li>\n<\/ul>\n<\/div>\n<\/div>\n<\/div>\n<\/div>\n<\/div>\n<div class=\"MMM--tabSection clearfix 2\" data-content=\"N100E3\">\n<div class=\"tabContentContainer MMM--contentToggle-target MMM--isActive\">\n<div class=\"MMM--contentPadded MMM--accordionPanel\">\n<div class=\"MMM--grids\">\n<div class=\"MMM--grids-col MMM--grids-col_pdpMain\">\n<p class=\"SNAPS--pdpTabDes\">Ces lingettes de 8 po x 10 po (20,32 cm x 25,40 cm) sont emball\u00e9es individuellement. Elle ne contiennent pas d'alcool et n'endommageront pas les mat\u00e9riaux du masque. 500 unit\u00e9s par bo\u00eete.<\/p>\n<p class=\"SNAPS--pdpTabDes\">La lingette de nettoyage de respirateur 3M\u2122 504 nettoie et rafra\u00eechit les respirateurs r\u00e9utilisables \u00e0 masque 3M\u2122, en \u00e9liminant la salet\u00e9 et la transpiration. Chaque lingette jetable est scell\u00e9e dans son propre emballage protecteur pour une fra\u00eecheur et une humidit\u00e9 maximales. Les lingettes nettoient facilement les peluches et la salet\u00e9 l\u00e9g\u00e8re. Exempt d'alcool et d'autres produits chimiques qui peuvent endommager ou d\u00e9grader le respirateur.<\/p>\n<ul class=\"MMM--pdpList SNAPS--bullets\">\n<li>Les lingettes humides nettoient la salet\u00e9 et la transpiration pr\u00e9sents dans les masques respiratoires. Sans alcool ni produits chimiques agressifs.<\/li>\n<li>Emball\u00e9 et sell\u00e9 individuellement pour garantir une qualit\u00e9 sanitaire sans compromis.<\/li>\n<li>Jetable \/ \u00e0 usage unique pour plus de commodit\u00e9 et pour \u00e9viter la propagation des germes.<\/li>\n<li>Pratique pour l'hygi\u00e8ne des respirateurs et la protection sanitaire entre les utilisations.<\/li>\n<\/ul>\n<h4 class=\"MMM--hdg MMM--pdpTabVr SNAPS--pdpTabVr\">Autres applications possibles:<\/h4>\n<ul class=\"MMM--pdpList SNAPS--bullets\">\n<li>Nettoyage de la peinture ou des traces m\u00e9caniques<\/li>\n<\/ul>\n<\/div>\n<\/div>\n<\/div>\n<\/div>\n<\/div>\n<div class=\"MMM--tabSection clearfix 2\" data-content=\"N10110\">\n<div class=\"MMM--hdg MMM--hdg_2 SNAPS--hdg_2 MMM--tabHeader\">Caract\u00e9ristiques<\/div>\n<div class=\"tabContentContainer MMM--contentToggle-target MMM--isActive\">\n<div class=\"productSpecs\">\n<table class=\"MMM--dat MMM--pdpTabVr SNAPS--SpecTbl-Mt15\">\n<tbody>\n<tr class=\"MMM--dat-row\">\n<td>\n<div class=\"MMM--dat-cell SNAPS-specAdjust\"><span class=\"MMM--txt_bold\">Accessoires<\/span><\/div>\n<\/td>\n<td>\n<div class=\"MMM--dat-cell dat-cell_specDefinition SNAPS-specAdjust SNAPS--SpecTbl-RowCols SNAPS--SpecTbl-Overflow\"><span class=\"MMM--txt_bold\">Non<\/span><\/div>\n<\/td>\n<\/tr>\n<tr class=\"MMM--dat-row\">\n<td>\n<div class=\"MMM--dat-cell SNAPS-specAdjust\"><span class=\"MMM--txt_bold\">Marque<\/span><\/div>\n<\/td>\n<td>\n<div class=\"MMM--dat-cell dat-cell_specDefinition SNAPS-specAdjust SNAPS--SpecTbl-RowCols SNAPS--SpecTbl-Overflow\"><span class=\"MMM--txt_bold\">3M\u2122<\/span><\/div>\n<\/td>\n<\/tr>\n<tr class=\"MMM--dat-row\">\n<td>\n<div class=\"MMM--dat-cell SNAPS-specAdjust\"><span class=\"MMM--txt_bold\">Mat\u00e9riel<\/span><\/div>\n<\/td>\n<td>\n<div class=\"MMM--dat-cell dat-cell_specDefinition SNAPS-specAdjust SNAPS--SpecTbl-RowCols SNAPS--SpecTbl-Overflow\"><span class=\"MMM--txt_bold\">Lingette en cellulose<\/span><\/div>\n<\/td>\n<\/tr>\n<tr class=\"MMM--dat-row\">\n<td>\n<div class=\"MMM--dat-cell SNAPS-specAdjust\"><span class=\"MMM--txt_bold\">Code produit<\/span><\/div>\n<\/td>\n<td>\n<div class=\"MMM--dat-cell dat-cell_specDefinition SNAPS-specAdjust SNAPS--SpecTbl-RowCols SNAPS--SpecTbl-Overflow\"><span class=\"MMM--txt_bold\">504<\/span><\/div>\n<\/td>\n<\/tr>\n<tr class=\"MMM--dat-row\">\n<td>\n<div class=\"MMM--dat-cell SNAPS-specAdjust\"><span class=\"MMM--txt_bold\">Couleur du produit<\/span><\/div>\n<\/td>\n<td>\n<div class=\"MMM--dat-cell dat-cell_specDefinition SNAPS-specAdjust SNAPS--SpecTbl-RowCols SNAPS--SpecTbl-Overflow\"><span class=\"MMM--txt_bold\">Blanc<\/span><\/div>\n<\/td>\n<\/tr>\n<tr class=\"MMM--dat-row\">\n<td>\n<div class=\"MMM--dat-cell SNAPS-specAdjust\"><span class=\"MMM--txt_bold\">S\u00e9rie<\/span><\/div>\n<\/td>\n<td>\n<div class=\"MMM--dat-cell dat-cell_specDefinition SNAPS-specAdjust SNAPS--SpecTbl-RowCols SNAPS--SpecTbl-Overflow\"><span class=\"MMM--txt_bold\">5000<\/span><span class=\"MMM--txt_bold\">, 6000<\/span><\/div>\n<\/td>\n<\/tr>\n<tr class=\"MMM--dat-row\">\n<td>\n<div class=\"MMM--dat-cell SNAPS-specAdjust\"><span class=\"MMM--txt_bold\">Type de produit<\/span><\/div>\n<\/td>\n<td>\n<div class=\"MMM--dat-cell dat-cell_specDefinition SNAPS-specAdjust SNAPS--SpecTbl-RowCols SNAPS--SpecTbl-Overflow\"><span class=\"MMM--txt_bold\">Pi\u00e8ces de rechange et accessoires<\/span><\/div>\n<\/td>\n<\/tr>\n<tr class=\"MMM--dat-row\">\n<td>\n<div class=\"MMM--dat-cell SNAPS-specAdjust\"><span class=\"MMM--txt_bold\">Application recommand\u00e9e<\/span><\/div>\n<\/td>\n<td>\n<div class=\"MMM--dat-cell dat-cell_specDefinition SNAPS-specAdjust SNAPS--SpecTbl-RowCols SNAPS--SpecTbl-Overflow\"><span class=\"MMM--txt_bold\">Assemblage et M\u00e9canique<\/span><span class=\"MMM--txt_bold\">, Nettoyage<\/span><span class=\"MMM--txt_bold\">, Finition composite<\/span><span class=\"MMM--txt_bold\">, Finition finale<\/span><span class=\"MMM--txt_bold\">, Pr\u00e9paration de la peinture<\/span><span class=\"MMM--txt_bold\">, Peinture<\/span><span class=\"MMM--txt_bold\">, Soudage<\/span><\/div>\n<\/td>\n<\/tr>\n<tr class=\"MMM--dat-row\">\n<td>\n<div class=\"MMM--dat-cell SNAPS-specAdjust\"><span class=\"MMM--txt_bold\">Recommand\u00e9e pour les industries<\/span><\/div>\n<\/td>\n<td>\n<div class=\"MMM--dat-cell dat-cell_specDefinition SNAPS-specAdjust SNAPS--SpecTbl-RowCols SNAPS--SpecTbl-Overflow\"><span class=\"MMM--txt_bold\">Fabrication g\u00e9n\u00e9rale<\/span><span class=\"MMM--txt_bold\">, Marine<\/span><span class=\"MMM--txt_bold\">, Exploitation mini\u00e8re<\/span><span class=\"MMM--txt_bold\">, Gaz &amp; p\u00e9trole<\/span><span class=\"MMM--txt_bold\">, Transport<\/span><\/div>\n<\/td>\n<\/tr>\n<tr class=\"MMM--dat-row\">\n<td>\n<div class=\"MMM--dat-cell SNAPS-specAdjust\"><span class=\"MMM--txt_bold\">Type de pi\u00e8ce de rechange<\/span><\/div>\n<\/td>\n<td>\n<div class=\"MMM--dat-cell dat-cell_specDefinition SNAPS-specAdjust SNAPS--SpecTbl-RowCols SNAPS--SpecTbl-Overflow\"><span class=\"MMM--txt_bold\">N\/A<\/span><\/div>\n<\/td>\n<\/tr>\n<tr class=\"MMM--dat-row\">\n<td>\n<div class=\"MMM--dat-cell SNAPS-specAdjust\"><span class=\"MMM--txt_bold\">Normes\/Certifications<\/span><\/div>\n<\/td>\n<td>\n<div class=\"MMM--dat-cell dat-cell_specDefinition SNAPS-specAdjust SNAPS--SpecTbl-RowCols SNAPS--SpecTbl-Overflow\"><span class=\"MMM--txt_bold\">Approuv\u00e9 NIOSH<\/span><\/div>\n<\/td>\n<\/tr>\n<\/tbody>\n<\/table>\n<\/div>\n<\/div>\n<\/div>","protected":false},"excerpt":{"rendered":"<p>La lingette de nettoyage pour respirateur 3M\u2122 504 peut \u00eatre utilis\u00e9e pour nettoyer les respirateurs r\u00e9utilisables 3M\u2122.<\/p>","protected":false},"featured_media":20374,"template":"","meta":[],"product_brand":[401],"product_cat":[445,45],"product_tag":[402,454],"class_list":{"0":"post-20373","1":"product","2":"type-product","3":"status-publish","4":"has-post-thumbnail","6":"product_brand-3m","7":"product_cat-cleaning","8":"product_cat-respiratory","9":"product_tag-3m","10":"product_tag-3m-scott-safety","12":"first","13":"instock","14":"shipping-taxable","15":"product-type-simple"},"yoast_head":"<!-- This site is optimized with the Yoast SEO plugin v27.4 - https:\/\/yoast.com\/product\/yoast-seo-wordpress\/ -->\n<title>Respirator Cleaning Wipe, 504, alcohol-free - Safety Source Fire<\/title>\n<meta name=\"robots\" content=\"index, follow, max-snippet:-1, max-image-preview:large, max-video-preview:-1\" \/>\n<link rel=\"canonical\" href=\"https:\/\/safetysourcefire.ca\/fr\/?product=respirator-cleaning-wipe-504-alcohol-free-1-pack\" \/>\n<meta property=\"og:locale\" content=\"fr_CA\" \/>\n<meta property=\"og:type\" content=\"article\" \/>\n<meta property=\"og:title\" content=\"Respirator Cleaning Wipe, 504, alcohol-free - Safety Source Fire\" \/>\n<meta property=\"og:description\" content=\"The 3M\u2122 Respirator Cleaning Wipe 504 is used to clean 3M\u2122 Reusable Respirators.\" \/>\n<meta property=\"og:url\" content=\"https:\/\/safetysourcefire.ca\/fr\/?product=respirator-cleaning-wipe-504-alcohol-free-1-pack\" \/>\n<meta property=\"og:site_name\" content=\"Safety Source Fire\" \/>\n<meta property=\"article:publisher\" content=\"https:\/\/www.facebook.com\/mmfssca\" \/>\n<meta property=\"article:modified_time\" content=\"2021-04-09T15:57:21+00:00\" \/>\n<meta property=\"og:image\" content=\"https:\/\/safetysourcefire.ca\/wp-content\/uploads\/2020\/04\/3m-respirator-cleaning-wipe-600x600-1.jpg\" \/>\n\t<meta property=\"og:image:width\" content=\"600\" \/>\n\t<meta property=\"og:image:height\" content=\"600\" \/>\n\t<meta property=\"og:image:type\" content=\"image\/jpeg\" \/>\n<meta name=\"twitter:card\" content=\"summary_large_image\" \/>\n<meta name=\"twitter:site\" content=\"@mmfssca\" \/>\n<meta name=\"twitter:label1\" content=\"Estimation du temps de lecture\" \/>\n\t<meta name=\"twitter:data1\" content=\"1 minute\" \/>\n<script type=\"application\/ld+json\" class=\"yoast-schema-graph\">{\"@context\":\"https:\\\/\\\/schema.org\",\"@graph\":[{\"@type\":\"WebPage\",\"@id\":\"https:\\\/\\\/safetysourcefire.ca\\\/?product=respirator-cleaning-wipe-504-alcohol-free-1-pack\",\"url\":\"https:\\\/\\\/safetysourcefire.ca\\\/?product=respirator-cleaning-wipe-504-alcohol-free-1-pack\",\"name\":\"Respirator Cleaning Wipe, 504, alcohol-free - Safety Source Fire\",\"isPartOf\":{\"@id\":\"https:\\\/\\\/safetysourcefire.ca\\\/#website\"},\"primaryImageOfPage\":{\"@id\":\"https:\\\/\\\/safetysourcefire.ca\\\/?product=respirator-cleaning-wipe-504-alcohol-free-1-pack#primaryimage\"},\"image\":{\"@id\":\"https:\\\/\\\/safetysourcefire.ca\\\/?product=respirator-cleaning-wipe-504-alcohol-free-1-pack#primaryimage\"},\"thumbnailUrl\":\"https:\\\/\\\/safetysourcefire.ca\\\/wp-content\\\/uploads\\\/2020\\\/04\\\/3m-respirator-cleaning-wipe-600x600-1.jpg\",\"datePublished\":\"2020-06-28T18:09:38+00:00\",\"dateModified\":\"2021-04-09T15:57:21+00:00\",\"breadcrumb\":{\"@id\":\"https:\\\/\\\/safetysourcefire.ca\\\/?product=respirator-cleaning-wipe-504-alcohol-free-1-pack#breadcrumb\"},\"inLanguage\":\"fr-CA\",\"potentialAction\":[{\"@type\":\"ReadAction\",\"target\":[\"https:\\\/\\\/safetysourcefire.ca\\\/?product=respirator-cleaning-wipe-504-alcohol-free-1-pack\"]}]},{\"@type\":\"ImageObject\",\"inLanguage\":\"fr-CA\",\"@id\":\"https:\\\/\\\/safetysourcefire.ca\\\/?product=respirator-cleaning-wipe-504-alcohol-free-1-pack#primaryimage\",\"url\":\"https:\\\/\\\/safetysourcefire.ca\\\/wp-content\\\/uploads\\\/2020\\\/04\\\/3m-respirator-cleaning-wipe-600x600-1.jpg\",\"contentUrl\":\"https:\\\/\\\/safetysourcefire.ca\\\/wp-content\\\/uploads\\\/2020\\\/04\\\/3m-respirator-cleaning-wipe-600x600-1.jpg\",\"width\":600,\"height\":600,\"caption\":\"towelette in package\"},{\"@type\":\"BreadcrumbList\",\"@id\":\"https:\\\/\\\/safetysourcefire.ca\\\/?product=respirator-cleaning-wipe-504-alcohol-free-1-pack#breadcrumb\",\"itemListElement\":[{\"@type\":\"ListItem\",\"position\":1,\"name\":\"Home\",\"item\":\"https:\\\/\\\/safetysourcefire.ca\\\/\"},{\"@type\":\"ListItem\",\"position\":2,\"name\":\"Products\",\"item\":\"https:\\\/\\\/safetysourcefire.ca\\\/shop\\\/\"},{\"@type\":\"ListItem\",\"position\":3,\"name\":\"Respirator Cleaning Wipe, 504, alcohol-free\"}]},{\"@type\":\"WebSite\",\"@id\":\"https:\\\/\\\/safetysourcefire.ca\\\/#website\",\"url\":\"https:\\\/\\\/safetysourcefire.ca\\\/\",\"name\":\"Safety Source Fire\",\"description\":\"\",\"publisher\":{\"@id\":\"https:\\\/\\\/safetysourcefire.ca\\\/#organization\"},\"potentialAction\":[{\"@type\":\"SearchAction\",\"target\":{\"@type\":\"EntryPoint\",\"urlTemplate\":\"https:\\\/\\\/safetysourcefire.ca\\\/?s={search_term_string}\"},\"query-input\":{\"@type\":\"PropertyValueSpecification\",\"valueRequired\":true,\"valueName\":\"search_term_string\"}}],\"inLanguage\":\"fr-CA\"},{\"@type\":\"Organization\",\"@id\":\"https:\\\/\\\/safetysourcefire.ca\\\/#organization\",\"name\":\"Safety Source Fire\",\"url\":\"https:\\\/\\\/safetysourcefire.ca\\\/\",\"logo\":{\"@type\":\"ImageObject\",\"inLanguage\":\"fr-CA\",\"@id\":\"https:\\\/\\\/safetysourcefire.ca\\\/#\\\/schema\\\/logo\\\/image\\\/\",\"url\":\"https:\\\/\\\/safetysourcefire.ca\\\/wp-content\\\/uploads\\\/2021\\\/01\\\/SSF_logo_CC0000-3.png\",\"contentUrl\":\"https:\\\/\\\/safetysourcefire.ca\\\/wp-content\\\/uploads\\\/2021\\\/01\\\/SSF_logo_CC0000-3.png\",\"width\":1107,\"height\":365,\"caption\":\"Safety Source Fire\"},\"image\":{\"@id\":\"https:\\\/\\\/safetysourcefire.ca\\\/#\\\/schema\\\/logo\\\/image\\\/\"},\"sameAs\":[\"https:\\\/\\\/www.facebook.com\\\/mmfssca\",\"https:\\\/\\\/x.com\\\/mmfssca\"]}]}<\/script>\n<!-- \/ Yoast SEO plugin. -->","yoast_head_json":{"title":"Lingette nettoyante pour respirateur, 504, sans alcool - Safety Source Fire","robots":{"index":"index","follow":"follow","max-snippet":"max-snippet:-1","max-image-preview":"max-image-preview:large","max-video-preview":"max-video-preview:-1"},"canonical":"https:\/\/safetysourcefire.ca\/fr\/?product=respirator-cleaning-wipe-504-alcohol-free-1-pack","og_locale":"fr_CA","og_type":"article","og_title":"Respirator Cleaning Wipe, 504, alcohol-free - Safety Source Fire","og_description":"The 3M\u2122 Respirator Cleaning Wipe 504 is used to clean 3M\u2122 Reusable Respirators.","og_url":"https:\/\/safetysourcefire.ca\/fr\/?product=respirator-cleaning-wipe-504-alcohol-free-1-pack","og_site_name":"Safety Source Fire","article_publisher":"https:\/\/www.facebook.com\/mmfssca","article_modified_time":"2021-04-09T15:57:21+00:00","og_image":[{"width":600,"height":600,"url":"https:\/\/safetysourcefire.ca\/wp-content\/uploads\/2020\/04\/3m-respirator-cleaning-wipe-600x600-1.jpg","type":"image\/jpeg"}],"twitter_card":"summary_large_image","twitter_site":"@mmfssca","twitter_misc":{"Estimation du temps de lecture":"1 minute"},"schema":{"@context":"https:\/\/schema.org","@graph":[{"@type":"WebPage","@id":"https:\/\/safetysourcefire.ca\/?product=respirator-cleaning-wipe-504-alcohol-free-1-pack","url":"https:\/\/safetysourcefire.ca\/?product=respirator-cleaning-wipe-504-alcohol-free-1-pack","name":"Lingette nettoyante pour respirateur, 504, sans alcool - Safety Source Fire","isPartOf":{"@id":"https:\/\/safetysourcefire.ca\/#website"},"primaryImageOfPage":{"@id":"https:\/\/safetysourcefire.ca\/?product=respirator-cleaning-wipe-504-alcohol-free-1-pack#primaryimage"},"image":{"@id":"https:\/\/safetysourcefire.ca\/?product=respirator-cleaning-wipe-504-alcohol-free-1-pack#primaryimage"},"thumbnailUrl":"https:\/\/safetysourcefire.ca\/wp-content\/uploads\/2020\/04\/3m-respirator-cleaning-wipe-600x600-1.jpg","datePublished":"2020-06-28T18:09:38+00:00","dateModified":"2021-04-09T15:57:21+00:00","breadcrumb":{"@id":"https:\/\/safetysourcefire.ca\/?product=respirator-cleaning-wipe-504-alcohol-free-1-pack#breadcrumb"},"inLanguage":"fr-CA","potentialAction":[{"@type":"ReadAction","target":["https:\/\/safetysourcefire.ca\/?product=respirator-cleaning-wipe-504-alcohol-free-1-pack"]}]},{"@type":"ImageObject","inLanguage":"fr-CA","@id":"https:\/\/safetysourcefire.ca\/?product=respirator-cleaning-wipe-504-alcohol-free-1-pack#primaryimage","url":"https:\/\/safetysourcefire.ca\/wp-content\/uploads\/2020\/04\/3m-respirator-cleaning-wipe-600x600-1.jpg","contentUrl":"https:\/\/safetysourcefire.ca\/wp-content\/uploads\/2020\/04\/3m-respirator-cleaning-wipe-600x600-1.jpg","width":600,"height":600,"caption":"towelette in package"},{"@type":"BreadcrumbList","@id":"https:\/\/safetysourcefire.ca\/?product=respirator-cleaning-wipe-504-alcohol-free-1-pack#breadcrumb","itemListElement":[{"@type":"ListItem","position":1,"name":"Home","item":"https:\/\/safetysourcefire.ca\/"},{"@type":"ListItem","position":2,"name":"Products","item":"https:\/\/safetysourcefire.ca\/shop\/"},{"@type":"ListItem","position":3,"name":"Respirator Cleaning Wipe, 504, alcohol-free"}]},{"@type":"WebSite","@id":"https:\/\/safetysourcefire.ca\/#website","url":"https:\/\/safetysourcefire.ca\/","name":"Safety Source Fire","description":"","publisher":{"@id":"https:\/\/safetysourcefire.ca\/#organization"},"potentialAction":[{"@type":"SearchAction","target":{"@type":"EntryPoint","urlTemplate":"https:\/\/safetysourcefire.ca\/?s={search_term_string}"},"query-input":{"@type":"PropertyValueSpecification","valueRequired":true,"valueName":"search_term_string"}}],"inLanguage":"fr-CA"},{"@type":"Organization","@id":"https:\/\/safetysourcefire.ca\/#organization","name":"Safety Source Fire","url":"https:\/\/safetysourcefire.ca\/","logo":{"@type":"ImageObject","inLanguage":"fr-CA","@id":"https:\/\/safetysourcefire.ca\/#\/schema\/logo\/image\/","url":"https:\/\/safetysourcefire.ca\/wp-content\/uploads\/2021\/01\/SSF_logo_CC0000-3.png","contentUrl":"https:\/\/safetysourcefire.ca\/wp-content\/uploads\/2021\/01\/SSF_logo_CC0000-3.png","width":1107,"height":365,"caption":"Safety Source Fire"},"image":{"@id":"https:\/\/safetysourcefire.ca\/#\/schema\/logo\/image\/"},"sameAs":["https:\/\/www.facebook.com\/mmfssca","https:\/\/x.com\/mmfssca"]}]}},"_links":{"self":[{"href":"https:\/\/safetysourcefire.ca\/fr\/wp-json\/wp\/v2\/product\/20373","targetHints":{"allow":["GET"]}}],"collection":[{"href":"https:\/\/safetysourcefire.ca\/fr\/wp-json\/wp\/v2\/product"}],"about":[{"href":"https:\/\/safetysourcefire.ca\/fr\/wp-json\/wp\/v2\/types\/product"}],"wp:featuredmedia":[{"embeddable":true,"href":"https:\/\/safetysourcefire.ca\/fr\/wp-json\/wp\/v2\/media\/20374"}],"wp:attachment":[{"href":"https:\/\/safetysourcefire.ca\/fr\/wp-json\/wp\/v2\/media?parent=20373"}],"wp:term":[{"taxonomy":"product_brand","embeddable":true,"href":"https:\/\/safetysourcefire.ca\/fr\/wp-json\/wp\/v2\/product_brand?post=20373"},{"taxonomy":"product_cat","embeddable":true,"href":"https:\/\/safetysourcefire.ca\/fr\/wp-json\/wp\/v2\/product_cat?post=20373"},{"taxonomy":"product_tag","embeddable":true,"href":"https:\/\/safetysourcefire.ca\/fr\/wp-json\/wp\/v2\/product_tag?post=20373"}],"curies":[{"name":"wp","href":"https:\/\/api.w.org\/{rel}","templated":true}]}}