{"id":20421,"date":"2020-07-01T14:32:28","date_gmt":"2020-07-01T14:32:28","guid":{"rendered":"https:\/\/mmfss.ca\/?post_type=product&#038;p=20421"},"modified":"2023-10-03T12:50:21","modified_gmt":"2023-10-03T12:50:21","slug":"emergency-preparedness-storage-cabinet","status":"publish","type":"product","link":"https:\/\/safetysourcefire.ca\/fr\/produit\/emergency-preparedness-storage-cabinet\/","title":{"rendered":"Armoire de rangement pour pr\u00e9paration aux situation d'urgence"},"content":{"rendered":"<p><strong>Aper\u00e7u<\/strong><\/p>\n<ul>\n<li>Soyez pr\u00eats pour affronter les ouragans, les tornades, les tremblements de terre et\/ou les attaques terroristes<\/li>\n<li>R\u00e9sistance au feu<\/li>\n<li>Peintur\u00e9e \u00aborange urgence\u00bb pour visibilit\u00e9 accrue<\/li>\n<li>Etag\u00e8res r\u00e9glables<\/li>\n<li>Garantie de dix ans<\/li>\n<\/ul>\n<p>Pour un acc\u00e8s prot\u00e9g\u00e9 et rapide aux mat\u00e9riel d'urgence en cas de catastrophe, cette armoire haute performance pr\u00e9sente une conception ignifuge avec une couleur hautement visible. En effet, l'armoire peut \u00eatre localis\u00e9e rapidement m\u00eame pendant les pannes de courant gr\u00e2ce aux \u00e9tiquettes luminescentes  \u00ab Glow-in-the-Dark GloAlert \u2122\u00bb. La conception spacieuse de l'armoire comprend quatre \u00e9tag\u00e8res r\u00e9glables offrant l'espace de rangement parfait pour les lampes de poche, les radios, les respirateurs, les articles de premiers soins et bien plus encore!<\/p>\n<p>Syst\u00e8me de verrouillage en acier inoxydable \u00e0 3 points de haute qualit\u00e9. Les portes \u00e0 charni\u00e8re permettent l'ouverture et la fermeture en douceur, sans tracas . Une garantie limit\u00e9e de 10 ans est offerte sur la durabilit\u00e9 du produit. Les caract\u00e9ristiques suppl\u00e9mentaires incluent la poign\u00e9e U-Loc \u2122, deux cl\u00e9s et quatre niveaux de r\u00e9glages.<\/p>\n<p>Le mod\u00e8le PowerPort \u2122 (860002) poss\u00e8de une connexion \u00e9lectrique. Il a \u00e9t\u00e9 d\u00e9velopp\u00e9 avec un cordon d'alimentation externe de 9 pieds, une barrette d'alimentation \u00e0 6 prises de 10 amp\u00e8res et une extension de 38 pouces pour pouvoir charger des walkies-talkies, des lampes de poche (ou autre) \u00e0 l'int\u00e9rieur de l'armoire.<\/p>\n<p>Conception test\u00e9e conform\u00e9ment aux courbes temps-temp\u00e9rature ASTM et NFPA.<\/p>\n<table id=\"product-attribute-specs-table\" class=\"data-table\">\n<tbody>\n<tr class=\"first odd\">\n<th class=\"label-th\">Mod\u00e8le<\/th>\n<td class=\"data last\">860002<\/td>\n<\/tr>\n<tr class=\"even\">\n<th class=\"label-th\">Mod\u00e8le international No.<\/th>\n<td class=\"data last\">860002<\/td>\n<\/tr>\n<tr class=\"odd\">\n<th class=\"label-th\">Couleur<\/th>\n<td class=\"data last\">Orange<\/td>\n<\/tr>\n<tr class=\"even\">\n<th class=\"label-th\">Sp\u00e9cifications mat\u00e9rielles<\/th>\n<td class=\"data last\">Acier<\/td>\n<\/tr>\n<tr class=\"odd\">\n<th class=\"label-th\">Conforme au code NFPA 30<\/th>\n<td class=\"data last\">Oui<\/td>\n<\/tr>\n<tr class=\"even\">\n<th class=\"label-th\">Conforme au code de pr\u00e9vention des incendies NFPA 1<\/th>\n<td class=\"data last\">Oui<\/td>\n<\/tr>\n<tr class=\"odd\">\n<th class=\"label-th\">Nombre de portes<\/th>\n<td class=\"data last\">2<\/td>\n<\/tr>\n<tr class=\"even\">\n<th class=\"label-th\">Type de porte<\/th>\n<td class=\"data last\">Manuel<\/td>\n<\/tr>\n<tr class=\"odd\">\n<th class=\"label-th\">Nombre d&#039;\u00e9tag\u00e8res<\/th>\n<td class=\"data last\">4<\/td>\n<\/tr>\n<tr class=\"even\">\n<th class=\"label-th\">Tablettes ajustables<\/th>\n<td class=\"data last\">Oui<\/td>\n<\/tr>\n<tr class=\"odd\">\n<th class=\"label-th\">Dimensions, ext\u00e9rieur<\/th>\n<td class=\"data last\">65 \u2033 H x 43 \u2033 L x 18 \u2033 P<\/td>\n<\/tr>\n<tr class=\"even\">\n<th class=\"label-th\"><\/th>\n<td class=\"data last\">1651 mm H x 1092 mm L x 457 mm P<\/td>\n<\/tr>\n<tr class=\"odd\">\n<th class=\"label-th\">Dimensions, int\u00e9rieur<\/th>\n<td class=\"data last\">60,5 &quot;H x 39,5&quot; L x 14,6 &quot;P<\/td>\n<\/tr>\n<tr class=\"even\">\n<th class=\"label-th\"><\/th>\n<td class=\"data last\">1537 mm H x 1003 mm L x 370 mm P<\/td>\n<\/tr>\n<tr class=\"odd\">\n<th class=\"label-th\">Poids net, lb<\/th>\n<td class=\"data last\">235.3<\/td>\n<\/tr>\n<tr class=\"last even\">\n<th class=\"label-th\">Poids net \/ kg<\/th>\n<td class=\"data last\">106.7<\/td>\n<\/tr>\n<\/tbody>\n<\/table>","protected":false},"excerpt":{"rendered":"<p>Passage \u00e9lectrique PowerPort \u2122, 4 tablettes, \n2 cl\u00e9s, couleur visible (orange)<\/p>","protected":false},"featured_media":20425,"template":"","meta":[],"product_brand":[154],"product_cat":[462,464,465,466,463],"product_tag":[314],"class_list":{"0":"post-20421","1":"product","2":"type-product","3":"status-publish","4":"has-post-thumbnail","6":"product_brand-justrite","7":"product_cat-emergency-preparedness","8":"product_cat-flood","9":"product_cat-hurricane","10":"product_cat-pandemic","11":"product_cat-wildland-fire","12":"product_tag-justrite","14":"first","15":"instock","16":"shipping-taxable","17":"product-type-simple"},"yoast_head":"<!-- This site is optimized with the Yoast SEO plugin v27.4 - https:\/\/yoast.com\/product\/yoast-seo-wordpress\/ -->\n<title>Emergency Preparedness Storage Cabinet - Safety Source Fire<\/title>\n<meta name=\"robots\" content=\"index, follow, max-snippet:-1, max-image-preview:large, max-video-preview:-1\" \/>\n<link rel=\"canonical\" href=\"https:\/\/safetysourcefire.ca\/fr\/?product=emergency-preparedness-storage-cabinet\" \/>\n<meta property=\"og:locale\" content=\"fr_CA\" \/>\n<meta property=\"og:type\" content=\"article\" \/>\n<meta property=\"og:title\" content=\"Emergency Preparedness Storage Cabinet - Safety Source Fire\" \/>\n<meta property=\"og:description\" content=\"PowerPort\u2122 Electrical Pass-Thru, 4 Shelves, 2 Keys, Orange\" \/>\n<meta property=\"og:url\" content=\"https:\/\/safetysourcefire.ca\/fr\/?product=emergency-preparedness-storage-cabinet\" \/>\n<meta property=\"og:site_name\" content=\"Safety Source Fire\" \/>\n<meta property=\"article:publisher\" content=\"https:\/\/www.facebook.com\/mmfssca\" \/>\n<meta property=\"article:modified_time\" content=\"2023-10-03T12:50:21+00:00\" \/>\n<meta property=\"og:image\" content=\"https:\/\/safetysourcefire.ca\/wp-content\/uploads\/2020\/05\/860002_with_20inset_lg.jpg\" \/>\n\t<meta property=\"og:image:width\" content=\"600\" \/>\n\t<meta property=\"og:image:height\" content=\"600\" \/>\n\t<meta property=\"og:image:type\" content=\"image\/jpeg\" \/>\n<meta name=\"twitter:card\" content=\"summary_large_image\" \/>\n<meta name=\"twitter:site\" content=\"@mmfssca\" \/>\n<meta name=\"twitter:label1\" content=\"Estimation du temps de lecture\" \/>\n\t<meta name=\"twitter:data1\" content=\"1 minute\" \/>\n<script type=\"application\/ld+json\" class=\"yoast-schema-graph\">{\"@context\":\"https:\\\/\\\/schema.org\",\"@graph\":[{\"@type\":\"WebPage\",\"@id\":\"https:\\\/\\\/safetysourcefire.ca\\\/?product=emergency-preparedness-storage-cabinet\",\"url\":\"https:\\\/\\\/safetysourcefire.ca\\\/?product=emergency-preparedness-storage-cabinet\",\"name\":\"Emergency Preparedness Storage Cabinet - Safety Source Fire\",\"isPartOf\":{\"@id\":\"https:\\\/\\\/safetysourcefire.ca\\\/#website\"},\"primaryImageOfPage\":{\"@id\":\"https:\\\/\\\/safetysourcefire.ca\\\/?product=emergency-preparedness-storage-cabinet#primaryimage\"},\"image\":{\"@id\":\"https:\\\/\\\/safetysourcefire.ca\\\/?product=emergency-preparedness-storage-cabinet#primaryimage\"},\"thumbnailUrl\":\"https:\\\/\\\/safetysourcefire.ca\\\/wp-content\\\/uploads\\\/2020\\\/05\\\/860002_with_20inset_lg.jpg\",\"datePublished\":\"2020-07-01T14:32:28+00:00\",\"dateModified\":\"2023-10-03T12:50:21+00:00\",\"breadcrumb\":{\"@id\":\"https:\\\/\\\/safetysourcefire.ca\\\/?product=emergency-preparedness-storage-cabinet#breadcrumb\"},\"inLanguage\":\"fr-CA\",\"potentialAction\":[{\"@type\":\"ReadAction\",\"target\":[\"https:\\\/\\\/safetysourcefire.ca\\\/?product=emergency-preparedness-storage-cabinet\"]}]},{\"@type\":\"ImageObject\",\"inLanguage\":\"fr-CA\",\"@id\":\"https:\\\/\\\/safetysourcefire.ca\\\/?product=emergency-preparedness-storage-cabinet#primaryimage\",\"url\":\"https:\\\/\\\/safetysourcefire.ca\\\/wp-content\\\/uploads\\\/2020\\\/05\\\/860002_with_20inset_lg.jpg\",\"contentUrl\":\"https:\\\/\\\/safetysourcefire.ca\\\/wp-content\\\/uploads\\\/2020\\\/05\\\/860002_with_20inset_lg.jpg\",\"width\":600,\"height\":600,\"caption\":\"cabinet\"},{\"@type\":\"BreadcrumbList\",\"@id\":\"https:\\\/\\\/safetysourcefire.ca\\\/?product=emergency-preparedness-storage-cabinet#breadcrumb\",\"itemListElement\":[{\"@type\":\"ListItem\",\"position\":1,\"name\":\"Home\",\"item\":\"https:\\\/\\\/safetysourcefire.ca\\\/\"},{\"@type\":\"ListItem\",\"position\":2,\"name\":\"Products\",\"item\":\"https:\\\/\\\/safetysourcefire.ca\\\/shop\\\/\"},{\"@type\":\"ListItem\",\"position\":3,\"name\":\"Emergency Preparedness Storage Cabinet\"}]},{\"@type\":\"WebSite\",\"@id\":\"https:\\\/\\\/safetysourcefire.ca\\\/#website\",\"url\":\"https:\\\/\\\/safetysourcefire.ca\\\/\",\"name\":\"Safety Source Fire\",\"description\":\"\",\"publisher\":{\"@id\":\"https:\\\/\\\/safetysourcefire.ca\\\/#organization\"},\"potentialAction\":[{\"@type\":\"SearchAction\",\"target\":{\"@type\":\"EntryPoint\",\"urlTemplate\":\"https:\\\/\\\/safetysourcefire.ca\\\/?s={search_term_string}\"},\"query-input\":{\"@type\":\"PropertyValueSpecification\",\"valueRequired\":true,\"valueName\":\"search_term_string\"}}],\"inLanguage\":\"fr-CA\"},{\"@type\":\"Organization\",\"@id\":\"https:\\\/\\\/safetysourcefire.ca\\\/#organization\",\"name\":\"Safety Source Fire\",\"url\":\"https:\\\/\\\/safetysourcefire.ca\\\/\",\"logo\":{\"@type\":\"ImageObject\",\"inLanguage\":\"fr-CA\",\"@id\":\"https:\\\/\\\/safetysourcefire.ca\\\/#\\\/schema\\\/logo\\\/image\\\/\",\"url\":\"https:\\\/\\\/safetysourcefire.ca\\\/wp-content\\\/uploads\\\/2021\\\/01\\\/SSF_logo_CC0000-3.png\",\"contentUrl\":\"https:\\\/\\\/safetysourcefire.ca\\\/wp-content\\\/uploads\\\/2021\\\/01\\\/SSF_logo_CC0000-3.png\",\"width\":1107,\"height\":365,\"caption\":\"Safety Source Fire\"},\"image\":{\"@id\":\"https:\\\/\\\/safetysourcefire.ca\\\/#\\\/schema\\\/logo\\\/image\\\/\"},\"sameAs\":[\"https:\\\/\\\/www.facebook.com\\\/mmfssca\",\"https:\\\/\\\/x.com\\\/mmfssca\"]}]}<\/script>\n<!-- \/ Yoast SEO plugin. -->","yoast_head_json":{"title":"Armoire de rangement pour pr\u00e9paration aux situations d&#039;urgence - Incendie \u00e0 source de s\u00e9curit\u00e9","robots":{"index":"index","follow":"follow","max-snippet":"max-snippet:-1","max-image-preview":"max-image-preview:large","max-video-preview":"max-video-preview:-1"},"canonical":"https:\/\/safetysourcefire.ca\/fr\/?product=emergency-preparedness-storage-cabinet","og_locale":"fr_CA","og_type":"article","og_title":"Emergency Preparedness Storage Cabinet - Safety Source Fire","og_description":"PowerPort\u2122 Electrical Pass-Thru, 4 Shelves, 2 Keys, Orange","og_url":"https:\/\/safetysourcefire.ca\/fr\/?product=emergency-preparedness-storage-cabinet","og_site_name":"Safety Source Fire","article_publisher":"https:\/\/www.facebook.com\/mmfssca","article_modified_time":"2023-10-03T12:50:21+00:00","og_image":[{"width":600,"height":600,"url":"https:\/\/safetysourcefire.ca\/wp-content\/uploads\/2020\/05\/860002_with_20inset_lg.jpg","type":"image\/jpeg"}],"twitter_card":"summary_large_image","twitter_site":"@mmfssca","twitter_misc":{"Estimation du temps de lecture":"1 minute"},"schema":{"@context":"https:\/\/schema.org","@graph":[{"@type":"WebPage","@id":"https:\/\/safetysourcefire.ca\/?product=emergency-preparedness-storage-cabinet","url":"https:\/\/safetysourcefire.ca\/?product=emergency-preparedness-storage-cabinet","name":"Armoire de rangement pour pr\u00e9paration aux situations d&#039;urgence - Incendie \u00e0 source de s\u00e9curit\u00e9","isPartOf":{"@id":"https:\/\/safetysourcefire.ca\/#website"},"primaryImageOfPage":{"@id":"https:\/\/safetysourcefire.ca\/?product=emergency-preparedness-storage-cabinet#primaryimage"},"image":{"@id":"https:\/\/safetysourcefire.ca\/?product=emergency-preparedness-storage-cabinet#primaryimage"},"thumbnailUrl":"https:\/\/safetysourcefire.ca\/wp-content\/uploads\/2020\/05\/860002_with_20inset_lg.jpg","datePublished":"2020-07-01T14:32:28+00:00","dateModified":"2023-10-03T12:50:21+00:00","breadcrumb":{"@id":"https:\/\/safetysourcefire.ca\/?product=emergency-preparedness-storage-cabinet#breadcrumb"},"inLanguage":"fr-CA","potentialAction":[{"@type":"ReadAction","target":["https:\/\/safetysourcefire.ca\/?product=emergency-preparedness-storage-cabinet"]}]},{"@type":"ImageObject","inLanguage":"fr-CA","@id":"https:\/\/safetysourcefire.ca\/?product=emergency-preparedness-storage-cabinet#primaryimage","url":"https:\/\/safetysourcefire.ca\/wp-content\/uploads\/2020\/05\/860002_with_20inset_lg.jpg","contentUrl":"https:\/\/safetysourcefire.ca\/wp-content\/uploads\/2020\/05\/860002_with_20inset_lg.jpg","width":600,"height":600,"caption":"cabinet"},{"@type":"BreadcrumbList","@id":"https:\/\/safetysourcefire.ca\/?product=emergency-preparedness-storage-cabinet#breadcrumb","itemListElement":[{"@type":"ListItem","position":1,"name":"Home","item":"https:\/\/safetysourcefire.ca\/"},{"@type":"ListItem","position":2,"name":"Products","item":"https:\/\/safetysourcefire.ca\/shop\/"},{"@type":"ListItem","position":3,"name":"Emergency Preparedness Storage Cabinet"}]},{"@type":"WebSite","@id":"https:\/\/safetysourcefire.ca\/#website","url":"https:\/\/safetysourcefire.ca\/","name":"Safety Source Fire","description":"","publisher":{"@id":"https:\/\/safetysourcefire.ca\/#organization"},"potentialAction":[{"@type":"SearchAction","target":{"@type":"EntryPoint","urlTemplate":"https:\/\/safetysourcefire.ca\/?s={search_term_string}"},"query-input":{"@type":"PropertyValueSpecification","valueRequired":true,"valueName":"search_term_string"}}],"inLanguage":"fr-CA"},{"@type":"Organization","@id":"https:\/\/safetysourcefire.ca\/#organization","name":"Safety Source Fire","url":"https:\/\/safetysourcefire.ca\/","logo":{"@type":"ImageObject","inLanguage":"fr-CA","@id":"https:\/\/safetysourcefire.ca\/#\/schema\/logo\/image\/","url":"https:\/\/safetysourcefire.ca\/wp-content\/uploads\/2021\/01\/SSF_logo_CC0000-3.png","contentUrl":"https:\/\/safetysourcefire.ca\/wp-content\/uploads\/2021\/01\/SSF_logo_CC0000-3.png","width":1107,"height":365,"caption":"Safety Source Fire"},"image":{"@id":"https:\/\/safetysourcefire.ca\/#\/schema\/logo\/image\/"},"sameAs":["https:\/\/www.facebook.com\/mmfssca","https:\/\/x.com\/mmfssca"]}]}},"_links":{"self":[{"href":"https:\/\/safetysourcefire.ca\/fr\/wp-json\/wp\/v2\/product\/20421","targetHints":{"allow":["GET"]}}],"collection":[{"href":"https:\/\/safetysourcefire.ca\/fr\/wp-json\/wp\/v2\/product"}],"about":[{"href":"https:\/\/safetysourcefire.ca\/fr\/wp-json\/wp\/v2\/types\/product"}],"wp:featuredmedia":[{"embeddable":true,"href":"https:\/\/safetysourcefire.ca\/fr\/wp-json\/wp\/v2\/media\/20425"}],"wp:attachment":[{"href":"https:\/\/safetysourcefire.ca\/fr\/wp-json\/wp\/v2\/media?parent=20421"}],"wp:term":[{"taxonomy":"product_brand","embeddable":true,"href":"https:\/\/safetysourcefire.ca\/fr\/wp-json\/wp\/v2\/product_brand?post=20421"},{"taxonomy":"product_cat","embeddable":true,"href":"https:\/\/safetysourcefire.ca\/fr\/wp-json\/wp\/v2\/product_cat?post=20421"},{"taxonomy":"product_tag","embeddable":true,"href":"https:\/\/safetysourcefire.ca\/fr\/wp-json\/wp\/v2\/product_tag?post=20421"}],"curies":[{"name":"wp","href":"https:\/\/api.w.org\/{rel}","templated":true}]}}