{"id":20569,"date":"2020-04-05T13:32:01","date_gmt":"2020-04-05T13:32:01","guid":{"rendered":"https:\/\/staging.mmfss.ca\/?post_type=product&#038;p=20569"},"modified":"2023-09-06T15:08:23","modified_gmt":"2023-09-06T15:08:23","slug":"kore-kooler-rehab-chair","status":"publish","type":"product","link":"https:\/\/safetysourcefire.ca\/fr\/produit\/kore-kooler-rehab-chair\/","title":{"rendered":"Chaise de r\u00e9adaptation Kore Kooler\u00ae"},"content":{"rendered":"<p>#RH2001<\/p>\n<p>Combattez le stress thermique gr\u00e2ce \u00e0 une technique de refroidissement actif. Cette chaise rafra\u00eechissante offre un moyen efficace d'abaisser la temp\u00e9rature corporelle gr\u00e2ce \u00e0 l'immersion de la main et de l'avant-bras. Combin\u00e9e au repos et \u00e0 l'hydratation, l'immersion des mains et des avant-bras est un moyen efficace pour les pompiers et les intervenants de r\u00e9duire l'impact du stress sur leur sant\u00e9 et leur s\u00e9curit\u00e9. La chaise Kore Kooler Rehab repose sur le contact direct de la peau avec l'eau par immersion de l'avant-bras (chaque r\u00e9servoir de bras contient 2 gallons d'eau). Apr\u00e8s chaque r\u00e9\u00e9ducation, les sacs sont retir\u00e9s avec l'eau qu'ils contiennent et un nouveau sac rempli d'eau propre peut y \u00eatre ins\u00e9r\u00e9.<\/p>\n<ul>\n<li>Hauteur d&#039;assise : 16\u2033<\/li>\n<li>Poids de la chaise : 11 lbs<\/li>\n<li>Limite de poids : 300 lbs<\/li>\n<li>Concept avec effet hamac pour soutien optimal et relaxation<\/li>\n<li>Coussin de t\u00eate attach\u00e9 au dossier de la chaise<\/li>\n<li>Bras d&#039;immersion d&#039;avant-bras brevet\u00e9s<\/li>\n<li>Garantie limit\u00e9e de 1 an<\/li>\n<\/ul>\n<p>CONTENU<\/p>\n<ul>\n<li>Chaise Kore Kooler (1)<\/li>\n<li>Sac de transport a\u00e9r\u00e9<\/li>\n<li>Deux sacs r\u00e9servoir<\/li>\n<\/ul>\n<p>ACCESSOIRES<\/p>\n<ul>\n<li>Appuie-t\u00eate de remplacement (RH1999)<\/li>\n<li>Sacs de remplacement (RH2002)<\/li>\n<\/ul>","protected":false},"excerpt":{"rendered":"<p>Cette chaise rafra\u00eechissante offre un moyen efficace d'abaisser la temp\u00e9rature corporelle gr\u00e2ce \u00e0 l'immersion de la main et de l'avant-bras dans l'eau froide.<\/p>","protected":false},"featured_media":20571,"template":"","meta":[],"product_brand":[476],"product_cat":[462,463],"product_tag":[477],"class_list":{"0":"post-20569","1":"product","2":"type-product","3":"status-publish","4":"has-post-thumbnail","6":"product_brand-dqe","7":"product_cat-emergency-preparedness","8":"product_cat-wildland-fire","9":"product_tag-dqe","11":"first","12":"instock","13":"shipping-taxable","14":"product-type-simple"},"yoast_head":"<!-- This site is optimized with the Yoast SEO plugin v27.4 - https:\/\/yoast.com\/product\/yoast-seo-wordpress\/ -->\n<title>Kore Kooler\u00ae Rehab Chair - Safety Source Fire<\/title>\n<meta name=\"robots\" content=\"index, follow, max-snippet:-1, max-image-preview:large, max-video-preview:-1\" \/>\n<link rel=\"canonical\" href=\"https:\/\/safetysourcefire.ca\/fr\/?product=kore-kooler-rehab-chair\" \/>\n<meta property=\"og:locale\" content=\"fr_CA\" \/>\n<meta property=\"og:type\" content=\"article\" \/>\n<meta property=\"og:title\" content=\"Kore Kooler\u00ae Rehab Chair - Safety Source Fire\" \/>\n<meta property=\"og:description\" content=\"This cooling chair provides an effective means of lowering body temperature through hand and forearm immersion.\" \/>\n<meta property=\"og:url\" content=\"https:\/\/safetysourcefire.ca\/fr\/?product=kore-kooler-rehab-chair\" \/>\n<meta property=\"og:site_name\" content=\"Safety Source Fire\" \/>\n<meta property=\"article:publisher\" content=\"https:\/\/www.facebook.com\/mmfssca\" \/>\n<meta property=\"article:modified_time\" content=\"2023-09-06T15:08:23+00:00\" \/>\n<meta property=\"og:image\" content=\"https:\/\/safetysourcefire.ca\/wp-content\/uploads\/2020\/05\/Kore-Kooler-Chair__02168.1534789607.jpg\" \/>\n\t<meta property=\"og:image:width\" content=\"600\" \/>\n\t<meta property=\"og:image:height\" content=\"600\" \/>\n\t<meta property=\"og:image:type\" content=\"image\/jpeg\" \/>\n<meta name=\"twitter:card\" content=\"summary_large_image\" \/>\n<meta name=\"twitter:site\" content=\"@mmfssca\" \/>\n<meta name=\"twitter:label1\" content=\"Estimation du temps de lecture\" \/>\n\t<meta name=\"twitter:data1\" content=\"1 minute\" \/>\n<script type=\"application\/ld+json\" class=\"yoast-schema-graph\">{\"@context\":\"https:\\\/\\\/schema.org\",\"@graph\":[{\"@type\":\"WebPage\",\"@id\":\"https:\\\/\\\/safetysourcefire.ca\\\/?product=kore-kooler-rehab-chair\",\"url\":\"https:\\\/\\\/safetysourcefire.ca\\\/?product=kore-kooler-rehab-chair\",\"name\":\"Kore Kooler\u00ae Rehab Chair - Safety Source Fire\",\"isPartOf\":{\"@id\":\"https:\\\/\\\/safetysourcefire.ca\\\/#website\"},\"primaryImageOfPage\":{\"@id\":\"https:\\\/\\\/safetysourcefire.ca\\\/?product=kore-kooler-rehab-chair#primaryimage\"},\"image\":{\"@id\":\"https:\\\/\\\/safetysourcefire.ca\\\/?product=kore-kooler-rehab-chair#primaryimage\"},\"thumbnailUrl\":\"https:\\\/\\\/safetysourcefire.ca\\\/wp-content\\\/uploads\\\/2020\\\/05\\\/Kore-Kooler-Chair__02168.1534789607.jpg\",\"datePublished\":\"2020-04-05T13:32:01+00:00\",\"dateModified\":\"2023-09-06T15:08:23+00:00\",\"breadcrumb\":{\"@id\":\"https:\\\/\\\/safetysourcefire.ca\\\/?product=kore-kooler-rehab-chair#breadcrumb\"},\"inLanguage\":\"fr-CA\",\"potentialAction\":[{\"@type\":\"ReadAction\",\"target\":[\"https:\\\/\\\/safetysourcefire.ca\\\/?product=kore-kooler-rehab-chair\"]}]},{\"@type\":\"ImageObject\",\"inLanguage\":\"fr-CA\",\"@id\":\"https:\\\/\\\/safetysourcefire.ca\\\/?product=kore-kooler-rehab-chair#primaryimage\",\"url\":\"https:\\\/\\\/safetysourcefire.ca\\\/wp-content\\\/uploads\\\/2020\\\/05\\\/Kore-Kooler-Chair__02168.1534789607.jpg\",\"contentUrl\":\"https:\\\/\\\/safetysourcefire.ca\\\/wp-content\\\/uploads\\\/2020\\\/05\\\/Kore-Kooler-Chair__02168.1534789607.jpg\",\"width\":600,\"height\":600,\"caption\":\"chair\"},{\"@type\":\"BreadcrumbList\",\"@id\":\"https:\\\/\\\/safetysourcefire.ca\\\/?product=kore-kooler-rehab-chair#breadcrumb\",\"itemListElement\":[{\"@type\":\"ListItem\",\"position\":1,\"name\":\"Home\",\"item\":\"https:\\\/\\\/safetysourcefire.ca\\\/\"},{\"@type\":\"ListItem\",\"position\":2,\"name\":\"Products\",\"item\":\"https:\\\/\\\/safetysourcefire.ca\\\/shop\\\/\"},{\"@type\":\"ListItem\",\"position\":3,\"name\":\"Kore Kooler\u00ae Rehab Chair\"}]},{\"@type\":\"WebSite\",\"@id\":\"https:\\\/\\\/safetysourcefire.ca\\\/#website\",\"url\":\"https:\\\/\\\/safetysourcefire.ca\\\/\",\"name\":\"Safety Source Fire\",\"description\":\"\",\"publisher\":{\"@id\":\"https:\\\/\\\/safetysourcefire.ca\\\/#organization\"},\"potentialAction\":[{\"@type\":\"SearchAction\",\"target\":{\"@type\":\"EntryPoint\",\"urlTemplate\":\"https:\\\/\\\/safetysourcefire.ca\\\/?s={search_term_string}\"},\"query-input\":{\"@type\":\"PropertyValueSpecification\",\"valueRequired\":true,\"valueName\":\"search_term_string\"}}],\"inLanguage\":\"fr-CA\"},{\"@type\":\"Organization\",\"@id\":\"https:\\\/\\\/safetysourcefire.ca\\\/#organization\",\"name\":\"Safety Source Fire\",\"url\":\"https:\\\/\\\/safetysourcefire.ca\\\/\",\"logo\":{\"@type\":\"ImageObject\",\"inLanguage\":\"fr-CA\",\"@id\":\"https:\\\/\\\/safetysourcefire.ca\\\/#\\\/schema\\\/logo\\\/image\\\/\",\"url\":\"https:\\\/\\\/safetysourcefire.ca\\\/wp-content\\\/uploads\\\/2021\\\/01\\\/SSF_logo_CC0000-3.png\",\"contentUrl\":\"https:\\\/\\\/safetysourcefire.ca\\\/wp-content\\\/uploads\\\/2021\\\/01\\\/SSF_logo_CC0000-3.png\",\"width\":1107,\"height\":365,\"caption\":\"Safety Source Fire\"},\"image\":{\"@id\":\"https:\\\/\\\/safetysourcefire.ca\\\/#\\\/schema\\\/logo\\\/image\\\/\"},\"sameAs\":[\"https:\\\/\\\/www.facebook.com\\\/mmfssca\",\"https:\\\/\\\/x.com\\\/mmfssca\"]}]}<\/script>\n<!-- \/ Yoast SEO plugin. -->","yoast_head_json":{"title":"Kore Kooler\u00ae Rehab Chair - Safety Source Fire","robots":{"index":"index","follow":"follow","max-snippet":"max-snippet:-1","max-image-preview":"max-image-preview:large","max-video-preview":"max-video-preview:-1"},"canonical":"https:\/\/safetysourcefire.ca\/fr\/?product=kore-kooler-rehab-chair","og_locale":"fr_CA","og_type":"article","og_title":"Kore Kooler\u00ae Rehab Chair - Safety Source Fire","og_description":"This cooling chair provides an effective means of lowering body temperature through hand and forearm immersion.","og_url":"https:\/\/safetysourcefire.ca\/fr\/?product=kore-kooler-rehab-chair","og_site_name":"Safety Source Fire","article_publisher":"https:\/\/www.facebook.com\/mmfssca","article_modified_time":"2023-09-06T15:08:23+00:00","og_image":[{"width":600,"height":600,"url":"https:\/\/safetysourcefire.ca\/wp-content\/uploads\/2020\/05\/Kore-Kooler-Chair__02168.1534789607.jpg","type":"image\/jpeg"}],"twitter_card":"summary_large_image","twitter_site":"@mmfssca","twitter_misc":{"Estimation du temps de lecture":"1 minute"},"schema":{"@context":"https:\/\/schema.org","@graph":[{"@type":"WebPage","@id":"https:\/\/safetysourcefire.ca\/?product=kore-kooler-rehab-chair","url":"https:\/\/safetysourcefire.ca\/?product=kore-kooler-rehab-chair","name":"Kore Kooler\u00ae Rehab Chair - Safety Source Fire","isPartOf":{"@id":"https:\/\/safetysourcefire.ca\/#website"},"primaryImageOfPage":{"@id":"https:\/\/safetysourcefire.ca\/?product=kore-kooler-rehab-chair#primaryimage"},"image":{"@id":"https:\/\/safetysourcefire.ca\/?product=kore-kooler-rehab-chair#primaryimage"},"thumbnailUrl":"https:\/\/safetysourcefire.ca\/wp-content\/uploads\/2020\/05\/Kore-Kooler-Chair__02168.1534789607.jpg","datePublished":"2020-04-05T13:32:01+00:00","dateModified":"2023-09-06T15:08:23+00:00","breadcrumb":{"@id":"https:\/\/safetysourcefire.ca\/?product=kore-kooler-rehab-chair#breadcrumb"},"inLanguage":"fr-CA","potentialAction":[{"@type":"ReadAction","target":["https:\/\/safetysourcefire.ca\/?product=kore-kooler-rehab-chair"]}]},{"@type":"ImageObject","inLanguage":"fr-CA","@id":"https:\/\/safetysourcefire.ca\/?product=kore-kooler-rehab-chair#primaryimage","url":"https:\/\/safetysourcefire.ca\/wp-content\/uploads\/2020\/05\/Kore-Kooler-Chair__02168.1534789607.jpg","contentUrl":"https:\/\/safetysourcefire.ca\/wp-content\/uploads\/2020\/05\/Kore-Kooler-Chair__02168.1534789607.jpg","width":600,"height":600,"caption":"chair"},{"@type":"BreadcrumbList","@id":"https:\/\/safetysourcefire.ca\/?product=kore-kooler-rehab-chair#breadcrumb","itemListElement":[{"@type":"ListItem","position":1,"name":"Home","item":"https:\/\/safetysourcefire.ca\/"},{"@type":"ListItem","position":2,"name":"Products","item":"https:\/\/safetysourcefire.ca\/shop\/"},{"@type":"ListItem","position":3,"name":"Kore Kooler\u00ae Rehab Chair"}]},{"@type":"WebSite","@id":"https:\/\/safetysourcefire.ca\/#website","url":"https:\/\/safetysourcefire.ca\/","name":"Safety Source Fire","description":"","publisher":{"@id":"https:\/\/safetysourcefire.ca\/#organization"},"potentialAction":[{"@type":"SearchAction","target":{"@type":"EntryPoint","urlTemplate":"https:\/\/safetysourcefire.ca\/?s={search_term_string}"},"query-input":{"@type":"PropertyValueSpecification","valueRequired":true,"valueName":"search_term_string"}}],"inLanguage":"fr-CA"},{"@type":"Organization","@id":"https:\/\/safetysourcefire.ca\/#organization","name":"Safety Source Fire","url":"https:\/\/safetysourcefire.ca\/","logo":{"@type":"ImageObject","inLanguage":"fr-CA","@id":"https:\/\/safetysourcefire.ca\/#\/schema\/logo\/image\/","url":"https:\/\/safetysourcefire.ca\/wp-content\/uploads\/2021\/01\/SSF_logo_CC0000-3.png","contentUrl":"https:\/\/safetysourcefire.ca\/wp-content\/uploads\/2021\/01\/SSF_logo_CC0000-3.png","width":1107,"height":365,"caption":"Safety Source Fire"},"image":{"@id":"https:\/\/safetysourcefire.ca\/#\/schema\/logo\/image\/"},"sameAs":["https:\/\/www.facebook.com\/mmfssca","https:\/\/x.com\/mmfssca"]}]}},"_links":{"self":[{"href":"https:\/\/safetysourcefire.ca\/fr\/wp-json\/wp\/v2\/product\/20569","targetHints":{"allow":["GET"]}}],"collection":[{"href":"https:\/\/safetysourcefire.ca\/fr\/wp-json\/wp\/v2\/product"}],"about":[{"href":"https:\/\/safetysourcefire.ca\/fr\/wp-json\/wp\/v2\/types\/product"}],"wp:featuredmedia":[{"embeddable":true,"href":"https:\/\/safetysourcefire.ca\/fr\/wp-json\/wp\/v2\/media\/20571"}],"wp:attachment":[{"href":"https:\/\/safetysourcefire.ca\/fr\/wp-json\/wp\/v2\/media?parent=20569"}],"wp:term":[{"taxonomy":"product_brand","embeddable":true,"href":"https:\/\/safetysourcefire.ca\/fr\/wp-json\/wp\/v2\/product_brand?post=20569"},{"taxonomy":"product_cat","embeddable":true,"href":"https:\/\/safetysourcefire.ca\/fr\/wp-json\/wp\/v2\/product_cat?post=20569"},{"taxonomy":"product_tag","embeddable":true,"href":"https:\/\/safetysourcefire.ca\/fr\/wp-json\/wp\/v2\/product_tag?post=20569"}],"curies":[{"name":"wp","href":"https:\/\/api.w.org\/{rel}","templated":true}]}}