{"id":20570,"date":"2020-04-05T13:34:40","date_gmt":"2020-04-05T13:34:40","guid":{"rendered":"https:\/\/staging.mmfss.ca\/?post_type=product&#038;p=20570"},"modified":"2020-05-05T13:51:03","modified_gmt":"2020-05-05T13:51:03","slug":"kore-kooler-rehab-chair-replacement-reservoir-bags","status":"publish","type":"product","link":"https:\/\/safetysourcefire.ca\/fr\/produit\/kore-kooler-rehab-chair-replacement-reservoir-bags\/","title":{"rendered":"Sacs de remplacements pour r\u00e9servoirs de la chaise de r\u00e9adaptation Kore Kooler"},"content":{"rendered":"<p>#RH2002<\/p>\n<ul>\n<li>Fabriqu\u00e9 en poly\u00e9thyl\u00e8ne formul\u00e9 pour s&#039;adapter aux temp\u00e9ratures froides<\/li>\n<li>Dimensionn\u00e9 pour les r\u00e9servoirs de bras de chaise Kore Kooler Rehab<\/li>\n<\/ul>\n<p>Paquet de 30 sacs<\/p>","protected":false},"excerpt":{"rendered":"<p>Ces sacs de r\u00e9servoir \u00e0 bras de remplacement contiennent plusieurs gallons d'eau pour permettre un processus de refroidissement actif dans la chaise Kore Kooler Rehab.<\/p>","protected":false},"featured_media":20572,"template":"","meta":[],"product_brand":[476],"product_cat":[462,463],"product_tag":[477],"class_list":{"0":"post-20570","1":"product","2":"type-product","3":"status-publish","4":"has-post-thumbnail","6":"product_brand-dqe","7":"product_cat-emergency-preparedness","8":"product_cat-wildland-fire","9":"product_tag-dqe","11":"first","12":"instock","13":"shipping-taxable","14":"product-type-simple"},"yoast_head":"<!-- This site is optimized with the Yoast SEO plugin v27.4 - https:\/\/yoast.com\/product\/yoast-seo-wordpress\/ -->\n<title>Kore Kooler Rehab Chair Replacement Reservoir Bags - Safety Source Fire<\/title>\n<meta name=\"robots\" content=\"index, follow, max-snippet:-1, max-image-preview:large, max-video-preview:-1\" \/>\n<link rel=\"canonical\" href=\"https:\/\/safetysourcefire.ca\/fr\/?product=kore-kooler-rehab-chair-replacement-reservoir-bags\" \/>\n<meta property=\"og:locale\" content=\"fr_CA\" \/>\n<meta property=\"og:type\" content=\"article\" \/>\n<meta property=\"og:title\" content=\"Kore Kooler Rehab Chair Replacement Reservoir Bags - Safety Source Fire\" \/>\n<meta property=\"og:description\" content=\"These replacement arm reservoir bags carry several gallons of water to enable the active cooling process in the Kore Kooler Rehab Chair.\" \/>\n<meta property=\"og:url\" content=\"https:\/\/safetysourcefire.ca\/fr\/?product=kore-kooler-rehab-chair-replacement-reservoir-bags\" \/>\n<meta property=\"og:site_name\" content=\"Safety Source Fire\" \/>\n<meta property=\"article:publisher\" content=\"https:\/\/www.facebook.com\/mmfssca\" \/>\n<meta property=\"article:modified_time\" content=\"2020-05-05T13:51:03+00:00\" \/>\n<meta property=\"og:image\" content=\"https:\/\/safetysourcefire.ca\/wp-content\/uploads\/2020\/05\/Kore-Kooler-Reservior-Bag__90965.1548095456.jpg\" \/>\n\t<meta property=\"og:image:width\" content=\"600\" \/>\n\t<meta property=\"og:image:height\" content=\"600\" \/>\n\t<meta property=\"og:image:type\" content=\"image\/jpeg\" \/>\n<meta name=\"twitter:card\" content=\"summary_large_image\" \/>\n<meta name=\"twitter:site\" content=\"@mmfssca\" \/>\n<script type=\"application\/ld+json\" class=\"yoast-schema-graph\">{\"@context\":\"https:\\\/\\\/schema.org\",\"@graph\":[{\"@type\":\"WebPage\",\"@id\":\"https:\\\/\\\/safetysourcefire.ca\\\/?product=kore-kooler-rehab-chair-replacement-reservoir-bags\",\"url\":\"https:\\\/\\\/safetysourcefire.ca\\\/?product=kore-kooler-rehab-chair-replacement-reservoir-bags\",\"name\":\"Kore Kooler Rehab Chair Replacement Reservoir Bags - Safety Source Fire\",\"isPartOf\":{\"@id\":\"https:\\\/\\\/safetysourcefire.ca\\\/#website\"},\"primaryImageOfPage\":{\"@id\":\"https:\\\/\\\/safetysourcefire.ca\\\/?product=kore-kooler-rehab-chair-replacement-reservoir-bags#primaryimage\"},\"image\":{\"@id\":\"https:\\\/\\\/safetysourcefire.ca\\\/?product=kore-kooler-rehab-chair-replacement-reservoir-bags#primaryimage\"},\"thumbnailUrl\":\"https:\\\/\\\/safetysourcefire.ca\\\/wp-content\\\/uploads\\\/2020\\\/05\\\/Kore-Kooler-Reservior-Bag__90965.1548095456.jpg\",\"datePublished\":\"2020-04-05T13:34:40+00:00\",\"dateModified\":\"2020-05-05T13:51:03+00:00\",\"breadcrumb\":{\"@id\":\"https:\\\/\\\/safetysourcefire.ca\\\/?product=kore-kooler-rehab-chair-replacement-reservoir-bags#breadcrumb\"},\"inLanguage\":\"fr-CA\",\"potentialAction\":[{\"@type\":\"ReadAction\",\"target\":[\"https:\\\/\\\/safetysourcefire.ca\\\/?product=kore-kooler-rehab-chair-replacement-reservoir-bags\"]}]},{\"@type\":\"ImageObject\",\"inLanguage\":\"fr-CA\",\"@id\":\"https:\\\/\\\/safetysourcefire.ca\\\/?product=kore-kooler-rehab-chair-replacement-reservoir-bags#primaryimage\",\"url\":\"https:\\\/\\\/safetysourcefire.ca\\\/wp-content\\\/uploads\\\/2020\\\/05\\\/Kore-Kooler-Reservior-Bag__90965.1548095456.jpg\",\"contentUrl\":\"https:\\\/\\\/safetysourcefire.ca\\\/wp-content\\\/uploads\\\/2020\\\/05\\\/Kore-Kooler-Reservior-Bag__90965.1548095456.jpg\",\"width\":600,\"height\":600,\"caption\":\"chair\"},{\"@type\":\"BreadcrumbList\",\"@id\":\"https:\\\/\\\/safetysourcefire.ca\\\/?product=kore-kooler-rehab-chair-replacement-reservoir-bags#breadcrumb\",\"itemListElement\":[{\"@type\":\"ListItem\",\"position\":1,\"name\":\"Home\",\"item\":\"https:\\\/\\\/safetysourcefire.ca\\\/\"},{\"@type\":\"ListItem\",\"position\":2,\"name\":\"Products\",\"item\":\"https:\\\/\\\/safetysourcefire.ca\\\/shop\\\/\"},{\"@type\":\"ListItem\",\"position\":3,\"name\":\"Kore Kooler Rehab Chair Replacement Reservoir Bags\"}]},{\"@type\":\"WebSite\",\"@id\":\"https:\\\/\\\/safetysourcefire.ca\\\/#website\",\"url\":\"https:\\\/\\\/safetysourcefire.ca\\\/\",\"name\":\"Safety Source Fire\",\"description\":\"\",\"publisher\":{\"@id\":\"https:\\\/\\\/safetysourcefire.ca\\\/#organization\"},\"potentialAction\":[{\"@type\":\"SearchAction\",\"target\":{\"@type\":\"EntryPoint\",\"urlTemplate\":\"https:\\\/\\\/safetysourcefire.ca\\\/?s={search_term_string}\"},\"query-input\":{\"@type\":\"PropertyValueSpecification\",\"valueRequired\":true,\"valueName\":\"search_term_string\"}}],\"inLanguage\":\"fr-CA\"},{\"@type\":\"Organization\",\"@id\":\"https:\\\/\\\/safetysourcefire.ca\\\/#organization\",\"name\":\"Safety Source Fire\",\"url\":\"https:\\\/\\\/safetysourcefire.ca\\\/\",\"logo\":{\"@type\":\"ImageObject\",\"inLanguage\":\"fr-CA\",\"@id\":\"https:\\\/\\\/safetysourcefire.ca\\\/#\\\/schema\\\/logo\\\/image\\\/\",\"url\":\"https:\\\/\\\/safetysourcefire.ca\\\/wp-content\\\/uploads\\\/2021\\\/01\\\/SSF_logo_CC0000-3.png\",\"contentUrl\":\"https:\\\/\\\/safetysourcefire.ca\\\/wp-content\\\/uploads\\\/2021\\\/01\\\/SSF_logo_CC0000-3.png\",\"width\":1107,\"height\":365,\"caption\":\"Safety Source Fire\"},\"image\":{\"@id\":\"https:\\\/\\\/safetysourcefire.ca\\\/#\\\/schema\\\/logo\\\/image\\\/\"},\"sameAs\":[\"https:\\\/\\\/www.facebook.com\\\/mmfssca\",\"https:\\\/\\\/x.com\\\/mmfssca\"]}]}<\/script>\n<!-- \/ Yoast SEO plugin. -->","yoast_head_json":{"title":"Kore Kooler Rehab Chair Replacement Reservoir Bags - Safety Source Fire","robots":{"index":"index","follow":"follow","max-snippet":"max-snippet:-1","max-image-preview":"max-image-preview:large","max-video-preview":"max-video-preview:-1"},"canonical":"https:\/\/safetysourcefire.ca\/fr\/?product=kore-kooler-rehab-chair-replacement-reservoir-bags","og_locale":"fr_CA","og_type":"article","og_title":"Kore Kooler Rehab Chair Replacement Reservoir Bags - Safety Source Fire","og_description":"These replacement arm reservoir bags carry several gallons of water to enable the active cooling process in the Kore Kooler Rehab Chair.","og_url":"https:\/\/safetysourcefire.ca\/fr\/?product=kore-kooler-rehab-chair-replacement-reservoir-bags","og_site_name":"Safety Source Fire","article_publisher":"https:\/\/www.facebook.com\/mmfssca","article_modified_time":"2020-05-05T13:51:03+00:00","og_image":[{"width":600,"height":600,"url":"https:\/\/safetysourcefire.ca\/wp-content\/uploads\/2020\/05\/Kore-Kooler-Reservior-Bag__90965.1548095456.jpg","type":"image\/jpeg"}],"twitter_card":"summary_large_image","twitter_site":"@mmfssca","schema":{"@context":"https:\/\/schema.org","@graph":[{"@type":"WebPage","@id":"https:\/\/safetysourcefire.ca\/?product=kore-kooler-rehab-chair-replacement-reservoir-bags","url":"https:\/\/safetysourcefire.ca\/?product=kore-kooler-rehab-chair-replacement-reservoir-bags","name":"Kore Kooler Rehab Chair Replacement Reservoir Bags - Safety Source Fire","isPartOf":{"@id":"https:\/\/safetysourcefire.ca\/#website"},"primaryImageOfPage":{"@id":"https:\/\/safetysourcefire.ca\/?product=kore-kooler-rehab-chair-replacement-reservoir-bags#primaryimage"},"image":{"@id":"https:\/\/safetysourcefire.ca\/?product=kore-kooler-rehab-chair-replacement-reservoir-bags#primaryimage"},"thumbnailUrl":"https:\/\/safetysourcefire.ca\/wp-content\/uploads\/2020\/05\/Kore-Kooler-Reservior-Bag__90965.1548095456.jpg","datePublished":"2020-04-05T13:34:40+00:00","dateModified":"2020-05-05T13:51:03+00:00","breadcrumb":{"@id":"https:\/\/safetysourcefire.ca\/?product=kore-kooler-rehab-chair-replacement-reservoir-bags#breadcrumb"},"inLanguage":"fr-CA","potentialAction":[{"@type":"ReadAction","target":["https:\/\/safetysourcefire.ca\/?product=kore-kooler-rehab-chair-replacement-reservoir-bags"]}]},{"@type":"ImageObject","inLanguage":"fr-CA","@id":"https:\/\/safetysourcefire.ca\/?product=kore-kooler-rehab-chair-replacement-reservoir-bags#primaryimage","url":"https:\/\/safetysourcefire.ca\/wp-content\/uploads\/2020\/05\/Kore-Kooler-Reservior-Bag__90965.1548095456.jpg","contentUrl":"https:\/\/safetysourcefire.ca\/wp-content\/uploads\/2020\/05\/Kore-Kooler-Reservior-Bag__90965.1548095456.jpg","width":600,"height":600,"caption":"chair"},{"@type":"BreadcrumbList","@id":"https:\/\/safetysourcefire.ca\/?product=kore-kooler-rehab-chair-replacement-reservoir-bags#breadcrumb","itemListElement":[{"@type":"ListItem","position":1,"name":"Home","item":"https:\/\/safetysourcefire.ca\/"},{"@type":"ListItem","position":2,"name":"Products","item":"https:\/\/safetysourcefire.ca\/shop\/"},{"@type":"ListItem","position":3,"name":"Kore Kooler Rehab Chair Replacement Reservoir Bags"}]},{"@type":"WebSite","@id":"https:\/\/safetysourcefire.ca\/#website","url":"https:\/\/safetysourcefire.ca\/","name":"Safety Source Fire","description":"","publisher":{"@id":"https:\/\/safetysourcefire.ca\/#organization"},"potentialAction":[{"@type":"SearchAction","target":{"@type":"EntryPoint","urlTemplate":"https:\/\/safetysourcefire.ca\/?s={search_term_string}"},"query-input":{"@type":"PropertyValueSpecification","valueRequired":true,"valueName":"search_term_string"}}],"inLanguage":"fr-CA"},{"@type":"Organization","@id":"https:\/\/safetysourcefire.ca\/#organization","name":"Safety Source Fire","url":"https:\/\/safetysourcefire.ca\/","logo":{"@type":"ImageObject","inLanguage":"fr-CA","@id":"https:\/\/safetysourcefire.ca\/#\/schema\/logo\/image\/","url":"https:\/\/safetysourcefire.ca\/wp-content\/uploads\/2021\/01\/SSF_logo_CC0000-3.png","contentUrl":"https:\/\/safetysourcefire.ca\/wp-content\/uploads\/2021\/01\/SSF_logo_CC0000-3.png","width":1107,"height":365,"caption":"Safety Source Fire"},"image":{"@id":"https:\/\/safetysourcefire.ca\/#\/schema\/logo\/image\/"},"sameAs":["https:\/\/www.facebook.com\/mmfssca","https:\/\/x.com\/mmfssca"]}]}},"_links":{"self":[{"href":"https:\/\/safetysourcefire.ca\/fr\/wp-json\/wp\/v2\/product\/20570","targetHints":{"allow":["GET"]}}],"collection":[{"href":"https:\/\/safetysourcefire.ca\/fr\/wp-json\/wp\/v2\/product"}],"about":[{"href":"https:\/\/safetysourcefire.ca\/fr\/wp-json\/wp\/v2\/types\/product"}],"wp:featuredmedia":[{"embeddable":true,"href":"https:\/\/safetysourcefire.ca\/fr\/wp-json\/wp\/v2\/media\/20572"}],"wp:attachment":[{"href":"https:\/\/safetysourcefire.ca\/fr\/wp-json\/wp\/v2\/media?parent=20570"}],"wp:term":[{"taxonomy":"product_brand","embeddable":true,"href":"https:\/\/safetysourcefire.ca\/fr\/wp-json\/wp\/v2\/product_brand?post=20570"},{"taxonomy":"product_cat","embeddable":true,"href":"https:\/\/safetysourcefire.ca\/fr\/wp-json\/wp\/v2\/product_cat?post=20570"},{"taxonomy":"product_tag","embeddable":true,"href":"https:\/\/safetysourcefire.ca\/fr\/wp-json\/wp\/v2\/product_tag?post=20570"}],"curies":[{"name":"wp","href":"https:\/\/api.w.org\/{rel}","templated":true}]}}