{"id":20628,"date":"2020-04-06T14:54:13","date_gmt":"2020-04-06T14:54:13","guid":{"rendered":"https:\/\/staging.mmfss.ca\/?post_type=product&#038;p=20628"},"modified":"2020-05-06T15:49:28","modified_gmt":"2020-05-06T15:49:28","slug":"fire-rake-60%e2%80%b3-wooden-handle","status":"publish","type":"product","link":"https:\/\/safetysourcefire.ca\/fr\/produit\/fire-rake-60%e2%80%b3-wooden-handle\/","title":{"rendered":"R\u00e2teau \u00e0 feu avec manche en bois"},"content":{"rendered":"<p>Poign\u00e9e 60\u2033 : LW12-60FSS<br \/>\nPoign\u00e9e 52\u2033 : LW12-52FSS<\/p>\n<p>Produit conform\u00e9ment \u00e0 la sp\u00e9cification 5100-284C du service forestier de l'USDA dat\u00e9e du 1er janvier 2000 ou \u00e0 sa derni\u00e8re r\u00e9vision. Parfois appel\u00e9 \u00ab\u00a0outil, r\u00e2teau et coupe\u00a0\u00bb. Outil forestier durable pour hacher, ratisser, d\u00e9placer des sous-bois, des vignes, etc. D\u00e9velopp\u00e9 \u00e0 l'origine par ''Council Tool Company'' dans les ann\u00e9es 1920, en collaboration avec le personnel forestier. Con\u00e7u pour la construction de lignes d'incendie lors de br\u00fblages contr\u00f4l\u00e9s et d'incendies de for\u00eat. Exp\u00e9di\u00e9 en pi\u00e8ces d\u00e9tach\u00e9es.<\/p>\n<ul>\n<li>Fabriqu\u00e9 aux \u00c9tats-Unis.<\/li>\n<li>Dents de coupe en acier, de forme triangulaire (4), sp\u00e9cialement aff\u00fbt\u00e9es et tremp\u00e9es.<\/li>\n<li>Solidement rivet\u00e9 \u00e0 un \u00e9l\u00e9ment structurel en fer d&#039;angle r\u00e9sistant.<\/li>\n<li>Rev\u00eatement d'\u00e9mail de couleur rouge ; dents en acier naturel enduit pour lutter contre l'apparition de rouille.<\/li>\n<li>Poign\u00e9e de style compact. Peut facilement  se d\u00e9tacher en pi\u00e8ces pour le rangement et la manipulation.<\/li>\n<li>Manche en fr\u00eane am\u00e9ricain. Ce mat\u00e9riel produit un grain long et droit et offre r\u00e9sistance, flexibilit\u00e9 et durabilit\u00e9.<\/li>\n<\/ul>\n<p><em>\u00ab J'utilise cet outil presque exclusivement pour l'entretien des sentiers et la construction de nouveaux sentiers sur le sentier des Appalaches. C'est vraiment un travail dur et acharn\u00e9.  Je l'utilise m\u00eame pour couper des racines de 4 pouces, extraire des rochers du sol, couper des buissons de 1,5 pouce de diam\u00e8tre \u00e0 la base, tirer des vignes hors des arbres, et bien plus encore. M\u00eame si le m\u00e9tal est en acier tremp\u00e9, les dents peuvent \u00eatre aff\u00fbt\u00e9es \u00e0 la main dans une certaine mesure. C'est un excellent outil pour l'am\u00e9nagement paysager et d'autres utilisations du jardin. Fortement recommand\u00e9 et vaut le prix.\u201d<\/em><\/p>","protected":false},"excerpt":{"rendered":"<p>R\u00e2teau de feu de for\u00eat avec manche en bois. Produit conform\u00e9ment aux sp\u00e9cifications du service forestier de l&#039;USDA.<\/p>","protected":false},"featured_media":20633,"template":"","meta":[],"product_brand":[214],"product_cat":[462,46,72,463],"product_tag":[274],"class_list":{"0":"post-20628","1":"product","2":"type-product","3":"status-publish","4":"has-post-thumbnail","6":"product_brand-council-tool","7":"product_cat-emergency-preparedness","8":"product_cat-hand-tools","9":"product_cat-miscellaneous-hand-tools","10":"product_cat-wildland-fire","11":"product_tag-council-tool","13":"first","14":"instock","15":"shipping-taxable","16":"product-type-simple"},"yoast_head":"<!-- This site is optimized with the Yoast SEO plugin v27.4 - https:\/\/yoast.com\/product\/yoast-seo-wordpress\/ -->\n<title>Fire Rake; Wooden Handle - Safety Source Fire<\/title>\n<meta name=\"robots\" content=\"index, follow, max-snippet:-1, max-image-preview:large, max-video-preview:-1\" \/>\n<link rel=\"canonical\" href=\"https:\/\/safetysourcefire.ca\/fr\/?product=fire-rake-60\u2033-wooden-handle\" \/>\n<meta property=\"og:locale\" content=\"fr_CA\" \/>\n<meta property=\"og:type\" content=\"article\" \/>\n<meta property=\"og:title\" content=\"Fire Rake; Wooden Handle - Safety Source Fire\" \/>\n<meta property=\"og:description\" content=\"Forest fire rake with wooden handle. Produced in accordance with USDA Forest Service Specification.\" \/>\n<meta property=\"og:url\" content=\"https:\/\/safetysourcefire.ca\/fr\/?product=fire-rake-60\u2033-wooden-handle\" \/>\n<meta property=\"og:site_name\" content=\"Safety Source Fire\" \/>\n<meta property=\"article:publisher\" content=\"https:\/\/www.facebook.com\/mmfssca\" \/>\n<meta property=\"article:modified_time\" content=\"2020-05-06T15:49:28+00:00\" \/>\n<meta property=\"og:image\" content=\"https:\/\/safetysourcefire.ca\/wp-content\/uploads\/2020\/05\/lw12-52.jpg\" \/>\n\t<meta property=\"og:image:width\" content=\"600\" \/>\n\t<meta property=\"og:image:height\" content=\"600\" \/>\n\t<meta property=\"og:image:type\" content=\"image\/jpeg\" \/>\n<meta name=\"twitter:card\" content=\"summary_large_image\" \/>\n<meta name=\"twitter:site\" content=\"@mmfssca\" \/>\n<meta name=\"twitter:label1\" content=\"Estimation du temps de lecture\" \/>\n\t<meta name=\"twitter:data1\" content=\"1 minute\" \/>\n<script type=\"application\/ld+json\" class=\"yoast-schema-graph\">{\"@context\":\"https:\\\/\\\/schema.org\",\"@graph\":[{\"@type\":\"WebPage\",\"@id\":\"https:\\\/\\\/safetysourcefire.ca\\\/?product=fire-rake-60%e2%80%b3-wooden-handle\",\"url\":\"https:\\\/\\\/safetysourcefire.ca\\\/?product=fire-rake-60%e2%80%b3-wooden-handle\",\"name\":\"Fire Rake; Wooden Handle - Safety Source Fire\",\"isPartOf\":{\"@id\":\"https:\\\/\\\/safetysourcefire.ca\\\/#website\"},\"primaryImageOfPage\":{\"@id\":\"https:\\\/\\\/safetysourcefire.ca\\\/?product=fire-rake-60%e2%80%b3-wooden-handle#primaryimage\"},\"image\":{\"@id\":\"https:\\\/\\\/safetysourcefire.ca\\\/?product=fire-rake-60%e2%80%b3-wooden-handle#primaryimage\"},\"thumbnailUrl\":\"https:\\\/\\\/safetysourcefire.ca\\\/wp-content\\\/uploads\\\/2020\\\/05\\\/lw12-52.jpg\",\"datePublished\":\"2020-04-06T14:54:13+00:00\",\"dateModified\":\"2020-05-06T15:49:28+00:00\",\"breadcrumb\":{\"@id\":\"https:\\\/\\\/safetysourcefire.ca\\\/?product=fire-rake-60%e2%80%b3-wooden-handle#breadcrumb\"},\"inLanguage\":\"fr-CA\",\"potentialAction\":[{\"@type\":\"ReadAction\",\"target\":[\"https:\\\/\\\/safetysourcefire.ca\\\/?product=fire-rake-60%e2%80%b3-wooden-handle\"]}]},{\"@type\":\"ImageObject\",\"inLanguage\":\"fr-CA\",\"@id\":\"https:\\\/\\\/safetysourcefire.ca\\\/?product=fire-rake-60%e2%80%b3-wooden-handle#primaryimage\",\"url\":\"https:\\\/\\\/safetysourcefire.ca\\\/wp-content\\\/uploads\\\/2020\\\/05\\\/lw12-52.jpg\",\"contentUrl\":\"https:\\\/\\\/safetysourcefire.ca\\\/wp-content\\\/uploads\\\/2020\\\/05\\\/lw12-52.jpg\",\"width\":600,\"height\":600,\"caption\":\"rake\"},{\"@type\":\"BreadcrumbList\",\"@id\":\"https:\\\/\\\/safetysourcefire.ca\\\/?product=fire-rake-60%e2%80%b3-wooden-handle#breadcrumb\",\"itemListElement\":[{\"@type\":\"ListItem\",\"position\":1,\"name\":\"Home\",\"item\":\"https:\\\/\\\/safetysourcefire.ca\\\/\"},{\"@type\":\"ListItem\",\"position\":2,\"name\":\"Products\",\"item\":\"https:\\\/\\\/safetysourcefire.ca\\\/shop\\\/\"},{\"@type\":\"ListItem\",\"position\":3,\"name\":\"Fire Rake; Wooden Handle\"}]},{\"@type\":\"WebSite\",\"@id\":\"https:\\\/\\\/safetysourcefire.ca\\\/#website\",\"url\":\"https:\\\/\\\/safetysourcefire.ca\\\/\",\"name\":\"Safety Source Fire\",\"description\":\"\",\"publisher\":{\"@id\":\"https:\\\/\\\/safetysourcefire.ca\\\/#organization\"},\"potentialAction\":[{\"@type\":\"SearchAction\",\"target\":{\"@type\":\"EntryPoint\",\"urlTemplate\":\"https:\\\/\\\/safetysourcefire.ca\\\/?s={search_term_string}\"},\"query-input\":{\"@type\":\"PropertyValueSpecification\",\"valueRequired\":true,\"valueName\":\"search_term_string\"}}],\"inLanguage\":\"fr-CA\"},{\"@type\":\"Organization\",\"@id\":\"https:\\\/\\\/safetysourcefire.ca\\\/#organization\",\"name\":\"Safety Source Fire\",\"url\":\"https:\\\/\\\/safetysourcefire.ca\\\/\",\"logo\":{\"@type\":\"ImageObject\",\"inLanguage\":\"fr-CA\",\"@id\":\"https:\\\/\\\/safetysourcefire.ca\\\/#\\\/schema\\\/logo\\\/image\\\/\",\"url\":\"https:\\\/\\\/safetysourcefire.ca\\\/wp-content\\\/uploads\\\/2021\\\/01\\\/SSF_logo_CC0000-3.png\",\"contentUrl\":\"https:\\\/\\\/safetysourcefire.ca\\\/wp-content\\\/uploads\\\/2021\\\/01\\\/SSF_logo_CC0000-3.png\",\"width\":1107,\"height\":365,\"caption\":\"Safety Source Fire\"},\"image\":{\"@id\":\"https:\\\/\\\/safetysourcefire.ca\\\/#\\\/schema\\\/logo\\\/image\\\/\"},\"sameAs\":[\"https:\\\/\\\/www.facebook.com\\\/mmfssca\",\"https:\\\/\\\/x.com\\\/mmfssca\"]}]}<\/script>\n<!-- \/ Yoast SEO plugin. -->","yoast_head_json":{"title":"R\u00e2teau \u00e0 feu\u00a0; manche en bois - Safety Source Fire","robots":{"index":"index","follow":"follow","max-snippet":"max-snippet:-1","max-image-preview":"max-image-preview:large","max-video-preview":"max-video-preview:-1"},"canonical":"https:\/\/safetysourcefire.ca\/fr\/?product=fire-rake-60\u2033-wooden-handle","og_locale":"fr_CA","og_type":"article","og_title":"Fire Rake; Wooden Handle - Safety Source Fire","og_description":"Forest fire rake with wooden handle. Produced in accordance with USDA Forest Service Specification.","og_url":"https:\/\/safetysourcefire.ca\/fr\/?product=fire-rake-60\u2033-wooden-handle","og_site_name":"Safety Source Fire","article_publisher":"https:\/\/www.facebook.com\/mmfssca","article_modified_time":"2020-05-06T15:49:28+00:00","og_image":[{"width":600,"height":600,"url":"https:\/\/safetysourcefire.ca\/wp-content\/uploads\/2020\/05\/lw12-52.jpg","type":"image\/jpeg"}],"twitter_card":"summary_large_image","twitter_site":"@mmfssca","twitter_misc":{"Estimation du temps de lecture":"1 minute"},"schema":{"@context":"https:\/\/schema.org","@graph":[{"@type":"WebPage","@id":"https:\/\/safetysourcefire.ca\/?product=fire-rake-60%e2%80%b3-wooden-handle","url":"https:\/\/safetysourcefire.ca\/?product=fire-rake-60%e2%80%b3-wooden-handle","name":"R\u00e2teau \u00e0 feu\u00a0; manche en bois - Safety Source Fire","isPartOf":{"@id":"https:\/\/safetysourcefire.ca\/#website"},"primaryImageOfPage":{"@id":"https:\/\/safetysourcefire.ca\/?product=fire-rake-60%e2%80%b3-wooden-handle#primaryimage"},"image":{"@id":"https:\/\/safetysourcefire.ca\/?product=fire-rake-60%e2%80%b3-wooden-handle#primaryimage"},"thumbnailUrl":"https:\/\/safetysourcefire.ca\/wp-content\/uploads\/2020\/05\/lw12-52.jpg","datePublished":"2020-04-06T14:54:13+00:00","dateModified":"2020-05-06T15:49:28+00:00","breadcrumb":{"@id":"https:\/\/safetysourcefire.ca\/?product=fire-rake-60%e2%80%b3-wooden-handle#breadcrumb"},"inLanguage":"fr-CA","potentialAction":[{"@type":"ReadAction","target":["https:\/\/safetysourcefire.ca\/?product=fire-rake-60%e2%80%b3-wooden-handle"]}]},{"@type":"ImageObject","inLanguage":"fr-CA","@id":"https:\/\/safetysourcefire.ca\/?product=fire-rake-60%e2%80%b3-wooden-handle#primaryimage","url":"https:\/\/safetysourcefire.ca\/wp-content\/uploads\/2020\/05\/lw12-52.jpg","contentUrl":"https:\/\/safetysourcefire.ca\/wp-content\/uploads\/2020\/05\/lw12-52.jpg","width":600,"height":600,"caption":"rake"},{"@type":"BreadcrumbList","@id":"https:\/\/safetysourcefire.ca\/?product=fire-rake-60%e2%80%b3-wooden-handle#breadcrumb","itemListElement":[{"@type":"ListItem","position":1,"name":"Home","item":"https:\/\/safetysourcefire.ca\/"},{"@type":"ListItem","position":2,"name":"Products","item":"https:\/\/safetysourcefire.ca\/shop\/"},{"@type":"ListItem","position":3,"name":"Fire Rake; Wooden Handle"}]},{"@type":"WebSite","@id":"https:\/\/safetysourcefire.ca\/#website","url":"https:\/\/safetysourcefire.ca\/","name":"Safety Source Fire","description":"","publisher":{"@id":"https:\/\/safetysourcefire.ca\/#organization"},"potentialAction":[{"@type":"SearchAction","target":{"@type":"EntryPoint","urlTemplate":"https:\/\/safetysourcefire.ca\/?s={search_term_string}"},"query-input":{"@type":"PropertyValueSpecification","valueRequired":true,"valueName":"search_term_string"}}],"inLanguage":"fr-CA"},{"@type":"Organization","@id":"https:\/\/safetysourcefire.ca\/#organization","name":"Safety Source Fire","url":"https:\/\/safetysourcefire.ca\/","logo":{"@type":"ImageObject","inLanguage":"fr-CA","@id":"https:\/\/safetysourcefire.ca\/#\/schema\/logo\/image\/","url":"https:\/\/safetysourcefire.ca\/wp-content\/uploads\/2021\/01\/SSF_logo_CC0000-3.png","contentUrl":"https:\/\/safetysourcefire.ca\/wp-content\/uploads\/2021\/01\/SSF_logo_CC0000-3.png","width":1107,"height":365,"caption":"Safety Source Fire"},"image":{"@id":"https:\/\/safetysourcefire.ca\/#\/schema\/logo\/image\/"},"sameAs":["https:\/\/www.facebook.com\/mmfssca","https:\/\/x.com\/mmfssca"]}]}},"_links":{"self":[{"href":"https:\/\/safetysourcefire.ca\/fr\/wp-json\/wp\/v2\/product\/20628","targetHints":{"allow":["GET"]}}],"collection":[{"href":"https:\/\/safetysourcefire.ca\/fr\/wp-json\/wp\/v2\/product"}],"about":[{"href":"https:\/\/safetysourcefire.ca\/fr\/wp-json\/wp\/v2\/types\/product"}],"wp:featuredmedia":[{"embeddable":true,"href":"https:\/\/safetysourcefire.ca\/fr\/wp-json\/wp\/v2\/media\/20633"}],"wp:attachment":[{"href":"https:\/\/safetysourcefire.ca\/fr\/wp-json\/wp\/v2\/media?parent=20628"}],"wp:term":[{"taxonomy":"product_brand","embeddable":true,"href":"https:\/\/safetysourcefire.ca\/fr\/wp-json\/wp\/v2\/product_brand?post=20628"},{"taxonomy":"product_cat","embeddable":true,"href":"https:\/\/safetysourcefire.ca\/fr\/wp-json\/wp\/v2\/product_cat?post=20628"},{"taxonomy":"product_tag","embeddable":true,"href":"https:\/\/safetysourcefire.ca\/fr\/wp-json\/wp\/v2\/product_tag?post=20628"}],"curies":[{"name":"wp","href":"https:\/\/api.w.org\/{rel}","templated":true}]}}