{"id":20645,"date":"2020-04-06T16:12:42","date_gmt":"2020-04-06T16:12:42","guid":{"rendered":"https:\/\/staging.mmfss.ca\/?post_type=product&#038;p=20645"},"modified":"2023-09-29T14:24:13","modified_gmt":"2023-09-29T14:24:13","slug":"wildland-fire-helmets","status":"publish","type":"product","link":"https:\/\/safetysourcefire.ca\/fr\/produit\/wildland-fire-helmets\/","title":{"rendered":"Casques de pompier Wildland"},"content":{"rendered":"<p>Fabriqu\u00e9s \u00e0 partir de thermoplastique r\u00e9sistant \u00e0 la chaleur pour une protection sup\u00e9rieure contre les impacts, les casques Wildfire respectent et d\u00e9passent les sp\u00e9cifications de performance de la NFPA 1977-2016. Ces casques surpassent \u00e9galement tous les principaux codes d'incendie pour la lutte contre les incendies de for\u00eat. Les casques Wildfire peuvent \u00eatre personnalis\u00e9s avec votre logo si d\u00e9sir\u00e9. Le ''Bullard Logo Shop'' utilise la derni\u00e8re technologie de tampographie pour imprimer votre logo ou insigne dans des couleurs vives.<\/p>\n<ul>\n<li>M\u00e9canisme d'ajustement Flex-Gear\u00ae facile \u00e0 r\u00e9gler selon la taille<\/li>\n<li>Coque thermoplastique<\/li>\n<li>Disponible en style casquette ou en style chapeau \u00e0 bord complet<\/li>\n<li>Bandes r\u00e9fl\u00e9chissantes jaune citron<\/li>\n<li>Trois clips de lunettes<\/li>\n<li>Mentonni\u00e8re ajustable<\/li>\n<li>Suspension confortable \u00e0 6 points<\/li>\n<li>Housse en cuir \u00e0 cliquet (sur les mod\u00e8les \u00e0 cliquet)<\/li>\n<li>Coussinet absorbant en coton pour les sourcils<\/li>\n<li>Attaches Velcro\u00ae \u00e0 l&#039;int\u00e9rieur de la coque<\/li>\n<li>Conforme aux sp\u00e9cifications NFPA 1977<\/li>\n<li>Maintenant disponible avec une coque extra-large \u00e0 bord int\u00e9gral<\/li>\n<\/ul>\n<p><a href=\"https:\/\/safetysourcefire.ca\/wp-content\/uploads\/2020\/05\/FH_WILDFIRE_SALESSHEET_AM_EN_LOW_8246.pdf\">Fiche technique (pdf)<\/a><\/p>","protected":false},"excerpt":{"rendered":"<p>Les casques Bullard Wildfire\u00ae sont sp\u00e9cialement con\u00e7us pour r\u00e9pondre aux besoins particuliers des pompiers forestiers.<\/p>","protected":false},"featured_media":20648,"template":"","meta":[],"product_brand":[201],"product_cat":[462,124,50,463],"product_tag":[265],"class_list":{"0":"post-20645","1":"product","2":"type-product","3":"status-publish","4":"has-post-thumbnail","6":"product_brand-bullard","7":"product_cat-emergency-preparedness","8":"product_cat-helmets","9":"product_cat-personal-protective-equipment","10":"product_cat-wildland-fire","11":"product_tag-bullard","13":"first","14":"instock","15":"shipping-taxable","16":"product-type-simple"},"yoast_head":"<!-- This site is optimized with the Yoast SEO plugin v27.4 - https:\/\/yoast.com\/product\/yoast-seo-wordpress\/ -->\n<title>Wildland Fire Helmets - Safety Source Fire<\/title>\n<meta name=\"robots\" content=\"index, follow, max-snippet:-1, max-image-preview:large, max-video-preview:-1\" \/>\n<link rel=\"canonical\" href=\"https:\/\/safetysourcefire.ca\/fr\/?product=wildland-fire-helmets\" \/>\n<meta property=\"og:locale\" content=\"fr_CA\" \/>\n<meta property=\"og:type\" content=\"article\" \/>\n<meta property=\"og:title\" content=\"Wildland Fire Helmets - Safety Source Fire\" \/>\n<meta property=\"og:description\" content=\"Bullard Wildfire\u00ae helmets are specifically engineered to meet the special needs of wildland\/forestry firefighters.\" \/>\n<meta property=\"og:url\" content=\"https:\/\/safetysourcefire.ca\/fr\/?product=wildland-fire-helmets\" \/>\n<meta property=\"og:site_name\" content=\"Safety Source Fire\" \/>\n<meta property=\"article:publisher\" content=\"https:\/\/www.facebook.com\/mmfssca\" \/>\n<meta property=\"article:modified_time\" content=\"2023-09-29T14:24:13+00:00\" \/>\n<meta property=\"og:image\" content=\"https:\/\/safetysourcefire.ca\/wp-content\/uploads\/2020\/05\/FH911C_profile.jpg\" \/>\n\t<meta property=\"og:image:width\" content=\"600\" \/>\n\t<meta property=\"og:image:height\" content=\"600\" \/>\n\t<meta property=\"og:image:type\" content=\"image\/jpeg\" \/>\n<meta name=\"twitter:card\" content=\"summary_large_image\" \/>\n<meta name=\"twitter:site\" content=\"@mmfssca\" \/>\n<meta name=\"twitter:label1\" content=\"Estimation du temps de lecture\" \/>\n\t<meta name=\"twitter:data1\" content=\"1 minute\" \/>\n<script type=\"application\/ld+json\" class=\"yoast-schema-graph\">{\"@context\":\"https:\\\/\\\/schema.org\",\"@graph\":[{\"@type\":\"WebPage\",\"@id\":\"https:\\\/\\\/safetysourcefire.ca\\\/?product=wildland-fire-helmets\",\"url\":\"https:\\\/\\\/safetysourcefire.ca\\\/?product=wildland-fire-helmets\",\"name\":\"Wildland Fire Helmets - Safety Source Fire\",\"isPartOf\":{\"@id\":\"https:\\\/\\\/safetysourcefire.ca\\\/#website\"},\"primaryImageOfPage\":{\"@id\":\"https:\\\/\\\/safetysourcefire.ca\\\/?product=wildland-fire-helmets#primaryimage\"},\"image\":{\"@id\":\"https:\\\/\\\/safetysourcefire.ca\\\/?product=wildland-fire-helmets#primaryimage\"},\"thumbnailUrl\":\"https:\\\/\\\/safetysourcefire.ca\\\/wp-content\\\/uploads\\\/2020\\\/05\\\/FH911C_profile.jpg\",\"datePublished\":\"2020-04-06T16:12:42+00:00\",\"dateModified\":\"2023-09-29T14:24:13+00:00\",\"breadcrumb\":{\"@id\":\"https:\\\/\\\/safetysourcefire.ca\\\/?product=wildland-fire-helmets#breadcrumb\"},\"inLanguage\":\"fr-CA\",\"potentialAction\":[{\"@type\":\"ReadAction\",\"target\":[\"https:\\\/\\\/safetysourcefire.ca\\\/?product=wildland-fire-helmets\"]}]},{\"@type\":\"ImageObject\",\"inLanguage\":\"fr-CA\",\"@id\":\"https:\\\/\\\/safetysourcefire.ca\\\/?product=wildland-fire-helmets#primaryimage\",\"url\":\"https:\\\/\\\/safetysourcefire.ca\\\/wp-content\\\/uploads\\\/2020\\\/05\\\/FH911C_profile.jpg\",\"contentUrl\":\"https:\\\/\\\/safetysourcefire.ca\\\/wp-content\\\/uploads\\\/2020\\\/05\\\/FH911C_profile.jpg\",\"width\":600,\"height\":600,\"caption\":\"helmet\"},{\"@type\":\"BreadcrumbList\",\"@id\":\"https:\\\/\\\/safetysourcefire.ca\\\/?product=wildland-fire-helmets#breadcrumb\",\"itemListElement\":[{\"@type\":\"ListItem\",\"position\":1,\"name\":\"Home\",\"item\":\"https:\\\/\\\/safetysourcefire.ca\\\/\"},{\"@type\":\"ListItem\",\"position\":2,\"name\":\"Products\",\"item\":\"https:\\\/\\\/safetysourcefire.ca\\\/shop\\\/\"},{\"@type\":\"ListItem\",\"position\":3,\"name\":\"Wildland Fire Helmets\"}]},{\"@type\":\"WebSite\",\"@id\":\"https:\\\/\\\/safetysourcefire.ca\\\/#website\",\"url\":\"https:\\\/\\\/safetysourcefire.ca\\\/\",\"name\":\"Safety Source Fire\",\"description\":\"\",\"publisher\":{\"@id\":\"https:\\\/\\\/safetysourcefire.ca\\\/#organization\"},\"potentialAction\":[{\"@type\":\"SearchAction\",\"target\":{\"@type\":\"EntryPoint\",\"urlTemplate\":\"https:\\\/\\\/safetysourcefire.ca\\\/?s={search_term_string}\"},\"query-input\":{\"@type\":\"PropertyValueSpecification\",\"valueRequired\":true,\"valueName\":\"search_term_string\"}}],\"inLanguage\":\"fr-CA\"},{\"@type\":\"Organization\",\"@id\":\"https:\\\/\\\/safetysourcefire.ca\\\/#organization\",\"name\":\"Safety Source Fire\",\"url\":\"https:\\\/\\\/safetysourcefire.ca\\\/\",\"logo\":{\"@type\":\"ImageObject\",\"inLanguage\":\"fr-CA\",\"@id\":\"https:\\\/\\\/safetysourcefire.ca\\\/#\\\/schema\\\/logo\\\/image\\\/\",\"url\":\"https:\\\/\\\/safetysourcefire.ca\\\/wp-content\\\/uploads\\\/2021\\\/01\\\/SSF_logo_CC0000-3.png\",\"contentUrl\":\"https:\\\/\\\/safetysourcefire.ca\\\/wp-content\\\/uploads\\\/2021\\\/01\\\/SSF_logo_CC0000-3.png\",\"width\":1107,\"height\":365,\"caption\":\"Safety Source Fire\"},\"image\":{\"@id\":\"https:\\\/\\\/safetysourcefire.ca\\\/#\\\/schema\\\/logo\\\/image\\\/\"},\"sameAs\":[\"https:\\\/\\\/www.facebook.com\\\/mmfssca\",\"https:\\\/\\\/x.com\\\/mmfssca\"]}]}<\/script>\n<!-- \/ Yoast SEO plugin. -->","yoast_head_json":{"title":"Casques de protection contre les incendies de for\u00eat - Safety Source Fire","robots":{"index":"index","follow":"follow","max-snippet":"max-snippet:-1","max-image-preview":"max-image-preview:large","max-video-preview":"max-video-preview:-1"},"canonical":"https:\/\/safetysourcefire.ca\/fr\/?product=wildland-fire-helmets","og_locale":"fr_CA","og_type":"article","og_title":"Wildland Fire Helmets - Safety Source Fire","og_description":"Bullard Wildfire\u00ae helmets are specifically engineered to meet the special needs of wildland\/forestry firefighters.","og_url":"https:\/\/safetysourcefire.ca\/fr\/?product=wildland-fire-helmets","og_site_name":"Safety Source Fire","article_publisher":"https:\/\/www.facebook.com\/mmfssca","article_modified_time":"2023-09-29T14:24:13+00:00","og_image":[{"width":600,"height":600,"url":"https:\/\/safetysourcefire.ca\/wp-content\/uploads\/2020\/05\/FH911C_profile.jpg","type":"image\/jpeg"}],"twitter_card":"summary_large_image","twitter_site":"@mmfssca","twitter_misc":{"Estimation du temps de lecture":"1 minute"},"schema":{"@context":"https:\/\/schema.org","@graph":[{"@type":"WebPage","@id":"https:\/\/safetysourcefire.ca\/?product=wildland-fire-helmets","url":"https:\/\/safetysourcefire.ca\/?product=wildland-fire-helmets","name":"Casques de protection contre les incendies de for\u00eat - Safety Source Fire","isPartOf":{"@id":"https:\/\/safetysourcefire.ca\/#website"},"primaryImageOfPage":{"@id":"https:\/\/safetysourcefire.ca\/?product=wildland-fire-helmets#primaryimage"},"image":{"@id":"https:\/\/safetysourcefire.ca\/?product=wildland-fire-helmets#primaryimage"},"thumbnailUrl":"https:\/\/safetysourcefire.ca\/wp-content\/uploads\/2020\/05\/FH911C_profile.jpg","datePublished":"2020-04-06T16:12:42+00:00","dateModified":"2023-09-29T14:24:13+00:00","breadcrumb":{"@id":"https:\/\/safetysourcefire.ca\/?product=wildland-fire-helmets#breadcrumb"},"inLanguage":"fr-CA","potentialAction":[{"@type":"ReadAction","target":["https:\/\/safetysourcefire.ca\/?product=wildland-fire-helmets"]}]},{"@type":"ImageObject","inLanguage":"fr-CA","@id":"https:\/\/safetysourcefire.ca\/?product=wildland-fire-helmets#primaryimage","url":"https:\/\/safetysourcefire.ca\/wp-content\/uploads\/2020\/05\/FH911C_profile.jpg","contentUrl":"https:\/\/safetysourcefire.ca\/wp-content\/uploads\/2020\/05\/FH911C_profile.jpg","width":600,"height":600,"caption":"helmet"},{"@type":"BreadcrumbList","@id":"https:\/\/safetysourcefire.ca\/?product=wildland-fire-helmets#breadcrumb","itemListElement":[{"@type":"ListItem","position":1,"name":"Home","item":"https:\/\/safetysourcefire.ca\/"},{"@type":"ListItem","position":2,"name":"Products","item":"https:\/\/safetysourcefire.ca\/shop\/"},{"@type":"ListItem","position":3,"name":"Wildland Fire Helmets"}]},{"@type":"WebSite","@id":"https:\/\/safetysourcefire.ca\/#website","url":"https:\/\/safetysourcefire.ca\/","name":"Safety Source Fire","description":"","publisher":{"@id":"https:\/\/safetysourcefire.ca\/#organization"},"potentialAction":[{"@type":"SearchAction","target":{"@type":"EntryPoint","urlTemplate":"https:\/\/safetysourcefire.ca\/?s={search_term_string}"},"query-input":{"@type":"PropertyValueSpecification","valueRequired":true,"valueName":"search_term_string"}}],"inLanguage":"fr-CA"},{"@type":"Organization","@id":"https:\/\/safetysourcefire.ca\/#organization","name":"Safety Source Fire","url":"https:\/\/safetysourcefire.ca\/","logo":{"@type":"ImageObject","inLanguage":"fr-CA","@id":"https:\/\/safetysourcefire.ca\/#\/schema\/logo\/image\/","url":"https:\/\/safetysourcefire.ca\/wp-content\/uploads\/2021\/01\/SSF_logo_CC0000-3.png","contentUrl":"https:\/\/safetysourcefire.ca\/wp-content\/uploads\/2021\/01\/SSF_logo_CC0000-3.png","width":1107,"height":365,"caption":"Safety Source Fire"},"image":{"@id":"https:\/\/safetysourcefire.ca\/#\/schema\/logo\/image\/"},"sameAs":["https:\/\/www.facebook.com\/mmfssca","https:\/\/x.com\/mmfssca"]}]}},"_links":{"self":[{"href":"https:\/\/safetysourcefire.ca\/fr\/wp-json\/wp\/v2\/product\/20645","targetHints":{"allow":["GET"]}}],"collection":[{"href":"https:\/\/safetysourcefire.ca\/fr\/wp-json\/wp\/v2\/product"}],"about":[{"href":"https:\/\/safetysourcefire.ca\/fr\/wp-json\/wp\/v2\/types\/product"}],"wp:featuredmedia":[{"embeddable":true,"href":"https:\/\/safetysourcefire.ca\/fr\/wp-json\/wp\/v2\/media\/20648"}],"wp:attachment":[{"href":"https:\/\/safetysourcefire.ca\/fr\/wp-json\/wp\/v2\/media?parent=20645"}],"wp:term":[{"taxonomy":"product_brand","embeddable":true,"href":"https:\/\/safetysourcefire.ca\/fr\/wp-json\/wp\/v2\/product_brand?post=20645"},{"taxonomy":"product_cat","embeddable":true,"href":"https:\/\/safetysourcefire.ca\/fr\/wp-json\/wp\/v2\/product_cat?post=20645"},{"taxonomy":"product_tag","embeddable":true,"href":"https:\/\/safetysourcefire.ca\/fr\/wp-json\/wp\/v2\/product_tag?post=20645"}],"curies":[{"name":"wp","href":"https:\/\/api.w.org\/{rel}","templated":true}]}}