{"id":20689,"date":"2020-04-08T18:38:57","date_gmt":"2020-04-08T18:38:57","guid":{"rendered":"https:\/\/staging.mmfss.ca\/?post_type=product&#038;p=20689"},"modified":"2022-11-14T16:45:38","modified_gmt":"2022-11-14T16:45:38","slug":"medical-supply-case","status":"publish","type":"product","link":"https:\/\/safetysourcefire.ca\/fr\/produit\/medical-supply-case\/","title":{"rendered":"Mallette pour fournitures m\u00e9dicales -Mobile Medical \u2122"},"content":{"rendered":"<p>Mallette de fournitures m\u00e9dicales \n472-MEDCHEST3-8D<\/p>\n<p>R\u00e9sistante aux intemp\u00e9ries, aux temp\u00e9ratures extr\u00eames ainsi qu'aux chocs, la coque moul\u00e9e de cette mallette garde toutes vos fournitures au sec, \u00e0 l'abri de la poussi\u00e8re et en toute s\u00e9curit\u00e9. Poss\u00e9dant huit tiroirs pour vous offrir un espace de rangement suffisant pour tous vos \u00e9quipements m\u00e9dicaux sensibles ainsi qu'un tiroir verrouillable pour vos \u00e9quipements les plus sensibles, vous pouvez \u00eatre assur\u00e9 que votre mat\u00e9riel m\u00e9dical sera en toute s\u00e9curit\u00e9, organis\u00e9 et \u00e0 port\u00e9e de main.<\/p>\n<ul>\n<li>Construction \u00e9tanche \u00e0 l&#039;air et \u00e0 l&#039;eau<\/li>\n<li>Syst\u00e8me de s\u00e9paration personnalisable<\/li>\n<li>Poign\u00e9es confortables<\/li>\n<li>Glissi\u00e8res sur roulement \u00e0 billes<\/li>\n<li>Tiroir verrouillable (1)<\/li>\n<li>Agent chimique d\u00e9contaminable<\/li>\n<li>Sur roues<\/li>\n<li>Coque en poly\u00e9thyl\u00e8ne moul\u00e9e durable<\/li>\n<li>Int\u00e9rieur en aluminium l\u00e9ger<\/li>\n<li>Plateau de travail amovible en acier inoxydable<\/li>\n<li>Large poign\u00e9e \u00e0 ressort - pour utilisation optimale<\/li>\n<\/ul>","protected":false},"excerpt":{"rendered":"<p>Cette mallette m\u00e9dicale \u00e0 8 tiroirs est con\u00e7ue pour offrir une protection maximale \u00e0 votre mat\u00e9riel, et ce, dans toutes les situations.<\/p>","protected":false},"featured_media":20700,"template":"","meta":[],"product_brand":[146],"product_cat":[117,462,464,465,49,466,463],"product_tag":[330],"class_list":{"0":"post-20689","1":"product","2":"type-product","3":"status-publish","4":"has-post-thumbnail","6":"product_brand-pelican","7":"product_cat-bags-cases-and-storage","8":"product_cat-emergency-preparedness","9":"product_cat-flood","10":"product_cat-hurricane","11":"product_cat-medical","12":"product_cat-pandemic","13":"product_cat-wildland-fire","14":"product_tag-pelican","16":"first","17":"instock","18":"shipping-taxable","19":"product-type-simple"},"yoast_head":"<!-- This site is optimized with the Yoast SEO plugin v27.4 - https:\/\/yoast.com\/product\/yoast-seo-wordpress\/ -->\n<title>Mobile Medical\u2122 Medical Supply Case - Safety Source Fire<\/title>\n<meta name=\"robots\" content=\"index, follow, max-snippet:-1, max-image-preview:large, max-video-preview:-1\" \/>\n<link rel=\"canonical\" href=\"https:\/\/safetysourcefire.ca\/fr\/?product=medical-supply-case\" \/>\n<meta property=\"og:locale\" content=\"fr_CA\" \/>\n<meta property=\"og:type\" content=\"article\" \/>\n<meta property=\"og:title\" content=\"Mobile Medical\u2122 Medical Supply Case - Safety Source Fire\" \/>\n<meta property=\"og:description\" content=\"The 8-Drawer Medical Case is designed to provide maximum protection in any situation.\" \/>\n<meta property=\"og:url\" content=\"https:\/\/safetysourcefire.ca\/fr\/?product=medical-supply-case\" \/>\n<meta property=\"og:site_name\" content=\"Safety Source Fire\" \/>\n<meta property=\"article:publisher\" content=\"https:\/\/www.facebook.com\/mmfssca\" \/>\n<meta property=\"article:modified_time\" content=\"2022-11-14T16:45:38+00:00\" \/>\n<meta property=\"og:image\" content=\"https:\/\/safetysourcefire.ca\/wp-content\/uploads\/2020\/05\/pelican-mobile-military-medical-cabinet.jpg\" \/>\n\t<meta property=\"og:image:width\" content=\"600\" \/>\n\t<meta property=\"og:image:height\" content=\"600\" \/>\n\t<meta property=\"og:image:type\" content=\"image\/jpeg\" \/>\n<meta name=\"twitter:card\" content=\"summary_large_image\" \/>\n<meta name=\"twitter:site\" content=\"@mmfssca\" \/>\n<meta name=\"twitter:label1\" content=\"Estimation du temps de lecture\" \/>\n\t<meta name=\"twitter:data1\" content=\"1 minute\" \/>\n<script type=\"application\/ld+json\" class=\"yoast-schema-graph\">{\"@context\":\"https:\\\/\\\/schema.org\",\"@graph\":[{\"@type\":\"WebPage\",\"@id\":\"https:\\\/\\\/safetysourcefire.ca\\\/?product=medical-supply-case\",\"url\":\"https:\\\/\\\/safetysourcefire.ca\\\/?product=medical-supply-case\",\"name\":\"Mobile Medical\u2122 Medical Supply Case - Safety Source Fire\",\"isPartOf\":{\"@id\":\"https:\\\/\\\/safetysourcefire.ca\\\/#website\"},\"primaryImageOfPage\":{\"@id\":\"https:\\\/\\\/safetysourcefire.ca\\\/?product=medical-supply-case#primaryimage\"},\"image\":{\"@id\":\"https:\\\/\\\/safetysourcefire.ca\\\/?product=medical-supply-case#primaryimage\"},\"thumbnailUrl\":\"https:\\\/\\\/safetysourcefire.ca\\\/wp-content\\\/uploads\\\/2020\\\/05\\\/pelican-mobile-military-medical-cabinet.jpg\",\"datePublished\":\"2020-04-08T18:38:57+00:00\",\"dateModified\":\"2022-11-14T16:45:38+00:00\",\"breadcrumb\":{\"@id\":\"https:\\\/\\\/safetysourcefire.ca\\\/?product=medical-supply-case#breadcrumb\"},\"inLanguage\":\"fr-CA\",\"potentialAction\":[{\"@type\":\"ReadAction\",\"target\":[\"https:\\\/\\\/safetysourcefire.ca\\\/?product=medical-supply-case\"]}]},{\"@type\":\"ImageObject\",\"inLanguage\":\"fr-CA\",\"@id\":\"https:\\\/\\\/safetysourcefire.ca\\\/?product=medical-supply-case#primaryimage\",\"url\":\"https:\\\/\\\/safetysourcefire.ca\\\/wp-content\\\/uploads\\\/2020\\\/05\\\/pelican-mobile-military-medical-cabinet.jpg\",\"contentUrl\":\"https:\\\/\\\/safetysourcefire.ca\\\/wp-content\\\/uploads\\\/2020\\\/05\\\/pelican-mobile-military-medical-cabinet.jpg\",\"width\":600,\"height\":600,\"caption\":\"cabinet\"},{\"@type\":\"BreadcrumbList\",\"@id\":\"https:\\\/\\\/safetysourcefire.ca\\\/?product=medical-supply-case#breadcrumb\",\"itemListElement\":[{\"@type\":\"ListItem\",\"position\":1,\"name\":\"Home\",\"item\":\"https:\\\/\\\/safetysourcefire.ca\\\/\"},{\"@type\":\"ListItem\",\"position\":2,\"name\":\"Products\",\"item\":\"https:\\\/\\\/safetysourcefire.ca\\\/shop\\\/\"},{\"@type\":\"ListItem\",\"position\":3,\"name\":\"Mobile Medical\u2122 Medical Supply Case\"}]},{\"@type\":\"WebSite\",\"@id\":\"https:\\\/\\\/safetysourcefire.ca\\\/#website\",\"url\":\"https:\\\/\\\/safetysourcefire.ca\\\/\",\"name\":\"Safety Source Fire\",\"description\":\"\",\"publisher\":{\"@id\":\"https:\\\/\\\/safetysourcefire.ca\\\/#organization\"},\"potentialAction\":[{\"@type\":\"SearchAction\",\"target\":{\"@type\":\"EntryPoint\",\"urlTemplate\":\"https:\\\/\\\/safetysourcefire.ca\\\/?s={search_term_string}\"},\"query-input\":{\"@type\":\"PropertyValueSpecification\",\"valueRequired\":true,\"valueName\":\"search_term_string\"}}],\"inLanguage\":\"fr-CA\"},{\"@type\":\"Organization\",\"@id\":\"https:\\\/\\\/safetysourcefire.ca\\\/#organization\",\"name\":\"Safety Source Fire\",\"url\":\"https:\\\/\\\/safetysourcefire.ca\\\/\",\"logo\":{\"@type\":\"ImageObject\",\"inLanguage\":\"fr-CA\",\"@id\":\"https:\\\/\\\/safetysourcefire.ca\\\/#\\\/schema\\\/logo\\\/image\\\/\",\"url\":\"https:\\\/\\\/safetysourcefire.ca\\\/wp-content\\\/uploads\\\/2021\\\/01\\\/SSF_logo_CC0000-3.png\",\"contentUrl\":\"https:\\\/\\\/safetysourcefire.ca\\\/wp-content\\\/uploads\\\/2021\\\/01\\\/SSF_logo_CC0000-3.png\",\"width\":1107,\"height\":365,\"caption\":\"Safety Source Fire\"},\"image\":{\"@id\":\"https:\\\/\\\/safetysourcefire.ca\\\/#\\\/schema\\\/logo\\\/image\\\/\"},\"sameAs\":[\"https:\\\/\\\/www.facebook.com\\\/mmfssca\",\"https:\\\/\\\/x.com\\\/mmfssca\"]}]}<\/script>\n<!-- \/ Yoast SEO plugin. -->","yoast_head_json":{"title":"Mallette de fournitures m\u00e9dicales Mobile Medical\u2122 - Source de s\u00e9curit\u00e9 incendie","robots":{"index":"index","follow":"follow","max-snippet":"max-snippet:-1","max-image-preview":"max-image-preview:large","max-video-preview":"max-video-preview:-1"},"canonical":"https:\/\/safetysourcefire.ca\/fr\/?product=medical-supply-case","og_locale":"fr_CA","og_type":"article","og_title":"Mobile Medical\u2122 Medical Supply Case - Safety Source Fire","og_description":"The 8-Drawer Medical Case is designed to provide maximum protection in any situation.","og_url":"https:\/\/safetysourcefire.ca\/fr\/?product=medical-supply-case","og_site_name":"Safety Source Fire","article_publisher":"https:\/\/www.facebook.com\/mmfssca","article_modified_time":"2022-11-14T16:45:38+00:00","og_image":[{"width":600,"height":600,"url":"https:\/\/safetysourcefire.ca\/wp-content\/uploads\/2020\/05\/pelican-mobile-military-medical-cabinet.jpg","type":"image\/jpeg"}],"twitter_card":"summary_large_image","twitter_site":"@mmfssca","twitter_misc":{"Estimation du temps de lecture":"1 minute"},"schema":{"@context":"https:\/\/schema.org","@graph":[{"@type":"WebPage","@id":"https:\/\/safetysourcefire.ca\/?product=medical-supply-case","url":"https:\/\/safetysourcefire.ca\/?product=medical-supply-case","name":"Mallette de fournitures m\u00e9dicales Mobile Medical\u2122 - Source de s\u00e9curit\u00e9 incendie","isPartOf":{"@id":"https:\/\/safetysourcefire.ca\/#website"},"primaryImageOfPage":{"@id":"https:\/\/safetysourcefire.ca\/?product=medical-supply-case#primaryimage"},"image":{"@id":"https:\/\/safetysourcefire.ca\/?product=medical-supply-case#primaryimage"},"thumbnailUrl":"https:\/\/safetysourcefire.ca\/wp-content\/uploads\/2020\/05\/pelican-mobile-military-medical-cabinet.jpg","datePublished":"2020-04-08T18:38:57+00:00","dateModified":"2022-11-14T16:45:38+00:00","breadcrumb":{"@id":"https:\/\/safetysourcefire.ca\/?product=medical-supply-case#breadcrumb"},"inLanguage":"fr-CA","potentialAction":[{"@type":"ReadAction","target":["https:\/\/safetysourcefire.ca\/?product=medical-supply-case"]}]},{"@type":"ImageObject","inLanguage":"fr-CA","@id":"https:\/\/safetysourcefire.ca\/?product=medical-supply-case#primaryimage","url":"https:\/\/safetysourcefire.ca\/wp-content\/uploads\/2020\/05\/pelican-mobile-military-medical-cabinet.jpg","contentUrl":"https:\/\/safetysourcefire.ca\/wp-content\/uploads\/2020\/05\/pelican-mobile-military-medical-cabinet.jpg","width":600,"height":600,"caption":"cabinet"},{"@type":"BreadcrumbList","@id":"https:\/\/safetysourcefire.ca\/?product=medical-supply-case#breadcrumb","itemListElement":[{"@type":"ListItem","position":1,"name":"Home","item":"https:\/\/safetysourcefire.ca\/"},{"@type":"ListItem","position":2,"name":"Products","item":"https:\/\/safetysourcefire.ca\/shop\/"},{"@type":"ListItem","position":3,"name":"Mobile Medical\u2122 Medical Supply Case"}]},{"@type":"WebSite","@id":"https:\/\/safetysourcefire.ca\/#website","url":"https:\/\/safetysourcefire.ca\/","name":"Safety Source Fire","description":"","publisher":{"@id":"https:\/\/safetysourcefire.ca\/#organization"},"potentialAction":[{"@type":"SearchAction","target":{"@type":"EntryPoint","urlTemplate":"https:\/\/safetysourcefire.ca\/?s={search_term_string}"},"query-input":{"@type":"PropertyValueSpecification","valueRequired":true,"valueName":"search_term_string"}}],"inLanguage":"fr-CA"},{"@type":"Organization","@id":"https:\/\/safetysourcefire.ca\/#organization","name":"Safety Source Fire","url":"https:\/\/safetysourcefire.ca\/","logo":{"@type":"ImageObject","inLanguage":"fr-CA","@id":"https:\/\/safetysourcefire.ca\/#\/schema\/logo\/image\/","url":"https:\/\/safetysourcefire.ca\/wp-content\/uploads\/2021\/01\/SSF_logo_CC0000-3.png","contentUrl":"https:\/\/safetysourcefire.ca\/wp-content\/uploads\/2021\/01\/SSF_logo_CC0000-3.png","width":1107,"height":365,"caption":"Safety Source Fire"},"image":{"@id":"https:\/\/safetysourcefire.ca\/#\/schema\/logo\/image\/"},"sameAs":["https:\/\/www.facebook.com\/mmfssca","https:\/\/x.com\/mmfssca"]}]}},"_links":{"self":[{"href":"https:\/\/safetysourcefire.ca\/fr\/wp-json\/wp\/v2\/product\/20689","targetHints":{"allow":["GET"]}}],"collection":[{"href":"https:\/\/safetysourcefire.ca\/fr\/wp-json\/wp\/v2\/product"}],"about":[{"href":"https:\/\/safetysourcefire.ca\/fr\/wp-json\/wp\/v2\/types\/product"}],"wp:featuredmedia":[{"embeddable":true,"href":"https:\/\/safetysourcefire.ca\/fr\/wp-json\/wp\/v2\/media\/20700"}],"wp:attachment":[{"href":"https:\/\/safetysourcefire.ca\/fr\/wp-json\/wp\/v2\/media?parent=20689"}],"wp:term":[{"taxonomy":"product_brand","embeddable":true,"href":"https:\/\/safetysourcefire.ca\/fr\/wp-json\/wp\/v2\/product_brand?post=20689"},{"taxonomy":"product_cat","embeddable":true,"href":"https:\/\/safetysourcefire.ca\/fr\/wp-json\/wp\/v2\/product_cat?post=20689"},{"taxonomy":"product_tag","embeddable":true,"href":"https:\/\/safetysourcefire.ca\/fr\/wp-json\/wp\/v2\/product_tag?post=20689"}],"curies":[{"name":"wp","href":"https:\/\/api.w.org\/{rel}","templated":true}]}}