{"id":20710,"date":"2020-04-08T20:09:53","date_gmt":"2020-04-08T20:09:53","guid":{"rendered":"https:\/\/staging.mmfss.ca\/?post_type=product&#038;p=20710"},"modified":"2021-04-13T13:51:59","modified_gmt":"2021-04-13T13:51:59","slug":"double-duty-mobile-office-field-desk","status":"publish","type":"product","link":"https:\/\/safetysourcefire.ca\/fr\/produit\/double-duty-mobile-office-field-desk\/","title":{"rendered":"Bureau double pour travail de terrain (Duty Mobile Office \u2122)"},"content":{"rendered":"<p>472-FLD-DESK-DD<\/p>\n<p>Avec deux grandes surfaces de travail, il est maintenant facile de venir \u00e0 bout de toutes vos t\u00e2ches administratives. Ce bureau de terrain \u00e0 deux tables se plie en un seul conteneur durable afin d'assurer un transport facile et rapide.<\/p>\n<ul>\n<li>Bureau \u00e0 six tiroirs<\/li>\n<li>Deux tables attach\u00e9es offrant deux grandes surfaces de travail plates<\/li>\n<li>Contient deux grands tiroirs sp\u00e9cialement con\u00e7us pour les dossiers Pendaflex<\/li>\n<li>Contient deux tiroirs pour les documents 8,5 \"x 11\"<\/li>\n<li>Contient deux tiroirs cadenassables pour plus de s\u00e9curit\u00e9<\/li>\n<li>Deux roues robustes<\/li>\n<li>Rends les grosses charges plus faciles \u00e0 transporter<\/li>\n<li>Comprends deux chaises de terrain robustes<\/li>\n<li>* ces chaises confortables comprennent des dossiers et peuvent \u00eatre pli\u00e9es et rang\u00e9es dans leurs couvercles en quelques secondes<\/li>\n<li>Comprends deux barres d'alimentation - 6 prises par barrette<\/li>\n<li>Permet d'assurer que vous avez toujours un endroit pour brancher vos appareils \u00e9lectroniques<\/li>\n<\/ul>","protected":false},"excerpt":{"rendered":"<p>Lorsque le devoir appelle et que la quantit\u00e9 de paperasse est trop intense pour une seule personne, le Double Duty \u2122 est l\u00e0 pour vous et votre \u00e9quipe!<\/p>","protected":false},"featured_media":20714,"template":"","meta":[],"product_brand":[146],"product_cat":[462,464,47,465,466,77,463],"product_tag":[330],"class_list":{"0":"post-20710","1":"product","2":"type-product","3":"status-publish","4":"has-post-thumbnail","6":"product_brand-pelican","7":"product_cat-emergency-preparedness","8":"product_cat-flood","9":"product_cat-hazmat","10":"product_cat-hurricane","11":"product_cat-pandemic","12":"product_cat-shelters","13":"product_cat-wildland-fire","14":"product_tag-pelican","16":"first","17":"instock","18":"shipping-taxable","19":"product-type-simple"},"yoast_head":"<!-- This site is optimized with the Yoast SEO plugin v27.4 - https:\/\/yoast.com\/product\/yoast-seo-wordpress\/ -->\n<title>Double Duty Mobile Office\u2122 Field Desk - Safety Source Fire<\/title>\n<meta name=\"robots\" content=\"index, follow, max-snippet:-1, max-image-preview:large, max-video-preview:-1\" \/>\n<link rel=\"canonical\" href=\"https:\/\/safetysourcefire.ca\/fr\/?product=double-duty-mobile-office-field-desk\" \/>\n<meta property=\"og:locale\" content=\"fr_CA\" \/>\n<meta property=\"og:type\" content=\"article\" \/>\n<meta property=\"og:title\" content=\"Double Duty Mobile Office\u2122 Field Desk - Safety Source Fire\" \/>\n<meta property=\"og:description\" content=\"When duty calls and the onslaught of paperwork is too much for one person, the Double Duty\u2122 is your answer.\" \/>\n<meta property=\"og:url\" content=\"https:\/\/safetysourcefire.ca\/fr\/?product=double-duty-mobile-office-field-desk\" \/>\n<meta property=\"og:site_name\" content=\"Safety Source Fire\" \/>\n<meta property=\"article:publisher\" content=\"https:\/\/www.facebook.com\/mmfssca\" \/>\n<meta property=\"article:modified_time\" content=\"2021-04-13T13:51:59+00:00\" \/>\n<meta property=\"og:image\" content=\"https:\/\/safetysourcefire.ca\/wp-content\/uploads\/2020\/05\/pelican-military-office-field-desk.jpg\" \/>\n\t<meta property=\"og:image:width\" content=\"600\" \/>\n\t<meta property=\"og:image:height\" content=\"600\" \/>\n\t<meta property=\"og:image:type\" content=\"image\/jpeg\" \/>\n<meta name=\"twitter:card\" content=\"summary_large_image\" \/>\n<meta name=\"twitter:site\" content=\"@mmfssca\" \/>\n<meta name=\"twitter:label1\" content=\"Estimation du temps de lecture\" \/>\n\t<meta name=\"twitter:data1\" content=\"1 minute\" \/>\n<script type=\"application\/ld+json\" class=\"yoast-schema-graph\">{\"@context\":\"https:\\\/\\\/schema.org\",\"@graph\":[{\"@type\":\"WebPage\",\"@id\":\"https:\\\/\\\/safetysourcefire.ca\\\/?product=double-duty-mobile-office-field-desk\",\"url\":\"https:\\\/\\\/safetysourcefire.ca\\\/?product=double-duty-mobile-office-field-desk\",\"name\":\"Double Duty Mobile Office\u2122 Field Desk - Safety Source Fire\",\"isPartOf\":{\"@id\":\"https:\\\/\\\/safetysourcefire.ca\\\/#website\"},\"primaryImageOfPage\":{\"@id\":\"https:\\\/\\\/safetysourcefire.ca\\\/?product=double-duty-mobile-office-field-desk#primaryimage\"},\"image\":{\"@id\":\"https:\\\/\\\/safetysourcefire.ca\\\/?product=double-duty-mobile-office-field-desk#primaryimage\"},\"thumbnailUrl\":\"https:\\\/\\\/safetysourcefire.ca\\\/wp-content\\\/uploads\\\/2020\\\/05\\\/pelican-military-office-field-desk.jpg\",\"datePublished\":\"2020-04-08T20:09:53+00:00\",\"dateModified\":\"2021-04-13T13:51:59+00:00\",\"breadcrumb\":{\"@id\":\"https:\\\/\\\/safetysourcefire.ca\\\/?product=double-duty-mobile-office-field-desk#breadcrumb\"},\"inLanguage\":\"fr-CA\",\"potentialAction\":[{\"@type\":\"ReadAction\",\"target\":[\"https:\\\/\\\/safetysourcefire.ca\\\/?product=double-duty-mobile-office-field-desk\"]}]},{\"@type\":\"ImageObject\",\"inLanguage\":\"fr-CA\",\"@id\":\"https:\\\/\\\/safetysourcefire.ca\\\/?product=double-duty-mobile-office-field-desk#primaryimage\",\"url\":\"https:\\\/\\\/safetysourcefire.ca\\\/wp-content\\\/uploads\\\/2020\\\/05\\\/pelican-military-office-field-desk.jpg\",\"contentUrl\":\"https:\\\/\\\/safetysourcefire.ca\\\/wp-content\\\/uploads\\\/2020\\\/05\\\/pelican-military-office-field-desk.jpg\",\"width\":600,\"height\":600,\"caption\":\"double desk\"},{\"@type\":\"BreadcrumbList\",\"@id\":\"https:\\\/\\\/safetysourcefire.ca\\\/?product=double-duty-mobile-office-field-desk#breadcrumb\",\"itemListElement\":[{\"@type\":\"ListItem\",\"position\":1,\"name\":\"Home\",\"item\":\"https:\\\/\\\/safetysourcefire.ca\\\/\"},{\"@type\":\"ListItem\",\"position\":2,\"name\":\"Products\",\"item\":\"https:\\\/\\\/safetysourcefire.ca\\\/shop\\\/\"},{\"@type\":\"ListItem\",\"position\":3,\"name\":\"Double Duty Mobile Office\u2122 Field Desk\"}]},{\"@type\":\"WebSite\",\"@id\":\"https:\\\/\\\/safetysourcefire.ca\\\/#website\",\"url\":\"https:\\\/\\\/safetysourcefire.ca\\\/\",\"name\":\"Safety Source Fire\",\"description\":\"\",\"publisher\":{\"@id\":\"https:\\\/\\\/safetysourcefire.ca\\\/#organization\"},\"potentialAction\":[{\"@type\":\"SearchAction\",\"target\":{\"@type\":\"EntryPoint\",\"urlTemplate\":\"https:\\\/\\\/safetysourcefire.ca\\\/?s={search_term_string}\"},\"query-input\":{\"@type\":\"PropertyValueSpecification\",\"valueRequired\":true,\"valueName\":\"search_term_string\"}}],\"inLanguage\":\"fr-CA\"},{\"@type\":\"Organization\",\"@id\":\"https:\\\/\\\/safetysourcefire.ca\\\/#organization\",\"name\":\"Safety Source Fire\",\"url\":\"https:\\\/\\\/safetysourcefire.ca\\\/\",\"logo\":{\"@type\":\"ImageObject\",\"inLanguage\":\"fr-CA\",\"@id\":\"https:\\\/\\\/safetysourcefire.ca\\\/#\\\/schema\\\/logo\\\/image\\\/\",\"url\":\"https:\\\/\\\/safetysourcefire.ca\\\/wp-content\\\/uploads\\\/2021\\\/01\\\/SSF_logo_CC0000-3.png\",\"contentUrl\":\"https:\\\/\\\/safetysourcefire.ca\\\/wp-content\\\/uploads\\\/2021\\\/01\\\/SSF_logo_CC0000-3.png\",\"width\":1107,\"height\":365,\"caption\":\"Safety Source Fire\"},\"image\":{\"@id\":\"https:\\\/\\\/safetysourcefire.ca\\\/#\\\/schema\\\/logo\\\/image\\\/\"},\"sameAs\":[\"https:\\\/\\\/www.facebook.com\\\/mmfssca\",\"https:\\\/\\\/x.com\\\/mmfssca\"]}]}<\/script>\n<!-- \/ Yoast SEO plugin. -->","yoast_head_json":{"title":"Bureau mobile \u00e0 double usage\u2122 - S\u00e9curit\u00e9 incendie","robots":{"index":"index","follow":"follow","max-snippet":"max-snippet:-1","max-image-preview":"max-image-preview:large","max-video-preview":"max-video-preview:-1"},"canonical":"https:\/\/safetysourcefire.ca\/fr\/?product=double-duty-mobile-office-field-desk","og_locale":"fr_CA","og_type":"article","og_title":"Double Duty Mobile Office\u2122 Field Desk - Safety Source Fire","og_description":"When duty calls and the onslaught of paperwork is too much for one person, the Double Duty\u2122 is your answer.","og_url":"https:\/\/safetysourcefire.ca\/fr\/?product=double-duty-mobile-office-field-desk","og_site_name":"Safety Source Fire","article_publisher":"https:\/\/www.facebook.com\/mmfssca","article_modified_time":"2021-04-13T13:51:59+00:00","og_image":[{"width":600,"height":600,"url":"https:\/\/safetysourcefire.ca\/wp-content\/uploads\/2020\/05\/pelican-military-office-field-desk.jpg","type":"image\/jpeg"}],"twitter_card":"summary_large_image","twitter_site":"@mmfssca","twitter_misc":{"Estimation du temps de lecture":"1 minute"},"schema":{"@context":"https:\/\/schema.org","@graph":[{"@type":"WebPage","@id":"https:\/\/safetysourcefire.ca\/?product=double-duty-mobile-office-field-desk","url":"https:\/\/safetysourcefire.ca\/?product=double-duty-mobile-office-field-desk","name":"Bureau mobile \u00e0 double usage\u2122 - S\u00e9curit\u00e9 incendie","isPartOf":{"@id":"https:\/\/safetysourcefire.ca\/#website"},"primaryImageOfPage":{"@id":"https:\/\/safetysourcefire.ca\/?product=double-duty-mobile-office-field-desk#primaryimage"},"image":{"@id":"https:\/\/safetysourcefire.ca\/?product=double-duty-mobile-office-field-desk#primaryimage"},"thumbnailUrl":"https:\/\/safetysourcefire.ca\/wp-content\/uploads\/2020\/05\/pelican-military-office-field-desk.jpg","datePublished":"2020-04-08T20:09:53+00:00","dateModified":"2021-04-13T13:51:59+00:00","breadcrumb":{"@id":"https:\/\/safetysourcefire.ca\/?product=double-duty-mobile-office-field-desk#breadcrumb"},"inLanguage":"fr-CA","potentialAction":[{"@type":"ReadAction","target":["https:\/\/safetysourcefire.ca\/?product=double-duty-mobile-office-field-desk"]}]},{"@type":"ImageObject","inLanguage":"fr-CA","@id":"https:\/\/safetysourcefire.ca\/?product=double-duty-mobile-office-field-desk#primaryimage","url":"https:\/\/safetysourcefire.ca\/wp-content\/uploads\/2020\/05\/pelican-military-office-field-desk.jpg","contentUrl":"https:\/\/safetysourcefire.ca\/wp-content\/uploads\/2020\/05\/pelican-military-office-field-desk.jpg","width":600,"height":600,"caption":"double desk"},{"@type":"BreadcrumbList","@id":"https:\/\/safetysourcefire.ca\/?product=double-duty-mobile-office-field-desk#breadcrumb","itemListElement":[{"@type":"ListItem","position":1,"name":"Home","item":"https:\/\/safetysourcefire.ca\/"},{"@type":"ListItem","position":2,"name":"Products","item":"https:\/\/safetysourcefire.ca\/shop\/"},{"@type":"ListItem","position":3,"name":"Double Duty Mobile Office\u2122 Field Desk"}]},{"@type":"WebSite","@id":"https:\/\/safetysourcefire.ca\/#website","url":"https:\/\/safetysourcefire.ca\/","name":"Safety Source Fire","description":"","publisher":{"@id":"https:\/\/safetysourcefire.ca\/#organization"},"potentialAction":[{"@type":"SearchAction","target":{"@type":"EntryPoint","urlTemplate":"https:\/\/safetysourcefire.ca\/?s={search_term_string}"},"query-input":{"@type":"PropertyValueSpecification","valueRequired":true,"valueName":"search_term_string"}}],"inLanguage":"fr-CA"},{"@type":"Organization","@id":"https:\/\/safetysourcefire.ca\/#organization","name":"Safety Source Fire","url":"https:\/\/safetysourcefire.ca\/","logo":{"@type":"ImageObject","inLanguage":"fr-CA","@id":"https:\/\/safetysourcefire.ca\/#\/schema\/logo\/image\/","url":"https:\/\/safetysourcefire.ca\/wp-content\/uploads\/2021\/01\/SSF_logo_CC0000-3.png","contentUrl":"https:\/\/safetysourcefire.ca\/wp-content\/uploads\/2021\/01\/SSF_logo_CC0000-3.png","width":1107,"height":365,"caption":"Safety Source Fire"},"image":{"@id":"https:\/\/safetysourcefire.ca\/#\/schema\/logo\/image\/"},"sameAs":["https:\/\/www.facebook.com\/mmfssca","https:\/\/x.com\/mmfssca"]}]}},"_links":{"self":[{"href":"https:\/\/safetysourcefire.ca\/fr\/wp-json\/wp\/v2\/product\/20710","targetHints":{"allow":["GET"]}}],"collection":[{"href":"https:\/\/safetysourcefire.ca\/fr\/wp-json\/wp\/v2\/product"}],"about":[{"href":"https:\/\/safetysourcefire.ca\/fr\/wp-json\/wp\/v2\/types\/product"}],"wp:featuredmedia":[{"embeddable":true,"href":"https:\/\/safetysourcefire.ca\/fr\/wp-json\/wp\/v2\/media\/20714"}],"wp:attachment":[{"href":"https:\/\/safetysourcefire.ca\/fr\/wp-json\/wp\/v2\/media?parent=20710"}],"wp:term":[{"taxonomy":"product_brand","embeddable":true,"href":"https:\/\/safetysourcefire.ca\/fr\/wp-json\/wp\/v2\/product_brand?post=20710"},{"taxonomy":"product_cat","embeddable":true,"href":"https:\/\/safetysourcefire.ca\/fr\/wp-json\/wp\/v2\/product_cat?post=20710"},{"taxonomy":"product_tag","embeddable":true,"href":"https:\/\/safetysourcefire.ca\/fr\/wp-json\/wp\/v2\/product_tag?post=20710"}],"curies":[{"name":"wp","href":"https:\/\/api.w.org\/{rel}","templated":true}]}}