{"id":20717,"date":"2020-04-08T20:29:05","date_gmt":"2020-04-08T20:29:05","guid":{"rendered":"https:\/\/staging.mmfss.ca\/?post_type=product&#038;p=20717"},"modified":"2020-07-15T15:23:54","modified_gmt":"2020-07-15T15:23:54","slug":"9480-remote-area-light","status":"publish","type":"product","link":"https:\/\/safetysourcefire.ca\/fr\/produit\/9480-remote-area-light\/","title":{"rendered":"Lumi\u00e8re pour zone \u00e9loign\u00e9e 9480"},"content":{"rendered":"<p>Poss\u00e9dant plusieurs phares ainsi que l'activation Bluetooth (*sur certains mod\u00e8les), les syst\u00e8mes RALS peuvent \u00e9clairer autant une sc\u00e8ne d'accident qu'un terrain de football !<\/p>\n<ul>\n<li>Jusqu&#039;\u00e0 4000 lumens (calcul\u00e9)<\/li>\n<li>Jusqu&#039;\u00e0 28 heures d&#039;autonomie<\/li>\n<li>3 niveaux de luminosit\u00e9 pr\u00e9d\u00e9finis<\/li>\n<li>Qualit\u00e9 Pelican (tr\u00e8s robuste)<\/li>\n<li>Indication continue du niveau de batterie avec indicateur clignotant lors de bas niveaux<\/li>\n<li>M\u00e2t d\u00e9ployable avec rotation de 340 degr\u00e9s<\/li>\n<li>Plusieurs positions de d\u00e9ploiement<\/li>\n<li>Bandouli\u00e8re pratique<\/li>\n<li>Conception de retrait rapide pour changement de batterie \/ alimentation 12 volts<\/li>\n<li>L'application gratuite avec technologie sans fil Bluetooth\u00ae permet de contr\u00f4ler plusieurs unit\u00e9s \u00e0 la fois. \n* L'application est compatibles avec les appareils iPhone.<\/li>\n<\/ul>\n<p>&nbsp;<\/p>\n<p><iframe loading=\"lazy\" src=\"https:\/\/www.youtube.com\/embed\/En-MXKj_0yE\" width=\"1091\" height=\"545\" frameborder=\"0\" allowfullscreen=\"allowfullscreen\"><\/iframe><\/p>","protected":false},"excerpt":{"rendered":"<p>Les syst\u00e8mes d'\u00e9clairage \u00e0 distance (RALS) de Pelican sont des solutions compl\u00e8tes pour vos besoins d'\u00e9clairage. Les premiers intervenants peuvent compter sur ces syst\u00e8mes con\u00e7us autant pour les interventions d'urgence que pour les applications industrielles ou a\u00e9rospatiales.<\/p>","protected":false},"featured_media":20746,"template":"","meta":[],"product_brand":[146],"product_cat":[462,464,465,48,466,80,463],"product_tag":[330,485],"class_list":{"0":"post-20717","1":"product","2":"type-product","3":"status-publish","4":"has-post-thumbnail","6":"product_brand-pelican","7":"product_cat-emergency-preparedness","8":"product_cat-flood","9":"product_cat-hurricane","10":"product_cat-lighting","11":"product_cat-pandemic","12":"product_cat-scene-lighting","13":"product_cat-wildland-fire","14":"product_tag-pelican","15":"product_tag-rals","17":"first","18":"instock","19":"shipping-taxable","20":"product-type-simple"},"yoast_head":"<!-- This site is optimized with the Yoast SEO plugin v27.4 - https:\/\/yoast.com\/product\/yoast-seo-wordpress\/ -->\n<title>9480 Remote Area Light - Safety Source Fire<\/title>\n<meta name=\"robots\" content=\"index, follow, max-snippet:-1, max-image-preview:large, max-video-preview:-1\" \/>\n<link rel=\"canonical\" href=\"https:\/\/safetysourcefire.ca\/fr\/?product=9480-remote-area-light\" \/>\n<meta property=\"og:locale\" content=\"fr_CA\" \/>\n<meta property=\"og:type\" content=\"article\" \/>\n<meta property=\"og:title\" content=\"9480 Remote Area Light - Safety Source Fire\" \/>\n<meta property=\"og:description\" content=\"Remote Area Lighting Systems (RALS) from Pelican are the complete lighting solution for first responders, industrial and aerospace applications.\" \/>\n<meta property=\"og:url\" content=\"https:\/\/safetysourcefire.ca\/fr\/?product=9480-remote-area-light\" \/>\n<meta property=\"og:site_name\" content=\"Safety Source Fire\" \/>\n<meta property=\"article:publisher\" content=\"https:\/\/www.facebook.com\/mmfssca\" \/>\n<meta property=\"article:modified_time\" content=\"2020-07-15T15:23:54+00:00\" \/>\n<meta property=\"og:image\" content=\"https:\/\/safetysourcefire.ca\/wp-content\/uploads\/2020\/05\/pelican-9480-portable-led-birght-spot-light.jpg\" \/>\n\t<meta property=\"og:image:width\" content=\"600\" \/>\n\t<meta property=\"og:image:height\" content=\"600\" \/>\n\t<meta property=\"og:image:type\" content=\"image\/jpeg\" \/>\n<meta name=\"twitter:card\" content=\"summary_large_image\" \/>\n<meta name=\"twitter:site\" content=\"@mmfssca\" \/>\n<script type=\"application\/ld+json\" class=\"yoast-schema-graph\">{\"@context\":\"https:\\\/\\\/schema.org\",\"@graph\":[{\"@type\":\"WebPage\",\"@id\":\"https:\\\/\\\/safetysourcefire.ca\\\/?product=9480-remote-area-light\",\"url\":\"https:\\\/\\\/safetysourcefire.ca\\\/?product=9480-remote-area-light\",\"name\":\"9480 Remote Area Light - Safety Source Fire\",\"isPartOf\":{\"@id\":\"https:\\\/\\\/safetysourcefire.ca\\\/#website\"},\"primaryImageOfPage\":{\"@id\":\"https:\\\/\\\/safetysourcefire.ca\\\/?product=9480-remote-area-light#primaryimage\"},\"image\":{\"@id\":\"https:\\\/\\\/safetysourcefire.ca\\\/?product=9480-remote-area-light#primaryimage\"},\"thumbnailUrl\":\"https:\\\/\\\/safetysourcefire.ca\\\/wp-content\\\/uploads\\\/2020\\\/05\\\/pelican-9480-portable-led-birght-spot-light.jpg\",\"datePublished\":\"2020-04-08T20:29:05+00:00\",\"dateModified\":\"2020-07-15T15:23:54+00:00\",\"breadcrumb\":{\"@id\":\"https:\\\/\\\/safetysourcefire.ca\\\/?product=9480-remote-area-light#breadcrumb\"},\"inLanguage\":\"fr-CA\",\"potentialAction\":[{\"@type\":\"ReadAction\",\"target\":[\"https:\\\/\\\/safetysourcefire.ca\\\/?product=9480-remote-area-light\"]}]},{\"@type\":\"ImageObject\",\"inLanguage\":\"fr-CA\",\"@id\":\"https:\\\/\\\/safetysourcefire.ca\\\/?product=9480-remote-area-light#primaryimage\",\"url\":\"https:\\\/\\\/safetysourcefire.ca\\\/wp-content\\\/uploads\\\/2020\\\/05\\\/pelican-9480-portable-led-birght-spot-light.jpg\",\"contentUrl\":\"https:\\\/\\\/safetysourcefire.ca\\\/wp-content\\\/uploads\\\/2020\\\/05\\\/pelican-9480-portable-led-birght-spot-light.jpg\",\"width\":600,\"height\":600,\"caption\":\"light\"},{\"@type\":\"BreadcrumbList\",\"@id\":\"https:\\\/\\\/safetysourcefire.ca\\\/?product=9480-remote-area-light#breadcrumb\",\"itemListElement\":[{\"@type\":\"ListItem\",\"position\":1,\"name\":\"Home\",\"item\":\"https:\\\/\\\/safetysourcefire.ca\\\/\"},{\"@type\":\"ListItem\",\"position\":2,\"name\":\"Products\",\"item\":\"https:\\\/\\\/safetysourcefire.ca\\\/shop\\\/\"},{\"@type\":\"ListItem\",\"position\":3,\"name\":\"9480 Remote Area Light\"}]},{\"@type\":\"WebSite\",\"@id\":\"https:\\\/\\\/safetysourcefire.ca\\\/#website\",\"url\":\"https:\\\/\\\/safetysourcefire.ca\\\/\",\"name\":\"Safety Source Fire\",\"description\":\"\",\"publisher\":{\"@id\":\"https:\\\/\\\/safetysourcefire.ca\\\/#organization\"},\"potentialAction\":[{\"@type\":\"SearchAction\",\"target\":{\"@type\":\"EntryPoint\",\"urlTemplate\":\"https:\\\/\\\/safetysourcefire.ca\\\/?s={search_term_string}\"},\"query-input\":{\"@type\":\"PropertyValueSpecification\",\"valueRequired\":true,\"valueName\":\"search_term_string\"}}],\"inLanguage\":\"fr-CA\"},{\"@type\":\"Organization\",\"@id\":\"https:\\\/\\\/safetysourcefire.ca\\\/#organization\",\"name\":\"Safety Source Fire\",\"url\":\"https:\\\/\\\/safetysourcefire.ca\\\/\",\"logo\":{\"@type\":\"ImageObject\",\"inLanguage\":\"fr-CA\",\"@id\":\"https:\\\/\\\/safetysourcefire.ca\\\/#\\\/schema\\\/logo\\\/image\\\/\",\"url\":\"https:\\\/\\\/safetysourcefire.ca\\\/wp-content\\\/uploads\\\/2021\\\/01\\\/SSF_logo_CC0000-3.png\",\"contentUrl\":\"https:\\\/\\\/safetysourcefire.ca\\\/wp-content\\\/uploads\\\/2021\\\/01\\\/SSF_logo_CC0000-3.png\",\"width\":1107,\"height\":365,\"caption\":\"Safety Source Fire\"},\"image\":{\"@id\":\"https:\\\/\\\/safetysourcefire.ca\\\/#\\\/schema\\\/logo\\\/image\\\/\"},\"sameAs\":[\"https:\\\/\\\/www.facebook.com\\\/mmfssca\",\"https:\\\/\\\/x.com\\\/mmfssca\"]}]}<\/script>\n<!-- \/ Yoast SEO plugin. -->","yoast_head_json":{"title":"9480 \u00c9clairage de zone \u00e9loign\u00e9e - Source d&#039;incendie de s\u00e9curit\u00e9","robots":{"index":"index","follow":"follow","max-snippet":"max-snippet:-1","max-image-preview":"max-image-preview:large","max-video-preview":"max-video-preview:-1"},"canonical":"https:\/\/safetysourcefire.ca\/fr\/?product=9480-remote-area-light","og_locale":"fr_CA","og_type":"article","og_title":"9480 Remote Area Light - Safety Source Fire","og_description":"Remote Area Lighting Systems (RALS) from Pelican are the complete lighting solution for first responders, industrial and aerospace applications.","og_url":"https:\/\/safetysourcefire.ca\/fr\/?product=9480-remote-area-light","og_site_name":"Safety Source Fire","article_publisher":"https:\/\/www.facebook.com\/mmfssca","article_modified_time":"2020-07-15T15:23:54+00:00","og_image":[{"width":600,"height":600,"url":"https:\/\/safetysourcefire.ca\/wp-content\/uploads\/2020\/05\/pelican-9480-portable-led-birght-spot-light.jpg","type":"image\/jpeg"}],"twitter_card":"summary_large_image","twitter_site":"@mmfssca","schema":{"@context":"https:\/\/schema.org","@graph":[{"@type":"WebPage","@id":"https:\/\/safetysourcefire.ca\/?product=9480-remote-area-light","url":"https:\/\/safetysourcefire.ca\/?product=9480-remote-area-light","name":"9480 \u00c9clairage de zone \u00e9loign\u00e9e - Source d&#039;incendie de s\u00e9curit\u00e9","isPartOf":{"@id":"https:\/\/safetysourcefire.ca\/#website"},"primaryImageOfPage":{"@id":"https:\/\/safetysourcefire.ca\/?product=9480-remote-area-light#primaryimage"},"image":{"@id":"https:\/\/safetysourcefire.ca\/?product=9480-remote-area-light#primaryimage"},"thumbnailUrl":"https:\/\/safetysourcefire.ca\/wp-content\/uploads\/2020\/05\/pelican-9480-portable-led-birght-spot-light.jpg","datePublished":"2020-04-08T20:29:05+00:00","dateModified":"2020-07-15T15:23:54+00:00","breadcrumb":{"@id":"https:\/\/safetysourcefire.ca\/?product=9480-remote-area-light#breadcrumb"},"inLanguage":"fr-CA","potentialAction":[{"@type":"ReadAction","target":["https:\/\/safetysourcefire.ca\/?product=9480-remote-area-light"]}]},{"@type":"ImageObject","inLanguage":"fr-CA","@id":"https:\/\/safetysourcefire.ca\/?product=9480-remote-area-light#primaryimage","url":"https:\/\/safetysourcefire.ca\/wp-content\/uploads\/2020\/05\/pelican-9480-portable-led-birght-spot-light.jpg","contentUrl":"https:\/\/safetysourcefire.ca\/wp-content\/uploads\/2020\/05\/pelican-9480-portable-led-birght-spot-light.jpg","width":600,"height":600,"caption":"light"},{"@type":"BreadcrumbList","@id":"https:\/\/safetysourcefire.ca\/?product=9480-remote-area-light#breadcrumb","itemListElement":[{"@type":"ListItem","position":1,"name":"Home","item":"https:\/\/safetysourcefire.ca\/"},{"@type":"ListItem","position":2,"name":"Products","item":"https:\/\/safetysourcefire.ca\/shop\/"},{"@type":"ListItem","position":3,"name":"9480 Remote Area Light"}]},{"@type":"WebSite","@id":"https:\/\/safetysourcefire.ca\/#website","url":"https:\/\/safetysourcefire.ca\/","name":"Safety Source Fire","description":"","publisher":{"@id":"https:\/\/safetysourcefire.ca\/#organization"},"potentialAction":[{"@type":"SearchAction","target":{"@type":"EntryPoint","urlTemplate":"https:\/\/safetysourcefire.ca\/?s={search_term_string}"},"query-input":{"@type":"PropertyValueSpecification","valueRequired":true,"valueName":"search_term_string"}}],"inLanguage":"fr-CA"},{"@type":"Organization","@id":"https:\/\/safetysourcefire.ca\/#organization","name":"Safety Source Fire","url":"https:\/\/safetysourcefire.ca\/","logo":{"@type":"ImageObject","inLanguage":"fr-CA","@id":"https:\/\/safetysourcefire.ca\/#\/schema\/logo\/image\/","url":"https:\/\/safetysourcefire.ca\/wp-content\/uploads\/2021\/01\/SSF_logo_CC0000-3.png","contentUrl":"https:\/\/safetysourcefire.ca\/wp-content\/uploads\/2021\/01\/SSF_logo_CC0000-3.png","width":1107,"height":365,"caption":"Safety Source Fire"},"image":{"@id":"https:\/\/safetysourcefire.ca\/#\/schema\/logo\/image\/"},"sameAs":["https:\/\/www.facebook.com\/mmfssca","https:\/\/x.com\/mmfssca"]}]}},"_links":{"self":[{"href":"https:\/\/safetysourcefire.ca\/fr\/wp-json\/wp\/v2\/product\/20717","targetHints":{"allow":["GET"]}}],"collection":[{"href":"https:\/\/safetysourcefire.ca\/fr\/wp-json\/wp\/v2\/product"}],"about":[{"href":"https:\/\/safetysourcefire.ca\/fr\/wp-json\/wp\/v2\/types\/product"}],"wp:featuredmedia":[{"embeddable":true,"href":"https:\/\/safetysourcefire.ca\/fr\/wp-json\/wp\/v2\/media\/20746"}],"wp:attachment":[{"href":"https:\/\/safetysourcefire.ca\/fr\/wp-json\/wp\/v2\/media?parent=20717"}],"wp:term":[{"taxonomy":"product_brand","embeddable":true,"href":"https:\/\/safetysourcefire.ca\/fr\/wp-json\/wp\/v2\/product_brand?post=20717"},{"taxonomy":"product_cat","embeddable":true,"href":"https:\/\/safetysourcefire.ca\/fr\/wp-json\/wp\/v2\/product_cat?post=20717"},{"taxonomy":"product_tag","embeddable":true,"href":"https:\/\/safetysourcefire.ca\/fr\/wp-json\/wp\/v2\/product_tag?post=20717"}],"curies":[{"name":"wp","href":"https:\/\/api.w.org\/{rel}","templated":true}]}}