{"id":21473,"date":"2020-03-25T18:01:52","date_gmt":"2020-03-25T18:01:52","guid":{"rendered":"https:\/\/mmfss.ca\/?post_type=product&#038;p=21473"},"modified":"2020-06-29T19:43:23","modified_gmt":"2020-06-29T19:43:23","slug":"bushwhacker-pack","status":"publish","type":"product","link":"https:\/\/safetysourcefire.ca\/fr\/produit\/bushwhacker-pack\/","title":{"rendered":"Sac \u00e0 dos Bushwhacker \u2122"},"content":{"rendered":"<p>Tout sur le sac Bushwhacker\u2122 de feu a \u00e9t\u00e9 pens\u00e9 et repens\u00e9. La conception du panneau arri\u00e8re ''Air-Pocket'' garantit un d\u00e9bit d'air maximal pour minimiser le stress thermique et le harnais de style ''H'' offre contr\u00f4le et stabilit\u00e9 pour le contr\u00f4le des charges. \u00c0 l'int\u00e9rieur, six poches de rangement en filet vous donnent l'option de trouver rapidement ce dont vous avez besoin, tandis que les poches lat\u00e9rales peuvent chacune contenir deux bouteilles de 1 L. Capacit\u00e9 de transporter jusqu'\u00e0 12 signaux lumineux \/ torches et \u00e9tui d'abris amovible anti-incendie de nouvelle g\u00e9n\u00e9ration s'adaptant aux abris standards et grands. Poche d'hydratation 100oz (3L) (r\u00e9servoir non inclus). Syst\u00e8me d'attache MOLLE.<\/p>\n<p><a title=\"\" href=\"https:\/\/www.truenorthgear.com\/asset\/5defdfae5d68f\" target=\"_blank\" rel=\"noopener noreferrer\">T\u00e9l\u00e9chargez la fiche de vente<\/a><\/p>\n<h3>Fonctionnalit\u00e9s:<\/h3>\n<ul>\n<li>Harnais de style H<\/li>\n<li>Six (6) poches de rangement internes en filet<\/li>\n<li>Poche d&#039;hydratation 100oz (3L) (r\u00e9servoir non inclus)<\/li>\n<li>Bo\u00eetier d'abri coupe-feu amovible de nouvelle g\u00e9n\u00e9ration (convient aux abris standards et grands)<\/li>\n<li>Poches lat\u00e9rales pouvant chacune contenir deux bouteilles de 1 L<\/li>\n<li>Capacit\u00e9 de transport de 12 signaux lumineux \/ torches d'allumage (fusee) de fa\u00e7on prot\u00e9g\u00e9e<\/li>\n<li>Bo\u00eetier SAR interchangeable disponible<\/li>\n<\/ul>","protected":false},"excerpt":{"rendered":"<p>Le sac d'exp\u00e9dition qui vous permet d'aller plus loin!<\/p>","protected":false},"featured_media":21474,"template":"","meta":[],"product_brand":[480],"product_cat":[462,463],"product_tag":[488],"class_list":{"0":"post-21473","1":"product","2":"type-product","3":"status-publish","4":"has-post-thumbnail","6":"product_brand-tng-true-north-gear","7":"product_cat-emergency-preparedness","8":"product_cat-wildland-fire","9":"product_tag-tng-true-north-gear","11":"first","12":"instock","13":"shipping-taxable","14":"product-type-simple"},"yoast_head":"<!-- This site is optimized with the Yoast SEO plugin v27.4 - https:\/\/yoast.com\/product\/yoast-seo-wordpress\/ -->\n<title>Bushwhacker\u2122 Pack - Safety Source Fire<\/title>\n<meta name=\"robots\" content=\"index, follow, max-snippet:-1, max-image-preview:large, max-video-preview:-1\" \/>\n<link rel=\"canonical\" href=\"https:\/\/safetysourcefire.ca\/fr\/?product=bushwhacker-pack\" \/>\n<meta property=\"og:locale\" content=\"fr_CA\" \/>\n<meta property=\"og:type\" content=\"article\" \/>\n<meta property=\"og:title\" content=\"Bushwhacker\u2122 Pack - Safety Source Fire\" \/>\n<meta property=\"og:description\" content=\"The back-country pack that out hikes them all!\" \/>\n<meta property=\"og:url\" content=\"https:\/\/safetysourcefire.ca\/fr\/?product=bushwhacker-pack\" \/>\n<meta property=\"og:site_name\" content=\"Safety Source Fire\" \/>\n<meta property=\"article:publisher\" content=\"https:\/\/www.facebook.com\/mmfssca\" \/>\n<meta property=\"article:modified_time\" content=\"2020-06-29T19:43:23+00:00\" \/>\n<meta property=\"og:image\" content=\"https:\/\/safetysourcefire.ca\/wp-content\/uploads\/2020\/06\/original-145-701-bushwhacker_2__96545.1568071641.jpg\" \/>\n\t<meta property=\"og:image:width\" content=\"600\" \/>\n\t<meta property=\"og:image:height\" content=\"600\" \/>\n\t<meta property=\"og:image:type\" content=\"image\/jpeg\" \/>\n<meta name=\"twitter:card\" content=\"summary_large_image\" \/>\n<meta name=\"twitter:site\" content=\"@mmfssca\" \/>\n<meta name=\"twitter:label1\" content=\"Estimation du temps de lecture\" \/>\n\t<meta name=\"twitter:data1\" content=\"1 minute\" \/>\n<script type=\"application\/ld+json\" class=\"yoast-schema-graph\">{\"@context\":\"https:\\\/\\\/schema.org\",\"@graph\":[{\"@type\":\"WebPage\",\"@id\":\"https:\\\/\\\/safetysourcefire.ca\\\/?product=bushwhacker-pack\",\"url\":\"https:\\\/\\\/safetysourcefire.ca\\\/?product=bushwhacker-pack\",\"name\":\"Bushwhacker\u2122 Pack - Safety Source Fire\",\"isPartOf\":{\"@id\":\"https:\\\/\\\/safetysourcefire.ca\\\/#website\"},\"primaryImageOfPage\":{\"@id\":\"https:\\\/\\\/safetysourcefire.ca\\\/?product=bushwhacker-pack#primaryimage\"},\"image\":{\"@id\":\"https:\\\/\\\/safetysourcefire.ca\\\/?product=bushwhacker-pack#primaryimage\"},\"thumbnailUrl\":\"https:\\\/\\\/safetysourcefire.ca\\\/wp-content\\\/uploads\\\/2020\\\/06\\\/original-145-701-bushwhacker_2__96545.1568071641.jpg\",\"datePublished\":\"2020-03-25T18:01:52+00:00\",\"dateModified\":\"2020-06-29T19:43:23+00:00\",\"breadcrumb\":{\"@id\":\"https:\\\/\\\/safetysourcefire.ca\\\/?product=bushwhacker-pack#breadcrumb\"},\"inLanguage\":\"fr-CA\",\"potentialAction\":[{\"@type\":\"ReadAction\",\"target\":[\"https:\\\/\\\/safetysourcefire.ca\\\/?product=bushwhacker-pack\"]}]},{\"@type\":\"ImageObject\",\"inLanguage\":\"fr-CA\",\"@id\":\"https:\\\/\\\/safetysourcefire.ca\\\/?product=bushwhacker-pack#primaryimage\",\"url\":\"https:\\\/\\\/safetysourcefire.ca\\\/wp-content\\\/uploads\\\/2020\\\/06\\\/original-145-701-bushwhacker_2__96545.1568071641.jpg\",\"contentUrl\":\"https:\\\/\\\/safetysourcefire.ca\\\/wp-content\\\/uploads\\\/2020\\\/06\\\/original-145-701-bushwhacker_2__96545.1568071641.jpg\",\"width\":600,\"height\":600,\"caption\":\"pack\"},{\"@type\":\"BreadcrumbList\",\"@id\":\"https:\\\/\\\/safetysourcefire.ca\\\/?product=bushwhacker-pack#breadcrumb\",\"itemListElement\":[{\"@type\":\"ListItem\",\"position\":1,\"name\":\"Home\",\"item\":\"https:\\\/\\\/safetysourcefire.ca\\\/\"},{\"@type\":\"ListItem\",\"position\":2,\"name\":\"Products\",\"item\":\"https:\\\/\\\/safetysourcefire.ca\\\/shop\\\/\"},{\"@type\":\"ListItem\",\"position\":3,\"name\":\"Bushwhacker\u2122 Pack\"}]},{\"@type\":\"WebSite\",\"@id\":\"https:\\\/\\\/safetysourcefire.ca\\\/#website\",\"url\":\"https:\\\/\\\/safetysourcefire.ca\\\/\",\"name\":\"Safety Source Fire\",\"description\":\"\",\"publisher\":{\"@id\":\"https:\\\/\\\/safetysourcefire.ca\\\/#organization\"},\"potentialAction\":[{\"@type\":\"SearchAction\",\"target\":{\"@type\":\"EntryPoint\",\"urlTemplate\":\"https:\\\/\\\/safetysourcefire.ca\\\/?s={search_term_string}\"},\"query-input\":{\"@type\":\"PropertyValueSpecification\",\"valueRequired\":true,\"valueName\":\"search_term_string\"}}],\"inLanguage\":\"fr-CA\"},{\"@type\":\"Organization\",\"@id\":\"https:\\\/\\\/safetysourcefire.ca\\\/#organization\",\"name\":\"Safety Source Fire\",\"url\":\"https:\\\/\\\/safetysourcefire.ca\\\/\",\"logo\":{\"@type\":\"ImageObject\",\"inLanguage\":\"fr-CA\",\"@id\":\"https:\\\/\\\/safetysourcefire.ca\\\/#\\\/schema\\\/logo\\\/image\\\/\",\"url\":\"https:\\\/\\\/safetysourcefire.ca\\\/wp-content\\\/uploads\\\/2021\\\/01\\\/SSF_logo_CC0000-3.png\",\"contentUrl\":\"https:\\\/\\\/safetysourcefire.ca\\\/wp-content\\\/uploads\\\/2021\\\/01\\\/SSF_logo_CC0000-3.png\",\"width\":1107,\"height\":365,\"caption\":\"Safety Source Fire\"},\"image\":{\"@id\":\"https:\\\/\\\/safetysourcefire.ca\\\/#\\\/schema\\\/logo\\\/image\\\/\"},\"sameAs\":[\"https:\\\/\\\/www.facebook.com\\\/mmfssca\",\"https:\\\/\\\/x.com\\\/mmfssca\"]}]}<\/script>\n<!-- \/ Yoast SEO plugin. -->","yoast_head_json":{"title":"Pack Bushwhacker\u2122 - Source de s\u00e9curit\u00e9 incendie","robots":{"index":"index","follow":"follow","max-snippet":"max-snippet:-1","max-image-preview":"max-image-preview:large","max-video-preview":"max-video-preview:-1"},"canonical":"https:\/\/safetysourcefire.ca\/fr\/?product=bushwhacker-pack","og_locale":"fr_CA","og_type":"article","og_title":"Bushwhacker\u2122 Pack - Safety Source Fire","og_description":"The back-country pack that out hikes them all!","og_url":"https:\/\/safetysourcefire.ca\/fr\/?product=bushwhacker-pack","og_site_name":"Safety Source Fire","article_publisher":"https:\/\/www.facebook.com\/mmfssca","article_modified_time":"2020-06-29T19:43:23+00:00","og_image":[{"width":600,"height":600,"url":"https:\/\/safetysourcefire.ca\/wp-content\/uploads\/2020\/06\/original-145-701-bushwhacker_2__96545.1568071641.jpg","type":"image\/jpeg"}],"twitter_card":"summary_large_image","twitter_site":"@mmfssca","twitter_misc":{"Estimation du temps de lecture":"1 minute"},"schema":{"@context":"https:\/\/schema.org","@graph":[{"@type":"WebPage","@id":"https:\/\/safetysourcefire.ca\/?product=bushwhacker-pack","url":"https:\/\/safetysourcefire.ca\/?product=bushwhacker-pack","name":"Pack Bushwhacker\u2122 - Source de s\u00e9curit\u00e9 incendie","isPartOf":{"@id":"https:\/\/safetysourcefire.ca\/#website"},"primaryImageOfPage":{"@id":"https:\/\/safetysourcefire.ca\/?product=bushwhacker-pack#primaryimage"},"image":{"@id":"https:\/\/safetysourcefire.ca\/?product=bushwhacker-pack#primaryimage"},"thumbnailUrl":"https:\/\/safetysourcefire.ca\/wp-content\/uploads\/2020\/06\/original-145-701-bushwhacker_2__96545.1568071641.jpg","datePublished":"2020-03-25T18:01:52+00:00","dateModified":"2020-06-29T19:43:23+00:00","breadcrumb":{"@id":"https:\/\/safetysourcefire.ca\/?product=bushwhacker-pack#breadcrumb"},"inLanguage":"fr-CA","potentialAction":[{"@type":"ReadAction","target":["https:\/\/safetysourcefire.ca\/?product=bushwhacker-pack"]}]},{"@type":"ImageObject","inLanguage":"fr-CA","@id":"https:\/\/safetysourcefire.ca\/?product=bushwhacker-pack#primaryimage","url":"https:\/\/safetysourcefire.ca\/wp-content\/uploads\/2020\/06\/original-145-701-bushwhacker_2__96545.1568071641.jpg","contentUrl":"https:\/\/safetysourcefire.ca\/wp-content\/uploads\/2020\/06\/original-145-701-bushwhacker_2__96545.1568071641.jpg","width":600,"height":600,"caption":"pack"},{"@type":"BreadcrumbList","@id":"https:\/\/safetysourcefire.ca\/?product=bushwhacker-pack#breadcrumb","itemListElement":[{"@type":"ListItem","position":1,"name":"Home","item":"https:\/\/safetysourcefire.ca\/"},{"@type":"ListItem","position":2,"name":"Products","item":"https:\/\/safetysourcefire.ca\/shop\/"},{"@type":"ListItem","position":3,"name":"Bushwhacker\u2122 Pack"}]},{"@type":"WebSite","@id":"https:\/\/safetysourcefire.ca\/#website","url":"https:\/\/safetysourcefire.ca\/","name":"Safety Source Fire","description":"","publisher":{"@id":"https:\/\/safetysourcefire.ca\/#organization"},"potentialAction":[{"@type":"SearchAction","target":{"@type":"EntryPoint","urlTemplate":"https:\/\/safetysourcefire.ca\/?s={search_term_string}"},"query-input":{"@type":"PropertyValueSpecification","valueRequired":true,"valueName":"search_term_string"}}],"inLanguage":"fr-CA"},{"@type":"Organization","@id":"https:\/\/safetysourcefire.ca\/#organization","name":"Safety Source Fire","url":"https:\/\/safetysourcefire.ca\/","logo":{"@type":"ImageObject","inLanguage":"fr-CA","@id":"https:\/\/safetysourcefire.ca\/#\/schema\/logo\/image\/","url":"https:\/\/safetysourcefire.ca\/wp-content\/uploads\/2021\/01\/SSF_logo_CC0000-3.png","contentUrl":"https:\/\/safetysourcefire.ca\/wp-content\/uploads\/2021\/01\/SSF_logo_CC0000-3.png","width":1107,"height":365,"caption":"Safety Source Fire"},"image":{"@id":"https:\/\/safetysourcefire.ca\/#\/schema\/logo\/image\/"},"sameAs":["https:\/\/www.facebook.com\/mmfssca","https:\/\/x.com\/mmfssca"]}]}},"_links":{"self":[{"href":"https:\/\/safetysourcefire.ca\/fr\/wp-json\/wp\/v2\/product\/21473","targetHints":{"allow":["GET"]}}],"collection":[{"href":"https:\/\/safetysourcefire.ca\/fr\/wp-json\/wp\/v2\/product"}],"about":[{"href":"https:\/\/safetysourcefire.ca\/fr\/wp-json\/wp\/v2\/types\/product"}],"wp:featuredmedia":[{"embeddable":true,"href":"https:\/\/safetysourcefire.ca\/fr\/wp-json\/wp\/v2\/media\/21474"}],"wp:attachment":[{"href":"https:\/\/safetysourcefire.ca\/fr\/wp-json\/wp\/v2\/media?parent=21473"}],"wp:term":[{"taxonomy":"product_brand","embeddable":true,"href":"https:\/\/safetysourcefire.ca\/fr\/wp-json\/wp\/v2\/product_brand?post=21473"},{"taxonomy":"product_cat","embeddable":true,"href":"https:\/\/safetysourcefire.ca\/fr\/wp-json\/wp\/v2\/product_cat?post=21473"},{"taxonomy":"product_tag","embeddable":true,"href":"https:\/\/safetysourcefire.ca\/fr\/wp-json\/wp\/v2\/product_tag?post=21473"}],"curies":[{"name":"wp","href":"https:\/\/api.w.org\/{rel}","templated":true}]}}