{"id":21483,"date":"2020-03-25T18:06:53","date_gmt":"2020-03-25T18:06:53","guid":{"rendered":"https:\/\/mmfss.ca\/?post_type=product&#038;p=21483"},"modified":"2020-06-29T19:44:07","modified_gmt":"2020-06-29T19:44:07","slug":"chainsaw-pack","status":"publish","type":"product","link":"https:\/\/safetysourcefire.ca\/fr\/produit\/chainsaw-pack\/","title":{"rendered":"Sac de transport pour tron\u00e7onneuse\/scie \u00e0 cha\u00eene"},"content":{"rendered":"<p>Chargez ou d\u00e9chargez une scie en quelques secondes : d\u00e9posez la t\u00eate de l'appareil dans le support, attachez la barre avec la boucle et c'est parti! Le sac est con\u00e7u avec trois poches \u00e0 cordon : une pour le carburant, une pour l'eau et une autre pour les autres articles connexes. Le sac comprends \u00e9galement un fourreau pour hache et une pochette anti-feu. La conception modulaire vous permet de positionner les multiples pochettes n'importe o\u00f9 le long de la ceinture ou \u00e0 l'arri\u00e8re du support de la scie. Les autres caract\u00e9ristiques incluent: une ceinture et un harnais en mousse ultra \u00e9paisse \u00e0 double densit\u00e9 et une \u00e9paulette en cuir pour prot\u00e9ger le harnais lorsque vous portez la scie sur votre \u00e9paule. Convient aux scies ayant divers types de poign\u00e9es.<\/p>\n<p><a title=\"\" href=\"https:\/\/www.truenorthgear.com\/asset\/5defdfba7207d\" target=\"_blank\" rel=\"noopener noreferrer\">T\u00e9l\u00e9chargez la fiche de vente<\/a><\/p>\n<h3>Fonctionnalit\u00e9s:<\/h3>\n<ul>\n<li>Syst\u00e8me de suspension SCS\u2122 brevet\u00e9<\/li>\n<li>3 poches \u00e0 cordon pour le carburant, l&#039;eau et d&#039;autres articles essentiels<\/li>\n<li>L&#039;\u00e9tui coupe-feu s&#039;attache \u00e0 la ceinture avec des clips ALICE<\/li>\n<li>Fourreau de hache<\/li>\n<li>Sac de jour en option (voir ''Pack Go!'')<\/li>\n<\/ul>","protected":false},"excerpt":{"rendered":"<p>La conception unique de ce sac de transport pour scie \u00e0 cha\u00eene maintient la scie \u00e0 c\u00f4t\u00e9 de votre centre de gravit\u00e9 et l'emp\u00eache de rebondir ou de se balancer lorsque vous vous d\u00e9placez sur un terrain accident\u00e9.<\/p>","protected":false},"featured_media":21479,"template":"","meta":[],"product_brand":[480],"product_cat":[462,463],"product_tag":[488],"class_list":{"0":"post-21483","1":"product","2":"type-product","3":"status-publish","4":"has-post-thumbnail","6":"product_brand-tng-true-north-gear","7":"product_cat-emergency-preparedness","8":"product_cat-wildland-fire","9":"product_tag-tng-true-north-gear","11":"first","12":"instock","13":"shipping-taxable","14":"product-type-simple"},"yoast_head":"<!-- This site is optimized with the Yoast SEO plugin v27.4 - https:\/\/yoast.com\/product\/yoast-seo-wordpress\/ -->\n<title>Chainsaw Pack - Safety Source Fire<\/title>\n<meta name=\"robots\" content=\"index, follow, max-snippet:-1, max-image-preview:large, max-video-preview:-1\" \/>\n<link rel=\"canonical\" href=\"https:\/\/safetysourcefire.ca\/fr\/?product=chainsaw-pack\" \/>\n<meta property=\"og:locale\" content=\"fr_CA\" \/>\n<meta property=\"og:type\" content=\"article\" \/>\n<meta property=\"og:title\" content=\"Chainsaw Pack - Safety Source Fire\" \/>\n<meta property=\"og:description\" content=\"This unique chainsaw pack design holds the saw in next to your center of gravity and prevents it from bouncing or swinging as you move over rough terrain.\" \/>\n<meta property=\"og:url\" content=\"https:\/\/safetysourcefire.ca\/fr\/?product=chainsaw-pack\" \/>\n<meta property=\"og:site_name\" content=\"Safety Source Fire\" \/>\n<meta property=\"article:publisher\" content=\"https:\/\/www.facebook.com\/mmfssca\" \/>\n<meta property=\"article:modified_time\" content=\"2020-06-29T19:44:07+00:00\" \/>\n<meta property=\"og:image\" content=\"https:\/\/safetysourcefire.ca\/wp-content\/uploads\/2020\/06\/Chainsaw_Pack_Angled__30316.1592942336.jpg\" \/>\n\t<meta property=\"og:image:width\" content=\"600\" \/>\n\t<meta property=\"og:image:height\" content=\"600\" \/>\n\t<meta property=\"og:image:type\" content=\"image\/jpeg\" \/>\n<meta name=\"twitter:card\" content=\"summary_large_image\" \/>\n<meta name=\"twitter:site\" content=\"@mmfssca\" \/>\n<meta name=\"twitter:label1\" content=\"Estimation du temps de lecture\" \/>\n\t<meta name=\"twitter:data1\" content=\"1 minute\" \/>\n<script type=\"application\/ld+json\" class=\"yoast-schema-graph\">{\"@context\":\"https:\\\/\\\/schema.org\",\"@graph\":[{\"@type\":\"WebPage\",\"@id\":\"https:\\\/\\\/safetysourcefire.ca\\\/?product=chainsaw-pack\",\"url\":\"https:\\\/\\\/safetysourcefire.ca\\\/?product=chainsaw-pack\",\"name\":\"Chainsaw Pack - Safety Source Fire\",\"isPartOf\":{\"@id\":\"https:\\\/\\\/safetysourcefire.ca\\\/#website\"},\"primaryImageOfPage\":{\"@id\":\"https:\\\/\\\/safetysourcefire.ca\\\/?product=chainsaw-pack#primaryimage\"},\"image\":{\"@id\":\"https:\\\/\\\/safetysourcefire.ca\\\/?product=chainsaw-pack#primaryimage\"},\"thumbnailUrl\":\"https:\\\/\\\/safetysourcefire.ca\\\/wp-content\\\/uploads\\\/2020\\\/06\\\/Chainsaw_Pack_Angled__30316.1592942336.jpg\",\"datePublished\":\"2020-03-25T18:06:53+00:00\",\"dateModified\":\"2020-06-29T19:44:07+00:00\",\"breadcrumb\":{\"@id\":\"https:\\\/\\\/safetysourcefire.ca\\\/?product=chainsaw-pack#breadcrumb\"},\"inLanguage\":\"fr-CA\",\"potentialAction\":[{\"@type\":\"ReadAction\",\"target\":[\"https:\\\/\\\/safetysourcefire.ca\\\/?product=chainsaw-pack\"]}]},{\"@type\":\"ImageObject\",\"inLanguage\":\"fr-CA\",\"@id\":\"https:\\\/\\\/safetysourcefire.ca\\\/?product=chainsaw-pack#primaryimage\",\"url\":\"https:\\\/\\\/safetysourcefire.ca\\\/wp-content\\\/uploads\\\/2020\\\/06\\\/Chainsaw_Pack_Angled__30316.1592942336.jpg\",\"contentUrl\":\"https:\\\/\\\/safetysourcefire.ca\\\/wp-content\\\/uploads\\\/2020\\\/06\\\/Chainsaw_Pack_Angled__30316.1592942336.jpg\",\"width\":600,\"height\":600,\"caption\":\"pack with chainsaw\"},{\"@type\":\"BreadcrumbList\",\"@id\":\"https:\\\/\\\/safetysourcefire.ca\\\/?product=chainsaw-pack#breadcrumb\",\"itemListElement\":[{\"@type\":\"ListItem\",\"position\":1,\"name\":\"Home\",\"item\":\"https:\\\/\\\/safetysourcefire.ca\\\/\"},{\"@type\":\"ListItem\",\"position\":2,\"name\":\"Products\",\"item\":\"https:\\\/\\\/safetysourcefire.ca\\\/shop\\\/\"},{\"@type\":\"ListItem\",\"position\":3,\"name\":\"Chainsaw Pack\"}]},{\"@type\":\"WebSite\",\"@id\":\"https:\\\/\\\/safetysourcefire.ca\\\/#website\",\"url\":\"https:\\\/\\\/safetysourcefire.ca\\\/\",\"name\":\"Safety Source Fire\",\"description\":\"\",\"publisher\":{\"@id\":\"https:\\\/\\\/safetysourcefire.ca\\\/#organization\"},\"potentialAction\":[{\"@type\":\"SearchAction\",\"target\":{\"@type\":\"EntryPoint\",\"urlTemplate\":\"https:\\\/\\\/safetysourcefire.ca\\\/?s={search_term_string}\"},\"query-input\":{\"@type\":\"PropertyValueSpecification\",\"valueRequired\":true,\"valueName\":\"search_term_string\"}}],\"inLanguage\":\"fr-CA\"},{\"@type\":\"Organization\",\"@id\":\"https:\\\/\\\/safetysourcefire.ca\\\/#organization\",\"name\":\"Safety Source Fire\",\"url\":\"https:\\\/\\\/safetysourcefire.ca\\\/\",\"logo\":{\"@type\":\"ImageObject\",\"inLanguage\":\"fr-CA\",\"@id\":\"https:\\\/\\\/safetysourcefire.ca\\\/#\\\/schema\\\/logo\\\/image\\\/\",\"url\":\"https:\\\/\\\/safetysourcefire.ca\\\/wp-content\\\/uploads\\\/2021\\\/01\\\/SSF_logo_CC0000-3.png\",\"contentUrl\":\"https:\\\/\\\/safetysourcefire.ca\\\/wp-content\\\/uploads\\\/2021\\\/01\\\/SSF_logo_CC0000-3.png\",\"width\":1107,\"height\":365,\"caption\":\"Safety Source Fire\"},\"image\":{\"@id\":\"https:\\\/\\\/safetysourcefire.ca\\\/#\\\/schema\\\/logo\\\/image\\\/\"},\"sameAs\":[\"https:\\\/\\\/www.facebook.com\\\/mmfssca\",\"https:\\\/\\\/x.com\\\/mmfssca\"]}]}<\/script>\n<!-- \/ Yoast SEO plugin. -->","yoast_head_json":{"title":"Pack tron\u00e7onneuse - S\u00e9curit\u00e9 incendie","robots":{"index":"index","follow":"follow","max-snippet":"max-snippet:-1","max-image-preview":"max-image-preview:large","max-video-preview":"max-video-preview:-1"},"canonical":"https:\/\/safetysourcefire.ca\/fr\/?product=chainsaw-pack","og_locale":"fr_CA","og_type":"article","og_title":"Chainsaw Pack - Safety Source Fire","og_description":"This unique chainsaw pack design holds the saw in next to your center of gravity and prevents it from bouncing or swinging as you move over rough terrain.","og_url":"https:\/\/safetysourcefire.ca\/fr\/?product=chainsaw-pack","og_site_name":"Safety Source Fire","article_publisher":"https:\/\/www.facebook.com\/mmfssca","article_modified_time":"2020-06-29T19:44:07+00:00","og_image":[{"width":600,"height":600,"url":"https:\/\/safetysourcefire.ca\/wp-content\/uploads\/2020\/06\/Chainsaw_Pack_Angled__30316.1592942336.jpg","type":"image\/jpeg"}],"twitter_card":"summary_large_image","twitter_site":"@mmfssca","twitter_misc":{"Estimation du temps de lecture":"1 minute"},"schema":{"@context":"https:\/\/schema.org","@graph":[{"@type":"WebPage","@id":"https:\/\/safetysourcefire.ca\/?product=chainsaw-pack","url":"https:\/\/safetysourcefire.ca\/?product=chainsaw-pack","name":"Pack tron\u00e7onneuse - S\u00e9curit\u00e9 incendie","isPartOf":{"@id":"https:\/\/safetysourcefire.ca\/#website"},"primaryImageOfPage":{"@id":"https:\/\/safetysourcefire.ca\/?product=chainsaw-pack#primaryimage"},"image":{"@id":"https:\/\/safetysourcefire.ca\/?product=chainsaw-pack#primaryimage"},"thumbnailUrl":"https:\/\/safetysourcefire.ca\/wp-content\/uploads\/2020\/06\/Chainsaw_Pack_Angled__30316.1592942336.jpg","datePublished":"2020-03-25T18:06:53+00:00","dateModified":"2020-06-29T19:44:07+00:00","breadcrumb":{"@id":"https:\/\/safetysourcefire.ca\/?product=chainsaw-pack#breadcrumb"},"inLanguage":"fr-CA","potentialAction":[{"@type":"ReadAction","target":["https:\/\/safetysourcefire.ca\/?product=chainsaw-pack"]}]},{"@type":"ImageObject","inLanguage":"fr-CA","@id":"https:\/\/safetysourcefire.ca\/?product=chainsaw-pack#primaryimage","url":"https:\/\/safetysourcefire.ca\/wp-content\/uploads\/2020\/06\/Chainsaw_Pack_Angled__30316.1592942336.jpg","contentUrl":"https:\/\/safetysourcefire.ca\/wp-content\/uploads\/2020\/06\/Chainsaw_Pack_Angled__30316.1592942336.jpg","width":600,"height":600,"caption":"pack with chainsaw"},{"@type":"BreadcrumbList","@id":"https:\/\/safetysourcefire.ca\/?product=chainsaw-pack#breadcrumb","itemListElement":[{"@type":"ListItem","position":1,"name":"Home","item":"https:\/\/safetysourcefire.ca\/"},{"@type":"ListItem","position":2,"name":"Products","item":"https:\/\/safetysourcefire.ca\/shop\/"},{"@type":"ListItem","position":3,"name":"Chainsaw Pack"}]},{"@type":"WebSite","@id":"https:\/\/safetysourcefire.ca\/#website","url":"https:\/\/safetysourcefire.ca\/","name":"Safety Source Fire","description":"","publisher":{"@id":"https:\/\/safetysourcefire.ca\/#organization"},"potentialAction":[{"@type":"SearchAction","target":{"@type":"EntryPoint","urlTemplate":"https:\/\/safetysourcefire.ca\/?s={search_term_string}"},"query-input":{"@type":"PropertyValueSpecification","valueRequired":true,"valueName":"search_term_string"}}],"inLanguage":"fr-CA"},{"@type":"Organization","@id":"https:\/\/safetysourcefire.ca\/#organization","name":"Safety Source Fire","url":"https:\/\/safetysourcefire.ca\/","logo":{"@type":"ImageObject","inLanguage":"fr-CA","@id":"https:\/\/safetysourcefire.ca\/#\/schema\/logo\/image\/","url":"https:\/\/safetysourcefire.ca\/wp-content\/uploads\/2021\/01\/SSF_logo_CC0000-3.png","contentUrl":"https:\/\/safetysourcefire.ca\/wp-content\/uploads\/2021\/01\/SSF_logo_CC0000-3.png","width":1107,"height":365,"caption":"Safety Source Fire"},"image":{"@id":"https:\/\/safetysourcefire.ca\/#\/schema\/logo\/image\/"},"sameAs":["https:\/\/www.facebook.com\/mmfssca","https:\/\/x.com\/mmfssca"]}]}},"_links":{"self":[{"href":"https:\/\/safetysourcefire.ca\/fr\/wp-json\/wp\/v2\/product\/21483","targetHints":{"allow":["GET"]}}],"collection":[{"href":"https:\/\/safetysourcefire.ca\/fr\/wp-json\/wp\/v2\/product"}],"about":[{"href":"https:\/\/safetysourcefire.ca\/fr\/wp-json\/wp\/v2\/types\/product"}],"wp:featuredmedia":[{"embeddable":true,"href":"https:\/\/safetysourcefire.ca\/fr\/wp-json\/wp\/v2\/media\/21479"}],"wp:attachment":[{"href":"https:\/\/safetysourcefire.ca\/fr\/wp-json\/wp\/v2\/media?parent=21483"}],"wp:term":[{"taxonomy":"product_brand","embeddable":true,"href":"https:\/\/safetysourcefire.ca\/fr\/wp-json\/wp\/v2\/product_brand?post=21483"},{"taxonomy":"product_cat","embeddable":true,"href":"https:\/\/safetysourcefire.ca\/fr\/wp-json\/wp\/v2\/product_cat?post=21483"},{"taxonomy":"product_tag","embeddable":true,"href":"https:\/\/safetysourcefire.ca\/fr\/wp-json\/wp\/v2\/product_tag?post=21483"}],"curies":[{"name":"wp","href":"https:\/\/api.w.org\/{rel}","templated":true}]}}