{"id":21497,"date":"2020-07-10T18:12:55","date_gmt":"2020-07-10T18:12:55","guid":{"rendered":"https:\/\/mmfss.ca\/?post_type=product&#038;p=21497"},"modified":"2020-07-15T17:05:40","modified_gmt":"2020-07-15T17:05:40","slug":"firefly-medic-pack","status":"publish","type":"product","link":"https:\/\/safetysourcefire.ca\/fr\/produit\/firefly-medic-pack\/","title":{"rendered":"Sac \u00e0 dos m\u00e9dical Firefly \u2122"},"content":{"rendered":"<p>Gr\u00e2ce \u00e0 deux fermetures \u00e9clair \u00e0 acc\u00e8s rapide, vous pouvez d\u00e9poser le sac et ne transporter que l'essentiel avec vous. Les caract\u00e9ristiques du sac m\u00e9dical comprennent une ouverture \u00e0 rabat pour un acc\u00e8s complet et rapide, des pochettes de rangement amovibles munies de code de couleur, deux poches s\u00e9par\u00e9es pour l'\u00e9quipement personnel, des poches zipp\u00e9es en vinyle transparent pour les petits m\u00e9dicaments ou bandages, et un \u00e9tui O2 en option (se fixant au bas du sac). Cette version am\u00e9lior\u00e9e poss\u00e8de un harnais de soutien ergonomique sup\u00e9rieur pour le confort du dos et une v\u00e9ritable compatibilit\u00e9 avec le syst\u00e8me MOLLE pour la ceinture de hanche (conforme avec la norme de sangle MOLLE 1\u2033).<\/p>\n<p><a title=\"\" href=\"https:\/\/www.truenorthgear.com\/asset\/5defdfe734d6f\" target=\"_blank\" rel=\"noopener noreferrer\">T\u00e9l\u00e9chargez la fiche de vente<\/a><\/p>\n<h3>Fonctionnalit\u00e9s:<\/h3>\n<ul>\n<li>Nouvelle ceinture et harnais aux hanches offrant un confort ergonomique sup\u00e9rieur<\/li>\n<li>Ceinture de taille mise \u00e0 niveau et v\u00e9ritable syst\u00e8me MOLLE<\/li>\n<li>Compatible avec tous les accessoires MOLLE et abris contre les incendies<\/li>\n<li>Conception de bandouli\u00e8re brevet\u00e9e SCS\u2122<\/li>\n<li>Ouverture frontale rabattable pour un acc\u00e8s complet et rapide<\/li>\n<li>Pochettes de rangement amovibles \u00e0 code couleur Entr\u00e9e\/sortie Velcro<\/li>\n<li>Deux poches s\u00e9par\u00e9es pour l&#039;\u00e9quipement personnel<\/li>\n<li>Poches de rangement \u00e0 code de couleur<\/li>\n<li>Poches zipp\u00e9es en vinyle transparent pour petits m\u00e9dicaments et bandages<\/li>\n<li>Poche d&#039;hydratation 100oz (3L) (r\u00e9servoir non inclus)<\/li>\n<li>Bo\u00eetier SAR interchangeable disponible<\/li>\n<\/ul>","protected":false},"excerpt":{"rendered":"<p>Lorsque vous travaillez comme intervenant de premi\u00e8re ligne, n'ayez pas peur de manquer de place pour votre \u00e9quipement gr\u00e2ce \u00e0 ce sac de grande capacit\u00e9 (2200 pouces cubes)<\/p>","protected":false},"featured_media":21495,"template":"","meta":[],"product_brand":[480],"product_cat":[462,463],"product_tag":[488],"class_list":{"0":"post-21497","1":"product","2":"type-product","3":"status-publish","4":"has-post-thumbnail","6":"product_brand-tng-true-north-gear","7":"product_cat-emergency-preparedness","8":"product_cat-wildland-fire","9":"product_tag-tng-true-north-gear","11":"first","12":"instock","13":"shipping-taxable","14":"product-type-simple"},"yoast_head":"<!-- This site is optimized with the Yoast SEO plugin v27.4 - https:\/\/yoast.com\/product\/yoast-seo-wordpress\/ -->\n<title>Firefly\u2122 Medic Pack - Safety Source Fire<\/title>\n<meta name=\"robots\" content=\"index, follow, max-snippet:-1, max-image-preview:large, max-video-preview:-1\" \/>\n<link rel=\"canonical\" href=\"https:\/\/safetysourcefire.ca\/fr\/?product=firefly-medic-pack\" \/>\n<meta property=\"og:locale\" content=\"fr_CA\" \/>\n<meta property=\"og:type\" content=\"article\" \/>\n<meta property=\"og:title\" content=\"Firefly\u2122 Medic Pack - Safety Source Fire\" \/>\n<meta property=\"og:description\" content=\"You can take it all with you when you&#039;re working the line with this large capacity 2200 cu in gear bag.\" \/>\n<meta property=\"og:url\" content=\"https:\/\/safetysourcefire.ca\/fr\/?product=firefly-medic-pack\" \/>\n<meta property=\"og:site_name\" content=\"Safety Source Fire\" \/>\n<meta property=\"article:publisher\" content=\"https:\/\/www.facebook.com\/mmfssca\" \/>\n<meta property=\"article:modified_time\" content=\"2020-07-15T17:05:40+00:00\" \/>\n<meta property=\"og:image\" content=\"https:\/\/safetysourcefire.ca\/wp-content\/uploads\/2020\/06\/original-172-861-fireflymedic_black_nov2016__71121.1568071659.jpg\" \/>\n\t<meta property=\"og:image:width\" content=\"600\" \/>\n\t<meta property=\"og:image:height\" content=\"600\" \/>\n\t<meta property=\"og:image:type\" content=\"image\/jpeg\" \/>\n<meta name=\"twitter:card\" content=\"summary_large_image\" \/>\n<meta name=\"twitter:site\" content=\"@mmfssca\" \/>\n<meta name=\"twitter:label1\" content=\"Estimation du temps de lecture\" \/>\n\t<meta name=\"twitter:data1\" content=\"1 minute\" \/>\n<script type=\"application\/ld+json\" class=\"yoast-schema-graph\">{\"@context\":\"https:\\\/\\\/schema.org\",\"@graph\":[{\"@type\":\"WebPage\",\"@id\":\"https:\\\/\\\/safetysourcefire.ca\\\/?product=firefly-medic-pack\",\"url\":\"https:\\\/\\\/safetysourcefire.ca\\\/?product=firefly-medic-pack\",\"name\":\"Firefly\u2122 Medic Pack - Safety Source Fire\",\"isPartOf\":{\"@id\":\"https:\\\/\\\/safetysourcefire.ca\\\/#website\"},\"primaryImageOfPage\":{\"@id\":\"https:\\\/\\\/safetysourcefire.ca\\\/?product=firefly-medic-pack#primaryimage\"},\"image\":{\"@id\":\"https:\\\/\\\/safetysourcefire.ca\\\/?product=firefly-medic-pack#primaryimage\"},\"thumbnailUrl\":\"https:\\\/\\\/safetysourcefire.ca\\\/wp-content\\\/uploads\\\/2020\\\/06\\\/original-172-861-fireflymedic_black_nov2016__71121.1568071659.jpg\",\"datePublished\":\"2020-07-10T18:12:55+00:00\",\"dateModified\":\"2020-07-15T17:05:40+00:00\",\"breadcrumb\":{\"@id\":\"https:\\\/\\\/safetysourcefire.ca\\\/?product=firefly-medic-pack#breadcrumb\"},\"inLanguage\":\"fr-CA\",\"potentialAction\":[{\"@type\":\"ReadAction\",\"target\":[\"https:\\\/\\\/safetysourcefire.ca\\\/?product=firefly-medic-pack\"]}]},{\"@type\":\"ImageObject\",\"inLanguage\":\"fr-CA\",\"@id\":\"https:\\\/\\\/safetysourcefire.ca\\\/?product=firefly-medic-pack#primaryimage\",\"url\":\"https:\\\/\\\/safetysourcefire.ca\\\/wp-content\\\/uploads\\\/2020\\\/06\\\/original-172-861-fireflymedic_black_nov2016__71121.1568071659.jpg\",\"contentUrl\":\"https:\\\/\\\/safetysourcefire.ca\\\/wp-content\\\/uploads\\\/2020\\\/06\\\/original-172-861-fireflymedic_black_nov2016__71121.1568071659.jpg\",\"width\":600,\"height\":600,\"caption\":\"pack\"},{\"@type\":\"BreadcrumbList\",\"@id\":\"https:\\\/\\\/safetysourcefire.ca\\\/?product=firefly-medic-pack#breadcrumb\",\"itemListElement\":[{\"@type\":\"ListItem\",\"position\":1,\"name\":\"Home\",\"item\":\"https:\\\/\\\/safetysourcefire.ca\\\/\"},{\"@type\":\"ListItem\",\"position\":2,\"name\":\"Products\",\"item\":\"https:\\\/\\\/safetysourcefire.ca\\\/shop\\\/\"},{\"@type\":\"ListItem\",\"position\":3,\"name\":\"Firefly\u2122 Medic Pack\"}]},{\"@type\":\"WebSite\",\"@id\":\"https:\\\/\\\/safetysourcefire.ca\\\/#website\",\"url\":\"https:\\\/\\\/safetysourcefire.ca\\\/\",\"name\":\"Safety Source Fire\",\"description\":\"\",\"publisher\":{\"@id\":\"https:\\\/\\\/safetysourcefire.ca\\\/#organization\"},\"potentialAction\":[{\"@type\":\"SearchAction\",\"target\":{\"@type\":\"EntryPoint\",\"urlTemplate\":\"https:\\\/\\\/safetysourcefire.ca\\\/?s={search_term_string}\"},\"query-input\":{\"@type\":\"PropertyValueSpecification\",\"valueRequired\":true,\"valueName\":\"search_term_string\"}}],\"inLanguage\":\"fr-CA\"},{\"@type\":\"Organization\",\"@id\":\"https:\\\/\\\/safetysourcefire.ca\\\/#organization\",\"name\":\"Safety Source Fire\",\"url\":\"https:\\\/\\\/safetysourcefire.ca\\\/\",\"logo\":{\"@type\":\"ImageObject\",\"inLanguage\":\"fr-CA\",\"@id\":\"https:\\\/\\\/safetysourcefire.ca\\\/#\\\/schema\\\/logo\\\/image\\\/\",\"url\":\"https:\\\/\\\/safetysourcefire.ca\\\/wp-content\\\/uploads\\\/2021\\\/01\\\/SSF_logo_CC0000-3.png\",\"contentUrl\":\"https:\\\/\\\/safetysourcefire.ca\\\/wp-content\\\/uploads\\\/2021\\\/01\\\/SSF_logo_CC0000-3.png\",\"width\":1107,\"height\":365,\"caption\":\"Safety Source Fire\"},\"image\":{\"@id\":\"https:\\\/\\\/safetysourcefire.ca\\\/#\\\/schema\\\/logo\\\/image\\\/\"},\"sameAs\":[\"https:\\\/\\\/www.facebook.com\\\/mmfssca\",\"https:\\\/\\\/x.com\\\/mmfssca\"]}]}<\/script>\n<!-- \/ Yoast SEO plugin. -->","yoast_head_json":{"title":"Pack m\u00e9dical Firefly\u2122 - Source de s\u00e9curit\u00e9 incendie","robots":{"index":"index","follow":"follow","max-snippet":"max-snippet:-1","max-image-preview":"max-image-preview:large","max-video-preview":"max-video-preview:-1"},"canonical":"https:\/\/safetysourcefire.ca\/fr\/?product=firefly-medic-pack","og_locale":"fr_CA","og_type":"article","og_title":"Firefly\u2122 Medic Pack - Safety Source Fire","og_description":"You can take it all with you when you're working the line with this large capacity 2200 cu in gear bag.","og_url":"https:\/\/safetysourcefire.ca\/fr\/?product=firefly-medic-pack","og_site_name":"Safety Source Fire","article_publisher":"https:\/\/www.facebook.com\/mmfssca","article_modified_time":"2020-07-15T17:05:40+00:00","og_image":[{"width":600,"height":600,"url":"https:\/\/safetysourcefire.ca\/wp-content\/uploads\/2020\/06\/original-172-861-fireflymedic_black_nov2016__71121.1568071659.jpg","type":"image\/jpeg"}],"twitter_card":"summary_large_image","twitter_site":"@mmfssca","twitter_misc":{"Estimation du temps de lecture":"1 minute"},"schema":{"@context":"https:\/\/schema.org","@graph":[{"@type":"WebPage","@id":"https:\/\/safetysourcefire.ca\/?product=firefly-medic-pack","url":"https:\/\/safetysourcefire.ca\/?product=firefly-medic-pack","name":"Pack m\u00e9dical Firefly\u2122 - Source de s\u00e9curit\u00e9 incendie","isPartOf":{"@id":"https:\/\/safetysourcefire.ca\/#website"},"primaryImageOfPage":{"@id":"https:\/\/safetysourcefire.ca\/?product=firefly-medic-pack#primaryimage"},"image":{"@id":"https:\/\/safetysourcefire.ca\/?product=firefly-medic-pack#primaryimage"},"thumbnailUrl":"https:\/\/safetysourcefire.ca\/wp-content\/uploads\/2020\/06\/original-172-861-fireflymedic_black_nov2016__71121.1568071659.jpg","datePublished":"2020-07-10T18:12:55+00:00","dateModified":"2020-07-15T17:05:40+00:00","breadcrumb":{"@id":"https:\/\/safetysourcefire.ca\/?product=firefly-medic-pack#breadcrumb"},"inLanguage":"fr-CA","potentialAction":[{"@type":"ReadAction","target":["https:\/\/safetysourcefire.ca\/?product=firefly-medic-pack"]}]},{"@type":"ImageObject","inLanguage":"fr-CA","@id":"https:\/\/safetysourcefire.ca\/?product=firefly-medic-pack#primaryimage","url":"https:\/\/safetysourcefire.ca\/wp-content\/uploads\/2020\/06\/original-172-861-fireflymedic_black_nov2016__71121.1568071659.jpg","contentUrl":"https:\/\/safetysourcefire.ca\/wp-content\/uploads\/2020\/06\/original-172-861-fireflymedic_black_nov2016__71121.1568071659.jpg","width":600,"height":600,"caption":"pack"},{"@type":"BreadcrumbList","@id":"https:\/\/safetysourcefire.ca\/?product=firefly-medic-pack#breadcrumb","itemListElement":[{"@type":"ListItem","position":1,"name":"Home","item":"https:\/\/safetysourcefire.ca\/"},{"@type":"ListItem","position":2,"name":"Products","item":"https:\/\/safetysourcefire.ca\/shop\/"},{"@type":"ListItem","position":3,"name":"Firefly\u2122 Medic Pack"}]},{"@type":"WebSite","@id":"https:\/\/safetysourcefire.ca\/#website","url":"https:\/\/safetysourcefire.ca\/","name":"Safety Source Fire","description":"","publisher":{"@id":"https:\/\/safetysourcefire.ca\/#organization"},"potentialAction":[{"@type":"SearchAction","target":{"@type":"EntryPoint","urlTemplate":"https:\/\/safetysourcefire.ca\/?s={search_term_string}"},"query-input":{"@type":"PropertyValueSpecification","valueRequired":true,"valueName":"search_term_string"}}],"inLanguage":"fr-CA"},{"@type":"Organization","@id":"https:\/\/safetysourcefire.ca\/#organization","name":"Safety Source Fire","url":"https:\/\/safetysourcefire.ca\/","logo":{"@type":"ImageObject","inLanguage":"fr-CA","@id":"https:\/\/safetysourcefire.ca\/#\/schema\/logo\/image\/","url":"https:\/\/safetysourcefire.ca\/wp-content\/uploads\/2021\/01\/SSF_logo_CC0000-3.png","contentUrl":"https:\/\/safetysourcefire.ca\/wp-content\/uploads\/2021\/01\/SSF_logo_CC0000-3.png","width":1107,"height":365,"caption":"Safety Source Fire"},"image":{"@id":"https:\/\/safetysourcefire.ca\/#\/schema\/logo\/image\/"},"sameAs":["https:\/\/www.facebook.com\/mmfssca","https:\/\/x.com\/mmfssca"]}]}},"_links":{"self":[{"href":"https:\/\/safetysourcefire.ca\/fr\/wp-json\/wp\/v2\/product\/21497","targetHints":{"allow":["GET"]}}],"collection":[{"href":"https:\/\/safetysourcefire.ca\/fr\/wp-json\/wp\/v2\/product"}],"about":[{"href":"https:\/\/safetysourcefire.ca\/fr\/wp-json\/wp\/v2\/types\/product"}],"wp:featuredmedia":[{"embeddable":true,"href":"https:\/\/safetysourcefire.ca\/fr\/wp-json\/wp\/v2\/media\/21495"}],"wp:attachment":[{"href":"https:\/\/safetysourcefire.ca\/fr\/wp-json\/wp\/v2\/media?parent=21497"}],"wp:term":[{"taxonomy":"product_brand","embeddable":true,"href":"https:\/\/safetysourcefire.ca\/fr\/wp-json\/wp\/v2\/product_brand?post=21497"},{"taxonomy":"product_cat","embeddable":true,"href":"https:\/\/safetysourcefire.ca\/fr\/wp-json\/wp\/v2\/product_cat?post=21497"},{"taxonomy":"product_tag","embeddable":true,"href":"https:\/\/safetysourcefire.ca\/fr\/wp-json\/wp\/v2\/product_tag?post=21497"}],"curies":[{"name":"wp","href":"https:\/\/api.w.org\/{rel}","templated":true}]}}