{"id":21665,"date":"2020-05-10T16:01:49","date_gmt":"2020-05-10T16:01:49","guid":{"rendered":"https:\/\/mmfss.ca\/?post_type=product&#038;p=21665"},"modified":"2020-07-10T16:28:50","modified_gmt":"2020-07-10T16:28:50","slug":"true-north-brush-shirt-plus-womens","status":"publish","type":"product","link":"https:\/\/safetysourcefire.ca\/fr\/produit\/true-north-brush-shirt-plus-womens\/","title":{"rendered":"Chemise True North Brush Plus \u2013 Pour femmes"},"content":{"rendered":"<p>Con\u00e7ue pour les femmes, par des femmes, cette chemise a \u00e9t\u00e9 soigneusement d\u00e9velopp\u00e9e pour offrir un confort et un ajustement hors pair sans sacrifier les performances et les fonctionnalit\u00e9s utiles.<\/p>\n<p><a href=\"https:\/\/www.truenorthgear.com\/asset\/5e9753b5cc0bb\">T\u00e9l\u00e9chargez la fiche de vente<\/a><\/p>\n<p><strong>Fonctionnalit\u00e9s:<\/strong><\/p>\n<ul>\n<li>R\u00e9sistance inh\u00e9rente aux flammes<\/li>\n<li>V\u00eatement certifi\u00e9 NFPA 1977<\/li>\n<li>Dimensionn\u00e9e pour aider les femmes \u00e0 travailler plus confortablement. Nous avons ajout\u00e9 une taille suppl\u00e9mentaire au niveau des hanches, un peu d'espace suppl\u00e9mentaire au niveau de la poitrine, ainsi que des pinces \u00e0 la taille pour un ajustement optimal de la forme. La courbe de la taille frappe \u00e9galement \u00e0 une hauteur confortable et ne restreint pas la mobilit\u00e9.<\/li>\n<li>Fermetures de poignets auto-agrippantes qui peuvent \u00eatre resserr\u00e9es m\u00eame pour les plus petits poignets afin d'emp\u00eacher efficacement la salet\u00e9 et les braises d'entrer dans l'uniforme.<\/li>\n<li>Apr\u00e8s avoir entendu que les poches de poitrine sont inconfortables pour de nombreuses femmes, nous les avons remplac\u00e9es par deux poches inf\u00e9rieures. Les poches sont strat\u00e9giquement plac\u00e9es entre la ceinture du sac et le harnais du sac pour maximiser la fonctionnalit\u00e9 et le confort, et disposent de fermetures auto-agrippantes.<\/li>\n<li>Collier r\u00e9glable innovant qui peut \u00eatre port\u00e9 et bien serr\u00e9, ou repli\u00e9 et s\u00e9curis\u00e9<\/li>\n<li>Poche pratique sur la manche avec une fente pour stylo<\/li>\n<li>Fermetures \u00e0 boutons r\u00e9sistant aux hautes temp\u00e9ratures<\/li>\n<li>Innovante, cette chemise garde les caract\u00e9ristiques de base de l'uniforme classique, tout en faisant les ajustements n\u00e9cessaires pour les particularit\u00e9s du corps f\u00e9minin.<\/li>\n<\/ul>","protected":false},"excerpt":{"rendered":"<p>Exclusivement con\u00e7ue pour r\u00e9soudre les d\u00e9fis auxquels les femmes de la communaut\u00e9 des feux de for\u00eat sont confront\u00e9es avec l'ajustement de l'EPI.<\/p>","protected":false},"featured_media":21667,"template":"","meta":[],"product_brand":[480],"product_cat":[462,463],"product_tag":[488],"class_list":{"0":"post-21665","1":"product","2":"type-product","3":"status-publish","4":"has-post-thumbnail","6":"product_brand-tng-true-north-gear","7":"product_cat-emergency-preparedness","8":"product_cat-wildland-fire","9":"product_tag-tng-true-north-gear","11":"first","12":"instock","13":"shipping-taxable","14":"product-type-simple"},"yoast_head":"<!-- This site is optimized with the Yoast SEO plugin v27.4 - https:\/\/yoast.com\/product\/yoast-seo-wordpress\/ -->\n<title>True North Brush Shirt Plus - Women&#039;s - Safety Source Fire<\/title>\n<meta name=\"robots\" content=\"index, follow, max-snippet:-1, max-image-preview:large, max-video-preview:-1\" \/>\n<link rel=\"canonical\" href=\"https:\/\/safetysourcefire.ca\/fr\/?product=true-north-brush-shirt-plus-womens\" \/>\n<meta property=\"og:locale\" content=\"fr_CA\" \/>\n<meta property=\"og:type\" content=\"article\" \/>\n<meta property=\"og:title\" content=\"True North Brush Shirt Plus - Women&#039;s - Safety Source Fire\" \/>\n<meta property=\"og:description\" content=\"Exclusively designed to solve the challenges women in the wildland fire community face with PPE fit.\" \/>\n<meta property=\"og:url\" content=\"https:\/\/safetysourcefire.ca\/fr\/?product=true-north-brush-shirt-plus-womens\" \/>\n<meta property=\"og:site_name\" content=\"Safety Source Fire\" \/>\n<meta property=\"article:publisher\" content=\"https:\/\/www.facebook.com\/mmfssca\" \/>\n<meta property=\"article:modified_time\" content=\"2020-07-10T16:28:50+00:00\" \/>\n<meta property=\"og:image\" content=\"https:\/\/safetysourcefire.ca\/wp-content\/uploads\/2020\/07\/BrushShirt_Womens_Front__04167.1586978205-1.gif\" \/>\n\t<meta property=\"og:image:width\" content=\"600\" \/>\n\t<meta property=\"og:image:height\" content=\"600\" \/>\n\t<meta property=\"og:image:type\" content=\"image\/gif\" \/>\n<meta name=\"twitter:card\" content=\"summary_large_image\" \/>\n<meta name=\"twitter:site\" content=\"@mmfssca\" \/>\n<meta name=\"twitter:label1\" content=\"Estimation du temps de lecture\" \/>\n\t<meta name=\"twitter:data1\" content=\"1 minute\" \/>\n<script type=\"application\/ld+json\" class=\"yoast-schema-graph\">{\"@context\":\"https:\\\/\\\/schema.org\",\"@graph\":[{\"@type\":\"WebPage\",\"@id\":\"https:\\\/\\\/safetysourcefire.ca\\\/?product=true-north-brush-shirt-plus-womens\",\"url\":\"https:\\\/\\\/safetysourcefire.ca\\\/?product=true-north-brush-shirt-plus-womens\",\"name\":\"True North Brush Shirt Plus - Women's - Safety Source Fire\",\"isPartOf\":{\"@id\":\"https:\\\/\\\/safetysourcefire.ca\\\/#website\"},\"primaryImageOfPage\":{\"@id\":\"https:\\\/\\\/safetysourcefire.ca\\\/?product=true-north-brush-shirt-plus-womens#primaryimage\"},\"image\":{\"@id\":\"https:\\\/\\\/safetysourcefire.ca\\\/?product=true-north-brush-shirt-plus-womens#primaryimage\"},\"thumbnailUrl\":\"https:\\\/\\\/safetysourcefire.ca\\\/wp-content\\\/uploads\\\/2020\\\/07\\\/BrushShirt_Womens_Front__04167.1586978205-1.gif\",\"datePublished\":\"2020-05-10T16:01:49+00:00\",\"dateModified\":\"2020-07-10T16:28:50+00:00\",\"breadcrumb\":{\"@id\":\"https:\\\/\\\/safetysourcefire.ca\\\/?product=true-north-brush-shirt-plus-womens#breadcrumb\"},\"inLanguage\":\"fr-CA\",\"potentialAction\":[{\"@type\":\"ReadAction\",\"target\":[\"https:\\\/\\\/safetysourcefire.ca\\\/?product=true-north-brush-shirt-plus-womens\"]}]},{\"@type\":\"ImageObject\",\"inLanguage\":\"fr-CA\",\"@id\":\"https:\\\/\\\/safetysourcefire.ca\\\/?product=true-north-brush-shirt-plus-womens#primaryimage\",\"url\":\"https:\\\/\\\/safetysourcefire.ca\\\/wp-content\\\/uploads\\\/2020\\\/07\\\/BrushShirt_Womens_Front__04167.1586978205-1.gif\",\"contentUrl\":\"https:\\\/\\\/safetysourcefire.ca\\\/wp-content\\\/uploads\\\/2020\\\/07\\\/BrushShirt_Womens_Front__04167.1586978205-1.gif\",\"width\":600,\"height\":600,\"caption\":\"jacket\"},{\"@type\":\"BreadcrumbList\",\"@id\":\"https:\\\/\\\/safetysourcefire.ca\\\/?product=true-north-brush-shirt-plus-womens#breadcrumb\",\"itemListElement\":[{\"@type\":\"ListItem\",\"position\":1,\"name\":\"Home\",\"item\":\"https:\\\/\\\/safetysourcefire.ca\\\/\"},{\"@type\":\"ListItem\",\"position\":2,\"name\":\"Products\",\"item\":\"https:\\\/\\\/safetysourcefire.ca\\\/shop\\\/\"},{\"@type\":\"ListItem\",\"position\":3,\"name\":\"True North Brush Shirt Plus &#8211; Women&#8217;s\"}]},{\"@type\":\"WebSite\",\"@id\":\"https:\\\/\\\/safetysourcefire.ca\\\/#website\",\"url\":\"https:\\\/\\\/safetysourcefire.ca\\\/\",\"name\":\"Safety Source Fire\",\"description\":\"\",\"publisher\":{\"@id\":\"https:\\\/\\\/safetysourcefire.ca\\\/#organization\"},\"potentialAction\":[{\"@type\":\"SearchAction\",\"target\":{\"@type\":\"EntryPoint\",\"urlTemplate\":\"https:\\\/\\\/safetysourcefire.ca\\\/?s={search_term_string}\"},\"query-input\":{\"@type\":\"PropertyValueSpecification\",\"valueRequired\":true,\"valueName\":\"search_term_string\"}}],\"inLanguage\":\"fr-CA\"},{\"@type\":\"Organization\",\"@id\":\"https:\\\/\\\/safetysourcefire.ca\\\/#organization\",\"name\":\"Safety Source Fire\",\"url\":\"https:\\\/\\\/safetysourcefire.ca\\\/\",\"logo\":{\"@type\":\"ImageObject\",\"inLanguage\":\"fr-CA\",\"@id\":\"https:\\\/\\\/safetysourcefire.ca\\\/#\\\/schema\\\/logo\\\/image\\\/\",\"url\":\"https:\\\/\\\/safetysourcefire.ca\\\/wp-content\\\/uploads\\\/2021\\\/01\\\/SSF_logo_CC0000-3.png\",\"contentUrl\":\"https:\\\/\\\/safetysourcefire.ca\\\/wp-content\\\/uploads\\\/2021\\\/01\\\/SSF_logo_CC0000-3.png\",\"width\":1107,\"height\":365,\"caption\":\"Safety Source Fire\"},\"image\":{\"@id\":\"https:\\\/\\\/safetysourcefire.ca\\\/#\\\/schema\\\/logo\\\/image\\\/\"},\"sameAs\":[\"https:\\\/\\\/www.facebook.com\\\/mmfssca\",\"https:\\\/\\\/x.com\\\/mmfssca\"]}]}<\/script>\n<!-- \/ Yoast SEO plugin. -->","yoast_head_json":{"title":"True North Brush Shirt Plus - Women's - Safety Source Fire","robots":{"index":"index","follow":"follow","max-snippet":"max-snippet:-1","max-image-preview":"max-image-preview:large","max-video-preview":"max-video-preview:-1"},"canonical":"https:\/\/safetysourcefire.ca\/fr\/?product=true-north-brush-shirt-plus-womens","og_locale":"fr_CA","og_type":"article","og_title":"True North Brush Shirt Plus - Women's - Safety Source Fire","og_description":"Exclusively designed to solve the challenges women in the wildland fire community face with PPE fit.","og_url":"https:\/\/safetysourcefire.ca\/fr\/?product=true-north-brush-shirt-plus-womens","og_site_name":"Safety Source Fire","article_publisher":"https:\/\/www.facebook.com\/mmfssca","article_modified_time":"2020-07-10T16:28:50+00:00","og_image":[{"width":600,"height":600,"url":"https:\/\/safetysourcefire.ca\/wp-content\/uploads\/2020\/07\/BrushShirt_Womens_Front__04167.1586978205-1.gif","type":"image\/gif"}],"twitter_card":"summary_large_image","twitter_site":"@mmfssca","twitter_misc":{"Estimation du temps de lecture":"1 minute"},"schema":{"@context":"https:\/\/schema.org","@graph":[{"@type":"WebPage","@id":"https:\/\/safetysourcefire.ca\/?product=true-north-brush-shirt-plus-womens","url":"https:\/\/safetysourcefire.ca\/?product=true-north-brush-shirt-plus-womens","name":"True North Brush Shirt Plus - Women's - Safety Source Fire","isPartOf":{"@id":"https:\/\/safetysourcefire.ca\/#website"},"primaryImageOfPage":{"@id":"https:\/\/safetysourcefire.ca\/?product=true-north-brush-shirt-plus-womens#primaryimage"},"image":{"@id":"https:\/\/safetysourcefire.ca\/?product=true-north-brush-shirt-plus-womens#primaryimage"},"thumbnailUrl":"https:\/\/safetysourcefire.ca\/wp-content\/uploads\/2020\/07\/BrushShirt_Womens_Front__04167.1586978205-1.gif","datePublished":"2020-05-10T16:01:49+00:00","dateModified":"2020-07-10T16:28:50+00:00","breadcrumb":{"@id":"https:\/\/safetysourcefire.ca\/?product=true-north-brush-shirt-plus-womens#breadcrumb"},"inLanguage":"fr-CA","potentialAction":[{"@type":"ReadAction","target":["https:\/\/safetysourcefire.ca\/?product=true-north-brush-shirt-plus-womens"]}]},{"@type":"ImageObject","inLanguage":"fr-CA","@id":"https:\/\/safetysourcefire.ca\/?product=true-north-brush-shirt-plus-womens#primaryimage","url":"https:\/\/safetysourcefire.ca\/wp-content\/uploads\/2020\/07\/BrushShirt_Womens_Front__04167.1586978205-1.gif","contentUrl":"https:\/\/safetysourcefire.ca\/wp-content\/uploads\/2020\/07\/BrushShirt_Womens_Front__04167.1586978205-1.gif","width":600,"height":600,"caption":"jacket"},{"@type":"BreadcrumbList","@id":"https:\/\/safetysourcefire.ca\/?product=true-north-brush-shirt-plus-womens#breadcrumb","itemListElement":[{"@type":"ListItem","position":1,"name":"Home","item":"https:\/\/safetysourcefire.ca\/"},{"@type":"ListItem","position":2,"name":"Products","item":"https:\/\/safetysourcefire.ca\/shop\/"},{"@type":"ListItem","position":3,"name":"True North Brush Shirt Plus &#8211; Women&#8217;s"}]},{"@type":"WebSite","@id":"https:\/\/safetysourcefire.ca\/#website","url":"https:\/\/safetysourcefire.ca\/","name":"Safety Source Fire","description":"","publisher":{"@id":"https:\/\/safetysourcefire.ca\/#organization"},"potentialAction":[{"@type":"SearchAction","target":{"@type":"EntryPoint","urlTemplate":"https:\/\/safetysourcefire.ca\/?s={search_term_string}"},"query-input":{"@type":"PropertyValueSpecification","valueRequired":true,"valueName":"search_term_string"}}],"inLanguage":"fr-CA"},{"@type":"Organization","@id":"https:\/\/safetysourcefire.ca\/#organization","name":"Safety Source Fire","url":"https:\/\/safetysourcefire.ca\/","logo":{"@type":"ImageObject","inLanguage":"fr-CA","@id":"https:\/\/safetysourcefire.ca\/#\/schema\/logo\/image\/","url":"https:\/\/safetysourcefire.ca\/wp-content\/uploads\/2021\/01\/SSF_logo_CC0000-3.png","contentUrl":"https:\/\/safetysourcefire.ca\/wp-content\/uploads\/2021\/01\/SSF_logo_CC0000-3.png","width":1107,"height":365,"caption":"Safety Source Fire"},"image":{"@id":"https:\/\/safetysourcefire.ca\/#\/schema\/logo\/image\/"},"sameAs":["https:\/\/www.facebook.com\/mmfssca","https:\/\/x.com\/mmfssca"]}]}},"_links":{"self":[{"href":"https:\/\/safetysourcefire.ca\/fr\/wp-json\/wp\/v2\/product\/21665","targetHints":{"allow":["GET"]}}],"collection":[{"href":"https:\/\/safetysourcefire.ca\/fr\/wp-json\/wp\/v2\/product"}],"about":[{"href":"https:\/\/safetysourcefire.ca\/fr\/wp-json\/wp\/v2\/types\/product"}],"wp:featuredmedia":[{"embeddable":true,"href":"https:\/\/safetysourcefire.ca\/fr\/wp-json\/wp\/v2\/media\/21667"}],"wp:attachment":[{"href":"https:\/\/safetysourcefire.ca\/fr\/wp-json\/wp\/v2\/media?parent=21665"}],"wp:term":[{"taxonomy":"product_brand","embeddable":true,"href":"https:\/\/safetysourcefire.ca\/fr\/wp-json\/wp\/v2\/product_brand?post=21665"},{"taxonomy":"product_cat","embeddable":true,"href":"https:\/\/safetysourcefire.ca\/fr\/wp-json\/wp\/v2\/product_cat?post=21665"},{"taxonomy":"product_tag","embeddable":true,"href":"https:\/\/safetysourcefire.ca\/fr\/wp-json\/wp\/v2\/product_tag?post=21665"}],"curies":[{"name":"wp","href":"https:\/\/api.w.org\/{rel}","templated":true}]}}