{"id":21672,"date":"2020-05-10T16:11:41","date_gmt":"2020-05-10T16:11:41","guid":{"rendered":"https:\/\/mmfss.ca\/?post_type=product&#038;p=21672"},"modified":"2020-07-10T16:28:28","modified_gmt":"2020-07-10T16:28:28","slug":"single-universal-radio-harness","status":"publish","type":"product","link":"https:\/\/safetysourcefire.ca\/fr\/produit\/single-universal-radio-harness\/","title":{"rendered":"Harnais universel pour radio unique"},"content":{"rendered":"<p>Avec des poches r\u00e9glables con\u00e7ues pour s'adapter \u00e0 toutes les marques et mod\u00e8les de radios ainsi qu'un syst\u00e8me de suspension interne qui maintient le harnais stable, ce harnais radio repens\u00e9 est encore plus confortable, durable et fonctionnel que jamais. Le harnais radio universel unique est dot\u00e9 d'une poche frontale \u00e0 fermeture auto-agrippante pour transporter une batterie de rechange ou d'autres petits objets. L'ouverture \u00e0 fermeture \u00e9clair en demi-lune permet un acc\u00e8s facile \u00e0 la poche principale dot\u00e9e d'une poche de rangement interne. De plus, les sangles \u00e9lastiques maintiennent les radios en place lorsque vous vous penchez.<\/p>\n<p><a title=\"\" href=\"https:\/\/www.truenorthgear.com\/asset\/5defe03bf3c6e\" target=\"_blank\" rel=\"noopener noreferrer\">T\u00e9l\u00e9chargez la fiche de vente<\/a><\/p>\n<h3>Fonctionnalit\u00e9s:<\/h3>\n<ul>\n<li>La poche radio r\u00e9glable s'adapte \u00e0 une large gamme de mod\u00e8les, des plus grandes radios (anciens mod\u00e8les) aux plus petits combin\u00e9s modernes<\/li>\n<li>Grande poche pour carte\/carnet avec fermeture \u00e9clair en demi-lune<\/li>\n<li>Poche pour t\u00e9l\u00e9phone portable con\u00e7ue pour s&#039;adapter aux grands t\u00e9l\u00e9phones et \u00e0 leurs \u00e9tuis<\/li>\n<li>Fermeture \u00e0 boucle sur la poche radio<\/li>\n<li>Poche pour batterie de rechange<\/li>\n<li>Deux emplacements pour stylo<\/li>\n<li>Harnais arri\u00e8re \u00e0 profil bas construit en Hypalon \u2122 l\u00e9ger mais durable (nouveau)<\/li>\n<li>Peut \u00eatre mont\u00e9 directement sur votre harnais d&#039;\u00e9paule avec sangles d&#039;int\u00e9gration<\/li>\n<li>Dimension de l&#039;empreinte de la poitrine: 10,5 &quot;x 10&quot;<\/li>\n<\/ul>","protected":false},"excerpt":{"rendered":"<p>La collection de harnais pour radios la plus vendue. True North\u00aea vraiment pens\u00e9 \u00e0 tout !<\/p>","protected":false},"featured_media":21628,"template":"","meta":[],"product_brand":[480],"product_cat":[462,463],"product_tag":[488],"class_list":{"0":"post-21672","1":"product","2":"type-product","3":"status-publish","4":"has-post-thumbnail","6":"product_brand-tng-true-north-gear","7":"product_cat-emergency-preparedness","8":"product_cat-wildland-fire","9":"product_tag-tng-true-north-gear","11":"first","12":"instock","13":"shipping-taxable","14":"product-type-simple"},"yoast_head":"<!-- This site is optimized with the Yoast SEO plugin v27.5 - https:\/\/yoast.com\/product\/yoast-seo-wordpress\/ -->\n<title>Single Universal Radio Harness - Safety Source Fire<\/title>\n<meta name=\"robots\" content=\"index, follow, max-snippet:-1, max-image-preview:large, max-video-preview:-1\" \/>\n<link rel=\"canonical\" href=\"https:\/\/safetysourcefire.ca\/fr\/?product=single-universal-radio-harness\" \/>\n<meta property=\"og:locale\" content=\"fr_CA\" \/>\n<meta property=\"og:type\" content=\"article\" \/>\n<meta property=\"og:title\" content=\"Single Universal Radio Harness - Safety Source Fire\" \/>\n<meta property=\"og:description\" content=\"The collection of best-selling Radio Harnesses feature all the bells and whistles that our customers expect from True North\u00ae products.\" \/>\n<meta property=\"og:url\" content=\"https:\/\/safetysourcefire.ca\/fr\/?product=single-universal-radio-harness\" \/>\n<meta property=\"og:site_name\" content=\"Safety Source Fire\" \/>\n<meta property=\"article:publisher\" content=\"https:\/\/www.facebook.com\/mmfssca\" \/>\n<meta property=\"article:modified_time\" content=\"2020-07-10T16:28:28+00:00\" \/>\n<meta property=\"og:image\" content=\"https:\/\/safetysourcefire.ca\/wp-content\/uploads\/2020\/07\/Single-Radio-Harness_Gen-2_Model__60501.1594253268.gif\" \/>\n\t<meta property=\"og:image:width\" content=\"600\" \/>\n\t<meta property=\"og:image:height\" content=\"600\" \/>\n\t<meta property=\"og:image:type\" content=\"image\/gif\" \/>\n<meta name=\"twitter:card\" content=\"summary_large_image\" \/>\n<meta name=\"twitter:site\" content=\"@mmfssca\" \/>\n<meta name=\"twitter:label1\" content=\"Estimation du temps de lecture\" \/>\n\t<meta name=\"twitter:data1\" content=\"1 minute\" \/>\n<script type=\"application\/ld+json\" class=\"yoast-schema-graph\">{\"@context\":\"https:\\\/\\\/schema.org\",\"@graph\":[{\"@type\":\"WebPage\",\"@id\":\"https:\\\/\\\/safetysourcefire.ca\\\/?product=single-universal-radio-harness\",\"url\":\"https:\\\/\\\/safetysourcefire.ca\\\/?product=single-universal-radio-harness\",\"name\":\"Single Universal Radio Harness - Safety Source Fire\",\"isPartOf\":{\"@id\":\"https:\\\/\\\/safetysourcefire.ca\\\/#website\"},\"primaryImageOfPage\":{\"@id\":\"https:\\\/\\\/safetysourcefire.ca\\\/?product=single-universal-radio-harness#primaryimage\"},\"image\":{\"@id\":\"https:\\\/\\\/safetysourcefire.ca\\\/?product=single-universal-radio-harness#primaryimage\"},\"thumbnailUrl\":\"https:\\\/\\\/safetysourcefire.ca\\\/wp-content\\\/uploads\\\/2020\\\/07\\\/Single-Radio-Harness_Gen-2_Model__60501.1594253268.gif\",\"datePublished\":\"2020-05-10T16:11:41+00:00\",\"dateModified\":\"2020-07-10T16:28:28+00:00\",\"breadcrumb\":{\"@id\":\"https:\\\/\\\/safetysourcefire.ca\\\/?product=single-universal-radio-harness#breadcrumb\"},\"inLanguage\":\"fr-CA\",\"potentialAction\":[{\"@type\":\"ReadAction\",\"target\":[\"https:\\\/\\\/safetysourcefire.ca\\\/?product=single-universal-radio-harness\"]}]},{\"@type\":\"ImageObject\",\"inLanguage\":\"fr-CA\",\"@id\":\"https:\\\/\\\/safetysourcefire.ca\\\/?product=single-universal-radio-harness#primaryimage\",\"url\":\"https:\\\/\\\/safetysourcefire.ca\\\/wp-content\\\/uploads\\\/2020\\\/07\\\/Single-Radio-Harness_Gen-2_Model__60501.1594253268.gif\",\"contentUrl\":\"https:\\\/\\\/safetysourcefire.ca\\\/wp-content\\\/uploads\\\/2020\\\/07\\\/Single-Radio-Harness_Gen-2_Model__60501.1594253268.gif\",\"width\":600,\"height\":600,\"caption\":\"harness\"},{\"@type\":\"BreadcrumbList\",\"@id\":\"https:\\\/\\\/safetysourcefire.ca\\\/?product=single-universal-radio-harness#breadcrumb\",\"itemListElement\":[{\"@type\":\"ListItem\",\"position\":1,\"name\":\"Home\",\"item\":\"https:\\\/\\\/safetysourcefire.ca\\\/\"},{\"@type\":\"ListItem\",\"position\":2,\"name\":\"Products\",\"item\":\"https:\\\/\\\/safetysourcefire.ca\\\/shop\\\/\"},{\"@type\":\"ListItem\",\"position\":3,\"name\":\"Single Universal Radio Harness\"}]},{\"@type\":\"WebSite\",\"@id\":\"https:\\\/\\\/safetysourcefire.ca\\\/#website\",\"url\":\"https:\\\/\\\/safetysourcefire.ca\\\/\",\"name\":\"Safety Source Fire\",\"description\":\"\",\"publisher\":{\"@id\":\"https:\\\/\\\/safetysourcefire.ca\\\/#organization\"},\"potentialAction\":[{\"@type\":\"SearchAction\",\"target\":{\"@type\":\"EntryPoint\",\"urlTemplate\":\"https:\\\/\\\/safetysourcefire.ca\\\/?s={search_term_string}\"},\"query-input\":{\"@type\":\"PropertyValueSpecification\",\"valueRequired\":true,\"valueName\":\"search_term_string\"}}],\"inLanguage\":\"fr-CA\"},{\"@type\":\"Organization\",\"@id\":\"https:\\\/\\\/safetysourcefire.ca\\\/#organization\",\"name\":\"Safety Source Fire\",\"url\":\"https:\\\/\\\/safetysourcefire.ca\\\/\",\"logo\":{\"@type\":\"ImageObject\",\"inLanguage\":\"fr-CA\",\"@id\":\"https:\\\/\\\/safetysourcefire.ca\\\/#\\\/schema\\\/logo\\\/image\\\/\",\"url\":\"https:\\\/\\\/safetysourcefire.ca\\\/wp-content\\\/uploads\\\/2021\\\/01\\\/SSF_logo_CC0000-3.png\",\"contentUrl\":\"https:\\\/\\\/safetysourcefire.ca\\\/wp-content\\\/uploads\\\/2021\\\/01\\\/SSF_logo_CC0000-3.png\",\"width\":1107,\"height\":365,\"caption\":\"Safety Source Fire\"},\"image\":{\"@id\":\"https:\\\/\\\/safetysourcefire.ca\\\/#\\\/schema\\\/logo\\\/image\\\/\"},\"sameAs\":[\"https:\\\/\\\/www.facebook.com\\\/mmfssca\",\"https:\\\/\\\/x.com\\\/mmfssca\"]}]}<\/script>\n<!-- \/ Yoast SEO plugin. -->","yoast_head_json":{"title":"Single Universal Radio Harness - Safety Source Fire","robots":{"index":"index","follow":"follow","max-snippet":"max-snippet:-1","max-image-preview":"max-image-preview:large","max-video-preview":"max-video-preview:-1"},"canonical":"https:\/\/safetysourcefire.ca\/fr\/?product=single-universal-radio-harness","og_locale":"fr_CA","og_type":"article","og_title":"Single Universal Radio Harness - Safety Source Fire","og_description":"The collection of best-selling Radio Harnesses feature all the bells and whistles that our customers expect from True North\u00ae products.","og_url":"https:\/\/safetysourcefire.ca\/fr\/?product=single-universal-radio-harness","og_site_name":"Safety Source Fire","article_publisher":"https:\/\/www.facebook.com\/mmfssca","article_modified_time":"2020-07-10T16:28:28+00:00","og_image":[{"width":600,"height":600,"url":"https:\/\/safetysourcefire.ca\/wp-content\/uploads\/2020\/07\/Single-Radio-Harness_Gen-2_Model__60501.1594253268.gif","type":"image\/gif"}],"twitter_card":"summary_large_image","twitter_site":"@mmfssca","twitter_misc":{"Estimation du temps de lecture":"1 minute"},"schema":{"@context":"https:\/\/schema.org","@graph":[{"@type":"WebPage","@id":"https:\/\/safetysourcefire.ca\/?product=single-universal-radio-harness","url":"https:\/\/safetysourcefire.ca\/?product=single-universal-radio-harness","name":"Single Universal Radio Harness - Safety Source Fire","isPartOf":{"@id":"https:\/\/safetysourcefire.ca\/#website"},"primaryImageOfPage":{"@id":"https:\/\/safetysourcefire.ca\/?product=single-universal-radio-harness#primaryimage"},"image":{"@id":"https:\/\/safetysourcefire.ca\/?product=single-universal-radio-harness#primaryimage"},"thumbnailUrl":"https:\/\/safetysourcefire.ca\/wp-content\/uploads\/2020\/07\/Single-Radio-Harness_Gen-2_Model__60501.1594253268.gif","datePublished":"2020-05-10T16:11:41+00:00","dateModified":"2020-07-10T16:28:28+00:00","breadcrumb":{"@id":"https:\/\/safetysourcefire.ca\/?product=single-universal-radio-harness#breadcrumb"},"inLanguage":"fr-CA","potentialAction":[{"@type":"ReadAction","target":["https:\/\/safetysourcefire.ca\/?product=single-universal-radio-harness"]}]},{"@type":"ImageObject","inLanguage":"fr-CA","@id":"https:\/\/safetysourcefire.ca\/?product=single-universal-radio-harness#primaryimage","url":"https:\/\/safetysourcefire.ca\/wp-content\/uploads\/2020\/07\/Single-Radio-Harness_Gen-2_Model__60501.1594253268.gif","contentUrl":"https:\/\/safetysourcefire.ca\/wp-content\/uploads\/2020\/07\/Single-Radio-Harness_Gen-2_Model__60501.1594253268.gif","width":600,"height":600,"caption":"harness"},{"@type":"BreadcrumbList","@id":"https:\/\/safetysourcefire.ca\/?product=single-universal-radio-harness#breadcrumb","itemListElement":[{"@type":"ListItem","position":1,"name":"Home","item":"https:\/\/safetysourcefire.ca\/"},{"@type":"ListItem","position":2,"name":"Products","item":"https:\/\/safetysourcefire.ca\/shop\/"},{"@type":"ListItem","position":3,"name":"Single Universal Radio Harness"}]},{"@type":"WebSite","@id":"https:\/\/safetysourcefire.ca\/#website","url":"https:\/\/safetysourcefire.ca\/","name":"Safety Source Fire","description":"","publisher":{"@id":"https:\/\/safetysourcefire.ca\/#organization"},"potentialAction":[{"@type":"SearchAction","target":{"@type":"EntryPoint","urlTemplate":"https:\/\/safetysourcefire.ca\/?s={search_term_string}"},"query-input":{"@type":"PropertyValueSpecification","valueRequired":true,"valueName":"search_term_string"}}],"inLanguage":"fr-CA"},{"@type":"Organization","@id":"https:\/\/safetysourcefire.ca\/#organization","name":"Safety Source Fire","url":"https:\/\/safetysourcefire.ca\/","logo":{"@type":"ImageObject","inLanguage":"fr-CA","@id":"https:\/\/safetysourcefire.ca\/#\/schema\/logo\/image\/","url":"https:\/\/safetysourcefire.ca\/wp-content\/uploads\/2021\/01\/SSF_logo_CC0000-3.png","contentUrl":"https:\/\/safetysourcefire.ca\/wp-content\/uploads\/2021\/01\/SSF_logo_CC0000-3.png","width":1107,"height":365,"caption":"Safety Source Fire"},"image":{"@id":"https:\/\/safetysourcefire.ca\/#\/schema\/logo\/image\/"},"sameAs":["https:\/\/www.facebook.com\/mmfssca","https:\/\/x.com\/mmfssca"]}]}},"_links":{"self":[{"href":"https:\/\/safetysourcefire.ca\/fr\/wp-json\/wp\/v2\/product\/21672","targetHints":{"allow":["GET"]}}],"collection":[{"href":"https:\/\/safetysourcefire.ca\/fr\/wp-json\/wp\/v2\/product"}],"about":[{"href":"https:\/\/safetysourcefire.ca\/fr\/wp-json\/wp\/v2\/types\/product"}],"wp:featuredmedia":[{"embeddable":true,"href":"https:\/\/safetysourcefire.ca\/fr\/wp-json\/wp\/v2\/media\/21628"}],"wp:attachment":[{"href":"https:\/\/safetysourcefire.ca\/fr\/wp-json\/wp\/v2\/media?parent=21672"}],"wp:term":[{"taxonomy":"product_brand","embeddable":true,"href":"https:\/\/safetysourcefire.ca\/fr\/wp-json\/wp\/v2\/product_brand?post=21672"},{"taxonomy":"product_cat","embeddable":true,"href":"https:\/\/safetysourcefire.ca\/fr\/wp-json\/wp\/v2\/product_cat?post=21672"},{"taxonomy":"product_tag","embeddable":true,"href":"https:\/\/safetysourcefire.ca\/fr\/wp-json\/wp\/v2\/product_tag?post=21672"}],"curies":[{"name":"wp","href":"https:\/\/api.w.org\/{rel}","templated":true}]}}