{"id":21675,"date":"2020-05-10T16:21:07","date_gmt":"2020-05-10T16:21:07","guid":{"rendered":"https:\/\/mmfss.ca\/?post_type=product&#038;p=21675"},"modified":"2020-07-10T16:28:08","modified_gmt":"2020-07-10T16:28:08","slug":"amabilis-duffel-25l","status":"publish","type":"product","link":"https:\/\/safetysourcefire.ca\/fr\/produit\/amabilis-duffel-25l\/","title":{"rendered":"Sac de sport Amabilis\u00ae \/ 25 L"},"content":{"rendered":"<p>Le tissu de b\u00e2che imperm\u00e9able et le fond SuperFabric\u2122 blind\u00e9 offrent une fiabilit\u00e9 \u00e0 vie, tandis que la poign\u00e9e robuste et la bandouli\u00e8re r\u00e9glable rembourr\u00e9e vous offrent polyvalence et confort lors de vos d\u00e9placements. La quincaillerie en m\u00e9tal de qualit\u00e9 militaire, les fermetures \u00e0 glissi\u00e8re robustes, une doublure compl\u00e8te et des coutures internes ajoutent \u00e0 la durabilit\u00e9 de ce sac. Robuste et poss\u00e9dant une construction r\u00e9sistante \u00e0 l'abrasion et \u00e0 l'eau, ce sac de sport est id\u00e9al pour un professionnel qui veut un sac polyvalent, qui fonctionnera bien et durera longtemps. Si vous avez un penchant pour les d\u00e9placements dans les environnements accident\u00e9s, ce sac de sport de taille de 25 L est parfait pour vous!<\/p>\n<p><a title=\"\" href=\"https:\/\/www.truenorthgear.com\/asset\/5defdfa489be2\" target=\"_blank\" rel=\"noopener noreferrer\">T\u00e9l\u00e9chargez la fiche de vente<\/a><\/p>\n<h3>Fonctionnalit\u00e9s:<\/h3>\n<ul>\n<li>Sac doubl\u00e9 de qualit\u00e9 militaire<\/li>\n<li>Fond r\u00e9sistant \u00e0 l'eau SuperFabric\u2122 blind\u00e9 en plaques de c\u00e9ramique<\/li>\n<li>R\u00e9sistant aux coupures et \u00e0 l&#039;abrasion pour une plus grande durabilit\u00e9<\/li>\n<li>La fermeture \u00e0 glissi\u00e8re principale #8 YKK offre un acc\u00e8s sur toute la longueur<\/li>\n<li>Poche ext\u00e9rieure faite pour transporter les petits accessoires, t\u00e9l\u00e9phones cellulaires ou portefeuilles<\/li>\n<li>Poche de s\u00e9curit\u00e9 int\u00e9rieure zipp\u00e9e pour ranger vos objets de valeur en toute s\u00e9curit\u00e9<\/li>\n<li>Anneau en D permettant de verrouiller la fermeture \u00e9clair principale<\/li>\n<li>Bandouli\u00e8re r\u00e9glable et rembourr\u00e9e<\/li>\n<li>Poign\u00e9e de maintien robuste et confortable<\/li>\n<li>Bande velcro ext\u00e9rieure pour coller les insignes de votre d\u00e9partement<\/li>\n<li>Quincaillerie en m\u00e9tal conforme aux normes militaires et extr\u00e9mit\u00e9s de cordon thermor\u00e9tract\u00e9es durables<\/li>\n<li>Coutures internes reli\u00e9es pour une finition et une durabilit\u00e9 accrue<\/li>\n<li>Facile \u00e0 nettoyer avec du savon et de l'eau chaude<\/li>\n<li><strong>OPTIONNEL:<\/strong>\u00a0Organisateur 4\" x 4\" avec fente pour identification qui permet un acc\u00e8s rapide aux articles utiles sur une base quotidienne<\/li>\n<\/ul>","protected":false},"excerpt":{"rendered":"<p>Qualifi\u00e9 de \u00absac de voyage le plus r\u00e9sistant au monde\u00bb, le sac Amabilis\u00ae 25L offre une large gamme de caract\u00e9ristiques de performance. Nous pouvons vous garantir que ce sac r\u00e9pondra aux besoins des professionnels de l'urgence \u0153uvrant autant sur les feux de for\u00eat que les feux de b\u00e2tisses.<\/p>","protected":false},"featured_media":21641,"template":"","meta":[],"product_brand":[480],"product_cat":[462,463],"product_tag":[488],"class_list":{"0":"post-21675","1":"product","2":"type-product","3":"status-publish","4":"has-post-thumbnail","6":"product_brand-tng-true-north-gear","7":"product_cat-emergency-preparedness","8":"product_cat-wildland-fire","9":"product_tag-tng-true-north-gear","11":"first","12":"instock","13":"shipping-taxable","14":"product-type-simple"},"yoast_head":"<!-- This site is optimized with the Yoast SEO plugin v27.4 - https:\/\/yoast.com\/product\/yoast-seo-wordpress\/ -->\n<title>Amabilis\u00ae Duffel \/ 25L - Safety Source Fire<\/title>\n<meta name=\"robots\" content=\"index, follow, max-snippet:-1, max-image-preview:large, max-video-preview:-1\" \/>\n<link rel=\"canonical\" href=\"https:\/\/safetysourcefire.ca\/fr\/?product=amabilis-duffel-25l\" \/>\n<meta property=\"og:locale\" content=\"fr_CA\" \/>\n<meta property=\"og:type\" content=\"article\" \/>\n<meta property=\"og:title\" content=\"Amabilis\u00ae Duffel \/ 25L - Safety Source Fire\" \/>\n<meta property=\"og:description\" content=\"Termed &quot;the world&#039;s toughest duffel,&quot; the Amabilis\u00ae 25L bag packs in a wide range of performance features guaranteed to meet gear needs in both structure and wildland fire markets.\" \/>\n<meta property=\"og:url\" content=\"https:\/\/safetysourcefire.ca\/fr\/?product=amabilis-duffel-25l\" \/>\n<meta property=\"og:site_name\" content=\"Safety Source Fire\" \/>\n<meta property=\"article:publisher\" content=\"https:\/\/www.facebook.com\/mmfssca\" \/>\n<meta property=\"article:modified_time\" content=\"2020-07-10T16:28:08+00:00\" \/>\n<meta property=\"og:image\" content=\"https:\/\/safetysourcefire.ca\/wp-content\/uploads\/2020\/07\/original-181-1076-amabilis-small_front_with-logo_new__70760.1568071636-1.jpg\" \/>\n\t<meta property=\"og:image:width\" content=\"600\" \/>\n\t<meta property=\"og:image:height\" content=\"600\" \/>\n\t<meta property=\"og:image:type\" content=\"image\/jpeg\" \/>\n<meta name=\"twitter:card\" content=\"summary_large_image\" \/>\n<meta name=\"twitter:site\" content=\"@mmfssca\" \/>\n<meta name=\"twitter:label1\" content=\"Estimation du temps de lecture\" \/>\n\t<meta name=\"twitter:data1\" content=\"1 minute\" \/>\n<script type=\"application\/ld+json\" class=\"yoast-schema-graph\">{\"@context\":\"https:\\\/\\\/schema.org\",\"@graph\":[{\"@type\":\"WebPage\",\"@id\":\"https:\\\/\\\/safetysourcefire.ca\\\/?product=amabilis-duffel-25l\",\"url\":\"https:\\\/\\\/safetysourcefire.ca\\\/?product=amabilis-duffel-25l\",\"name\":\"Amabilis\u00ae Duffel \\\/ 25L - Safety Source Fire\",\"isPartOf\":{\"@id\":\"https:\\\/\\\/safetysourcefire.ca\\\/#website\"},\"primaryImageOfPage\":{\"@id\":\"https:\\\/\\\/safetysourcefire.ca\\\/?product=amabilis-duffel-25l#primaryimage\"},\"image\":{\"@id\":\"https:\\\/\\\/safetysourcefire.ca\\\/?product=amabilis-duffel-25l#primaryimage\"},\"thumbnailUrl\":\"https:\\\/\\\/safetysourcefire.ca\\\/wp-content\\\/uploads\\\/2020\\\/07\\\/original-181-1076-amabilis-small_front_with-logo_new__70760.1568071636-1.jpg\",\"datePublished\":\"2020-05-10T16:21:07+00:00\",\"dateModified\":\"2020-07-10T16:28:08+00:00\",\"breadcrumb\":{\"@id\":\"https:\\\/\\\/safetysourcefire.ca\\\/?product=amabilis-duffel-25l#breadcrumb\"},\"inLanguage\":\"fr-CA\",\"potentialAction\":[{\"@type\":\"ReadAction\",\"target\":[\"https:\\\/\\\/safetysourcefire.ca\\\/?product=amabilis-duffel-25l\"]}]},{\"@type\":\"ImageObject\",\"inLanguage\":\"fr-CA\",\"@id\":\"https:\\\/\\\/safetysourcefire.ca\\\/?product=amabilis-duffel-25l#primaryimage\",\"url\":\"https:\\\/\\\/safetysourcefire.ca\\\/wp-content\\\/uploads\\\/2020\\\/07\\\/original-181-1076-amabilis-small_front_with-logo_new__70760.1568071636-1.jpg\",\"contentUrl\":\"https:\\\/\\\/safetysourcefire.ca\\\/wp-content\\\/uploads\\\/2020\\\/07\\\/original-181-1076-amabilis-small_front_with-logo_new__70760.1568071636-1.jpg\",\"width\":600,\"height\":600,\"caption\":\"duffel bag\"},{\"@type\":\"BreadcrumbList\",\"@id\":\"https:\\\/\\\/safetysourcefire.ca\\\/?product=amabilis-duffel-25l#breadcrumb\",\"itemListElement\":[{\"@type\":\"ListItem\",\"position\":1,\"name\":\"Home\",\"item\":\"https:\\\/\\\/safetysourcefire.ca\\\/\"},{\"@type\":\"ListItem\",\"position\":2,\"name\":\"Products\",\"item\":\"https:\\\/\\\/safetysourcefire.ca\\\/shop\\\/\"},{\"@type\":\"ListItem\",\"position\":3,\"name\":\"Amabilis\u00ae Duffel \\\/ 25L\"}]},{\"@type\":\"WebSite\",\"@id\":\"https:\\\/\\\/safetysourcefire.ca\\\/#website\",\"url\":\"https:\\\/\\\/safetysourcefire.ca\\\/\",\"name\":\"Safety Source Fire\",\"description\":\"\",\"publisher\":{\"@id\":\"https:\\\/\\\/safetysourcefire.ca\\\/#organization\"},\"potentialAction\":[{\"@type\":\"SearchAction\",\"target\":{\"@type\":\"EntryPoint\",\"urlTemplate\":\"https:\\\/\\\/safetysourcefire.ca\\\/?s={search_term_string}\"},\"query-input\":{\"@type\":\"PropertyValueSpecification\",\"valueRequired\":true,\"valueName\":\"search_term_string\"}}],\"inLanguage\":\"fr-CA\"},{\"@type\":\"Organization\",\"@id\":\"https:\\\/\\\/safetysourcefire.ca\\\/#organization\",\"name\":\"Safety Source Fire\",\"url\":\"https:\\\/\\\/safetysourcefire.ca\\\/\",\"logo\":{\"@type\":\"ImageObject\",\"inLanguage\":\"fr-CA\",\"@id\":\"https:\\\/\\\/safetysourcefire.ca\\\/#\\\/schema\\\/logo\\\/image\\\/\",\"url\":\"https:\\\/\\\/safetysourcefire.ca\\\/wp-content\\\/uploads\\\/2021\\\/01\\\/SSF_logo_CC0000-3.png\",\"contentUrl\":\"https:\\\/\\\/safetysourcefire.ca\\\/wp-content\\\/uploads\\\/2021\\\/01\\\/SSF_logo_CC0000-3.png\",\"width\":1107,\"height\":365,\"caption\":\"Safety Source Fire\"},\"image\":{\"@id\":\"https:\\\/\\\/safetysourcefire.ca\\\/#\\\/schema\\\/logo\\\/image\\\/\"},\"sameAs\":[\"https:\\\/\\\/www.facebook.com\\\/mmfssca\",\"https:\\\/\\\/x.com\\\/mmfssca\"]}]}<\/script>\n<!-- \/ Yoast SEO plugin. -->","yoast_head_json":{"title":"Sac de sport Amabilis\u00ae \/ 25 L - S\u00e9curit\u00e9 incendie","robots":{"index":"index","follow":"follow","max-snippet":"max-snippet:-1","max-image-preview":"max-image-preview:large","max-video-preview":"max-video-preview:-1"},"canonical":"https:\/\/safetysourcefire.ca\/fr\/?product=amabilis-duffel-25l","og_locale":"fr_CA","og_type":"article","og_title":"Amabilis\u00ae Duffel \/ 25L - Safety Source Fire","og_description":"Termed \"the world's toughest duffel,\" the Amabilis\u00ae 25L bag packs in a wide range of performance features guaranteed to meet gear needs in both structure and wildland fire markets.","og_url":"https:\/\/safetysourcefire.ca\/fr\/?product=amabilis-duffel-25l","og_site_name":"Safety Source Fire","article_publisher":"https:\/\/www.facebook.com\/mmfssca","article_modified_time":"2020-07-10T16:28:08+00:00","og_image":[{"width":600,"height":600,"url":"https:\/\/safetysourcefire.ca\/wp-content\/uploads\/2020\/07\/original-181-1076-amabilis-small_front_with-logo_new__70760.1568071636-1.jpg","type":"image\/jpeg"}],"twitter_card":"summary_large_image","twitter_site":"@mmfssca","twitter_misc":{"Estimation du temps de lecture":"1 minute"},"schema":{"@context":"https:\/\/schema.org","@graph":[{"@type":"WebPage","@id":"https:\/\/safetysourcefire.ca\/?product=amabilis-duffel-25l","url":"https:\/\/safetysourcefire.ca\/?product=amabilis-duffel-25l","name":"Sac de sport Amabilis\u00ae \/ 25 L - S\u00e9curit\u00e9 incendie","isPartOf":{"@id":"https:\/\/safetysourcefire.ca\/#website"},"primaryImageOfPage":{"@id":"https:\/\/safetysourcefire.ca\/?product=amabilis-duffel-25l#primaryimage"},"image":{"@id":"https:\/\/safetysourcefire.ca\/?product=amabilis-duffel-25l#primaryimage"},"thumbnailUrl":"https:\/\/safetysourcefire.ca\/wp-content\/uploads\/2020\/07\/original-181-1076-amabilis-small_front_with-logo_new__70760.1568071636-1.jpg","datePublished":"2020-05-10T16:21:07+00:00","dateModified":"2020-07-10T16:28:08+00:00","breadcrumb":{"@id":"https:\/\/safetysourcefire.ca\/?product=amabilis-duffel-25l#breadcrumb"},"inLanguage":"fr-CA","potentialAction":[{"@type":"ReadAction","target":["https:\/\/safetysourcefire.ca\/?product=amabilis-duffel-25l"]}]},{"@type":"ImageObject","inLanguage":"fr-CA","@id":"https:\/\/safetysourcefire.ca\/?product=amabilis-duffel-25l#primaryimage","url":"https:\/\/safetysourcefire.ca\/wp-content\/uploads\/2020\/07\/original-181-1076-amabilis-small_front_with-logo_new__70760.1568071636-1.jpg","contentUrl":"https:\/\/safetysourcefire.ca\/wp-content\/uploads\/2020\/07\/original-181-1076-amabilis-small_front_with-logo_new__70760.1568071636-1.jpg","width":600,"height":600,"caption":"duffel bag"},{"@type":"BreadcrumbList","@id":"https:\/\/safetysourcefire.ca\/?product=amabilis-duffel-25l#breadcrumb","itemListElement":[{"@type":"ListItem","position":1,"name":"Home","item":"https:\/\/safetysourcefire.ca\/"},{"@type":"ListItem","position":2,"name":"Products","item":"https:\/\/safetysourcefire.ca\/shop\/"},{"@type":"ListItem","position":3,"name":"Amabilis\u00ae Duffel \/ 25L"}]},{"@type":"WebSite","@id":"https:\/\/safetysourcefire.ca\/#website","url":"https:\/\/safetysourcefire.ca\/","name":"Safety Source Fire","description":"","publisher":{"@id":"https:\/\/safetysourcefire.ca\/#organization"},"potentialAction":[{"@type":"SearchAction","target":{"@type":"EntryPoint","urlTemplate":"https:\/\/safetysourcefire.ca\/?s={search_term_string}"},"query-input":{"@type":"PropertyValueSpecification","valueRequired":true,"valueName":"search_term_string"}}],"inLanguage":"fr-CA"},{"@type":"Organization","@id":"https:\/\/safetysourcefire.ca\/#organization","name":"Safety Source Fire","url":"https:\/\/safetysourcefire.ca\/","logo":{"@type":"ImageObject","inLanguage":"fr-CA","@id":"https:\/\/safetysourcefire.ca\/#\/schema\/logo\/image\/","url":"https:\/\/safetysourcefire.ca\/wp-content\/uploads\/2021\/01\/SSF_logo_CC0000-3.png","contentUrl":"https:\/\/safetysourcefire.ca\/wp-content\/uploads\/2021\/01\/SSF_logo_CC0000-3.png","width":1107,"height":365,"caption":"Safety Source Fire"},"image":{"@id":"https:\/\/safetysourcefire.ca\/#\/schema\/logo\/image\/"},"sameAs":["https:\/\/www.facebook.com\/mmfssca","https:\/\/x.com\/mmfssca"]}]}},"_links":{"self":[{"href":"https:\/\/safetysourcefire.ca\/fr\/wp-json\/wp\/v2\/product\/21675","targetHints":{"allow":["GET"]}}],"collection":[{"href":"https:\/\/safetysourcefire.ca\/fr\/wp-json\/wp\/v2\/product"}],"about":[{"href":"https:\/\/safetysourcefire.ca\/fr\/wp-json\/wp\/v2\/types\/product"}],"wp:featuredmedia":[{"embeddable":true,"href":"https:\/\/safetysourcefire.ca\/fr\/wp-json\/wp\/v2\/media\/21641"}],"wp:attachment":[{"href":"https:\/\/safetysourcefire.ca\/fr\/wp-json\/wp\/v2\/media?parent=21675"}],"wp:term":[{"taxonomy":"product_brand","embeddable":true,"href":"https:\/\/safetysourcefire.ca\/fr\/wp-json\/wp\/v2\/product_brand?post=21675"},{"taxonomy":"product_cat","embeddable":true,"href":"https:\/\/safetysourcefire.ca\/fr\/wp-json\/wp\/v2\/product_cat?post=21675"},{"taxonomy":"product_tag","embeddable":true,"href":"https:\/\/safetysourcefire.ca\/fr\/wp-json\/wp\/v2\/product_tag?post=21675"}],"curies":[{"name":"wp","href":"https:\/\/api.w.org\/{rel}","templated":true}]}}