{"id":21677,"date":"2020-05-10T16:25:07","date_gmt":"2020-05-10T16:25:07","guid":{"rendered":"https:\/\/mmfss.ca\/?post_type=product&#038;p=21677"},"modified":"2020-07-10T16:27:54","modified_gmt":"2020-07-10T16:27:54","slug":"velocity-briefcase","status":"publish","type":"product","link":"https:\/\/safetysourcefire.ca\/fr\/produit\/velocity-briefcase\/","title":{"rendered":"Porte-documents Velocity\u2122"},"content":{"rendered":"<p>Rangez un ordinateur portable (de max. 17 pouces) dans le compartiment rembourr\u00e9 en mousse s\u00e9par\u00e9 de la mallette, et gardez vos papiers importants \u00e0 port\u00e9e de main dans la grande poche plate con\u00e7ue pour les documents. Une tablette ou un article surdimensionn\u00e9 \u00e0 transporter? Pas de probl\u00e8me! Le volume de 20 litres et la longueur de 18 pouces du Velocity\u2122 signifient que vous pouvez vraiment tout emporter avec vous lorsque vous partez.<\/p>\n<p><a title=\"\" href=\"https:\/\/www.truenorthgear.com\/asset\/5defe068aa646\" target=\"_blank\" rel=\"noopener noreferrer\">T\u00e9l\u00e9chargez la fiche de vente<\/a><\/p>\n<h3>Fonctionnalit\u00e9s:<\/h3>\n<ul>\n<li>3 options de transport ; porte-documents, sac messager et sac \u00e0 dos<\/li>\n<li>Deux poches lat\u00e9rales pour bouteilles d'eau de 32 oz -acc\u00e8s facile \u00e0 l'hydratation<\/li>\n<li>Compartiment rembourr\u00e9 en mousse s\u00e9par\u00e9 pour contenir un ordinateur portable (jusqu'\u00e0 17 pouces)<\/li>\n<li>1 grande poche de rangement pour documents, tablette ou autres objets<\/li>\n<li>4 poches de taille moyenne pour ranger des articles assortis<\/li>\n<li>Poches de rangement suppl\u00e9mentaires comprenant un organisateur en filet, 3 poches pour stylos et une mini clip triangulaire pour la cl\u00e9 FOB<\/li>\n<li>Fermeture \u00e9clair hydrofuge AQUAGUARD<\/li>\n<\/ul>","protected":false},"excerpt":{"rendered":"<p>Le porte-documents Velocity \u2122 est con\u00e7u pour aider les sp\u00e9cialistes de la s\u00e9curit\u00e9 pendant leurs nombreux d\u00e9placements. Le Velocity \u2122 offre organisation et polyvalence avec ses multiples poches int\u00e9rieures et ext\u00e9rieures. Il est possible de transporter le sac de trois fa\u00e7ons: en tant que porte-documents, en bandouli\u00e8re comme sac de messager ou en sac \u00e0 dos.<\/p>","protected":false},"featured_media":21659,"template":"","meta":[],"product_brand":[480],"product_cat":[462,463],"product_tag":[488],"class_list":{"0":"post-21677","1":"product","2":"type-product","3":"status-publish","4":"has-post-thumbnail","6":"product_brand-tng-true-north-gear","7":"product_cat-emergency-preparedness","8":"product_cat-wildland-fire","9":"product_tag-tng-true-north-gear","11":"first","12":"instock","13":"shipping-taxable","14":"product-type-simple"},"yoast_head":"<!-- This site is optimized with the Yoast SEO plugin v27.4 - https:\/\/yoast.com\/product\/yoast-seo-wordpress\/ -->\n<title>Velocity\u2122 Briefcase - Safety Source Fire<\/title>\n<meta name=\"robots\" content=\"index, follow, max-snippet:-1, max-image-preview:large, max-video-preview:-1\" \/>\n<link rel=\"canonical\" href=\"https:\/\/safetysourcefire.ca\/fr\/?product=velocity-briefcase\" \/>\n<meta property=\"og:locale\" content=\"fr_CA\" \/>\n<meta property=\"og:type\" content=\"article\" \/>\n<meta property=\"og:title\" content=\"Velocity\u2122 Briefcase - Safety Source Fire\" \/>\n<meta property=\"og:description\" content=\"The Velocity\u2122 Briefcase is designed for the safety specialist that is on the move, the Velocity\u2122 provides organization and versatility with its multiple interior and exterior pockets and 3-way carry options of briefcase, messenger bag or daypack.\" \/>\n<meta property=\"og:url\" content=\"https:\/\/safetysourcefire.ca\/fr\/?product=velocity-briefcase\" \/>\n<meta property=\"og:site_name\" content=\"Safety Source Fire\" \/>\n<meta property=\"article:publisher\" content=\"https:\/\/www.facebook.com\/mmfssca\" \/>\n<meta property=\"article:modified_time\" content=\"2020-07-10T16:27:54+00:00\" \/>\n<meta property=\"og:image\" content=\"https:\/\/safetysourcefire.ca\/wp-content\/uploads\/2020\/07\/original-183-1147-velocity_front__84905.1568071704.jpg\" \/>\n\t<meta property=\"og:image:width\" content=\"600\" \/>\n\t<meta property=\"og:image:height\" content=\"600\" \/>\n\t<meta property=\"og:image:type\" content=\"image\/jpeg\" \/>\n<meta name=\"twitter:card\" content=\"summary_large_image\" \/>\n<meta name=\"twitter:site\" content=\"@mmfssca\" \/>\n<meta name=\"twitter:label1\" content=\"Estimation du temps de lecture\" \/>\n\t<meta name=\"twitter:data1\" content=\"1 minute\" \/>\n<script type=\"application\/ld+json\" class=\"yoast-schema-graph\">{\"@context\":\"https:\\\/\\\/schema.org\",\"@graph\":[{\"@type\":\"WebPage\",\"@id\":\"https:\\\/\\\/safetysourcefire.ca\\\/?product=velocity-briefcase\",\"url\":\"https:\\\/\\\/safetysourcefire.ca\\\/?product=velocity-briefcase\",\"name\":\"Velocity\u2122 Briefcase - Safety Source Fire\",\"isPartOf\":{\"@id\":\"https:\\\/\\\/safetysourcefire.ca\\\/#website\"},\"primaryImageOfPage\":{\"@id\":\"https:\\\/\\\/safetysourcefire.ca\\\/?product=velocity-briefcase#primaryimage\"},\"image\":{\"@id\":\"https:\\\/\\\/safetysourcefire.ca\\\/?product=velocity-briefcase#primaryimage\"},\"thumbnailUrl\":\"https:\\\/\\\/safetysourcefire.ca\\\/wp-content\\\/uploads\\\/2020\\\/07\\\/original-183-1147-velocity_front__84905.1568071704.jpg\",\"datePublished\":\"2020-05-10T16:25:07+00:00\",\"dateModified\":\"2020-07-10T16:27:54+00:00\",\"breadcrumb\":{\"@id\":\"https:\\\/\\\/safetysourcefire.ca\\\/?product=velocity-briefcase#breadcrumb\"},\"inLanguage\":\"fr-CA\",\"potentialAction\":[{\"@type\":\"ReadAction\",\"target\":[\"https:\\\/\\\/safetysourcefire.ca\\\/?product=velocity-briefcase\"]}]},{\"@type\":\"ImageObject\",\"inLanguage\":\"fr-CA\",\"@id\":\"https:\\\/\\\/safetysourcefire.ca\\\/?product=velocity-briefcase#primaryimage\",\"url\":\"https:\\\/\\\/safetysourcefire.ca\\\/wp-content\\\/uploads\\\/2020\\\/07\\\/original-183-1147-velocity_front__84905.1568071704.jpg\",\"contentUrl\":\"https:\\\/\\\/safetysourcefire.ca\\\/wp-content\\\/uploads\\\/2020\\\/07\\\/original-183-1147-velocity_front__84905.1568071704.jpg\",\"width\":600,\"height\":600,\"caption\":\"briefcase\"},{\"@type\":\"BreadcrumbList\",\"@id\":\"https:\\\/\\\/safetysourcefire.ca\\\/?product=velocity-briefcase#breadcrumb\",\"itemListElement\":[{\"@type\":\"ListItem\",\"position\":1,\"name\":\"Home\",\"item\":\"https:\\\/\\\/safetysourcefire.ca\\\/\"},{\"@type\":\"ListItem\",\"position\":2,\"name\":\"Products\",\"item\":\"https:\\\/\\\/safetysourcefire.ca\\\/shop\\\/\"},{\"@type\":\"ListItem\",\"position\":3,\"name\":\"Velocity\u2122 Briefcase\"}]},{\"@type\":\"WebSite\",\"@id\":\"https:\\\/\\\/safetysourcefire.ca\\\/#website\",\"url\":\"https:\\\/\\\/safetysourcefire.ca\\\/\",\"name\":\"Safety Source Fire\",\"description\":\"\",\"publisher\":{\"@id\":\"https:\\\/\\\/safetysourcefire.ca\\\/#organization\"},\"potentialAction\":[{\"@type\":\"SearchAction\",\"target\":{\"@type\":\"EntryPoint\",\"urlTemplate\":\"https:\\\/\\\/safetysourcefire.ca\\\/?s={search_term_string}\"},\"query-input\":{\"@type\":\"PropertyValueSpecification\",\"valueRequired\":true,\"valueName\":\"search_term_string\"}}],\"inLanguage\":\"fr-CA\"},{\"@type\":\"Organization\",\"@id\":\"https:\\\/\\\/safetysourcefire.ca\\\/#organization\",\"name\":\"Safety Source Fire\",\"url\":\"https:\\\/\\\/safetysourcefire.ca\\\/\",\"logo\":{\"@type\":\"ImageObject\",\"inLanguage\":\"fr-CA\",\"@id\":\"https:\\\/\\\/safetysourcefire.ca\\\/#\\\/schema\\\/logo\\\/image\\\/\",\"url\":\"https:\\\/\\\/safetysourcefire.ca\\\/wp-content\\\/uploads\\\/2021\\\/01\\\/SSF_logo_CC0000-3.png\",\"contentUrl\":\"https:\\\/\\\/safetysourcefire.ca\\\/wp-content\\\/uploads\\\/2021\\\/01\\\/SSF_logo_CC0000-3.png\",\"width\":1107,\"height\":365,\"caption\":\"Safety Source Fire\"},\"image\":{\"@id\":\"https:\\\/\\\/safetysourcefire.ca\\\/#\\\/schema\\\/logo\\\/image\\\/\"},\"sameAs\":[\"https:\\\/\\\/www.facebook.com\\\/mmfssca\",\"https:\\\/\\\/x.com\\\/mmfssca\"]}]}<\/script>\n<!-- \/ Yoast SEO plugin. -->","yoast_head_json":{"title":"Velocity\u2122 Briefcase - Safety Source Fire","robots":{"index":"index","follow":"follow","max-snippet":"max-snippet:-1","max-image-preview":"max-image-preview:large","max-video-preview":"max-video-preview:-1"},"canonical":"https:\/\/safetysourcefire.ca\/fr\/?product=velocity-briefcase","og_locale":"fr_CA","og_type":"article","og_title":"Velocity\u2122 Briefcase - Safety Source Fire","og_description":"The Velocity\u2122 Briefcase is designed for the safety specialist that is on the move, the Velocity\u2122 provides organization and versatility with its multiple interior and exterior pockets and 3-way carry options of briefcase, messenger bag or daypack.","og_url":"https:\/\/safetysourcefire.ca\/fr\/?product=velocity-briefcase","og_site_name":"Safety Source Fire","article_publisher":"https:\/\/www.facebook.com\/mmfssca","article_modified_time":"2020-07-10T16:27:54+00:00","og_image":[{"width":600,"height":600,"url":"https:\/\/safetysourcefire.ca\/wp-content\/uploads\/2020\/07\/original-183-1147-velocity_front__84905.1568071704.jpg","type":"image\/jpeg"}],"twitter_card":"summary_large_image","twitter_site":"@mmfssca","twitter_misc":{"Estimation du temps de lecture":"1 minute"},"schema":{"@context":"https:\/\/schema.org","@graph":[{"@type":"WebPage","@id":"https:\/\/safetysourcefire.ca\/?product=velocity-briefcase","url":"https:\/\/safetysourcefire.ca\/?product=velocity-briefcase","name":"Velocity\u2122 Briefcase - Safety Source Fire","isPartOf":{"@id":"https:\/\/safetysourcefire.ca\/#website"},"primaryImageOfPage":{"@id":"https:\/\/safetysourcefire.ca\/?product=velocity-briefcase#primaryimage"},"image":{"@id":"https:\/\/safetysourcefire.ca\/?product=velocity-briefcase#primaryimage"},"thumbnailUrl":"https:\/\/safetysourcefire.ca\/wp-content\/uploads\/2020\/07\/original-183-1147-velocity_front__84905.1568071704.jpg","datePublished":"2020-05-10T16:25:07+00:00","dateModified":"2020-07-10T16:27:54+00:00","breadcrumb":{"@id":"https:\/\/safetysourcefire.ca\/?product=velocity-briefcase#breadcrumb"},"inLanguage":"fr-CA","potentialAction":[{"@type":"ReadAction","target":["https:\/\/safetysourcefire.ca\/?product=velocity-briefcase"]}]},{"@type":"ImageObject","inLanguage":"fr-CA","@id":"https:\/\/safetysourcefire.ca\/?product=velocity-briefcase#primaryimage","url":"https:\/\/safetysourcefire.ca\/wp-content\/uploads\/2020\/07\/original-183-1147-velocity_front__84905.1568071704.jpg","contentUrl":"https:\/\/safetysourcefire.ca\/wp-content\/uploads\/2020\/07\/original-183-1147-velocity_front__84905.1568071704.jpg","width":600,"height":600,"caption":"briefcase"},{"@type":"BreadcrumbList","@id":"https:\/\/safetysourcefire.ca\/?product=velocity-briefcase#breadcrumb","itemListElement":[{"@type":"ListItem","position":1,"name":"Home","item":"https:\/\/safetysourcefire.ca\/"},{"@type":"ListItem","position":2,"name":"Products","item":"https:\/\/safetysourcefire.ca\/shop\/"},{"@type":"ListItem","position":3,"name":"Velocity\u2122 Briefcase"}]},{"@type":"WebSite","@id":"https:\/\/safetysourcefire.ca\/#website","url":"https:\/\/safetysourcefire.ca\/","name":"Safety Source Fire","description":"","publisher":{"@id":"https:\/\/safetysourcefire.ca\/#organization"},"potentialAction":[{"@type":"SearchAction","target":{"@type":"EntryPoint","urlTemplate":"https:\/\/safetysourcefire.ca\/?s={search_term_string}"},"query-input":{"@type":"PropertyValueSpecification","valueRequired":true,"valueName":"search_term_string"}}],"inLanguage":"fr-CA"},{"@type":"Organization","@id":"https:\/\/safetysourcefire.ca\/#organization","name":"Safety Source Fire","url":"https:\/\/safetysourcefire.ca\/","logo":{"@type":"ImageObject","inLanguage":"fr-CA","@id":"https:\/\/safetysourcefire.ca\/#\/schema\/logo\/image\/","url":"https:\/\/safetysourcefire.ca\/wp-content\/uploads\/2021\/01\/SSF_logo_CC0000-3.png","contentUrl":"https:\/\/safetysourcefire.ca\/wp-content\/uploads\/2021\/01\/SSF_logo_CC0000-3.png","width":1107,"height":365,"caption":"Safety Source Fire"},"image":{"@id":"https:\/\/safetysourcefire.ca\/#\/schema\/logo\/image\/"},"sameAs":["https:\/\/www.facebook.com\/mmfssca","https:\/\/x.com\/mmfssca"]}]}},"_links":{"self":[{"href":"https:\/\/safetysourcefire.ca\/fr\/wp-json\/wp\/v2\/product\/21677","targetHints":{"allow":["GET"]}}],"collection":[{"href":"https:\/\/safetysourcefire.ca\/fr\/wp-json\/wp\/v2\/product"}],"about":[{"href":"https:\/\/safetysourcefire.ca\/fr\/wp-json\/wp\/v2\/types\/product"}],"wp:featuredmedia":[{"embeddable":true,"href":"https:\/\/safetysourcefire.ca\/fr\/wp-json\/wp\/v2\/media\/21659"}],"wp:attachment":[{"href":"https:\/\/safetysourcefire.ca\/fr\/wp-json\/wp\/v2\/media?parent=21677"}],"wp:term":[{"taxonomy":"product_brand","embeddable":true,"href":"https:\/\/safetysourcefire.ca\/fr\/wp-json\/wp\/v2\/product_brand?post=21677"},{"taxonomy":"product_cat","embeddable":true,"href":"https:\/\/safetysourcefire.ca\/fr\/wp-json\/wp\/v2\/product_cat?post=21677"},{"taxonomy":"product_tag","embeddable":true,"href":"https:\/\/safetysourcefire.ca\/fr\/wp-json\/wp\/v2\/product_tag?post=21677"}],"curies":[{"name":"wp","href":"https:\/\/api.w.org\/{rel}","templated":true}]}}