{"id":21713,"date":"2020-04-13T16:02:35","date_gmt":"2020-04-13T16:02:35","guid":{"rendered":"https:\/\/mmfss.ca\/?post_type=product&#038;p=21713"},"modified":"2020-07-13T16:03:29","modified_gmt":"2020-07-13T16:03:29","slug":"flagging-tape-dispenser","status":"publish","type":"product","link":"https:\/\/safetysourcefire.ca\/fr\/produit\/flagging-tape-dispenser\/","title":{"rendered":"Distributeur de ruban de signalisation"},"content":{"rendered":"<p>Maintenant con\u00e7u avec une ouverture plus large permettant un d\u00e9ploiement plus facile du ruban lorsque d\u00e9ploy\u00e9 sur une ligne de feu active<\/p>\n<p><a href=\"https:\/\/www.truenorthgear.com\/asset\/5ee7eb63beba2\" target=\"_blank\" rel=\"noopener noreferrer\">T\u00e9l\u00e9chargez la fiche de vente<\/a><\/p>\n<h3>Fonctionnalit\u00e9s:<\/h3>\n<ul>\n<li>Fixation Velcro permettant un acc\u00e8s rapide et s\u00e9curis\u00e9 (peut \u00eatre fix\u00e9 \u00e0 la ceinture, au harnais ou n'importe o\u00f9)<\/li>\n<li>Permet de ranger plusieurs couleurs en toute s\u00e9curit\u00e9, au m\u00eame endroit<\/li>\n<li>Chargement facilement du ruban gr\u00e2ce \u00e0 l'ouverture de grade dimension et la fermeture \u00e0 glissi\u00e8re<\/li>\n<li>Tirette \u00e0 glissi\u00e8re pour un chargement facile m\u00eame avec des gants<\/li>\n<li>Distribue le ruban \u00e0 travers l'\u0153illet inf\u00e9rieur<\/li>\n<li>Peut contenir un rouleau de 1-3\/16 \"x 150\" (compatible particuli\u00e8rement avec les marques Tuff Stuff ou Presco)<\/li>\n<\/ul>","protected":false},"excerpt":{"rendered":"<p>Chargez le ruban de signalisation dans la prochette gr\u00e2ce \u00e0 l'ouverture sup\u00e9rieure muni d'une fermeture \u00e0 glissi\u00e8re. Enfilez l'extr\u00e9mit\u00e9 du rouleau de ruban dans l'\u0153illet et le tour est jou\u00e9! Votre ruban de signalisation se retirera facilement, ne s'effilochera pas et sera toujours accessible quand vous en aurez besoin!<\/p>","protected":false},"featured_media":21714,"template":"","meta":[],"product_brand":[480],"product_cat":[462,463],"product_tag":[488],"class_list":{"0":"post-21713","1":"product","2":"type-product","3":"status-publish","4":"has-post-thumbnail","6":"product_brand-tng-true-north-gear","7":"product_cat-emergency-preparedness","8":"product_cat-wildland-fire","9":"product_tag-tng-true-north-gear","11":"first","12":"instock","13":"shipping-taxable","14":"product-type-simple"},"yoast_head":"<!-- This site is optimized with the Yoast SEO plugin v27.3 - https:\/\/yoast.com\/product\/yoast-seo-wordpress\/ -->\n<title>Flagging Tape Dispenser - Safety Source Fire<\/title>\n<meta name=\"robots\" content=\"index, follow, max-snippet:-1, max-image-preview:large, max-video-preview:-1\" \/>\n<link rel=\"canonical\" href=\"https:\/\/safetysourcefire.ca\/fr\/?product=flagging-tape-dispenser\" \/>\n<meta property=\"og:locale\" content=\"fr_CA\" \/>\n<meta property=\"og:type\" content=\"article\" \/>\n<meta property=\"og:title\" content=\"Flagging Tape Dispenser - Safety Source Fire\" \/>\n<meta property=\"og:description\" content=\"Load the flagging tape through the top zipper opening and thread an end through the over-sized grommet. The flagging tape pulls out easily, won&#039;t unravel, and is always accessible whenever you need it and wherever you want it.\" \/>\n<meta property=\"og:url\" content=\"https:\/\/safetysourcefire.ca\/fr\/?product=flagging-tape-dispenser\" \/>\n<meta property=\"og:site_name\" content=\"Safety Source Fire\" \/>\n<meta property=\"article:publisher\" content=\"https:\/\/www.facebook.com\/mmfssca\" \/>\n<meta property=\"article:modified_time\" content=\"2020-07-13T16:03:29+00:00\" \/>\n<meta property=\"og:image\" content=\"https:\/\/safetysourcefire.ca\/wp-content\/uploads\/2020\/07\/FlaggingTapeDispenser_Front__75547.1592936248.jpg\" \/>\n\t<meta property=\"og:image:width\" content=\"600\" \/>\n\t<meta property=\"og:image:height\" content=\"600\" \/>\n\t<meta property=\"og:image:type\" content=\"image\/jpeg\" \/>\n<meta name=\"twitter:card\" content=\"summary_large_image\" \/>\n<meta name=\"twitter:site\" content=\"@mmfssca\" \/>\n<script type=\"application\/ld+json\" class=\"yoast-schema-graph\">{\"@context\":\"https:\\\/\\\/schema.org\",\"@graph\":[{\"@type\":\"WebPage\",\"@id\":\"https:\\\/\\\/safetysourcefire.ca\\\/?product=flagging-tape-dispenser\",\"url\":\"https:\\\/\\\/safetysourcefire.ca\\\/?product=flagging-tape-dispenser\",\"name\":\"Flagging Tape Dispenser - Safety Source Fire\",\"isPartOf\":{\"@id\":\"https:\\\/\\\/safetysourcefire.ca\\\/#website\"},\"primaryImageOfPage\":{\"@id\":\"https:\\\/\\\/safetysourcefire.ca\\\/?product=flagging-tape-dispenser#primaryimage\"},\"image\":{\"@id\":\"https:\\\/\\\/safetysourcefire.ca\\\/?product=flagging-tape-dispenser#primaryimage\"},\"thumbnailUrl\":\"https:\\\/\\\/safetysourcefire.ca\\\/wp-content\\\/uploads\\\/2020\\\/07\\\/FlaggingTapeDispenser_Front__75547.1592936248.jpg\",\"datePublished\":\"2020-04-13T16:02:35+00:00\",\"dateModified\":\"2020-07-13T16:03:29+00:00\",\"breadcrumb\":{\"@id\":\"https:\\\/\\\/safetysourcefire.ca\\\/?product=flagging-tape-dispenser#breadcrumb\"},\"inLanguage\":\"fr-CA\",\"potentialAction\":[{\"@type\":\"ReadAction\",\"target\":[\"https:\\\/\\\/safetysourcefire.ca\\\/?product=flagging-tape-dispenser\"]}]},{\"@type\":\"ImageObject\",\"inLanguage\":\"fr-CA\",\"@id\":\"https:\\\/\\\/safetysourcefire.ca\\\/?product=flagging-tape-dispenser#primaryimage\",\"url\":\"https:\\\/\\\/safetysourcefire.ca\\\/wp-content\\\/uploads\\\/2020\\\/07\\\/FlaggingTapeDispenser_Front__75547.1592936248.jpg\",\"contentUrl\":\"https:\\\/\\\/safetysourcefire.ca\\\/wp-content\\\/uploads\\\/2020\\\/07\\\/FlaggingTapeDispenser_Front__75547.1592936248.jpg\",\"width\":600,\"height\":600,\"caption\":\"tape dispenser\"},{\"@type\":\"BreadcrumbList\",\"@id\":\"https:\\\/\\\/safetysourcefire.ca\\\/?product=flagging-tape-dispenser#breadcrumb\",\"itemListElement\":[{\"@type\":\"ListItem\",\"position\":1,\"name\":\"Home\",\"item\":\"https:\\\/\\\/safetysourcefire.ca\\\/\"},{\"@type\":\"ListItem\",\"position\":2,\"name\":\"Products\",\"item\":\"https:\\\/\\\/safetysourcefire.ca\\\/shop\\\/\"},{\"@type\":\"ListItem\",\"position\":3,\"name\":\"Flagging Tape Dispenser\"}]},{\"@type\":\"WebSite\",\"@id\":\"https:\\\/\\\/safetysourcefire.ca\\\/#website\",\"url\":\"https:\\\/\\\/safetysourcefire.ca\\\/\",\"name\":\"Safety Source Fire\",\"description\":\"\",\"publisher\":{\"@id\":\"https:\\\/\\\/safetysourcefire.ca\\\/#organization\"},\"potentialAction\":[{\"@type\":\"SearchAction\",\"target\":{\"@type\":\"EntryPoint\",\"urlTemplate\":\"https:\\\/\\\/safetysourcefire.ca\\\/?s={search_term_string}\"},\"query-input\":{\"@type\":\"PropertyValueSpecification\",\"valueRequired\":true,\"valueName\":\"search_term_string\"}}],\"inLanguage\":\"fr-CA\"},{\"@type\":\"Organization\",\"@id\":\"https:\\\/\\\/safetysourcefire.ca\\\/#organization\",\"name\":\"Safety Source Fire\",\"url\":\"https:\\\/\\\/safetysourcefire.ca\\\/\",\"logo\":{\"@type\":\"ImageObject\",\"inLanguage\":\"fr-CA\",\"@id\":\"https:\\\/\\\/safetysourcefire.ca\\\/#\\\/schema\\\/logo\\\/image\\\/\",\"url\":\"https:\\\/\\\/safetysourcefire.ca\\\/wp-content\\\/uploads\\\/2021\\\/01\\\/SSF_logo_CC0000-3.png\",\"contentUrl\":\"https:\\\/\\\/safetysourcefire.ca\\\/wp-content\\\/uploads\\\/2021\\\/01\\\/SSF_logo_CC0000-3.png\",\"width\":1107,\"height\":365,\"caption\":\"Safety Source Fire\"},\"image\":{\"@id\":\"https:\\\/\\\/safetysourcefire.ca\\\/#\\\/schema\\\/logo\\\/image\\\/\"},\"sameAs\":[\"https:\\\/\\\/www.facebook.com\\\/mmfssca\",\"https:\\\/\\\/x.com\\\/mmfssca\"]}]}<\/script>\n<!-- \/ Yoast SEO plugin. -->","yoast_head_json":{"title":"Distributeur de ruban de signalisation - S\u00e9curit\u00e9 incendie","robots":{"index":"index","follow":"follow","max-snippet":"max-snippet:-1","max-image-preview":"max-image-preview:large","max-video-preview":"max-video-preview:-1"},"canonical":"https:\/\/safetysourcefire.ca\/fr\/?product=flagging-tape-dispenser","og_locale":"fr_CA","og_type":"article","og_title":"Flagging Tape Dispenser - Safety Source Fire","og_description":"Load the flagging tape through the top zipper opening and thread an end through the over-sized grommet. The flagging tape pulls out easily, won't unravel, and is always accessible whenever you need it and wherever you want it.","og_url":"https:\/\/safetysourcefire.ca\/fr\/?product=flagging-tape-dispenser","og_site_name":"Safety Source Fire","article_publisher":"https:\/\/www.facebook.com\/mmfssca","article_modified_time":"2020-07-13T16:03:29+00:00","og_image":[{"width":600,"height":600,"url":"https:\/\/safetysourcefire.ca\/wp-content\/uploads\/2020\/07\/FlaggingTapeDispenser_Front__75547.1592936248.jpg","type":"image\/jpeg"}],"twitter_card":"summary_large_image","twitter_site":"@mmfssca","schema":{"@context":"https:\/\/schema.org","@graph":[{"@type":"WebPage","@id":"https:\/\/safetysourcefire.ca\/?product=flagging-tape-dispenser","url":"https:\/\/safetysourcefire.ca\/?product=flagging-tape-dispenser","name":"Distributeur de ruban de signalisation - S\u00e9curit\u00e9 incendie","isPartOf":{"@id":"https:\/\/safetysourcefire.ca\/#website"},"primaryImageOfPage":{"@id":"https:\/\/safetysourcefire.ca\/?product=flagging-tape-dispenser#primaryimage"},"image":{"@id":"https:\/\/safetysourcefire.ca\/?product=flagging-tape-dispenser#primaryimage"},"thumbnailUrl":"https:\/\/safetysourcefire.ca\/wp-content\/uploads\/2020\/07\/FlaggingTapeDispenser_Front__75547.1592936248.jpg","datePublished":"2020-04-13T16:02:35+00:00","dateModified":"2020-07-13T16:03:29+00:00","breadcrumb":{"@id":"https:\/\/safetysourcefire.ca\/?product=flagging-tape-dispenser#breadcrumb"},"inLanguage":"fr-CA","potentialAction":[{"@type":"ReadAction","target":["https:\/\/safetysourcefire.ca\/?product=flagging-tape-dispenser"]}]},{"@type":"ImageObject","inLanguage":"fr-CA","@id":"https:\/\/safetysourcefire.ca\/?product=flagging-tape-dispenser#primaryimage","url":"https:\/\/safetysourcefire.ca\/wp-content\/uploads\/2020\/07\/FlaggingTapeDispenser_Front__75547.1592936248.jpg","contentUrl":"https:\/\/safetysourcefire.ca\/wp-content\/uploads\/2020\/07\/FlaggingTapeDispenser_Front__75547.1592936248.jpg","width":600,"height":600,"caption":"tape dispenser"},{"@type":"BreadcrumbList","@id":"https:\/\/safetysourcefire.ca\/?product=flagging-tape-dispenser#breadcrumb","itemListElement":[{"@type":"ListItem","position":1,"name":"Home","item":"https:\/\/safetysourcefire.ca\/"},{"@type":"ListItem","position":2,"name":"Products","item":"https:\/\/safetysourcefire.ca\/shop\/"},{"@type":"ListItem","position":3,"name":"Flagging Tape Dispenser"}]},{"@type":"WebSite","@id":"https:\/\/safetysourcefire.ca\/#website","url":"https:\/\/safetysourcefire.ca\/","name":"Safety Source Fire","description":"","publisher":{"@id":"https:\/\/safetysourcefire.ca\/#organization"},"potentialAction":[{"@type":"SearchAction","target":{"@type":"EntryPoint","urlTemplate":"https:\/\/safetysourcefire.ca\/?s={search_term_string}"},"query-input":{"@type":"PropertyValueSpecification","valueRequired":true,"valueName":"search_term_string"}}],"inLanguage":"fr-CA"},{"@type":"Organization","@id":"https:\/\/safetysourcefire.ca\/#organization","name":"Safety Source Fire","url":"https:\/\/safetysourcefire.ca\/","logo":{"@type":"ImageObject","inLanguage":"fr-CA","@id":"https:\/\/safetysourcefire.ca\/#\/schema\/logo\/image\/","url":"https:\/\/safetysourcefire.ca\/wp-content\/uploads\/2021\/01\/SSF_logo_CC0000-3.png","contentUrl":"https:\/\/safetysourcefire.ca\/wp-content\/uploads\/2021\/01\/SSF_logo_CC0000-3.png","width":1107,"height":365,"caption":"Safety Source Fire"},"image":{"@id":"https:\/\/safetysourcefire.ca\/#\/schema\/logo\/image\/"},"sameAs":["https:\/\/www.facebook.com\/mmfssca","https:\/\/x.com\/mmfssca"]}]}},"_links":{"self":[{"href":"https:\/\/safetysourcefire.ca\/fr\/wp-json\/wp\/v2\/product\/21713","targetHints":{"allow":["GET"]}}],"collection":[{"href":"https:\/\/safetysourcefire.ca\/fr\/wp-json\/wp\/v2\/product"}],"about":[{"href":"https:\/\/safetysourcefire.ca\/fr\/wp-json\/wp\/v2\/types\/product"}],"wp:featuredmedia":[{"embeddable":true,"href":"https:\/\/safetysourcefire.ca\/fr\/wp-json\/wp\/v2\/media\/21714"}],"wp:attachment":[{"href":"https:\/\/safetysourcefire.ca\/fr\/wp-json\/wp\/v2\/media?parent=21713"}],"wp:term":[{"taxonomy":"product_brand","embeddable":true,"href":"https:\/\/safetysourcefire.ca\/fr\/wp-json\/wp\/v2\/product_brand?post=21713"},{"taxonomy":"product_cat","embeddable":true,"href":"https:\/\/safetysourcefire.ca\/fr\/wp-json\/wp\/v2\/product_cat?post=21713"},{"taxonomy":"product_tag","embeddable":true,"href":"https:\/\/safetysourcefire.ca\/fr\/wp-json\/wp\/v2\/product_tag?post=21713"}],"curies":[{"name":"wp","href":"https:\/\/api.w.org\/{rel}","templated":true}]}}