{"id":21734,"date":"2020-04-13T16:10:16","date_gmt":"2020-04-13T16:10:16","guid":{"rendered":"https:\/\/mmfss.ca\/?post_type=product&#038;p=21734"},"modified":"2020-07-13T16:11:22","modified_gmt":"2020-07-13T16:11:22","slug":"hydro-speed-reservoir","status":"publish","type":"product","link":"https:\/\/safetysourcefire.ca\/fr\/produit\/hydro-speed-reservoir\/","title":{"rendered":"R\u00e9servoir Hydro-Speed"},"content":{"rendered":"<p>Le r\u00e9servoir est dot\u00e9 d'un syst\u00e8me cryog\u00e9nique permettant \u00e0 l'appareil de maintenir une forme plus plate, \u00e9pousant la forme de votre dos et r\u00e9duisant le mouvement de l'eau. Il dispose \u00e9galement d'un connecteur ''Plug-n-Play'' auto-obturant pour le tuyau d'abreuvement afin de permettre un d\u00e9tachement rapide et facile. Le r\u00e9servoir est approuv\u00e9 par la FDA, sans PVC ni BPA.<\/p>\n<h3>Fonctionnalit\u00e9s:<\/h3>\n<ul>\n<li>R\u00e9servoir permettant un nettoyage facile<\/li>\n<li>Syst\u00e8me ''Slide Seal'' pour une \u00e9tanch\u00e9it\u00e9 compl\u00e8te &amp; sans fuite<\/li>\n<li>Approuv\u00e9 par la FDA, sans BPA et sans PVC<\/li>\n<li>Tuyau auto-obturant ''Plug-n-Play''<\/li>\n<li>Tube Hydraflex sans pli 36\u2033<\/li>\n<li>Valve croquable et couvre embout inclus<\/li>\n<\/ul>","protected":false},"excerpt":{"rendered":"<p>La fonction ''Slide Seal'' permet d'avoir acc\u00e8s \u00e0 toute l'extr\u00e9mit\u00e9 sup\u00e9rieure du r\u00e9servoir. Ainsi, le remplissage devient rapide et facile. Cette fonction facilite aussi le nettoyage et l'entretien.<\/p>","protected":false},"featured_media":21725,"template":"","meta":[],"product_brand":[480],"product_cat":[462,463],"product_tag":[488],"class_list":{"0":"post-21734","1":"product","2":"type-product","3":"status-publish","4":"has-post-thumbnail","6":"product_brand-tng-true-north-gear","7":"product_cat-emergency-preparedness","8":"product_cat-wildland-fire","9":"product_tag-tng-true-north-gear","11":"first","12":"instock","13":"shipping-taxable","14":"product-type-simple"},"yoast_head":"<!-- This site is optimized with the Yoast SEO plugin v27.4 - https:\/\/yoast.com\/product\/yoast-seo-wordpress\/ -->\n<title>Hydro-Speed Reservoir - Safety Source Fire<\/title>\n<meta name=\"robots\" content=\"index, follow, max-snippet:-1, max-image-preview:large, max-video-preview:-1\" \/>\n<link rel=\"canonical\" href=\"https:\/\/safetysourcefire.ca\/fr\/?product=hydro-speed-reservoir\" \/>\n<meta property=\"og:locale\" content=\"fr_CA\" \/>\n<meta property=\"og:type\" content=\"article\" \/>\n<meta property=\"og:title\" content=\"Hydro-Speed Reservoir - Safety Source Fire\" \/>\n<meta property=\"og:description\" content=\"The Slide Seal feature opens the entire top end of the reservoir allowing quick and easy filling, turning the reservoir completely inside out makes it one of the easiest to clean and maintain.\" \/>\n<meta property=\"og:url\" content=\"https:\/\/safetysourcefire.ca\/fr\/?product=hydro-speed-reservoir\" \/>\n<meta property=\"og:site_name\" content=\"Safety Source Fire\" \/>\n<meta property=\"article:publisher\" content=\"https:\/\/www.facebook.com\/mmfssca\" \/>\n<meta property=\"article:modified_time\" content=\"2020-07-13T16:11:22+00:00\" \/>\n<meta property=\"og:image\" content=\"https:\/\/safetysourcefire.ca\/wp-content\/uploads\/2020\/07\/Hydrospeed_Front__05698.1585941438.jpg\" \/>\n\t<meta property=\"og:image:width\" content=\"600\" \/>\n\t<meta property=\"og:image:height\" content=\"600\" \/>\n\t<meta property=\"og:image:type\" content=\"image\/jpeg\" \/>\n<meta name=\"twitter:card\" content=\"summary_large_image\" \/>\n<meta name=\"twitter:site\" content=\"@mmfssca\" \/>\n<script type=\"application\/ld+json\" class=\"yoast-schema-graph\">{\"@context\":\"https:\\\/\\\/schema.org\",\"@graph\":[{\"@type\":\"WebPage\",\"@id\":\"https:\\\/\\\/safetysourcefire.ca\\\/?product=hydro-speed-reservoir\",\"url\":\"https:\\\/\\\/safetysourcefire.ca\\\/?product=hydro-speed-reservoir\",\"name\":\"Hydro-Speed Reservoir - Safety Source Fire\",\"isPartOf\":{\"@id\":\"https:\\\/\\\/safetysourcefire.ca\\\/#website\"},\"primaryImageOfPage\":{\"@id\":\"https:\\\/\\\/safetysourcefire.ca\\\/?product=hydro-speed-reservoir#primaryimage\"},\"image\":{\"@id\":\"https:\\\/\\\/safetysourcefire.ca\\\/?product=hydro-speed-reservoir#primaryimage\"},\"thumbnailUrl\":\"https:\\\/\\\/safetysourcefire.ca\\\/wp-content\\\/uploads\\\/2020\\\/07\\\/Hydrospeed_Front__05698.1585941438.jpg\",\"datePublished\":\"2020-04-13T16:10:16+00:00\",\"dateModified\":\"2020-07-13T16:11:22+00:00\",\"breadcrumb\":{\"@id\":\"https:\\\/\\\/safetysourcefire.ca\\\/?product=hydro-speed-reservoir#breadcrumb\"},\"inLanguage\":\"fr-CA\",\"potentialAction\":[{\"@type\":\"ReadAction\",\"target\":[\"https:\\\/\\\/safetysourcefire.ca\\\/?product=hydro-speed-reservoir\"]}]},{\"@type\":\"ImageObject\",\"inLanguage\":\"fr-CA\",\"@id\":\"https:\\\/\\\/safetysourcefire.ca\\\/?product=hydro-speed-reservoir#primaryimage\",\"url\":\"https:\\\/\\\/safetysourcefire.ca\\\/wp-content\\\/uploads\\\/2020\\\/07\\\/Hydrospeed_Front__05698.1585941438.jpg\",\"contentUrl\":\"https:\\\/\\\/safetysourcefire.ca\\\/wp-content\\\/uploads\\\/2020\\\/07\\\/Hydrospeed_Front__05698.1585941438.jpg\",\"width\":600,\"height\":600,\"caption\":\"reservoir\"},{\"@type\":\"BreadcrumbList\",\"@id\":\"https:\\\/\\\/safetysourcefire.ca\\\/?product=hydro-speed-reservoir#breadcrumb\",\"itemListElement\":[{\"@type\":\"ListItem\",\"position\":1,\"name\":\"Home\",\"item\":\"https:\\\/\\\/safetysourcefire.ca\\\/\"},{\"@type\":\"ListItem\",\"position\":2,\"name\":\"Products\",\"item\":\"https:\\\/\\\/safetysourcefire.ca\\\/shop\\\/\"},{\"@type\":\"ListItem\",\"position\":3,\"name\":\"Hydro-Speed Reservoir\"}]},{\"@type\":\"WebSite\",\"@id\":\"https:\\\/\\\/safetysourcefire.ca\\\/#website\",\"url\":\"https:\\\/\\\/safetysourcefire.ca\\\/\",\"name\":\"Safety Source Fire\",\"description\":\"\",\"publisher\":{\"@id\":\"https:\\\/\\\/safetysourcefire.ca\\\/#organization\"},\"potentialAction\":[{\"@type\":\"SearchAction\",\"target\":{\"@type\":\"EntryPoint\",\"urlTemplate\":\"https:\\\/\\\/safetysourcefire.ca\\\/?s={search_term_string}\"},\"query-input\":{\"@type\":\"PropertyValueSpecification\",\"valueRequired\":true,\"valueName\":\"search_term_string\"}}],\"inLanguage\":\"fr-CA\"},{\"@type\":\"Organization\",\"@id\":\"https:\\\/\\\/safetysourcefire.ca\\\/#organization\",\"name\":\"Safety Source Fire\",\"url\":\"https:\\\/\\\/safetysourcefire.ca\\\/\",\"logo\":{\"@type\":\"ImageObject\",\"inLanguage\":\"fr-CA\",\"@id\":\"https:\\\/\\\/safetysourcefire.ca\\\/#\\\/schema\\\/logo\\\/image\\\/\",\"url\":\"https:\\\/\\\/safetysourcefire.ca\\\/wp-content\\\/uploads\\\/2021\\\/01\\\/SSF_logo_CC0000-3.png\",\"contentUrl\":\"https:\\\/\\\/safetysourcefire.ca\\\/wp-content\\\/uploads\\\/2021\\\/01\\\/SSF_logo_CC0000-3.png\",\"width\":1107,\"height\":365,\"caption\":\"Safety Source Fire\"},\"image\":{\"@id\":\"https:\\\/\\\/safetysourcefire.ca\\\/#\\\/schema\\\/logo\\\/image\\\/\"},\"sameAs\":[\"https:\\\/\\\/www.facebook.com\\\/mmfssca\",\"https:\\\/\\\/x.com\\\/mmfssca\"]}]}<\/script>\n<!-- \/ Yoast SEO plugin. -->","yoast_head_json":{"title":"Hydro-Speed Reservoir - Safety Source Fire","robots":{"index":"index","follow":"follow","max-snippet":"max-snippet:-1","max-image-preview":"max-image-preview:large","max-video-preview":"max-video-preview:-1"},"canonical":"https:\/\/safetysourcefire.ca\/fr\/?product=hydro-speed-reservoir","og_locale":"fr_CA","og_type":"article","og_title":"Hydro-Speed Reservoir - Safety Source Fire","og_description":"The Slide Seal feature opens the entire top end of the reservoir allowing quick and easy filling, turning the reservoir completely inside out makes it one of the easiest to clean and maintain.","og_url":"https:\/\/safetysourcefire.ca\/fr\/?product=hydro-speed-reservoir","og_site_name":"Safety Source Fire","article_publisher":"https:\/\/www.facebook.com\/mmfssca","article_modified_time":"2020-07-13T16:11:22+00:00","og_image":[{"width":600,"height":600,"url":"https:\/\/safetysourcefire.ca\/wp-content\/uploads\/2020\/07\/Hydrospeed_Front__05698.1585941438.jpg","type":"image\/jpeg"}],"twitter_card":"summary_large_image","twitter_site":"@mmfssca","schema":{"@context":"https:\/\/schema.org","@graph":[{"@type":"WebPage","@id":"https:\/\/safetysourcefire.ca\/?product=hydro-speed-reservoir","url":"https:\/\/safetysourcefire.ca\/?product=hydro-speed-reservoir","name":"Hydro-Speed Reservoir - Safety Source Fire","isPartOf":{"@id":"https:\/\/safetysourcefire.ca\/#website"},"primaryImageOfPage":{"@id":"https:\/\/safetysourcefire.ca\/?product=hydro-speed-reservoir#primaryimage"},"image":{"@id":"https:\/\/safetysourcefire.ca\/?product=hydro-speed-reservoir#primaryimage"},"thumbnailUrl":"https:\/\/safetysourcefire.ca\/wp-content\/uploads\/2020\/07\/Hydrospeed_Front__05698.1585941438.jpg","datePublished":"2020-04-13T16:10:16+00:00","dateModified":"2020-07-13T16:11:22+00:00","breadcrumb":{"@id":"https:\/\/safetysourcefire.ca\/?product=hydro-speed-reservoir#breadcrumb"},"inLanguage":"fr-CA","potentialAction":[{"@type":"ReadAction","target":["https:\/\/safetysourcefire.ca\/?product=hydro-speed-reservoir"]}]},{"@type":"ImageObject","inLanguage":"fr-CA","@id":"https:\/\/safetysourcefire.ca\/?product=hydro-speed-reservoir#primaryimage","url":"https:\/\/safetysourcefire.ca\/wp-content\/uploads\/2020\/07\/Hydrospeed_Front__05698.1585941438.jpg","contentUrl":"https:\/\/safetysourcefire.ca\/wp-content\/uploads\/2020\/07\/Hydrospeed_Front__05698.1585941438.jpg","width":600,"height":600,"caption":"reservoir"},{"@type":"BreadcrumbList","@id":"https:\/\/safetysourcefire.ca\/?product=hydro-speed-reservoir#breadcrumb","itemListElement":[{"@type":"ListItem","position":1,"name":"Home","item":"https:\/\/safetysourcefire.ca\/"},{"@type":"ListItem","position":2,"name":"Products","item":"https:\/\/safetysourcefire.ca\/shop\/"},{"@type":"ListItem","position":3,"name":"Hydro-Speed Reservoir"}]},{"@type":"WebSite","@id":"https:\/\/safetysourcefire.ca\/#website","url":"https:\/\/safetysourcefire.ca\/","name":"Safety Source Fire","description":"","publisher":{"@id":"https:\/\/safetysourcefire.ca\/#organization"},"potentialAction":[{"@type":"SearchAction","target":{"@type":"EntryPoint","urlTemplate":"https:\/\/safetysourcefire.ca\/?s={search_term_string}"},"query-input":{"@type":"PropertyValueSpecification","valueRequired":true,"valueName":"search_term_string"}}],"inLanguage":"fr-CA"},{"@type":"Organization","@id":"https:\/\/safetysourcefire.ca\/#organization","name":"Safety Source Fire","url":"https:\/\/safetysourcefire.ca\/","logo":{"@type":"ImageObject","inLanguage":"fr-CA","@id":"https:\/\/safetysourcefire.ca\/#\/schema\/logo\/image\/","url":"https:\/\/safetysourcefire.ca\/wp-content\/uploads\/2021\/01\/SSF_logo_CC0000-3.png","contentUrl":"https:\/\/safetysourcefire.ca\/wp-content\/uploads\/2021\/01\/SSF_logo_CC0000-3.png","width":1107,"height":365,"caption":"Safety Source Fire"},"image":{"@id":"https:\/\/safetysourcefire.ca\/#\/schema\/logo\/image\/"},"sameAs":["https:\/\/www.facebook.com\/mmfssca","https:\/\/x.com\/mmfssca"]}]}},"_links":{"self":[{"href":"https:\/\/safetysourcefire.ca\/fr\/wp-json\/wp\/v2\/product\/21734","targetHints":{"allow":["GET"]}}],"collection":[{"href":"https:\/\/safetysourcefire.ca\/fr\/wp-json\/wp\/v2\/product"}],"about":[{"href":"https:\/\/safetysourcefire.ca\/fr\/wp-json\/wp\/v2\/types\/product"}],"wp:featuredmedia":[{"embeddable":true,"href":"https:\/\/safetysourcefire.ca\/fr\/wp-json\/wp\/v2\/media\/21725"}],"wp:attachment":[{"href":"https:\/\/safetysourcefire.ca\/fr\/wp-json\/wp\/v2\/media?parent=21734"}],"wp:term":[{"taxonomy":"product_brand","embeddable":true,"href":"https:\/\/safetysourcefire.ca\/fr\/wp-json\/wp\/v2\/product_brand?post=21734"},{"taxonomy":"product_cat","embeddable":true,"href":"https:\/\/safetysourcefire.ca\/fr\/wp-json\/wp\/v2\/product_cat?post=21734"},{"taxonomy":"product_tag","embeddable":true,"href":"https:\/\/safetysourcefire.ca\/fr\/wp-json\/wp\/v2\/product_tag?post=21734"}],"curies":[{"name":"wp","href":"https:\/\/api.w.org\/{rel}","templated":true}]}}