{"id":242,"date":"2017-04-15T19:29:13","date_gmt":"2017-04-15T19:29:13","guid":{"rendered":"http:\/\/mmfss.ca\/?post_type=product&#038;p=242"},"modified":"2018-03-19T13:14:37","modified_gmt":"2018-03-19T13:14:37","slug":"aluminum-roof-ladder-with-roof-hooks-on-both-ends-series-775-dr","status":"publish","type":"product","link":"https:\/\/safetysourcefire.ca\/fr\/produit\/aluminum-roof-ladder-with-roof-hooks-on-both-ends-series-775-dr\/","title":{"rendered":"\u00c9chelle de toit en aluminium avec 2 crochets aux extr\u00e9mit\u00e9s"},"content":{"rendered":"<p>La construction sur rail permet une r\u00e9sistance suppl\u00e9mentaire, sans poids encombrant. Muni de crochets standards de 3\/4 \" ou des crochets robustes de 7\/8\" (moyennant des frais suppl\u00e9mentaires). \n*NOTE : ce produit est fabriqu\u00e9 sur commande. Aucun retour ni remboursement *<\/p>\n<p><strong>S\u00e9rie 775-DR<br \/>\nS\u00e9rie 875-DR<\/strong><\/p>\n<ul>\n<li><strong>Construction avec rail <\/strong><\/li>\n<li><strong>Capacit\u00e9 de charge de 750l b<\/strong><\/li>\n<\/ul>\n<table width=\"100%\">\n<tbody>\n<tr>\n<td colspan=\"5\"><strong>CARACT\u00c9RISTIQUES<\/strong><\/td>\n<\/tr>\n<tr>\n<td colspan=\"5\"><strong>S\u00c9RIE TOIT 775-DR<\/strong><\/td>\n<\/tr>\n<tr>\n<td><strong>Taille<\/strong><\/td>\n<td><strong>Longueur<br \/>\nLongueur<\/strong><\/td>\n<td><strong>Largeur<\/strong><\/td>\n<td><strong>Taille des rails<\/strong><\/td>\n<td><strong>Poids<\/strong><\/td>\n<\/tr>\n<tr>\n<td>10\u2032<\/td>\n<td>10\u2032 1,625\u2033<\/td>\n<td>19 pouces<\/td>\n<td>2,75\u2033<\/td>\n<td>29 livres<\/td>\n<\/tr>\n<tr>\n<td>12\u2032<\/td>\n<td>12\u2032 1,625\u2033<\/td>\n<td>19 pouces<\/td>\n<td>2,75\u2033<\/td>\n<td>33 livres<\/td>\n<\/tr>\n<tr>\n<td>14\u2032<\/td>\n<td>14\u2032 1,625\u2033<\/td>\n<td>19 pouces<\/td>\n<td>2,75\u2033<\/td>\n<td>35 livres<\/td>\n<\/tr>\n<tr>\n<td colspan=\"5\"><strong>S\u00c9RIE TOIT 875-DR<\/strong><\/td>\n<\/tr>\n<tr>\n<td><strong>Taille<\/strong><\/td>\n<td><strong>Longueur<br \/>\nLongueur<\/strong><\/td>\n<td><strong>Largeur<\/strong><\/td>\n<td><strong>Taille des rails<\/strong><\/td>\n<td><strong>Poids<\/strong><\/td>\n<\/tr>\n<tr>\n<td>16\u2032<\/td>\n<td>16\u2032 2,125\u2033<\/td>\n<td>19 pouces<\/td>\n<td>3,25\u2033<\/td>\n<td>49 livres<\/td>\n<\/tr>\n<tr>\n<td>18\u2032<\/td>\n<td>18\u2032 2,125\u2033<\/td>\n<td>19 pouces<\/td>\n<td>3,25\u2033<\/td>\n<td>53 livres<\/td>\n<\/tr>\n<tr>\n<td>20\u2032<\/td>\n<td>20\u2032 2,125\u2033<\/td>\n<td>19 pouces<\/td>\n<td>3,25\u2033<\/td>\n<td>56 livres<\/td>\n<\/tr>\n<tr>\n<td colspan=\"5\">Toutes les dimensions r\u00e9pertori\u00e9es ci-haut se qualifient dans les normes de v\u00e9rification de conception NFPA. Des variations d'environ +\/- 0,125\u2033 peuvent se produire en raison du type de rivets, \u00e9crous ou boulons utilis\u00e9s. Si vous avez besoin de dimensions pr\u00e9cises, veuillez appeler notre bureau et demander une copie de nos feuilles de dimensions.<\/td>\n<\/tr>\n<tr>\n<td colspan=\"5\">Pieds \u00e0 griffes en standard<br \/>\nChaussures de s\u00e9curit\u00e9 en caoutchouc disponibles en option (pour une meilleure utilisation sur les surfaces dures).<\/td>\n<\/tr>\n<\/tbody>\n<\/table>","protected":false},"excerpt":{"rendered":"<p>Cette \u00e9chelle est con\u00e7ue pour les pompiers : peu importe l'extr\u00e9mit\u00e9 de l'\u00e9chelle qui sur le dessus, des crochets sont disponibles.<\/p>","protected":false},"featured_media":1107,"template":"","meta":[],"product_brand":[162],"product_cat":[42,55],"product_tag":[282,283],"class_list":{"0":"post-242","1":"product","2":"type-product","3":"status-publish","4":"has-post-thumbnail","6":"product_brand-duo-safety","7":"product_cat-ladders","8":"product_cat-roof","9":"product_tag-duo-safety","10":"product_tag-duosafety","12":"first","13":"outofstock","14":"shipping-taxable","15":"product-type-simple"},"yoast_head":"<!-- This site is optimized with the Yoast SEO plugin v27.4 - https:\/\/yoast.com\/product\/yoast-seo-wordpress\/ -->\n<title>Aluminum Roof Ladder with Roof Hooks on Both Ends - Safety Source Fire<\/title>\n<meta name=\"robots\" content=\"index, follow, max-snippet:-1, max-image-preview:large, max-video-preview:-1\" \/>\n<link rel=\"canonical\" href=\"https:\/\/safetysourcefire.ca\/fr\/?product=aluminum-roof-ladder-with-roof-hooks-on-both-ends-series-775-dr\" \/>\n<meta property=\"og:locale\" content=\"fr_CA\" \/>\n<meta property=\"og:type\" content=\"article\" \/>\n<meta property=\"og:title\" content=\"Aluminum Roof Ladder with Roof Hooks on Both Ends - Safety Source Fire\" \/>\n<meta property=\"og:description\" content=\"This ladder is designed for firefighters so that no matter which end of the ladder is on top, there are hooks available.\" \/>\n<meta property=\"og:url\" content=\"https:\/\/safetysourcefire.ca\/fr\/?product=aluminum-roof-ladder-with-roof-hooks-on-both-ends-series-775-dr\" \/>\n<meta property=\"og:site_name\" content=\"Safety Source Fire\" \/>\n<meta property=\"article:publisher\" content=\"https:\/\/www.facebook.com\/mmfssca\" \/>\n<meta property=\"article:modified_time\" content=\"2018-03-19T13:14:37+00:00\" \/>\n<meta property=\"og:image\" content=\"https:\/\/safetysourcefire.ca\/wp-content\/uploads\/2017\/05\/Dual-End-Roof-Ladder.jpg\" \/>\n\t<meta property=\"og:image:width\" content=\"600\" \/>\n\t<meta property=\"og:image:height\" content=\"600\" \/>\n\t<meta property=\"og:image:type\" content=\"image\/jpeg\" \/>\n<meta name=\"twitter:card\" content=\"summary_large_image\" \/>\n<meta name=\"twitter:site\" content=\"@mmfssca\" \/>\n<meta name=\"twitter:label1\" content=\"Estimation du temps de lecture\" \/>\n\t<meta name=\"twitter:data1\" content=\"1 minute\" \/>\n<script type=\"application\/ld+json\" class=\"yoast-schema-graph\">{\"@context\":\"https:\\\/\\\/schema.org\",\"@graph\":[{\"@type\":\"WebPage\",\"@id\":\"https:\\\/\\\/safetysourcefire.ca\\\/?product=aluminum-roof-ladder-with-roof-hooks-on-both-ends-series-775-dr\",\"url\":\"https:\\\/\\\/safetysourcefire.ca\\\/?product=aluminum-roof-ladder-with-roof-hooks-on-both-ends-series-775-dr\",\"name\":\"Aluminum Roof Ladder with Roof Hooks on Both Ends - Safety Source Fire\",\"isPartOf\":{\"@id\":\"https:\\\/\\\/safetysourcefire.ca\\\/#website\"},\"primaryImageOfPage\":{\"@id\":\"https:\\\/\\\/safetysourcefire.ca\\\/?product=aluminum-roof-ladder-with-roof-hooks-on-both-ends-series-775-dr#primaryimage\"},\"image\":{\"@id\":\"https:\\\/\\\/safetysourcefire.ca\\\/?product=aluminum-roof-ladder-with-roof-hooks-on-both-ends-series-775-dr#primaryimage\"},\"thumbnailUrl\":\"https:\\\/\\\/safetysourcefire.ca\\\/wp-content\\\/uploads\\\/2017\\\/05\\\/Dual-End-Roof-Ladder.jpg\",\"datePublished\":\"2017-04-15T19:29:13+00:00\",\"dateModified\":\"2018-03-19T13:14:37+00:00\",\"breadcrumb\":{\"@id\":\"https:\\\/\\\/safetysourcefire.ca\\\/?product=aluminum-roof-ladder-with-roof-hooks-on-both-ends-series-775-dr#breadcrumb\"},\"inLanguage\":\"fr-CA\",\"potentialAction\":[{\"@type\":\"ReadAction\",\"target\":[\"https:\\\/\\\/safetysourcefire.ca\\\/?product=aluminum-roof-ladder-with-roof-hooks-on-both-ends-series-775-dr\"]}]},{\"@type\":\"ImageObject\",\"inLanguage\":\"fr-CA\",\"@id\":\"https:\\\/\\\/safetysourcefire.ca\\\/?product=aluminum-roof-ladder-with-roof-hooks-on-both-ends-series-775-dr#primaryimage\",\"url\":\"https:\\\/\\\/safetysourcefire.ca\\\/wp-content\\\/uploads\\\/2017\\\/05\\\/Dual-End-Roof-Ladder.jpg\",\"contentUrl\":\"https:\\\/\\\/safetysourcefire.ca\\\/wp-content\\\/uploads\\\/2017\\\/05\\\/Dual-End-Roof-Ladder.jpg\",\"width\":600,\"height\":600,\"caption\":\"Aluminum Roof Ladder with Roof Hooks on both ends\"},{\"@type\":\"BreadcrumbList\",\"@id\":\"https:\\\/\\\/safetysourcefire.ca\\\/?product=aluminum-roof-ladder-with-roof-hooks-on-both-ends-series-775-dr#breadcrumb\",\"itemListElement\":[{\"@type\":\"ListItem\",\"position\":1,\"name\":\"Home\",\"item\":\"https:\\\/\\\/safetysourcefire.ca\\\/\"},{\"@type\":\"ListItem\",\"position\":2,\"name\":\"Products\",\"item\":\"https:\\\/\\\/safetysourcefire.ca\\\/shop\\\/\"},{\"@type\":\"ListItem\",\"position\":3,\"name\":\"Aluminum Roof Ladder with Roof Hooks on Both Ends\"}]},{\"@type\":\"WebSite\",\"@id\":\"https:\\\/\\\/safetysourcefire.ca\\\/#website\",\"url\":\"https:\\\/\\\/safetysourcefire.ca\\\/\",\"name\":\"Safety Source Fire\",\"description\":\"\",\"publisher\":{\"@id\":\"https:\\\/\\\/safetysourcefire.ca\\\/#organization\"},\"potentialAction\":[{\"@type\":\"SearchAction\",\"target\":{\"@type\":\"EntryPoint\",\"urlTemplate\":\"https:\\\/\\\/safetysourcefire.ca\\\/?s={search_term_string}\"},\"query-input\":{\"@type\":\"PropertyValueSpecification\",\"valueRequired\":true,\"valueName\":\"search_term_string\"}}],\"inLanguage\":\"fr-CA\"},{\"@type\":\"Organization\",\"@id\":\"https:\\\/\\\/safetysourcefire.ca\\\/#organization\",\"name\":\"Safety Source Fire\",\"url\":\"https:\\\/\\\/safetysourcefire.ca\\\/\",\"logo\":{\"@type\":\"ImageObject\",\"inLanguage\":\"fr-CA\",\"@id\":\"https:\\\/\\\/safetysourcefire.ca\\\/#\\\/schema\\\/logo\\\/image\\\/\",\"url\":\"https:\\\/\\\/safetysourcefire.ca\\\/wp-content\\\/uploads\\\/2021\\\/01\\\/SSF_logo_CC0000-3.png\",\"contentUrl\":\"https:\\\/\\\/safetysourcefire.ca\\\/wp-content\\\/uploads\\\/2021\\\/01\\\/SSF_logo_CC0000-3.png\",\"width\":1107,\"height\":365,\"caption\":\"Safety Source Fire\"},\"image\":{\"@id\":\"https:\\\/\\\/safetysourcefire.ca\\\/#\\\/schema\\\/logo\\\/image\\\/\"},\"sameAs\":[\"https:\\\/\\\/www.facebook.com\\\/mmfssca\",\"https:\\\/\\\/x.com\\\/mmfssca\"]}]}<\/script>\n<!-- \/ Yoast SEO plugin. -->","yoast_head_json":{"title":"\u00c9chelle de toit en aluminium avec crochets de toit aux deux extr\u00e9mit\u00e9s - Safety Source Fire","robots":{"index":"index","follow":"follow","max-snippet":"max-snippet:-1","max-image-preview":"max-image-preview:large","max-video-preview":"max-video-preview:-1"},"canonical":"https:\/\/safetysourcefire.ca\/fr\/?product=aluminum-roof-ladder-with-roof-hooks-on-both-ends-series-775-dr","og_locale":"fr_CA","og_type":"article","og_title":"Aluminum Roof Ladder with Roof Hooks on Both Ends - Safety Source Fire","og_description":"This ladder is designed for firefighters so that no matter which end of the ladder is on top, there are hooks available.","og_url":"https:\/\/safetysourcefire.ca\/fr\/?product=aluminum-roof-ladder-with-roof-hooks-on-both-ends-series-775-dr","og_site_name":"Safety Source Fire","article_publisher":"https:\/\/www.facebook.com\/mmfssca","article_modified_time":"2018-03-19T13:14:37+00:00","og_image":[{"width":600,"height":600,"url":"https:\/\/safetysourcefire.ca\/wp-content\/uploads\/2017\/05\/Dual-End-Roof-Ladder.jpg","type":"image\/jpeg"}],"twitter_card":"summary_large_image","twitter_site":"@mmfssca","twitter_misc":{"Estimation du temps de lecture":"1 minute"},"schema":{"@context":"https:\/\/schema.org","@graph":[{"@type":"WebPage","@id":"https:\/\/safetysourcefire.ca\/?product=aluminum-roof-ladder-with-roof-hooks-on-both-ends-series-775-dr","url":"https:\/\/safetysourcefire.ca\/?product=aluminum-roof-ladder-with-roof-hooks-on-both-ends-series-775-dr","name":"\u00c9chelle de toit en aluminium avec crochets de toit aux deux extr\u00e9mit\u00e9s - Safety Source Fire","isPartOf":{"@id":"https:\/\/safetysourcefire.ca\/#website"},"primaryImageOfPage":{"@id":"https:\/\/safetysourcefire.ca\/?product=aluminum-roof-ladder-with-roof-hooks-on-both-ends-series-775-dr#primaryimage"},"image":{"@id":"https:\/\/safetysourcefire.ca\/?product=aluminum-roof-ladder-with-roof-hooks-on-both-ends-series-775-dr#primaryimage"},"thumbnailUrl":"https:\/\/safetysourcefire.ca\/wp-content\/uploads\/2017\/05\/Dual-End-Roof-Ladder.jpg","datePublished":"2017-04-15T19:29:13+00:00","dateModified":"2018-03-19T13:14:37+00:00","breadcrumb":{"@id":"https:\/\/safetysourcefire.ca\/?product=aluminum-roof-ladder-with-roof-hooks-on-both-ends-series-775-dr#breadcrumb"},"inLanguage":"fr-CA","potentialAction":[{"@type":"ReadAction","target":["https:\/\/safetysourcefire.ca\/?product=aluminum-roof-ladder-with-roof-hooks-on-both-ends-series-775-dr"]}]},{"@type":"ImageObject","inLanguage":"fr-CA","@id":"https:\/\/safetysourcefire.ca\/?product=aluminum-roof-ladder-with-roof-hooks-on-both-ends-series-775-dr#primaryimage","url":"https:\/\/safetysourcefire.ca\/wp-content\/uploads\/2017\/05\/Dual-End-Roof-Ladder.jpg","contentUrl":"https:\/\/safetysourcefire.ca\/wp-content\/uploads\/2017\/05\/Dual-End-Roof-Ladder.jpg","width":600,"height":600,"caption":"Aluminum Roof Ladder with Roof Hooks on both ends"},{"@type":"BreadcrumbList","@id":"https:\/\/safetysourcefire.ca\/?product=aluminum-roof-ladder-with-roof-hooks-on-both-ends-series-775-dr#breadcrumb","itemListElement":[{"@type":"ListItem","position":1,"name":"Home","item":"https:\/\/safetysourcefire.ca\/"},{"@type":"ListItem","position":2,"name":"Products","item":"https:\/\/safetysourcefire.ca\/shop\/"},{"@type":"ListItem","position":3,"name":"Aluminum Roof Ladder with Roof Hooks on Both Ends"}]},{"@type":"WebSite","@id":"https:\/\/safetysourcefire.ca\/#website","url":"https:\/\/safetysourcefire.ca\/","name":"Safety Source Fire","description":"","publisher":{"@id":"https:\/\/safetysourcefire.ca\/#organization"},"potentialAction":[{"@type":"SearchAction","target":{"@type":"EntryPoint","urlTemplate":"https:\/\/safetysourcefire.ca\/?s={search_term_string}"},"query-input":{"@type":"PropertyValueSpecification","valueRequired":true,"valueName":"search_term_string"}}],"inLanguage":"fr-CA"},{"@type":"Organization","@id":"https:\/\/safetysourcefire.ca\/#organization","name":"Safety Source Fire","url":"https:\/\/safetysourcefire.ca\/","logo":{"@type":"ImageObject","inLanguage":"fr-CA","@id":"https:\/\/safetysourcefire.ca\/#\/schema\/logo\/image\/","url":"https:\/\/safetysourcefire.ca\/wp-content\/uploads\/2021\/01\/SSF_logo_CC0000-3.png","contentUrl":"https:\/\/safetysourcefire.ca\/wp-content\/uploads\/2021\/01\/SSF_logo_CC0000-3.png","width":1107,"height":365,"caption":"Safety Source Fire"},"image":{"@id":"https:\/\/safetysourcefire.ca\/#\/schema\/logo\/image\/"},"sameAs":["https:\/\/www.facebook.com\/mmfssca","https:\/\/x.com\/mmfssca"]}]}},"_links":{"self":[{"href":"https:\/\/safetysourcefire.ca\/fr\/wp-json\/wp\/v2\/product\/242","targetHints":{"allow":["GET"]}}],"collection":[{"href":"https:\/\/safetysourcefire.ca\/fr\/wp-json\/wp\/v2\/product"}],"about":[{"href":"https:\/\/safetysourcefire.ca\/fr\/wp-json\/wp\/v2\/types\/product"}],"wp:featuredmedia":[{"embeddable":true,"href":"https:\/\/safetysourcefire.ca\/fr\/wp-json\/wp\/v2\/media\/1107"}],"wp:attachment":[{"href":"https:\/\/safetysourcefire.ca\/fr\/wp-json\/wp\/v2\/media?parent=242"}],"wp:term":[{"taxonomy":"product_brand","embeddable":true,"href":"https:\/\/safetysourcefire.ca\/fr\/wp-json\/wp\/v2\/product_brand?post=242"},{"taxonomy":"product_cat","embeddable":true,"href":"https:\/\/safetysourcefire.ca\/fr\/wp-json\/wp\/v2\/product_cat?post=242"},{"taxonomy":"product_tag","embeddable":true,"href":"https:\/\/safetysourcefire.ca\/fr\/wp-json\/wp\/v2\/product_tag?post=242"}],"curies":[{"name":"wp","href":"https:\/\/api.w.org\/{rel}","templated":true}]}}