{"id":2451,"date":"2017-06-13T20:40:06","date_gmt":"2017-06-13T20:40:06","guid":{"rendered":"http:\/\/mmfss.ca\/?post_type=product&#038;p=2451"},"modified":"2020-06-24T16:40:56","modified_gmt":"2020-06-24T16:40:56","slug":"quadracup-with-grip-1-5-38mm","status":"publish","type":"product","link":"https:\/\/safetysourcefire.ca\/fr\/produit\/quadracup-with-grip-1-5-38mm\/","title":{"rendered":"Lance Quadracup avec poign\u00e9e 1,5 \u2033 (38 mm)"},"content":{"rendered":"<p>Disponible dans d&#039;autres configurations<\/p>\n<p>Tous les mat\u00e9riaux sont l\u00e9gers, en aluminium anodis\u00e9 dur. Permet de rincer sans \u00e9teindre compl\u00e8tement. Si\u00e8ge de soupape arri\u00e8re \u00e0 changement rapide et boule d'arr\u00eat en acier inoxydable. La poign\u00e9e pistolet est mont\u00e9e sous la valve. Le pivot \u00e0 bascule de 1,5\u2033 (38 mm) est standard.<\/p>\n<p>Poids\u00a0: 3\u00a0900\u00a0lb (1\u00a0772\u00a0kg)<\/p>\n<table>\n<tbody>\n<tr>\n<td><strong>M\u00e9thode de contr\u00f4le du flux<\/strong><\/td>\n<td>D\u00e9bit de pression s\u00e9lectionnable (d\u00e9bit constant- ne change pas selon le mod\u00e8le)<\/td>\n<\/tr>\n<tr>\n<td><strong>D\u00e9bit<\/strong><\/td>\n<td>30 &amp; 60 &amp; 95 &amp; 125 gal\/min (110 &amp; 230 &amp; 360 &amp; 470 l\/min)<\/td>\n<\/tr>\n<tr>\n<td><strong>Taille de couplage (buses)<\/strong><\/td>\n<td>1 1\/2 pouce (38 mm)<\/td>\n<\/tr>\n<tr>\n<td><strong>Style de couplage (buses)<\/strong><\/td>\n<td>Bascule<\/td>\n<\/tr>\n<tr>\n<td><strong>Couplage Pivotant\/Rigide (Buses)<\/strong><\/td>\n<td>Pivot (pas temps plein, pas de pivot apr\u00e8s serrage)<\/td>\n<\/tr>\n<tr>\n<td><strong>Pression<\/strong><\/td>\n<td>100 psi (7 bars)<\/td>\n<\/tr>\n<tr>\n<td><strong>Style de corps de buse<\/strong><\/td>\n<td>Buse avec arr\u00eat et poign\u00e9e pistolet<\/td>\n<\/tr>\n<tr>\n<td><strong>Conception de vanne<\/strong><\/td>\n<td>Valve \u00e0 balle (inox)<\/td>\n<\/tr>\n<tr>\n<td><strong>M\u00e9thode d&#039;actionnement de la vanne<\/strong><\/td>\n<td>Fer \u00e0 cheval (Nylon moul\u00e9 par injection avec poign\u00e9e color\u00e9e)<\/td>\n<\/tr>\n<tr>\n<td><strong>M\u00e9thode de motif de brouillard<\/strong><\/td>\n<td>Dents m\u00e9talliques coup\u00e9es (fixes)<\/td>\n<\/tr>\n<tr>\n<td><strong>Mat\u00e9riau du pare-chocs de la buse<\/strong><\/td>\n<td>PVC<\/td>\n<\/tr>\n<tr>\n<td><strong>Certifications<\/strong><\/td>\n<td>N \/ A<\/td>\n<\/tr>\n<tr>\n<td><strong>Performance d&#039;expansion de la mousse<\/strong><\/td>\n<td>Faible expansion<\/td>\n<\/tr>\n<\/tbody>\n<\/table>","protected":false},"excerpt":{"rendered":"<p>Lance de gallon s\u00e9lectionnable avec quatre r\u00e9glages de d\u00e9bit soit 30, 60, 95 et 125 gpm \u00e0 100 psi (110, 230, 360 et 470 l \/ min \u00e0 7 bar).<\/p>","protected":false},"featured_media":2573,"template":"","meta":[],"product_brand":[179],"product_cat":[44,66],"product_tag":[355,354],"class_list":{"0":"post-2451","1":"product","2":"type-product","3":"status-publish","4":"has-post-thumbnail","6":"product_brand-tft","7":"product_cat-fire-suppression","8":"product_cat-nozzles-monitors","9":"product_tag-task-force-tips","10":"product_tag-tft","12":"first","13":"instock","14":"shipping-taxable","15":"product-type-simple"},"yoast_head":"<!-- This site is optimized with the Yoast SEO plugin v27.4 - https:\/\/yoast.com\/product\/yoast-seo-wordpress\/ -->\n<title>Quadracup with Grip 1.5&quot; (38mm) - Safety Source Fire<\/title>\n<meta name=\"robots\" content=\"index, follow, max-snippet:-1, max-image-preview:large, max-video-preview:-1\" \/>\n<link rel=\"canonical\" href=\"https:\/\/safetysourcefire.ca\/fr\/?product=quadracup-with-grip-1-5-38mm\" \/>\n<meta property=\"og:locale\" content=\"fr_CA\" \/>\n<meta property=\"og:type\" content=\"article\" \/>\n<meta property=\"og:title\" content=\"Quadracup with Grip 1.5&quot; (38mm) - Safety Source Fire\" \/>\n<meta property=\"og:description\" content=\"Selectable gallonage nozzle with four flow settings of 30, 60, 95, and 125 gpm @ 100 psi (110, 230, 360 and 470 l\/min @ 7 bar).\" \/>\n<meta property=\"og:url\" content=\"https:\/\/safetysourcefire.ca\/fr\/?product=quadracup-with-grip-1-5-38mm\" \/>\n<meta property=\"og:site_name\" content=\"Safety Source Fire\" \/>\n<meta property=\"article:publisher\" content=\"https:\/\/www.facebook.com\/mmfssca\" \/>\n<meta property=\"article:modified_time\" content=\"2020-06-24T16:40:56+00:00\" \/>\n<meta property=\"og:image\" content=\"https:\/\/safetysourcefire.ca\/wp-content\/uploads\/2017\/06\/FQS125BCP.jpg\" \/>\n\t<meta property=\"og:image:width\" content=\"600\" \/>\n\t<meta property=\"og:image:height\" content=\"600\" \/>\n\t<meta property=\"og:image:type\" content=\"image\/jpeg\" \/>\n<meta name=\"twitter:card\" content=\"summary_large_image\" \/>\n<meta name=\"twitter:site\" content=\"@mmfssca\" \/>\n<meta name=\"twitter:label1\" content=\"Estimation du temps de lecture\" \/>\n\t<meta name=\"twitter:data1\" content=\"1 minute\" \/>\n<script type=\"application\/ld+json\" class=\"yoast-schema-graph\">{\"@context\":\"https:\\\/\\\/schema.org\",\"@graph\":[{\"@type\":\"WebPage\",\"@id\":\"https:\\\/\\\/safetysourcefire.ca\\\/?product=quadracup-with-grip-1-5-38mm\",\"url\":\"https:\\\/\\\/safetysourcefire.ca\\\/?product=quadracup-with-grip-1-5-38mm\",\"name\":\"Quadracup with Grip 1.5\\\" (38mm) - Safety Source Fire\",\"isPartOf\":{\"@id\":\"https:\\\/\\\/safetysourcefire.ca\\\/#website\"},\"primaryImageOfPage\":{\"@id\":\"https:\\\/\\\/safetysourcefire.ca\\\/?product=quadracup-with-grip-1-5-38mm#primaryimage\"},\"image\":{\"@id\":\"https:\\\/\\\/safetysourcefire.ca\\\/?product=quadracup-with-grip-1-5-38mm#primaryimage\"},\"thumbnailUrl\":\"https:\\\/\\\/safetysourcefire.ca\\\/wp-content\\\/uploads\\\/2017\\\/06\\\/FQS125BCP.jpg\",\"datePublished\":\"2017-06-13T20:40:06+00:00\",\"dateModified\":\"2020-06-24T16:40:56+00:00\",\"breadcrumb\":{\"@id\":\"https:\\\/\\\/safetysourcefire.ca\\\/?product=quadracup-with-grip-1-5-38mm#breadcrumb\"},\"inLanguage\":\"fr-CA\",\"potentialAction\":[{\"@type\":\"ReadAction\",\"target\":[\"https:\\\/\\\/safetysourcefire.ca\\\/?product=quadracup-with-grip-1-5-38mm\"]}]},{\"@type\":\"ImageObject\",\"inLanguage\":\"fr-CA\",\"@id\":\"https:\\\/\\\/safetysourcefire.ca\\\/?product=quadracup-with-grip-1-5-38mm#primaryimage\",\"url\":\"https:\\\/\\\/safetysourcefire.ca\\\/wp-content\\\/uploads\\\/2017\\\/06\\\/FQS125BCP.jpg\",\"contentUrl\":\"https:\\\/\\\/safetysourcefire.ca\\\/wp-content\\\/uploads\\\/2017\\\/06\\\/FQS125BCP.jpg\",\"width\":600,\"height\":600,\"caption\":\"Quadracup\"},{\"@type\":\"BreadcrumbList\",\"@id\":\"https:\\\/\\\/safetysourcefire.ca\\\/?product=quadracup-with-grip-1-5-38mm#breadcrumb\",\"itemListElement\":[{\"@type\":\"ListItem\",\"position\":1,\"name\":\"Home\",\"item\":\"https:\\\/\\\/safetysourcefire.ca\\\/\"},{\"@type\":\"ListItem\",\"position\":2,\"name\":\"Products\",\"item\":\"https:\\\/\\\/safetysourcefire.ca\\\/shop\\\/\"},{\"@type\":\"ListItem\",\"position\":3,\"name\":\"Quadracup with Grip 1.5&#8243; (38mm)\"}]},{\"@type\":\"WebSite\",\"@id\":\"https:\\\/\\\/safetysourcefire.ca\\\/#website\",\"url\":\"https:\\\/\\\/safetysourcefire.ca\\\/\",\"name\":\"Safety Source Fire\",\"description\":\"\",\"publisher\":{\"@id\":\"https:\\\/\\\/safetysourcefire.ca\\\/#organization\"},\"potentialAction\":[{\"@type\":\"SearchAction\",\"target\":{\"@type\":\"EntryPoint\",\"urlTemplate\":\"https:\\\/\\\/safetysourcefire.ca\\\/?s={search_term_string}\"},\"query-input\":{\"@type\":\"PropertyValueSpecification\",\"valueRequired\":true,\"valueName\":\"search_term_string\"}}],\"inLanguage\":\"fr-CA\"},{\"@type\":\"Organization\",\"@id\":\"https:\\\/\\\/safetysourcefire.ca\\\/#organization\",\"name\":\"Safety Source Fire\",\"url\":\"https:\\\/\\\/safetysourcefire.ca\\\/\",\"logo\":{\"@type\":\"ImageObject\",\"inLanguage\":\"fr-CA\",\"@id\":\"https:\\\/\\\/safetysourcefire.ca\\\/#\\\/schema\\\/logo\\\/image\\\/\",\"url\":\"https:\\\/\\\/safetysourcefire.ca\\\/wp-content\\\/uploads\\\/2021\\\/01\\\/SSF_logo_CC0000-3.png\",\"contentUrl\":\"https:\\\/\\\/safetysourcefire.ca\\\/wp-content\\\/uploads\\\/2021\\\/01\\\/SSF_logo_CC0000-3.png\",\"width\":1107,\"height\":365,\"caption\":\"Safety Source Fire\"},\"image\":{\"@id\":\"https:\\\/\\\/safetysourcefire.ca\\\/#\\\/schema\\\/logo\\\/image\\\/\"},\"sameAs\":[\"https:\\\/\\\/www.facebook.com\\\/mmfssca\",\"https:\\\/\\\/x.com\\\/mmfssca\"]}]}<\/script>\n<!-- \/ Yoast SEO plugin. -->","yoast_head_json":{"title":"Quadracup with Grip 1.5\" (38mm) - Safety Source Fire","robots":{"index":"index","follow":"follow","max-snippet":"max-snippet:-1","max-image-preview":"max-image-preview:large","max-video-preview":"max-video-preview:-1"},"canonical":"https:\/\/safetysourcefire.ca\/fr\/?product=quadracup-with-grip-1-5-38mm","og_locale":"fr_CA","og_type":"article","og_title":"Quadracup with Grip 1.5\" (38mm) - Safety Source Fire","og_description":"Selectable gallonage nozzle with four flow settings of 30, 60, 95, and 125 gpm @ 100 psi (110, 230, 360 and 470 l\/min @ 7 bar).","og_url":"https:\/\/safetysourcefire.ca\/fr\/?product=quadracup-with-grip-1-5-38mm","og_site_name":"Safety Source Fire","article_publisher":"https:\/\/www.facebook.com\/mmfssca","article_modified_time":"2020-06-24T16:40:56+00:00","og_image":[{"width":600,"height":600,"url":"https:\/\/safetysourcefire.ca\/wp-content\/uploads\/2017\/06\/FQS125BCP.jpg","type":"image\/jpeg"}],"twitter_card":"summary_large_image","twitter_site":"@mmfssca","twitter_misc":{"Estimation du temps de lecture":"1 minute"},"schema":{"@context":"https:\/\/schema.org","@graph":[{"@type":"WebPage","@id":"https:\/\/safetysourcefire.ca\/?product=quadracup-with-grip-1-5-38mm","url":"https:\/\/safetysourcefire.ca\/?product=quadracup-with-grip-1-5-38mm","name":"Quadracup with Grip 1.5\" (38mm) - Safety Source Fire","isPartOf":{"@id":"https:\/\/safetysourcefire.ca\/#website"},"primaryImageOfPage":{"@id":"https:\/\/safetysourcefire.ca\/?product=quadracup-with-grip-1-5-38mm#primaryimage"},"image":{"@id":"https:\/\/safetysourcefire.ca\/?product=quadracup-with-grip-1-5-38mm#primaryimage"},"thumbnailUrl":"https:\/\/safetysourcefire.ca\/wp-content\/uploads\/2017\/06\/FQS125BCP.jpg","datePublished":"2017-06-13T20:40:06+00:00","dateModified":"2020-06-24T16:40:56+00:00","breadcrumb":{"@id":"https:\/\/safetysourcefire.ca\/?product=quadracup-with-grip-1-5-38mm#breadcrumb"},"inLanguage":"fr-CA","potentialAction":[{"@type":"ReadAction","target":["https:\/\/safetysourcefire.ca\/?product=quadracup-with-grip-1-5-38mm"]}]},{"@type":"ImageObject","inLanguage":"fr-CA","@id":"https:\/\/safetysourcefire.ca\/?product=quadracup-with-grip-1-5-38mm#primaryimage","url":"https:\/\/safetysourcefire.ca\/wp-content\/uploads\/2017\/06\/FQS125BCP.jpg","contentUrl":"https:\/\/safetysourcefire.ca\/wp-content\/uploads\/2017\/06\/FQS125BCP.jpg","width":600,"height":600,"caption":"Quadracup"},{"@type":"BreadcrumbList","@id":"https:\/\/safetysourcefire.ca\/?product=quadracup-with-grip-1-5-38mm#breadcrumb","itemListElement":[{"@type":"ListItem","position":1,"name":"Home","item":"https:\/\/safetysourcefire.ca\/"},{"@type":"ListItem","position":2,"name":"Products","item":"https:\/\/safetysourcefire.ca\/shop\/"},{"@type":"ListItem","position":3,"name":"Quadracup with Grip 1.5&#8243; (38mm)"}]},{"@type":"WebSite","@id":"https:\/\/safetysourcefire.ca\/#website","url":"https:\/\/safetysourcefire.ca\/","name":"Safety Source Fire","description":"","publisher":{"@id":"https:\/\/safetysourcefire.ca\/#organization"},"potentialAction":[{"@type":"SearchAction","target":{"@type":"EntryPoint","urlTemplate":"https:\/\/safetysourcefire.ca\/?s={search_term_string}"},"query-input":{"@type":"PropertyValueSpecification","valueRequired":true,"valueName":"search_term_string"}}],"inLanguage":"fr-CA"},{"@type":"Organization","@id":"https:\/\/safetysourcefire.ca\/#organization","name":"Safety Source Fire","url":"https:\/\/safetysourcefire.ca\/","logo":{"@type":"ImageObject","inLanguage":"fr-CA","@id":"https:\/\/safetysourcefire.ca\/#\/schema\/logo\/image\/","url":"https:\/\/safetysourcefire.ca\/wp-content\/uploads\/2021\/01\/SSF_logo_CC0000-3.png","contentUrl":"https:\/\/safetysourcefire.ca\/wp-content\/uploads\/2021\/01\/SSF_logo_CC0000-3.png","width":1107,"height":365,"caption":"Safety Source Fire"},"image":{"@id":"https:\/\/safetysourcefire.ca\/#\/schema\/logo\/image\/"},"sameAs":["https:\/\/www.facebook.com\/mmfssca","https:\/\/x.com\/mmfssca"]}]}},"_links":{"self":[{"href":"https:\/\/safetysourcefire.ca\/fr\/wp-json\/wp\/v2\/product\/2451","targetHints":{"allow":["GET"]}}],"collection":[{"href":"https:\/\/safetysourcefire.ca\/fr\/wp-json\/wp\/v2\/product"}],"about":[{"href":"https:\/\/safetysourcefire.ca\/fr\/wp-json\/wp\/v2\/types\/product"}],"wp:featuredmedia":[{"embeddable":true,"href":"https:\/\/safetysourcefire.ca\/fr\/wp-json\/wp\/v2\/media\/2573"}],"wp:attachment":[{"href":"https:\/\/safetysourcefire.ca\/fr\/wp-json\/wp\/v2\/media?parent=2451"}],"wp:term":[{"taxonomy":"product_brand","embeddable":true,"href":"https:\/\/safetysourcefire.ca\/fr\/wp-json\/wp\/v2\/product_brand?post=2451"},{"taxonomy":"product_cat","embeddable":true,"href":"https:\/\/safetysourcefire.ca\/fr\/wp-json\/wp\/v2\/product_cat?post=2451"},{"taxonomy":"product_tag","embeddable":true,"href":"https:\/\/safetysourcefire.ca\/fr\/wp-json\/wp\/v2\/product_tag?post=2451"}],"curies":[{"name":"wp","href":"https:\/\/api.w.org\/{rel}","templated":true}]}}