{"id":24815,"date":"2021-04-06T18:27:58","date_gmt":"2021-04-06T18:27:58","guid":{"rendered":"https:\/\/safetysourcefire.ca\/?post_type=product&#038;p=24815"},"modified":"2023-01-18T14:00:35","modified_gmt":"2023-01-18T14:00:35","slug":"the-x2-nfpa-1971-2018-edition","status":"publish","type":"product","link":"https:\/\/safetysourcefire.ca\/fr\/produit\/the-x2-nfpa-1971-2018-edition\/","title":{"rendered":"Gant X2 (\u00e9dition NFPA 1971-2018)"},"content":{"rendered":"<ul>\n<li>Coque ext\u00e9rieure pleine et compl\u00e8tement en cuir naturel<\/li>\n<li>Peau de vache et de porc de premi\u00e8re qualit\u00e9 (Italie)<\/li>\n<li>Aucun tissu utilis\u00e9 sur la coque ext\u00e9rieure. Force de pr\u00e9hension humide in\u00e9gal\u00e9e<\/li>\n<li>Coussinets de pr\u00e9hension anti-usure sur le bout des doigts (incluant le pouce)<\/li>\n<li>Excellente r\u00e9sistance aux coupures\/d\u00e9chirures\/abrasion<\/li>\n<li>Conception ergonomique anatomiquement correcte<\/li>\n<\/ul>\n<p>Caract\u00e9ristiques uniques:<\/p>\n<ul>\n<li>Dext\u00e9rit\u00e9 extr\u00eame sans sacrifier la protection<\/li>\n<li>Capacit\u00e9 \u00e0 rester doux\/souple m\u00eame apr\u00e8s les utilisations r\u00e9p\u00e9t\u00e9es. Le gant ne durcira pas<\/li>\n<li>Adapt\u00e9 \u00e0 l'utilisateur: Le gant prendra la posture unique de la main de l'utilisateur apr\u00e8s une utilisation r\u00e9p\u00e9t\u00e9e<\/li>\n<li>La main peut \u00eatre ins\u00e9r\u00e9e et retir\u00e9e sans effort m\u00eame lorsque le gant et\/ou la main est mouill\u00e9 ou en sueur<\/li>\n<li>La doublure reste intacte (pas de retrait) et est garantie<\/li>\n<li>La paume et le dos de la main (couvrant la plus grande r\u00e9gion des articulations) ont la certification la plus \u00e9lev\u00e9e pouvant \u00eatre obtenue<\/li>\n<li>Cote TPP sup\u00e9rieure \u00e0 60<\/li>\n<li>Toutes les tailles et configurations disponibles et pr\u00eates \u00e0 \u00eatre exp\u00e9di\u00e9es<\/li>\n<li>Chaque paire est emball\u00e9e avec un sac utilitaire r\u00e9utilisable polyvalent et une sangle de gant Velcro<\/li>\n<\/ul>\n<p>Pare-vapeur thermique en ur\u00e9thane\u00a0:<\/p>\n<ul>\n<li>Formulation exclusive sp\u00e9cialement con\u00e7ue pour les pompiers<\/li>\n<li>Coutures soud\u00e9es robotis\u00e9es (non coll\u00e9es)<\/li>\n<li>350% d'allongement avant \u00e9clatement (performance sans m\u00e9moire)<\/li>\n<li>D\u00e9gradation (point de fusion) bien sup\u00e9rieure aux exigences de la NFPA<\/li>\n<li>R\u00e9sistance sup\u00e9rieure \u00e0 la p\u00e9n\u00e9tration des liquides<\/li>\n<li>Plusieurs tailles disponibles pour accomoder divers type de gants<\/li>\n<\/ul>\n<p>Doublure thermique Kovenex\u00a0:<\/p>\n<ul>\n<li>Un tissu r\u00e9volutionnaire fabriqu\u00e9 \u00e0 partir d&#039;un m\u00e9lange sp\u00e9cial brevet\u00e9 de fibres haute performance<\/li>\n<\/ul>\n<p>TAILLE CADET : Les tailles cadet ont la m\u00eame taille de main que le gant de taille normale, mais la longueur des doigts est environ 1\/2\u2033 plus courte que celle du gant de taille normale. Si un gant de grande taille s'adapte bien \u00e0 votre main, mais qu'il y a un espace consid\u00e9rable entre le bout de vos doigts et le bout du gant, un grand gant de cadet pourrait mieux convenir.<\/p>","protected":false},"excerpt":{"rendered":"<p>Le nouveau gant de lutte contre l&#039;incendie structurel phare de Dragon Fire Gloves. Ce gant est conforme \u00e0 la certification UL 2018.<\/p>","protected":false},"featured_media":24816,"template":"","meta":[],"product_brand":[238],"product_cat":[236,50],"product_tag":[280,494],"class_list":{"0":"post-24815","1":"product","2":"type-product","3":"status-publish","4":"has-post-thumbnail","6":"product_brand-dragon-fire","7":"product_cat-gloves","8":"product_cat-personal-protective-equipment","9":"product_tag-dragon-fire","10":"product_tag-dragonfire","12":"first","13":"instock","14":"shipping-taxable","15":"product-type-simple"},"yoast_head":"<!-- This site is optimized with the Yoast SEO plugin v27.4 - https:\/\/yoast.com\/product\/yoast-seo-wordpress\/ -->\n<title>The X2 (NFPA 1971-2018 Edition) - Safety Source Fire<\/title>\n<meta name=\"robots\" content=\"index, follow, max-snippet:-1, max-image-preview:large, max-video-preview:-1\" \/>\n<link rel=\"canonical\" href=\"https:\/\/safetysourcefire.ca\/fr\/?product=the-x2-nfpa-1971-2018-edition\" \/>\n<meta property=\"og:locale\" content=\"fr_CA\" \/>\n<meta property=\"og:type\" content=\"article\" \/>\n<meta property=\"og:title\" content=\"The X2 (NFPA 1971-2018 Edition) - Safety Source Fire\" \/>\n<meta property=\"og:description\" content=\"The new flagship structural firefighting glove from Dragon Fire Gloves. This glove is in compliance with UL&#039;s 2018 certification.\" \/>\n<meta property=\"og:url\" content=\"https:\/\/safetysourcefire.ca\/fr\/?product=the-x2-nfpa-1971-2018-edition\" \/>\n<meta property=\"og:site_name\" content=\"Safety Source Fire\" \/>\n<meta property=\"article:publisher\" content=\"https:\/\/www.facebook.com\/mmfssca\" \/>\n<meta property=\"article:modified_time\" content=\"2023-01-18T14:00:35+00:00\" \/>\n<meta property=\"og:image\" content=\"https:\/\/safetysourcefire.ca\/wp-content\/uploads\/2021\/04\/X2.jpg\" \/>\n\t<meta property=\"og:image:width\" content=\"600\" \/>\n\t<meta property=\"og:image:height\" content=\"600\" \/>\n\t<meta property=\"og:image:type\" content=\"image\/jpeg\" \/>\n<meta name=\"twitter:card\" content=\"summary_large_image\" \/>\n<meta name=\"twitter:site\" content=\"@mmfssca\" \/>\n<meta name=\"twitter:label1\" content=\"Estimation du temps de lecture\" \/>\n\t<meta name=\"twitter:data1\" content=\"2 minutes\" \/>\n<script type=\"application\/ld+json\" class=\"yoast-schema-graph\">{\"@context\":\"https:\\\/\\\/schema.org\",\"@graph\":[{\"@type\":\"WebPage\",\"@id\":\"https:\\\/\\\/safetysourcefire.ca\\\/?product=the-x2-nfpa-1971-2018-edition\",\"url\":\"https:\\\/\\\/safetysourcefire.ca\\\/?product=the-x2-nfpa-1971-2018-edition\",\"name\":\"The X2 (NFPA 1971-2018 Edition) - Safety Source Fire\",\"isPartOf\":{\"@id\":\"https:\\\/\\\/safetysourcefire.ca\\\/#website\"},\"primaryImageOfPage\":{\"@id\":\"https:\\\/\\\/safetysourcefire.ca\\\/?product=the-x2-nfpa-1971-2018-edition#primaryimage\"},\"image\":{\"@id\":\"https:\\\/\\\/safetysourcefire.ca\\\/?product=the-x2-nfpa-1971-2018-edition#primaryimage\"},\"thumbnailUrl\":\"https:\\\/\\\/safetysourcefire.ca\\\/wp-content\\\/uploads\\\/2021\\\/04\\\/X2.jpg\",\"datePublished\":\"2021-04-06T18:27:58+00:00\",\"dateModified\":\"2023-01-18T14:00:35+00:00\",\"breadcrumb\":{\"@id\":\"https:\\\/\\\/safetysourcefire.ca\\\/?product=the-x2-nfpa-1971-2018-edition#breadcrumb\"},\"inLanguage\":\"fr-CA\",\"potentialAction\":[{\"@type\":\"ReadAction\",\"target\":[\"https:\\\/\\\/safetysourcefire.ca\\\/?product=the-x2-nfpa-1971-2018-edition\"]}]},{\"@type\":\"ImageObject\",\"inLanguage\":\"fr-CA\",\"@id\":\"https:\\\/\\\/safetysourcefire.ca\\\/?product=the-x2-nfpa-1971-2018-edition#primaryimage\",\"url\":\"https:\\\/\\\/safetysourcefire.ca\\\/wp-content\\\/uploads\\\/2021\\\/04\\\/X2.jpg\",\"contentUrl\":\"https:\\\/\\\/safetysourcefire.ca\\\/wp-content\\\/uploads\\\/2021\\\/04\\\/X2.jpg\",\"width\":600,\"height\":600,\"caption\":\"glove\"},{\"@type\":\"BreadcrumbList\",\"@id\":\"https:\\\/\\\/safetysourcefire.ca\\\/?product=the-x2-nfpa-1971-2018-edition#breadcrumb\",\"itemListElement\":[{\"@type\":\"ListItem\",\"position\":1,\"name\":\"Home\",\"item\":\"https:\\\/\\\/safetysourcefire.ca\\\/\"},{\"@type\":\"ListItem\",\"position\":2,\"name\":\"Products\",\"item\":\"https:\\\/\\\/safetysourcefire.ca\\\/shop\\\/\"},{\"@type\":\"ListItem\",\"position\":3,\"name\":\"The X2 (NFPA 1971-2018 Edition)\"}]},{\"@type\":\"WebSite\",\"@id\":\"https:\\\/\\\/safetysourcefire.ca\\\/#website\",\"url\":\"https:\\\/\\\/safetysourcefire.ca\\\/\",\"name\":\"Safety Source Fire\",\"description\":\"\",\"publisher\":{\"@id\":\"https:\\\/\\\/safetysourcefire.ca\\\/#organization\"},\"potentialAction\":[{\"@type\":\"SearchAction\",\"target\":{\"@type\":\"EntryPoint\",\"urlTemplate\":\"https:\\\/\\\/safetysourcefire.ca\\\/?s={search_term_string}\"},\"query-input\":{\"@type\":\"PropertyValueSpecification\",\"valueRequired\":true,\"valueName\":\"search_term_string\"}}],\"inLanguage\":\"fr-CA\"},{\"@type\":\"Organization\",\"@id\":\"https:\\\/\\\/safetysourcefire.ca\\\/#organization\",\"name\":\"Safety Source Fire\",\"url\":\"https:\\\/\\\/safetysourcefire.ca\\\/\",\"logo\":{\"@type\":\"ImageObject\",\"inLanguage\":\"fr-CA\",\"@id\":\"https:\\\/\\\/safetysourcefire.ca\\\/#\\\/schema\\\/logo\\\/image\\\/\",\"url\":\"https:\\\/\\\/safetysourcefire.ca\\\/wp-content\\\/uploads\\\/2021\\\/01\\\/SSF_logo_CC0000-3.png\",\"contentUrl\":\"https:\\\/\\\/safetysourcefire.ca\\\/wp-content\\\/uploads\\\/2021\\\/01\\\/SSF_logo_CC0000-3.png\",\"width\":1107,\"height\":365,\"caption\":\"Safety Source Fire\"},\"image\":{\"@id\":\"https:\\\/\\\/safetysourcefire.ca\\\/#\\\/schema\\\/logo\\\/image\\\/\"},\"sameAs\":[\"https:\\\/\\\/www.facebook.com\\\/mmfssca\",\"https:\\\/\\\/x.com\\\/mmfssca\"]}]}<\/script>\n<!-- \/ Yoast SEO plugin. -->","yoast_head_json":{"title":"Le X2 (NFPA 1971-2018 Edition) - Source de s\u00e9curit\u00e9 incendie","robots":{"index":"index","follow":"follow","max-snippet":"max-snippet:-1","max-image-preview":"max-image-preview:large","max-video-preview":"max-video-preview:-1"},"canonical":"https:\/\/safetysourcefire.ca\/fr\/?product=the-x2-nfpa-1971-2018-edition","og_locale":"fr_CA","og_type":"article","og_title":"The X2 (NFPA 1971-2018 Edition) - Safety Source Fire","og_description":"The new flagship structural firefighting glove from Dragon Fire Gloves. This glove is in compliance with UL's 2018 certification.","og_url":"https:\/\/safetysourcefire.ca\/fr\/?product=the-x2-nfpa-1971-2018-edition","og_site_name":"Safety Source Fire","article_publisher":"https:\/\/www.facebook.com\/mmfssca","article_modified_time":"2023-01-18T14:00:35+00:00","og_image":[{"width":600,"height":600,"url":"https:\/\/safetysourcefire.ca\/wp-content\/uploads\/2021\/04\/X2.jpg","type":"image\/jpeg"}],"twitter_card":"summary_large_image","twitter_site":"@mmfssca","twitter_misc":{"Estimation du temps de lecture":"2 minutes"},"schema":{"@context":"https:\/\/schema.org","@graph":[{"@type":"WebPage","@id":"https:\/\/safetysourcefire.ca\/?product=the-x2-nfpa-1971-2018-edition","url":"https:\/\/safetysourcefire.ca\/?product=the-x2-nfpa-1971-2018-edition","name":"Le X2 (NFPA 1971-2018 Edition) - Source de s\u00e9curit\u00e9 incendie","isPartOf":{"@id":"https:\/\/safetysourcefire.ca\/#website"},"primaryImageOfPage":{"@id":"https:\/\/safetysourcefire.ca\/?product=the-x2-nfpa-1971-2018-edition#primaryimage"},"image":{"@id":"https:\/\/safetysourcefire.ca\/?product=the-x2-nfpa-1971-2018-edition#primaryimage"},"thumbnailUrl":"https:\/\/safetysourcefire.ca\/wp-content\/uploads\/2021\/04\/X2.jpg","datePublished":"2021-04-06T18:27:58+00:00","dateModified":"2023-01-18T14:00:35+00:00","breadcrumb":{"@id":"https:\/\/safetysourcefire.ca\/?product=the-x2-nfpa-1971-2018-edition#breadcrumb"},"inLanguage":"fr-CA","potentialAction":[{"@type":"ReadAction","target":["https:\/\/safetysourcefire.ca\/?product=the-x2-nfpa-1971-2018-edition"]}]},{"@type":"ImageObject","inLanguage":"fr-CA","@id":"https:\/\/safetysourcefire.ca\/?product=the-x2-nfpa-1971-2018-edition#primaryimage","url":"https:\/\/safetysourcefire.ca\/wp-content\/uploads\/2021\/04\/X2.jpg","contentUrl":"https:\/\/safetysourcefire.ca\/wp-content\/uploads\/2021\/04\/X2.jpg","width":600,"height":600,"caption":"glove"},{"@type":"BreadcrumbList","@id":"https:\/\/safetysourcefire.ca\/?product=the-x2-nfpa-1971-2018-edition#breadcrumb","itemListElement":[{"@type":"ListItem","position":1,"name":"Home","item":"https:\/\/safetysourcefire.ca\/"},{"@type":"ListItem","position":2,"name":"Products","item":"https:\/\/safetysourcefire.ca\/shop\/"},{"@type":"ListItem","position":3,"name":"The X2 (NFPA 1971-2018 Edition)"}]},{"@type":"WebSite","@id":"https:\/\/safetysourcefire.ca\/#website","url":"https:\/\/safetysourcefire.ca\/","name":"Safety Source Fire","description":"","publisher":{"@id":"https:\/\/safetysourcefire.ca\/#organization"},"potentialAction":[{"@type":"SearchAction","target":{"@type":"EntryPoint","urlTemplate":"https:\/\/safetysourcefire.ca\/?s={search_term_string}"},"query-input":{"@type":"PropertyValueSpecification","valueRequired":true,"valueName":"search_term_string"}}],"inLanguage":"fr-CA"},{"@type":"Organization","@id":"https:\/\/safetysourcefire.ca\/#organization","name":"Safety Source Fire","url":"https:\/\/safetysourcefire.ca\/","logo":{"@type":"ImageObject","inLanguage":"fr-CA","@id":"https:\/\/safetysourcefire.ca\/#\/schema\/logo\/image\/","url":"https:\/\/safetysourcefire.ca\/wp-content\/uploads\/2021\/01\/SSF_logo_CC0000-3.png","contentUrl":"https:\/\/safetysourcefire.ca\/wp-content\/uploads\/2021\/01\/SSF_logo_CC0000-3.png","width":1107,"height":365,"caption":"Safety Source Fire"},"image":{"@id":"https:\/\/safetysourcefire.ca\/#\/schema\/logo\/image\/"},"sameAs":["https:\/\/www.facebook.com\/mmfssca","https:\/\/x.com\/mmfssca"]}]}},"_links":{"self":[{"href":"https:\/\/safetysourcefire.ca\/fr\/wp-json\/wp\/v2\/product\/24815","targetHints":{"allow":["GET"]}}],"collection":[{"href":"https:\/\/safetysourcefire.ca\/fr\/wp-json\/wp\/v2\/product"}],"about":[{"href":"https:\/\/safetysourcefire.ca\/fr\/wp-json\/wp\/v2\/types\/product"}],"wp:featuredmedia":[{"embeddable":true,"href":"https:\/\/safetysourcefire.ca\/fr\/wp-json\/wp\/v2\/media\/24816"}],"wp:attachment":[{"href":"https:\/\/safetysourcefire.ca\/fr\/wp-json\/wp\/v2\/media?parent=24815"}],"wp:term":[{"taxonomy":"product_brand","embeddable":true,"href":"https:\/\/safetysourcefire.ca\/fr\/wp-json\/wp\/v2\/product_brand?post=24815"},{"taxonomy":"product_cat","embeddable":true,"href":"https:\/\/safetysourcefire.ca\/fr\/wp-json\/wp\/v2\/product_cat?post=24815"},{"taxonomy":"product_tag","embeddable":true,"href":"https:\/\/safetysourcefire.ca\/fr\/wp-json\/wp\/v2\/product_tag?post=24815"}],"curies":[{"name":"wp","href":"https:\/\/api.w.org\/{rel}","templated":true}]}}