{"id":24820,"date":"2021-04-06T18:54:07","date_gmt":"2021-04-06T18:54:07","guid":{"rendered":"https:\/\/safetysourcefire.ca\/?post_type=product&#038;p=24820"},"modified":"2023-01-09T14:37:52","modified_gmt":"2023-01-09T14:37:52","slug":"redzone-contaminant-control-package","status":"publish","type":"product","link":"https:\/\/safetysourcefire.ca\/fr\/produit\/redzone-contaminant-control-package\/","title":{"rendered":"Ensemble de contr\u00f4le des contaminants RedZone \u2122"},"content":{"rendered":"<p><strong>BAS\u00c9 SUR LA RECHERCHE, AX\u00c9 SUR LA S\u00c9CURIT\u00c9<\/strong><\/p>\n<p style=\"padding-left: 40px;\">L'ensemble de contr\u00f4le des contaminants RedZone d\u00e9velopp\u00e9 en partenariat avec le Department of Homeland Security (DHS), la Technology Directorate (S&amp;T) et le North Carolina State University Textile Protection and Comfort Center (TPACC). D\u00e9sormais disponible dans un mod\u00e8le pour les combattant de flammes de Starfield LION. Les tests montrent que RedZone bloque les particules dans les zones d'interface, offrant aux pompiers une couche de protection suppl\u00e9mentaire contre les particules dangereuses contenues dans la fum\u00e9e et la suie.<\/p>\n<p><strong>M\u00caME CONFORT, PROTECTION SUPPL\u00c9MENTAIRE<\/strong><\/p>\n<p style=\"padding-left: 40px;\">Offre le m\u00eame niveau d'ajustement, de mobilit\u00e9 et de confort que l'\u00e9quipement d'entra\u00eenement Flame Fighter, mais avec une protection suppl\u00e9mentaire contre l'exposition aux particules.<\/p>\n<p><strong>PAS DE CHALEUR SUPPL\u00c9MENTAIRE, PAS DE SOUCI D'ENFILAGE ET DE RETRAIT<\/strong><\/p>\n<p style=\"padding-left: 40px;\">Pas de stress thermique suppl\u00e9mentaire ni d'\u00e9tapes compliqu\u00e9es pour l'enfilage et le retrait. Mise \u00e0 niveau bient\u00f4t disponible pour les \u00e9quipements actuels de combattant de flammes<\/p>\n<p><strong>PROTECTION DE CONFIANCE<\/strong><\/p>\n<p style=\"padding-left: 40px;\">Test\u00e9s selon les m\u00e9thodes d\u00e9finies par la National Fire Protection Association (NFPA) 1971 (\u00e9dition 2018 Norme facultative pour les ensembles de protection contre les liquides et les particules). Underwriters Laboratories (UL) a v\u00e9rifi\u00e9 que l'ensemble Redzone du mod\u00e8le V-Force de LION ne pr\u00e9sentait aucune infiltration au niveau de la couche de protection, des pantalons, des gants, des bottes et des fermetures. Pour conna\u00eetre tous les d\u00e9tails des proc\u00e9dures et des r\u00e9sultats, visitez : https:\/\/verify.ul.com\/verifications\/237. NFPA 1971. N.B. \nLes tests facultatifs pour la protection contre les particules de l'ensemble Redzone dans le Flame Fighter n'ont pas \u00e9t\u00e9 effectu\u00e9s, mais contiennent des caract\u00e9ristiques \u00e9quivalentes.<\/p>\n<p><a href=\"https:\/\/f.hubspotusercontent20.net\/hubfs\/3475623\/Brochures\/LION%20RedZone%20Package%20Brochure%20(6-20)%20V2.pdf\">T\u00e9l\u00e9charger la brochure<\/a><\/p>\n<p>&nbsp;<\/p>\n<p><iframe loading=\"lazy\" title=\"lecteur vid\u00e9o YouTube\" src=\"https:\/\/www.youtube.com\/embed\/OlO8nVfBwPs\" width=\"560\" height=\"315\" frameborder=\"0\" allowfullscreen=\"allowfullscreen\"><\/iframe><\/p>\n<p>ENTREZ MAINTENANT DANS LA ZONE ROUGE (REDZONE\u2122)<\/p>\n<p>ZONE 1\u00a0: CAGOULE ANTI-PARTICULES<br \/>\nUne cagoule respirante et ultra-douce StedAir\u00ae PREVENT prot\u00e8ge la t\u00eate et le cou des particules, tout en offrant une excellente mobilit\u00e9 et une audition sans restriction.<\/p>\n<p>ZONE 2\u00a0: PROT\u00c8GE-BRAS<br \/>\nProt\u00e8ge-poignets \u00e9lastiques et poignets en tricot IsoDri\u00ae am\u00e9lior\u00e9s avec DuPont\u2122 Nomex\u00ae Nano Flex bloquent les particules \u00e0 l'intersection manteau-gant.<\/p>\n<p>ZONE 3\u00a0: GARDE CORPS<br \/>\nUn composite multicouche DuPont\u2122 Nomex\u00ae Nano avec bande \u00e9lastique bloque la p\u00e9n\u00e9tration de particules \u00e0 la jonction manteau-pantalon. Le ''Core Guard'' est \u00e9galement dot\u00e9 de la technologie Glide Black Ice\u2122 \u00e0 faible friction exclusive chez LION.<\/p>\n<p>ZONE 4 : FERMETURE SCELL\u00c9E<br \/>\nS'engage avec une seule fermeture \u00e9clair. Aucune \u00e9tape suppl\u00e9mentaire pour enfiler l'\u00e9quipement. Le crochet et la boucle rouges indiquent quand le manteau est correctement ferm\u00e9.<\/p>\n<p>ZONE 5\u00a0: PROT\u00c8GE-JAMBES<br \/>\nEnsemble, le prot\u00e8ge-cheville \u00e9lastique et le prot\u00e8ge-mollet DuPont\u2122 Nomex\u00ae Nano Flex bloquent la p\u00e9n\u00e9tration de particules au niveau de l&#039;interface pantalon-botte.<\/p>","protected":false},"excerpt":{"rendered":"<p>\u00c9quipement de protection anti-particules<\/p>","protected":false},"featured_media":27272,"template":"","meta":[],"product_brand":[233],"product_cat":[120,50],"product_tag":[395],"class_list":{"0":"post-24820","1":"product","2":"type-product","3":"status-publish","4":"has-post-thumbnail","6":"product_brand-starfield-lion","7":"product_cat-bunker-gear","8":"product_cat-personal-protective-equipment","9":"product_tag-starfield-lion","11":"first","12":"instock","13":"shipping-taxable","14":"product-type-simple"},"yoast_head":"<!-- This site is optimized with the Yoast SEO plugin v27.4 - https:\/\/yoast.com\/product\/yoast-seo-wordpress\/ -->\n<title>RedZone\u2122 Contaminant Control Package - Safety Source Fire<\/title>\n<meta name=\"robots\" content=\"index, follow, max-snippet:-1, max-image-preview:large, max-video-preview:-1\" \/>\n<link rel=\"canonical\" href=\"https:\/\/safetysourcefire.ca\/fr\/?product=redzone-contaminant-control-package\" \/>\n<meta property=\"og:locale\" content=\"fr_CA\" \/>\n<meta property=\"og:type\" content=\"article\" \/>\n<meta property=\"og:title\" content=\"RedZone\u2122 Contaminant Control Package - Safety Source Fire\" \/>\n<meta property=\"og:description\" content=\"Particulate-blocking bunker gear\" \/>\n<meta property=\"og:url\" content=\"https:\/\/safetysourcefire.ca\/fr\/?product=redzone-contaminant-control-package\" \/>\n<meta property=\"og:site_name\" content=\"Safety Source Fire\" \/>\n<meta property=\"article:publisher\" content=\"https:\/\/www.facebook.com\/mmfssca\" \/>\n<meta property=\"article:modified_time\" content=\"2023-01-09T14:37:52+00:00\" \/>\n<meta property=\"og:image\" content=\"https:\/\/safetysourcefire.ca\/wp-content\/uploads\/2021\/05\/redzone.jpg\" \/>\n\t<meta property=\"og:image:width\" content=\"600\" \/>\n\t<meta property=\"og:image:height\" content=\"600\" \/>\n\t<meta property=\"og:image:type\" content=\"image\/jpeg\" \/>\n<meta name=\"twitter:card\" content=\"summary_large_image\" \/>\n<meta name=\"twitter:site\" content=\"@mmfssca\" \/>\n<meta name=\"twitter:label1\" content=\"Estimation du temps de lecture\" \/>\n\t<meta name=\"twitter:data1\" content=\"2 minutes\" \/>\n<script type=\"application\/ld+json\" class=\"yoast-schema-graph\">{\"@context\":\"https:\\\/\\\/schema.org\",\"@graph\":[{\"@type\":\"WebPage\",\"@id\":\"https:\\\/\\\/safetysourcefire.ca\\\/?product=redzone-contaminant-control-package\",\"url\":\"https:\\\/\\\/safetysourcefire.ca\\\/?product=redzone-contaminant-control-package\",\"name\":\"RedZone\u2122 Contaminant Control Package - Safety Source Fire\",\"isPartOf\":{\"@id\":\"https:\\\/\\\/safetysourcefire.ca\\\/#website\"},\"primaryImageOfPage\":{\"@id\":\"https:\\\/\\\/safetysourcefire.ca\\\/?product=redzone-contaminant-control-package#primaryimage\"},\"image\":{\"@id\":\"https:\\\/\\\/safetysourcefire.ca\\\/?product=redzone-contaminant-control-package#primaryimage\"},\"thumbnailUrl\":\"https:\\\/\\\/safetysourcefire.ca\\\/wp-content\\\/uploads\\\/2021\\\/05\\\/redzone.jpg\",\"datePublished\":\"2021-04-06T18:54:07+00:00\",\"dateModified\":\"2023-01-09T14:37:52+00:00\",\"breadcrumb\":{\"@id\":\"https:\\\/\\\/safetysourcefire.ca\\\/?product=redzone-contaminant-control-package#breadcrumb\"},\"inLanguage\":\"fr-CA\",\"potentialAction\":[{\"@type\":\"ReadAction\",\"target\":[\"https:\\\/\\\/safetysourcefire.ca\\\/?product=redzone-contaminant-control-package\"]}]},{\"@type\":\"ImageObject\",\"inLanguage\":\"fr-CA\",\"@id\":\"https:\\\/\\\/safetysourcefire.ca\\\/?product=redzone-contaminant-control-package#primaryimage\",\"url\":\"https:\\\/\\\/safetysourcefire.ca\\\/wp-content\\\/uploads\\\/2021\\\/05\\\/redzone.jpg\",\"contentUrl\":\"https:\\\/\\\/safetysourcefire.ca\\\/wp-content\\\/uploads\\\/2021\\\/05\\\/redzone.jpg\",\"width\":600,\"height\":600,\"caption\":\"man in bunker suit\"},{\"@type\":\"BreadcrumbList\",\"@id\":\"https:\\\/\\\/safetysourcefire.ca\\\/?product=redzone-contaminant-control-package#breadcrumb\",\"itemListElement\":[{\"@type\":\"ListItem\",\"position\":1,\"name\":\"Home\",\"item\":\"https:\\\/\\\/safetysourcefire.ca\\\/\"},{\"@type\":\"ListItem\",\"position\":2,\"name\":\"Products\",\"item\":\"https:\\\/\\\/safetysourcefire.ca\\\/shop\\\/\"},{\"@type\":\"ListItem\",\"position\":3,\"name\":\"RedZone\u2122 Contaminant Control Package\"}]},{\"@type\":\"WebSite\",\"@id\":\"https:\\\/\\\/safetysourcefire.ca\\\/#website\",\"url\":\"https:\\\/\\\/safetysourcefire.ca\\\/\",\"name\":\"Safety Source Fire\",\"description\":\"\",\"publisher\":{\"@id\":\"https:\\\/\\\/safetysourcefire.ca\\\/#organization\"},\"potentialAction\":[{\"@type\":\"SearchAction\",\"target\":{\"@type\":\"EntryPoint\",\"urlTemplate\":\"https:\\\/\\\/safetysourcefire.ca\\\/?s={search_term_string}\"},\"query-input\":{\"@type\":\"PropertyValueSpecification\",\"valueRequired\":true,\"valueName\":\"search_term_string\"}}],\"inLanguage\":\"fr-CA\"},{\"@type\":\"Organization\",\"@id\":\"https:\\\/\\\/safetysourcefire.ca\\\/#organization\",\"name\":\"Safety Source Fire\",\"url\":\"https:\\\/\\\/safetysourcefire.ca\\\/\",\"logo\":{\"@type\":\"ImageObject\",\"inLanguage\":\"fr-CA\",\"@id\":\"https:\\\/\\\/safetysourcefire.ca\\\/#\\\/schema\\\/logo\\\/image\\\/\",\"url\":\"https:\\\/\\\/safetysourcefire.ca\\\/wp-content\\\/uploads\\\/2021\\\/01\\\/SSF_logo_CC0000-3.png\",\"contentUrl\":\"https:\\\/\\\/safetysourcefire.ca\\\/wp-content\\\/uploads\\\/2021\\\/01\\\/SSF_logo_CC0000-3.png\",\"width\":1107,\"height\":365,\"caption\":\"Safety Source Fire\"},\"image\":{\"@id\":\"https:\\\/\\\/safetysourcefire.ca\\\/#\\\/schema\\\/logo\\\/image\\\/\"},\"sameAs\":[\"https:\\\/\\\/www.facebook.com\\\/mmfssca\",\"https:\\\/\\\/x.com\\\/mmfssca\"]}]}<\/script>\n<!-- \/ Yoast SEO plugin. -->","yoast_head_json":{"title":"Ensemble de contr\u00f4le des contaminants RedZone\u2122 - Incendie \u00e0 source de s\u00e9curit\u00e9","robots":{"index":"index","follow":"follow","max-snippet":"max-snippet:-1","max-image-preview":"max-image-preview:large","max-video-preview":"max-video-preview:-1"},"canonical":"https:\/\/safetysourcefire.ca\/fr\/?product=redzone-contaminant-control-package","og_locale":"fr_CA","og_type":"article","og_title":"RedZone\u2122 Contaminant Control Package - Safety Source Fire","og_description":"Particulate-blocking bunker gear","og_url":"https:\/\/safetysourcefire.ca\/fr\/?product=redzone-contaminant-control-package","og_site_name":"Safety Source Fire","article_publisher":"https:\/\/www.facebook.com\/mmfssca","article_modified_time":"2023-01-09T14:37:52+00:00","og_image":[{"width":600,"height":600,"url":"https:\/\/safetysourcefire.ca\/wp-content\/uploads\/2021\/05\/redzone.jpg","type":"image\/jpeg"}],"twitter_card":"summary_large_image","twitter_site":"@mmfssca","twitter_misc":{"Estimation du temps de lecture":"2 minutes"},"schema":{"@context":"https:\/\/schema.org","@graph":[{"@type":"WebPage","@id":"https:\/\/safetysourcefire.ca\/?product=redzone-contaminant-control-package","url":"https:\/\/safetysourcefire.ca\/?product=redzone-contaminant-control-package","name":"Ensemble de contr\u00f4le des contaminants RedZone\u2122 - Incendie \u00e0 source de s\u00e9curit\u00e9","isPartOf":{"@id":"https:\/\/safetysourcefire.ca\/#website"},"primaryImageOfPage":{"@id":"https:\/\/safetysourcefire.ca\/?product=redzone-contaminant-control-package#primaryimage"},"image":{"@id":"https:\/\/safetysourcefire.ca\/?product=redzone-contaminant-control-package#primaryimage"},"thumbnailUrl":"https:\/\/safetysourcefire.ca\/wp-content\/uploads\/2021\/05\/redzone.jpg","datePublished":"2021-04-06T18:54:07+00:00","dateModified":"2023-01-09T14:37:52+00:00","breadcrumb":{"@id":"https:\/\/safetysourcefire.ca\/?product=redzone-contaminant-control-package#breadcrumb"},"inLanguage":"fr-CA","potentialAction":[{"@type":"ReadAction","target":["https:\/\/safetysourcefire.ca\/?product=redzone-contaminant-control-package"]}]},{"@type":"ImageObject","inLanguage":"fr-CA","@id":"https:\/\/safetysourcefire.ca\/?product=redzone-contaminant-control-package#primaryimage","url":"https:\/\/safetysourcefire.ca\/wp-content\/uploads\/2021\/05\/redzone.jpg","contentUrl":"https:\/\/safetysourcefire.ca\/wp-content\/uploads\/2021\/05\/redzone.jpg","width":600,"height":600,"caption":"man in bunker suit"},{"@type":"BreadcrumbList","@id":"https:\/\/safetysourcefire.ca\/?product=redzone-contaminant-control-package#breadcrumb","itemListElement":[{"@type":"ListItem","position":1,"name":"Home","item":"https:\/\/safetysourcefire.ca\/"},{"@type":"ListItem","position":2,"name":"Products","item":"https:\/\/safetysourcefire.ca\/shop\/"},{"@type":"ListItem","position":3,"name":"RedZone\u2122 Contaminant Control Package"}]},{"@type":"WebSite","@id":"https:\/\/safetysourcefire.ca\/#website","url":"https:\/\/safetysourcefire.ca\/","name":"Safety Source Fire","description":"","publisher":{"@id":"https:\/\/safetysourcefire.ca\/#organization"},"potentialAction":[{"@type":"SearchAction","target":{"@type":"EntryPoint","urlTemplate":"https:\/\/safetysourcefire.ca\/?s={search_term_string}"},"query-input":{"@type":"PropertyValueSpecification","valueRequired":true,"valueName":"search_term_string"}}],"inLanguage":"fr-CA"},{"@type":"Organization","@id":"https:\/\/safetysourcefire.ca\/#organization","name":"Safety Source Fire","url":"https:\/\/safetysourcefire.ca\/","logo":{"@type":"ImageObject","inLanguage":"fr-CA","@id":"https:\/\/safetysourcefire.ca\/#\/schema\/logo\/image\/","url":"https:\/\/safetysourcefire.ca\/wp-content\/uploads\/2021\/01\/SSF_logo_CC0000-3.png","contentUrl":"https:\/\/safetysourcefire.ca\/wp-content\/uploads\/2021\/01\/SSF_logo_CC0000-3.png","width":1107,"height":365,"caption":"Safety Source Fire"},"image":{"@id":"https:\/\/safetysourcefire.ca\/#\/schema\/logo\/image\/"},"sameAs":["https:\/\/www.facebook.com\/mmfssca","https:\/\/x.com\/mmfssca"]}]}},"_links":{"self":[{"href":"https:\/\/safetysourcefire.ca\/fr\/wp-json\/wp\/v2\/product\/24820","targetHints":{"allow":["GET"]}}],"collection":[{"href":"https:\/\/safetysourcefire.ca\/fr\/wp-json\/wp\/v2\/product"}],"about":[{"href":"https:\/\/safetysourcefire.ca\/fr\/wp-json\/wp\/v2\/types\/product"}],"wp:featuredmedia":[{"embeddable":true,"href":"https:\/\/safetysourcefire.ca\/fr\/wp-json\/wp\/v2\/media\/27272"}],"wp:attachment":[{"href":"https:\/\/safetysourcefire.ca\/fr\/wp-json\/wp\/v2\/media?parent=24820"}],"wp:term":[{"taxonomy":"product_brand","embeddable":true,"href":"https:\/\/safetysourcefire.ca\/fr\/wp-json\/wp\/v2\/product_brand?post=24820"},{"taxonomy":"product_cat","embeddable":true,"href":"https:\/\/safetysourcefire.ca\/fr\/wp-json\/wp\/v2\/product_cat?post=24820"},{"taxonomy":"product_tag","embeddable":true,"href":"https:\/\/safetysourcefire.ca\/fr\/wp-json\/wp\/v2\/product_tag?post=24820"}],"curies":[{"name":"wp","href":"https:\/\/api.w.org\/{rel}","templated":true}]}}