{"id":24822,"date":"2021-04-06T19:18:26","date_gmt":"2021-04-06T19:18:26","guid":{"rendered":"https:\/\/safetysourcefire.ca\/?post_type=product&#038;p=24822"},"modified":"2021-04-16T19:17:56","modified_gmt":"2021-04-16T19:17:56","slug":"kl200-particulate-blocking-hood","status":"publish","type":"product","link":"https:\/\/safetysourcefire.ca\/fr\/produit\/kl200-particulate-blocking-hood\/","title":{"rendered":"Cagoule anti-particules KL200"},"content":{"rendered":"<p>La cagoule anti-particules KL200 offre une protection suppl\u00e9mentaire contre les particules de fum\u00e9e et de suie avec une respirabilit\u00e9 exceptionnelle, une perm\u00e9abilit\u00e9 \u00e0 l'air accrue et une construction unique qui facilite le mouvement et la flexibilit\u00e9. Cette cagoule minimise le stress thermique tout en r\u00e9duisant l'exposition aux particules, offrant une protection suppl\u00e9mentaire aux pompiers.<\/p>\n<p>Fonctionnalit\u00e9s:<\/p>\n<ul>\n<li>Construction \u00e0 2 couches<\/li>\n<li>Couche externe : 49% Kermel\/49% Lenzing FR\/2% Spandex<\/li>\n<li>Couche int\u00e9rieure : Steadfast Stedair Prevent<\/li>\n<li>Mati\u00e8re : tricot \u00e0 c\u00f4tes extensible<\/li>\n<li>TPP tel que re\u00e7u\u00a0: 29,6<\/li>\n<li>TPP apr\u00e8s 5 lavages\/s\u00e9chage : 36,9<\/li>\n<li>Capuche pleine grandeur<\/li>\n<li>Conception de bavoir long<\/li>\n<li>Coutures plates\u00a0: cr\u00e9e des coutures lisses pr\u00e8s de la peau et sous les sangles du casque<\/li>\n<li>Ouverture faciale EasySeal\u2122 pour enfilages et retraits faciles<\/li>\n<li>\u00c9tiquettes cousues sur les 4 c\u00f4t\u00e9s<\/li>\n<li>Certifi\u00e9 NFPA1971-2018<\/li>\n<\/ul>","protected":false},"excerpt":{"rendered":"<p>Les pompiers travaillent dans des environnements hostiles incluant l'exposition \u00e0 de nombreux dangers comme la fum\u00e9e et les particules de suie qui sont des canc\u00e9rog\u00e8nes, hautement toxiques et peuvent \u00eatre absorb\u00e9s par la peau.<br \/>\nAfin de pouvoir se concentrer sur les t\u00e2ches, les pompiers ont donc besoin d'\u00e9quipements qui offrent protection et confort.<\/p>","protected":false},"featured_media":24823,"template":"","meta":[],"product_brand":[495],"product_cat":[125,50],"product_tag":[],"class_list":{"0":"post-24822","1":"product","2":"type-product","3":"status-publish","4":"has-post-thumbnail","6":"product_brand-lifeliners-by-stanfields","7":"product_cat-hoods","8":"product_cat-personal-protective-equipment","10":"first","11":"instock","12":"shipping-taxable","13":"product-type-simple"},"yoast_head":"<!-- This site is optimized with the Yoast SEO plugin v27.4 - https:\/\/yoast.com\/product\/yoast-seo-wordpress\/ -->\n<title>KL200 Particulate Blocking Hood - Safety Source Fire<\/title>\n<meta name=\"robots\" content=\"index, follow, max-snippet:-1, max-image-preview:large, max-video-preview:-1\" \/>\n<link rel=\"canonical\" href=\"https:\/\/safetysourcefire.ca\/fr\/?product=kl200-particulate-blocking-hood\" \/>\n<meta property=\"og:locale\" content=\"fr_CA\" \/>\n<meta property=\"og:type\" content=\"article\" \/>\n<meta property=\"og:title\" content=\"KL200 Particulate Blocking Hood - Safety Source Fire\" \/>\n<meta property=\"og:description\" content=\"Firefighters work in the harshest environments, and need gear that provide protection and comfort so they can focus on saving lives. These include exposure to many hazards like smoke and soot particulate which are highly toxic carcinogens and can be absorbed through the skin.\" \/>\n<meta property=\"og:url\" content=\"https:\/\/safetysourcefire.ca\/fr\/?product=kl200-particulate-blocking-hood\" \/>\n<meta property=\"og:site_name\" content=\"Safety Source Fire\" \/>\n<meta property=\"article:publisher\" content=\"https:\/\/www.facebook.com\/mmfssca\" \/>\n<meta property=\"article:modified_time\" content=\"2021-04-16T19:17:56+00:00\" \/>\n<meta property=\"og:image\" content=\"https:\/\/safetysourcefire.ca\/wp-content\/uploads\/2021\/04\/KL200_NAVY_A.jpg\" \/>\n\t<meta property=\"og:image:width\" content=\"600\" \/>\n\t<meta property=\"og:image:height\" content=\"600\" \/>\n\t<meta property=\"og:image:type\" content=\"image\/jpeg\" \/>\n<meta name=\"twitter:card\" content=\"summary_large_image\" \/>\n<meta name=\"twitter:site\" content=\"@mmfssca\" \/>\n<meta name=\"twitter:label1\" content=\"Estimation du temps de lecture\" \/>\n\t<meta name=\"twitter:data1\" content=\"1 minute\" \/>\n<script type=\"application\/ld+json\" class=\"yoast-schema-graph\">{\"@context\":\"https:\\\/\\\/schema.org\",\"@graph\":[{\"@type\":\"WebPage\",\"@id\":\"https:\\\/\\\/safetysourcefire.ca\\\/?product=kl200-particulate-blocking-hood\",\"url\":\"https:\\\/\\\/safetysourcefire.ca\\\/?product=kl200-particulate-blocking-hood\",\"name\":\"KL200 Particulate Blocking Hood - Safety Source Fire\",\"isPartOf\":{\"@id\":\"https:\\\/\\\/safetysourcefire.ca\\\/#website\"},\"primaryImageOfPage\":{\"@id\":\"https:\\\/\\\/safetysourcefire.ca\\\/?product=kl200-particulate-blocking-hood#primaryimage\"},\"image\":{\"@id\":\"https:\\\/\\\/safetysourcefire.ca\\\/?product=kl200-particulate-blocking-hood#primaryimage\"},\"thumbnailUrl\":\"https:\\\/\\\/safetysourcefire.ca\\\/wp-content\\\/uploads\\\/2021\\\/04\\\/KL200_NAVY_A.jpg\",\"datePublished\":\"2021-04-06T19:18:26+00:00\",\"dateModified\":\"2021-04-16T19:17:56+00:00\",\"breadcrumb\":{\"@id\":\"https:\\\/\\\/safetysourcefire.ca\\\/?product=kl200-particulate-blocking-hood#breadcrumb\"},\"inLanguage\":\"fr-CA\",\"potentialAction\":[{\"@type\":\"ReadAction\",\"target\":[\"https:\\\/\\\/safetysourcefire.ca\\\/?product=kl200-particulate-blocking-hood\"]}]},{\"@type\":\"ImageObject\",\"inLanguage\":\"fr-CA\",\"@id\":\"https:\\\/\\\/safetysourcefire.ca\\\/?product=kl200-particulate-blocking-hood#primaryimage\",\"url\":\"https:\\\/\\\/safetysourcefire.ca\\\/wp-content\\\/uploads\\\/2021\\\/04\\\/KL200_NAVY_A.jpg\",\"contentUrl\":\"https:\\\/\\\/safetysourcefire.ca\\\/wp-content\\\/uploads\\\/2021\\\/04\\\/KL200_NAVY_A.jpg\",\"width\":600,\"height\":600,\"caption\":\"navy hood\"},{\"@type\":\"BreadcrumbList\",\"@id\":\"https:\\\/\\\/safetysourcefire.ca\\\/?product=kl200-particulate-blocking-hood#breadcrumb\",\"itemListElement\":[{\"@type\":\"ListItem\",\"position\":1,\"name\":\"Home\",\"item\":\"https:\\\/\\\/safetysourcefire.ca\\\/\"},{\"@type\":\"ListItem\",\"position\":2,\"name\":\"Products\",\"item\":\"https:\\\/\\\/safetysourcefire.ca\\\/shop\\\/\"},{\"@type\":\"ListItem\",\"position\":3,\"name\":\"KL200 Particulate Blocking Hood\"}]},{\"@type\":\"WebSite\",\"@id\":\"https:\\\/\\\/safetysourcefire.ca\\\/#website\",\"url\":\"https:\\\/\\\/safetysourcefire.ca\\\/\",\"name\":\"Safety Source Fire\",\"description\":\"\",\"publisher\":{\"@id\":\"https:\\\/\\\/safetysourcefire.ca\\\/#organization\"},\"potentialAction\":[{\"@type\":\"SearchAction\",\"target\":{\"@type\":\"EntryPoint\",\"urlTemplate\":\"https:\\\/\\\/safetysourcefire.ca\\\/?s={search_term_string}\"},\"query-input\":{\"@type\":\"PropertyValueSpecification\",\"valueRequired\":true,\"valueName\":\"search_term_string\"}}],\"inLanguage\":\"fr-CA\"},{\"@type\":\"Organization\",\"@id\":\"https:\\\/\\\/safetysourcefire.ca\\\/#organization\",\"name\":\"Safety Source Fire\",\"url\":\"https:\\\/\\\/safetysourcefire.ca\\\/\",\"logo\":{\"@type\":\"ImageObject\",\"inLanguage\":\"fr-CA\",\"@id\":\"https:\\\/\\\/safetysourcefire.ca\\\/#\\\/schema\\\/logo\\\/image\\\/\",\"url\":\"https:\\\/\\\/safetysourcefire.ca\\\/wp-content\\\/uploads\\\/2021\\\/01\\\/SSF_logo_CC0000-3.png\",\"contentUrl\":\"https:\\\/\\\/safetysourcefire.ca\\\/wp-content\\\/uploads\\\/2021\\\/01\\\/SSF_logo_CC0000-3.png\",\"width\":1107,\"height\":365,\"caption\":\"Safety Source Fire\"},\"image\":{\"@id\":\"https:\\\/\\\/safetysourcefire.ca\\\/#\\\/schema\\\/logo\\\/image\\\/\"},\"sameAs\":[\"https:\\\/\\\/www.facebook.com\\\/mmfssca\",\"https:\\\/\\\/x.com\\\/mmfssca\"]}]}<\/script>\n<!-- \/ Yoast SEO plugin. -->","yoast_head_json":{"title":"Hotte anti-particules KL200 - S\u00e9curit\u00e9 incendie","robots":{"index":"index","follow":"follow","max-snippet":"max-snippet:-1","max-image-preview":"max-image-preview:large","max-video-preview":"max-video-preview:-1"},"canonical":"https:\/\/safetysourcefire.ca\/fr\/?product=kl200-particulate-blocking-hood","og_locale":"fr_CA","og_type":"article","og_title":"KL200 Particulate Blocking Hood - Safety Source Fire","og_description":"Firefighters work in the harshest environments, and need gear that provide protection and comfort so they can focus on saving lives. These include exposure to many hazards like smoke and soot particulate which are highly toxic carcinogens and can be absorbed through the skin.","og_url":"https:\/\/safetysourcefire.ca\/fr\/?product=kl200-particulate-blocking-hood","og_site_name":"Safety Source Fire","article_publisher":"https:\/\/www.facebook.com\/mmfssca","article_modified_time":"2021-04-16T19:17:56+00:00","og_image":[{"width":600,"height":600,"url":"https:\/\/safetysourcefire.ca\/wp-content\/uploads\/2021\/04\/KL200_NAVY_A.jpg","type":"image\/jpeg"}],"twitter_card":"summary_large_image","twitter_site":"@mmfssca","twitter_misc":{"Estimation du temps de lecture":"1 minute"},"schema":{"@context":"https:\/\/schema.org","@graph":[{"@type":"WebPage","@id":"https:\/\/safetysourcefire.ca\/?product=kl200-particulate-blocking-hood","url":"https:\/\/safetysourcefire.ca\/?product=kl200-particulate-blocking-hood","name":"Hotte anti-particules KL200 - S\u00e9curit\u00e9 incendie","isPartOf":{"@id":"https:\/\/safetysourcefire.ca\/#website"},"primaryImageOfPage":{"@id":"https:\/\/safetysourcefire.ca\/?product=kl200-particulate-blocking-hood#primaryimage"},"image":{"@id":"https:\/\/safetysourcefire.ca\/?product=kl200-particulate-blocking-hood#primaryimage"},"thumbnailUrl":"https:\/\/safetysourcefire.ca\/wp-content\/uploads\/2021\/04\/KL200_NAVY_A.jpg","datePublished":"2021-04-06T19:18:26+00:00","dateModified":"2021-04-16T19:17:56+00:00","breadcrumb":{"@id":"https:\/\/safetysourcefire.ca\/?product=kl200-particulate-blocking-hood#breadcrumb"},"inLanguage":"fr-CA","potentialAction":[{"@type":"ReadAction","target":["https:\/\/safetysourcefire.ca\/?product=kl200-particulate-blocking-hood"]}]},{"@type":"ImageObject","inLanguage":"fr-CA","@id":"https:\/\/safetysourcefire.ca\/?product=kl200-particulate-blocking-hood#primaryimage","url":"https:\/\/safetysourcefire.ca\/wp-content\/uploads\/2021\/04\/KL200_NAVY_A.jpg","contentUrl":"https:\/\/safetysourcefire.ca\/wp-content\/uploads\/2021\/04\/KL200_NAVY_A.jpg","width":600,"height":600,"caption":"navy hood"},{"@type":"BreadcrumbList","@id":"https:\/\/safetysourcefire.ca\/?product=kl200-particulate-blocking-hood#breadcrumb","itemListElement":[{"@type":"ListItem","position":1,"name":"Home","item":"https:\/\/safetysourcefire.ca\/"},{"@type":"ListItem","position":2,"name":"Products","item":"https:\/\/safetysourcefire.ca\/shop\/"},{"@type":"ListItem","position":3,"name":"KL200 Particulate Blocking Hood"}]},{"@type":"WebSite","@id":"https:\/\/safetysourcefire.ca\/#website","url":"https:\/\/safetysourcefire.ca\/","name":"Safety Source Fire","description":"","publisher":{"@id":"https:\/\/safetysourcefire.ca\/#organization"},"potentialAction":[{"@type":"SearchAction","target":{"@type":"EntryPoint","urlTemplate":"https:\/\/safetysourcefire.ca\/?s={search_term_string}"},"query-input":{"@type":"PropertyValueSpecification","valueRequired":true,"valueName":"search_term_string"}}],"inLanguage":"fr-CA"},{"@type":"Organization","@id":"https:\/\/safetysourcefire.ca\/#organization","name":"Safety Source Fire","url":"https:\/\/safetysourcefire.ca\/","logo":{"@type":"ImageObject","inLanguage":"fr-CA","@id":"https:\/\/safetysourcefire.ca\/#\/schema\/logo\/image\/","url":"https:\/\/safetysourcefire.ca\/wp-content\/uploads\/2021\/01\/SSF_logo_CC0000-3.png","contentUrl":"https:\/\/safetysourcefire.ca\/wp-content\/uploads\/2021\/01\/SSF_logo_CC0000-3.png","width":1107,"height":365,"caption":"Safety Source Fire"},"image":{"@id":"https:\/\/safetysourcefire.ca\/#\/schema\/logo\/image\/"},"sameAs":["https:\/\/www.facebook.com\/mmfssca","https:\/\/x.com\/mmfssca"]}]}},"_links":{"self":[{"href":"https:\/\/safetysourcefire.ca\/fr\/wp-json\/wp\/v2\/product\/24822","targetHints":{"allow":["GET"]}}],"collection":[{"href":"https:\/\/safetysourcefire.ca\/fr\/wp-json\/wp\/v2\/product"}],"about":[{"href":"https:\/\/safetysourcefire.ca\/fr\/wp-json\/wp\/v2\/types\/product"}],"wp:featuredmedia":[{"embeddable":true,"href":"https:\/\/safetysourcefire.ca\/fr\/wp-json\/wp\/v2\/media\/24823"}],"wp:attachment":[{"href":"https:\/\/safetysourcefire.ca\/fr\/wp-json\/wp\/v2\/media?parent=24822"}],"wp:term":[{"taxonomy":"product_brand","embeddable":true,"href":"https:\/\/safetysourcefire.ca\/fr\/wp-json\/wp\/v2\/product_brand?post=24822"},{"taxonomy":"product_cat","embeddable":true,"href":"https:\/\/safetysourcefire.ca\/fr\/wp-json\/wp\/v2\/product_cat?post=24822"},{"taxonomy":"product_tag","embeddable":true,"href":"https:\/\/safetysourcefire.ca\/fr\/wp-json\/wp\/v2\/product_tag?post=24822"}],"curies":[{"name":"wp","href":"https:\/\/api.w.org\/{rel}","templated":true}]}}