{"id":24828,"date":"2021-04-06T19:39:35","date_gmt":"2021-04-06T19:39:35","guid":{"rendered":"https:\/\/safetysourcefire.ca\/?post_type=product&#038;p=24828"},"modified":"2021-04-16T19:17:41","modified_gmt":"2021-04-16T19:17:41","slug":"tilt-n-deploy-brackets-for-holmatro-tools","status":"publish","type":"product","link":"https:\/\/safetysourcefire.ca\/fr\/produit\/tilt-n-deploy-brackets-for-holmatro-tools\/","title":{"rendered":"Supports Tilt-N-Deploy pour outils Holmatro"},"content":{"rendered":"<p>Gr\u00e2ce \u00e0 sa conception solide et anti-rebond, aucune goupille ou sangle n&#039;est n\u00e9cessaire pour garder votre outil en s\u00e9curit\u00e9 et en place.<\/p>\n<p>\u00c9vitez les blessures au dos!<\/p>\n<p>Ce support vous permet d'appuyer sur un seul bouton, d'incliner votre outil, de le saisir et de partir !<\/p>\n<ul>\n<li>Ne rouille pas<\/li>\n<li>\u00c9tanche<\/li>\n<li>N&#039;endommage pas l&#039;outil<\/li>\n<li>Haute r\u00e9sistance<\/li>\n<li>Poids l\u00e9ger<\/li>\n<li>\u00c0 toute \u00e9preuve<\/li>\n<li>D\u00e9ploiement instantan\u00e9 de l&#039;outil<\/li>\n<\/ul>\n<p>Disponible pour la plupart des coupeurs, \u00e9pandeurs, outils combin\u00e9s et v\u00e9rins Holmatro.<\/p>","protected":false},"excerpt":{"rendered":"<p>Nos supports pour outils de d\u00e9sincarc\u00e9ration Holmatro Tilt-N-Deploy maintiennent l'outil en place avec la pointe tourn\u00e9e vers le bas.<\/p>","protected":false},"featured_media":24829,"template":"","meta":[],"product_brand":[496],"product_cat":[51,230],"product_tag":[309,497,498],"class_list":{"0":"post-24828","1":"product","2":"type-product","3":"status-publish","4":"has-post-thumbnail","6":"product_brand-poly-tech-america","7":"product_cat-rescue","8":"product_cat-storagemounting","9":"product_tag-holmatro","10":"product_tag-poly-tech","11":"product_tag-polytech","13":"first","14":"instock","15":"shipping-taxable","16":"product-type-simple"},"yoast_head":"<!-- This site is optimized with the Yoast SEO plugin v27.4 - https:\/\/yoast.com\/product\/yoast-seo-wordpress\/ -->\n<title>Tilt-N-Deploy brackets for Holmatro tools - Safety Source Fire<\/title>\n<meta name=\"robots\" content=\"index, follow, max-snippet:-1, max-image-preview:large, max-video-preview:-1\" \/>\n<link rel=\"canonical\" href=\"https:\/\/safetysourcefire.ca\/fr\/produit\/tilt-n-deploy-brackets-for-holmatro-tools\/\" \/>\n<meta property=\"og:locale\" content=\"fr_CA\" \/>\n<meta property=\"og:type\" content=\"article\" \/>\n<meta property=\"og:title\" content=\"Tilt-N-Deploy brackets for Holmatro tools - Safety Source Fire\" \/>\n<meta property=\"og:description\" content=\"Our Tilt-N-Deploy Holmatro extrication tool mounts hold tool in place with jaw tip facing downward.\" \/>\n<meta property=\"og:url\" content=\"https:\/\/safetysourcefire.ca\/fr\/produit\/tilt-n-deploy-brackets-for-holmatro-tools\/\" \/>\n<meta property=\"og:site_name\" content=\"Safety Source Fire\" \/>\n<meta property=\"article:publisher\" content=\"https:\/\/www.facebook.com\/mmfssca\" \/>\n<meta property=\"article:modified_time\" content=\"2021-04-16T19:17:41+00:00\" \/>\n<meta property=\"og:image\" content=\"https:\/\/safetysourcefire.ca\/wp-content\/uploads\/2021\/04\/product_0107201527245e14e9ac4aa05.jpg\" \/>\n\t<meta property=\"og:image:width\" content=\"600\" \/>\n\t<meta property=\"og:image:height\" content=\"600\" \/>\n\t<meta property=\"og:image:type\" content=\"image\/jpeg\" \/>\n<meta name=\"twitter:card\" content=\"summary_large_image\" \/>\n<meta name=\"twitter:site\" content=\"@mmfssca\" \/>\n<meta name=\"twitter:label1\" content=\"Estimation du temps de lecture\" \/>\n\t<meta name=\"twitter:data1\" content=\"1 minute\" \/>\n<script type=\"application\/ld+json\" class=\"yoast-schema-graph\">{\"@context\":\"https:\\\/\\\/schema.org\",\"@graph\":[{\"@type\":\"WebPage\",\"@id\":\"https:\\\/\\\/safetysourcefire.ca\\\/product\\\/tilt-n-deploy-brackets-for-holmatro-tools\\\/\",\"url\":\"https:\\\/\\\/safetysourcefire.ca\\\/product\\\/tilt-n-deploy-brackets-for-holmatro-tools\\\/\",\"name\":\"Tilt-N-Deploy brackets for Holmatro tools - Safety Source Fire\",\"isPartOf\":{\"@id\":\"https:\\\/\\\/safetysourcefire.ca\\\/#website\"},\"primaryImageOfPage\":{\"@id\":\"https:\\\/\\\/safetysourcefire.ca\\\/product\\\/tilt-n-deploy-brackets-for-holmatro-tools\\\/#primaryimage\"},\"image\":{\"@id\":\"https:\\\/\\\/safetysourcefire.ca\\\/product\\\/tilt-n-deploy-brackets-for-holmatro-tools\\\/#primaryimage\"},\"thumbnailUrl\":\"https:\\\/\\\/safetysourcefire.ca\\\/wp-content\\\/uploads\\\/2021\\\/04\\\/product_0107201527245e14e9ac4aa05.jpg\",\"datePublished\":\"2021-04-06T19:39:35+00:00\",\"dateModified\":\"2021-04-16T19:17:41+00:00\",\"breadcrumb\":{\"@id\":\"https:\\\/\\\/safetysourcefire.ca\\\/product\\\/tilt-n-deploy-brackets-for-holmatro-tools\\\/#breadcrumb\"},\"inLanguage\":\"fr-CA\",\"potentialAction\":[{\"@type\":\"ReadAction\",\"target\":[\"https:\\\/\\\/safetysourcefire.ca\\\/product\\\/tilt-n-deploy-brackets-for-holmatro-tools\\\/\"]}]},{\"@type\":\"ImageObject\",\"inLanguage\":\"fr-CA\",\"@id\":\"https:\\\/\\\/safetysourcefire.ca\\\/product\\\/tilt-n-deploy-brackets-for-holmatro-tools\\\/#primaryimage\",\"url\":\"https:\\\/\\\/safetysourcefire.ca\\\/wp-content\\\/uploads\\\/2021\\\/04\\\/product_0107201527245e14e9ac4aa05.jpg\",\"contentUrl\":\"https:\\\/\\\/safetysourcefire.ca\\\/wp-content\\\/uploads\\\/2021\\\/04\\\/product_0107201527245e14e9ac4aa05.jpg\",\"width\":600,\"height\":600,\"caption\":\"holmatro bracket\"},{\"@type\":\"BreadcrumbList\",\"@id\":\"https:\\\/\\\/safetysourcefire.ca\\\/product\\\/tilt-n-deploy-brackets-for-holmatro-tools\\\/#breadcrumb\",\"itemListElement\":[{\"@type\":\"ListItem\",\"position\":1,\"name\":\"Home\",\"item\":\"https:\\\/\\\/safetysourcefire.ca\\\/\"},{\"@type\":\"ListItem\",\"position\":2,\"name\":\"Products\",\"item\":\"https:\\\/\\\/safetysourcefire.ca\\\/shop\\\/\"},{\"@type\":\"ListItem\",\"position\":3,\"name\":\"Tilt-N-Deploy brackets for Holmatro tools\"}]},{\"@type\":\"WebSite\",\"@id\":\"https:\\\/\\\/safetysourcefire.ca\\\/#website\",\"url\":\"https:\\\/\\\/safetysourcefire.ca\\\/\",\"name\":\"Safety Source Fire\",\"description\":\"\",\"publisher\":{\"@id\":\"https:\\\/\\\/safetysourcefire.ca\\\/#organization\"},\"potentialAction\":[{\"@type\":\"SearchAction\",\"target\":{\"@type\":\"EntryPoint\",\"urlTemplate\":\"https:\\\/\\\/safetysourcefire.ca\\\/?s={search_term_string}\"},\"query-input\":{\"@type\":\"PropertyValueSpecification\",\"valueRequired\":true,\"valueName\":\"search_term_string\"}}],\"inLanguage\":\"fr-CA\"},{\"@type\":\"Organization\",\"@id\":\"https:\\\/\\\/safetysourcefire.ca\\\/#organization\",\"name\":\"Safety Source Fire\",\"url\":\"https:\\\/\\\/safetysourcefire.ca\\\/\",\"logo\":{\"@type\":\"ImageObject\",\"inLanguage\":\"fr-CA\",\"@id\":\"https:\\\/\\\/safetysourcefire.ca\\\/#\\\/schema\\\/logo\\\/image\\\/\",\"url\":\"https:\\\/\\\/safetysourcefire.ca\\\/wp-content\\\/uploads\\\/2021\\\/01\\\/SSF_logo_CC0000-3.png\",\"contentUrl\":\"https:\\\/\\\/safetysourcefire.ca\\\/wp-content\\\/uploads\\\/2021\\\/01\\\/SSF_logo_CC0000-3.png\",\"width\":1107,\"height\":365,\"caption\":\"Safety Source Fire\"},\"image\":{\"@id\":\"https:\\\/\\\/safetysourcefire.ca\\\/#\\\/schema\\\/logo\\\/image\\\/\"},\"sameAs\":[\"https:\\\/\\\/www.facebook.com\\\/mmfssca\",\"https:\\\/\\\/x.com\\\/mmfssca\"]}]}<\/script>\n<!-- \/ Yoast SEO plugin. -->","yoast_head_json":{"title":"Supports Tilt-N-Deploy pour outils Holmatro - Safety Source Fire","robots":{"index":"index","follow":"follow","max-snippet":"max-snippet:-1","max-image-preview":"max-image-preview:large","max-video-preview":"max-video-preview:-1"},"canonical":"https:\/\/safetysourcefire.ca\/fr\/produit\/tilt-n-deploy-brackets-for-holmatro-tools\/","og_locale":"fr_CA","og_type":"article","og_title":"Tilt-N-Deploy brackets for Holmatro tools - Safety Source Fire","og_description":"Our Tilt-N-Deploy Holmatro extrication tool mounts hold tool in place with jaw tip facing downward.","og_url":"https:\/\/safetysourcefire.ca\/fr\/produit\/tilt-n-deploy-brackets-for-holmatro-tools\/","og_site_name":"Safety Source Fire","article_publisher":"https:\/\/www.facebook.com\/mmfssca","article_modified_time":"2021-04-16T19:17:41+00:00","og_image":[{"width":600,"height":600,"url":"https:\/\/safetysourcefire.ca\/wp-content\/uploads\/2021\/04\/product_0107201527245e14e9ac4aa05.jpg","type":"image\/jpeg"}],"twitter_card":"summary_large_image","twitter_site":"@mmfssca","twitter_misc":{"Estimation du temps de lecture":"1 minute"},"schema":{"@context":"https:\/\/schema.org","@graph":[{"@type":"WebPage","@id":"https:\/\/safetysourcefire.ca\/product\/tilt-n-deploy-brackets-for-holmatro-tools\/","url":"https:\/\/safetysourcefire.ca\/product\/tilt-n-deploy-brackets-for-holmatro-tools\/","name":"Supports Tilt-N-Deploy pour outils Holmatro - Safety Source Fire","isPartOf":{"@id":"https:\/\/safetysourcefire.ca\/#website"},"primaryImageOfPage":{"@id":"https:\/\/safetysourcefire.ca\/product\/tilt-n-deploy-brackets-for-holmatro-tools\/#primaryimage"},"image":{"@id":"https:\/\/safetysourcefire.ca\/product\/tilt-n-deploy-brackets-for-holmatro-tools\/#primaryimage"},"thumbnailUrl":"https:\/\/safetysourcefire.ca\/wp-content\/uploads\/2021\/04\/product_0107201527245e14e9ac4aa05.jpg","datePublished":"2021-04-06T19:39:35+00:00","dateModified":"2021-04-16T19:17:41+00:00","breadcrumb":{"@id":"https:\/\/safetysourcefire.ca\/product\/tilt-n-deploy-brackets-for-holmatro-tools\/#breadcrumb"},"inLanguage":"fr-CA","potentialAction":[{"@type":"ReadAction","target":["https:\/\/safetysourcefire.ca\/product\/tilt-n-deploy-brackets-for-holmatro-tools\/"]}]},{"@type":"ImageObject","inLanguage":"fr-CA","@id":"https:\/\/safetysourcefire.ca\/product\/tilt-n-deploy-brackets-for-holmatro-tools\/#primaryimage","url":"https:\/\/safetysourcefire.ca\/wp-content\/uploads\/2021\/04\/product_0107201527245e14e9ac4aa05.jpg","contentUrl":"https:\/\/safetysourcefire.ca\/wp-content\/uploads\/2021\/04\/product_0107201527245e14e9ac4aa05.jpg","width":600,"height":600,"caption":"holmatro bracket"},{"@type":"BreadcrumbList","@id":"https:\/\/safetysourcefire.ca\/product\/tilt-n-deploy-brackets-for-holmatro-tools\/#breadcrumb","itemListElement":[{"@type":"ListItem","position":1,"name":"Home","item":"https:\/\/safetysourcefire.ca\/"},{"@type":"ListItem","position":2,"name":"Products","item":"https:\/\/safetysourcefire.ca\/shop\/"},{"@type":"ListItem","position":3,"name":"Tilt-N-Deploy brackets for Holmatro tools"}]},{"@type":"WebSite","@id":"https:\/\/safetysourcefire.ca\/#website","url":"https:\/\/safetysourcefire.ca\/","name":"Safety Source Fire","description":"","publisher":{"@id":"https:\/\/safetysourcefire.ca\/#organization"},"potentialAction":[{"@type":"SearchAction","target":{"@type":"EntryPoint","urlTemplate":"https:\/\/safetysourcefire.ca\/?s={search_term_string}"},"query-input":{"@type":"PropertyValueSpecification","valueRequired":true,"valueName":"search_term_string"}}],"inLanguage":"fr-CA"},{"@type":"Organization","@id":"https:\/\/safetysourcefire.ca\/#organization","name":"Safety Source Fire","url":"https:\/\/safetysourcefire.ca\/","logo":{"@type":"ImageObject","inLanguage":"fr-CA","@id":"https:\/\/safetysourcefire.ca\/#\/schema\/logo\/image\/","url":"https:\/\/safetysourcefire.ca\/wp-content\/uploads\/2021\/01\/SSF_logo_CC0000-3.png","contentUrl":"https:\/\/safetysourcefire.ca\/wp-content\/uploads\/2021\/01\/SSF_logo_CC0000-3.png","width":1107,"height":365,"caption":"Safety Source Fire"},"image":{"@id":"https:\/\/safetysourcefire.ca\/#\/schema\/logo\/image\/"},"sameAs":["https:\/\/www.facebook.com\/mmfssca","https:\/\/x.com\/mmfssca"]}]}},"_links":{"self":[{"href":"https:\/\/safetysourcefire.ca\/fr\/wp-json\/wp\/v2\/product\/24828","targetHints":{"allow":["GET"]}}],"collection":[{"href":"https:\/\/safetysourcefire.ca\/fr\/wp-json\/wp\/v2\/product"}],"about":[{"href":"https:\/\/safetysourcefire.ca\/fr\/wp-json\/wp\/v2\/types\/product"}],"wp:featuredmedia":[{"embeddable":true,"href":"https:\/\/safetysourcefire.ca\/fr\/wp-json\/wp\/v2\/media\/24829"}],"wp:attachment":[{"href":"https:\/\/safetysourcefire.ca\/fr\/wp-json\/wp\/v2\/media?parent=24828"}],"wp:term":[{"taxonomy":"product_brand","embeddable":true,"href":"https:\/\/safetysourcefire.ca\/fr\/wp-json\/wp\/v2\/product_brand?post=24828"},{"taxonomy":"product_cat","embeddable":true,"href":"https:\/\/safetysourcefire.ca\/fr\/wp-json\/wp\/v2\/product_cat?post=24828"},{"taxonomy":"product_tag","embeddable":true,"href":"https:\/\/safetysourcefire.ca\/fr\/wp-json\/wp\/v2\/product_tag?post=24828"}],"curies":[{"name":"wp","href":"https:\/\/api.w.org\/{rel}","templated":true}]}}