{"id":24842,"date":"2021-04-06T20:30:53","date_gmt":"2021-04-06T20:30:53","guid":{"rendered":"https:\/\/safetysourcefire.ca\/?post_type=product&#038;p=24842"},"modified":"2021-04-16T19:17:15","modified_gmt":"2021-04-16T19:17:15","slug":"supporter-x2","status":"publish","type":"product","link":"https:\/\/safetysourcefire.ca\/fr\/produit\/supporter-x2\/","title":{"rendered":"Supporter X2"},"content":{"rendered":"<p>Plus fort, plus rapide, plus s\u00e9curitaire!<\/p>\n<p>L'\u00e9quilibre parfait entre facilit\u00e9 d'utilisation, d\u00e9ploiement rapide et capacit\u00e9 maximale. Le Supporter X2 est le meilleur stabilisateur de v\u00e9hicule tout-en-un au monde. La jambe de force filet\u00e9e Supporter X2 s'\u00e9tend jusqu'\u00e0 65,4 pouces (166,1 cm) avec une simple torsion du collier de verrouillage et se verrouille en lib\u00e9rant le collier. Avec l'extension attach\u00e9e, l'outil peut atteindre jusqu'\u00e0 95,4 pouces (242,3 cm) avec une capacit\u00e9 de charge de 10 000 lb (4535 kg) \u00e0 un facteur de s\u00e9curit\u00e9 de 2:1.<\/p>\n<p>Avec la ceinture \u00e0 cliquet int\u00e9gr\u00e9e du Supporter X2, la stabilisation du v\u00e9hicule est simple et rapide. Placez simplement la jambe de support, \u00e9tendez la base de la pointe dans un point sur le v\u00e9hicule, attachez la ceinture \u00e0 cliquet et serrez-la. Le Supporter X2 peut stabiliser presque n'importe quel v\u00e9hicule personnel ou camion l\u00e9ger en quelques secondes.<\/p>\n<p><iframe loading=\"lazy\" title=\"vimeo-player\" src=\"https:\/\/player.vimeo.com\/video\/327769173\" width=\"640\" height=\"360\" frameborder=\"0\" allowfullscreen=\"allowfullscreen\"><\/iframe><\/p>\n<p>Sp\u00e9cifications techniques<\/p>\n<ul>\n<li>Charge maximale jusqu&#039;\u00e0 10 000 lb \/ 4 535 kg avec un facteur de s\u00e9curit\u00e9 de 2: 1<\/li>\n<li>Collier Twistlock<\/li>\n<li>Ceinture \u00e0 cliquet int\u00e9gr\u00e9e avec rembobinage automatique<\/li>\n<li>Base plate pliable \u00e0 90 degr\u00e9s pour un rangement facile<\/li>\n<li>Bouclier thermique de ceinture \u00e0 cliquet<\/li>\n<li>Stockage d&#039;extension int\u00e9gr\u00e9<\/li>\n<li>Fonction de cliquet ABS<\/li>\n<li>Crochets \u00e0 cliquet double<\/li>\n<li>Capacit\u00e9 d&#039;extension suppl\u00e9mentaire facile<\/li>\n<li>Poids : 35 lb \/ 15,9 kg<\/li>\n<li>Repli\u00e9 : base sur le sol 40 po \/ 101,6 cm de hauteur<\/li>\n<li>\u00c9tendu : Base au sol 65,4 po \/ 166,1 cm de hauteur<\/li>\n<li>Allong\u00e9 avec extension : 95,4 po \/ 242,3 cm de hauteur<\/li>\n<\/ul>\n<p>Pointes r\u00e9glables<\/p>\n<ul>\n<li>Prise positive<\/li>\n<li>Trou de manille<\/li>\n<li>Indicateur d&#039;angle<\/li>\n<li>Pointes rempla\u00e7ables en acier inoxydable<\/li>\n<li>Base en V et c\u00f4ne int\u00e9gr\u00e9<\/li>\n<\/ul>","protected":false},"excerpt":{"rendered":"<p>Le stabilisateur de v\u00e9hicule tout en un!<\/p>","protected":false},"featured_media":24843,"template":"","meta":[],"product_brand":[152],"product_cat":[51,133],"product_tag":[328],"class_list":{"0":"post-24842","1":"product","2":"type-product","3":"status-publish","4":"has-post-thumbnail","6":"product_brand-paratech","7":"product_cat-rescue","8":"product_cat-stabilization-shoring","9":"product_tag-paratech","11":"first","12":"instock","13":"shipping-taxable","14":"product-type-simple"},"yoast_head":"<!-- This site is optimized with the Yoast SEO plugin v27.4 - https:\/\/yoast.com\/product\/yoast-seo-wordpress\/ -->\n<title>Supporter X2 - Safety Source Fire<\/title>\n<meta name=\"robots\" content=\"index, follow, max-snippet:-1, max-image-preview:large, max-video-preview:-1\" \/>\n<link rel=\"canonical\" href=\"https:\/\/safetysourcefire.ca\/fr\/produit\/supporter-x2\/\" \/>\n<meta property=\"og:locale\" content=\"fr_CA\" \/>\n<meta property=\"og:type\" content=\"article\" \/>\n<meta property=\"og:title\" content=\"Supporter X2 - Safety Source Fire\" \/>\n<meta property=\"og:description\" content=\"The \u2018ALL IN ONE\u2019 Vehicle Stabilizer!\" \/>\n<meta property=\"og:url\" content=\"https:\/\/safetysourcefire.ca\/fr\/produit\/supporter-x2\/\" \/>\n<meta property=\"og:site_name\" content=\"Safety Source Fire\" \/>\n<meta property=\"article:publisher\" content=\"https:\/\/www.facebook.com\/mmfssca\" \/>\n<meta property=\"article:modified_time\" content=\"2021-04-16T19:17:15+00:00\" \/>\n<meta property=\"og:image\" content=\"https:\/\/safetysourcefire.ca\/wp-content\/uploads\/2021\/04\/22-797E12E-Support-X2_1-1152x692-1.jpg\" \/>\n\t<meta property=\"og:image:width\" content=\"600\" \/>\n\t<meta property=\"og:image:height\" content=\"600\" \/>\n\t<meta property=\"og:image:type\" content=\"image\/jpeg\" \/>\n<meta name=\"twitter:card\" content=\"summary_large_image\" \/>\n<meta name=\"twitter:site\" content=\"@mmfssca\" \/>\n<meta name=\"twitter:label1\" content=\"Estimation du temps de lecture\" \/>\n\t<meta name=\"twitter:data1\" content=\"2 minutes\" \/>\n<script type=\"application\/ld+json\" class=\"yoast-schema-graph\">{\"@context\":\"https:\\\/\\\/schema.org\",\"@graph\":[{\"@type\":\"WebPage\",\"@id\":\"https:\\\/\\\/safetysourcefire.ca\\\/product\\\/supporter-x2\\\/\",\"url\":\"https:\\\/\\\/safetysourcefire.ca\\\/product\\\/supporter-x2\\\/\",\"name\":\"Supporter X2 - Safety Source Fire\",\"isPartOf\":{\"@id\":\"https:\\\/\\\/safetysourcefire.ca\\\/#website\"},\"primaryImageOfPage\":{\"@id\":\"https:\\\/\\\/safetysourcefire.ca\\\/product\\\/supporter-x2\\\/#primaryimage\"},\"image\":{\"@id\":\"https:\\\/\\\/safetysourcefire.ca\\\/product\\\/supporter-x2\\\/#primaryimage\"},\"thumbnailUrl\":\"https:\\\/\\\/safetysourcefire.ca\\\/wp-content\\\/uploads\\\/2021\\\/04\\\/22-797E12E-Support-X2_1-1152x692-1.jpg\",\"datePublished\":\"2021-04-06T20:30:53+00:00\",\"dateModified\":\"2021-04-16T19:17:15+00:00\",\"breadcrumb\":{\"@id\":\"https:\\\/\\\/safetysourcefire.ca\\\/product\\\/supporter-x2\\\/#breadcrumb\"},\"inLanguage\":\"fr-CA\",\"potentialAction\":[{\"@type\":\"ReadAction\",\"target\":[\"https:\\\/\\\/safetysourcefire.ca\\\/product\\\/supporter-x2\\\/\"]}]},{\"@type\":\"ImageObject\",\"inLanguage\":\"fr-CA\",\"@id\":\"https:\\\/\\\/safetysourcefire.ca\\\/product\\\/supporter-x2\\\/#primaryimage\",\"url\":\"https:\\\/\\\/safetysourcefire.ca\\\/wp-content\\\/uploads\\\/2021\\\/04\\\/22-797E12E-Support-X2_1-1152x692-1.jpg\",\"contentUrl\":\"https:\\\/\\\/safetysourcefire.ca\\\/wp-content\\\/uploads\\\/2021\\\/04\\\/22-797E12E-Support-X2_1-1152x692-1.jpg\",\"width\":600,\"height\":600,\"caption\":\"stabilizer\"},{\"@type\":\"BreadcrumbList\",\"@id\":\"https:\\\/\\\/safetysourcefire.ca\\\/product\\\/supporter-x2\\\/#breadcrumb\",\"itemListElement\":[{\"@type\":\"ListItem\",\"position\":1,\"name\":\"Home\",\"item\":\"https:\\\/\\\/safetysourcefire.ca\\\/\"},{\"@type\":\"ListItem\",\"position\":2,\"name\":\"Products\",\"item\":\"https:\\\/\\\/safetysourcefire.ca\\\/shop\\\/\"},{\"@type\":\"ListItem\",\"position\":3,\"name\":\"Supporter X2\"}]},{\"@type\":\"WebSite\",\"@id\":\"https:\\\/\\\/safetysourcefire.ca\\\/#website\",\"url\":\"https:\\\/\\\/safetysourcefire.ca\\\/\",\"name\":\"Safety Source Fire\",\"description\":\"\",\"publisher\":{\"@id\":\"https:\\\/\\\/safetysourcefire.ca\\\/#organization\"},\"potentialAction\":[{\"@type\":\"SearchAction\",\"target\":{\"@type\":\"EntryPoint\",\"urlTemplate\":\"https:\\\/\\\/safetysourcefire.ca\\\/?s={search_term_string}\"},\"query-input\":{\"@type\":\"PropertyValueSpecification\",\"valueRequired\":true,\"valueName\":\"search_term_string\"}}],\"inLanguage\":\"fr-CA\"},{\"@type\":\"Organization\",\"@id\":\"https:\\\/\\\/safetysourcefire.ca\\\/#organization\",\"name\":\"Safety Source Fire\",\"url\":\"https:\\\/\\\/safetysourcefire.ca\\\/\",\"logo\":{\"@type\":\"ImageObject\",\"inLanguage\":\"fr-CA\",\"@id\":\"https:\\\/\\\/safetysourcefire.ca\\\/#\\\/schema\\\/logo\\\/image\\\/\",\"url\":\"https:\\\/\\\/safetysourcefire.ca\\\/wp-content\\\/uploads\\\/2021\\\/01\\\/SSF_logo_CC0000-3.png\",\"contentUrl\":\"https:\\\/\\\/safetysourcefire.ca\\\/wp-content\\\/uploads\\\/2021\\\/01\\\/SSF_logo_CC0000-3.png\",\"width\":1107,\"height\":365,\"caption\":\"Safety Source Fire\"},\"image\":{\"@id\":\"https:\\\/\\\/safetysourcefire.ca\\\/#\\\/schema\\\/logo\\\/image\\\/\"},\"sameAs\":[\"https:\\\/\\\/www.facebook.com\\\/mmfssca\",\"https:\\\/\\\/x.com\\\/mmfssca\"]}]}<\/script>\n<!-- \/ Yoast SEO plugin. -->","yoast_head_json":{"title":"Supporter X2 - Safety Source Fire","robots":{"index":"index","follow":"follow","max-snippet":"max-snippet:-1","max-image-preview":"max-image-preview:large","max-video-preview":"max-video-preview:-1"},"canonical":"https:\/\/safetysourcefire.ca\/fr\/produit\/supporter-x2\/","og_locale":"fr_CA","og_type":"article","og_title":"Supporter X2 - Safety Source Fire","og_description":"The \u2018ALL IN ONE\u2019 Vehicle Stabilizer!","og_url":"https:\/\/safetysourcefire.ca\/fr\/produit\/supporter-x2\/","og_site_name":"Safety Source Fire","article_publisher":"https:\/\/www.facebook.com\/mmfssca","article_modified_time":"2021-04-16T19:17:15+00:00","og_image":[{"width":600,"height":600,"url":"https:\/\/safetysourcefire.ca\/wp-content\/uploads\/2021\/04\/22-797E12E-Support-X2_1-1152x692-1.jpg","type":"image\/jpeg"}],"twitter_card":"summary_large_image","twitter_site":"@mmfssca","twitter_misc":{"Estimation du temps de lecture":"2 minutes"},"schema":{"@context":"https:\/\/schema.org","@graph":[{"@type":"WebPage","@id":"https:\/\/safetysourcefire.ca\/product\/supporter-x2\/","url":"https:\/\/safetysourcefire.ca\/product\/supporter-x2\/","name":"Supporter X2 - Safety Source Fire","isPartOf":{"@id":"https:\/\/safetysourcefire.ca\/#website"},"primaryImageOfPage":{"@id":"https:\/\/safetysourcefire.ca\/product\/supporter-x2\/#primaryimage"},"image":{"@id":"https:\/\/safetysourcefire.ca\/product\/supporter-x2\/#primaryimage"},"thumbnailUrl":"https:\/\/safetysourcefire.ca\/wp-content\/uploads\/2021\/04\/22-797E12E-Support-X2_1-1152x692-1.jpg","datePublished":"2021-04-06T20:30:53+00:00","dateModified":"2021-04-16T19:17:15+00:00","breadcrumb":{"@id":"https:\/\/safetysourcefire.ca\/product\/supporter-x2\/#breadcrumb"},"inLanguage":"fr-CA","potentialAction":[{"@type":"ReadAction","target":["https:\/\/safetysourcefire.ca\/product\/supporter-x2\/"]}]},{"@type":"ImageObject","inLanguage":"fr-CA","@id":"https:\/\/safetysourcefire.ca\/product\/supporter-x2\/#primaryimage","url":"https:\/\/safetysourcefire.ca\/wp-content\/uploads\/2021\/04\/22-797E12E-Support-X2_1-1152x692-1.jpg","contentUrl":"https:\/\/safetysourcefire.ca\/wp-content\/uploads\/2021\/04\/22-797E12E-Support-X2_1-1152x692-1.jpg","width":600,"height":600,"caption":"stabilizer"},{"@type":"BreadcrumbList","@id":"https:\/\/safetysourcefire.ca\/product\/supporter-x2\/#breadcrumb","itemListElement":[{"@type":"ListItem","position":1,"name":"Home","item":"https:\/\/safetysourcefire.ca\/"},{"@type":"ListItem","position":2,"name":"Products","item":"https:\/\/safetysourcefire.ca\/shop\/"},{"@type":"ListItem","position":3,"name":"Supporter X2"}]},{"@type":"WebSite","@id":"https:\/\/safetysourcefire.ca\/#website","url":"https:\/\/safetysourcefire.ca\/","name":"Safety Source Fire","description":"","publisher":{"@id":"https:\/\/safetysourcefire.ca\/#organization"},"potentialAction":[{"@type":"SearchAction","target":{"@type":"EntryPoint","urlTemplate":"https:\/\/safetysourcefire.ca\/?s={search_term_string}"},"query-input":{"@type":"PropertyValueSpecification","valueRequired":true,"valueName":"search_term_string"}}],"inLanguage":"fr-CA"},{"@type":"Organization","@id":"https:\/\/safetysourcefire.ca\/#organization","name":"Safety Source Fire","url":"https:\/\/safetysourcefire.ca\/","logo":{"@type":"ImageObject","inLanguage":"fr-CA","@id":"https:\/\/safetysourcefire.ca\/#\/schema\/logo\/image\/","url":"https:\/\/safetysourcefire.ca\/wp-content\/uploads\/2021\/01\/SSF_logo_CC0000-3.png","contentUrl":"https:\/\/safetysourcefire.ca\/wp-content\/uploads\/2021\/01\/SSF_logo_CC0000-3.png","width":1107,"height":365,"caption":"Safety Source Fire"},"image":{"@id":"https:\/\/safetysourcefire.ca\/#\/schema\/logo\/image\/"},"sameAs":["https:\/\/www.facebook.com\/mmfssca","https:\/\/x.com\/mmfssca"]}]}},"_links":{"self":[{"href":"https:\/\/safetysourcefire.ca\/fr\/wp-json\/wp\/v2\/product\/24842","targetHints":{"allow":["GET"]}}],"collection":[{"href":"https:\/\/safetysourcefire.ca\/fr\/wp-json\/wp\/v2\/product"}],"about":[{"href":"https:\/\/safetysourcefire.ca\/fr\/wp-json\/wp\/v2\/types\/product"}],"wp:featuredmedia":[{"embeddable":true,"href":"https:\/\/safetysourcefire.ca\/fr\/wp-json\/wp\/v2\/media\/24843"}],"wp:attachment":[{"href":"https:\/\/safetysourcefire.ca\/fr\/wp-json\/wp\/v2\/media?parent=24842"}],"wp:term":[{"taxonomy":"product_brand","embeddable":true,"href":"https:\/\/safetysourcefire.ca\/fr\/wp-json\/wp\/v2\/product_brand?post=24842"},{"taxonomy":"product_cat","embeddable":true,"href":"https:\/\/safetysourcefire.ca\/fr\/wp-json\/wp\/v2\/product_cat?post=24842"},{"taxonomy":"product_tag","embeddable":true,"href":"https:\/\/safetysourcefire.ca\/fr\/wp-json\/wp\/v2\/product_tag?post=24842"}],"curies":[{"name":"wp","href":"https:\/\/api.w.org\/{rel}","templated":true}]}}