{"id":24867,"date":"2021-04-07T15:45:41","date_gmt":"2021-04-07T15:45:41","guid":{"rendered":"https:\/\/safetysourcefire.ca\/?post_type=product&#038;p=24867"},"modified":"2026-03-30T14:06:11","modified_gmt":"2026-03-30T14:06:11","slug":"av-632-bayonet-adapter","status":"publish","type":"product","link":"https:\/\/safetysourcefire.ca\/fr\/produit\/av-632-bayonet-adapter\/","title":{"rendered":"Adaptateur de verrouillage par ba\u00efonnette AV-632"},"content":{"rendered":"<p>L&#039;adaptateur \u00e0 ba\u00efonnette 3M\u2122 Scott\u2122 AV-632 est con\u00e7u pour \u00eatre utilis\u00e9 avec les masques 3M Scott AV-3000 SureSeal ou AV-3000 HT et les cartouches 3M\u2122 s\u00e9rie 6000, les filtres s\u00e9rie 7093 et les filtres s\u00e9rie 2000.<\/p>\n<p>L&#039;adaptateur \u00e0 ba\u00efonnette 3M\u2122 Scott\u2122 AV-632 permet de connecter les masques AV-3000 SureSeal ou AV-3000 HT \u00e0 la vaste gamme de filtres et cartouches \u00e0 ba\u00efonnette 3M, vous offrant ainsi un choix plus vaste que jamais. Cet accessoire est un adaptateur \u00e0 ba\u00efonnette \u00e0 quart de tour. Un quart de tour suffit pour une fixation simple et rapide. L&#039;adaptateur est con\u00e7u pour permettre l&#039;utilisation des masques en mode pression n\u00e9gative.<\/p>\n<p>Points forts<\/p>\n<ul>\n<li>Comprend 5 adaptateurs par bo\u00eete<\/li>\n<li>Quart de tour simple et rapide pour une fixation facile<\/li>\n<li>L&#039;adaptateur permet d&#039;utiliser les cartouches et filtres \u00e0 ba\u00efonnette 3M\u2122 avec les respirateurs \u00e0 masque complet 3M\u2122 Scott\u2122 AV-3000 SureSeal et AV-3000 HT<\/li>\n<li>Approuv\u00e9 NIOSH avec les respirateurs \u00e0 masque complet AV-3000 SureSeal et AV-3000 HT<\/li>\n<\/ul>\n<p><a href=\"https:\/\/multimedia.3m.com\/mws\/media\/1866758O\/3m-scott-av-3000-series-facepiece-with-av-632-bayonet-adapter-and-cartridges-brochure.pdf?&amp;fn=Scott-AV632-Brochure_Cartridges_70-0717-6092-3_Digital.pdf\">T\u00e9l\u00e9charger la brochure<\/a><\/p>","protected":false},"excerpt":{"rendered":"<p>L&#039;adaptateur \u00e0 ba\u00efonnette 3M\u2122 Scott\u2122 AV-632 permet de connecter les masques AV-3000 SureSeal ou AV-3000 HT \u00e0 la vaste gamme de filtres et de cartouches \u00e0 ba\u00efonnette 3M, vous offrant ainsi plus d&#039;options que jamais.<\/p>","protected":false},"featured_media":24861,"template":"","meta":[],"product_brand":[157],"product_cat":[45,58],"product_tag":[342],"class_list":{"0":"post-24867","1":"product","2":"type-product","3":"status-publish","4":"has-post-thumbnail","6":"product_brand-3m-scott","7":"product_cat-respiratory","8":"product_cat-accessories-scba","9":"product_tag-scott-safety","11":"first","12":"instock","13":"shipping-taxable","14":"product-type-simple"},"yoast_head":"<!-- This site is optimized with the Yoast SEO plugin v27.4 - https:\/\/yoast.com\/product\/yoast-seo-wordpress\/ -->\n<title>AV-632 Bayonet Adapter - Safety Source Fire<\/title>\n<meta name=\"robots\" content=\"index, follow, max-snippet:-1, max-image-preview:large, max-video-preview:-1\" \/>\n<link rel=\"canonical\" href=\"https:\/\/safetysourcefire.ca\/fr\/produit\/av-632-bayonet-adapter\/\" \/>\n<meta property=\"og:locale\" content=\"fr_CA\" \/>\n<meta property=\"og:type\" content=\"article\" \/>\n<meta property=\"og:title\" content=\"AV-632 Bayonet Adapter - Safety Source Fire\" \/>\n<meta property=\"og:description\" content=\"3M\u2122 Scott\u2122 AV-632 Bayonet Adapter connects the AV-3000 SureSeal or AV-3000 HT facepieces to the extensive line of 3M bayonet style filters and cartridges \u2013 giving you more options than ever.\" \/>\n<meta property=\"og:url\" content=\"https:\/\/safetysourcefire.ca\/fr\/produit\/av-632-bayonet-adapter\/\" \/>\n<meta property=\"og:site_name\" content=\"Safety Source Fire\" \/>\n<meta property=\"article:publisher\" content=\"https:\/\/www.facebook.com\/mmfssca\" \/>\n<meta property=\"article:modified_time\" content=\"2026-03-30T14:06:11+00:00\" \/>\n<meta property=\"og:image\" content=\"https:\/\/safetysourcefire.ca\/wp-content\/uploads\/2021\/04\/3m-av-632-bayonet-adapter.jpg\" \/>\n\t<meta property=\"og:image:width\" content=\"600\" \/>\n\t<meta property=\"og:image:height\" content=\"600\" \/>\n\t<meta property=\"og:image:type\" content=\"image\/jpeg\" \/>\n<meta name=\"twitter:card\" content=\"summary_large_image\" \/>\n<meta name=\"twitter:site\" content=\"@mmfssca\" \/>\n<meta name=\"twitter:label1\" content=\"Estimation du temps de lecture\" \/>\n\t<meta name=\"twitter:data1\" content=\"1 minute\" \/>\n<script type=\"application\/ld+json\" class=\"yoast-schema-graph\">{\"@context\":\"https:\\\/\\\/schema.org\",\"@graph\":[{\"@type\":\"WebPage\",\"@id\":\"https:\\\/\\\/safetysourcefire.ca\\\/product\\\/av-632-bayonet-adapter\\\/\",\"url\":\"https:\\\/\\\/safetysourcefire.ca\\\/product\\\/av-632-bayonet-adapter\\\/\",\"name\":\"AV-632 Bayonet Adapter - Safety Source Fire\",\"isPartOf\":{\"@id\":\"https:\\\/\\\/safetysourcefire.ca\\\/#website\"},\"primaryImageOfPage\":{\"@id\":\"https:\\\/\\\/safetysourcefire.ca\\\/product\\\/av-632-bayonet-adapter\\\/#primaryimage\"},\"image\":{\"@id\":\"https:\\\/\\\/safetysourcefire.ca\\\/product\\\/av-632-bayonet-adapter\\\/#primaryimage\"},\"thumbnailUrl\":\"https:\\\/\\\/safetysourcefire.ca\\\/wp-content\\\/uploads\\\/2021\\\/04\\\/3m-av-632-bayonet-adapter.jpg\",\"datePublished\":\"2021-04-07T15:45:41+00:00\",\"dateModified\":\"2026-03-30T14:06:11+00:00\",\"breadcrumb\":{\"@id\":\"https:\\\/\\\/safetysourcefire.ca\\\/product\\\/av-632-bayonet-adapter\\\/#breadcrumb\"},\"inLanguage\":\"fr-CA\",\"potentialAction\":[{\"@type\":\"ReadAction\",\"target\":[\"https:\\\/\\\/safetysourcefire.ca\\\/product\\\/av-632-bayonet-adapter\\\/\"]}]},{\"@type\":\"ImageObject\",\"inLanguage\":\"fr-CA\",\"@id\":\"https:\\\/\\\/safetysourcefire.ca\\\/product\\\/av-632-bayonet-adapter\\\/#primaryimage\",\"url\":\"https:\\\/\\\/safetysourcefire.ca\\\/wp-content\\\/uploads\\\/2021\\\/04\\\/3m-av-632-bayonet-adapter.jpg\",\"contentUrl\":\"https:\\\/\\\/safetysourcefire.ca\\\/wp-content\\\/uploads\\\/2021\\\/04\\\/3m-av-632-bayonet-adapter.jpg\",\"width\":600,\"height\":600,\"caption\":\"bayonet adapter\"},{\"@type\":\"BreadcrumbList\",\"@id\":\"https:\\\/\\\/safetysourcefire.ca\\\/product\\\/av-632-bayonet-adapter\\\/#breadcrumb\",\"itemListElement\":[{\"@type\":\"ListItem\",\"position\":1,\"name\":\"Home\",\"item\":\"https:\\\/\\\/safetysourcefire.ca\\\/\"},{\"@type\":\"ListItem\",\"position\":2,\"name\":\"Products\",\"item\":\"https:\\\/\\\/safetysourcefire.ca\\\/shop\\\/\"},{\"@type\":\"ListItem\",\"position\":3,\"name\":\"AV-632 Bayonet Adapter\"}]},{\"@type\":\"WebSite\",\"@id\":\"https:\\\/\\\/safetysourcefire.ca\\\/#website\",\"url\":\"https:\\\/\\\/safetysourcefire.ca\\\/\",\"name\":\"Safety Source Fire\",\"description\":\"\",\"publisher\":{\"@id\":\"https:\\\/\\\/safetysourcefire.ca\\\/#organization\"},\"potentialAction\":[{\"@type\":\"SearchAction\",\"target\":{\"@type\":\"EntryPoint\",\"urlTemplate\":\"https:\\\/\\\/safetysourcefire.ca\\\/?s={search_term_string}\"},\"query-input\":{\"@type\":\"PropertyValueSpecification\",\"valueRequired\":true,\"valueName\":\"search_term_string\"}}],\"inLanguage\":\"fr-CA\"},{\"@type\":\"Organization\",\"@id\":\"https:\\\/\\\/safetysourcefire.ca\\\/#organization\",\"name\":\"Safety Source Fire\",\"url\":\"https:\\\/\\\/safetysourcefire.ca\\\/\",\"logo\":{\"@type\":\"ImageObject\",\"inLanguage\":\"fr-CA\",\"@id\":\"https:\\\/\\\/safetysourcefire.ca\\\/#\\\/schema\\\/logo\\\/image\\\/\",\"url\":\"https:\\\/\\\/safetysourcefire.ca\\\/wp-content\\\/uploads\\\/2021\\\/01\\\/SSF_logo_CC0000-3.png\",\"contentUrl\":\"https:\\\/\\\/safetysourcefire.ca\\\/wp-content\\\/uploads\\\/2021\\\/01\\\/SSF_logo_CC0000-3.png\",\"width\":1107,\"height\":365,\"caption\":\"Safety Source Fire\"},\"image\":{\"@id\":\"https:\\\/\\\/safetysourcefire.ca\\\/#\\\/schema\\\/logo\\\/image\\\/\"},\"sameAs\":[\"https:\\\/\\\/www.facebook.com\\\/mmfssca\",\"https:\\\/\\\/x.com\\\/mmfssca\"]}]}<\/script>\n<!-- \/ Yoast SEO plugin. -->","yoast_head_json":{"title":"Adaptateur \u00e0 ba\u00efonnette AV-632 - Source de s\u00e9curit\u00e9 incendie","robots":{"index":"index","follow":"follow","max-snippet":"max-snippet:-1","max-image-preview":"max-image-preview:large","max-video-preview":"max-video-preview:-1"},"canonical":"https:\/\/safetysourcefire.ca\/fr\/produit\/av-632-bayonet-adapter\/","og_locale":"fr_CA","og_type":"article","og_title":"AV-632 Bayonet Adapter - Safety Source Fire","og_description":"3M\u2122 Scott\u2122 AV-632 Bayonet Adapter connects the AV-3000 SureSeal or AV-3000 HT facepieces to the extensive line of 3M bayonet style filters and cartridges \u2013 giving you more options than ever.","og_url":"https:\/\/safetysourcefire.ca\/fr\/produit\/av-632-bayonet-adapter\/","og_site_name":"Safety Source Fire","article_publisher":"https:\/\/www.facebook.com\/mmfssca","article_modified_time":"2026-03-30T14:06:11+00:00","og_image":[{"width":600,"height":600,"url":"https:\/\/safetysourcefire.ca\/wp-content\/uploads\/2021\/04\/3m-av-632-bayonet-adapter.jpg","type":"image\/jpeg"}],"twitter_card":"summary_large_image","twitter_site":"@mmfssca","twitter_misc":{"Estimation du temps de lecture":"1 minute"},"schema":{"@context":"https:\/\/schema.org","@graph":[{"@type":"WebPage","@id":"https:\/\/safetysourcefire.ca\/product\/av-632-bayonet-adapter\/","url":"https:\/\/safetysourcefire.ca\/product\/av-632-bayonet-adapter\/","name":"Adaptateur \u00e0 ba\u00efonnette AV-632 - Source de s\u00e9curit\u00e9 incendie","isPartOf":{"@id":"https:\/\/safetysourcefire.ca\/#website"},"primaryImageOfPage":{"@id":"https:\/\/safetysourcefire.ca\/product\/av-632-bayonet-adapter\/#primaryimage"},"image":{"@id":"https:\/\/safetysourcefire.ca\/product\/av-632-bayonet-adapter\/#primaryimage"},"thumbnailUrl":"https:\/\/safetysourcefire.ca\/wp-content\/uploads\/2021\/04\/3m-av-632-bayonet-adapter.jpg","datePublished":"2021-04-07T15:45:41+00:00","dateModified":"2026-03-30T14:06:11+00:00","breadcrumb":{"@id":"https:\/\/safetysourcefire.ca\/product\/av-632-bayonet-adapter\/#breadcrumb"},"inLanguage":"fr-CA","potentialAction":[{"@type":"ReadAction","target":["https:\/\/safetysourcefire.ca\/product\/av-632-bayonet-adapter\/"]}]},{"@type":"ImageObject","inLanguage":"fr-CA","@id":"https:\/\/safetysourcefire.ca\/product\/av-632-bayonet-adapter\/#primaryimage","url":"https:\/\/safetysourcefire.ca\/wp-content\/uploads\/2021\/04\/3m-av-632-bayonet-adapter.jpg","contentUrl":"https:\/\/safetysourcefire.ca\/wp-content\/uploads\/2021\/04\/3m-av-632-bayonet-adapter.jpg","width":600,"height":600,"caption":"bayonet adapter"},{"@type":"BreadcrumbList","@id":"https:\/\/safetysourcefire.ca\/product\/av-632-bayonet-adapter\/#breadcrumb","itemListElement":[{"@type":"ListItem","position":1,"name":"Home","item":"https:\/\/safetysourcefire.ca\/"},{"@type":"ListItem","position":2,"name":"Products","item":"https:\/\/safetysourcefire.ca\/shop\/"},{"@type":"ListItem","position":3,"name":"AV-632 Bayonet Adapter"}]},{"@type":"WebSite","@id":"https:\/\/safetysourcefire.ca\/#website","url":"https:\/\/safetysourcefire.ca\/","name":"Safety Source Fire","description":"","publisher":{"@id":"https:\/\/safetysourcefire.ca\/#organization"},"potentialAction":[{"@type":"SearchAction","target":{"@type":"EntryPoint","urlTemplate":"https:\/\/safetysourcefire.ca\/?s={search_term_string}"},"query-input":{"@type":"PropertyValueSpecification","valueRequired":true,"valueName":"search_term_string"}}],"inLanguage":"fr-CA"},{"@type":"Organization","@id":"https:\/\/safetysourcefire.ca\/#organization","name":"Safety Source Fire","url":"https:\/\/safetysourcefire.ca\/","logo":{"@type":"ImageObject","inLanguage":"fr-CA","@id":"https:\/\/safetysourcefire.ca\/#\/schema\/logo\/image\/","url":"https:\/\/safetysourcefire.ca\/wp-content\/uploads\/2021\/01\/SSF_logo_CC0000-3.png","contentUrl":"https:\/\/safetysourcefire.ca\/wp-content\/uploads\/2021\/01\/SSF_logo_CC0000-3.png","width":1107,"height":365,"caption":"Safety Source Fire"},"image":{"@id":"https:\/\/safetysourcefire.ca\/#\/schema\/logo\/image\/"},"sameAs":["https:\/\/www.facebook.com\/mmfssca","https:\/\/x.com\/mmfssca"]}]}},"_links":{"self":[{"href":"https:\/\/safetysourcefire.ca\/fr\/wp-json\/wp\/v2\/product\/24867","targetHints":{"allow":["GET"]}}],"collection":[{"href":"https:\/\/safetysourcefire.ca\/fr\/wp-json\/wp\/v2\/product"}],"about":[{"href":"https:\/\/safetysourcefire.ca\/fr\/wp-json\/wp\/v2\/types\/product"}],"wp:featuredmedia":[{"embeddable":true,"href":"https:\/\/safetysourcefire.ca\/fr\/wp-json\/wp\/v2\/media\/24861"}],"wp:attachment":[{"href":"https:\/\/safetysourcefire.ca\/fr\/wp-json\/wp\/v2\/media?parent=24867"}],"wp:term":[{"taxonomy":"product_brand","embeddable":true,"href":"https:\/\/safetysourcefire.ca\/fr\/wp-json\/wp\/v2\/product_brand?post=24867"},{"taxonomy":"product_cat","embeddable":true,"href":"https:\/\/safetysourcefire.ca\/fr\/wp-json\/wp\/v2\/product_cat?post=24867"},{"taxonomy":"product_tag","embeddable":true,"href":"https:\/\/safetysourcefire.ca\/fr\/wp-json\/wp\/v2\/product_tag?post=24867"}],"curies":[{"name":"wp","href":"https:\/\/api.w.org\/{rel}","templated":true}]}}