{"id":24892,"date":"2021-04-08T15:23:37","date_gmt":"2021-04-08T15:23:37","guid":{"rendered":"https:\/\/safetysourcefire.ca\/?post_type=product&#038;p=24892"},"modified":"2021-04-16T19:14:29","modified_gmt":"2021-04-16T19:14:29","slug":"high-rise-bag-w-right-or-left-45o-elbow-valve","status":"publish","type":"product","link":"https:\/\/safetysourcefire.ca\/fr\/produit\/high-rise-bag-w-right-or-left-45o-elbow-valve\/","title":{"rendered":"Sac High Rise avec valve coud\u00e9e \u00e0 45 \u00b0 (cot\u00e9 droit ou gauche)"},"content":{"rendered":"<p>Les trousses High Rise de TFT sont des bornes fontaines configurables qui r\u00e9pondent \u00e0 vos besoins. La vanne est personnalis\u00e9e avec une poign\u00e9e sur le c\u00f4t\u00e9 droit ainsi qu'un manom\u00e8tre. C'est une solution simple, en une seule \u00e9tape; pas besoin de reconstituer un casse-t\u00eate; connectez simplement la valve et vous \u00eates pr\u00eat \u00e0 op\u00e9rer. Les trousses comprennent un sac de voyage compact, une vanne de tuyau vertical de 2,5 \"(64 mm) avec manom\u00e8tre, deux (2) cl\u00e9s \u00e0 molette, un r\u00e9ducteur de 2,5\" x 1,5 \" (\u00e0 utiliser avec un tuyau coupl\u00e9 de 1,5\" hors de la valve), et un 1,5 \" x agrandisseur de 2,5 po pour interrompre et\/ou prolonger les op\u00e9rations d'un tuyau avec d'arr\u00eat \u00e0 bille.<\/p>\n<p><a href=\"https:\/\/tft.com\/TaskForceTips\/media\/Resource-Library\/lia-336_01.pdf\">T\u00e9l\u00e9charger la brochure<\/a><\/p>\n<p>&nbsp;<\/p>\n<p><iframe loading=\"lazy\" title=\"Vid\u00e9o de la s\u00e9rie de kits de grande taille\" src=\"https:\/\/player.vimeo.com\/video\/410740302?dnt=1&amp;app_id=122963\" width=\"980\" height=\"551\" frameborder=\"0\" allow=\"autoplay; fullscreen; picture-in-picture\" allowfullscreen><\/iframe><\/p>","protected":false},"excerpt":{"rendered":"<p>Les trousses High Rise de TFT offrent des solutions configurables et facilement transportables afin de r\u00e9pondre \u00e0 vos besoins.<\/p>","protected":false},"featured_media":24894,"template":"","meta":[],"product_brand":[179],"product_cat":[44,64],"product_tag":[355,354],"class_list":{"0":"post-24892","1":"product","2":"type-product","3":"status-publish","4":"has-post-thumbnail","6":"product_brand-tft","7":"product_cat-fire-suppression","8":"product_cat-hardware-appliances-adapters","9":"product_tag-task-force-tips","10":"product_tag-tft","12":"first","13":"instock","14":"shipping-taxable","15":"product-type-simple"},"yoast_head":"<!-- This site is optimized with the Yoast SEO plugin v27.5 - https:\/\/yoast.com\/product\/yoast-seo-wordpress\/ -->\n<title>High Rise Bag w\/right or left 45\u00ba Elbow Valve - Safety Source Fire<\/title>\n<meta name=\"robots\" content=\"index, follow, max-snippet:-1, max-image-preview:large, max-video-preview:-1\" \/>\n<link rel=\"canonical\" href=\"https:\/\/safetysourcefire.ca\/fr\/?product=high-rise-bag-w-right-or-left-45o-elbow-valve\" \/>\n<meta property=\"og:locale\" content=\"fr_CA\" \/>\n<meta property=\"og:type\" content=\"article\" \/>\n<meta property=\"og:title\" content=\"High Rise Bag w\/right or left 45\u00ba Elbow Valve - Safety Source Fire\" \/>\n<meta property=\"og:description\" content=\"TFT\u2019s High Rise Kits are a standpipe valve solution that is configurable to meet your needs.\" \/>\n<meta property=\"og:url\" content=\"https:\/\/safetysourcefire.ca\/fr\/?product=high-rise-bag-w-right-or-left-45o-elbow-valve\" \/>\n<meta property=\"og:site_name\" content=\"Safety Source Fire\" \/>\n<meta property=\"article:publisher\" content=\"https:\/\/www.facebook.com\/mmfssca\" \/>\n<meta property=\"article:modified_time\" content=\"2021-04-16T19:14:29+00:00\" \/>\n<meta property=\"og:image\" content=\"https:\/\/safetysourcefire.ca\/wp-content\/uploads\/2021\/04\/HI-RISE-R.jpg\" \/>\n\t<meta property=\"og:image:width\" content=\"600\" \/>\n\t<meta property=\"og:image:height\" content=\"600\" \/>\n\t<meta property=\"og:image:type\" content=\"image\/jpeg\" \/>\n<meta name=\"twitter:card\" content=\"summary_large_image\" \/>\n<meta name=\"twitter:site\" content=\"@mmfssca\" \/>\n<meta name=\"twitter:label1\" content=\"Estimation du temps de lecture\" \/>\n\t<meta name=\"twitter:data1\" content=\"1 minute\" \/>\n<script type=\"application\/ld+json\" class=\"yoast-schema-graph\">{\"@context\":\"https:\\\/\\\/schema.org\",\"@graph\":[{\"@type\":\"WebPage\",\"@id\":\"https:\\\/\\\/safetysourcefire.ca\\\/?product=high-rise-bag-w-right-or-left-45o-elbow-valve\",\"url\":\"https:\\\/\\\/safetysourcefire.ca\\\/?product=high-rise-bag-w-right-or-left-45o-elbow-valve\",\"name\":\"High Rise Bag w\\\/right or left 45\u00ba Elbow Valve - Safety Source Fire\",\"isPartOf\":{\"@id\":\"https:\\\/\\\/safetysourcefire.ca\\\/#website\"},\"primaryImageOfPage\":{\"@id\":\"https:\\\/\\\/safetysourcefire.ca\\\/?product=high-rise-bag-w-right-or-left-45o-elbow-valve#primaryimage\"},\"image\":{\"@id\":\"https:\\\/\\\/safetysourcefire.ca\\\/?product=high-rise-bag-w-right-or-left-45o-elbow-valve#primaryimage\"},\"thumbnailUrl\":\"https:\\\/\\\/safetysourcefire.ca\\\/wp-content\\\/uploads\\\/2021\\\/04\\\/HI-RISE-R.jpg\",\"datePublished\":\"2021-04-08T15:23:37+00:00\",\"dateModified\":\"2021-04-16T19:14:29+00:00\",\"breadcrumb\":{\"@id\":\"https:\\\/\\\/safetysourcefire.ca\\\/?product=high-rise-bag-w-right-or-left-45o-elbow-valve#breadcrumb\"},\"inLanguage\":\"fr-CA\",\"potentialAction\":[{\"@type\":\"ReadAction\",\"target\":[\"https:\\\/\\\/safetysourcefire.ca\\\/?product=high-rise-bag-w-right-or-left-45o-elbow-valve\"]}]},{\"@type\":\"ImageObject\",\"inLanguage\":\"fr-CA\",\"@id\":\"https:\\\/\\\/safetysourcefire.ca\\\/?product=high-rise-bag-w-right-or-left-45o-elbow-valve#primaryimage\",\"url\":\"https:\\\/\\\/safetysourcefire.ca\\\/wp-content\\\/uploads\\\/2021\\\/04\\\/HI-RISE-R.jpg\",\"contentUrl\":\"https:\\\/\\\/safetysourcefire.ca\\\/wp-content\\\/uploads\\\/2021\\\/04\\\/HI-RISE-R.jpg\",\"width\":600,\"height\":600,\"caption\":\"hi rise kit\"},{\"@type\":\"BreadcrumbList\",\"@id\":\"https:\\\/\\\/safetysourcefire.ca\\\/?product=high-rise-bag-w-right-or-left-45o-elbow-valve#breadcrumb\",\"itemListElement\":[{\"@type\":\"ListItem\",\"position\":1,\"name\":\"Home\",\"item\":\"https:\\\/\\\/safetysourcefire.ca\\\/\"},{\"@type\":\"ListItem\",\"position\":2,\"name\":\"Products\",\"item\":\"https:\\\/\\\/safetysourcefire.ca\\\/shop\\\/\"},{\"@type\":\"ListItem\",\"position\":3,\"name\":\"High Rise Bag w\\\/right or left 45\u00ba Elbow Valve\"}]},{\"@type\":\"WebSite\",\"@id\":\"https:\\\/\\\/safetysourcefire.ca\\\/#website\",\"url\":\"https:\\\/\\\/safetysourcefire.ca\\\/\",\"name\":\"Safety Source Fire\",\"description\":\"\",\"publisher\":{\"@id\":\"https:\\\/\\\/safetysourcefire.ca\\\/#organization\"},\"potentialAction\":[{\"@type\":\"SearchAction\",\"target\":{\"@type\":\"EntryPoint\",\"urlTemplate\":\"https:\\\/\\\/safetysourcefire.ca\\\/?s={search_term_string}\"},\"query-input\":{\"@type\":\"PropertyValueSpecification\",\"valueRequired\":true,\"valueName\":\"search_term_string\"}}],\"inLanguage\":\"fr-CA\"},{\"@type\":\"Organization\",\"@id\":\"https:\\\/\\\/safetysourcefire.ca\\\/#organization\",\"name\":\"Safety Source Fire\",\"url\":\"https:\\\/\\\/safetysourcefire.ca\\\/\",\"logo\":{\"@type\":\"ImageObject\",\"inLanguage\":\"fr-CA\",\"@id\":\"https:\\\/\\\/safetysourcefire.ca\\\/#\\\/schema\\\/logo\\\/image\\\/\",\"url\":\"https:\\\/\\\/safetysourcefire.ca\\\/wp-content\\\/uploads\\\/2021\\\/01\\\/SSF_logo_CC0000-3.png\",\"contentUrl\":\"https:\\\/\\\/safetysourcefire.ca\\\/wp-content\\\/uploads\\\/2021\\\/01\\\/SSF_logo_CC0000-3.png\",\"width\":1107,\"height\":365,\"caption\":\"Safety Source Fire\"},\"image\":{\"@id\":\"https:\\\/\\\/safetysourcefire.ca\\\/#\\\/schema\\\/logo\\\/image\\\/\"},\"sameAs\":[\"https:\\\/\\\/www.facebook.com\\\/mmfssca\",\"https:\\\/\\\/x.com\\\/mmfssca\"]}]}<\/script>\n<!-- \/ Yoast SEO plugin. -->","yoast_head_json":{"title":"Sac de couchage haute hauteur avec valve coud\u00e9e \u00e0 45\u00b0 droite ou gauche - Safety Source Fire","robots":{"index":"index","follow":"follow","max-snippet":"max-snippet:-1","max-image-preview":"max-image-preview:large","max-video-preview":"max-video-preview:-1"},"canonical":"https:\/\/safetysourcefire.ca\/fr\/?product=high-rise-bag-w-right-or-left-45o-elbow-valve","og_locale":"fr_CA","og_type":"article","og_title":"High Rise Bag w\/right or left 45\u00ba Elbow Valve - Safety Source Fire","og_description":"TFT\u2019s High Rise Kits are a standpipe valve solution that is configurable to meet your needs.","og_url":"https:\/\/safetysourcefire.ca\/fr\/?product=high-rise-bag-w-right-or-left-45o-elbow-valve","og_site_name":"Safety Source Fire","article_publisher":"https:\/\/www.facebook.com\/mmfssca","article_modified_time":"2021-04-16T19:14:29+00:00","og_image":[{"width":600,"height":600,"url":"https:\/\/safetysourcefire.ca\/wp-content\/uploads\/2021\/04\/HI-RISE-R.jpg","type":"image\/jpeg"}],"twitter_card":"summary_large_image","twitter_site":"@mmfssca","twitter_misc":{"Estimation du temps de lecture":"1 minute"},"schema":{"@context":"https:\/\/schema.org","@graph":[{"@type":"WebPage","@id":"https:\/\/safetysourcefire.ca\/?product=high-rise-bag-w-right-or-left-45o-elbow-valve","url":"https:\/\/safetysourcefire.ca\/?product=high-rise-bag-w-right-or-left-45o-elbow-valve","name":"Sac de couchage haute hauteur avec valve coud\u00e9e \u00e0 45\u00b0 droite ou gauche - Safety Source Fire","isPartOf":{"@id":"https:\/\/safetysourcefire.ca\/#website"},"primaryImageOfPage":{"@id":"https:\/\/safetysourcefire.ca\/?product=high-rise-bag-w-right-or-left-45o-elbow-valve#primaryimage"},"image":{"@id":"https:\/\/safetysourcefire.ca\/?product=high-rise-bag-w-right-or-left-45o-elbow-valve#primaryimage"},"thumbnailUrl":"https:\/\/safetysourcefire.ca\/wp-content\/uploads\/2021\/04\/HI-RISE-R.jpg","datePublished":"2021-04-08T15:23:37+00:00","dateModified":"2021-04-16T19:14:29+00:00","breadcrumb":{"@id":"https:\/\/safetysourcefire.ca\/?product=high-rise-bag-w-right-or-left-45o-elbow-valve#breadcrumb"},"inLanguage":"fr-CA","potentialAction":[{"@type":"ReadAction","target":["https:\/\/safetysourcefire.ca\/?product=high-rise-bag-w-right-or-left-45o-elbow-valve"]}]},{"@type":"ImageObject","inLanguage":"fr-CA","@id":"https:\/\/safetysourcefire.ca\/?product=high-rise-bag-w-right-or-left-45o-elbow-valve#primaryimage","url":"https:\/\/safetysourcefire.ca\/wp-content\/uploads\/2021\/04\/HI-RISE-R.jpg","contentUrl":"https:\/\/safetysourcefire.ca\/wp-content\/uploads\/2021\/04\/HI-RISE-R.jpg","width":600,"height":600,"caption":"hi rise kit"},{"@type":"BreadcrumbList","@id":"https:\/\/safetysourcefire.ca\/?product=high-rise-bag-w-right-or-left-45o-elbow-valve#breadcrumb","itemListElement":[{"@type":"ListItem","position":1,"name":"Home","item":"https:\/\/safetysourcefire.ca\/"},{"@type":"ListItem","position":2,"name":"Products","item":"https:\/\/safetysourcefire.ca\/shop\/"},{"@type":"ListItem","position":3,"name":"High Rise Bag w\/right or left 45\u00ba Elbow Valve"}]},{"@type":"WebSite","@id":"https:\/\/safetysourcefire.ca\/#website","url":"https:\/\/safetysourcefire.ca\/","name":"Safety Source Fire","description":"","publisher":{"@id":"https:\/\/safetysourcefire.ca\/#organization"},"potentialAction":[{"@type":"SearchAction","target":{"@type":"EntryPoint","urlTemplate":"https:\/\/safetysourcefire.ca\/?s={search_term_string}"},"query-input":{"@type":"PropertyValueSpecification","valueRequired":true,"valueName":"search_term_string"}}],"inLanguage":"fr-CA"},{"@type":"Organization","@id":"https:\/\/safetysourcefire.ca\/#organization","name":"Safety Source Fire","url":"https:\/\/safetysourcefire.ca\/","logo":{"@type":"ImageObject","inLanguage":"fr-CA","@id":"https:\/\/safetysourcefire.ca\/#\/schema\/logo\/image\/","url":"https:\/\/safetysourcefire.ca\/wp-content\/uploads\/2021\/01\/SSF_logo_CC0000-3.png","contentUrl":"https:\/\/safetysourcefire.ca\/wp-content\/uploads\/2021\/01\/SSF_logo_CC0000-3.png","width":1107,"height":365,"caption":"Safety Source Fire"},"image":{"@id":"https:\/\/safetysourcefire.ca\/#\/schema\/logo\/image\/"},"sameAs":["https:\/\/www.facebook.com\/mmfssca","https:\/\/x.com\/mmfssca"]}]}},"_links":{"self":[{"href":"https:\/\/safetysourcefire.ca\/fr\/wp-json\/wp\/v2\/product\/24892","targetHints":{"allow":["GET"]}}],"collection":[{"href":"https:\/\/safetysourcefire.ca\/fr\/wp-json\/wp\/v2\/product"}],"about":[{"href":"https:\/\/safetysourcefire.ca\/fr\/wp-json\/wp\/v2\/types\/product"}],"wp:featuredmedia":[{"embeddable":true,"href":"https:\/\/safetysourcefire.ca\/fr\/wp-json\/wp\/v2\/media\/24894"}],"wp:attachment":[{"href":"https:\/\/safetysourcefire.ca\/fr\/wp-json\/wp\/v2\/media?parent=24892"}],"wp:term":[{"taxonomy":"product_brand","embeddable":true,"href":"https:\/\/safetysourcefire.ca\/fr\/wp-json\/wp\/v2\/product_brand?post=24892"},{"taxonomy":"product_cat","embeddable":true,"href":"https:\/\/safetysourcefire.ca\/fr\/wp-json\/wp\/v2\/product_cat?post=24892"},{"taxonomy":"product_tag","embeddable":true,"href":"https:\/\/safetysourcefire.ca\/fr\/wp-json\/wp\/v2\/product_tag?post=24892"}],"curies":[{"name":"wp","href":"https:\/\/api.w.org\/{rel}","templated":true}]}}