{"id":24895,"date":"2021-04-08T15:35:14","date_gmt":"2021-04-08T15:35:14","guid":{"rendered":"https:\/\/safetysourcefire.ca\/?post_type=product&#038;p=24895"},"modified":"2021-09-30T15:01:11","modified_gmt":"2021-09-30T15:01:11","slug":"rechargeable-led-portable-scene-light-ext","status":"publish","type":"product","link":"https:\/\/safetysourcefire.ca\/fr\/produit\/rechargeable-led-portable-scene-light-ext\/","title":{"rendered":"\u00c9clairage de sc\u00e8ne portable \u00e0 LED rechargeable Ext"},"content":{"rendered":"<p>La s\u00e9rie ''Portable Scene Light'' continue de cro\u00eetre ; le mod\u00e8le original comprend une rallonge de 72\" alors que la ''Portable Scene Light EXT'' est dot\u00e9e d'une rallonge de 84\". Rapidement d\u00e9ploy\u00e9s et faciles \u00e0 ranger, ces outils compacts vous permettent d'apporter de plus de lumi\u00e8re sur votre milieu de travail; que ce soit un grand espace ouvert ou un espace restreint et confin\u00e9.<\/p>\n<ul>\n<li>Six LED blanches et de larges r\u00e9flecteurs produisent un motif d'\u00e9clairage uniforme<\/li>\n<li>Trois options s\u00e9lectionnables par l'utilisateur:\n<ul>\n<li>Haute intensit\u00e9: pour cr\u00e9ation d'un faisceau d'\u00e9clairage ultra-brillant: 5 300 lumens; faisceau de 410m; fonctionne 4 heures<\/li>\n<li>Moyenne intensit\u00e9: pour un faisceau intense et une dur\u00e9e de fonctionnement plus longue: 2 500 lumens; Faisceau de 292 m; fonctionne 9 heures<\/li>\n<li>Faible intensit\u00e9: pour une dur\u00e9e de fonctionnement prolong\u00e9e\u00a0: 1\u00a0300 lumens\u00a0; faisceau de 215 m ; fonctionne 18 heures<\/li>\n<\/ul>\n<\/li>\n<li>R\u00e9glages du diffuseur s\u00e9lectionnables pour deux largeurs de faisceau<\/li>\n<li>\u00c9clairage p\u00e9riph\u00e9rique optimal pour l'\u00e9clairage de sc\u00e8ne; Le col pivotant \u00e0 90 \u00b0 vous permet de diriger le faisceau l\u00e0 o\u00f9 vous en avez besoin pour le travail \u00e0 accomplir<\/li>\n<li>Les batteries au plomb scell\u00e9es se rechargent en 10 heures<\/li>\n<li>Chargement continue des batteries si directement connect\u00e9 \u00e0 partir d'une source d'alimentation CA ou CC. Soyez certain de toujours avoir une lumi\u00e8re lorsque vous en avez besoin!<\/li>\n<li>Temps de fonctionnement ind\u00e9fini lorsqu&#039;il est branch\u00e9 sur une alimentation externe CA ou CC<\/li>\n<li>Des anneaux semi circulaires (en forme de D) int\u00e9gr\u00e9s permettent le transport en bandouli\u00e8re de l'appareil<\/li>\n<li>Con\u00e7u pour une utilisation dans des espaces confin\u00e9s et des terrains accident\u00e9s<\/li>\n<li>IP67 \u00e9valu\u00e9\u00a0; \u00e9tanche \u00e0 la poussi\u00e8re et \u00e0 l&#039;eau jusqu&#039;\u00e0 1 m pendant 30 minutes<\/li>\n<li>R\u00e9siste au vent de 40 mph continu dans toutes les directions avec la t\u00eate compl\u00e8tement \u00e9tendue<\/li>\n<li>Conception intelligente et configuration facile:\n<ul>\n<li>Moins de 30 secondes pour le d\u00e9ploiement complet de l'appareil<\/li>\n<li>Le poteau s&#039;\u00e9tend jusqu&#039;\u00e0 84&quot; (213,36 cm) \u2013 mod\u00e8le EXT\u00a0; Mod\u00e8le original de 72&quot; (182,88 cm)<\/li>\n<li>Cordon int\u00e9gr\u00e9 au poteau pour \u00e9viter les accrochages<\/li>\n<li>Pieds de stabilisation inclus pour assurer un \u00e9quilibre m\u00eame sur les surfaces in\u00e9gales<\/li>\n<li>Batteries au plomb qui incluent un syst\u00e8me de ballast ainsi qu'une stabilit\u00e9 \u00e0 l'appareil<\/li>\n<\/ul>\n<\/li>\n<li>Lumi\u00e8re de sc\u00e8ne portative \u2013 25 lb. (11,33 kg)\u00a0; Lampe de sc\u00e8ne portable EXT-25,5 lb. (11,6 kg)\n<ul>\n<li>Fournit une stabilisation du poids, mais est assez l\u00e9ger pour \u00eatre transport\u00e9<\/li>\n<\/ul>\n<\/li>\n<li>Se range dans une taille compacte pour un rangement facile : \u00e9clairage de sc\u00e8ne portable (22&quot;\u00a0; 55,88\u00a0cm)\u00a0; Lampe de sc\u00e8ne portable EXT (25,5\u2033.; 64,8 cm)<\/li>\n<\/ul>\n<p>Lumens \u00e9lev\u00e9s 5\u00a0300<br \/>\nTemps d'ex\u00e9cution haute intensit\u00e9: 4 heures<br \/>\nTemps d'ex\u00e9cution basse intensit\u00e9 : 18 heures<br \/>\nDistance du faisceau: 410 m\u00e8tres<br \/>\nType de batterie : au plomb<br \/>\nQuantit\u00e9 de batterie : 2<br \/>\nLongueur : 25,50 pouces (64,77 centim\u00e8tres)<br \/>\nPoids : 25 livres -  8,00 onces (11566,60 grammes)<br \/>\nCouleur : Jaune<\/p>\n<p>&nbsp;<\/p>\n<p><a href=\"https:\/\/www.streamlight.com\/docs\/default-source\/data-sheet\/portablescenelightdatasheet.pdf\">T\u00e9l\u00e9charger la fiche technique<\/a><\/p>\n<p>&nbsp;<\/p>\n<p><iframe loading=\"lazy\" title=\"lecteur vid\u00e9o YouTube\" src=\"https:\/\/www.youtube.com\/embed\/seApBI6j-ZQ\" width=\"560\" height=\"315\" frameborder=\"0\" allowfullscreen=\"allowfullscreen\"><\/iframe><\/p>","protected":false},"excerpt":{"rendered":"<p>Projecteur lumineux 5 300 lumens, portable et pliable<\/p>","protected":false},"featured_media":24906,"template":"","meta":[],"product_brand":[144],"product_cat":[462,464,465,48,80],"product_tag":[350],"class_list":{"0":"post-24895","1":"product","2":"type-product","3":"status-publish","4":"has-post-thumbnail","6":"product_brand-streamlight","7":"product_cat-emergency-preparedness","8":"product_cat-flood","9":"product_cat-hurricane","10":"product_cat-lighting","11":"product_cat-scene-lighting","12":"product_tag-streamlight","14":"first","15":"instock","16":"shipping-taxable","17":"product-type-simple"},"yoast_head":"<!-- This site is optimized with the Yoast SEO plugin v27.4 - https:\/\/yoast.com\/product\/yoast-seo-wordpress\/ -->\n<title>Rechargeable LED Portable Scene Light Ext - Safety Source Fire<\/title>\n<meta name=\"robots\" content=\"index, follow, max-snippet:-1, max-image-preview:large, max-video-preview:-1\" \/>\n<link rel=\"canonical\" href=\"https:\/\/safetysourcefire.ca\/fr\/?product=rechargeable-led-portable-scene-light-ext\" \/>\n<meta property=\"og:locale\" content=\"fr_CA\" \/>\n<meta property=\"og:type\" content=\"article\" \/>\n<meta property=\"og:title\" content=\"Rechargeable LED Portable Scene Light Ext - Safety Source Fire\" \/>\n<meta property=\"og:description\" content=\"Bright 5,300 Lumen, Portable and Collapsible Flood Light\" \/>\n<meta property=\"og:url\" content=\"https:\/\/safetysourcefire.ca\/fr\/?product=rechargeable-led-portable-scene-light-ext\" \/>\n<meta property=\"og:site_name\" content=\"Safety Source Fire\" \/>\n<meta property=\"article:publisher\" content=\"https:\/\/www.facebook.com\/mmfssca\" \/>\n<meta property=\"article:modified_time\" content=\"2021-09-30T15:01:11+00:00\" \/>\n<meta property=\"og:image\" content=\"https:\/\/safetysourcefire.ca\/wp-content\/uploads\/2021\/04\/scene-light-ext-compact.jpg\" \/>\n\t<meta property=\"og:image:width\" content=\"600\" \/>\n\t<meta property=\"og:image:height\" content=\"600\" \/>\n\t<meta property=\"og:image:type\" content=\"image\/jpeg\" \/>\n<meta name=\"twitter:card\" content=\"summary_large_image\" \/>\n<meta name=\"twitter:site\" content=\"@mmfssca\" \/>\n<meta name=\"twitter:label1\" content=\"Estimation du temps de lecture\" \/>\n\t<meta name=\"twitter:data1\" content=\"2 minutes\" \/>\n<script type=\"application\/ld+json\" class=\"yoast-schema-graph\">{\"@context\":\"https:\\\/\\\/schema.org\",\"@graph\":[{\"@type\":\"WebPage\",\"@id\":\"https:\\\/\\\/safetysourcefire.ca\\\/?product=rechargeable-led-portable-scene-light-ext\",\"url\":\"https:\\\/\\\/safetysourcefire.ca\\\/?product=rechargeable-led-portable-scene-light-ext\",\"name\":\"Rechargeable LED Portable Scene Light Ext - Safety Source Fire\",\"isPartOf\":{\"@id\":\"https:\\\/\\\/safetysourcefire.ca\\\/#website\"},\"primaryImageOfPage\":{\"@id\":\"https:\\\/\\\/safetysourcefire.ca\\\/?product=rechargeable-led-portable-scene-light-ext#primaryimage\"},\"image\":{\"@id\":\"https:\\\/\\\/safetysourcefire.ca\\\/?product=rechargeable-led-portable-scene-light-ext#primaryimage\"},\"thumbnailUrl\":\"https:\\\/\\\/safetysourcefire.ca\\\/wp-content\\\/uploads\\\/2021\\\/04\\\/scene-light-ext-compact.jpg\",\"datePublished\":\"2021-04-08T15:35:14+00:00\",\"dateModified\":\"2021-09-30T15:01:11+00:00\",\"breadcrumb\":{\"@id\":\"https:\\\/\\\/safetysourcefire.ca\\\/?product=rechargeable-led-portable-scene-light-ext#breadcrumb\"},\"inLanguage\":\"fr-CA\",\"potentialAction\":[{\"@type\":\"ReadAction\",\"target\":[\"https:\\\/\\\/safetysourcefire.ca\\\/?product=rechargeable-led-portable-scene-light-ext\"]}]},{\"@type\":\"ImageObject\",\"inLanguage\":\"fr-CA\",\"@id\":\"https:\\\/\\\/safetysourcefire.ca\\\/?product=rechargeable-led-portable-scene-light-ext#primaryimage\",\"url\":\"https:\\\/\\\/safetysourcefire.ca\\\/wp-content\\\/uploads\\\/2021\\\/04\\\/scene-light-ext-compact.jpg\",\"contentUrl\":\"https:\\\/\\\/safetysourcefire.ca\\\/wp-content\\\/uploads\\\/2021\\\/04\\\/scene-light-ext-compact.jpg\",\"width\":600,\"height\":600,\"caption\":\"portable scene light\"},{\"@type\":\"BreadcrumbList\",\"@id\":\"https:\\\/\\\/safetysourcefire.ca\\\/?product=rechargeable-led-portable-scene-light-ext#breadcrumb\",\"itemListElement\":[{\"@type\":\"ListItem\",\"position\":1,\"name\":\"Home\",\"item\":\"https:\\\/\\\/safetysourcefire.ca\\\/\"},{\"@type\":\"ListItem\",\"position\":2,\"name\":\"Products\",\"item\":\"https:\\\/\\\/safetysourcefire.ca\\\/shop\\\/\"},{\"@type\":\"ListItem\",\"position\":3,\"name\":\"Rechargeable LED Portable Scene Light Ext\"}]},{\"@type\":\"WebSite\",\"@id\":\"https:\\\/\\\/safetysourcefire.ca\\\/#website\",\"url\":\"https:\\\/\\\/safetysourcefire.ca\\\/\",\"name\":\"Safety Source Fire\",\"description\":\"\",\"publisher\":{\"@id\":\"https:\\\/\\\/safetysourcefire.ca\\\/#organization\"},\"potentialAction\":[{\"@type\":\"SearchAction\",\"target\":{\"@type\":\"EntryPoint\",\"urlTemplate\":\"https:\\\/\\\/safetysourcefire.ca\\\/?s={search_term_string}\"},\"query-input\":{\"@type\":\"PropertyValueSpecification\",\"valueRequired\":true,\"valueName\":\"search_term_string\"}}],\"inLanguage\":\"fr-CA\"},{\"@type\":\"Organization\",\"@id\":\"https:\\\/\\\/safetysourcefire.ca\\\/#organization\",\"name\":\"Safety Source Fire\",\"url\":\"https:\\\/\\\/safetysourcefire.ca\\\/\",\"logo\":{\"@type\":\"ImageObject\",\"inLanguage\":\"fr-CA\",\"@id\":\"https:\\\/\\\/safetysourcefire.ca\\\/#\\\/schema\\\/logo\\\/image\\\/\",\"url\":\"https:\\\/\\\/safetysourcefire.ca\\\/wp-content\\\/uploads\\\/2021\\\/01\\\/SSF_logo_CC0000-3.png\",\"contentUrl\":\"https:\\\/\\\/safetysourcefire.ca\\\/wp-content\\\/uploads\\\/2021\\\/01\\\/SSF_logo_CC0000-3.png\",\"width\":1107,\"height\":365,\"caption\":\"Safety Source Fire\"},\"image\":{\"@id\":\"https:\\\/\\\/safetysourcefire.ca\\\/#\\\/schema\\\/logo\\\/image\\\/\"},\"sameAs\":[\"https:\\\/\\\/www.facebook.com\\\/mmfssca\",\"https:\\\/\\\/x.com\\\/mmfssca\"]}]}<\/script>\n<!-- \/ Yoast SEO plugin. -->","yoast_head_json":{"title":"\u00c9clairage de sc\u00e8ne portable \u00e0 LED rechargeable - Source de s\u00e9curit\u00e9 incendie","robots":{"index":"index","follow":"follow","max-snippet":"max-snippet:-1","max-image-preview":"max-image-preview:large","max-video-preview":"max-video-preview:-1"},"canonical":"https:\/\/safetysourcefire.ca\/fr\/?product=rechargeable-led-portable-scene-light-ext","og_locale":"fr_CA","og_type":"article","og_title":"Rechargeable LED Portable Scene Light Ext - Safety Source Fire","og_description":"Bright 5,300 Lumen, Portable and Collapsible Flood Light","og_url":"https:\/\/safetysourcefire.ca\/fr\/?product=rechargeable-led-portable-scene-light-ext","og_site_name":"Safety Source Fire","article_publisher":"https:\/\/www.facebook.com\/mmfssca","article_modified_time":"2021-09-30T15:01:11+00:00","og_image":[{"width":600,"height":600,"url":"https:\/\/safetysourcefire.ca\/wp-content\/uploads\/2021\/04\/scene-light-ext-compact.jpg","type":"image\/jpeg"}],"twitter_card":"summary_large_image","twitter_site":"@mmfssca","twitter_misc":{"Estimation du temps de lecture":"2 minutes"},"schema":{"@context":"https:\/\/schema.org","@graph":[{"@type":"WebPage","@id":"https:\/\/safetysourcefire.ca\/?product=rechargeable-led-portable-scene-light-ext","url":"https:\/\/safetysourcefire.ca\/?product=rechargeable-led-portable-scene-light-ext","name":"\u00c9clairage de sc\u00e8ne portable \u00e0 LED rechargeable - Source de s\u00e9curit\u00e9 incendie","isPartOf":{"@id":"https:\/\/safetysourcefire.ca\/#website"},"primaryImageOfPage":{"@id":"https:\/\/safetysourcefire.ca\/?product=rechargeable-led-portable-scene-light-ext#primaryimage"},"image":{"@id":"https:\/\/safetysourcefire.ca\/?product=rechargeable-led-portable-scene-light-ext#primaryimage"},"thumbnailUrl":"https:\/\/safetysourcefire.ca\/wp-content\/uploads\/2021\/04\/scene-light-ext-compact.jpg","datePublished":"2021-04-08T15:35:14+00:00","dateModified":"2021-09-30T15:01:11+00:00","breadcrumb":{"@id":"https:\/\/safetysourcefire.ca\/?product=rechargeable-led-portable-scene-light-ext#breadcrumb"},"inLanguage":"fr-CA","potentialAction":[{"@type":"ReadAction","target":["https:\/\/safetysourcefire.ca\/?product=rechargeable-led-portable-scene-light-ext"]}]},{"@type":"ImageObject","inLanguage":"fr-CA","@id":"https:\/\/safetysourcefire.ca\/?product=rechargeable-led-portable-scene-light-ext#primaryimage","url":"https:\/\/safetysourcefire.ca\/wp-content\/uploads\/2021\/04\/scene-light-ext-compact.jpg","contentUrl":"https:\/\/safetysourcefire.ca\/wp-content\/uploads\/2021\/04\/scene-light-ext-compact.jpg","width":600,"height":600,"caption":"portable scene light"},{"@type":"BreadcrumbList","@id":"https:\/\/safetysourcefire.ca\/?product=rechargeable-led-portable-scene-light-ext#breadcrumb","itemListElement":[{"@type":"ListItem","position":1,"name":"Home","item":"https:\/\/safetysourcefire.ca\/"},{"@type":"ListItem","position":2,"name":"Products","item":"https:\/\/safetysourcefire.ca\/shop\/"},{"@type":"ListItem","position":3,"name":"Rechargeable LED Portable Scene Light Ext"}]},{"@type":"WebSite","@id":"https:\/\/safetysourcefire.ca\/#website","url":"https:\/\/safetysourcefire.ca\/","name":"Safety Source Fire","description":"","publisher":{"@id":"https:\/\/safetysourcefire.ca\/#organization"},"potentialAction":[{"@type":"SearchAction","target":{"@type":"EntryPoint","urlTemplate":"https:\/\/safetysourcefire.ca\/?s={search_term_string}"},"query-input":{"@type":"PropertyValueSpecification","valueRequired":true,"valueName":"search_term_string"}}],"inLanguage":"fr-CA"},{"@type":"Organization","@id":"https:\/\/safetysourcefire.ca\/#organization","name":"Safety Source Fire","url":"https:\/\/safetysourcefire.ca\/","logo":{"@type":"ImageObject","inLanguage":"fr-CA","@id":"https:\/\/safetysourcefire.ca\/#\/schema\/logo\/image\/","url":"https:\/\/safetysourcefire.ca\/wp-content\/uploads\/2021\/01\/SSF_logo_CC0000-3.png","contentUrl":"https:\/\/safetysourcefire.ca\/wp-content\/uploads\/2021\/01\/SSF_logo_CC0000-3.png","width":1107,"height":365,"caption":"Safety Source Fire"},"image":{"@id":"https:\/\/safetysourcefire.ca\/#\/schema\/logo\/image\/"},"sameAs":["https:\/\/www.facebook.com\/mmfssca","https:\/\/x.com\/mmfssca"]}]}},"_links":{"self":[{"href":"https:\/\/safetysourcefire.ca\/fr\/wp-json\/wp\/v2\/product\/24895","targetHints":{"allow":["GET"]}}],"collection":[{"href":"https:\/\/safetysourcefire.ca\/fr\/wp-json\/wp\/v2\/product"}],"about":[{"href":"https:\/\/safetysourcefire.ca\/fr\/wp-json\/wp\/v2\/types\/product"}],"wp:featuredmedia":[{"embeddable":true,"href":"https:\/\/safetysourcefire.ca\/fr\/wp-json\/wp\/v2\/media\/24906"}],"wp:attachment":[{"href":"https:\/\/safetysourcefire.ca\/fr\/wp-json\/wp\/v2\/media?parent=24895"}],"wp:term":[{"taxonomy":"product_brand","embeddable":true,"href":"https:\/\/safetysourcefire.ca\/fr\/wp-json\/wp\/v2\/product_brand?post=24895"},{"taxonomy":"product_cat","embeddable":true,"href":"https:\/\/safetysourcefire.ca\/fr\/wp-json\/wp\/v2\/product_cat?post=24895"},{"taxonomy":"product_tag","embeddable":true,"href":"https:\/\/safetysourcefire.ca\/fr\/wp-json\/wp\/v2\/product_tag?post=24895"}],"curies":[{"name":"wp","href":"https:\/\/api.w.org\/{rel}","templated":true}]}}