{"id":24908,"date":"2021-04-08T15:51:38","date_gmt":"2021-04-08T15:51:38","guid":{"rendered":"https:\/\/safetysourcefire.ca\/?post_type=product&#038;p=24908"},"modified":"2021-09-27T13:19:09","modified_gmt":"2021-09-27T13:19:09","slug":"super-siege-lantern","status":"publish","type":"product","link":"https:\/\/safetysourcefire.ca\/fr\/produit\/super-siege-lantern\/","title":{"rendered":"Lanterne Super Siege\u00ae"},"content":{"rendered":"<p>Cette lanterne d'ext\u00e9rieur robuste et rechargeable de 1 100 lumens fournit \u00e9galement une source d'alimentation USB auxiliaire pour charger vos appareils USB. Pour un \u00e9clairage plus doux, utilisez le mode ''faible'' et prolongez votre autonomie de lumi\u00e8re blanche \u00e0 plus de 36 heures. En plus, cette lampe est \u00e9tanche et elle flotte !<\/p>\n<ul>\n<li>Modes multiples\u00a0:\n<ul>\n<li>DEL blanche\u00a0:\n<ul>\n<li>Mode \u00e9lev\u00e9: pour la lumi\u00e8re la plus brillante : 1 100 lumens ; fonctionne 5,75 heures<\/li>\n<li>Mode moyen : pour une lumi\u00e8re vive et une autonomie plus longue : 550 lumens ; fonctionne 11,5 heures<\/li>\n<li>Mode faible : offre une dur\u00e9e de fonctionnement prolong\u00e9e\u00a0: 125 lumens\u00a0; dure 36,25 heures<\/li>\n<\/ul>\n<\/li>\n<li>4 LED rouges (pr\u00e9serve la vision nocturne) :\n<ul>\n<li>Mode \u00e9lev\u00e9 : 2,7 lumens ; fonctionne 140 heures<\/li>\n<li>Mode faible\u00a0: 1\u00a0lumi\u00e8re\u00a0; fonctionne 348 heures<\/li>\n<li>Mode Flash SOS : pour la signalisation d'urgence : 2,7 lumens ; fonctionne 320 heures<\/li>\n<\/ul>\n<\/li>\n<\/ul>\n<\/li>\n<li>Construction durable en polym\u00e8re avec base en caoutchouc qui offre une stabilit\u00e9 sur les surfaces glissantes ou in\u00e9gales\u00a0; le couvercle en caoutchouc prot\u00e8ge les ports USB<\/li>\n<li>Couvercle en polycarbonate qui fournit une distribution de lumi\u00e8re uniforme \u00e0 360 \u00b0<\/li>\n<li>Glare Guard\u2122 amovible permet un \u00e9clairage localis\u00e9 pour les t\u00e2ches d\u00e9licates et pr\u00e9cises<\/li>\n<li>Batterie lithium-ion rechargeable<\/li>\n<li>Anneau en D sur la base de la lanterne pour l'utiliser comme plafonnier ou la suspendre \u00e0 votre guise<\/li>\n<li>IPX7 \u00e9tanche jusqu'\u00e0 1 m d'immersion ; R\u00e9sistance aux chocs de 2 m (test\u00e9e)<\/li>\n<li>Flotte si \u00e9chapp\u00e9 dans l'eau<\/li>\n<li>Comprend un compartiment \u00e9tanche \u00e0 la base afin de garder des articles au sec<\/li>\n<li>Chargeur USB portable :\n<ul>\n<li>Plus de 8 charges compl\u00e8tes\u00a0: Streamlight Stylus Pro\u00ae USB, Clipmate\u00ae USB, Double Clutch\u2122 USB<\/li>\n<li>4 charges compl\u00e8tes : Streamlight ProTac HL\u00ae USB<\/li>\n<li>4+ charges compl\u00e8tes\u00a0: la plupart des smartphones<\/li>\n<li>2+ charges compl\u00e8tes\u00a0: la plupart des tablettes<\/li>\n<\/ul>\n<\/li>\n<li>Poign\u00e9e ergonomique con\u00e7ue pour se verrouiller en position verticale ou rang\u00e9e; le crochet incorpor\u00e9 permet de l&#039;accrocher sur les bords horizontaux<\/li>\n<li>Le bouton d&#039;alimentation encastr\u00e9 emp\u00eache l&#039;actionnement accidentel<\/li>\n<li>L&#039;indicateur de niveau de batterie passe du vert au jaune, au rouge, puis au rouge clignotant lorsque la batterie doit \u00eatre recharg\u00e9e<\/li>\n<li>Verres en polycarbonate incassable<\/li>\n<li>7,5 pouces (19,05 cm); 1 lb 14,0 onces (867,62 g)<\/li>\n<li>Comprend un cordon de charge CA ; cordon CC en option disponible<\/li>\n<li>Disponible de couleur jaune ou coyote<\/li>\n<\/ul>\n<p>SP\u00c9CIFICATIONS DU PRODUIT<br \/>\nLumens \u00e9lev\u00e9s 1\u00a0100<br \/>\nTemps d'ex\u00e9cution avec intensit\u00e9 \u00e9lev\u00e9e : 5,75 heures<br \/>\nTemps d'ex\u00e9cution sur mode faible: 36,25 heures<br \/>\nType de batterie Lithium-ion<br \/>\nQuantit\u00e9 de batterie 1<br \/>\nPoids 1 livre - 14,00 onces (850,48 grammes)<br \/>\nCouleurs:  Coyote ou jaune<\/p>\n<p><a href=\"https:\/\/www.streamlight.com\/docs\/default-source\/data-sheet\/SuperSiege_DataSheet.pdf\">T\u00e9l\u00e9charger la fiche technique<\/a><\/p>\n<p><iframe loading=\"lazy\" title=\"lecteur vid\u00e9o YouTube\" src=\"https:\/\/www.youtube.com\/embed\/G9E0K6BBags\" width=\"560\" height=\"315\" frameborder=\"0\" allowfullscreen=\"allowfullscreen\"><\/iframe><\/p>","protected":false},"excerpt":{"rendered":"<p>Lanterne rechargeable de 1 100 lumens avec chargeur USB<\/p>","protected":false},"featured_media":24917,"template":"","meta":[],"product_brand":[144],"product_cat":[462,464,465,48,80],"product_tag":[350],"class_list":{"0":"post-24908","1":"product","2":"type-product","3":"status-publish","4":"has-post-thumbnail","6":"product_brand-streamlight","7":"product_cat-emergency-preparedness","8":"product_cat-flood","9":"product_cat-hurricane","10":"product_cat-lighting","11":"product_cat-scene-lighting","12":"product_tag-streamlight","14":"first","15":"instock","16":"shipping-taxable","17":"product-type-simple"},"yoast_head":"<!-- This site is optimized with the Yoast SEO plugin v27.4 - https:\/\/yoast.com\/product\/yoast-seo-wordpress\/ -->\n<title>Super Siege\u00ae Lantern - Safety Source Fire<\/title>\n<meta name=\"robots\" content=\"index, follow, max-snippet:-1, max-image-preview:large, max-video-preview:-1\" \/>\n<link rel=\"canonical\" href=\"https:\/\/safetysourcefire.ca\/fr\/?product=super-siege-lantern\" \/>\n<meta property=\"og:locale\" content=\"fr_CA\" \/>\n<meta property=\"og:type\" content=\"article\" \/>\n<meta property=\"og:title\" content=\"Super Siege\u00ae Lantern - Safety Source Fire\" \/>\n<meta property=\"og:description\" content=\"Rechargeable 1,100 Lumen Lantern with USB Charger\" \/>\n<meta property=\"og:url\" content=\"https:\/\/safetysourcefire.ca\/fr\/?product=super-siege-lantern\" \/>\n<meta property=\"og:site_name\" content=\"Safety Source Fire\" \/>\n<meta property=\"article:publisher\" content=\"https:\/\/www.facebook.com\/mmfssca\" \/>\n<meta property=\"article:modified_time\" content=\"2021-09-27T13:19:09+00:00\" \/>\n<meta property=\"og:image\" content=\"https:\/\/safetysourcefire.ca\/wp-content\/uploads\/2021\/04\/super-siege-y_main.jpg\" \/>\n\t<meta property=\"og:image:width\" content=\"600\" \/>\n\t<meta property=\"og:image:height\" content=\"600\" \/>\n\t<meta property=\"og:image:type\" content=\"image\/jpeg\" \/>\n<meta name=\"twitter:card\" content=\"summary_large_image\" \/>\n<meta name=\"twitter:site\" content=\"@mmfssca\" \/>\n<meta name=\"twitter:label1\" content=\"Estimation du temps de lecture\" \/>\n\t<meta name=\"twitter:data1\" content=\"2 minutes\" \/>\n<script type=\"application\/ld+json\" class=\"yoast-schema-graph\">{\"@context\":\"https:\\\/\\\/schema.org\",\"@graph\":[{\"@type\":\"WebPage\",\"@id\":\"https:\\\/\\\/safetysourcefire.ca\\\/?product=super-siege-lantern\",\"url\":\"https:\\\/\\\/safetysourcefire.ca\\\/?product=super-siege-lantern\",\"name\":\"Super Siege\u00ae Lantern - Safety Source Fire\",\"isPartOf\":{\"@id\":\"https:\\\/\\\/safetysourcefire.ca\\\/#website\"},\"primaryImageOfPage\":{\"@id\":\"https:\\\/\\\/safetysourcefire.ca\\\/?product=super-siege-lantern#primaryimage\"},\"image\":{\"@id\":\"https:\\\/\\\/safetysourcefire.ca\\\/?product=super-siege-lantern#primaryimage\"},\"thumbnailUrl\":\"https:\\\/\\\/safetysourcefire.ca\\\/wp-content\\\/uploads\\\/2021\\\/04\\\/super-siege-y_main.jpg\",\"datePublished\":\"2021-04-08T15:51:38+00:00\",\"dateModified\":\"2021-09-27T13:19:09+00:00\",\"breadcrumb\":{\"@id\":\"https:\\\/\\\/safetysourcefire.ca\\\/?product=super-siege-lantern#breadcrumb\"},\"inLanguage\":\"fr-CA\",\"potentialAction\":[{\"@type\":\"ReadAction\",\"target\":[\"https:\\\/\\\/safetysourcefire.ca\\\/?product=super-siege-lantern\"]}]},{\"@type\":\"ImageObject\",\"inLanguage\":\"fr-CA\",\"@id\":\"https:\\\/\\\/safetysourcefire.ca\\\/?product=super-siege-lantern#primaryimage\",\"url\":\"https:\\\/\\\/safetysourcefire.ca\\\/wp-content\\\/uploads\\\/2021\\\/04\\\/super-siege-y_main.jpg\",\"contentUrl\":\"https:\\\/\\\/safetysourcefire.ca\\\/wp-content\\\/uploads\\\/2021\\\/04\\\/super-siege-y_main.jpg\",\"width\":600,\"height\":600,\"caption\":\"super siege lantern\"},{\"@type\":\"BreadcrumbList\",\"@id\":\"https:\\\/\\\/safetysourcefire.ca\\\/?product=super-siege-lantern#breadcrumb\",\"itemListElement\":[{\"@type\":\"ListItem\",\"position\":1,\"name\":\"Home\",\"item\":\"https:\\\/\\\/safetysourcefire.ca\\\/\"},{\"@type\":\"ListItem\",\"position\":2,\"name\":\"Products\",\"item\":\"https:\\\/\\\/safetysourcefire.ca\\\/shop\\\/\"},{\"@type\":\"ListItem\",\"position\":3,\"name\":\"Super Siege\u00ae Lantern\"}]},{\"@type\":\"WebSite\",\"@id\":\"https:\\\/\\\/safetysourcefire.ca\\\/#website\",\"url\":\"https:\\\/\\\/safetysourcefire.ca\\\/\",\"name\":\"Safety Source Fire\",\"description\":\"\",\"publisher\":{\"@id\":\"https:\\\/\\\/safetysourcefire.ca\\\/#organization\"},\"potentialAction\":[{\"@type\":\"SearchAction\",\"target\":{\"@type\":\"EntryPoint\",\"urlTemplate\":\"https:\\\/\\\/safetysourcefire.ca\\\/?s={search_term_string}\"},\"query-input\":{\"@type\":\"PropertyValueSpecification\",\"valueRequired\":true,\"valueName\":\"search_term_string\"}}],\"inLanguage\":\"fr-CA\"},{\"@type\":\"Organization\",\"@id\":\"https:\\\/\\\/safetysourcefire.ca\\\/#organization\",\"name\":\"Safety Source Fire\",\"url\":\"https:\\\/\\\/safetysourcefire.ca\\\/\",\"logo\":{\"@type\":\"ImageObject\",\"inLanguage\":\"fr-CA\",\"@id\":\"https:\\\/\\\/safetysourcefire.ca\\\/#\\\/schema\\\/logo\\\/image\\\/\",\"url\":\"https:\\\/\\\/safetysourcefire.ca\\\/wp-content\\\/uploads\\\/2021\\\/01\\\/SSF_logo_CC0000-3.png\",\"contentUrl\":\"https:\\\/\\\/safetysourcefire.ca\\\/wp-content\\\/uploads\\\/2021\\\/01\\\/SSF_logo_CC0000-3.png\",\"width\":1107,\"height\":365,\"caption\":\"Safety Source Fire\"},\"image\":{\"@id\":\"https:\\\/\\\/safetysourcefire.ca\\\/#\\\/schema\\\/logo\\\/image\\\/\"},\"sameAs\":[\"https:\\\/\\\/www.facebook.com\\\/mmfssca\",\"https:\\\/\\\/x.com\\\/mmfssca\"]}]}<\/script>\n<!-- \/ Yoast SEO plugin. -->","yoast_head_json":{"title":"Lanterne Super Siege\u00ae - Source de s\u00e9curit\u00e9 incendie","robots":{"index":"index","follow":"follow","max-snippet":"max-snippet:-1","max-image-preview":"max-image-preview:large","max-video-preview":"max-video-preview:-1"},"canonical":"https:\/\/safetysourcefire.ca\/fr\/?product=super-siege-lantern","og_locale":"fr_CA","og_type":"article","og_title":"Super Siege\u00ae Lantern - Safety Source Fire","og_description":"Rechargeable 1,100 Lumen Lantern with USB Charger","og_url":"https:\/\/safetysourcefire.ca\/fr\/?product=super-siege-lantern","og_site_name":"Safety Source Fire","article_publisher":"https:\/\/www.facebook.com\/mmfssca","article_modified_time":"2021-09-27T13:19:09+00:00","og_image":[{"width":600,"height":600,"url":"https:\/\/safetysourcefire.ca\/wp-content\/uploads\/2021\/04\/super-siege-y_main.jpg","type":"image\/jpeg"}],"twitter_card":"summary_large_image","twitter_site":"@mmfssca","twitter_misc":{"Estimation du temps de lecture":"2 minutes"},"schema":{"@context":"https:\/\/schema.org","@graph":[{"@type":"WebPage","@id":"https:\/\/safetysourcefire.ca\/?product=super-siege-lantern","url":"https:\/\/safetysourcefire.ca\/?product=super-siege-lantern","name":"Lanterne Super Siege\u00ae - Source de s\u00e9curit\u00e9 incendie","isPartOf":{"@id":"https:\/\/safetysourcefire.ca\/#website"},"primaryImageOfPage":{"@id":"https:\/\/safetysourcefire.ca\/?product=super-siege-lantern#primaryimage"},"image":{"@id":"https:\/\/safetysourcefire.ca\/?product=super-siege-lantern#primaryimage"},"thumbnailUrl":"https:\/\/safetysourcefire.ca\/wp-content\/uploads\/2021\/04\/super-siege-y_main.jpg","datePublished":"2021-04-08T15:51:38+00:00","dateModified":"2021-09-27T13:19:09+00:00","breadcrumb":{"@id":"https:\/\/safetysourcefire.ca\/?product=super-siege-lantern#breadcrumb"},"inLanguage":"fr-CA","potentialAction":[{"@type":"ReadAction","target":["https:\/\/safetysourcefire.ca\/?product=super-siege-lantern"]}]},{"@type":"ImageObject","inLanguage":"fr-CA","@id":"https:\/\/safetysourcefire.ca\/?product=super-siege-lantern#primaryimage","url":"https:\/\/safetysourcefire.ca\/wp-content\/uploads\/2021\/04\/super-siege-y_main.jpg","contentUrl":"https:\/\/safetysourcefire.ca\/wp-content\/uploads\/2021\/04\/super-siege-y_main.jpg","width":600,"height":600,"caption":"super siege lantern"},{"@type":"BreadcrumbList","@id":"https:\/\/safetysourcefire.ca\/?product=super-siege-lantern#breadcrumb","itemListElement":[{"@type":"ListItem","position":1,"name":"Home","item":"https:\/\/safetysourcefire.ca\/"},{"@type":"ListItem","position":2,"name":"Products","item":"https:\/\/safetysourcefire.ca\/shop\/"},{"@type":"ListItem","position":3,"name":"Super Siege\u00ae Lantern"}]},{"@type":"WebSite","@id":"https:\/\/safetysourcefire.ca\/#website","url":"https:\/\/safetysourcefire.ca\/","name":"Safety Source Fire","description":"","publisher":{"@id":"https:\/\/safetysourcefire.ca\/#organization"},"potentialAction":[{"@type":"SearchAction","target":{"@type":"EntryPoint","urlTemplate":"https:\/\/safetysourcefire.ca\/?s={search_term_string}"},"query-input":{"@type":"PropertyValueSpecification","valueRequired":true,"valueName":"search_term_string"}}],"inLanguage":"fr-CA"},{"@type":"Organization","@id":"https:\/\/safetysourcefire.ca\/#organization","name":"Safety Source Fire","url":"https:\/\/safetysourcefire.ca\/","logo":{"@type":"ImageObject","inLanguage":"fr-CA","@id":"https:\/\/safetysourcefire.ca\/#\/schema\/logo\/image\/","url":"https:\/\/safetysourcefire.ca\/wp-content\/uploads\/2021\/01\/SSF_logo_CC0000-3.png","contentUrl":"https:\/\/safetysourcefire.ca\/wp-content\/uploads\/2021\/01\/SSF_logo_CC0000-3.png","width":1107,"height":365,"caption":"Safety Source Fire"},"image":{"@id":"https:\/\/safetysourcefire.ca\/#\/schema\/logo\/image\/"},"sameAs":["https:\/\/www.facebook.com\/mmfssca","https:\/\/x.com\/mmfssca"]}]}},"_links":{"self":[{"href":"https:\/\/safetysourcefire.ca\/fr\/wp-json\/wp\/v2\/product\/24908","targetHints":{"allow":["GET"]}}],"collection":[{"href":"https:\/\/safetysourcefire.ca\/fr\/wp-json\/wp\/v2\/product"}],"about":[{"href":"https:\/\/safetysourcefire.ca\/fr\/wp-json\/wp\/v2\/types\/product"}],"wp:featuredmedia":[{"embeddable":true,"href":"https:\/\/safetysourcefire.ca\/fr\/wp-json\/wp\/v2\/media\/24917"}],"wp:attachment":[{"href":"https:\/\/safetysourcefire.ca\/fr\/wp-json\/wp\/v2\/media?parent=24908"}],"wp:term":[{"taxonomy":"product_brand","embeddable":true,"href":"https:\/\/safetysourcefire.ca\/fr\/wp-json\/wp\/v2\/product_brand?post=24908"},{"taxonomy":"product_cat","embeddable":true,"href":"https:\/\/safetysourcefire.ca\/fr\/wp-json\/wp\/v2\/product_cat?post=24908"},{"taxonomy":"product_tag","embeddable":true,"href":"https:\/\/safetysourcefire.ca\/fr\/wp-json\/wp\/v2\/product_tag?post=24908"}],"curies":[{"name":"wp","href":"https:\/\/api.w.org\/{rel}","templated":true}]}}