{"id":25062,"date":"2021-04-13T17:39:35","date_gmt":"2021-04-13T17:39:35","guid":{"rendered":"https:\/\/safetysourcefire.ca\/?post_type=product&#038;p=25062"},"modified":"2025-03-18T13:02:01","modified_gmt":"2025-03-18T13:02:01","slug":"gladiator-fgn","status":"publish","type":"product","link":"https:\/\/safetysourcefire.ca\/fr\/produit\/gladiator-fgn\/","title":{"rendered":"Gladiateur (FGN)"},"content":{"rendered":"<p>Fabriqu\u00e9 en caoutchouc nitrile gain\u00e9<\/p>\n<p>Gladiator\u2122 FGN est l&#039;un des tuyaux d&#039;attaque les plus performants du secteur. Con\u00e7u pour durer, ce tuyau robuste est dot\u00e9 d&#039;une doublure en caoutchouc nitrile extrud\u00e9 et d&#039;une gaine ext\u00e9rieure en polyester durable, offrant une r\u00e9sistance exceptionnelle et des performances durables. Le Gladiator\u2122 FGN offre d&#039;excellentes performances \u00e0 hautes comme \u00e0 basses pressions et dispose d&#039;un passage d&#039;eau lisse de 4,5 cm (1,77 po) pour un risque de vrillage inf\u00e9rieur \u00e0 celui des autres produits du march\u00e9. La doublure int\u00e9rieure et la gaine ext\u00e9rieure en caoutchouc nitrile sont fabriqu\u00e9es avec fiert\u00e9 dans nos usines de Pennsylvanie, aux \u00c9tats-Unis.<\/p>\n<p><a href=\"https:\/\/www.snaptitehose.com\/assets\/BrochureFiles\/Gladiator-FGN_NEW.pdf\">T\u00e9l\u00e9charger la fiche technique<\/a><\/p>","protected":false},"excerpt":{"rendered":"<p>Con\u00e7u pour la lutte contre les incendies \u00e0 basse pression et \u00e0 haut d\u00e9bit<\/p>","protected":false},"featured_media":29653,"template":"","meta":[],"product_brand":[190],"product_cat":[44,65],"product_tag":[500],"class_list":{"0":"post-25062","1":"product","2":"type-product","3":"status-publish","4":"has-post-thumbnail","6":"product_brand-snap-tite-hose","7":"product_cat-fire-suppression","8":"product_cat-hose","9":"product_tag-snap-tite","11":"first","12":"instock","13":"shipping-taxable","14":"product-type-simple"},"yoast_head":"<!-- This site is optimized with the Yoast SEO plugin v27.4 - https:\/\/yoast.com\/product\/yoast-seo-wordpress\/ -->\n<title>Gladiator (FGN) - Safety Source Fire<\/title>\n<meta name=\"robots\" content=\"index, follow, max-snippet:-1, max-image-preview:large, max-video-preview:-1\" \/>\n<link rel=\"canonical\" href=\"https:\/\/safetysourcefire.ca\/fr\/produit\/gladiator-fgn\/\" \/>\n<meta property=\"og:locale\" content=\"fr_CA\" \/>\n<meta property=\"og:type\" content=\"article\" \/>\n<meta property=\"og:title\" content=\"Gladiator (FGN) - Safety Source Fire\" \/>\n<meta property=\"og:description\" content=\"Engineered for Low-Pressure, High-Flow Firefighting\" \/>\n<meta property=\"og:url\" content=\"https:\/\/safetysourcefire.ca\/fr\/produit\/gladiator-fgn\/\" \/>\n<meta property=\"og:site_name\" content=\"Safety Source Fire\" \/>\n<meta property=\"article:publisher\" content=\"https:\/\/www.facebook.com\/mmfssca\" \/>\n<meta property=\"article:modified_time\" content=\"2025-03-18T13:02:01+00:00\" \/>\n<meta property=\"og:image\" content=\"https:\/\/safetysourcefire.ca\/wp-content\/uploads\/2021\/04\/Gladiator_fgn.jpg\" \/>\n\t<meta property=\"og:image:width\" content=\"600\" \/>\n\t<meta property=\"og:image:height\" content=\"600\" \/>\n\t<meta property=\"og:image:type\" content=\"image\/jpeg\" \/>\n<meta name=\"twitter:card\" content=\"summary_large_image\" \/>\n<meta name=\"twitter:site\" content=\"@mmfssca\" \/>\n<meta name=\"twitter:label1\" content=\"Estimation du temps de lecture\" \/>\n\t<meta name=\"twitter:data1\" content=\"1 minute\" \/>\n<script type=\"application\/ld+json\" class=\"yoast-schema-graph\">{\"@context\":\"https:\\\/\\\/schema.org\",\"@graph\":[{\"@type\":\"WebPage\",\"@id\":\"https:\\\/\\\/safetysourcefire.ca\\\/product\\\/gladiator-fgn\\\/\",\"url\":\"https:\\\/\\\/safetysourcefire.ca\\\/product\\\/gladiator-fgn\\\/\",\"name\":\"Gladiator (FGN) - Safety Source Fire\",\"isPartOf\":{\"@id\":\"https:\\\/\\\/safetysourcefire.ca\\\/#website\"},\"primaryImageOfPage\":{\"@id\":\"https:\\\/\\\/safetysourcefire.ca\\\/product\\\/gladiator-fgn\\\/#primaryimage\"},\"image\":{\"@id\":\"https:\\\/\\\/safetysourcefire.ca\\\/product\\\/gladiator-fgn\\\/#primaryimage\"},\"thumbnailUrl\":\"https:\\\/\\\/safetysourcefire.ca\\\/wp-content\\\/uploads\\\/2021\\\/04\\\/Gladiator_fgn.jpg\",\"datePublished\":\"2021-04-13T17:39:35+00:00\",\"dateModified\":\"2025-03-18T13:02:01+00:00\",\"breadcrumb\":{\"@id\":\"https:\\\/\\\/safetysourcefire.ca\\\/product\\\/gladiator-fgn\\\/#breadcrumb\"},\"inLanguage\":\"fr-CA\",\"potentialAction\":[{\"@type\":\"ReadAction\",\"target\":[\"https:\\\/\\\/safetysourcefire.ca\\\/product\\\/gladiator-fgn\\\/\"]}]},{\"@type\":\"ImageObject\",\"inLanguage\":\"fr-CA\",\"@id\":\"https:\\\/\\\/safetysourcefire.ca\\\/product\\\/gladiator-fgn\\\/#primaryimage\",\"url\":\"https:\\\/\\\/safetysourcefire.ca\\\/wp-content\\\/uploads\\\/2021\\\/04\\\/Gladiator_fgn.jpg\",\"contentUrl\":\"https:\\\/\\\/safetysourcefire.ca\\\/wp-content\\\/uploads\\\/2021\\\/04\\\/Gladiator_fgn.jpg\",\"width\":600,\"height\":600,\"caption\":\"Gladiator FGN hose\"},{\"@type\":\"BreadcrumbList\",\"@id\":\"https:\\\/\\\/safetysourcefire.ca\\\/product\\\/gladiator-fgn\\\/#breadcrumb\",\"itemListElement\":[{\"@type\":\"ListItem\",\"position\":1,\"name\":\"Home\",\"item\":\"https:\\\/\\\/safetysourcefire.ca\\\/\"},{\"@type\":\"ListItem\",\"position\":2,\"name\":\"Products\",\"item\":\"https:\\\/\\\/safetysourcefire.ca\\\/shop\\\/\"},{\"@type\":\"ListItem\",\"position\":3,\"name\":\"Gladiator (FGN)\"}]},{\"@type\":\"WebSite\",\"@id\":\"https:\\\/\\\/safetysourcefire.ca\\\/#website\",\"url\":\"https:\\\/\\\/safetysourcefire.ca\\\/\",\"name\":\"Safety Source Fire\",\"description\":\"\",\"publisher\":{\"@id\":\"https:\\\/\\\/safetysourcefire.ca\\\/#organization\"},\"potentialAction\":[{\"@type\":\"SearchAction\",\"target\":{\"@type\":\"EntryPoint\",\"urlTemplate\":\"https:\\\/\\\/safetysourcefire.ca\\\/?s={search_term_string}\"},\"query-input\":{\"@type\":\"PropertyValueSpecification\",\"valueRequired\":true,\"valueName\":\"search_term_string\"}}],\"inLanguage\":\"fr-CA\"},{\"@type\":\"Organization\",\"@id\":\"https:\\\/\\\/safetysourcefire.ca\\\/#organization\",\"name\":\"Safety Source Fire\",\"url\":\"https:\\\/\\\/safetysourcefire.ca\\\/\",\"logo\":{\"@type\":\"ImageObject\",\"inLanguage\":\"fr-CA\",\"@id\":\"https:\\\/\\\/safetysourcefire.ca\\\/#\\\/schema\\\/logo\\\/image\\\/\",\"url\":\"https:\\\/\\\/safetysourcefire.ca\\\/wp-content\\\/uploads\\\/2021\\\/01\\\/SSF_logo_CC0000-3.png\",\"contentUrl\":\"https:\\\/\\\/safetysourcefire.ca\\\/wp-content\\\/uploads\\\/2021\\\/01\\\/SSF_logo_CC0000-3.png\",\"width\":1107,\"height\":365,\"caption\":\"Safety Source Fire\"},\"image\":{\"@id\":\"https:\\\/\\\/safetysourcefire.ca\\\/#\\\/schema\\\/logo\\\/image\\\/\"},\"sameAs\":[\"https:\\\/\\\/www.facebook.com\\\/mmfssca\",\"https:\\\/\\\/x.com\\\/mmfssca\"]}]}<\/script>\n<!-- \/ Yoast SEO plugin. -->","yoast_head_json":{"title":"Gladiator (FGN) - Source de s\u00e9curit\u00e9 Feu","robots":{"index":"index","follow":"follow","max-snippet":"max-snippet:-1","max-image-preview":"max-image-preview:large","max-video-preview":"max-video-preview:-1"},"canonical":"https:\/\/safetysourcefire.ca\/fr\/produit\/gladiator-fgn\/","og_locale":"fr_CA","og_type":"article","og_title":"Gladiator (FGN) - Safety Source Fire","og_description":"Engineered for Low-Pressure, High-Flow Firefighting","og_url":"https:\/\/safetysourcefire.ca\/fr\/produit\/gladiator-fgn\/","og_site_name":"Safety Source Fire","article_publisher":"https:\/\/www.facebook.com\/mmfssca","article_modified_time":"2025-03-18T13:02:01+00:00","og_image":[{"width":600,"height":600,"url":"https:\/\/safetysourcefire.ca\/wp-content\/uploads\/2021\/04\/Gladiator_fgn.jpg","type":"image\/jpeg"}],"twitter_card":"summary_large_image","twitter_site":"@mmfssca","twitter_misc":{"Estimation du temps de lecture":"1 minute"},"schema":{"@context":"https:\/\/schema.org","@graph":[{"@type":"WebPage","@id":"https:\/\/safetysourcefire.ca\/product\/gladiator-fgn\/","url":"https:\/\/safetysourcefire.ca\/product\/gladiator-fgn\/","name":"Gladiator (FGN) - Source de s\u00e9curit\u00e9 Feu","isPartOf":{"@id":"https:\/\/safetysourcefire.ca\/#website"},"primaryImageOfPage":{"@id":"https:\/\/safetysourcefire.ca\/product\/gladiator-fgn\/#primaryimage"},"image":{"@id":"https:\/\/safetysourcefire.ca\/product\/gladiator-fgn\/#primaryimage"},"thumbnailUrl":"https:\/\/safetysourcefire.ca\/wp-content\/uploads\/2021\/04\/Gladiator_fgn.jpg","datePublished":"2021-04-13T17:39:35+00:00","dateModified":"2025-03-18T13:02:01+00:00","breadcrumb":{"@id":"https:\/\/safetysourcefire.ca\/product\/gladiator-fgn\/#breadcrumb"},"inLanguage":"fr-CA","potentialAction":[{"@type":"ReadAction","target":["https:\/\/safetysourcefire.ca\/product\/gladiator-fgn\/"]}]},{"@type":"ImageObject","inLanguage":"fr-CA","@id":"https:\/\/safetysourcefire.ca\/product\/gladiator-fgn\/#primaryimage","url":"https:\/\/safetysourcefire.ca\/wp-content\/uploads\/2021\/04\/Gladiator_fgn.jpg","contentUrl":"https:\/\/safetysourcefire.ca\/wp-content\/uploads\/2021\/04\/Gladiator_fgn.jpg","width":600,"height":600,"caption":"Gladiator FGN hose"},{"@type":"BreadcrumbList","@id":"https:\/\/safetysourcefire.ca\/product\/gladiator-fgn\/#breadcrumb","itemListElement":[{"@type":"ListItem","position":1,"name":"Home","item":"https:\/\/safetysourcefire.ca\/"},{"@type":"ListItem","position":2,"name":"Products","item":"https:\/\/safetysourcefire.ca\/shop\/"},{"@type":"ListItem","position":3,"name":"Gladiator (FGN)"}]},{"@type":"WebSite","@id":"https:\/\/safetysourcefire.ca\/#website","url":"https:\/\/safetysourcefire.ca\/","name":"Safety Source Fire","description":"","publisher":{"@id":"https:\/\/safetysourcefire.ca\/#organization"},"potentialAction":[{"@type":"SearchAction","target":{"@type":"EntryPoint","urlTemplate":"https:\/\/safetysourcefire.ca\/?s={search_term_string}"},"query-input":{"@type":"PropertyValueSpecification","valueRequired":true,"valueName":"search_term_string"}}],"inLanguage":"fr-CA"},{"@type":"Organization","@id":"https:\/\/safetysourcefire.ca\/#organization","name":"Safety Source Fire","url":"https:\/\/safetysourcefire.ca\/","logo":{"@type":"ImageObject","inLanguage":"fr-CA","@id":"https:\/\/safetysourcefire.ca\/#\/schema\/logo\/image\/","url":"https:\/\/safetysourcefire.ca\/wp-content\/uploads\/2021\/01\/SSF_logo_CC0000-3.png","contentUrl":"https:\/\/safetysourcefire.ca\/wp-content\/uploads\/2021\/01\/SSF_logo_CC0000-3.png","width":1107,"height":365,"caption":"Safety Source Fire"},"image":{"@id":"https:\/\/safetysourcefire.ca\/#\/schema\/logo\/image\/"},"sameAs":["https:\/\/www.facebook.com\/mmfssca","https:\/\/x.com\/mmfssca"]}]}},"_links":{"self":[{"href":"https:\/\/safetysourcefire.ca\/fr\/wp-json\/wp\/v2\/product\/25062","targetHints":{"allow":["GET"]}}],"collection":[{"href":"https:\/\/safetysourcefire.ca\/fr\/wp-json\/wp\/v2\/product"}],"about":[{"href":"https:\/\/safetysourcefire.ca\/fr\/wp-json\/wp\/v2\/types\/product"}],"wp:featuredmedia":[{"embeddable":true,"href":"https:\/\/safetysourcefire.ca\/fr\/wp-json\/wp\/v2\/media\/29653"}],"wp:attachment":[{"href":"https:\/\/safetysourcefire.ca\/fr\/wp-json\/wp\/v2\/media?parent=25062"}],"wp:term":[{"taxonomy":"product_brand","embeddable":true,"href":"https:\/\/safetysourcefire.ca\/fr\/wp-json\/wp\/v2\/product_brand?post=25062"},{"taxonomy":"product_cat","embeddable":true,"href":"https:\/\/safetysourcefire.ca\/fr\/wp-json\/wp\/v2\/product_cat?post=25062"},{"taxonomy":"product_tag","embeddable":true,"href":"https:\/\/safetysourcefire.ca\/fr\/wp-json\/wp\/v2\/product_tag?post=25062"}],"curies":[{"name":"wp","href":"https:\/\/api.w.org\/{rel}","templated":true}]}}