{"id":25134,"date":"2021-04-14T21:13:19","date_gmt":"2021-04-14T21:13:19","guid":{"rendered":"https:\/\/safetysourcefire.ca\/?post_type=product&#038;p=25134"},"modified":"2024-08-16T12:58:53","modified_gmt":"2024-08-16T12:58:53","slug":"airpower-p7-high","status":"publish","type":"product","link":"https:\/\/safetysourcefire.ca\/fr\/produit\/airpower-p7-high\/","title":{"rendered":"Botte haute Airpower P7"},"content":{"rendered":"<p>Le confort et la durabilit\u00e9 devraient figurer en t\u00eate de liste lorsque vous recherchez des bottes de travail. Bien s\u00fbr, vous voulez du confort, car cela facilite votre travail, mais vous ne voulez pas non plus devoir remplacer votre botte tous les 4 \u00e0 6 mois. Vous voulez une botte qui amortira vos pieds lorsque vous marcherez sur du ciment toute la journ\u00e9e, gardera vos pieds au sec tout en dirigeant la circulation sous une pluie battante et prot\u00e9gera vos pieds des risques biologiques potentiels rencontr\u00e9s sur une sc\u00e8ne de crime ou d'accident. Le HAIX\u00ae Airpower P7 vous fournira tout cela et bien plus. Soyez confiants en toute circonstance avec ces bottes noires tactiques et confortables.<\/p>\n<p><strong>Des heures et des heures de soutien tactique.<\/strong><br \/>\nPour ceux qui doivent rester debout toute la journ\u00e9e, le confort est important dans une botte de service. Les bottes hautes HAIX\u00ae Airpower P7 sont les chaussures parfaites pour garder les \u00e9quipes SWAT, les policiers et les premiers intervenants sur leurs gardes. Ces bottes de police de qualit\u00e9 sont fabriqu\u00e9es avec un savoir-faire europ\u00e9en et des mat\u00e9riaux fiables. La technologie HAIX\u00ae garde vos pieds en s\u00e9curit\u00e9, confortables et au frais pendant le travail. Sentez-vous l\u00e9ger et prot\u00e9ger \u00e0 tout moment avec ces bottes de travail tactiques.<\/p>\n<p><strong>Un niveau de qualit\u00e9 remarquable<\/strong><br \/>\nLe cuir respirant donne \u00e0 ces bottes de travail imperm\u00e9ables l'efficacit\u00e9 dont vous avez besoin. Le nez de la botte est spacieux, ce qui donne \u00e0 vos orteils une certaine marge de man\u0153uvre tout en aidant \u00e0 pr\u00e9venir les ampoules. Le support de vo\u00fbte plantaire int\u00e9gr\u00e9 garantit que chaque os de votre pied est correctement soutenu. Le la\u00e7age \u00e0 deux zones vous donne la possibilit\u00e9 d'adapter votre botte selon vos go\u00fbts personnels. Votre cheville sera soutenue, les chocs seront absorb\u00e9s et vos pieds seront confortables gr\u00e2ce aux couches anatomiques de la semelle des bottes HAIX\u00ae Airpower P7.<\/p>\n<p><strong>Prot\u00e9ger les policiers: notre mission<\/strong><br \/>\nIl est important d'assurer la s\u00e9curit\u00e9 et le confort des premiers intervenants, c'est pourquoi l'Airpower P7 High est fabriqu\u00e9 \u00e0 partir de cuir sup\u00e9rieur respirant, r\u00e9sistant \u00e0 l'eau et de mat\u00e9riaux int\u00e9rieurs de premi\u00e8re qualit\u00e9. Le cuir HAIX\u00ae Sun Reflect \u00e9loigne la lumi\u00e8re du soleil pour garder vos pieds au frais tout en garantissant que vos bottes SWAT auront fi\u00e8re allure pendant longtemps. Vos pieds resteront au frais, r\u00e9duisant la transpiration et l'humidit\u00e9 qui peuvent entra\u00eener des bact\u00e9ries ou des ampoules. Ces bottes sont con\u00e7ues pour \u00eatre antistatiques afin que vous ayez une exp\u00e9rience confortable, quelle que soit la surface du sol sur lequel vous travaillez.<\/p>\n<p><strong>Semelle int\u00e9rieure, doublure et semelle int\u00e9rieure  pr\u00eates \u00e0 l'emploi<\/strong><br \/>\nVous constaterez que votre botte haute HAIX\u00ae Airpower P7 est tr\u00e8s respirante. Le syst\u00e8me climatique ainsi que la doublure int\u00e9rieure CROSSTECH\u00ae peuvent garantir que vos pieds resteront au sec et \u00e0 l'aise. Jamais trop chaud ni trop froid, peu importe le temps qu'il fait dehors. La doublure CROSSTECH\u00ae vous prot\u00e8ge \u00e9galement contre les agents pathog\u00e8nes chimiques, bact\u00e9riens et sanguins. Pour un confort absolu, le syst\u00e8me de soutien de la vo\u00fbte plantaire HAIX\u00ae est l\u00e0 pour maintenir vos pieds dans leur position naturelle et soutenues toute la journ\u00e9e. La semelle int\u00e9rieure de la botte est con\u00e7ue pour s'adapter \u00e0 votre pied de mani\u00e8re anatomiquement correcte, afin que votre pied b\u00e9n\u00e9ficie de soutien et confort optimaux. La doublure lavable \u00e0 la machine poss\u00e8de une technologie d'absorption d'humidit\u00e9 et de s\u00e9chage rapide. Elle est facile \u00e0 enlever et \u00e0 remettre. Sous la semelle int\u00e9rieure, la semelle int\u00e9rieure en molleton TEXON soutient la cheville et est form\u00e9e pour suivre les lignes naturelles de votre pied.<\/p>\n<p><strong>Votre semelle SWAT Team<\/strong><br \/>\nCes bottes poss\u00e8dent une semelle en caoutchouc et une semelle compens\u00e9e en PU. La semelle est r\u00e9sistante au carburant, \u00e0 l'huile et au d\u00e9rapage. Elle est \u00e9galement non marquante et autonettoyante avec une bande de roulement antistatique pour une excellente adh\u00e9rence et un minimum de chocs.<\/p>\n<p>Con\u00e7u en Allemagne<br \/>\nChaussures tactiques en cuir pour policiers en service<br \/>\nMembre NTOA test\u00e9 et recommand\u00e9<br \/>\nSemelle de soutien de la vo\u00fbte plantaire<br \/>\nLa\u00e7age s\u00e9par\u00e9s pour la jambe versus le pied<br \/>\nHautement respirant pour le meilleur confort climatique<\/p>\n<p>&nbsp;<\/p>\n<table class=\"product--properties-table\">\n<tbody>\n<tr class=\"product--properties-row\">\n<td class=\"product--properties-label is--bold\">Num\u00e9ro d&#039;article<\/td>\n<td class=\"product--properties-value\">206215<\/td>\n<\/tr>\n<tr class=\"product--properties-row\">\n<td class=\"product--properties-label is--bold\">Utilisation principale<\/td>\n<td class=\"product--properties-value\">Forces de l&#039;ordre<\/td>\n<\/tr>\n<tr class=\"product--properties-row\">\n<td class=\"product--properties-label is--bold\">Type de produit<\/td>\n<td class=\"product--properties-value\">Factory firsts<\/td>\n<\/tr>\n<tr class=\"product--properties-row\">\n<td class=\"product--properties-label is--bold\">Genre<\/td>\n<td class=\"product--properties-value\">Homme<\/td>\n<\/tr>\n<tr class=\"product--properties-row\">\n<td class=\"product--properties-label is--bold\">Les technologies<\/td>\n<td class=\"product--properties-value\">(SL) Secura Liner, (AS) Arch Support, Absorption, Climat, La\u00e7age 2 zones, Sun Reflect, CROSSTECH\u00ae<\/td>\n<\/tr>\n<tr class=\"product--properties-row\">\n<td class=\"product--properties-label is--bold\">\u00c9tanche<\/td>\n<td class=\"product--properties-value\">Oui<\/td>\n<\/tr>\n<tr class=\"product--properties-row\">\n<td class=\"product--properties-label is--bold\">Mat\u00e9riau sup\u00e9rieur<\/td>\n<td class=\"product--properties-value\">Cuir souple<\/td>\n<\/tr>\n<tr class=\"product--properties-row\">\n<td class=\"product--properties-label is--bold\">Doublure int\u00e9rieure<\/td>\n<td class=\"product--properties-value\">CROSSTECH\u00ae<\/td>\n<\/tr>\n<tr class=\"product--properties-row\">\n<td class=\"product--properties-label is--bold\">Unique<\/td>\n<td class=\"product--properties-value\">Semelle AIRPOWER\u00ae 014<\/td>\n<\/tr>\n<tr class=\"product--properties-row\">\n<td class=\"product--properties-label is--bold\">Jarret<\/td>\n<td class=\"product--properties-value\">TPU + tige en fibre de verre<\/td>\n<\/tr>\n<tr class=\"product--properties-row\">\n<td class=\"product--properties-label is--bold\">Attache<\/td>\n<td class=\"product--properties-value\">La\u00e7age 2 zones<\/td>\n<\/tr>\n<tr class=\"product--properties-row\">\n<td class=\"product--properties-label is--bold\">Conductivit\u00e9<\/td>\n<td class=\"product--properties-value\">Antistatique<\/td>\n<\/tr>\n<tr class=\"product--properties-row\">\n<td class=\"product--properties-label is--bold\">Embout de s\u00e9curit\u00e9<\/td>\n<td class=\"product--properties-value\">Pas d&#039;orteil de s\u00e9curit\u00e9<\/td>\n<\/tr>\n<tr class=\"product--properties-row\">\n<td class=\"product--properties-label is--bold\">Hauteur de d\u00e9marrage en pouces<\/td>\n<td class=\"product--properties-value\">9 pouces<\/td>\n<\/tr>\n<tr class=\"product--properties-row\">\n<td class=\"product--properties-label is--bold\">Couleur<\/td>\n<td class=\"product--properties-value\">Noir<\/td>\n<\/tr>\n<\/tbody>\n<\/table>","protected":false},"excerpt":{"rendered":"<p>Botte tactique de premier choix pour les forces de l'ordre. Parfait pour un usage quotidien.<\/p>\n<p><strong>Prix de liquidation: $200<br \/>\n<\/strong><em>Jusqu&#039;\u00e0 \u00e9puisement des stocks. Veuillez noter : les ventes d&#039;articles en liquidation sont d\u00e9finitives ; aucun \u00e9change ni retour.<\/em><strong><br \/>\n<\/strong><\/p>\n<p>Tailles et quantit\u00e9s limit\u00e9es disponibles\u00a0: 10 (1), 10,5 (1), 12,5 (1)<\/p>","protected":false},"featured_media":25136,"template":"","meta":[],"product_brand":[243],"product_cat":[121,43,50],"product_tag":[304],"class_list":{"0":"post-25134","1":"product","2":"type-product","3":"status-publish","4":"has-post-thumbnail","6":"product_brand-haix","7":"product_cat-boots","8":"product_cat-clearance","9":"product_cat-personal-protective-equipment","10":"product_tag-haix","12":"first","13":"instock","14":"shipping-taxable","15":"product-type-simple"},"yoast_head":"<!-- This site is optimized with the Yoast SEO plugin v27.4 - https:\/\/yoast.com\/product\/yoast-seo-wordpress\/ -->\n<title>Airpower P7 High - Safety Source Fire<\/title>\n<meta name=\"robots\" content=\"index, follow, max-snippet:-1, max-image-preview:large, max-video-preview:-1\" \/>\n<link rel=\"canonical\" href=\"https:\/\/safetysourcefire.ca\/fr\/?product=airpower-p7-high\" \/>\n<meta property=\"og:locale\" content=\"fr_CA\" \/>\n<meta property=\"og:type\" content=\"article\" \/>\n<meta property=\"og:title\" content=\"Airpower P7 High - Safety Source Fire\" \/>\n<meta property=\"og:description\" content=\"Top choice tactical boot by law enforcement for everyday use  Clearance Price: $200 While quantities last. Please note: Clearance item sales are final; no exchanges or returns.   Limited Sizes and Quantities Available: 10 (1), 10.5 (1), 12.5 (1)\" \/>\n<meta property=\"og:url\" content=\"https:\/\/safetysourcefire.ca\/fr\/?product=airpower-p7-high\" \/>\n<meta property=\"og:site_name\" content=\"Safety Source Fire\" \/>\n<meta property=\"article:publisher\" content=\"https:\/\/www.facebook.com\/mmfssca\" \/>\n<meta property=\"article:modified_time\" content=\"2024-08-16T12:58:53+00:00\" \/>\n<meta property=\"og:image\" content=\"https:\/\/safetysourcefire.ca\/wp-content\/uploads\/2021\/04\/206215_airpower_p7_high_cmyk.jpg\" \/>\n\t<meta property=\"og:image:width\" content=\"600\" \/>\n\t<meta property=\"og:image:height\" content=\"600\" \/>\n\t<meta property=\"og:image:type\" content=\"image\/jpeg\" \/>\n<meta name=\"twitter:card\" content=\"summary_large_image\" \/>\n<meta name=\"twitter:site\" content=\"@mmfssca\" \/>\n<meta name=\"twitter:label1\" content=\"Estimation du temps de lecture\" \/>\n\t<meta name=\"twitter:data1\" content=\"4 minutes\" \/>\n<script type=\"application\/ld+json\" class=\"yoast-schema-graph\">{\"@context\":\"https:\\\/\\\/schema.org\",\"@graph\":[{\"@type\":\"WebPage\",\"@id\":\"https:\\\/\\\/safetysourcefire.ca\\\/?product=airpower-p7-high\",\"url\":\"https:\\\/\\\/safetysourcefire.ca\\\/?product=airpower-p7-high\",\"name\":\"Airpower P7 High - Safety Source Fire\",\"isPartOf\":{\"@id\":\"https:\\\/\\\/safetysourcefire.ca\\\/#website\"},\"primaryImageOfPage\":{\"@id\":\"https:\\\/\\\/safetysourcefire.ca\\\/?product=airpower-p7-high#primaryimage\"},\"image\":{\"@id\":\"https:\\\/\\\/safetysourcefire.ca\\\/?product=airpower-p7-high#primaryimage\"},\"thumbnailUrl\":\"https:\\\/\\\/safetysourcefire.ca\\\/wp-content\\\/uploads\\\/2021\\\/04\\\/206215_airpower_p7_high_cmyk.jpg\",\"datePublished\":\"2021-04-14T21:13:19+00:00\",\"dateModified\":\"2024-08-16T12:58:53+00:00\",\"breadcrumb\":{\"@id\":\"https:\\\/\\\/safetysourcefire.ca\\\/?product=airpower-p7-high#breadcrumb\"},\"inLanguage\":\"fr-CA\",\"potentialAction\":[{\"@type\":\"ReadAction\",\"target\":[\"https:\\\/\\\/safetysourcefire.ca\\\/?product=airpower-p7-high\"]}]},{\"@type\":\"ImageObject\",\"inLanguage\":\"fr-CA\",\"@id\":\"https:\\\/\\\/safetysourcefire.ca\\\/?product=airpower-p7-high#primaryimage\",\"url\":\"https:\\\/\\\/safetysourcefire.ca\\\/wp-content\\\/uploads\\\/2021\\\/04\\\/206215_airpower_p7_high_cmyk.jpg\",\"contentUrl\":\"https:\\\/\\\/safetysourcefire.ca\\\/wp-content\\\/uploads\\\/2021\\\/04\\\/206215_airpower_p7_high_cmyk.jpg\",\"width\":600,\"height\":600,\"caption\":\"boot\"},{\"@type\":\"BreadcrumbList\",\"@id\":\"https:\\\/\\\/safetysourcefire.ca\\\/?product=airpower-p7-high#breadcrumb\",\"itemListElement\":[{\"@type\":\"ListItem\",\"position\":1,\"name\":\"Home\",\"item\":\"https:\\\/\\\/safetysourcefire.ca\\\/\"},{\"@type\":\"ListItem\",\"position\":2,\"name\":\"Products\",\"item\":\"https:\\\/\\\/safetysourcefire.ca\\\/shop\\\/\"},{\"@type\":\"ListItem\",\"position\":3,\"name\":\"Airpower P7 High\"}]},{\"@type\":\"WebSite\",\"@id\":\"https:\\\/\\\/safetysourcefire.ca\\\/#website\",\"url\":\"https:\\\/\\\/safetysourcefire.ca\\\/\",\"name\":\"Safety Source Fire\",\"description\":\"\",\"publisher\":{\"@id\":\"https:\\\/\\\/safetysourcefire.ca\\\/#organization\"},\"potentialAction\":[{\"@type\":\"SearchAction\",\"target\":{\"@type\":\"EntryPoint\",\"urlTemplate\":\"https:\\\/\\\/safetysourcefire.ca\\\/?s={search_term_string}\"},\"query-input\":{\"@type\":\"PropertyValueSpecification\",\"valueRequired\":true,\"valueName\":\"search_term_string\"}}],\"inLanguage\":\"fr-CA\"},{\"@type\":\"Organization\",\"@id\":\"https:\\\/\\\/safetysourcefire.ca\\\/#organization\",\"name\":\"Safety Source Fire\",\"url\":\"https:\\\/\\\/safetysourcefire.ca\\\/\",\"logo\":{\"@type\":\"ImageObject\",\"inLanguage\":\"fr-CA\",\"@id\":\"https:\\\/\\\/safetysourcefire.ca\\\/#\\\/schema\\\/logo\\\/image\\\/\",\"url\":\"https:\\\/\\\/safetysourcefire.ca\\\/wp-content\\\/uploads\\\/2021\\\/01\\\/SSF_logo_CC0000-3.png\",\"contentUrl\":\"https:\\\/\\\/safetysourcefire.ca\\\/wp-content\\\/uploads\\\/2021\\\/01\\\/SSF_logo_CC0000-3.png\",\"width\":1107,\"height\":365,\"caption\":\"Safety Source Fire\"},\"image\":{\"@id\":\"https:\\\/\\\/safetysourcefire.ca\\\/#\\\/schema\\\/logo\\\/image\\\/\"},\"sameAs\":[\"https:\\\/\\\/www.facebook.com\\\/mmfssca\",\"https:\\\/\\\/x.com\\\/mmfssca\"]}]}<\/script>\n<!-- \/ Yoast SEO plugin. -->","yoast_head_json":{"title":"Airpower P7 High - Source de s\u00e9curit\u00e9 incendie","robots":{"index":"index","follow":"follow","max-snippet":"max-snippet:-1","max-image-preview":"max-image-preview:large","max-video-preview":"max-video-preview:-1"},"canonical":"https:\/\/safetysourcefire.ca\/fr\/?product=airpower-p7-high","og_locale":"fr_CA","og_type":"article","og_title":"Airpower P7 High - Safety Source Fire","og_description":"Top choice tactical boot by law enforcement for everyday use  Clearance Price: $200 While quantities last. Please note: Clearance item sales are final; no exchanges or returns.   Limited Sizes and Quantities Available: 10 (1), 10.5 (1), 12.5 (1)","og_url":"https:\/\/safetysourcefire.ca\/fr\/?product=airpower-p7-high","og_site_name":"Safety Source Fire","article_publisher":"https:\/\/www.facebook.com\/mmfssca","article_modified_time":"2024-08-16T12:58:53+00:00","og_image":[{"width":600,"height":600,"url":"https:\/\/safetysourcefire.ca\/wp-content\/uploads\/2021\/04\/206215_airpower_p7_high_cmyk.jpg","type":"image\/jpeg"}],"twitter_card":"summary_large_image","twitter_site":"@mmfssca","twitter_misc":{"Estimation du temps de lecture":"4 minutes"},"schema":{"@context":"https:\/\/schema.org","@graph":[{"@type":"WebPage","@id":"https:\/\/safetysourcefire.ca\/?product=airpower-p7-high","url":"https:\/\/safetysourcefire.ca\/?product=airpower-p7-high","name":"Airpower P7 High - Source de s\u00e9curit\u00e9 incendie","isPartOf":{"@id":"https:\/\/safetysourcefire.ca\/#website"},"primaryImageOfPage":{"@id":"https:\/\/safetysourcefire.ca\/?product=airpower-p7-high#primaryimage"},"image":{"@id":"https:\/\/safetysourcefire.ca\/?product=airpower-p7-high#primaryimage"},"thumbnailUrl":"https:\/\/safetysourcefire.ca\/wp-content\/uploads\/2021\/04\/206215_airpower_p7_high_cmyk.jpg","datePublished":"2021-04-14T21:13:19+00:00","dateModified":"2024-08-16T12:58:53+00:00","breadcrumb":{"@id":"https:\/\/safetysourcefire.ca\/?product=airpower-p7-high#breadcrumb"},"inLanguage":"fr-CA","potentialAction":[{"@type":"ReadAction","target":["https:\/\/safetysourcefire.ca\/?product=airpower-p7-high"]}]},{"@type":"ImageObject","inLanguage":"fr-CA","@id":"https:\/\/safetysourcefire.ca\/?product=airpower-p7-high#primaryimage","url":"https:\/\/safetysourcefire.ca\/wp-content\/uploads\/2021\/04\/206215_airpower_p7_high_cmyk.jpg","contentUrl":"https:\/\/safetysourcefire.ca\/wp-content\/uploads\/2021\/04\/206215_airpower_p7_high_cmyk.jpg","width":600,"height":600,"caption":"boot"},{"@type":"BreadcrumbList","@id":"https:\/\/safetysourcefire.ca\/?product=airpower-p7-high#breadcrumb","itemListElement":[{"@type":"ListItem","position":1,"name":"Home","item":"https:\/\/safetysourcefire.ca\/"},{"@type":"ListItem","position":2,"name":"Products","item":"https:\/\/safetysourcefire.ca\/shop\/"},{"@type":"ListItem","position":3,"name":"Airpower P7 High"}]},{"@type":"WebSite","@id":"https:\/\/safetysourcefire.ca\/#website","url":"https:\/\/safetysourcefire.ca\/","name":"Safety Source Fire","description":"","publisher":{"@id":"https:\/\/safetysourcefire.ca\/#organization"},"potentialAction":[{"@type":"SearchAction","target":{"@type":"EntryPoint","urlTemplate":"https:\/\/safetysourcefire.ca\/?s={search_term_string}"},"query-input":{"@type":"PropertyValueSpecification","valueRequired":true,"valueName":"search_term_string"}}],"inLanguage":"fr-CA"},{"@type":"Organization","@id":"https:\/\/safetysourcefire.ca\/#organization","name":"Safety Source Fire","url":"https:\/\/safetysourcefire.ca\/","logo":{"@type":"ImageObject","inLanguage":"fr-CA","@id":"https:\/\/safetysourcefire.ca\/#\/schema\/logo\/image\/","url":"https:\/\/safetysourcefire.ca\/wp-content\/uploads\/2021\/01\/SSF_logo_CC0000-3.png","contentUrl":"https:\/\/safetysourcefire.ca\/wp-content\/uploads\/2021\/01\/SSF_logo_CC0000-3.png","width":1107,"height":365,"caption":"Safety Source Fire"},"image":{"@id":"https:\/\/safetysourcefire.ca\/#\/schema\/logo\/image\/"},"sameAs":["https:\/\/www.facebook.com\/mmfssca","https:\/\/x.com\/mmfssca"]}]}},"_links":{"self":[{"href":"https:\/\/safetysourcefire.ca\/fr\/wp-json\/wp\/v2\/product\/25134","targetHints":{"allow":["GET"]}}],"collection":[{"href":"https:\/\/safetysourcefire.ca\/fr\/wp-json\/wp\/v2\/product"}],"about":[{"href":"https:\/\/safetysourcefire.ca\/fr\/wp-json\/wp\/v2\/types\/product"}],"wp:featuredmedia":[{"embeddable":true,"href":"https:\/\/safetysourcefire.ca\/fr\/wp-json\/wp\/v2\/media\/25136"}],"wp:attachment":[{"href":"https:\/\/safetysourcefire.ca\/fr\/wp-json\/wp\/v2\/media?parent=25134"}],"wp:term":[{"taxonomy":"product_brand","embeddable":true,"href":"https:\/\/safetysourcefire.ca\/fr\/wp-json\/wp\/v2\/product_brand?post=25134"},{"taxonomy":"product_cat","embeddable":true,"href":"https:\/\/safetysourcefire.ca\/fr\/wp-json\/wp\/v2\/product_cat?post=25134"},{"taxonomy":"product_tag","embeddable":true,"href":"https:\/\/safetysourcefire.ca\/fr\/wp-json\/wp\/v2\/product_tag?post=25134"}],"curies":[{"name":"wp","href":"https:\/\/api.w.org\/{rel}","templated":true}]}}