{"id":25140,"date":"2021-04-16T13:44:39","date_gmt":"2021-04-16T13:44:39","guid":{"rendered":"https:\/\/safetysourcefire.ca\/?post_type=product&#038;p=25140"},"modified":"2026-03-30T18:24:19","modified_gmt":"2026-03-30T18:24:19","slug":"quantifit2","status":"publish","type":"product","link":"https:\/\/safetysourcefire.ca\/fr\/produit\/quantifit2\/","title":{"rendered":"Testeur d&#039;ajustement de respirateur QuantiFit2\u2122"},"content":{"rendered":"<p><strong>Portabilit\u00e9 et commodit\u00e9 red\u00e9finies<\/strong><\/p>\n<p>Le QuantiFit2\u2122 est con\u00e7u pour s&#039;adapter \u00e0 vos besoins, o\u00f9 que votre travail vous m\u00e8ne.<\/p>\n<ul>\n<li>Portabilit\u00e9 illimit\u00e9e<br \/>\nTestez partout \u2013 \u00e0 l\u2019int\u00e9rieur, \u00e0 l\u2019ext\u00e9rieur, dans des environnements propres ou sales.<\/li>\n<li>Test d&#039;ajustement le plus rapide<br \/>\nR\u00e9alisez un test d&#039;ajustement complet OSHA ou ISO en seulement deux minutes \u2013 sans temps d&#039;attente pour les fumeurs ni test apr\u00e8s les repas.<\/li>\n<li>Aucun consommable n\u00e9cessaire<br \/>\nDites adieu aux co\u00fbts r\u00e9currents li\u00e9s aux consommables pour tests d&#039;ajustement. Le QuantiFit2\u2122 utilise l&#039;air comme agent de provocation.<\/li>\n<li>Libert\u00e9 sans fil<br \/>\nBatteries rechargeables offrant plus de quatre heures d&#039;autonomie.<\/li>\n<\/ul>\n<p><strong>Technologie de pression n\u00e9gative contr\u00f4l\u00e9e scientifiquement prouv\u00e9e<\/strong><\/p>\n<p>Le QuantiFit2\u2122 est un instrument hautement sp\u00e9cialis\u00e9 qui utilise la technologie de pression n\u00e9gative contr\u00f4l\u00e9e (CNP) scientifiquement prouv\u00e9e et brevet\u00e9e d&#039;OHD pour mesurer directement les fuites des respirateurs.<\/p>\n<ul>\n<li>Technologie CNP scientifiquement prouv\u00e9e<br \/>\nMesure directement les fuites des respirateurs en utilisant uniquement de l&#039;air, \u00e9liminant ainsi le besoin de particules, de m\u00e8ches ou de solutions alcoolis\u00e9es.<\/li>\n<li>Protocole d&#039;\u00e9quipement multiple<br \/>\nLa seule technologie qui int\u00e8gre plusieurs essayages lors du test d&#039;ajustement, renfor\u00e7ant ainsi la bonne utilisation du respirateur.<\/li>\n<li>Conformit\u00e9 aux normes internationales<br \/>\nConforme aux normes les plus rigoureuses, notamment OSHA, ISO, CSA, UK HSE, ANSI, et bien d&#039;autres.<\/li>\n<li>Mesure directe des fuites<br \/>\nMesure avec pr\u00e9cision la quantit\u00e9 exacte de fuite d&#039;air.<\/li>\n<\/ul>\n<p><strong>Conception intuitive et exp\u00e9rience utilisateur<\/strong><\/p>\n<p>D\u00e9couvrez le futur des tests d&#039;ajustement gr\u00e2ce \u00e0 des fonctionnalit\u00e9s qui simplifient et rationalisent le processus.<\/p>\n<ul>\n<li>\u00c9cran tactile couleur<br \/>\nLes sujets test\u00e9s sont guid\u00e9s tout au long du processus gr\u00e2ce \u00e0 des animations et des instructions.<\/li>\n<li>D\u00e9pannage interactif<br \/>\nExaminez les graphiques des exercices de test pour une analyse et une comparaison d\u00e9taill\u00e9es.<\/li>\n<li>Logiciel OHD Logic Cloud<br \/>\nSimplifiez la collecte des donn\u00e9es d&#039;essais d&#039;ajustement et le suivi de la conformit\u00e9 sur tous les sites et appareils.<\/li>\n<\/ul>","protected":false},"excerpt":{"rendered":"<p>Le test d&#039;ajustement le plus rapide et le plus pr\u00e9cis du march\u00e9<\/p>","protected":false},"featured_media":25145,"template":"","meta":[],"product_brand":[504],"product_cat":[45,58],"product_tag":[637],"class_list":{"0":"post-25140","1":"product","2":"type-product","3":"status-publish","4":"has-post-thumbnail","6":"product_brand-ohd","7":"product_cat-respiratory","8":"product_cat-accessories-scba","9":"product_tag-ohd","11":"first","12":"instock","13":"shipping-taxable","14":"product-type-simple"},"yoast_head":"<!-- This site is optimized with the Yoast SEO plugin v27.4 - https:\/\/yoast.com\/product\/yoast-seo-wordpress\/ -->\n<title>QuantiFit2\u2122 Respirator Fit Tester - Safety Source Fire<\/title>\n<meta name=\"robots\" content=\"index, follow, max-snippet:-1, max-image-preview:large, max-video-preview:-1\" \/>\n<link rel=\"canonical\" href=\"https:\/\/safetysourcefire.ca\/fr\/produit\/quantifit2\/\" \/>\n<meta property=\"og:locale\" content=\"fr_CA\" \/>\n<meta property=\"og:type\" content=\"article\" \/>\n<meta property=\"og:title\" content=\"QuantiFit2\u2122 Respirator Fit Tester - Safety Source Fire\" \/>\n<meta property=\"og:description\" content=\"The Fastest, Most Accurate Fit Test on the Market\" \/>\n<meta property=\"og:url\" content=\"https:\/\/safetysourcefire.ca\/fr\/produit\/quantifit2\/\" \/>\n<meta property=\"og:site_name\" content=\"Safety Source Fire\" \/>\n<meta property=\"article:publisher\" content=\"https:\/\/www.facebook.com\/mmfssca\" \/>\n<meta property=\"article:modified_time\" content=\"2026-03-30T18:24:19+00:00\" \/>\n<meta property=\"og:image\" content=\"https:\/\/safetysourcefire.ca\/wp-content\/uploads\/2021\/04\/Q2.jpg\" \/>\n\t<meta property=\"og:image:width\" content=\"600\" \/>\n\t<meta property=\"og:image:height\" content=\"600\" \/>\n\t<meta property=\"og:image:type\" content=\"image\/jpeg\" \/>\n<meta name=\"twitter:card\" content=\"summary_large_image\" \/>\n<meta name=\"twitter:site\" content=\"@mmfssca\" \/>\n<meta name=\"twitter:label1\" content=\"Estimation du temps de lecture\" \/>\n\t<meta name=\"twitter:data1\" content=\"2 minutes\" \/>\n<script type=\"application\/ld+json\" class=\"yoast-schema-graph\">{\"@context\":\"https:\\\/\\\/schema.org\",\"@graph\":[{\"@type\":\"WebPage\",\"@id\":\"https:\\\/\\\/safetysourcefire.ca\\\/product\\\/quantifit2\\\/\",\"url\":\"https:\\\/\\\/safetysourcefire.ca\\\/product\\\/quantifit2\\\/\",\"name\":\"QuantiFit2\u2122 Respirator Fit Tester - Safety Source Fire\",\"isPartOf\":{\"@id\":\"https:\\\/\\\/safetysourcefire.ca\\\/#website\"},\"primaryImageOfPage\":{\"@id\":\"https:\\\/\\\/safetysourcefire.ca\\\/product\\\/quantifit2\\\/#primaryimage\"},\"image\":{\"@id\":\"https:\\\/\\\/safetysourcefire.ca\\\/product\\\/quantifit2\\\/#primaryimage\"},\"thumbnailUrl\":\"https:\\\/\\\/safetysourcefire.ca\\\/wp-content\\\/uploads\\\/2021\\\/04\\\/Q2.jpg\",\"datePublished\":\"2021-04-16T13:44:39+00:00\",\"dateModified\":\"2026-03-30T18:24:19+00:00\",\"breadcrumb\":{\"@id\":\"https:\\\/\\\/safetysourcefire.ca\\\/product\\\/quantifit2\\\/#breadcrumb\"},\"inLanguage\":\"fr-CA\",\"potentialAction\":[{\"@type\":\"ReadAction\",\"target\":[\"https:\\\/\\\/safetysourcefire.ca\\\/product\\\/quantifit2\\\/\"]}]},{\"@type\":\"ImageObject\",\"inLanguage\":\"fr-CA\",\"@id\":\"https:\\\/\\\/safetysourcefire.ca\\\/product\\\/quantifit2\\\/#primaryimage\",\"url\":\"https:\\\/\\\/safetysourcefire.ca\\\/wp-content\\\/uploads\\\/2021\\\/04\\\/Q2.jpg\",\"contentUrl\":\"https:\\\/\\\/safetysourcefire.ca\\\/wp-content\\\/uploads\\\/2021\\\/04\\\/Q2.jpg\",\"width\":600,\"height\":600,\"caption\":\"QuantiFit2\"},{\"@type\":\"BreadcrumbList\",\"@id\":\"https:\\\/\\\/safetysourcefire.ca\\\/product\\\/quantifit2\\\/#breadcrumb\",\"itemListElement\":[{\"@type\":\"ListItem\",\"position\":1,\"name\":\"Home\",\"item\":\"https:\\\/\\\/safetysourcefire.ca\\\/\"},{\"@type\":\"ListItem\",\"position\":2,\"name\":\"Products\",\"item\":\"https:\\\/\\\/safetysourcefire.ca\\\/shop\\\/\"},{\"@type\":\"ListItem\",\"position\":3,\"name\":\"QuantiFit2\u2122 Respirator Fit Tester\"}]},{\"@type\":\"WebSite\",\"@id\":\"https:\\\/\\\/safetysourcefire.ca\\\/#website\",\"url\":\"https:\\\/\\\/safetysourcefire.ca\\\/\",\"name\":\"Safety Source Fire\",\"description\":\"\",\"publisher\":{\"@id\":\"https:\\\/\\\/safetysourcefire.ca\\\/#organization\"},\"potentialAction\":[{\"@type\":\"SearchAction\",\"target\":{\"@type\":\"EntryPoint\",\"urlTemplate\":\"https:\\\/\\\/safetysourcefire.ca\\\/?s={search_term_string}\"},\"query-input\":{\"@type\":\"PropertyValueSpecification\",\"valueRequired\":true,\"valueName\":\"search_term_string\"}}],\"inLanguage\":\"fr-CA\"},{\"@type\":\"Organization\",\"@id\":\"https:\\\/\\\/safetysourcefire.ca\\\/#organization\",\"name\":\"Safety Source Fire\",\"url\":\"https:\\\/\\\/safetysourcefire.ca\\\/\",\"logo\":{\"@type\":\"ImageObject\",\"inLanguage\":\"fr-CA\",\"@id\":\"https:\\\/\\\/safetysourcefire.ca\\\/#\\\/schema\\\/logo\\\/image\\\/\",\"url\":\"https:\\\/\\\/safetysourcefire.ca\\\/wp-content\\\/uploads\\\/2021\\\/01\\\/SSF_logo_CC0000-3.png\",\"contentUrl\":\"https:\\\/\\\/safetysourcefire.ca\\\/wp-content\\\/uploads\\\/2021\\\/01\\\/SSF_logo_CC0000-3.png\",\"width\":1107,\"height\":365,\"caption\":\"Safety Source Fire\"},\"image\":{\"@id\":\"https:\\\/\\\/safetysourcefire.ca\\\/#\\\/schema\\\/logo\\\/image\\\/\"},\"sameAs\":[\"https:\\\/\\\/www.facebook.com\\\/mmfssca\",\"https:\\\/\\\/x.com\\\/mmfssca\"]}]}<\/script>\n<!-- \/ Yoast SEO plugin. -->","yoast_head_json":{"title":"QuantiFit2\u2122 Respirator Fit Tester - Safety Source Fire","robots":{"index":"index","follow":"follow","max-snippet":"max-snippet:-1","max-image-preview":"max-image-preview:large","max-video-preview":"max-video-preview:-1"},"canonical":"https:\/\/safetysourcefire.ca\/fr\/produit\/quantifit2\/","og_locale":"fr_CA","og_type":"article","og_title":"QuantiFit2\u2122 Respirator Fit Tester - Safety Source Fire","og_description":"The Fastest, Most Accurate Fit Test on the Market","og_url":"https:\/\/safetysourcefire.ca\/fr\/produit\/quantifit2\/","og_site_name":"Safety Source Fire","article_publisher":"https:\/\/www.facebook.com\/mmfssca","article_modified_time":"2026-03-30T18:24:19+00:00","og_image":[{"width":600,"height":600,"url":"https:\/\/safetysourcefire.ca\/wp-content\/uploads\/2021\/04\/Q2.jpg","type":"image\/jpeg"}],"twitter_card":"summary_large_image","twitter_site":"@mmfssca","twitter_misc":{"Estimation du temps de lecture":"2 minutes"},"schema":{"@context":"https:\/\/schema.org","@graph":[{"@type":"WebPage","@id":"https:\/\/safetysourcefire.ca\/product\/quantifit2\/","url":"https:\/\/safetysourcefire.ca\/product\/quantifit2\/","name":"QuantiFit2\u2122 Respirator Fit Tester - Safety Source Fire","isPartOf":{"@id":"https:\/\/safetysourcefire.ca\/#website"},"primaryImageOfPage":{"@id":"https:\/\/safetysourcefire.ca\/product\/quantifit2\/#primaryimage"},"image":{"@id":"https:\/\/safetysourcefire.ca\/product\/quantifit2\/#primaryimage"},"thumbnailUrl":"https:\/\/safetysourcefire.ca\/wp-content\/uploads\/2021\/04\/Q2.jpg","datePublished":"2021-04-16T13:44:39+00:00","dateModified":"2026-03-30T18:24:19+00:00","breadcrumb":{"@id":"https:\/\/safetysourcefire.ca\/product\/quantifit2\/#breadcrumb"},"inLanguage":"fr-CA","potentialAction":[{"@type":"ReadAction","target":["https:\/\/safetysourcefire.ca\/product\/quantifit2\/"]}]},{"@type":"ImageObject","inLanguage":"fr-CA","@id":"https:\/\/safetysourcefire.ca\/product\/quantifit2\/#primaryimage","url":"https:\/\/safetysourcefire.ca\/wp-content\/uploads\/2021\/04\/Q2.jpg","contentUrl":"https:\/\/safetysourcefire.ca\/wp-content\/uploads\/2021\/04\/Q2.jpg","width":600,"height":600,"caption":"QuantiFit2"},{"@type":"BreadcrumbList","@id":"https:\/\/safetysourcefire.ca\/product\/quantifit2\/#breadcrumb","itemListElement":[{"@type":"ListItem","position":1,"name":"Home","item":"https:\/\/safetysourcefire.ca\/"},{"@type":"ListItem","position":2,"name":"Products","item":"https:\/\/safetysourcefire.ca\/shop\/"},{"@type":"ListItem","position":3,"name":"QuantiFit2\u2122 Respirator Fit Tester"}]},{"@type":"WebSite","@id":"https:\/\/safetysourcefire.ca\/#website","url":"https:\/\/safetysourcefire.ca\/","name":"Safety Source Fire","description":"","publisher":{"@id":"https:\/\/safetysourcefire.ca\/#organization"},"potentialAction":[{"@type":"SearchAction","target":{"@type":"EntryPoint","urlTemplate":"https:\/\/safetysourcefire.ca\/?s={search_term_string}"},"query-input":{"@type":"PropertyValueSpecification","valueRequired":true,"valueName":"search_term_string"}}],"inLanguage":"fr-CA"},{"@type":"Organization","@id":"https:\/\/safetysourcefire.ca\/#organization","name":"Safety Source Fire","url":"https:\/\/safetysourcefire.ca\/","logo":{"@type":"ImageObject","inLanguage":"fr-CA","@id":"https:\/\/safetysourcefire.ca\/#\/schema\/logo\/image\/","url":"https:\/\/safetysourcefire.ca\/wp-content\/uploads\/2021\/01\/SSF_logo_CC0000-3.png","contentUrl":"https:\/\/safetysourcefire.ca\/wp-content\/uploads\/2021\/01\/SSF_logo_CC0000-3.png","width":1107,"height":365,"caption":"Safety Source Fire"},"image":{"@id":"https:\/\/safetysourcefire.ca\/#\/schema\/logo\/image\/"},"sameAs":["https:\/\/www.facebook.com\/mmfssca","https:\/\/x.com\/mmfssca"]}]}},"_links":{"self":[{"href":"https:\/\/safetysourcefire.ca\/fr\/wp-json\/wp\/v2\/product\/25140","targetHints":{"allow":["GET"]}}],"collection":[{"href":"https:\/\/safetysourcefire.ca\/fr\/wp-json\/wp\/v2\/product"}],"about":[{"href":"https:\/\/safetysourcefire.ca\/fr\/wp-json\/wp\/v2\/types\/product"}],"wp:featuredmedia":[{"embeddable":true,"href":"https:\/\/safetysourcefire.ca\/fr\/wp-json\/wp\/v2\/media\/25145"}],"wp:attachment":[{"href":"https:\/\/safetysourcefire.ca\/fr\/wp-json\/wp\/v2\/media?parent=25140"}],"wp:term":[{"taxonomy":"product_brand","embeddable":true,"href":"https:\/\/safetysourcefire.ca\/fr\/wp-json\/wp\/v2\/product_brand?post=25140"},{"taxonomy":"product_cat","embeddable":true,"href":"https:\/\/safetysourcefire.ca\/fr\/wp-json\/wp\/v2\/product_cat?post=25140"},{"taxonomy":"product_tag","embeddable":true,"href":"https:\/\/safetysourcefire.ca\/fr\/wp-json\/wp\/v2\/product_tag?post=25140"}],"curies":[{"name":"wp","href":"https:\/\/api.w.org\/{rel}","templated":true}]}}