{"id":25192,"date":"2021-04-16T17:31:40","date_gmt":"2021-04-16T17:31:40","guid":{"rendered":"https:\/\/safetysourcefire.ca\/?post_type=product&#038;p=25192"},"modified":"2021-04-28T19:17:17","modified_gmt":"2021-04-28T19:17:17","slug":"polytac-90-x-usb-polytac-90-x-right-angle-light","status":"publish","type":"product","link":"https:\/\/safetysourcefire.ca\/fr\/produit\/polytac-90-x-usb-polytac-90-x-right-angle-light\/","title":{"rendered":"\u00c9clairage \u00e0 angle droit POLYTAC\u00ae 90 X USB \/ POLYTAC\u00ae 90 X"},"content":{"rendered":"<ul>\n<li>Mode \u00e0 intensit\u00e9 \u00e9lev\u00e9e : 500 lumens ; fonctionne 3,75 heures (lithium ion prot\u00e9g\u00e9)<\/li>\n<li>Multi-charge: peut fonctionner avec une batterie rechargeable USB Li-Ion prot\u00e9g\u00e9e Streamlight SL-B26\u2122\u00a0 ou deux piles au lithium CR123A<\/li>\n<li>Interrupteur \u00e0 bouton-poussoir robuste et multifonction facile \u00e0 utiliser avec des mains gant\u00e9es<\/li>\n<li>Lumi\u00e8re polyvalente \u00e0 angle droit qui s'accroche ou se pend \u00e0 l'\u00e9quipement<\/li>\n<\/ul>\n<p>SP\u00c9CIFICATIONS DU PRODUIT<\/p>\n<ul>\n<li>Lumens \u00e9lev\u00e9s : 500<\/li>\n<li>Dur\u00e9e d&#039;ex\u00e9cution en mode \u00e9lev\u00e9\u00a0: 3,75\u00a0heures<\/li>\n<li>Dur\u00e9e d'ex\u00e9cution en mode faible : 19 heures<\/li>\n<li>Distance du faisceau : 167 m\u00e8tres<\/li>\n<li>Type de batterie : Streamlight SL-B26 Protected Li-Ion USB Rechargeable Pack, CR123A Lithium<\/li>\n<li>Quantit\u00e9 de batterie: 2<\/li>\n<li>Longueur : 4,43 pouces (11,25 centim\u00e8tres)<\/li>\n<li>Poids : 4,80 onces (136,08 grammes)<\/li>\n<li>Couleurs : jaune, orange, noir<\/li>\n<\/ul>","protected":false},"excerpt":{"rendered":"<p>Lampe de poche \u00e0 angle droit multi-combustibles<\/p>","protected":false},"featured_media":25193,"template":"","meta":[],"product_brand":[144],"product_cat":[462,464,465,48,81],"product_tag":[350],"class_list":{"0":"post-25192","1":"product","2":"type-product","3":"status-publish","4":"has-post-thumbnail","6":"product_brand-streamlight","7":"product_cat-emergency-preparedness","8":"product_cat-flood","9":"product_cat-hurricane","10":"product_cat-lighting","11":"product_cat-personal-lighting","12":"product_tag-streamlight","14":"first","15":"instock","16":"shipping-taxable","17":"product-type-simple"},"yoast_head":"<!-- This site is optimized with the Yoast SEO plugin v27.4 - https:\/\/yoast.com\/product\/yoast-seo-wordpress\/ -->\n<title>POLYTAC\u00ae 90 X USB\/POLYTAC\u00ae 90 X Right Angle Light - Safety Source Fire<\/title>\n<meta name=\"robots\" content=\"index, follow, max-snippet:-1, max-image-preview:large, max-video-preview:-1\" \/>\n<link rel=\"canonical\" href=\"https:\/\/safetysourcefire.ca\/fr\/?product=polytac-90-x-usb-polytac-90-x-right-angle-light\" \/>\n<meta property=\"og:locale\" content=\"fr_CA\" \/>\n<meta property=\"og:type\" content=\"article\" \/>\n<meta property=\"og:title\" content=\"POLYTAC\u00ae 90 X USB\/POLYTAC\u00ae 90 X Right Angle Light - Safety Source Fire\" \/>\n<meta property=\"og:description\" content=\"Multi-Fuel Right Angle Flashlight\" \/>\n<meta property=\"og:url\" content=\"https:\/\/safetysourcefire.ca\/fr\/?product=polytac-90-x-usb-polytac-90-x-right-angle-light\" \/>\n<meta property=\"og:site_name\" content=\"Safety Source Fire\" \/>\n<meta property=\"article:publisher\" content=\"https:\/\/www.facebook.com\/mmfssca\" \/>\n<meta property=\"article:modified_time\" content=\"2021-04-28T19:17:17+00:00\" \/>\n<meta property=\"og:image\" content=\"https:\/\/safetysourcefire.ca\/wp-content\/uploads\/2021\/04\/polytac90x_01.jpg\" \/>\n\t<meta property=\"og:image:width\" content=\"600\" \/>\n\t<meta property=\"og:image:height\" content=\"600\" \/>\n\t<meta property=\"og:image:type\" content=\"image\/jpeg\" \/>\n<meta name=\"twitter:card\" content=\"summary_large_image\" \/>\n<meta name=\"twitter:site\" content=\"@mmfssca\" \/>\n<meta name=\"twitter:label1\" content=\"Estimation du temps de lecture\" \/>\n\t<meta name=\"twitter:data1\" content=\"1 minute\" \/>\n<script type=\"application\/ld+json\" class=\"yoast-schema-graph\">{\"@context\":\"https:\\\/\\\/schema.org\",\"@graph\":[{\"@type\":\"WebPage\",\"@id\":\"https:\\\/\\\/safetysourcefire.ca\\\/?product=polytac-90-x-usb-polytac-90-x-right-angle-light\",\"url\":\"https:\\\/\\\/safetysourcefire.ca\\\/?product=polytac-90-x-usb-polytac-90-x-right-angle-light\",\"name\":\"POLYTAC\u00ae 90 X USB\\\/POLYTAC\u00ae 90 X Right Angle Light - Safety Source Fire\",\"isPartOf\":{\"@id\":\"https:\\\/\\\/safetysourcefire.ca\\\/#website\"},\"primaryImageOfPage\":{\"@id\":\"https:\\\/\\\/safetysourcefire.ca\\\/?product=polytac-90-x-usb-polytac-90-x-right-angle-light#primaryimage\"},\"image\":{\"@id\":\"https:\\\/\\\/safetysourcefire.ca\\\/?product=polytac-90-x-usb-polytac-90-x-right-angle-light#primaryimage\"},\"thumbnailUrl\":\"https:\\\/\\\/safetysourcefire.ca\\\/wp-content\\\/uploads\\\/2021\\\/04\\\/polytac90x_01.jpg\",\"datePublished\":\"2021-04-16T17:31:40+00:00\",\"dateModified\":\"2021-04-28T19:17:17+00:00\",\"breadcrumb\":{\"@id\":\"https:\\\/\\\/safetysourcefire.ca\\\/?product=polytac-90-x-usb-polytac-90-x-right-angle-light#breadcrumb\"},\"inLanguage\":\"fr-CA\",\"potentialAction\":[{\"@type\":\"ReadAction\",\"target\":[\"https:\\\/\\\/safetysourcefire.ca\\\/?product=polytac-90-x-usb-polytac-90-x-right-angle-light\"]}]},{\"@type\":\"ImageObject\",\"inLanguage\":\"fr-CA\",\"@id\":\"https:\\\/\\\/safetysourcefire.ca\\\/?product=polytac-90-x-usb-polytac-90-x-right-angle-light#primaryimage\",\"url\":\"https:\\\/\\\/safetysourcefire.ca\\\/wp-content\\\/uploads\\\/2021\\\/04\\\/polytac90x_01.jpg\",\"contentUrl\":\"https:\\\/\\\/safetysourcefire.ca\\\/wp-content\\\/uploads\\\/2021\\\/04\\\/polytac90x_01.jpg\",\"width\":600,\"height\":600,\"caption\":\"flashlight\"},{\"@type\":\"BreadcrumbList\",\"@id\":\"https:\\\/\\\/safetysourcefire.ca\\\/?product=polytac-90-x-usb-polytac-90-x-right-angle-light#breadcrumb\",\"itemListElement\":[{\"@type\":\"ListItem\",\"position\":1,\"name\":\"Home\",\"item\":\"https:\\\/\\\/safetysourcefire.ca\\\/\"},{\"@type\":\"ListItem\",\"position\":2,\"name\":\"Products\",\"item\":\"https:\\\/\\\/safetysourcefire.ca\\\/shop\\\/\"},{\"@type\":\"ListItem\",\"position\":3,\"name\":\"POLYTAC\u00ae 90 X USB\\\/POLYTAC\u00ae 90 X Right Angle Light\"}]},{\"@type\":\"WebSite\",\"@id\":\"https:\\\/\\\/safetysourcefire.ca\\\/#website\",\"url\":\"https:\\\/\\\/safetysourcefire.ca\\\/\",\"name\":\"Safety Source Fire\",\"description\":\"\",\"publisher\":{\"@id\":\"https:\\\/\\\/safetysourcefire.ca\\\/#organization\"},\"potentialAction\":[{\"@type\":\"SearchAction\",\"target\":{\"@type\":\"EntryPoint\",\"urlTemplate\":\"https:\\\/\\\/safetysourcefire.ca\\\/?s={search_term_string}\"},\"query-input\":{\"@type\":\"PropertyValueSpecification\",\"valueRequired\":true,\"valueName\":\"search_term_string\"}}],\"inLanguage\":\"fr-CA\"},{\"@type\":\"Organization\",\"@id\":\"https:\\\/\\\/safetysourcefire.ca\\\/#organization\",\"name\":\"Safety Source Fire\",\"url\":\"https:\\\/\\\/safetysourcefire.ca\\\/\",\"logo\":{\"@type\":\"ImageObject\",\"inLanguage\":\"fr-CA\",\"@id\":\"https:\\\/\\\/safetysourcefire.ca\\\/#\\\/schema\\\/logo\\\/image\\\/\",\"url\":\"https:\\\/\\\/safetysourcefire.ca\\\/wp-content\\\/uploads\\\/2021\\\/01\\\/SSF_logo_CC0000-3.png\",\"contentUrl\":\"https:\\\/\\\/safetysourcefire.ca\\\/wp-content\\\/uploads\\\/2021\\\/01\\\/SSF_logo_CC0000-3.png\",\"width\":1107,\"height\":365,\"caption\":\"Safety Source Fire\"},\"image\":{\"@id\":\"https:\\\/\\\/safetysourcefire.ca\\\/#\\\/schema\\\/logo\\\/image\\\/\"},\"sameAs\":[\"https:\\\/\\\/www.facebook.com\\\/mmfssca\",\"https:\\\/\\\/x.com\\\/mmfssca\"]}]}<\/script>\n<!-- \/ Yoast SEO plugin. -->","yoast_head_json":{"title":"POLYTAC\u00ae 90 X USB\/POLYTAC\u00ae 90 X Right Angle Light - Safety Source Fire","robots":{"index":"index","follow":"follow","max-snippet":"max-snippet:-1","max-image-preview":"max-image-preview:large","max-video-preview":"max-video-preview:-1"},"canonical":"https:\/\/safetysourcefire.ca\/fr\/?product=polytac-90-x-usb-polytac-90-x-right-angle-light","og_locale":"fr_CA","og_type":"article","og_title":"POLYTAC\u00ae 90 X USB\/POLYTAC\u00ae 90 X Right Angle Light - Safety Source Fire","og_description":"Multi-Fuel Right Angle Flashlight","og_url":"https:\/\/safetysourcefire.ca\/fr\/?product=polytac-90-x-usb-polytac-90-x-right-angle-light","og_site_name":"Safety Source Fire","article_publisher":"https:\/\/www.facebook.com\/mmfssca","article_modified_time":"2021-04-28T19:17:17+00:00","og_image":[{"width":600,"height":600,"url":"https:\/\/safetysourcefire.ca\/wp-content\/uploads\/2021\/04\/polytac90x_01.jpg","type":"image\/jpeg"}],"twitter_card":"summary_large_image","twitter_site":"@mmfssca","twitter_misc":{"Estimation du temps de lecture":"1 minute"},"schema":{"@context":"https:\/\/schema.org","@graph":[{"@type":"WebPage","@id":"https:\/\/safetysourcefire.ca\/?product=polytac-90-x-usb-polytac-90-x-right-angle-light","url":"https:\/\/safetysourcefire.ca\/?product=polytac-90-x-usb-polytac-90-x-right-angle-light","name":"POLYTAC\u00ae 90 X USB\/POLYTAC\u00ae 90 X Right Angle Light - Safety Source Fire","isPartOf":{"@id":"https:\/\/safetysourcefire.ca\/#website"},"primaryImageOfPage":{"@id":"https:\/\/safetysourcefire.ca\/?product=polytac-90-x-usb-polytac-90-x-right-angle-light#primaryimage"},"image":{"@id":"https:\/\/safetysourcefire.ca\/?product=polytac-90-x-usb-polytac-90-x-right-angle-light#primaryimage"},"thumbnailUrl":"https:\/\/safetysourcefire.ca\/wp-content\/uploads\/2021\/04\/polytac90x_01.jpg","datePublished":"2021-04-16T17:31:40+00:00","dateModified":"2021-04-28T19:17:17+00:00","breadcrumb":{"@id":"https:\/\/safetysourcefire.ca\/?product=polytac-90-x-usb-polytac-90-x-right-angle-light#breadcrumb"},"inLanguage":"fr-CA","potentialAction":[{"@type":"ReadAction","target":["https:\/\/safetysourcefire.ca\/?product=polytac-90-x-usb-polytac-90-x-right-angle-light"]}]},{"@type":"ImageObject","inLanguage":"fr-CA","@id":"https:\/\/safetysourcefire.ca\/?product=polytac-90-x-usb-polytac-90-x-right-angle-light#primaryimage","url":"https:\/\/safetysourcefire.ca\/wp-content\/uploads\/2021\/04\/polytac90x_01.jpg","contentUrl":"https:\/\/safetysourcefire.ca\/wp-content\/uploads\/2021\/04\/polytac90x_01.jpg","width":600,"height":600,"caption":"flashlight"},{"@type":"BreadcrumbList","@id":"https:\/\/safetysourcefire.ca\/?product=polytac-90-x-usb-polytac-90-x-right-angle-light#breadcrumb","itemListElement":[{"@type":"ListItem","position":1,"name":"Home","item":"https:\/\/safetysourcefire.ca\/"},{"@type":"ListItem","position":2,"name":"Products","item":"https:\/\/safetysourcefire.ca\/shop\/"},{"@type":"ListItem","position":3,"name":"POLYTAC\u00ae 90 X USB\/POLYTAC\u00ae 90 X Right Angle Light"}]},{"@type":"WebSite","@id":"https:\/\/safetysourcefire.ca\/#website","url":"https:\/\/safetysourcefire.ca\/","name":"Safety Source Fire","description":"","publisher":{"@id":"https:\/\/safetysourcefire.ca\/#organization"},"potentialAction":[{"@type":"SearchAction","target":{"@type":"EntryPoint","urlTemplate":"https:\/\/safetysourcefire.ca\/?s={search_term_string}"},"query-input":{"@type":"PropertyValueSpecification","valueRequired":true,"valueName":"search_term_string"}}],"inLanguage":"fr-CA"},{"@type":"Organization","@id":"https:\/\/safetysourcefire.ca\/#organization","name":"Safety Source Fire","url":"https:\/\/safetysourcefire.ca\/","logo":{"@type":"ImageObject","inLanguage":"fr-CA","@id":"https:\/\/safetysourcefire.ca\/#\/schema\/logo\/image\/","url":"https:\/\/safetysourcefire.ca\/wp-content\/uploads\/2021\/01\/SSF_logo_CC0000-3.png","contentUrl":"https:\/\/safetysourcefire.ca\/wp-content\/uploads\/2021\/01\/SSF_logo_CC0000-3.png","width":1107,"height":365,"caption":"Safety Source Fire"},"image":{"@id":"https:\/\/safetysourcefire.ca\/#\/schema\/logo\/image\/"},"sameAs":["https:\/\/www.facebook.com\/mmfssca","https:\/\/x.com\/mmfssca"]}]}},"_links":{"self":[{"href":"https:\/\/safetysourcefire.ca\/fr\/wp-json\/wp\/v2\/product\/25192","targetHints":{"allow":["GET"]}}],"collection":[{"href":"https:\/\/safetysourcefire.ca\/fr\/wp-json\/wp\/v2\/product"}],"about":[{"href":"https:\/\/safetysourcefire.ca\/fr\/wp-json\/wp\/v2\/types\/product"}],"wp:featuredmedia":[{"embeddable":true,"href":"https:\/\/safetysourcefire.ca\/fr\/wp-json\/wp\/v2\/media\/25193"}],"wp:attachment":[{"href":"https:\/\/safetysourcefire.ca\/fr\/wp-json\/wp\/v2\/media?parent=25192"}],"wp:term":[{"taxonomy":"product_brand","embeddable":true,"href":"https:\/\/safetysourcefire.ca\/fr\/wp-json\/wp\/v2\/product_brand?post=25192"},{"taxonomy":"product_cat","embeddable":true,"href":"https:\/\/safetysourcefire.ca\/fr\/wp-json\/wp\/v2\/product_cat?post=25192"},{"taxonomy":"product_tag","embeddable":true,"href":"https:\/\/safetysourcefire.ca\/fr\/wp-json\/wp\/v2\/product_tag?post=25192"}],"curies":[{"name":"wp","href":"https:\/\/api.w.org\/{rel}","templated":true}]}}