{"id":25197,"date":"2021-04-16T17:39:57","date_gmt":"2021-04-16T17:39:57","guid":{"rendered":"https:\/\/safetysourcefire.ca\/?post_type=product&#038;p=25197"},"modified":"2023-10-03T12:56:55","modified_gmt":"2023-10-03T12:56:55","slug":"vulcan-180-haz-lo","status":"publish","type":"product","link":"https:\/\/safetysourcefire.ca\/fr\/produit\/vulcan-180-haz-lo\/","title":{"rendered":"Lampe VULCAN\u00ae 180 HAZ-LO\u00ae"},"content":{"rendered":"<ul>\n<li>400 lumens ; fonctionne 10 heures<\/li>\n<li>La t\u00eate articul\u00e9e \u00e0 180\u00b0 dirige le faisceau l\u00e0 o\u00f9 vous en avez besoin<\/li>\n<li>La zone de base plate permet \u00e0 la lumi\u00e8re de rester sur pied et produit un \u00e9clairage stable de la sc\u00e8ne<\/li>\n<li>Deux LED bleus de feux arri\u00e8re ultra-lumineux vous permettent d'\u00eatre vu m\u00eame dans une \u00e9paisse fum\u00e9e<\/li>\n<\/ul>\n<p>SP\u00c9CIFICATIONS DU PRODUIT<\/p>\n<ul>\n<li>Lumens \u00e9lev\u00e9s\u00a0: 130\u00a0-\u00a0400<\/li>\n<li>Temps d'ex\u00e9cution \u00e0 haute intensit\u00e9 : 10,00 heures<\/li>\n<li>Dur\u00e9e d'ex\u00e9cution \u00e0 faible intensit\u00e9 : 24,00 heures<\/li>\n<li>Distance du faisceau : 316 m\u00e8tres<\/li>\n<li>Candela max : 25 000<\/li>\n<li>Type de batterie\u00a0: lithium-ion<\/li>\n<li>Quantit\u00e9 de batterie: 1<\/li>\n<li>Longueur : 7,43 pouces (18,87 centim\u00e8tres)<\/li>\n<li>Poids : 2 livres 7,52 onces (1120,37 grammes)<\/li>\n<li>Couleurs : jaune, orange<\/li>\n<\/ul>\n<p><iframe loading=\"lazy\" title=\"Streamlight Vulcan\u00ae 180\" width=\"980\" height=\"551\" src=\"https:\/\/www.youtube.com\/embed\/W8KAfesu1fA?feature=oembed&#038;enablejsapi=1&#038;origin=https:\/\/safetysourcefire.ca\" frameborder=\"0\" allow=\"accelerometer; autoplay; clipboard-write; encrypted-media; gyroscope; picture-in-picture\" allowfullscreen><\/iframe><\/p>","protected":false},"excerpt":{"rendered":"<p>Classe I, Div. 1 lanterne rechargeable \/ \u00e9clairage de sc\u00e8ne portable<\/p>","protected":false},"featured_media":25198,"template":"","meta":[],"product_brand":[144],"product_cat":[462,464,465,48,81,80],"product_tag":[350],"class_list":{"0":"post-25197","1":"product","2":"type-product","3":"status-publish","4":"has-post-thumbnail","6":"product_brand-streamlight","7":"product_cat-emergency-preparedness","8":"product_cat-flood","9":"product_cat-hurricane","10":"product_cat-lighting","11":"product_cat-personal-lighting","12":"product_cat-scene-lighting","13":"product_tag-streamlight","15":"first","16":"instock","17":"shipping-taxable","18":"product-type-simple"},"yoast_head":"<!-- This site is optimized with the Yoast SEO plugin v27.4 - https:\/\/yoast.com\/product\/yoast-seo-wordpress\/ -->\n<title>VULCAN\u00ae 180 HAZ-LO\u00ae - Safety Source Fire<\/title>\n<meta name=\"robots\" content=\"index, follow, max-snippet:-1, max-image-preview:large, max-video-preview:-1\" \/>\n<link rel=\"canonical\" href=\"https:\/\/safetysourcefire.ca\/fr\/?product=vulcan-180-haz-lo\" \/>\n<meta property=\"og:locale\" content=\"fr_CA\" \/>\n<meta property=\"og:type\" content=\"article\" \/>\n<meta property=\"og:title\" content=\"VULCAN\u00ae 180 HAZ-LO\u00ae - Safety Source Fire\" \/>\n<meta property=\"og:description\" content=\"Class I, Div. 1 Rechargeable Lantern\/Portable Scene Light\" \/>\n<meta property=\"og:url\" content=\"https:\/\/safetysourcefire.ca\/fr\/?product=vulcan-180-haz-lo\" \/>\n<meta property=\"og:site_name\" content=\"Safety Source Fire\" \/>\n<meta property=\"article:publisher\" content=\"https:\/\/www.facebook.com\/mmfssca\" \/>\n<meta property=\"article:modified_time\" content=\"2023-10-03T12:56:55+00:00\" \/>\n<meta property=\"og:image\" content=\"https:\/\/safetysourcefire.ca\/wp-content\/uploads\/2021\/04\/vulcan180_yellow_01.jpg\" \/>\n\t<meta property=\"og:image:width\" content=\"600\" \/>\n\t<meta property=\"og:image:height\" content=\"600\" \/>\n\t<meta property=\"og:image:type\" content=\"image\/jpeg\" \/>\n<meta name=\"twitter:card\" content=\"summary_large_image\" \/>\n<meta name=\"twitter:site\" content=\"@mmfssca\" \/>\n<meta name=\"twitter:label1\" content=\"Estimation du temps de lecture\" \/>\n\t<meta name=\"twitter:data1\" content=\"1 minute\" \/>\n<script type=\"application\/ld+json\" class=\"yoast-schema-graph\">{\"@context\":\"https:\\\/\\\/schema.org\",\"@graph\":[{\"@type\":\"WebPage\",\"@id\":\"https:\\\/\\\/safetysourcefire.ca\\\/?product=vulcan-180-haz-lo\",\"url\":\"https:\\\/\\\/safetysourcefire.ca\\\/?product=vulcan-180-haz-lo\",\"name\":\"VULCAN\u00ae 180 HAZ-LO\u00ae - Safety Source Fire\",\"isPartOf\":{\"@id\":\"https:\\\/\\\/safetysourcefire.ca\\\/#website\"},\"primaryImageOfPage\":{\"@id\":\"https:\\\/\\\/safetysourcefire.ca\\\/?product=vulcan-180-haz-lo#primaryimage\"},\"image\":{\"@id\":\"https:\\\/\\\/safetysourcefire.ca\\\/?product=vulcan-180-haz-lo#primaryimage\"},\"thumbnailUrl\":\"https:\\\/\\\/safetysourcefire.ca\\\/wp-content\\\/uploads\\\/2021\\\/04\\\/vulcan180_yellow_01.jpg\",\"datePublished\":\"2021-04-16T17:39:57+00:00\",\"dateModified\":\"2023-10-03T12:56:55+00:00\",\"breadcrumb\":{\"@id\":\"https:\\\/\\\/safetysourcefire.ca\\\/?product=vulcan-180-haz-lo#breadcrumb\"},\"inLanguage\":\"fr-CA\",\"potentialAction\":[{\"@type\":\"ReadAction\",\"target\":[\"https:\\\/\\\/safetysourcefire.ca\\\/?product=vulcan-180-haz-lo\"]}]},{\"@type\":\"ImageObject\",\"inLanguage\":\"fr-CA\",\"@id\":\"https:\\\/\\\/safetysourcefire.ca\\\/?product=vulcan-180-haz-lo#primaryimage\",\"url\":\"https:\\\/\\\/safetysourcefire.ca\\\/wp-content\\\/uploads\\\/2021\\\/04\\\/vulcan180_yellow_01.jpg\",\"contentUrl\":\"https:\\\/\\\/safetysourcefire.ca\\\/wp-content\\\/uploads\\\/2021\\\/04\\\/vulcan180_yellow_01.jpg\",\"width\":600,\"height\":600,\"caption\":\"lantern\"},{\"@type\":\"BreadcrumbList\",\"@id\":\"https:\\\/\\\/safetysourcefire.ca\\\/?product=vulcan-180-haz-lo#breadcrumb\",\"itemListElement\":[{\"@type\":\"ListItem\",\"position\":1,\"name\":\"Home\",\"item\":\"https:\\\/\\\/safetysourcefire.ca\\\/\"},{\"@type\":\"ListItem\",\"position\":2,\"name\":\"Products\",\"item\":\"https:\\\/\\\/safetysourcefire.ca\\\/shop\\\/\"},{\"@type\":\"ListItem\",\"position\":3,\"name\":\"VULCAN\u00ae 180 HAZ-LO\u00ae\"}]},{\"@type\":\"WebSite\",\"@id\":\"https:\\\/\\\/safetysourcefire.ca\\\/#website\",\"url\":\"https:\\\/\\\/safetysourcefire.ca\\\/\",\"name\":\"Safety Source Fire\",\"description\":\"\",\"publisher\":{\"@id\":\"https:\\\/\\\/safetysourcefire.ca\\\/#organization\"},\"potentialAction\":[{\"@type\":\"SearchAction\",\"target\":{\"@type\":\"EntryPoint\",\"urlTemplate\":\"https:\\\/\\\/safetysourcefire.ca\\\/?s={search_term_string}\"},\"query-input\":{\"@type\":\"PropertyValueSpecification\",\"valueRequired\":true,\"valueName\":\"search_term_string\"}}],\"inLanguage\":\"fr-CA\"},{\"@type\":\"Organization\",\"@id\":\"https:\\\/\\\/safetysourcefire.ca\\\/#organization\",\"name\":\"Safety Source Fire\",\"url\":\"https:\\\/\\\/safetysourcefire.ca\\\/\",\"logo\":{\"@type\":\"ImageObject\",\"inLanguage\":\"fr-CA\",\"@id\":\"https:\\\/\\\/safetysourcefire.ca\\\/#\\\/schema\\\/logo\\\/image\\\/\",\"url\":\"https:\\\/\\\/safetysourcefire.ca\\\/wp-content\\\/uploads\\\/2021\\\/01\\\/SSF_logo_CC0000-3.png\",\"contentUrl\":\"https:\\\/\\\/safetysourcefire.ca\\\/wp-content\\\/uploads\\\/2021\\\/01\\\/SSF_logo_CC0000-3.png\",\"width\":1107,\"height\":365,\"caption\":\"Safety Source Fire\"},\"image\":{\"@id\":\"https:\\\/\\\/safetysourcefire.ca\\\/#\\\/schema\\\/logo\\\/image\\\/\"},\"sameAs\":[\"https:\\\/\\\/www.facebook.com\\\/mmfssca\",\"https:\\\/\\\/x.com\\\/mmfssca\"]}]}<\/script>\n<!-- \/ Yoast SEO plugin. -->","yoast_head_json":{"title":"VULCAN\u00ae 180 HAZ-LO\u00ae - Source de s\u00e9curit\u00e9 incendie","robots":{"index":"index","follow":"follow","max-snippet":"max-snippet:-1","max-image-preview":"max-image-preview:large","max-video-preview":"max-video-preview:-1"},"canonical":"https:\/\/safetysourcefire.ca\/fr\/?product=vulcan-180-haz-lo","og_locale":"fr_CA","og_type":"article","og_title":"VULCAN\u00ae 180 HAZ-LO\u00ae - Safety Source Fire","og_description":"Class I, Div. 1 Rechargeable Lantern\/Portable Scene Light","og_url":"https:\/\/safetysourcefire.ca\/fr\/?product=vulcan-180-haz-lo","og_site_name":"Safety Source Fire","article_publisher":"https:\/\/www.facebook.com\/mmfssca","article_modified_time":"2023-10-03T12:56:55+00:00","og_image":[{"width":600,"height":600,"url":"https:\/\/safetysourcefire.ca\/wp-content\/uploads\/2021\/04\/vulcan180_yellow_01.jpg","type":"image\/jpeg"}],"twitter_card":"summary_large_image","twitter_site":"@mmfssca","twitter_misc":{"Estimation du temps de lecture":"1 minute"},"schema":{"@context":"https:\/\/schema.org","@graph":[{"@type":"WebPage","@id":"https:\/\/safetysourcefire.ca\/?product=vulcan-180-haz-lo","url":"https:\/\/safetysourcefire.ca\/?product=vulcan-180-haz-lo","name":"VULCAN\u00ae 180 HAZ-LO\u00ae - Source de s\u00e9curit\u00e9 incendie","isPartOf":{"@id":"https:\/\/safetysourcefire.ca\/#website"},"primaryImageOfPage":{"@id":"https:\/\/safetysourcefire.ca\/?product=vulcan-180-haz-lo#primaryimage"},"image":{"@id":"https:\/\/safetysourcefire.ca\/?product=vulcan-180-haz-lo#primaryimage"},"thumbnailUrl":"https:\/\/safetysourcefire.ca\/wp-content\/uploads\/2021\/04\/vulcan180_yellow_01.jpg","datePublished":"2021-04-16T17:39:57+00:00","dateModified":"2023-10-03T12:56:55+00:00","breadcrumb":{"@id":"https:\/\/safetysourcefire.ca\/?product=vulcan-180-haz-lo#breadcrumb"},"inLanguage":"fr-CA","potentialAction":[{"@type":"ReadAction","target":["https:\/\/safetysourcefire.ca\/?product=vulcan-180-haz-lo"]}]},{"@type":"ImageObject","inLanguage":"fr-CA","@id":"https:\/\/safetysourcefire.ca\/?product=vulcan-180-haz-lo#primaryimage","url":"https:\/\/safetysourcefire.ca\/wp-content\/uploads\/2021\/04\/vulcan180_yellow_01.jpg","contentUrl":"https:\/\/safetysourcefire.ca\/wp-content\/uploads\/2021\/04\/vulcan180_yellow_01.jpg","width":600,"height":600,"caption":"lantern"},{"@type":"BreadcrumbList","@id":"https:\/\/safetysourcefire.ca\/?product=vulcan-180-haz-lo#breadcrumb","itemListElement":[{"@type":"ListItem","position":1,"name":"Home","item":"https:\/\/safetysourcefire.ca\/"},{"@type":"ListItem","position":2,"name":"Products","item":"https:\/\/safetysourcefire.ca\/shop\/"},{"@type":"ListItem","position":3,"name":"VULCAN\u00ae 180 HAZ-LO\u00ae"}]},{"@type":"WebSite","@id":"https:\/\/safetysourcefire.ca\/#website","url":"https:\/\/safetysourcefire.ca\/","name":"Safety Source Fire","description":"","publisher":{"@id":"https:\/\/safetysourcefire.ca\/#organization"},"potentialAction":[{"@type":"SearchAction","target":{"@type":"EntryPoint","urlTemplate":"https:\/\/safetysourcefire.ca\/?s={search_term_string}"},"query-input":{"@type":"PropertyValueSpecification","valueRequired":true,"valueName":"search_term_string"}}],"inLanguage":"fr-CA"},{"@type":"Organization","@id":"https:\/\/safetysourcefire.ca\/#organization","name":"Safety Source Fire","url":"https:\/\/safetysourcefire.ca\/","logo":{"@type":"ImageObject","inLanguage":"fr-CA","@id":"https:\/\/safetysourcefire.ca\/#\/schema\/logo\/image\/","url":"https:\/\/safetysourcefire.ca\/wp-content\/uploads\/2021\/01\/SSF_logo_CC0000-3.png","contentUrl":"https:\/\/safetysourcefire.ca\/wp-content\/uploads\/2021\/01\/SSF_logo_CC0000-3.png","width":1107,"height":365,"caption":"Safety Source Fire"},"image":{"@id":"https:\/\/safetysourcefire.ca\/#\/schema\/logo\/image\/"},"sameAs":["https:\/\/www.facebook.com\/mmfssca","https:\/\/x.com\/mmfssca"]}]}},"_links":{"self":[{"href":"https:\/\/safetysourcefire.ca\/fr\/wp-json\/wp\/v2\/product\/25197","targetHints":{"allow":["GET"]}}],"collection":[{"href":"https:\/\/safetysourcefire.ca\/fr\/wp-json\/wp\/v2\/product"}],"about":[{"href":"https:\/\/safetysourcefire.ca\/fr\/wp-json\/wp\/v2\/types\/product"}],"wp:featuredmedia":[{"embeddable":true,"href":"https:\/\/safetysourcefire.ca\/fr\/wp-json\/wp\/v2\/media\/25198"}],"wp:attachment":[{"href":"https:\/\/safetysourcefire.ca\/fr\/wp-json\/wp\/v2\/media?parent=25197"}],"wp:term":[{"taxonomy":"product_brand","embeddable":true,"href":"https:\/\/safetysourcefire.ca\/fr\/wp-json\/wp\/v2\/product_brand?post=25197"},{"taxonomy":"product_cat","embeddable":true,"href":"https:\/\/safetysourcefire.ca\/fr\/wp-json\/wp\/v2\/product_cat?post=25197"},{"taxonomy":"product_tag","embeddable":true,"href":"https:\/\/safetysourcefire.ca\/fr\/wp-json\/wp\/v2\/product_tag?post=25197"}],"curies":[{"name":"wp","href":"https:\/\/api.w.org\/{rel}","templated":true}]}}