{"id":25253,"date":"2021-04-21T18:10:31","date_gmt":"2021-04-21T18:10:31","guid":{"rendered":"https:\/\/safetysourcefire.ca\/?post_type=product&#038;p=25253"},"modified":"2021-05-12T15:22:51","modified_gmt":"2021-05-12T15:22:51","slug":"qr14-structural-leather-boot","status":"publish","type":"product","link":"https:\/\/safetysourcefire.ca\/fr\/produit\/qr14-structural-leather-boot\/","title":{"rendered":"Botte structurelles en cuir QR14"},"content":{"rendered":"<p>Les goussets flexibles permettent \u00e0 la chaussure de bouger avec vous. Le 3M\u2122 Scotchlite Hi-Vis pr\u00e9sent dans ces bottes de bunker en cuir imperm\u00e9ables cr\u00e9e un look haute visibilit\u00e9 lorsqu'il est expos\u00e9 \u00e0 la lumi\u00e8re directe. R\u00e9sistant aux flammes et aux coupures. Semelle ext\u00e9rieure antid\u00e9rapante avec talon \u00e0 90 degr\u00e9s con\u00e7us expr\u00e8s pour travailler sur les \u00e9chelles. Offre une traction exceptionnelle sur n'importe quelle surface. La barri\u00e8re contre l'humidit\u00e9 \u00e0 trois couches GORE\u00ae CROSSTECH\u00ae est la plus r\u00e9sistante de l'industrie, offrant une protection robuste et durable qui d\u00e9passe les exigences de la norme NFPA 1971. L'embout de s\u00e9curit\u00e9 en composite, la semelle int\u00e9rieure Lenzi L-Protection\u00ae et la tige d'\u00e9chelle \u00e0 triple nervure en acier prot\u00e8gent votre pied des chocs, des perforations et de la fatigue du travail sur des \u00e9chelles. Un rembourrage suppl\u00e9mentaire au niveau du tibia et de la cheville vous prot\u00e8ge des barreaux d'\u00e9chelle et des autres impacts fr\u00e9quents dans votre travail. Antid\u00e9rapantes dans toutes les conditions et r\u00e9sistantes \u00e0 la chaleur quand il fait chaud, ces bottes toutes saisons n'abandonneront pas tant que vous n'abandonnez pas.<\/p>\n<p>\u2022 La barri\u00e8re contre l&#039;humidit\u00e9 \u00e0 trois couches GORE\u00ae CROSSTECH\u00ae prot\u00e8ge contre les agents pathog\u00e8nes transmissibles par le sang<br \/>\n\u2022 Tige en cuir imperm\u00e9able, r\u00e9sistant aux flammes et aux coupures avec bout en caoutchouc r\u00e9sistant \u00e0 l&#039;abrasion<br \/>\n\u2022 Tige d&#039;\u00e9chelle \u00e0 triple nervure en acier<br \/>\n\u2022 Semelle ext\u00e9rieure Traction Flex exclusive<br \/>\n\u2022 Construction en ciment<\/p>\n<p>Agr\u00e9\u00e9:<\/p>\n<ul>\n<li>pour r\u00e9pondre \u00e0 la structure NFPA 1971<\/li>\n<li>CSA Z195-14 \u00c9dition 7<\/li>\n<\/ul>\n<p><em>Avertissement : La r\u00e9sistance aux chocs \u00e9lectriques se d\u00e9t\u00e9riore avec l'usure et\/ou dans les environnements humides.<\/em><\/p>","protected":false},"excerpt":{"rendered":"<p>Les nouvelles bottes de soute QR14 de Thorogood sont con\u00e7ues pour le confort, la durabilit\u00e9 et la s\u00e9curit\u00e9.<\/p>","protected":false},"featured_media":25259,"template":"","meta":[],"product_brand":[522],"product_cat":[121,50],"product_tag":[493,346,521],"class_list":{"0":"post-25253","1":"product","2":"type-product","3":"status-publish","4":"has-post-thumbnail","6":"product_brand-lion-fire-boots-by-thorogood","7":"product_cat-boots","8":"product_cat-personal-protective-equipment","9":"product_tag-lion","10":"product_tag-starfield","11":"product_tag-thorogood","13":"first","14":"instock","15":"shipping-taxable","16":"product-type-simple"},"yoast_head":"<!-- This site is optimized with the Yoast SEO plugin v27.4 - https:\/\/yoast.com\/product\/yoast-seo-wordpress\/ -->\n<title>QR14 Structural Leather Boot - Safety Source Fire<\/title>\n<meta name=\"robots\" content=\"index, follow, max-snippet:-1, max-image-preview:large, max-video-preview:-1\" \/>\n<link rel=\"canonical\" href=\"https:\/\/safetysourcefire.ca\/fr\/?product=qr14-structural-leather-boot\" \/>\n<meta property=\"og:locale\" content=\"fr_CA\" \/>\n<meta property=\"og:type\" content=\"article\" \/>\n<meta property=\"og:title\" content=\"QR14 Structural Leather Boot - Safety Source Fire\" \/>\n<meta property=\"og:description\" content=\"Thorogood\u2019s new QR14 bunker boots are built for comfort, durability and safety.\" \/>\n<meta property=\"og:url\" content=\"https:\/\/safetysourcefire.ca\/fr\/?product=qr14-structural-leather-boot\" \/>\n<meta property=\"og:site_name\" content=\"Safety Source Fire\" \/>\n<meta property=\"article:publisher\" content=\"https:\/\/www.facebook.com\/mmfssca\" \/>\n<meta property=\"article:modified_time\" content=\"2021-05-12T15:22:51+00:00\" \/>\n<meta property=\"og:image\" content=\"https:\/\/safetysourcefire.ca\/wp-content\/uploads\/2021\/04\/QR14_double.jpg\" \/>\n\t<meta property=\"og:image:width\" content=\"600\" \/>\n\t<meta property=\"og:image:height\" content=\"600\" \/>\n\t<meta property=\"og:image:type\" content=\"image\/jpeg\" \/>\n<meta name=\"twitter:card\" content=\"summary_large_image\" \/>\n<meta name=\"twitter:site\" content=\"@mmfssca\" \/>\n<meta name=\"twitter:label1\" content=\"Estimation du temps de lecture\" \/>\n\t<meta name=\"twitter:data1\" content=\"1 minute\" \/>\n<script type=\"application\/ld+json\" class=\"yoast-schema-graph\">{\"@context\":\"https:\\\/\\\/schema.org\",\"@graph\":[{\"@type\":\"WebPage\",\"@id\":\"https:\\\/\\\/safetysourcefire.ca\\\/?product=qr14-structural-leather-boot\",\"url\":\"https:\\\/\\\/safetysourcefire.ca\\\/?product=qr14-structural-leather-boot\",\"name\":\"QR14 Structural Leather Boot - Safety Source Fire\",\"isPartOf\":{\"@id\":\"https:\\\/\\\/safetysourcefire.ca\\\/#website\"},\"primaryImageOfPage\":{\"@id\":\"https:\\\/\\\/safetysourcefire.ca\\\/?product=qr14-structural-leather-boot#primaryimage\"},\"image\":{\"@id\":\"https:\\\/\\\/safetysourcefire.ca\\\/?product=qr14-structural-leather-boot#primaryimage\"},\"thumbnailUrl\":\"https:\\\/\\\/safetysourcefire.ca\\\/wp-content\\\/uploads\\\/2021\\\/04\\\/QR14_double.jpg\",\"datePublished\":\"2021-04-21T18:10:31+00:00\",\"dateModified\":\"2021-05-12T15:22:51+00:00\",\"breadcrumb\":{\"@id\":\"https:\\\/\\\/safetysourcefire.ca\\\/?product=qr14-structural-leather-boot#breadcrumb\"},\"inLanguage\":\"fr-CA\",\"potentialAction\":[{\"@type\":\"ReadAction\",\"target\":[\"https:\\\/\\\/safetysourcefire.ca\\\/?product=qr14-structural-leather-boot\"]}]},{\"@type\":\"ImageObject\",\"inLanguage\":\"fr-CA\",\"@id\":\"https:\\\/\\\/safetysourcefire.ca\\\/?product=qr14-structural-leather-boot#primaryimage\",\"url\":\"https:\\\/\\\/safetysourcefire.ca\\\/wp-content\\\/uploads\\\/2021\\\/04\\\/QR14_double.jpg\",\"contentUrl\":\"https:\\\/\\\/safetysourcefire.ca\\\/wp-content\\\/uploads\\\/2021\\\/04\\\/QR14_double.jpg\",\"width\":600,\"height\":600,\"caption\":\"QR14 boots\"},{\"@type\":\"BreadcrumbList\",\"@id\":\"https:\\\/\\\/safetysourcefire.ca\\\/?product=qr14-structural-leather-boot#breadcrumb\",\"itemListElement\":[{\"@type\":\"ListItem\",\"position\":1,\"name\":\"Home\",\"item\":\"https:\\\/\\\/safetysourcefire.ca\\\/\"},{\"@type\":\"ListItem\",\"position\":2,\"name\":\"Products\",\"item\":\"https:\\\/\\\/safetysourcefire.ca\\\/shop\\\/\"},{\"@type\":\"ListItem\",\"position\":3,\"name\":\"QR14 Structural Leather Boot\"}]},{\"@type\":\"WebSite\",\"@id\":\"https:\\\/\\\/safetysourcefire.ca\\\/#website\",\"url\":\"https:\\\/\\\/safetysourcefire.ca\\\/\",\"name\":\"Safety Source Fire\",\"description\":\"\",\"publisher\":{\"@id\":\"https:\\\/\\\/safetysourcefire.ca\\\/#organization\"},\"potentialAction\":[{\"@type\":\"SearchAction\",\"target\":{\"@type\":\"EntryPoint\",\"urlTemplate\":\"https:\\\/\\\/safetysourcefire.ca\\\/?s={search_term_string}\"},\"query-input\":{\"@type\":\"PropertyValueSpecification\",\"valueRequired\":true,\"valueName\":\"search_term_string\"}}],\"inLanguage\":\"fr-CA\"},{\"@type\":\"Organization\",\"@id\":\"https:\\\/\\\/safetysourcefire.ca\\\/#organization\",\"name\":\"Safety Source Fire\",\"url\":\"https:\\\/\\\/safetysourcefire.ca\\\/\",\"logo\":{\"@type\":\"ImageObject\",\"inLanguage\":\"fr-CA\",\"@id\":\"https:\\\/\\\/safetysourcefire.ca\\\/#\\\/schema\\\/logo\\\/image\\\/\",\"url\":\"https:\\\/\\\/safetysourcefire.ca\\\/wp-content\\\/uploads\\\/2021\\\/01\\\/SSF_logo_CC0000-3.png\",\"contentUrl\":\"https:\\\/\\\/safetysourcefire.ca\\\/wp-content\\\/uploads\\\/2021\\\/01\\\/SSF_logo_CC0000-3.png\",\"width\":1107,\"height\":365,\"caption\":\"Safety Source Fire\"},\"image\":{\"@id\":\"https:\\\/\\\/safetysourcefire.ca\\\/#\\\/schema\\\/logo\\\/image\\\/\"},\"sameAs\":[\"https:\\\/\\\/www.facebook.com\\\/mmfssca\",\"https:\\\/\\\/x.com\\\/mmfssca\"]}]}<\/script>\n<!-- \/ Yoast SEO plugin. -->","yoast_head_json":{"title":"Botte en cuir structur\u00e9 QR14 - Safety Source Fire","robots":{"index":"index","follow":"follow","max-snippet":"max-snippet:-1","max-image-preview":"max-image-preview:large","max-video-preview":"max-video-preview:-1"},"canonical":"https:\/\/safetysourcefire.ca\/fr\/?product=qr14-structural-leather-boot","og_locale":"fr_CA","og_type":"article","og_title":"QR14 Structural Leather Boot - Safety Source Fire","og_description":"Thorogood\u2019s new QR14 bunker boots are built for comfort, durability and safety.","og_url":"https:\/\/safetysourcefire.ca\/fr\/?product=qr14-structural-leather-boot","og_site_name":"Safety Source Fire","article_publisher":"https:\/\/www.facebook.com\/mmfssca","article_modified_time":"2021-05-12T15:22:51+00:00","og_image":[{"width":600,"height":600,"url":"https:\/\/safetysourcefire.ca\/wp-content\/uploads\/2021\/04\/QR14_double.jpg","type":"image\/jpeg"}],"twitter_card":"summary_large_image","twitter_site":"@mmfssca","twitter_misc":{"Estimation du temps de lecture":"1 minute"},"schema":{"@context":"https:\/\/schema.org","@graph":[{"@type":"WebPage","@id":"https:\/\/safetysourcefire.ca\/?product=qr14-structural-leather-boot","url":"https:\/\/safetysourcefire.ca\/?product=qr14-structural-leather-boot","name":"Botte en cuir structur\u00e9 QR14 - Safety Source Fire","isPartOf":{"@id":"https:\/\/safetysourcefire.ca\/#website"},"primaryImageOfPage":{"@id":"https:\/\/safetysourcefire.ca\/?product=qr14-structural-leather-boot#primaryimage"},"image":{"@id":"https:\/\/safetysourcefire.ca\/?product=qr14-structural-leather-boot#primaryimage"},"thumbnailUrl":"https:\/\/safetysourcefire.ca\/wp-content\/uploads\/2021\/04\/QR14_double.jpg","datePublished":"2021-04-21T18:10:31+00:00","dateModified":"2021-05-12T15:22:51+00:00","breadcrumb":{"@id":"https:\/\/safetysourcefire.ca\/?product=qr14-structural-leather-boot#breadcrumb"},"inLanguage":"fr-CA","potentialAction":[{"@type":"ReadAction","target":["https:\/\/safetysourcefire.ca\/?product=qr14-structural-leather-boot"]}]},{"@type":"ImageObject","inLanguage":"fr-CA","@id":"https:\/\/safetysourcefire.ca\/?product=qr14-structural-leather-boot#primaryimage","url":"https:\/\/safetysourcefire.ca\/wp-content\/uploads\/2021\/04\/QR14_double.jpg","contentUrl":"https:\/\/safetysourcefire.ca\/wp-content\/uploads\/2021\/04\/QR14_double.jpg","width":600,"height":600,"caption":"QR14 boots"},{"@type":"BreadcrumbList","@id":"https:\/\/safetysourcefire.ca\/?product=qr14-structural-leather-boot#breadcrumb","itemListElement":[{"@type":"ListItem","position":1,"name":"Home","item":"https:\/\/safetysourcefire.ca\/"},{"@type":"ListItem","position":2,"name":"Products","item":"https:\/\/safetysourcefire.ca\/shop\/"},{"@type":"ListItem","position":3,"name":"QR14 Structural Leather Boot"}]},{"@type":"WebSite","@id":"https:\/\/safetysourcefire.ca\/#website","url":"https:\/\/safetysourcefire.ca\/","name":"Safety Source Fire","description":"","publisher":{"@id":"https:\/\/safetysourcefire.ca\/#organization"},"potentialAction":[{"@type":"SearchAction","target":{"@type":"EntryPoint","urlTemplate":"https:\/\/safetysourcefire.ca\/?s={search_term_string}"},"query-input":{"@type":"PropertyValueSpecification","valueRequired":true,"valueName":"search_term_string"}}],"inLanguage":"fr-CA"},{"@type":"Organization","@id":"https:\/\/safetysourcefire.ca\/#organization","name":"Safety Source Fire","url":"https:\/\/safetysourcefire.ca\/","logo":{"@type":"ImageObject","inLanguage":"fr-CA","@id":"https:\/\/safetysourcefire.ca\/#\/schema\/logo\/image\/","url":"https:\/\/safetysourcefire.ca\/wp-content\/uploads\/2021\/01\/SSF_logo_CC0000-3.png","contentUrl":"https:\/\/safetysourcefire.ca\/wp-content\/uploads\/2021\/01\/SSF_logo_CC0000-3.png","width":1107,"height":365,"caption":"Safety Source Fire"},"image":{"@id":"https:\/\/safetysourcefire.ca\/#\/schema\/logo\/image\/"},"sameAs":["https:\/\/www.facebook.com\/mmfssca","https:\/\/x.com\/mmfssca"]}]}},"_links":{"self":[{"href":"https:\/\/safetysourcefire.ca\/fr\/wp-json\/wp\/v2\/product\/25253","targetHints":{"allow":["GET"]}}],"collection":[{"href":"https:\/\/safetysourcefire.ca\/fr\/wp-json\/wp\/v2\/product"}],"about":[{"href":"https:\/\/safetysourcefire.ca\/fr\/wp-json\/wp\/v2\/types\/product"}],"wp:featuredmedia":[{"embeddable":true,"href":"https:\/\/safetysourcefire.ca\/fr\/wp-json\/wp\/v2\/media\/25259"}],"wp:attachment":[{"href":"https:\/\/safetysourcefire.ca\/fr\/wp-json\/wp\/v2\/media?parent=25253"}],"wp:term":[{"taxonomy":"product_brand","embeddable":true,"href":"https:\/\/safetysourcefire.ca\/fr\/wp-json\/wp\/v2\/product_brand?post=25253"},{"taxonomy":"product_cat","embeddable":true,"href":"https:\/\/safetysourcefire.ca\/fr\/wp-json\/wp\/v2\/product_cat?post=25253"},{"taxonomy":"product_tag","embeddable":true,"href":"https:\/\/safetysourcefire.ca\/fr\/wp-json\/wp\/v2\/product_tag?post=25253"}],"curies":[{"name":"wp","href":"https:\/\/api.w.org\/{rel}","templated":true}]}}