{"id":25268,"date":"2021-04-21T18:37:57","date_gmt":"2021-04-21T18:37:57","guid":{"rendered":"https:\/\/safetysourcefire.ca\/?post_type=product&#038;p=25268"},"modified":"2021-05-12T15:22:43","modified_gmt":"2021-05-12T15:22:43","slug":"station-1-wildland-ems-boot","status":"publish","type":"product","link":"https:\/\/safetysourcefire.ca\/fr\/produit\/station-1-wildland-ems-boot\/","title":{"rendered":"Botte Station 1 Wildland\/EMS"},"content":{"rendered":"<p>La technologie exclusive Vibram\u00ae ATS (All-Terrain Sole) offre une traction exceptionnelle sur n'importe quelle surface. La barri\u00e8re anti-humidit\u00e9 \u00e0 triple couche GORE\u00ae CROSSTECH\u00ae est la plus r\u00e9sistante de l'industrie. Parmi les caract\u00e9ristiques de s\u00e9curit\u00e9 inclues dans cette botte, on retrouve une semelle int\u00e9rieure flexible Lenzi L-Protection r\u00e9sistante aux perforations, une tige d'\u00e9chelle \u00e0 triple nervure et un embout de s\u00e9curit\u00e9 en composite. Ces bottes de station sont certifi\u00e9es EMS et Wildland Firefighting.<\/p>\n<p>BOTTE EN CUIR 9\u2033<br \/>\n\u2022 Doublure imperm\u00e9able GORE\u00ae CROSSTECH\u00ae<br \/>\n\u2022 Cuir pleine fleur r\u00e9sistant aux flammes et aux coupures<br \/>\n\u2022 Tige de b\u00fbcheron \u00e0 triple nervure en acier<br \/>\n\u2022 Semelle ext\u00e9rieure exclusive Vibram\u00ae ATS<br \/>\n\u2022 Construction en ciment<br \/>\n\u2022 Conforme aux normes NFPA 1999 EMS et 1977 Wildland Certified<\/p>\n<p><em>Non con\u00e7u pour la lutte contre les incendies de structure NFPA 1971.<\/em><\/p>","protected":false},"excerpt":{"rendered":"<p>Ces bottes travaillent dur en tout temps, m\u00eame si votre quart de travail se transforme en double.<\/p>","protected":false},"featured_media":25273,"template":"","meta":[],"product_brand":[522],"product_cat":[121,50],"product_tag":[493,346,521],"class_list":{"0":"post-25268","1":"product","2":"type-product","3":"status-publish","4":"has-post-thumbnail","6":"product_brand-lion-fire-boots-by-thorogood","7":"product_cat-boots","8":"product_cat-personal-protective-equipment","9":"product_tag-lion","10":"product_tag-starfield","11":"product_tag-thorogood","13":"first","14":"instock","15":"shipping-taxable","16":"product-type-simple"},"yoast_head":"<!-- This site is optimized with the Yoast SEO plugin v27.4 - https:\/\/yoast.com\/product\/yoast-seo-wordpress\/ -->\n<title>Station 1 Wildland\/EMS Boot - Safety Source Fire<\/title>\n<meta name=\"robots\" content=\"index, follow, max-snippet:-1, max-image-preview:large, max-video-preview:-1\" \/>\n<link rel=\"canonical\" href=\"https:\/\/safetysourcefire.ca\/fr\/?product=station-1-wildland-ems-boot\" \/>\n<meta property=\"og:locale\" content=\"fr_CA\" \/>\n<meta property=\"og:type\" content=\"article\" \/>\n<meta property=\"og:title\" content=\"Station 1 Wildland\/EMS Boot - Safety Source Fire\" \/>\n<meta property=\"og:description\" content=\"These hard-working boots never clock-out, even if your shift turns into a double.\" \/>\n<meta property=\"og:url\" content=\"https:\/\/safetysourcefire.ca\/fr\/?product=station-1-wildland-ems-boot\" \/>\n<meta property=\"og:site_name\" content=\"Safety Source Fire\" \/>\n<meta property=\"article:publisher\" content=\"https:\/\/www.facebook.com\/mmfssca\" \/>\n<meta property=\"article:modified_time\" content=\"2021-05-12T15:22:43+00:00\" \/>\n<meta property=\"og:image\" content=\"https:\/\/safetysourcefire.ca\/wp-content\/uploads\/2021\/04\/Station1_double.jpg\" \/>\n\t<meta property=\"og:image:width\" content=\"600\" \/>\n\t<meta property=\"og:image:height\" content=\"600\" \/>\n\t<meta property=\"og:image:type\" content=\"image\/jpeg\" \/>\n<meta name=\"twitter:card\" content=\"summary_large_image\" \/>\n<meta name=\"twitter:site\" content=\"@mmfssca\" \/>\n<meta name=\"twitter:label1\" content=\"Estimation du temps de lecture\" \/>\n\t<meta name=\"twitter:data1\" content=\"1 minute\" \/>\n<script type=\"application\/ld+json\" class=\"yoast-schema-graph\">{\"@context\":\"https:\\\/\\\/schema.org\",\"@graph\":[{\"@type\":\"WebPage\",\"@id\":\"https:\\\/\\\/safetysourcefire.ca\\\/?product=station-1-wildland-ems-boot\",\"url\":\"https:\\\/\\\/safetysourcefire.ca\\\/?product=station-1-wildland-ems-boot\",\"name\":\"Station 1 Wildland\\\/EMS Boot - Safety Source Fire\",\"isPartOf\":{\"@id\":\"https:\\\/\\\/safetysourcefire.ca\\\/#website\"},\"primaryImageOfPage\":{\"@id\":\"https:\\\/\\\/safetysourcefire.ca\\\/?product=station-1-wildland-ems-boot#primaryimage\"},\"image\":{\"@id\":\"https:\\\/\\\/safetysourcefire.ca\\\/?product=station-1-wildland-ems-boot#primaryimage\"},\"thumbnailUrl\":\"https:\\\/\\\/safetysourcefire.ca\\\/wp-content\\\/uploads\\\/2021\\\/04\\\/Station1_double.jpg\",\"datePublished\":\"2021-04-21T18:37:57+00:00\",\"dateModified\":\"2021-05-12T15:22:43+00:00\",\"breadcrumb\":{\"@id\":\"https:\\\/\\\/safetysourcefire.ca\\\/?product=station-1-wildland-ems-boot#breadcrumb\"},\"inLanguage\":\"fr-CA\",\"potentialAction\":[{\"@type\":\"ReadAction\",\"target\":[\"https:\\\/\\\/safetysourcefire.ca\\\/?product=station-1-wildland-ems-boot\"]}]},{\"@type\":\"ImageObject\",\"inLanguage\":\"fr-CA\",\"@id\":\"https:\\\/\\\/safetysourcefire.ca\\\/?product=station-1-wildland-ems-boot#primaryimage\",\"url\":\"https:\\\/\\\/safetysourcefire.ca\\\/wp-content\\\/uploads\\\/2021\\\/04\\\/Station1_double.jpg\",\"contentUrl\":\"https:\\\/\\\/safetysourcefire.ca\\\/wp-content\\\/uploads\\\/2021\\\/04\\\/Station1_double.jpg\",\"width\":600,\"height\":600,\"caption\":\"Station 1 Boots\"},{\"@type\":\"BreadcrumbList\",\"@id\":\"https:\\\/\\\/safetysourcefire.ca\\\/?product=station-1-wildland-ems-boot#breadcrumb\",\"itemListElement\":[{\"@type\":\"ListItem\",\"position\":1,\"name\":\"Home\",\"item\":\"https:\\\/\\\/safetysourcefire.ca\\\/\"},{\"@type\":\"ListItem\",\"position\":2,\"name\":\"Products\",\"item\":\"https:\\\/\\\/safetysourcefire.ca\\\/shop\\\/\"},{\"@type\":\"ListItem\",\"position\":3,\"name\":\"Station 1 Wildland\\\/EMS Boot\"}]},{\"@type\":\"WebSite\",\"@id\":\"https:\\\/\\\/safetysourcefire.ca\\\/#website\",\"url\":\"https:\\\/\\\/safetysourcefire.ca\\\/\",\"name\":\"Safety Source Fire\",\"description\":\"\",\"publisher\":{\"@id\":\"https:\\\/\\\/safetysourcefire.ca\\\/#organization\"},\"potentialAction\":[{\"@type\":\"SearchAction\",\"target\":{\"@type\":\"EntryPoint\",\"urlTemplate\":\"https:\\\/\\\/safetysourcefire.ca\\\/?s={search_term_string}\"},\"query-input\":{\"@type\":\"PropertyValueSpecification\",\"valueRequired\":true,\"valueName\":\"search_term_string\"}}],\"inLanguage\":\"fr-CA\"},{\"@type\":\"Organization\",\"@id\":\"https:\\\/\\\/safetysourcefire.ca\\\/#organization\",\"name\":\"Safety Source Fire\",\"url\":\"https:\\\/\\\/safetysourcefire.ca\\\/\",\"logo\":{\"@type\":\"ImageObject\",\"inLanguage\":\"fr-CA\",\"@id\":\"https:\\\/\\\/safetysourcefire.ca\\\/#\\\/schema\\\/logo\\\/image\\\/\",\"url\":\"https:\\\/\\\/safetysourcefire.ca\\\/wp-content\\\/uploads\\\/2021\\\/01\\\/SSF_logo_CC0000-3.png\",\"contentUrl\":\"https:\\\/\\\/safetysourcefire.ca\\\/wp-content\\\/uploads\\\/2021\\\/01\\\/SSF_logo_CC0000-3.png\",\"width\":1107,\"height\":365,\"caption\":\"Safety Source Fire\"},\"image\":{\"@id\":\"https:\\\/\\\/safetysourcefire.ca\\\/#\\\/schema\\\/logo\\\/image\\\/\"},\"sameAs\":[\"https:\\\/\\\/www.facebook.com\\\/mmfssca\",\"https:\\\/\\\/x.com\\\/mmfssca\"]}]}<\/script>\n<!-- \/ Yoast SEO plugin. -->","yoast_head_json":{"title":"Station 1 Wildland\/EMS Boot - Incendie de source de s\u00e9curit\u00e9","robots":{"index":"index","follow":"follow","max-snippet":"max-snippet:-1","max-image-preview":"max-image-preview:large","max-video-preview":"max-video-preview:-1"},"canonical":"https:\/\/safetysourcefire.ca\/fr\/?product=station-1-wildland-ems-boot","og_locale":"fr_CA","og_type":"article","og_title":"Station 1 Wildland\/EMS Boot - Safety Source Fire","og_description":"These hard-working boots never clock-out, even if your shift turns into a double.","og_url":"https:\/\/safetysourcefire.ca\/fr\/?product=station-1-wildland-ems-boot","og_site_name":"Safety Source Fire","article_publisher":"https:\/\/www.facebook.com\/mmfssca","article_modified_time":"2021-05-12T15:22:43+00:00","og_image":[{"width":600,"height":600,"url":"https:\/\/safetysourcefire.ca\/wp-content\/uploads\/2021\/04\/Station1_double.jpg","type":"image\/jpeg"}],"twitter_card":"summary_large_image","twitter_site":"@mmfssca","twitter_misc":{"Estimation du temps de lecture":"1 minute"},"schema":{"@context":"https:\/\/schema.org","@graph":[{"@type":"WebPage","@id":"https:\/\/safetysourcefire.ca\/?product=station-1-wildland-ems-boot","url":"https:\/\/safetysourcefire.ca\/?product=station-1-wildland-ems-boot","name":"Station 1 Wildland\/EMS Boot - Incendie de source de s\u00e9curit\u00e9","isPartOf":{"@id":"https:\/\/safetysourcefire.ca\/#website"},"primaryImageOfPage":{"@id":"https:\/\/safetysourcefire.ca\/?product=station-1-wildland-ems-boot#primaryimage"},"image":{"@id":"https:\/\/safetysourcefire.ca\/?product=station-1-wildland-ems-boot#primaryimage"},"thumbnailUrl":"https:\/\/safetysourcefire.ca\/wp-content\/uploads\/2021\/04\/Station1_double.jpg","datePublished":"2021-04-21T18:37:57+00:00","dateModified":"2021-05-12T15:22:43+00:00","breadcrumb":{"@id":"https:\/\/safetysourcefire.ca\/?product=station-1-wildland-ems-boot#breadcrumb"},"inLanguage":"fr-CA","potentialAction":[{"@type":"ReadAction","target":["https:\/\/safetysourcefire.ca\/?product=station-1-wildland-ems-boot"]}]},{"@type":"ImageObject","inLanguage":"fr-CA","@id":"https:\/\/safetysourcefire.ca\/?product=station-1-wildland-ems-boot#primaryimage","url":"https:\/\/safetysourcefire.ca\/wp-content\/uploads\/2021\/04\/Station1_double.jpg","contentUrl":"https:\/\/safetysourcefire.ca\/wp-content\/uploads\/2021\/04\/Station1_double.jpg","width":600,"height":600,"caption":"Station 1 Boots"},{"@type":"BreadcrumbList","@id":"https:\/\/safetysourcefire.ca\/?product=station-1-wildland-ems-boot#breadcrumb","itemListElement":[{"@type":"ListItem","position":1,"name":"Home","item":"https:\/\/safetysourcefire.ca\/"},{"@type":"ListItem","position":2,"name":"Products","item":"https:\/\/safetysourcefire.ca\/shop\/"},{"@type":"ListItem","position":3,"name":"Station 1 Wildland\/EMS Boot"}]},{"@type":"WebSite","@id":"https:\/\/safetysourcefire.ca\/#website","url":"https:\/\/safetysourcefire.ca\/","name":"Safety Source Fire","description":"","publisher":{"@id":"https:\/\/safetysourcefire.ca\/#organization"},"potentialAction":[{"@type":"SearchAction","target":{"@type":"EntryPoint","urlTemplate":"https:\/\/safetysourcefire.ca\/?s={search_term_string}"},"query-input":{"@type":"PropertyValueSpecification","valueRequired":true,"valueName":"search_term_string"}}],"inLanguage":"fr-CA"},{"@type":"Organization","@id":"https:\/\/safetysourcefire.ca\/#organization","name":"Safety Source Fire","url":"https:\/\/safetysourcefire.ca\/","logo":{"@type":"ImageObject","inLanguage":"fr-CA","@id":"https:\/\/safetysourcefire.ca\/#\/schema\/logo\/image\/","url":"https:\/\/safetysourcefire.ca\/wp-content\/uploads\/2021\/01\/SSF_logo_CC0000-3.png","contentUrl":"https:\/\/safetysourcefire.ca\/wp-content\/uploads\/2021\/01\/SSF_logo_CC0000-3.png","width":1107,"height":365,"caption":"Safety Source Fire"},"image":{"@id":"https:\/\/safetysourcefire.ca\/#\/schema\/logo\/image\/"},"sameAs":["https:\/\/www.facebook.com\/mmfssca","https:\/\/x.com\/mmfssca"]}]}},"_links":{"self":[{"href":"https:\/\/safetysourcefire.ca\/fr\/wp-json\/wp\/v2\/product\/25268","targetHints":{"allow":["GET"]}}],"collection":[{"href":"https:\/\/safetysourcefire.ca\/fr\/wp-json\/wp\/v2\/product"}],"about":[{"href":"https:\/\/safetysourcefire.ca\/fr\/wp-json\/wp\/v2\/types\/product"}],"wp:featuredmedia":[{"embeddable":true,"href":"https:\/\/safetysourcefire.ca\/fr\/wp-json\/wp\/v2\/media\/25273"}],"wp:attachment":[{"href":"https:\/\/safetysourcefire.ca\/fr\/wp-json\/wp\/v2\/media?parent=25268"}],"wp:term":[{"taxonomy":"product_brand","embeddable":true,"href":"https:\/\/safetysourcefire.ca\/fr\/wp-json\/wp\/v2\/product_brand?post=25268"},{"taxonomy":"product_cat","embeddable":true,"href":"https:\/\/safetysourcefire.ca\/fr\/wp-json\/wp\/v2\/product_cat?post=25268"},{"taxonomy":"product_tag","embeddable":true,"href":"https:\/\/safetysourcefire.ca\/fr\/wp-json\/wp\/v2\/product_tag?post=25268"}],"curies":[{"name":"wp","href":"https:\/\/api.w.org\/{rel}","templated":true}]}}