{"id":25287,"date":"2021-04-22T13:51:18","date_gmt":"2021-04-22T13:51:18","guid":{"rendered":"https:\/\/safetysourcefire.ca\/?post_type=product&#038;p=25287"},"modified":"2023-05-31T13:07:20","modified_gmt":"2023-05-31T13:07:20","slug":"super-bright-led-rechargeable-portable-scene-light-ii","status":"publish","type":"product","link":"https:\/\/safetysourcefire.ca\/fr\/produit\/super-bright-led-rechargeable-portable-scene-light-ii\/","title":{"rendered":"Lampe de sc\u00e8ne portable rechargeable super lumineuse II"},"content":{"rendered":"<ul>\n<li>10\u00a0000 lumens (possibilit\u00e9 d'empiler plusieurs dispositifs pour cr\u00e9er une  \u00ab\u00a0tour d'\u00e9clairage\u00a0\u00bb \u00e0 capacit\u00e9 accrue)<\/li>\n<li>T\u00eate pivotante \u00e0 360\u00b0 pour diriger le faisceau<\/li>\n<li>Pieds \u00e0 crochets pour possibilit\u00e9 d'accrocher le dispositif au-dessus des portes, des garde-corps ou des cl\u00f4tures<\/li>\n<li>Class\u00e9 IPX7\u00a0; \u00e9tanche \u00e0 1m pendant 30 minutes<\/li>\n<li>Cadre en acier alli\u00e9 pratiquement indestructible<\/li>\n<\/ul>\n<p>SP\u00c9CIFICATIONS DU PRODUIT<br \/>\nLumens \u00e9lev\u00e9s\u00a0: 10\u00a0000<br \/>\nDur\u00e9e d'ex\u00e9cution en haute intensit\u00e9: 2 heures<br \/>\nDur\u00e9e d'ex\u00e9cution \u00e0 faible intensit\u00e9 : 11 heures<br \/>\nType de batterie\u00a0: lithium-ion<br \/>\nQuantit\u00e9 de batterie: 2<br \/>\nLongueur : 16,00 pouces (40,64 centim\u00e8tres)<br \/>\nPoids : 15 livres 6,00 onces (6973,98 grammes)<br \/>\nCouleur : Rouge<\/p>\n<p>&nbsp;<\/p>\n<div class=\"videoWrapper\" style=\"text-align: center;\"><iframe src=\"https:\/\/www.youtube.com\/embed\/JOw1f2xUwSY\" frameborder=\"0\" allowfullscreen=\"allowfullscreen\"><\/iframe><\/div>\n<div><\/div>\n<p>&nbsp;<\/p>","protected":false},"excerpt":{"rendered":"<p>Projecteur puissant, \u00e9tanche et empilable de 10000 lumens<\/p>","protected":false},"featured_media":25294,"template":"","meta":[],"product_brand":[144],"product_cat":[462,464,465,48,80],"product_tag":[350],"class_list":{"0":"post-25287","1":"product","2":"type-product","3":"status-publish","4":"has-post-thumbnail","6":"product_brand-streamlight","7":"product_cat-emergency-preparedness","8":"product_cat-flood","9":"product_cat-hurricane","10":"product_cat-lighting","11":"product_cat-scene-lighting","12":"product_tag-streamlight","14":"first","15":"instock","16":"shipping-taxable","17":"product-type-simple"},"yoast_head":"<!-- This site is optimized with the Yoast SEO plugin v27.4 - https:\/\/yoast.com\/product\/yoast-seo-wordpress\/ -->\n<title>Super Bright LED Rechargeable Portable Scene Light II - Safety Source Fire<\/title>\n<meta name=\"robots\" content=\"index, follow, max-snippet:-1, max-image-preview:large, max-video-preview:-1\" \/>\n<link rel=\"canonical\" href=\"https:\/\/safetysourcefire.ca\/fr\/?product=super-bright-led-rechargeable-portable-scene-light-ii\" \/>\n<meta property=\"og:locale\" content=\"fr_CA\" \/>\n<meta property=\"og:type\" content=\"article\" \/>\n<meta property=\"og:title\" content=\"Super Bright LED Rechargeable Portable Scene Light II - Safety Source Fire\" \/>\n<meta property=\"og:description\" content=\"Powerful 10,000 Lumen Waterproof and Stackable Flood Light\" \/>\n<meta property=\"og:url\" content=\"https:\/\/safetysourcefire.ca\/fr\/?product=super-bright-led-rechargeable-portable-scene-light-ii\" \/>\n<meta property=\"og:site_name\" content=\"Safety Source Fire\" \/>\n<meta property=\"article:publisher\" content=\"https:\/\/www.facebook.com\/mmfssca\" \/>\n<meta property=\"article:modified_time\" content=\"2023-05-31T13:07:20+00:00\" \/>\n<meta property=\"og:image\" content=\"https:\/\/safetysourcefire.ca\/wp-content\/uploads\/2021\/04\/psl-ii_main-image.jpg\" \/>\n\t<meta property=\"og:image:width\" content=\"600\" \/>\n\t<meta property=\"og:image:height\" content=\"600\" \/>\n\t<meta property=\"og:image:type\" content=\"image\/jpeg\" \/>\n<meta name=\"twitter:card\" content=\"summary_large_image\" \/>\n<meta name=\"twitter:site\" content=\"@mmfssca\" \/>\n<meta name=\"twitter:label1\" content=\"Estimation du temps de lecture\" \/>\n\t<meta name=\"twitter:data1\" content=\"1 minute\" \/>\n<script type=\"application\/ld+json\" class=\"yoast-schema-graph\">{\"@context\":\"https:\\\/\\\/schema.org\",\"@graph\":[{\"@type\":\"WebPage\",\"@id\":\"https:\\\/\\\/safetysourcefire.ca\\\/?product=super-bright-led-rechargeable-portable-scene-light-ii\",\"url\":\"https:\\\/\\\/safetysourcefire.ca\\\/?product=super-bright-led-rechargeable-portable-scene-light-ii\",\"name\":\"Super Bright LED Rechargeable Portable Scene Light II - Safety Source Fire\",\"isPartOf\":{\"@id\":\"https:\\\/\\\/safetysourcefire.ca\\\/#website\"},\"primaryImageOfPage\":{\"@id\":\"https:\\\/\\\/safetysourcefire.ca\\\/?product=super-bright-led-rechargeable-portable-scene-light-ii#primaryimage\"},\"image\":{\"@id\":\"https:\\\/\\\/safetysourcefire.ca\\\/?product=super-bright-led-rechargeable-portable-scene-light-ii#primaryimage\"},\"thumbnailUrl\":\"https:\\\/\\\/safetysourcefire.ca\\\/wp-content\\\/uploads\\\/2021\\\/04\\\/psl-ii_main-image.jpg\",\"datePublished\":\"2021-04-22T13:51:18+00:00\",\"dateModified\":\"2023-05-31T13:07:20+00:00\",\"breadcrumb\":{\"@id\":\"https:\\\/\\\/safetysourcefire.ca\\\/?product=super-bright-led-rechargeable-portable-scene-light-ii#breadcrumb\"},\"inLanguage\":\"fr-CA\",\"potentialAction\":[{\"@type\":\"ReadAction\",\"target\":[\"https:\\\/\\\/safetysourcefire.ca\\\/?product=super-bright-led-rechargeable-portable-scene-light-ii\"]}]},{\"@type\":\"ImageObject\",\"inLanguage\":\"fr-CA\",\"@id\":\"https:\\\/\\\/safetysourcefire.ca\\\/?product=super-bright-led-rechargeable-portable-scene-light-ii#primaryimage\",\"url\":\"https:\\\/\\\/safetysourcefire.ca\\\/wp-content\\\/uploads\\\/2021\\\/04\\\/psl-ii_main-image.jpg\",\"contentUrl\":\"https:\\\/\\\/safetysourcefire.ca\\\/wp-content\\\/uploads\\\/2021\\\/04\\\/psl-ii_main-image.jpg\",\"width\":600,\"height\":600,\"caption\":\"portable scene light II\"},{\"@type\":\"BreadcrumbList\",\"@id\":\"https:\\\/\\\/safetysourcefire.ca\\\/?product=super-bright-led-rechargeable-portable-scene-light-ii#breadcrumb\",\"itemListElement\":[{\"@type\":\"ListItem\",\"position\":1,\"name\":\"Home\",\"item\":\"https:\\\/\\\/safetysourcefire.ca\\\/\"},{\"@type\":\"ListItem\",\"position\":2,\"name\":\"Products\",\"item\":\"https:\\\/\\\/safetysourcefire.ca\\\/shop\\\/\"},{\"@type\":\"ListItem\",\"position\":3,\"name\":\"Super Bright LED Rechargeable Portable Scene Light II\"}]},{\"@type\":\"WebSite\",\"@id\":\"https:\\\/\\\/safetysourcefire.ca\\\/#website\",\"url\":\"https:\\\/\\\/safetysourcefire.ca\\\/\",\"name\":\"Safety Source Fire\",\"description\":\"\",\"publisher\":{\"@id\":\"https:\\\/\\\/safetysourcefire.ca\\\/#organization\"},\"potentialAction\":[{\"@type\":\"SearchAction\",\"target\":{\"@type\":\"EntryPoint\",\"urlTemplate\":\"https:\\\/\\\/safetysourcefire.ca\\\/?s={search_term_string}\"},\"query-input\":{\"@type\":\"PropertyValueSpecification\",\"valueRequired\":true,\"valueName\":\"search_term_string\"}}],\"inLanguage\":\"fr-CA\"},{\"@type\":\"Organization\",\"@id\":\"https:\\\/\\\/safetysourcefire.ca\\\/#organization\",\"name\":\"Safety Source Fire\",\"url\":\"https:\\\/\\\/safetysourcefire.ca\\\/\",\"logo\":{\"@type\":\"ImageObject\",\"inLanguage\":\"fr-CA\",\"@id\":\"https:\\\/\\\/safetysourcefire.ca\\\/#\\\/schema\\\/logo\\\/image\\\/\",\"url\":\"https:\\\/\\\/safetysourcefire.ca\\\/wp-content\\\/uploads\\\/2021\\\/01\\\/SSF_logo_CC0000-3.png\",\"contentUrl\":\"https:\\\/\\\/safetysourcefire.ca\\\/wp-content\\\/uploads\\\/2021\\\/01\\\/SSF_logo_CC0000-3.png\",\"width\":1107,\"height\":365,\"caption\":\"Safety Source Fire\"},\"image\":{\"@id\":\"https:\\\/\\\/safetysourcefire.ca\\\/#\\\/schema\\\/logo\\\/image\\\/\"},\"sameAs\":[\"https:\\\/\\\/www.facebook.com\\\/mmfssca\",\"https:\\\/\\\/x.com\\\/mmfssca\"]}]}<\/script>\n<!-- \/ Yoast SEO plugin. -->","yoast_head_json":{"title":"Lampe de sc\u00e8ne portable rechargeable \u00e0 LED ultra-lumineuse II - Safety Source Fire","robots":{"index":"index","follow":"follow","max-snippet":"max-snippet:-1","max-image-preview":"max-image-preview:large","max-video-preview":"max-video-preview:-1"},"canonical":"https:\/\/safetysourcefire.ca\/fr\/?product=super-bright-led-rechargeable-portable-scene-light-ii","og_locale":"fr_CA","og_type":"article","og_title":"Super Bright LED Rechargeable Portable Scene Light II - Safety Source Fire","og_description":"Powerful 10,000 Lumen Waterproof and Stackable Flood Light","og_url":"https:\/\/safetysourcefire.ca\/fr\/?product=super-bright-led-rechargeable-portable-scene-light-ii","og_site_name":"Safety Source Fire","article_publisher":"https:\/\/www.facebook.com\/mmfssca","article_modified_time":"2023-05-31T13:07:20+00:00","og_image":[{"width":600,"height":600,"url":"https:\/\/safetysourcefire.ca\/wp-content\/uploads\/2021\/04\/psl-ii_main-image.jpg","type":"image\/jpeg"}],"twitter_card":"summary_large_image","twitter_site":"@mmfssca","twitter_misc":{"Estimation du temps de lecture":"1 minute"},"schema":{"@context":"https:\/\/schema.org","@graph":[{"@type":"WebPage","@id":"https:\/\/safetysourcefire.ca\/?product=super-bright-led-rechargeable-portable-scene-light-ii","url":"https:\/\/safetysourcefire.ca\/?product=super-bright-led-rechargeable-portable-scene-light-ii","name":"Lampe de sc\u00e8ne portable rechargeable \u00e0 LED ultra-lumineuse II - Safety Source Fire","isPartOf":{"@id":"https:\/\/safetysourcefire.ca\/#website"},"primaryImageOfPage":{"@id":"https:\/\/safetysourcefire.ca\/?product=super-bright-led-rechargeable-portable-scene-light-ii#primaryimage"},"image":{"@id":"https:\/\/safetysourcefire.ca\/?product=super-bright-led-rechargeable-portable-scene-light-ii#primaryimage"},"thumbnailUrl":"https:\/\/safetysourcefire.ca\/wp-content\/uploads\/2021\/04\/psl-ii_main-image.jpg","datePublished":"2021-04-22T13:51:18+00:00","dateModified":"2023-05-31T13:07:20+00:00","breadcrumb":{"@id":"https:\/\/safetysourcefire.ca\/?product=super-bright-led-rechargeable-portable-scene-light-ii#breadcrumb"},"inLanguage":"fr-CA","potentialAction":[{"@type":"ReadAction","target":["https:\/\/safetysourcefire.ca\/?product=super-bright-led-rechargeable-portable-scene-light-ii"]}]},{"@type":"ImageObject","inLanguage":"fr-CA","@id":"https:\/\/safetysourcefire.ca\/?product=super-bright-led-rechargeable-portable-scene-light-ii#primaryimage","url":"https:\/\/safetysourcefire.ca\/wp-content\/uploads\/2021\/04\/psl-ii_main-image.jpg","contentUrl":"https:\/\/safetysourcefire.ca\/wp-content\/uploads\/2021\/04\/psl-ii_main-image.jpg","width":600,"height":600,"caption":"portable scene light II"},{"@type":"BreadcrumbList","@id":"https:\/\/safetysourcefire.ca\/?product=super-bright-led-rechargeable-portable-scene-light-ii#breadcrumb","itemListElement":[{"@type":"ListItem","position":1,"name":"Home","item":"https:\/\/safetysourcefire.ca\/"},{"@type":"ListItem","position":2,"name":"Products","item":"https:\/\/safetysourcefire.ca\/shop\/"},{"@type":"ListItem","position":3,"name":"Super Bright LED Rechargeable Portable Scene Light II"}]},{"@type":"WebSite","@id":"https:\/\/safetysourcefire.ca\/#website","url":"https:\/\/safetysourcefire.ca\/","name":"Safety Source Fire","description":"","publisher":{"@id":"https:\/\/safetysourcefire.ca\/#organization"},"potentialAction":[{"@type":"SearchAction","target":{"@type":"EntryPoint","urlTemplate":"https:\/\/safetysourcefire.ca\/?s={search_term_string}"},"query-input":{"@type":"PropertyValueSpecification","valueRequired":true,"valueName":"search_term_string"}}],"inLanguage":"fr-CA"},{"@type":"Organization","@id":"https:\/\/safetysourcefire.ca\/#organization","name":"Safety Source Fire","url":"https:\/\/safetysourcefire.ca\/","logo":{"@type":"ImageObject","inLanguage":"fr-CA","@id":"https:\/\/safetysourcefire.ca\/#\/schema\/logo\/image\/","url":"https:\/\/safetysourcefire.ca\/wp-content\/uploads\/2021\/01\/SSF_logo_CC0000-3.png","contentUrl":"https:\/\/safetysourcefire.ca\/wp-content\/uploads\/2021\/01\/SSF_logo_CC0000-3.png","width":1107,"height":365,"caption":"Safety Source Fire"},"image":{"@id":"https:\/\/safetysourcefire.ca\/#\/schema\/logo\/image\/"},"sameAs":["https:\/\/www.facebook.com\/mmfssca","https:\/\/x.com\/mmfssca"]}]}},"_links":{"self":[{"href":"https:\/\/safetysourcefire.ca\/fr\/wp-json\/wp\/v2\/product\/25287","targetHints":{"allow":["GET"]}}],"collection":[{"href":"https:\/\/safetysourcefire.ca\/fr\/wp-json\/wp\/v2\/product"}],"about":[{"href":"https:\/\/safetysourcefire.ca\/fr\/wp-json\/wp\/v2\/types\/product"}],"wp:featuredmedia":[{"embeddable":true,"href":"https:\/\/safetysourcefire.ca\/fr\/wp-json\/wp\/v2\/media\/25294"}],"wp:attachment":[{"href":"https:\/\/safetysourcefire.ca\/fr\/wp-json\/wp\/v2\/media?parent=25287"}],"wp:term":[{"taxonomy":"product_brand","embeddable":true,"href":"https:\/\/safetysourcefire.ca\/fr\/wp-json\/wp\/v2\/product_brand?post=25287"},{"taxonomy":"product_cat","embeddable":true,"href":"https:\/\/safetysourcefire.ca\/fr\/wp-json\/wp\/v2\/product_cat?post=25287"},{"taxonomy":"product_tag","embeddable":true,"href":"https:\/\/safetysourcefire.ca\/fr\/wp-json\/wp\/v2\/product_tag?post=25287"}],"curies":[{"name":"wp","href":"https:\/\/api.w.org\/{rel}","templated":true}]}}