{"id":25302,"date":"2021-04-22T17:11:54","date_gmt":"2021-04-22T17:11:54","guid":{"rendered":"https:\/\/safetysourcefire.ca\/?post_type=product&#038;p=25302"},"modified":"2025-04-29T18:54:12","modified_gmt":"2025-04-29T18:54:12","slug":"marshall-nfpa-structural-firefighter-boots-metatarsal-protection","status":"publish","type":"product","link":"https:\/\/safetysourcefire.ca\/fr\/produit\/marshall-nfpa-structural-firefighter-boots-metatarsal-protection\/","title":{"rendered":"Bottes de pompier Marshall NFPA + avec protection m\u00e9tatarsienne"},"content":{"rendered":"<ul>\n<li>Protection interne rigide METATECH System 360\u00b0 Metguard, certifi\u00e9e CSA, prot\u00e8geant le dessus ainsi que les c\u00f4t\u00e9s du pied.<\/li>\n<li>Protecteur d&#039;orteils en composite et semelle int\u00e9rieure r\u00e9sistante \u00e0 la perforation.<\/li>\n<li>Syst\u00e8me de protection de la vo\u00fbte plantaire Pierce-Protect (PPAPS).<\/li>\n<li>Doublure Cambrelle respirante et r\u00e9sistante \u00e0 l&#039;abrasion avec traitement antimicrobien.<\/li>\n<li>Membrane \u00e9tanche r\u00e9sistante aux agents pathog\u00e8nes.<\/li>\n<li>Isolation Thinsulate 200 g tout le tour du pied.<\/li>\n<li>Semelle int\u00e9rieure moul\u00e9e STC amovible en mousse PU avec coussinet de talon permettant un confort suppl\u00e9mentaire.<\/li>\n<li>Syst\u00e8me de support de cheville ''Lock-Fit'' augmentant le confort et emp\u00eachant le retournement de la cheville.<\/li>\n<li>Zone des orteils en caoutchouc naturel r\u00e9sistant aux \u00e9raflures transformant votre botte en un v\u00e9ritable outil.<\/li>\n<li>Semelle ext\u00e9rieure Vibram GW6 Goodyear en caoutchouc naturel (Fire &amp; Ice.)<\/li>\n<li>Inserts r\u00e9fl\u00e9chissants pour une plus haute visibilit\u00e9.<\/li>\n<li>R\u00e9sistant au feu (kevlar).<\/li>\n<li>Prot\u00e8ge-tibias protecteurs int\u00e9gr\u00e9s.<\/li>\n<li>Col permettant un confort suppl\u00e9mentaire.<\/li>\n<\/ul>","protected":false},"excerpt":{"rendered":"<p>Corps de la botte en cuir pleine fleur 2 mm. Imperm\u00e9able et r\u00e9sistant au feu, avec poign\u00e9e int\u00e9gr\u00e9e pour enfilage rapide.<\/p>","protected":false},"featured_media":25303,"template":"","meta":[],"product_brand":[235],"product_cat":[121,50],"product_tag":[347],"class_list":{"0":"post-25302","1":"product","2":"type-product","3":"status-publish","4":"has-post-thumbnail","6":"product_brand-stc","7":"product_cat-boots","8":"product_cat-personal-protective-equipment","9":"product_tag-stc","11":"first","12":"instock","13":"shipping-taxable","14":"product-type-simple"},"yoast_head":"<!-- This site is optimized with the Yoast SEO plugin v27.4 - https:\/\/yoast.com\/product\/yoast-seo-wordpress\/ -->\n<title>Marshall NFPA Structural firefighter boots + Metatarsal protection - Safety Source Fire<\/title>\n<meta name=\"robots\" content=\"index, follow, max-snippet:-1, max-image-preview:large, max-video-preview:-1\" \/>\n<link rel=\"canonical\" href=\"https:\/\/safetysourcefire.ca\/fr\/produit\/marshall-nfpa-structural-firefighter-boots-metatarsal-protection\/\" \/>\n<meta property=\"og:locale\" content=\"fr_CA\" \/>\n<meta property=\"og:type\" content=\"article\" \/>\n<meta property=\"og:title\" content=\"Marshall NFPA Structural firefighter boots + Metatarsal protection - Safety Source Fire\" \/>\n<meta property=\"og:description\" content=\"Fire resistant waterproof 2mm full grain leather upper with handle for quick donning.\" \/>\n<meta property=\"og:url\" content=\"https:\/\/safetysourcefire.ca\/fr\/produit\/marshall-nfpa-structural-firefighter-boots-metatarsal-protection\/\" \/>\n<meta property=\"og:site_name\" content=\"Safety Source Fire\" \/>\n<meta property=\"article:publisher\" content=\"https:\/\/www.facebook.com\/mmfssca\" \/>\n<meta property=\"article:modified_time\" content=\"2025-04-29T18:54:12+00:00\" \/>\n<meta property=\"og:image\" content=\"https:\/\/safetysourcefire.ca\/wp-content\/uploads\/2021\/04\/S22013-11_1_1024x1024.jpg\" \/>\n\t<meta property=\"og:image:width\" content=\"600\" \/>\n\t<meta property=\"og:image:height\" content=\"600\" \/>\n\t<meta property=\"og:image:type\" content=\"image\/jpeg\" \/>\n<meta name=\"twitter:card\" content=\"summary_large_image\" \/>\n<meta name=\"twitter:site\" content=\"@mmfssca\" \/>\n<meta name=\"twitter:label1\" content=\"Estimation du temps de lecture\" \/>\n\t<meta name=\"twitter:data1\" content=\"1 minute\" \/>\n<script type=\"application\/ld+json\" class=\"yoast-schema-graph\">{\"@context\":\"https:\\\/\\\/schema.org\",\"@graph\":[{\"@type\":\"WebPage\",\"@id\":\"https:\\\/\\\/safetysourcefire.ca\\\/product\\\/marshall-nfpa-structural-firefighter-boots-metatarsal-protection\\\/\",\"url\":\"https:\\\/\\\/safetysourcefire.ca\\\/product\\\/marshall-nfpa-structural-firefighter-boots-metatarsal-protection\\\/\",\"name\":\"Marshall NFPA Structural firefighter boots + Metatarsal protection - Safety Source Fire\",\"isPartOf\":{\"@id\":\"https:\\\/\\\/safetysourcefire.ca\\\/#website\"},\"primaryImageOfPage\":{\"@id\":\"https:\\\/\\\/safetysourcefire.ca\\\/product\\\/marshall-nfpa-structural-firefighter-boots-metatarsal-protection\\\/#primaryimage\"},\"image\":{\"@id\":\"https:\\\/\\\/safetysourcefire.ca\\\/product\\\/marshall-nfpa-structural-firefighter-boots-metatarsal-protection\\\/#primaryimage\"},\"thumbnailUrl\":\"https:\\\/\\\/safetysourcefire.ca\\\/wp-content\\\/uploads\\\/2021\\\/04\\\/S22013-11_1_1024x1024.jpg\",\"datePublished\":\"2021-04-22T17:11:54+00:00\",\"dateModified\":\"2025-04-29T18:54:12+00:00\",\"breadcrumb\":{\"@id\":\"https:\\\/\\\/safetysourcefire.ca\\\/product\\\/marshall-nfpa-structural-firefighter-boots-metatarsal-protection\\\/#breadcrumb\"},\"inLanguage\":\"fr-CA\",\"potentialAction\":[{\"@type\":\"ReadAction\",\"target\":[\"https:\\\/\\\/safetysourcefire.ca\\\/product\\\/marshall-nfpa-structural-firefighter-boots-metatarsal-protection\\\/\"]}]},{\"@type\":\"ImageObject\",\"inLanguage\":\"fr-CA\",\"@id\":\"https:\\\/\\\/safetysourcefire.ca\\\/product\\\/marshall-nfpa-structural-firefighter-boots-metatarsal-protection\\\/#primaryimage\",\"url\":\"https:\\\/\\\/safetysourcefire.ca\\\/wp-content\\\/uploads\\\/2021\\\/04\\\/S22013-11_1_1024x1024.jpg\",\"contentUrl\":\"https:\\\/\\\/safetysourcefire.ca\\\/wp-content\\\/uploads\\\/2021\\\/04\\\/S22013-11_1_1024x1024.jpg\",\"width\":600,\"height\":600,\"caption\":\"Marshall boot\"},{\"@type\":\"BreadcrumbList\",\"@id\":\"https:\\\/\\\/safetysourcefire.ca\\\/product\\\/marshall-nfpa-structural-firefighter-boots-metatarsal-protection\\\/#breadcrumb\",\"itemListElement\":[{\"@type\":\"ListItem\",\"position\":1,\"name\":\"Home\",\"item\":\"https:\\\/\\\/safetysourcefire.ca\\\/\"},{\"@type\":\"ListItem\",\"position\":2,\"name\":\"Products\",\"item\":\"https:\\\/\\\/safetysourcefire.ca\\\/shop\\\/\"},{\"@type\":\"ListItem\",\"position\":3,\"name\":\"Marshall NFPA Structural firefighter boots + Metatarsal protection\"}]},{\"@type\":\"WebSite\",\"@id\":\"https:\\\/\\\/safetysourcefire.ca\\\/#website\",\"url\":\"https:\\\/\\\/safetysourcefire.ca\\\/\",\"name\":\"Safety Source Fire\",\"description\":\"\",\"publisher\":{\"@id\":\"https:\\\/\\\/safetysourcefire.ca\\\/#organization\"},\"potentialAction\":[{\"@type\":\"SearchAction\",\"target\":{\"@type\":\"EntryPoint\",\"urlTemplate\":\"https:\\\/\\\/safetysourcefire.ca\\\/?s={search_term_string}\"},\"query-input\":{\"@type\":\"PropertyValueSpecification\",\"valueRequired\":true,\"valueName\":\"search_term_string\"}}],\"inLanguage\":\"fr-CA\"},{\"@type\":\"Organization\",\"@id\":\"https:\\\/\\\/safetysourcefire.ca\\\/#organization\",\"name\":\"Safety Source Fire\",\"url\":\"https:\\\/\\\/safetysourcefire.ca\\\/\",\"logo\":{\"@type\":\"ImageObject\",\"inLanguage\":\"fr-CA\",\"@id\":\"https:\\\/\\\/safetysourcefire.ca\\\/#\\\/schema\\\/logo\\\/image\\\/\",\"url\":\"https:\\\/\\\/safetysourcefire.ca\\\/wp-content\\\/uploads\\\/2021\\\/01\\\/SSF_logo_CC0000-3.png\",\"contentUrl\":\"https:\\\/\\\/safetysourcefire.ca\\\/wp-content\\\/uploads\\\/2021\\\/01\\\/SSF_logo_CC0000-3.png\",\"width\":1107,\"height\":365,\"caption\":\"Safety Source Fire\"},\"image\":{\"@id\":\"https:\\\/\\\/safetysourcefire.ca\\\/#\\\/schema\\\/logo\\\/image\\\/\"},\"sameAs\":[\"https:\\\/\\\/www.facebook.com\\\/mmfssca\",\"https:\\\/\\\/x.com\\\/mmfssca\"]}]}<\/script>\n<!-- \/ Yoast SEO plugin. -->","yoast_head_json":{"title":"Bottes de pompier Marshall NFPA Structural + Protection m\u00e9tatarsienne - Safety Source Fire","robots":{"index":"index","follow":"follow","max-snippet":"max-snippet:-1","max-image-preview":"max-image-preview:large","max-video-preview":"max-video-preview:-1"},"canonical":"https:\/\/safetysourcefire.ca\/fr\/produit\/marshall-nfpa-structural-firefighter-boots-metatarsal-protection\/","og_locale":"fr_CA","og_type":"article","og_title":"Marshall NFPA Structural firefighter boots + Metatarsal protection - Safety Source Fire","og_description":"Fire resistant waterproof 2mm full grain leather upper with handle for quick donning.","og_url":"https:\/\/safetysourcefire.ca\/fr\/produit\/marshall-nfpa-structural-firefighter-boots-metatarsal-protection\/","og_site_name":"Safety Source Fire","article_publisher":"https:\/\/www.facebook.com\/mmfssca","article_modified_time":"2025-04-29T18:54:12+00:00","og_image":[{"width":600,"height":600,"url":"https:\/\/safetysourcefire.ca\/wp-content\/uploads\/2021\/04\/S22013-11_1_1024x1024.jpg","type":"image\/jpeg"}],"twitter_card":"summary_large_image","twitter_site":"@mmfssca","twitter_misc":{"Estimation du temps de lecture":"1 minute"},"schema":{"@context":"https:\/\/schema.org","@graph":[{"@type":"WebPage","@id":"https:\/\/safetysourcefire.ca\/product\/marshall-nfpa-structural-firefighter-boots-metatarsal-protection\/","url":"https:\/\/safetysourcefire.ca\/product\/marshall-nfpa-structural-firefighter-boots-metatarsal-protection\/","name":"Bottes de pompier Marshall NFPA Structural + Protection m\u00e9tatarsienne - Safety Source Fire","isPartOf":{"@id":"https:\/\/safetysourcefire.ca\/#website"},"primaryImageOfPage":{"@id":"https:\/\/safetysourcefire.ca\/product\/marshall-nfpa-structural-firefighter-boots-metatarsal-protection\/#primaryimage"},"image":{"@id":"https:\/\/safetysourcefire.ca\/product\/marshall-nfpa-structural-firefighter-boots-metatarsal-protection\/#primaryimage"},"thumbnailUrl":"https:\/\/safetysourcefire.ca\/wp-content\/uploads\/2021\/04\/S22013-11_1_1024x1024.jpg","datePublished":"2021-04-22T17:11:54+00:00","dateModified":"2025-04-29T18:54:12+00:00","breadcrumb":{"@id":"https:\/\/safetysourcefire.ca\/product\/marshall-nfpa-structural-firefighter-boots-metatarsal-protection\/#breadcrumb"},"inLanguage":"fr-CA","potentialAction":[{"@type":"ReadAction","target":["https:\/\/safetysourcefire.ca\/product\/marshall-nfpa-structural-firefighter-boots-metatarsal-protection\/"]}]},{"@type":"ImageObject","inLanguage":"fr-CA","@id":"https:\/\/safetysourcefire.ca\/product\/marshall-nfpa-structural-firefighter-boots-metatarsal-protection\/#primaryimage","url":"https:\/\/safetysourcefire.ca\/wp-content\/uploads\/2021\/04\/S22013-11_1_1024x1024.jpg","contentUrl":"https:\/\/safetysourcefire.ca\/wp-content\/uploads\/2021\/04\/S22013-11_1_1024x1024.jpg","width":600,"height":600,"caption":"Marshall boot"},{"@type":"BreadcrumbList","@id":"https:\/\/safetysourcefire.ca\/product\/marshall-nfpa-structural-firefighter-boots-metatarsal-protection\/#breadcrumb","itemListElement":[{"@type":"ListItem","position":1,"name":"Home","item":"https:\/\/safetysourcefire.ca\/"},{"@type":"ListItem","position":2,"name":"Products","item":"https:\/\/safetysourcefire.ca\/shop\/"},{"@type":"ListItem","position":3,"name":"Marshall NFPA Structural firefighter boots + Metatarsal protection"}]},{"@type":"WebSite","@id":"https:\/\/safetysourcefire.ca\/#website","url":"https:\/\/safetysourcefire.ca\/","name":"Safety Source Fire","description":"","publisher":{"@id":"https:\/\/safetysourcefire.ca\/#organization"},"potentialAction":[{"@type":"SearchAction","target":{"@type":"EntryPoint","urlTemplate":"https:\/\/safetysourcefire.ca\/?s={search_term_string}"},"query-input":{"@type":"PropertyValueSpecification","valueRequired":true,"valueName":"search_term_string"}}],"inLanguage":"fr-CA"},{"@type":"Organization","@id":"https:\/\/safetysourcefire.ca\/#organization","name":"Safety Source Fire","url":"https:\/\/safetysourcefire.ca\/","logo":{"@type":"ImageObject","inLanguage":"fr-CA","@id":"https:\/\/safetysourcefire.ca\/#\/schema\/logo\/image\/","url":"https:\/\/safetysourcefire.ca\/wp-content\/uploads\/2021\/01\/SSF_logo_CC0000-3.png","contentUrl":"https:\/\/safetysourcefire.ca\/wp-content\/uploads\/2021\/01\/SSF_logo_CC0000-3.png","width":1107,"height":365,"caption":"Safety Source Fire"},"image":{"@id":"https:\/\/safetysourcefire.ca\/#\/schema\/logo\/image\/"},"sameAs":["https:\/\/www.facebook.com\/mmfssca","https:\/\/x.com\/mmfssca"]}]}},"_links":{"self":[{"href":"https:\/\/safetysourcefire.ca\/fr\/wp-json\/wp\/v2\/product\/25302","targetHints":{"allow":["GET"]}}],"collection":[{"href":"https:\/\/safetysourcefire.ca\/fr\/wp-json\/wp\/v2\/product"}],"about":[{"href":"https:\/\/safetysourcefire.ca\/fr\/wp-json\/wp\/v2\/types\/product"}],"wp:featuredmedia":[{"embeddable":true,"href":"https:\/\/safetysourcefire.ca\/fr\/wp-json\/wp\/v2\/media\/25303"}],"wp:attachment":[{"href":"https:\/\/safetysourcefire.ca\/fr\/wp-json\/wp\/v2\/media?parent=25302"}],"wp:term":[{"taxonomy":"product_brand","embeddable":true,"href":"https:\/\/safetysourcefire.ca\/fr\/wp-json\/wp\/v2\/product_brand?post=25302"},{"taxonomy":"product_cat","embeddable":true,"href":"https:\/\/safetysourcefire.ca\/fr\/wp-json\/wp\/v2\/product_cat?post=25302"},{"taxonomy":"product_tag","embeddable":true,"href":"https:\/\/safetysourcefire.ca\/fr\/wp-json\/wp\/v2\/product_tag?post=25302"}],"curies":[{"name":"wp","href":"https:\/\/api.w.org\/{rel}","templated":true}]}}