{"id":25340,"date":"2021-04-26T17:53:05","date_gmt":"2021-04-26T17:53:05","guid":{"rendered":"https:\/\/safetysourcefire.ca\/?post_type=product&#038;p=25340"},"modified":"2021-04-26T18:14:14","modified_gmt":"2021-04-26T18:14:14","slug":"smartdummy-thermal-manikin","status":"publish","type":"product","link":"https:\/\/safetysourcefire.ca\/fr\/produit\/smartdummy-thermal-manikin\/","title":{"rendered":"Mannequin thermique SmartDummy\u2122"},"content":{"rendered":"<p>Assurez la s\u00e9curit\u00e9 du personnel<\/p>\n<ul>\n<li>Les humains sont souvent utilis\u00e9s dans le fonctionnement des cam\u00e9ras thermiques (TIC), ce qui les expose \u00e0 des conditions dangereuses. En utilisant ce mannequin, vous aurez l'esprit tranquille.<\/li>\n<\/ul>\n<p>Signature Thermique<\/p>\n<ul>\n<li>La plupart des mannequins n'ont pas de signature thermique. Le mannequin thermique SmartDummy\u2122 de LION est de 20 \u00e0 30 \u00b0F (6 \u00e0 16 \u00b0C) au-dessus de la temp\u00e9rature ambiante de la pi\u00e8ce.<\/li>\n<\/ul>\n<p>Anatomiquement correct<\/p>\n<ul>\n<li>Le mannequin SmartDummy de LION poss\u00e8de une r\u00e9partition uniforme du poids corporel ainsi que des articulations mobiles.<\/li>\n<\/ul>\n<p>Fonction vocale<\/p>\n<ul>\n<li>Le SmartDummy Thermal Manikin\u2122 de LION poss\u00e8de une bo\u00eete vocale. La lecture peut \u00eatre activ\u00e9e par le son ou par minuterie.<\/li>\n<\/ul>\n<p><a href=\"https:\/\/www.lionprotects.com\/cs\/c\/?cta_guid=b91d186d-5d36-4442-ae21-e296c582372d&amp;signature=AAH58kFW70HiFIVNmebaX2JPMoGyA2y8VA&amp;pageId=5524730232&amp;placement_guid=bdc3ea5d-422e-4a96-b184-d32057010795&amp;click=09ef5ef1-8f12-4e01-9448-9bdbdca15f49&amp;hsutk=d12f911d5883f4ab8ec83423e54b1d3f&amp;canon=https%3A%2F%2Fwww.lionprotects.com%2Fsmartdummy-thermal-manikin&amp;utm_referrer=https%3A%2F%2Fwww.lionprotects.com%2Frescue-manikin&amp;portal_id=3475623&amp;redirect_url=APefjpGHdYszkJHzxikRN_qJeA0yURg70U-D2UOCc3NrYPxkwe-ZF9h0g3V7GhuGF-PoVpWbBoIHiJ6V4JN5jhEfdJe0Vz9KoDGgSJERCCZd_oIK22GGizVtBcN-8gnBoygu1l67vAe23TFvmOcoE3RTLoTLX60ZQLMSAF61NsBMuwNUR5F13Nxe_dlnxi5xFtAI8UicAbWxwLyeZXm2Y5GSH84U_Tfh4f5P_xwSOgxsEbdCVZ_ctZR1biljO1-18O8kv3w8MBkSaWyGLTi6CX6Q5ouPfxZ9grmbgcsaviwbf4R3TVDeOGOU4Zo29C4VtwPAzaQRdC0MtlAHM4iKwM8Yrd0CqMnN0mGOrKeX_pz-m7HgAaovUvhstl_Cj-OePISq9j3W3fxoSIeGO5Jy77oVDbGT5QeZ_Q&amp;__hstc=47088440.d12f911d5883f4ab8ec83423e54b1d3f.1617731482883.1619123413572.1619455555674.10&amp;__hssc=47088440.17.1619455555674&amp;__hsfp=2282831983&amp;contentType=standard-page\">T\u00e9l\u00e9charger la fiche produit<\/a><\/p>\n<p><iframe loading=\"lazy\" title=\"Mannequins de sauvetage LION SmartDummy\u2122\" width=\"980\" height=\"551\" src=\"https:\/\/www.youtube.com\/embed\/WRdi8SmlLGU?feature=oembed&#038;enablejsapi=1&#038;origin=https:\/\/safetysourcefire.ca\" frameborder=\"0\" allow=\"accelerometer; autoplay; clipboard-write; encrypted-media; gyroscope; picture-in-picture\" allowfullscreen><\/iframe><\/p>\n<p>\u00c9METTEURS DE CHALEUR INT\u00c9GR\u00c9S<br \/>\nLe mannequin utilise des \u00e9metteurs de chaleur int\u00e9gr\u00e9s combin\u00e9s \u00e0 une technologie innovante de diffusion de la chaleur qui simule avec pr\u00e9cision la signature thermique d&#039;une personne.<\/p>\n<p>THERMOSTAT INT\u00c9GR\u00c9<br \/>\nL'unit\u00e9 de chauffage int\u00e9gr\u00e9e permet d'augmenter la temp\u00e9rature corporelle. Le thermostat garantit que le mannequin restera \u00e0 la temp\u00e9rature requise.<\/p>\n<p>BATTERIES RECHARGEABLES<br \/>\nLe mannequin contient des blocs d&#039;alimentation int\u00e9gr\u00e9s avec des batteries puissantes et rechargeables.<\/p>\n<p>CONSTRUIT POUR DURER<br \/>\nLe mannequin est fait d'un mat\u00e9riel r\u00e9sistant con\u00e7u pour r\u00e9pondre aux besoins de la formation des pompiers.<\/p>\n<p>OPPORTUNIT\u00c9S DE FORMATION<br \/>\nLes cam\u00e9ras thermiques sont en train de devenir des outils standard au sein de l'arsenal des services d'incendie et des forces de l'ordre. Le mannequin LION SmartDummy thermal\u2122 est un mannequin d\u00e9velopp\u00e9 sp\u00e9cifiquement pour les besoins de formations li\u00e9s aux cam\u00e9ras thermiques.<\/p>\n<p>R\u00c9EL<br \/>\nCe mannequin permet aux formateurs de d\u00e9montrer les principes fondamentaux du fonctionnement des cam\u00e9ras thermiques, mais \u00e9galement d'enseigner des techniques avanc\u00e9es de localisation des victimes dans des conditions de visibilit\u00e9 restreinte.<\/p>\n<p>FONCTION DE FUM\u00c9E<br \/>\nPlacez le mannequin thermique dans une structure d&#039;entra\u00eenement enfum\u00e9e ou dans une pi\u00e8ce sombre pour une formation r\u00e9aliste en recherche et sauvetage.<\/p>\n<p>EFFONDREMENT DES B\u00c2TIMENTS<br \/>\nPlacez le mannequin thermique derri\u00e8re des meubles ou derri\u00e8re des obstacles domestiques pour inciter vos stagiaires \u00e0 utiliser correctement leurs cam\u00e9ras thermiques comme outils de sauvetage.<\/p>\n<p>SC\u00c9NARIOS EXT\u00c9RIEURS<br \/>\nLes blocs d'alimentation int\u00e9gr\u00e9s rendent le mannequin id\u00e9al pour les exercices de formation des pompiers et des forces de l'ordre impliquant des op\u00e9rations de recherche en ext\u00e9rieur. Utilisez-le sans probl\u00e8me par temps froid ou dans la nature.<\/p>","protected":false},"excerpt":{"rendered":"<p>Mener une formation TIC en utilisant une v\u00e9ritable signature thermique<\/p>","protected":false},"featured_media":25347,"template":"","meta":[],"product_brand":[421],"product_cat":[509,511,166,57],"product_tag":[266,493],"class_list":{"0":"post-25340","1":"product","2":"type-product","3":"status-publish","4":"has-post-thumbnail","6":"product_brand-lion","7":"product_cat-lion-firefighter-training-props","8":"product_cat-smartdummy-training-manikins","9":"product_cat-training-dummies","10":"product_cat-training-products","11":"product_tag-bullex","12":"product_tag-lion","14":"first","15":"instock","16":"shipping-taxable","17":"product-type-simple"},"yoast_head":"<!-- This site is optimized with the Yoast SEO plugin v27.4 - https:\/\/yoast.com\/product\/yoast-seo-wordpress\/ -->\n<title>SmartDummy\u2122 Thermal Manikin - Safety Source Fire<\/title>\n<meta name=\"robots\" content=\"index, follow, max-snippet:-1, max-image-preview:large, max-video-preview:-1\" \/>\n<link rel=\"canonical\" href=\"https:\/\/safetysourcefire.ca\/fr\/?product=smartdummy-thermal-manikin\" \/>\n<meta property=\"og:locale\" content=\"fr_CA\" \/>\n<meta property=\"og:type\" content=\"article\" \/>\n<meta property=\"og:title\" content=\"SmartDummy\u2122 Thermal Manikin - Safety Source Fire\" \/>\n<meta property=\"og:description\" content=\"Conduct TIC training using a real heat signature\" \/>\n<meta property=\"og:url\" content=\"https:\/\/safetysourcefire.ca\/fr\/?product=smartdummy-thermal-manikin\" \/>\n<meta property=\"og:site_name\" content=\"Safety Source Fire\" \/>\n<meta property=\"article:publisher\" content=\"https:\/\/www.facebook.com\/mmfssca\" \/>\n<meta property=\"article:modified_time\" content=\"2021-04-26T18:14:14+00:00\" \/>\n<meta property=\"og:image\" content=\"https:\/\/safetysourcefire.ca\/wp-content\/uploads\/2021\/04\/TM_USP_4.jpg\" \/>\n\t<meta property=\"og:image:width\" content=\"600\" \/>\n\t<meta property=\"og:image:height\" content=\"600\" \/>\n\t<meta property=\"og:image:type\" content=\"image\/jpeg\" \/>\n<meta name=\"twitter:card\" content=\"summary_large_image\" \/>\n<meta name=\"twitter:site\" content=\"@mmfssca\" \/>\n<meta name=\"twitter:label1\" content=\"Estimation du temps de lecture\" \/>\n\t<meta name=\"twitter:data1\" content=\"2 minutes\" \/>\n<script type=\"application\/ld+json\" class=\"yoast-schema-graph\">{\"@context\":\"https:\\\/\\\/schema.org\",\"@graph\":[{\"@type\":\"WebPage\",\"@id\":\"https:\\\/\\\/safetysourcefire.ca\\\/?product=smartdummy-thermal-manikin\",\"url\":\"https:\\\/\\\/safetysourcefire.ca\\\/?product=smartdummy-thermal-manikin\",\"name\":\"SmartDummy\u2122 Thermal Manikin - Safety Source Fire\",\"isPartOf\":{\"@id\":\"https:\\\/\\\/safetysourcefire.ca\\\/#website\"},\"primaryImageOfPage\":{\"@id\":\"https:\\\/\\\/safetysourcefire.ca\\\/?product=smartdummy-thermal-manikin#primaryimage\"},\"image\":{\"@id\":\"https:\\\/\\\/safetysourcefire.ca\\\/?product=smartdummy-thermal-manikin#primaryimage\"},\"thumbnailUrl\":\"https:\\\/\\\/safetysourcefire.ca\\\/wp-content\\\/uploads\\\/2021\\\/04\\\/TM_USP_4.jpg\",\"datePublished\":\"2021-04-26T17:53:05+00:00\",\"dateModified\":\"2021-04-26T18:14:14+00:00\",\"breadcrumb\":{\"@id\":\"https:\\\/\\\/safetysourcefire.ca\\\/?product=smartdummy-thermal-manikin#breadcrumb\"},\"inLanguage\":\"fr-CA\",\"potentialAction\":[{\"@type\":\"ReadAction\",\"target\":[\"https:\\\/\\\/safetysourcefire.ca\\\/?product=smartdummy-thermal-manikin\"]}]},{\"@type\":\"ImageObject\",\"inLanguage\":\"fr-CA\",\"@id\":\"https:\\\/\\\/safetysourcefire.ca\\\/?product=smartdummy-thermal-manikin#primaryimage\",\"url\":\"https:\\\/\\\/safetysourcefire.ca\\\/wp-content\\\/uploads\\\/2021\\\/04\\\/TM_USP_4.jpg\",\"contentUrl\":\"https:\\\/\\\/safetysourcefire.ca\\\/wp-content\\\/uploads\\\/2021\\\/04\\\/TM_USP_4.jpg\",\"width\":600,\"height\":600,\"caption\":\"thermal manikin\"},{\"@type\":\"BreadcrumbList\",\"@id\":\"https:\\\/\\\/safetysourcefire.ca\\\/?product=smartdummy-thermal-manikin#breadcrumb\",\"itemListElement\":[{\"@type\":\"ListItem\",\"position\":1,\"name\":\"Home\",\"item\":\"https:\\\/\\\/safetysourcefire.ca\\\/\"},{\"@type\":\"ListItem\",\"position\":2,\"name\":\"Products\",\"item\":\"https:\\\/\\\/safetysourcefire.ca\\\/shop\\\/\"},{\"@type\":\"ListItem\",\"position\":3,\"name\":\"SmartDummy\u2122 Thermal Manikin\"}]},{\"@type\":\"WebSite\",\"@id\":\"https:\\\/\\\/safetysourcefire.ca\\\/#website\",\"url\":\"https:\\\/\\\/safetysourcefire.ca\\\/\",\"name\":\"Safety Source Fire\",\"description\":\"\",\"publisher\":{\"@id\":\"https:\\\/\\\/safetysourcefire.ca\\\/#organization\"},\"potentialAction\":[{\"@type\":\"SearchAction\",\"target\":{\"@type\":\"EntryPoint\",\"urlTemplate\":\"https:\\\/\\\/safetysourcefire.ca\\\/?s={search_term_string}\"},\"query-input\":{\"@type\":\"PropertyValueSpecification\",\"valueRequired\":true,\"valueName\":\"search_term_string\"}}],\"inLanguage\":\"fr-CA\"},{\"@type\":\"Organization\",\"@id\":\"https:\\\/\\\/safetysourcefire.ca\\\/#organization\",\"name\":\"Safety Source Fire\",\"url\":\"https:\\\/\\\/safetysourcefire.ca\\\/\",\"logo\":{\"@type\":\"ImageObject\",\"inLanguage\":\"fr-CA\",\"@id\":\"https:\\\/\\\/safetysourcefire.ca\\\/#\\\/schema\\\/logo\\\/image\\\/\",\"url\":\"https:\\\/\\\/safetysourcefire.ca\\\/wp-content\\\/uploads\\\/2021\\\/01\\\/SSF_logo_CC0000-3.png\",\"contentUrl\":\"https:\\\/\\\/safetysourcefire.ca\\\/wp-content\\\/uploads\\\/2021\\\/01\\\/SSF_logo_CC0000-3.png\",\"width\":1107,\"height\":365,\"caption\":\"Safety Source Fire\"},\"image\":{\"@id\":\"https:\\\/\\\/safetysourcefire.ca\\\/#\\\/schema\\\/logo\\\/image\\\/\"},\"sameAs\":[\"https:\\\/\\\/www.facebook.com\\\/mmfssca\",\"https:\\\/\\\/x.com\\\/mmfssca\"]}]}<\/script>\n<!-- \/ Yoast SEO plugin. -->","yoast_head_json":{"title":"Mannequin thermique SmartDummy\u2122 - Source de s\u00e9curit\u00e9 incendie","robots":{"index":"index","follow":"follow","max-snippet":"max-snippet:-1","max-image-preview":"max-image-preview:large","max-video-preview":"max-video-preview:-1"},"canonical":"https:\/\/safetysourcefire.ca\/fr\/?product=smartdummy-thermal-manikin","og_locale":"fr_CA","og_type":"article","og_title":"SmartDummy\u2122 Thermal Manikin - Safety Source Fire","og_description":"Conduct TIC training using a real heat signature","og_url":"https:\/\/safetysourcefire.ca\/fr\/?product=smartdummy-thermal-manikin","og_site_name":"Safety Source Fire","article_publisher":"https:\/\/www.facebook.com\/mmfssca","article_modified_time":"2021-04-26T18:14:14+00:00","og_image":[{"width":600,"height":600,"url":"https:\/\/safetysourcefire.ca\/wp-content\/uploads\/2021\/04\/TM_USP_4.jpg","type":"image\/jpeg"}],"twitter_card":"summary_large_image","twitter_site":"@mmfssca","twitter_misc":{"Estimation du temps de lecture":"2 minutes"},"schema":{"@context":"https:\/\/schema.org","@graph":[{"@type":"WebPage","@id":"https:\/\/safetysourcefire.ca\/?product=smartdummy-thermal-manikin","url":"https:\/\/safetysourcefire.ca\/?product=smartdummy-thermal-manikin","name":"Mannequin thermique SmartDummy\u2122 - Source de s\u00e9curit\u00e9 incendie","isPartOf":{"@id":"https:\/\/safetysourcefire.ca\/#website"},"primaryImageOfPage":{"@id":"https:\/\/safetysourcefire.ca\/?product=smartdummy-thermal-manikin#primaryimage"},"image":{"@id":"https:\/\/safetysourcefire.ca\/?product=smartdummy-thermal-manikin#primaryimage"},"thumbnailUrl":"https:\/\/safetysourcefire.ca\/wp-content\/uploads\/2021\/04\/TM_USP_4.jpg","datePublished":"2021-04-26T17:53:05+00:00","dateModified":"2021-04-26T18:14:14+00:00","breadcrumb":{"@id":"https:\/\/safetysourcefire.ca\/?product=smartdummy-thermal-manikin#breadcrumb"},"inLanguage":"fr-CA","potentialAction":[{"@type":"ReadAction","target":["https:\/\/safetysourcefire.ca\/?product=smartdummy-thermal-manikin"]}]},{"@type":"ImageObject","inLanguage":"fr-CA","@id":"https:\/\/safetysourcefire.ca\/?product=smartdummy-thermal-manikin#primaryimage","url":"https:\/\/safetysourcefire.ca\/wp-content\/uploads\/2021\/04\/TM_USP_4.jpg","contentUrl":"https:\/\/safetysourcefire.ca\/wp-content\/uploads\/2021\/04\/TM_USP_4.jpg","width":600,"height":600,"caption":"thermal manikin"},{"@type":"BreadcrumbList","@id":"https:\/\/safetysourcefire.ca\/?product=smartdummy-thermal-manikin#breadcrumb","itemListElement":[{"@type":"ListItem","position":1,"name":"Home","item":"https:\/\/safetysourcefire.ca\/"},{"@type":"ListItem","position":2,"name":"Products","item":"https:\/\/safetysourcefire.ca\/shop\/"},{"@type":"ListItem","position":3,"name":"SmartDummy\u2122 Thermal Manikin"}]},{"@type":"WebSite","@id":"https:\/\/safetysourcefire.ca\/#website","url":"https:\/\/safetysourcefire.ca\/","name":"Safety Source Fire","description":"","publisher":{"@id":"https:\/\/safetysourcefire.ca\/#organization"},"potentialAction":[{"@type":"SearchAction","target":{"@type":"EntryPoint","urlTemplate":"https:\/\/safetysourcefire.ca\/?s={search_term_string}"},"query-input":{"@type":"PropertyValueSpecification","valueRequired":true,"valueName":"search_term_string"}}],"inLanguage":"fr-CA"},{"@type":"Organization","@id":"https:\/\/safetysourcefire.ca\/#organization","name":"Safety Source Fire","url":"https:\/\/safetysourcefire.ca\/","logo":{"@type":"ImageObject","inLanguage":"fr-CA","@id":"https:\/\/safetysourcefire.ca\/#\/schema\/logo\/image\/","url":"https:\/\/safetysourcefire.ca\/wp-content\/uploads\/2021\/01\/SSF_logo_CC0000-3.png","contentUrl":"https:\/\/safetysourcefire.ca\/wp-content\/uploads\/2021\/01\/SSF_logo_CC0000-3.png","width":1107,"height":365,"caption":"Safety Source Fire"},"image":{"@id":"https:\/\/safetysourcefire.ca\/#\/schema\/logo\/image\/"},"sameAs":["https:\/\/www.facebook.com\/mmfssca","https:\/\/x.com\/mmfssca"]}]}},"_links":{"self":[{"href":"https:\/\/safetysourcefire.ca\/fr\/wp-json\/wp\/v2\/product\/25340","targetHints":{"allow":["GET"]}}],"collection":[{"href":"https:\/\/safetysourcefire.ca\/fr\/wp-json\/wp\/v2\/product"}],"about":[{"href":"https:\/\/safetysourcefire.ca\/fr\/wp-json\/wp\/v2\/types\/product"}],"wp:featuredmedia":[{"embeddable":true,"href":"https:\/\/safetysourcefire.ca\/fr\/wp-json\/wp\/v2\/media\/25347"}],"wp:attachment":[{"href":"https:\/\/safetysourcefire.ca\/fr\/wp-json\/wp\/v2\/media?parent=25340"}],"wp:term":[{"taxonomy":"product_brand","embeddable":true,"href":"https:\/\/safetysourcefire.ca\/fr\/wp-json\/wp\/v2\/product_brand?post=25340"},{"taxonomy":"product_cat","embeddable":true,"href":"https:\/\/safetysourcefire.ca\/fr\/wp-json\/wp\/v2\/product_cat?post=25340"},{"taxonomy":"product_tag","embeddable":true,"href":"https:\/\/safetysourcefire.ca\/fr\/wp-json\/wp\/v2\/product_tag?post=25340"}],"curies":[{"name":"wp","href":"https:\/\/api.w.org\/{rel}","templated":true}]}}