{"id":25351,"date":"2021-04-26T18:43:19","date_gmt":"2021-04-26T18:43:19","guid":{"rendered":"https:\/\/safetysourcefire.ca\/?post_type=product&#038;p=25351"},"modified":"2021-04-26T19:38:10","modified_gmt":"2021-04-26T19:38:10","slug":"sg1000-smoke-generator","status":"publish","type":"product","link":"https:\/\/safetysourcefire.ca\/fr\/produit\/sg1000-smoke-generator\/","title":{"rendered":"G\u00e9n\u00e9rateur de fum\u00e9e SG1000\u2122"},"content":{"rendered":"<p>Pas de pr\u00e9chauffage<\/p>\n<ul>\n<li>Chauffe instantan\u00e9ment le liquide de fum\u00e9e \u00e0 la temp\u00e9rature id\u00e9ale pour une production de fum\u00e9e plus rapide.<\/li>\n<\/ul>\n<p>Sans fil<\/p>\n<ul>\n<li>Cr\u00e9ez de la fum\u00e9e dans n&#039;importe quel endroit, m\u00eame dans les zones sans \u00e9lectricit\u00e9.<\/li>\n<\/ul>\n<p>Portable<\/p>\n<ul>\n<li>Ne p\u00e8se que 17 livres, ce qui permet une utilisation d&#039;une seule main et un transport facile.<\/li>\n<\/ul>\n<p>Batterie longue dur\u00e9e<\/p>\n<ul>\n<li>Vingt minutes de fum\u00e9e continue sur une seule charge \u2013 beaucoup plus longtemps si elle est utilis\u00e9e par intermittence.<\/li>\n<\/ul>\n<p><a href=\"https:\/\/www.lionprotects.com\/cs\/c\/?cta_guid=827d638d-8ff2-4283-9f94-f739908e5039&amp;signature=AAH58kFKnTjqOcNIAI2Edu87RhQVpvcdaQ&amp;pageId=5451860506&amp;placement_guid=eebb5ae6-f954-4eed-bfb8-3bb3cc088684&amp;click=95848483-8011-484a-a27b-84384a236c27&amp;hsutk=d12f911d5883f4ab8ec83423e54b1d3f&amp;canon=https%3A%2F%2Fwww.lionprotects.com%2Ffire-training-smoke-machine-sg1000&amp;utm_referrer=https%3A%2F%2Fwww.lionprotects.com%2Ffire-training-smoke-machines&amp;portal_id=3475623&amp;redirect_url=APefjpHLJ-cWp5nEG_kCHIIHn8NPNSnWamb2gzJeg2g_TLoeAunPJFik6KLibBLPypMVzhL7c96WpuWj8qy6X-lCkXFfGKEIFU1rivleqsbV-bYf-QdprXMfRtANZOeViaKaI3U56CkKmh44t5Whq2xIAx1tC7S4viviR-FYvy-tjcZ0L8bhj1oSXw01Iih480niWoWWO_D1TpXt2bdoToitOsnwx3mpLQdrHwF0HWu1Wt5NcKpTWMR8G_tCUcCsBcMW8pDLx20puIVChVmcKRPYefwwKVDfDcQyjZkTEagZbourOKj-QETJJHk3Bmxrqbz_2a21Etw1hZSQOH_I19NOz5FhPITB2IbjO82LrnWShDMSCexuYSLf5cwBgAwvDy6MJxna_y4B46_GKZ1xE4vfrhYBLR7Jyg&amp;__hstc=47088440.d12f911d5883f4ab8ec83423e54b1d3f.1617731482883.1619123413572.1619455555674.10&amp;__hssc=47088440.25.1619455555674&amp;__hsfp=2282831983&amp;contentType=standard-page\">T\u00e9l\u00e9charger la fiche produit<\/a><\/p>\n<p><iframe loading=\"lazy\" title=\"G\u00e9n\u00e9ration de fum\u00e9e LION\" width=\"980\" height=\"551\" src=\"https:\/\/www.youtube.com\/embed\/uo5Wno6P7Ek?feature=oembed&#038;enablejsapi=1&#038;origin=https:\/\/safetysourcefire.ca\" frameborder=\"0\" allow=\"accelerometer; autoplay; clipboard-write; encrypted-media; gyroscope; picture-in-picture\" allowfullscreen><\/iframe><\/p>\n<p>PAS DE PUISSANCE? PAS DE PROBL\u00c8ME<\/p>\n<ul>\n<li>Parfait pour s&#039;entra\u00eener dans des endroits o\u00f9 il est peu pratique, voire impossible, d&#039;utiliser de l&#039;\u00e9nergie.<\/li>\n<\/ul>\n<p>PLUS RAPIDEMENT DANS L'ACTION<\/p>\n<ul>\n<li>Chauffe instantan\u00e9ment le liquide fumig\u00e8ne \u00e0 la temp\u00e9rature id\u00e9ale pour que vous puissiez passer plus de temps \u00e0 vous entra\u00eener, et moins de temps \u00e0 attendre.<\/li>\n<\/ul>\n<p>ENTRA\u00ceNEZ-VOUS PARTOUT<\/p>\n<ul>\n<li>Facile \u00e0 d\u00e9placer et \u00e0 utiliser (appuyez sur un bouton et le tour est jou\u00e9!)<\/li>\n<li>Assez l\u00e9ger. Les utilisateurs peuvent facilement ajouter de la fum\u00e9e aux \u00e9tages sup\u00e9rieurs de leurs tours d'entra\u00eenement, v\u00e9hicules ou terrains d'entra\u00eenement ext\u00e9rieurs.<\/li>\n<\/ul>\n<p>ENTRA\u00ceNEZ-VOUS PLUS LONGTEMPS<\/p>\n<ul>\n<li>Arr\u00eatez de vous soucier du manque de batterie des g\u00e9n\u00e9rateurs de fum\u00e9e. SG1000 dure plus longtemps.<\/li>\n<\/ul>\n<p>Avec des batteries facilement interchangeables, vous pouvez vous concentrer sur les comp\u00e9tences des stagiaires plut\u00f4t que sur l'\u00e9quipement.<\/p>","protected":false},"excerpt":{"rendered":"<p>Pour de la fum\u00e9e quand et o\u00f9 vous en avez besoin<\/p>","protected":false},"featured_media":25352,"template":"","meta":[],"product_brand":[421],"product_cat":[509,512,141,57],"product_tag":[266,493],"class_list":{"0":"post-25351","1":"product","2":"type-product","3":"status-publish","4":"has-post-thumbnail","6":"product_brand-lion","7":"product_cat-lion-firefighter-training-props","8":"product_cat-smoke-generators","9":"product_cat-smoke-machines","10":"product_cat-training-products","11":"product_tag-bullex","12":"product_tag-lion","14":"first","15":"instock","16":"shipping-taxable","17":"product-type-simple"},"yoast_head":"<!-- This site is optimized with the Yoast SEO plugin v27.4 - https:\/\/yoast.com\/product\/yoast-seo-wordpress\/ -->\n<title>SG1000\u2122 Smoke Generator - Safety Source Fire<\/title>\n<meta name=\"robots\" content=\"index, follow, max-snippet:-1, max-image-preview:large, max-video-preview:-1\" \/>\n<link rel=\"canonical\" href=\"https:\/\/safetysourcefire.ca\/fr\/?product=sg1000-smoke-generator\" \/>\n<meta property=\"og:locale\" content=\"fr_CA\" \/>\n<meta property=\"og:type\" content=\"article\" \/>\n<meta property=\"og:title\" content=\"SG1000\u2122 Smoke Generator - Safety Source Fire\" \/>\n<meta property=\"og:description\" content=\"Smoke when and where you need it\" \/>\n<meta property=\"og:url\" content=\"https:\/\/safetysourcefire.ca\/fr\/?product=sg1000-smoke-generator\" \/>\n<meta property=\"og:site_name\" content=\"Safety Source Fire\" \/>\n<meta property=\"article:publisher\" content=\"https:\/\/www.facebook.com\/mmfssca\" \/>\n<meta property=\"article:modified_time\" content=\"2021-04-26T19:38:10+00:00\" \/>\n<meta property=\"og:image\" content=\"https:\/\/safetysourcefire.ca\/wp-content\/uploads\/2021\/04\/170722FVEF9879.jpg\" \/>\n\t<meta property=\"og:image:width\" content=\"600\" \/>\n\t<meta property=\"og:image:height\" content=\"600\" \/>\n\t<meta property=\"og:image:type\" content=\"image\/jpeg\" \/>\n<meta name=\"twitter:card\" content=\"summary_large_image\" \/>\n<meta name=\"twitter:site\" content=\"@mmfssca\" \/>\n<meta name=\"twitter:label1\" content=\"Estimation du temps de lecture\" \/>\n\t<meta name=\"twitter:data1\" content=\"1 minute\" \/>\n<script type=\"application\/ld+json\" class=\"yoast-schema-graph\">{\"@context\":\"https:\\\/\\\/schema.org\",\"@graph\":[{\"@type\":\"WebPage\",\"@id\":\"https:\\\/\\\/safetysourcefire.ca\\\/?product=sg1000-smoke-generator\",\"url\":\"https:\\\/\\\/safetysourcefire.ca\\\/?product=sg1000-smoke-generator\",\"name\":\"SG1000\u2122 Smoke Generator - Safety Source Fire\",\"isPartOf\":{\"@id\":\"https:\\\/\\\/safetysourcefire.ca\\\/#website\"},\"primaryImageOfPage\":{\"@id\":\"https:\\\/\\\/safetysourcefire.ca\\\/?product=sg1000-smoke-generator#primaryimage\"},\"image\":{\"@id\":\"https:\\\/\\\/safetysourcefire.ca\\\/?product=sg1000-smoke-generator#primaryimage\"},\"thumbnailUrl\":\"https:\\\/\\\/safetysourcefire.ca\\\/wp-content\\\/uploads\\\/2021\\\/04\\\/170722FVEF9879.jpg\",\"datePublished\":\"2021-04-26T18:43:19+00:00\",\"dateModified\":\"2021-04-26T19:38:10+00:00\",\"breadcrumb\":{\"@id\":\"https:\\\/\\\/safetysourcefire.ca\\\/?product=sg1000-smoke-generator#breadcrumb\"},\"inLanguage\":\"fr-CA\",\"potentialAction\":[{\"@type\":\"ReadAction\",\"target\":[\"https:\\\/\\\/safetysourcefire.ca\\\/?product=sg1000-smoke-generator\"]}]},{\"@type\":\"ImageObject\",\"inLanguage\":\"fr-CA\",\"@id\":\"https:\\\/\\\/safetysourcefire.ca\\\/?product=sg1000-smoke-generator#primaryimage\",\"url\":\"https:\\\/\\\/safetysourcefire.ca\\\/wp-content\\\/uploads\\\/2021\\\/04\\\/170722FVEF9879.jpg\",\"contentUrl\":\"https:\\\/\\\/safetysourcefire.ca\\\/wp-content\\\/uploads\\\/2021\\\/04\\\/170722FVEF9879.jpg\",\"width\":600,\"height\":600,\"caption\":\"SG1000 smoke generator\"},{\"@type\":\"BreadcrumbList\",\"@id\":\"https:\\\/\\\/safetysourcefire.ca\\\/?product=sg1000-smoke-generator#breadcrumb\",\"itemListElement\":[{\"@type\":\"ListItem\",\"position\":1,\"name\":\"Home\",\"item\":\"https:\\\/\\\/safetysourcefire.ca\\\/\"},{\"@type\":\"ListItem\",\"position\":2,\"name\":\"Products\",\"item\":\"https:\\\/\\\/safetysourcefire.ca\\\/shop\\\/\"},{\"@type\":\"ListItem\",\"position\":3,\"name\":\"SG1000\u2122 Smoke Generator\"}]},{\"@type\":\"WebSite\",\"@id\":\"https:\\\/\\\/safetysourcefire.ca\\\/#website\",\"url\":\"https:\\\/\\\/safetysourcefire.ca\\\/\",\"name\":\"Safety Source Fire\",\"description\":\"\",\"publisher\":{\"@id\":\"https:\\\/\\\/safetysourcefire.ca\\\/#organization\"},\"potentialAction\":[{\"@type\":\"SearchAction\",\"target\":{\"@type\":\"EntryPoint\",\"urlTemplate\":\"https:\\\/\\\/safetysourcefire.ca\\\/?s={search_term_string}\"},\"query-input\":{\"@type\":\"PropertyValueSpecification\",\"valueRequired\":true,\"valueName\":\"search_term_string\"}}],\"inLanguage\":\"fr-CA\"},{\"@type\":\"Organization\",\"@id\":\"https:\\\/\\\/safetysourcefire.ca\\\/#organization\",\"name\":\"Safety Source Fire\",\"url\":\"https:\\\/\\\/safetysourcefire.ca\\\/\",\"logo\":{\"@type\":\"ImageObject\",\"inLanguage\":\"fr-CA\",\"@id\":\"https:\\\/\\\/safetysourcefire.ca\\\/#\\\/schema\\\/logo\\\/image\\\/\",\"url\":\"https:\\\/\\\/safetysourcefire.ca\\\/wp-content\\\/uploads\\\/2021\\\/01\\\/SSF_logo_CC0000-3.png\",\"contentUrl\":\"https:\\\/\\\/safetysourcefire.ca\\\/wp-content\\\/uploads\\\/2021\\\/01\\\/SSF_logo_CC0000-3.png\",\"width\":1107,\"height\":365,\"caption\":\"Safety Source Fire\"},\"image\":{\"@id\":\"https:\\\/\\\/safetysourcefire.ca\\\/#\\\/schema\\\/logo\\\/image\\\/\"},\"sameAs\":[\"https:\\\/\\\/www.facebook.com\\\/mmfssca\",\"https:\\\/\\\/x.com\\\/mmfssca\"]}]}<\/script>\n<!-- \/ Yoast SEO plugin. -->","yoast_head_json":{"title":"G\u00e9n\u00e9rateur de fum\u00e9e SG1000\u2122 - Source de s\u00e9curit\u00e9 incendie","robots":{"index":"index","follow":"follow","max-snippet":"max-snippet:-1","max-image-preview":"max-image-preview:large","max-video-preview":"max-video-preview:-1"},"canonical":"https:\/\/safetysourcefire.ca\/fr\/?product=sg1000-smoke-generator","og_locale":"fr_CA","og_type":"article","og_title":"SG1000\u2122 Smoke Generator - Safety Source Fire","og_description":"Smoke when and where you need it","og_url":"https:\/\/safetysourcefire.ca\/fr\/?product=sg1000-smoke-generator","og_site_name":"Safety Source Fire","article_publisher":"https:\/\/www.facebook.com\/mmfssca","article_modified_time":"2021-04-26T19:38:10+00:00","og_image":[{"width":600,"height":600,"url":"https:\/\/safetysourcefire.ca\/wp-content\/uploads\/2021\/04\/170722FVEF9879.jpg","type":"image\/jpeg"}],"twitter_card":"summary_large_image","twitter_site":"@mmfssca","twitter_misc":{"Estimation du temps de lecture":"1 minute"},"schema":{"@context":"https:\/\/schema.org","@graph":[{"@type":"WebPage","@id":"https:\/\/safetysourcefire.ca\/?product=sg1000-smoke-generator","url":"https:\/\/safetysourcefire.ca\/?product=sg1000-smoke-generator","name":"G\u00e9n\u00e9rateur de fum\u00e9e SG1000\u2122 - Source de s\u00e9curit\u00e9 incendie","isPartOf":{"@id":"https:\/\/safetysourcefire.ca\/#website"},"primaryImageOfPage":{"@id":"https:\/\/safetysourcefire.ca\/?product=sg1000-smoke-generator#primaryimage"},"image":{"@id":"https:\/\/safetysourcefire.ca\/?product=sg1000-smoke-generator#primaryimage"},"thumbnailUrl":"https:\/\/safetysourcefire.ca\/wp-content\/uploads\/2021\/04\/170722FVEF9879.jpg","datePublished":"2021-04-26T18:43:19+00:00","dateModified":"2021-04-26T19:38:10+00:00","breadcrumb":{"@id":"https:\/\/safetysourcefire.ca\/?product=sg1000-smoke-generator#breadcrumb"},"inLanguage":"fr-CA","potentialAction":[{"@type":"ReadAction","target":["https:\/\/safetysourcefire.ca\/?product=sg1000-smoke-generator"]}]},{"@type":"ImageObject","inLanguage":"fr-CA","@id":"https:\/\/safetysourcefire.ca\/?product=sg1000-smoke-generator#primaryimage","url":"https:\/\/safetysourcefire.ca\/wp-content\/uploads\/2021\/04\/170722FVEF9879.jpg","contentUrl":"https:\/\/safetysourcefire.ca\/wp-content\/uploads\/2021\/04\/170722FVEF9879.jpg","width":600,"height":600,"caption":"SG1000 smoke generator"},{"@type":"BreadcrumbList","@id":"https:\/\/safetysourcefire.ca\/?product=sg1000-smoke-generator#breadcrumb","itemListElement":[{"@type":"ListItem","position":1,"name":"Home","item":"https:\/\/safetysourcefire.ca\/"},{"@type":"ListItem","position":2,"name":"Products","item":"https:\/\/safetysourcefire.ca\/shop\/"},{"@type":"ListItem","position":3,"name":"SG1000\u2122 Smoke Generator"}]},{"@type":"WebSite","@id":"https:\/\/safetysourcefire.ca\/#website","url":"https:\/\/safetysourcefire.ca\/","name":"Safety Source Fire","description":"","publisher":{"@id":"https:\/\/safetysourcefire.ca\/#organization"},"potentialAction":[{"@type":"SearchAction","target":{"@type":"EntryPoint","urlTemplate":"https:\/\/safetysourcefire.ca\/?s={search_term_string}"},"query-input":{"@type":"PropertyValueSpecification","valueRequired":true,"valueName":"search_term_string"}}],"inLanguage":"fr-CA"},{"@type":"Organization","@id":"https:\/\/safetysourcefire.ca\/#organization","name":"Safety Source Fire","url":"https:\/\/safetysourcefire.ca\/","logo":{"@type":"ImageObject","inLanguage":"fr-CA","@id":"https:\/\/safetysourcefire.ca\/#\/schema\/logo\/image\/","url":"https:\/\/safetysourcefire.ca\/wp-content\/uploads\/2021\/01\/SSF_logo_CC0000-3.png","contentUrl":"https:\/\/safetysourcefire.ca\/wp-content\/uploads\/2021\/01\/SSF_logo_CC0000-3.png","width":1107,"height":365,"caption":"Safety Source Fire"},"image":{"@id":"https:\/\/safetysourcefire.ca\/#\/schema\/logo\/image\/"},"sameAs":["https:\/\/www.facebook.com\/mmfssca","https:\/\/x.com\/mmfssca"]}]}},"_links":{"self":[{"href":"https:\/\/safetysourcefire.ca\/fr\/wp-json\/wp\/v2\/product\/25351","targetHints":{"allow":["GET"]}}],"collection":[{"href":"https:\/\/safetysourcefire.ca\/fr\/wp-json\/wp\/v2\/product"}],"about":[{"href":"https:\/\/safetysourcefire.ca\/fr\/wp-json\/wp\/v2\/types\/product"}],"wp:featuredmedia":[{"embeddable":true,"href":"https:\/\/safetysourcefire.ca\/fr\/wp-json\/wp\/v2\/media\/25352"}],"wp:attachment":[{"href":"https:\/\/safetysourcefire.ca\/fr\/wp-json\/wp\/v2\/media?parent=25351"}],"wp:term":[{"taxonomy":"product_brand","embeddable":true,"href":"https:\/\/safetysourcefire.ca\/fr\/wp-json\/wp\/v2\/product_brand?post=25351"},{"taxonomy":"product_cat","embeddable":true,"href":"https:\/\/safetysourcefire.ca\/fr\/wp-json\/wp\/v2\/product_cat?post=25351"},{"taxonomy":"product_tag","embeddable":true,"href":"https:\/\/safetysourcefire.ca\/fr\/wp-json\/wp\/v2\/product_tag?post=25351"}],"curies":[{"name":"wp","href":"https:\/\/api.w.org\/{rel}","templated":true}]}}