{"id":25360,"date":"2021-04-26T19:11:28","date_gmt":"2021-04-26T19:11:28","guid":{"rendered":"https:\/\/safetysourcefire.ca\/?post_type=product&#038;p=25360"},"modified":"2022-10-03T15:35:35","modified_gmt":"2022-10-03T15:35:35","slug":"sg4000-smoke-generator","status":"publish","type":"product","link":"https:\/\/safetysourcefire.ca\/fr\/produit\/sg4000-smoke-generator\/","title":{"rendered":"G\u00e9n\u00e9rateur de fum\u00e9e SG4000\u2122"},"content":{"rendered":"<p>Conditions r\u00e9alistes<\/p>\n<ul>\n<li>D\u00e9velopp\u00e9 pour produire une fum\u00e9e dense et \u00e9paisse avec un temps de suspension prolong\u00e9.<\/li>\n<\/ul>\n<p>Durable<\/p>\n<ul>\n<li>Construit sur un ch\u00e2ssis en acier avec des composants structurels m\u00e9talliques.<\/li>\n<\/ul>\n<p>Portable<\/p>\n<ul>\n<li>Peut \u00eatre facilement d\u00e9plac\u00e9 vers diverses zones ou dans n'importe quelle installation o\u00f9 la formation est dispens\u00e9e.<\/li>\n<\/ul>\n<p>Aucun r\u00e9sidu<\/p>\n<ul>\n<li>Des temp\u00e9ratures constantes emp\u00eachent la fum\u00e9e de devenir \u00abmouill\u00e9e\u00bb et de produire un r\u00e9sidu.<\/li>\n<\/ul>\n<p><a href=\"https:\/\/www.lionprotects.com\/cs\/c\/?cta_guid=d37de744-ce3a-4f32-95b8-6047e67685af&amp;signature=AAH58kHtsLknuK60kp9HzAgEfQXBGVvIEw&amp;pageId=5453402173&amp;placement_guid=36f32d94-fea8-46ca-8049-120a8847dd4e&amp;click=5e4f1752-3c45-4076-9a07-6f84ad8bf6ac&amp;hsutk=d12f911d5883f4ab8ec83423e54b1d3f&amp;canon=https%3A%2F%2Fwww.lionprotects.com%2Ffire-training-smoke-machine-sg4000&amp;utm_referrer=https%3A%2F%2Fwww.lionprotects.com%2Ffire-training-smoke-machines&amp;portal_id=3475623&amp;redirect_url=APefjpHShYM6k7VXwGKw38ApCAsQ4MC1f_N2VSlaNnYmqxa3ZHl_3VlsM3584jWfpsuYOrxdaazYSE69d8ZC4vkOc-6mHW4UZv0GutVjCkibmX7SZHfzQWJyDFKHbQ4dfMdzsQRPcDl2_xIss3LsGm3djvQDa638QBBGYuTNjWxCksPsCdUBPLsyWICS3dTdUDIvNxE3ZuE_zmY258mFDiV5uNVT85CXa_SeyYJmEb1NAxkj5L-GUyRjvSH1Zr6cA9IM7FkYN0OoBCM2B6WDifKMkK3aOpLUfe-xEVJYRo1Uc33KIkdO5oRMOd6G04tc-V1pJYFYJ2Unt22MAwy1eoE3_TtQ5_aBLQFnoC9kgbpgPcb5tmRLS_2ahzbWtbcif9Zm1zuGBJrjr7_oXNvFQgtJnO-1yehfWWlk6JHzjxsVUaWXBKuYXX4&amp;__hstc=47088440.d12f911d5883f4ab8ec83423e54b1d3f.1617731482883.1619455555674.1619464147827.11&amp;__hssc=47088440.2.1619464147827&amp;__hsfp=2282831983&amp;contentType=standard-page\">T\u00e9l\u00e9charger la fiche produit<\/a><\/p>\n<p>&nbsp;<\/p>\n<p><iframe loading=\"lazy\" title=\"G\u00e9n\u00e9ration de fum\u00e9e LION\" width=\"980\" height=\"551\" src=\"https:\/\/www.youtube.com\/embed\/uo5Wno6P7Ek?feature=oembed&#038;enablejsapi=1&#038;origin=https:\/\/safetysourcefire.ca\" frameborder=\"0\" allow=\"accelerometer; autoplay; clipboard-write; encrypted-media; gyroscope; picture-in-picture\" allowfullscreen><\/iframe><\/p>\n<p>&nbsp;<\/p>\n<p>&nbsp;<\/p>\n<p>R\u00c9ALISTE<\/p>\n<ul>\n<li>Nos g\u00e9n\u00e9rateurs de fum\u00e9e permettent aux stagiaires de d\u00e9couvrir diverses conditions de fum\u00e9e r\u00e9elles dans un environnement plus s\u00fbr et plus contr\u00f4l\u00e9.<\/li>\n<\/ul>\n<p>CONSTRUIT POUR DURER<\/p>\n<ul>\n<li>L&#039;achat d&#039;un g\u00e9n\u00e9rateur de fum\u00e9e de qualit\u00e9 peut faire \u00e9conomiser de l&#039;argent \u00e0 votre service en r\u00e9duisant votre besoin d&#039;acheter des produits de remplacement.<\/li>\n<\/ul>\n<p>ENTRA\u00ceNEZ-VOUS PARTOUT<\/p>\n<ul>\n<li>Facile \u00e0 d\u00e9placer et \u00e0 utiliser (appuyez sur un bouton et le tour est jou\u00e9!)<\/li>\n<li>Assez l\u00e9ger pour que vous puissiez facilement ajouter de la fum\u00e9e aux \u00e9tages sup\u00e9rieurs de leurs tours d&#039;entra\u00eenement, v\u00e9hicules ou terrains d&#039;entra\u00eenement ext\u00e9rieurs.<\/li>\n<\/ul>\n<p>MOINS DE NETTOYAGE<\/p>\n<ul>\n<li>Il n'y a rien de pire que de devoir s'attaquer \u00e0 une corv\u00e9e de nettoyage ardue apr\u00e8s une dure journ\u00e9e d'entra\u00eenement.<\/li>\n<li>Avec notre fluide de fum\u00e9e \u00e0 base d&#039;eau de haute qualit\u00e9, le nettoyage est un jeu d&#039;enfant puisque la fum\u00e9e ne laisse pas de r\u00e9sidu collant.<\/li>\n<\/ul>\n<p>OPPORTUNIT\u00c9S DE FORMATION<br \/>\nAvec le g\u00e9n\u00e9rateur de fum\u00e9e SG4000, les possibilit\u00e9s de formation sont infinies.<\/p>\n<p>VENTILATION<br \/>\nLa fum\u00e9e continue \u00e0 haute densit\u00e9 facilite la pratique de la ventilation hydraulique, PPV, horizontale et verticale.<\/p>\n<p>RECHERCHE &amp; SAUVETAGE<br \/>\nCr\u00e9ez une vari\u00e9t\u00e9 de param\u00e8tres de fum\u00e9e (allant de faible \u00e0 z\u00e9ro visibilit\u00e9) pour vous entrainer \u00e0 trouver des victimes lors d'exercices de recherche et de sauvetage ou d'imagerie thermique.<\/p>\n<p>RECHERCHE EN GRANDE ZONE<br \/>\nSaturez un environnement d&#039;entra\u00eenement de fum\u00e9e \u00e0 haute densit\u00e9 pendant le temps qu&#039;il faut \u00e0 vos pompiers pour enfiler leur \u00e9quipement.<\/p>\n<p>V\u00c9RIFIEZ LES CONNAISSANCES<br \/>\nPlacez vos pompiers dans des conditions de visibilit\u00e9 nulle pour tester leurs connaissances et leur confiance en l'\u00e9quipement EPI.<\/p>\n<p>AIDEZ VOS COLL\u00c8GUES<br \/>\nFormez les pompiers pour localiser et r\u00e9cup\u00e9rer les pompiers abattus dans un sc\u00e9nario r\u00e9aliste impliquant de la fum\u00e9e.<\/p>","protected":false},"excerpt":{"rendered":"<p>Des outils robustes pour un entra\u00eenement intense<\/p>","protected":false},"featured_media":25364,"template":"","meta":[],"product_brand":[421],"product_cat":[509,512,141,57],"product_tag":[266,493],"class_list":{"0":"post-25360","1":"product","2":"type-product","3":"status-publish","4":"has-post-thumbnail","6":"product_brand-lion","7":"product_cat-lion-firefighter-training-props","8":"product_cat-smoke-generators","9":"product_cat-smoke-machines","10":"product_cat-training-products","11":"product_tag-bullex","12":"product_tag-lion","14":"first","15":"instock","16":"shipping-taxable","17":"product-type-simple"},"yoast_head":"<!-- This site is optimized with the Yoast SEO plugin v27.3 - https:\/\/yoast.com\/product\/yoast-seo-wordpress\/ -->\n<title>SG4000\u2122 Smoke Generator - Safety Source Fire<\/title>\n<meta name=\"robots\" content=\"index, follow, max-snippet:-1, max-image-preview:large, max-video-preview:-1\" \/>\n<link rel=\"canonical\" href=\"https:\/\/safetysourcefire.ca\/fr\/?product=sg4000-smoke-generator\" \/>\n<meta property=\"og:locale\" content=\"fr_CA\" \/>\n<meta property=\"og:type\" content=\"article\" \/>\n<meta property=\"og:title\" content=\"SG4000\u2122 Smoke Generator - Safety Source Fire\" \/>\n<meta property=\"og:description\" content=\"Tough tools for intense training\" \/>\n<meta property=\"og:url\" content=\"https:\/\/safetysourcefire.ca\/fr\/?product=sg4000-smoke-generator\" \/>\n<meta property=\"og:site_name\" content=\"Safety Source Fire\" \/>\n<meta property=\"article:publisher\" content=\"https:\/\/www.facebook.com\/mmfssca\" \/>\n<meta property=\"article:modified_time\" content=\"2022-10-03T15:35:35+00:00\" \/>\n<meta property=\"og:image\" content=\"https:\/\/safetysourcefire.ca\/wp-content\/uploads\/2021\/04\/SG4000_photo04_2011_02.jpg\" \/>\n\t<meta property=\"og:image:width\" content=\"600\" \/>\n\t<meta property=\"og:image:height\" content=\"600\" \/>\n\t<meta property=\"og:image:type\" content=\"image\/jpeg\" \/>\n<meta name=\"twitter:card\" content=\"summary_large_image\" \/>\n<meta name=\"twitter:site\" content=\"@mmfssca\" \/>\n<meta name=\"twitter:label1\" content=\"Estimation du temps de lecture\" \/>\n\t<meta name=\"twitter:data1\" content=\"2 minutes\" \/>\n<script type=\"application\/ld+json\" class=\"yoast-schema-graph\">{\"@context\":\"https:\\\/\\\/schema.org\",\"@graph\":[{\"@type\":\"WebPage\",\"@id\":\"https:\\\/\\\/safetysourcefire.ca\\\/?product=sg4000-smoke-generator\",\"url\":\"https:\\\/\\\/safetysourcefire.ca\\\/?product=sg4000-smoke-generator\",\"name\":\"SG4000\u2122 Smoke Generator - Safety Source Fire\",\"isPartOf\":{\"@id\":\"https:\\\/\\\/safetysourcefire.ca\\\/#website\"},\"primaryImageOfPage\":{\"@id\":\"https:\\\/\\\/safetysourcefire.ca\\\/?product=sg4000-smoke-generator#primaryimage\"},\"image\":{\"@id\":\"https:\\\/\\\/safetysourcefire.ca\\\/?product=sg4000-smoke-generator#primaryimage\"},\"thumbnailUrl\":\"https:\\\/\\\/safetysourcefire.ca\\\/wp-content\\\/uploads\\\/2021\\\/04\\\/SG4000_photo04_2011_02.jpg\",\"datePublished\":\"2021-04-26T19:11:28+00:00\",\"dateModified\":\"2022-10-03T15:35:35+00:00\",\"breadcrumb\":{\"@id\":\"https:\\\/\\\/safetysourcefire.ca\\\/?product=sg4000-smoke-generator#breadcrumb\"},\"inLanguage\":\"fr-CA\",\"potentialAction\":[{\"@type\":\"ReadAction\",\"target\":[\"https:\\\/\\\/safetysourcefire.ca\\\/?product=sg4000-smoke-generator\"]}]},{\"@type\":\"ImageObject\",\"inLanguage\":\"fr-CA\",\"@id\":\"https:\\\/\\\/safetysourcefire.ca\\\/?product=sg4000-smoke-generator#primaryimage\",\"url\":\"https:\\\/\\\/safetysourcefire.ca\\\/wp-content\\\/uploads\\\/2021\\\/04\\\/SG4000_photo04_2011_02.jpg\",\"contentUrl\":\"https:\\\/\\\/safetysourcefire.ca\\\/wp-content\\\/uploads\\\/2021\\\/04\\\/SG4000_photo04_2011_02.jpg\",\"width\":600,\"height\":600,\"caption\":\"smoke generator\"},{\"@type\":\"BreadcrumbList\",\"@id\":\"https:\\\/\\\/safetysourcefire.ca\\\/?product=sg4000-smoke-generator#breadcrumb\",\"itemListElement\":[{\"@type\":\"ListItem\",\"position\":1,\"name\":\"Home\",\"item\":\"https:\\\/\\\/safetysourcefire.ca\\\/\"},{\"@type\":\"ListItem\",\"position\":2,\"name\":\"Products\",\"item\":\"https:\\\/\\\/safetysourcefire.ca\\\/shop\\\/\"},{\"@type\":\"ListItem\",\"position\":3,\"name\":\"SG4000\u2122 Smoke Generator\"}]},{\"@type\":\"WebSite\",\"@id\":\"https:\\\/\\\/safetysourcefire.ca\\\/#website\",\"url\":\"https:\\\/\\\/safetysourcefire.ca\\\/\",\"name\":\"Safety Source Fire\",\"description\":\"\",\"publisher\":{\"@id\":\"https:\\\/\\\/safetysourcefire.ca\\\/#organization\"},\"potentialAction\":[{\"@type\":\"SearchAction\",\"target\":{\"@type\":\"EntryPoint\",\"urlTemplate\":\"https:\\\/\\\/safetysourcefire.ca\\\/?s={search_term_string}\"},\"query-input\":{\"@type\":\"PropertyValueSpecification\",\"valueRequired\":true,\"valueName\":\"search_term_string\"}}],\"inLanguage\":\"fr-CA\"},{\"@type\":\"Organization\",\"@id\":\"https:\\\/\\\/safetysourcefire.ca\\\/#organization\",\"name\":\"Safety Source Fire\",\"url\":\"https:\\\/\\\/safetysourcefire.ca\\\/\",\"logo\":{\"@type\":\"ImageObject\",\"inLanguage\":\"fr-CA\",\"@id\":\"https:\\\/\\\/safetysourcefire.ca\\\/#\\\/schema\\\/logo\\\/image\\\/\",\"url\":\"https:\\\/\\\/safetysourcefire.ca\\\/wp-content\\\/uploads\\\/2021\\\/01\\\/SSF_logo_CC0000-3.png\",\"contentUrl\":\"https:\\\/\\\/safetysourcefire.ca\\\/wp-content\\\/uploads\\\/2021\\\/01\\\/SSF_logo_CC0000-3.png\",\"width\":1107,\"height\":365,\"caption\":\"Safety Source Fire\"},\"image\":{\"@id\":\"https:\\\/\\\/safetysourcefire.ca\\\/#\\\/schema\\\/logo\\\/image\\\/\"},\"sameAs\":[\"https:\\\/\\\/www.facebook.com\\\/mmfssca\",\"https:\\\/\\\/x.com\\\/mmfssca\"]}]}<\/script>\n<!-- \/ Yoast SEO plugin. -->","yoast_head_json":{"title":"G\u00e9n\u00e9rateur de fum\u00e9e SG4000\u2122 - Source de s\u00e9curit\u00e9 incendie","robots":{"index":"index","follow":"follow","max-snippet":"max-snippet:-1","max-image-preview":"max-image-preview:large","max-video-preview":"max-video-preview:-1"},"canonical":"https:\/\/safetysourcefire.ca\/fr\/?product=sg4000-smoke-generator","og_locale":"fr_CA","og_type":"article","og_title":"SG4000\u2122 Smoke Generator - Safety Source Fire","og_description":"Tough tools for intense training","og_url":"https:\/\/safetysourcefire.ca\/fr\/?product=sg4000-smoke-generator","og_site_name":"Safety Source Fire","article_publisher":"https:\/\/www.facebook.com\/mmfssca","article_modified_time":"2022-10-03T15:35:35+00:00","og_image":[{"width":600,"height":600,"url":"https:\/\/safetysourcefire.ca\/wp-content\/uploads\/2021\/04\/SG4000_photo04_2011_02.jpg","type":"image\/jpeg"}],"twitter_card":"summary_large_image","twitter_site":"@mmfssca","twitter_misc":{"Estimation du temps de lecture":"2 minutes"},"schema":{"@context":"https:\/\/schema.org","@graph":[{"@type":"WebPage","@id":"https:\/\/safetysourcefire.ca\/?product=sg4000-smoke-generator","url":"https:\/\/safetysourcefire.ca\/?product=sg4000-smoke-generator","name":"G\u00e9n\u00e9rateur de fum\u00e9e SG4000\u2122 - Source de s\u00e9curit\u00e9 incendie","isPartOf":{"@id":"https:\/\/safetysourcefire.ca\/#website"},"primaryImageOfPage":{"@id":"https:\/\/safetysourcefire.ca\/?product=sg4000-smoke-generator#primaryimage"},"image":{"@id":"https:\/\/safetysourcefire.ca\/?product=sg4000-smoke-generator#primaryimage"},"thumbnailUrl":"https:\/\/safetysourcefire.ca\/wp-content\/uploads\/2021\/04\/SG4000_photo04_2011_02.jpg","datePublished":"2021-04-26T19:11:28+00:00","dateModified":"2022-10-03T15:35:35+00:00","breadcrumb":{"@id":"https:\/\/safetysourcefire.ca\/?product=sg4000-smoke-generator#breadcrumb"},"inLanguage":"fr-CA","potentialAction":[{"@type":"ReadAction","target":["https:\/\/safetysourcefire.ca\/?product=sg4000-smoke-generator"]}]},{"@type":"ImageObject","inLanguage":"fr-CA","@id":"https:\/\/safetysourcefire.ca\/?product=sg4000-smoke-generator#primaryimage","url":"https:\/\/safetysourcefire.ca\/wp-content\/uploads\/2021\/04\/SG4000_photo04_2011_02.jpg","contentUrl":"https:\/\/safetysourcefire.ca\/wp-content\/uploads\/2021\/04\/SG4000_photo04_2011_02.jpg","width":600,"height":600,"caption":"smoke generator"},{"@type":"BreadcrumbList","@id":"https:\/\/safetysourcefire.ca\/?product=sg4000-smoke-generator#breadcrumb","itemListElement":[{"@type":"ListItem","position":1,"name":"Home","item":"https:\/\/safetysourcefire.ca\/"},{"@type":"ListItem","position":2,"name":"Products","item":"https:\/\/safetysourcefire.ca\/shop\/"},{"@type":"ListItem","position":3,"name":"SG4000\u2122 Smoke Generator"}]},{"@type":"WebSite","@id":"https:\/\/safetysourcefire.ca\/#website","url":"https:\/\/safetysourcefire.ca\/","name":"Safety Source Fire","description":"","publisher":{"@id":"https:\/\/safetysourcefire.ca\/#organization"},"potentialAction":[{"@type":"SearchAction","target":{"@type":"EntryPoint","urlTemplate":"https:\/\/safetysourcefire.ca\/?s={search_term_string}"},"query-input":{"@type":"PropertyValueSpecification","valueRequired":true,"valueName":"search_term_string"}}],"inLanguage":"fr-CA"},{"@type":"Organization","@id":"https:\/\/safetysourcefire.ca\/#organization","name":"Safety Source Fire","url":"https:\/\/safetysourcefire.ca\/","logo":{"@type":"ImageObject","inLanguage":"fr-CA","@id":"https:\/\/safetysourcefire.ca\/#\/schema\/logo\/image\/","url":"https:\/\/safetysourcefire.ca\/wp-content\/uploads\/2021\/01\/SSF_logo_CC0000-3.png","contentUrl":"https:\/\/safetysourcefire.ca\/wp-content\/uploads\/2021\/01\/SSF_logo_CC0000-3.png","width":1107,"height":365,"caption":"Safety Source Fire"},"image":{"@id":"https:\/\/safetysourcefire.ca\/#\/schema\/logo\/image\/"},"sameAs":["https:\/\/www.facebook.com\/mmfssca","https:\/\/x.com\/mmfssca"]}]}},"_links":{"self":[{"href":"https:\/\/safetysourcefire.ca\/fr\/wp-json\/wp\/v2\/product\/25360","targetHints":{"allow":["GET"]}}],"collection":[{"href":"https:\/\/safetysourcefire.ca\/fr\/wp-json\/wp\/v2\/product"}],"about":[{"href":"https:\/\/safetysourcefire.ca\/fr\/wp-json\/wp\/v2\/types\/product"}],"wp:featuredmedia":[{"embeddable":true,"href":"https:\/\/safetysourcefire.ca\/fr\/wp-json\/wp\/v2\/media\/25364"}],"wp:attachment":[{"href":"https:\/\/safetysourcefire.ca\/fr\/wp-json\/wp\/v2\/media?parent=25360"}],"wp:term":[{"taxonomy":"product_brand","embeddable":true,"href":"https:\/\/safetysourcefire.ca\/fr\/wp-json\/wp\/v2\/product_brand?post=25360"},{"taxonomy":"product_cat","embeddable":true,"href":"https:\/\/safetysourcefire.ca\/fr\/wp-json\/wp\/v2\/product_cat?post=25360"},{"taxonomy":"product_tag","embeddable":true,"href":"https:\/\/safetysourcefire.ca\/fr\/wp-json\/wp\/v2\/product_tag?post=25360"}],"curies":[{"name":"wp","href":"https:\/\/api.w.org\/{rel}","templated":true}]}}