{"id":25393,"date":"2021-04-26T21:09:35","date_gmt":"2021-04-26T21:09:35","guid":{"rendered":"https:\/\/safetysourcefire.ca\/?post_type=product&#038;p=25393"},"modified":"2021-10-29T15:06:49","modified_gmt":"2021-10-29T15:06:49","slug":"attack-digital-nozzle-and-weighted-hose-line","status":"publish","type":"product","link":"https:\/\/safetysourcefire.ca\/fr\/produit\/attack-digital-nozzle-and-weighted-hose-line\/","title":{"rendered":"Buse num\u00e9rique Attack\u2122 avec tuyau lest\u00e9"},"content":{"rendered":"<p>Pas d&#039;eau qui coule, pas de probl\u00e8me<\/p>\n<ul>\n<li>Permet aux pompiers de s&#039;entra\u00eener l\u00e0 o\u00f9 l&#039;utilisation de l&#039;eau courante n&#039;est pas possible ou pratique.<\/li>\n<\/ul>\n<p>Compatible avec le syst\u00e8me d'incendie num\u00e9rique ATTACK<\/p>\n<ul>\n<li>Les buses sont \u00e9quip\u00e9es de lasers, qui interagissent avec les flammes num\u00e9riques autog\u00e9n\u00e9r\u00e9es de l&#039;ATTACK. En mode laser, le feu de l&#039;ATTACK ne sera renvers\u00e9 que si le stagiaire utilise une technique de tuyau d&#039;arrosage appropri\u00e9e.<\/li>\n<\/ul>\n<p>Fabriqu\u00e9 avec de vraies buses TFT<\/p>\n<ul>\n<li>Construit \u00e0 l&#039;aide de v\u00e9ritables buses Task Force Tips (TFT) de 1 \u00be pouce pour que la pratique ressemble \u00e0 la r\u00e9alit\u00e9.<\/li>\n<\/ul>\n<p>Formation r\u00e9aliste, sans mettre l'\u00e9quipement hors service<\/p>\n<ul>\n<li>Entra\u00eenez-vous sans mettre vos moteurs hors service. La ligne de tuyau lest\u00e9e a le m\u00eame poids et la m\u00eame sensation qu'une ligne compl\u00e8tement charg\u00e9e, pour permettre aux pompiers en formation de s'exercer \u00e0 la gestion des lignes comme s'ils \u00e9taient sur le terrain.<\/li>\n<\/ul>\n<p><a href=\"https:\/\/www.lionprotects.com\/cs\/c\/?cta_guid=c46f37dd-9828-47a6-b8e9-a07b578f0de2&amp;signature=AAH58kFC6VjayeqeZV-mx5YO28tv6k77iQ&amp;pageId=5523507778&amp;placement_guid=3c7f9866-e32b-4bdb-9f73-970ed40f2c86&amp;click=637d4f10-dd5b-43c3-8682-383a019831a3&amp;hsutk=d12f911d5883f4ab8ec83423e54b1d3f&amp;canon=https%3A%2F%2Fwww.lionprotects.com%2Ffirefighter-training-props-digital-nozzle&amp;utm_referrer=https%3A%2F%2Fwww.lionprotects.com%2Fdigital-firefighter-training-props&amp;portal_id=3475623&amp;redirect_url=APefjpGliUgpZhHOiml95Z6h0Q_Ztpp23FirgJTTV9CxnpwN1dNgYkZAGh4_9pyC2YNfXH-88WUMBLHsSpizAcehONGzijVR4d8PjUnaNvAZ2_owVQKFtA6Ebb0iP2qwXikdpIGqQad1WRR4wm4svdvRKkK1M3tN_WB63szac7Bwi4-mYxKkSi3dX-OAWT0Nd8F7_8fm5lG0hvqUPwvH8JZUPiq6lL5AQIDfP0DOr7MnzInwHlXs4qAetNj34v6uNZv_9PuC12krZvJj2u_6iVOowyXEmghjGfq0hMo_AgKPhNVB6bQb9Jxi7Kaf9HvV40kMKnrT6FJ39pgmHLxFqdtoHcRo4Ypsl4yfcN_dXq-kfIR1YIf3N8Q&amp;__hstc=47088440.d12f911d5883f4ab8ec83423e54b1d3f.1617731482883.1619455555674.1619464147827.11&amp;__hssc=47088440.24.1619464147827&amp;__hsfp=2282831983&amp;contentType=standard-page\">T\u00e9l\u00e9charger la fiche produit<\/a><\/p>\n<p>BUSE NUM\u00c9RIQUE CONNECT\u00c9E AU TUYAU<\/p>\n<ul>\n<li>La buse num\u00e9rique est fabriqu\u00e9e avec de v\u00e9ritables buses automatiques TFT - elle ressemble donc \u00e0 un vrai tuyau. La ligne de tuyau lest\u00e9e de 1 \u00be pouce a le m\u00eame poids et la m\u00eame sensation qu&#039;une ligne compl\u00e8tement charg\u00e9e. Ensemble, la buse num\u00e9rique et la ligne de tuyau lest\u00e9e offrent une exp\u00e9rience r\u00e9aliste.<\/li>\n<\/ul>\n<p>COMPATIBLE AVEC LE SYST\u00c8ME D'ENTRA\u00ceNEMENT D'INCENDIE NUM\u00c9RIQUE ATTACK\u2122<\/p>\n<ul>\n<li>La buse \u00e9met une lumi\u00e8re infrarouge et des lasers qui interagissent avec les flammes num\u00e9riques autog\u00e9n\u00e9r\u00e9es de l&#039;ATTACK, tout comme un tuyau flexible \u00e0 base d&#039;eau interagit avec un feu r\u00e9el.<\/li>\n<\/ul>\n<p>OBTENEZ DES COMMENTAIRES EN TEMPS R\u00c9EL<\/p>\n<ul>\n<li>Vos pompiers obtiendront un retour coh\u00e9rent avec ce \u00e0 quoi vous vous attendriez lors de l&#039;extinction d&#039;un feu r\u00e9el.<\/li>\n<\/ul>\n<p>TERMINER LA FORMATION<\/p>\n<ul>\n<li>Lors de l&#039;utilisation de la buse num\u00e9rique alors que l&#039;ATTACK est en mode laser, le feu ne sera abattu que si le stagiaire utilise une technique de tuyau d&#039;arrosage appropri\u00e9e.<\/li>\n<\/ul>\n<p>CARACT\u00c9RISTIQUES DE LA BUSE NUM\u00c9RIQUE<\/p>\n<ul>\n<li>Construit \u00e0 partir d&#039;une buse automatique TFT\u21221 3\/4 pouces<\/li>\n<li>Signal infrarouge avec laser vert<\/li>\n<li>Haut-parleur simulant la d\u00e9charge d&#039;un tuyau<\/li>\n<li>Positions de caution r\u00e9glables marche\/arr\u00eat<\/li>\n<li>Batterie interne rechargeable NiMH 1600mAh, 7,2 volts<\/li>\n<\/ul>\n<p>ACCESSOIRES OPTIONNELS<\/p>\n<ul>\n<li>Mallette de transport de buse num\u00e9rique (D)<\/li>\n<li>Ligne de tuyau lest\u00e9e suppl\u00e9mentaire<\/li>\n<li>Compresseur d&#039;air<\/li>\n<li>R\u00e9gulateur\/adaptateur SCBA pour le gonflage du tuyau flexible<\/li>\n<li>Adaptateurs de couplage pour d&#039;autres conduites flexibles<\/li>\n<\/ul>","protected":false},"excerpt":{"rendered":"<p>Entra\u00eenez-vous sans utiliser d'eau courante!<\/p>","protected":false},"featured_media":25395,"template":"","meta":[],"product_brand":[421],"product_cat":[139,516,509],"product_tag":[266,493],"class_list":{"0":"post-25393","1":"product","2":"type-product","3":"status-publish","4":"has-post-thumbnail","6":"product_brand-lion","7":"product_cat-digital","8":"product_cat-digital-training-props","9":"product_cat-lion-firefighter-training-props","10":"product_tag-bullex","11":"product_tag-lion","13":"first","14":"instock","15":"shipping-taxable","16":"product-type-simple"},"yoast_head":"<!-- This site is optimized with the Yoast SEO plugin v27.4 - https:\/\/yoast.com\/product\/yoast-seo-wordpress\/ -->\n<title>Attack\u2122 Digital Nozzle and Weighted Hose Line - Safety Source Fire<\/title>\n<meta name=\"robots\" content=\"index, follow, max-snippet:-1, max-image-preview:large, max-video-preview:-1\" \/>\n<link rel=\"canonical\" href=\"https:\/\/safetysourcefire.ca\/fr\/?product=attack-digital-nozzle-and-weighted-hose-line\" \/>\n<meta property=\"og:locale\" content=\"fr_CA\" \/>\n<meta property=\"og:type\" content=\"article\" \/>\n<meta property=\"og:title\" content=\"Attack\u2122 Digital Nozzle and Weighted Hose Line - Safety Source Fire\" \/>\n<meta property=\"og:description\" content=\"Train without flowing water\" \/>\n<meta property=\"og:url\" content=\"https:\/\/safetysourcefire.ca\/fr\/?product=attack-digital-nozzle-and-weighted-hose-line\" \/>\n<meta property=\"og:site_name\" content=\"Safety Source Fire\" \/>\n<meta property=\"article:publisher\" content=\"https:\/\/www.facebook.com\/mmfssca\" \/>\n<meta property=\"article:modified_time\" content=\"2021-10-29T15:06:49+00:00\" \/>\n<meta property=\"og:image\" content=\"https:\/\/safetysourcefire.ca\/wp-content\/uploads\/2021\/04\/digital-nozzle_IMG_8119-min.jpg\" \/>\n\t<meta property=\"og:image:width\" content=\"600\" \/>\n\t<meta property=\"og:image:height\" content=\"600\" \/>\n\t<meta property=\"og:image:type\" content=\"image\/jpeg\" \/>\n<meta name=\"twitter:card\" content=\"summary_large_image\" \/>\n<meta name=\"twitter:site\" content=\"@mmfssca\" \/>\n<meta name=\"twitter:label1\" content=\"Estimation du temps de lecture\" \/>\n\t<meta name=\"twitter:data1\" content=\"2 minutes\" \/>\n<script type=\"application\/ld+json\" class=\"yoast-schema-graph\">{\"@context\":\"https:\\\/\\\/schema.org\",\"@graph\":[{\"@type\":\"WebPage\",\"@id\":\"https:\\\/\\\/safetysourcefire.ca\\\/?product=attack-digital-nozzle-and-weighted-hose-line\",\"url\":\"https:\\\/\\\/safetysourcefire.ca\\\/?product=attack-digital-nozzle-and-weighted-hose-line\",\"name\":\"Attack\u2122 Digital Nozzle and Weighted Hose Line - Safety Source Fire\",\"isPartOf\":{\"@id\":\"https:\\\/\\\/safetysourcefire.ca\\\/#website\"},\"primaryImageOfPage\":{\"@id\":\"https:\\\/\\\/safetysourcefire.ca\\\/?product=attack-digital-nozzle-and-weighted-hose-line#primaryimage\"},\"image\":{\"@id\":\"https:\\\/\\\/safetysourcefire.ca\\\/?product=attack-digital-nozzle-and-weighted-hose-line#primaryimage\"},\"thumbnailUrl\":\"https:\\\/\\\/safetysourcefire.ca\\\/wp-content\\\/uploads\\\/2021\\\/04\\\/digital-nozzle_IMG_8119-min.jpg\",\"datePublished\":\"2021-04-26T21:09:35+00:00\",\"dateModified\":\"2021-10-29T15:06:49+00:00\",\"breadcrumb\":{\"@id\":\"https:\\\/\\\/safetysourcefire.ca\\\/?product=attack-digital-nozzle-and-weighted-hose-line#breadcrumb\"},\"inLanguage\":\"fr-CA\",\"potentialAction\":[{\"@type\":\"ReadAction\",\"target\":[\"https:\\\/\\\/safetysourcefire.ca\\\/?product=attack-digital-nozzle-and-weighted-hose-line\"]}]},{\"@type\":\"ImageObject\",\"inLanguage\":\"fr-CA\",\"@id\":\"https:\\\/\\\/safetysourcefire.ca\\\/?product=attack-digital-nozzle-and-weighted-hose-line#primaryimage\",\"url\":\"https:\\\/\\\/safetysourcefire.ca\\\/wp-content\\\/uploads\\\/2021\\\/04\\\/digital-nozzle_IMG_8119-min.jpg\",\"contentUrl\":\"https:\\\/\\\/safetysourcefire.ca\\\/wp-content\\\/uploads\\\/2021\\\/04\\\/digital-nozzle_IMG_8119-min.jpg\",\"width\":600,\"height\":600,\"caption\":\"digital nozzle in use\"},{\"@type\":\"BreadcrumbList\",\"@id\":\"https:\\\/\\\/safetysourcefire.ca\\\/?product=attack-digital-nozzle-and-weighted-hose-line#breadcrumb\",\"itemListElement\":[{\"@type\":\"ListItem\",\"position\":1,\"name\":\"Home\",\"item\":\"https:\\\/\\\/safetysourcefire.ca\\\/\"},{\"@type\":\"ListItem\",\"position\":2,\"name\":\"Products\",\"item\":\"https:\\\/\\\/safetysourcefire.ca\\\/shop\\\/\"},{\"@type\":\"ListItem\",\"position\":3,\"name\":\"Attack\u2122 Digital Nozzle and Weighted Hose Line\"}]},{\"@type\":\"WebSite\",\"@id\":\"https:\\\/\\\/safetysourcefire.ca\\\/#website\",\"url\":\"https:\\\/\\\/safetysourcefire.ca\\\/\",\"name\":\"Safety Source Fire\",\"description\":\"\",\"publisher\":{\"@id\":\"https:\\\/\\\/safetysourcefire.ca\\\/#organization\"},\"potentialAction\":[{\"@type\":\"SearchAction\",\"target\":{\"@type\":\"EntryPoint\",\"urlTemplate\":\"https:\\\/\\\/safetysourcefire.ca\\\/?s={search_term_string}\"},\"query-input\":{\"@type\":\"PropertyValueSpecification\",\"valueRequired\":true,\"valueName\":\"search_term_string\"}}],\"inLanguage\":\"fr-CA\"},{\"@type\":\"Organization\",\"@id\":\"https:\\\/\\\/safetysourcefire.ca\\\/#organization\",\"name\":\"Safety Source Fire\",\"url\":\"https:\\\/\\\/safetysourcefire.ca\\\/\",\"logo\":{\"@type\":\"ImageObject\",\"inLanguage\":\"fr-CA\",\"@id\":\"https:\\\/\\\/safetysourcefire.ca\\\/#\\\/schema\\\/logo\\\/image\\\/\",\"url\":\"https:\\\/\\\/safetysourcefire.ca\\\/wp-content\\\/uploads\\\/2021\\\/01\\\/SSF_logo_CC0000-3.png\",\"contentUrl\":\"https:\\\/\\\/safetysourcefire.ca\\\/wp-content\\\/uploads\\\/2021\\\/01\\\/SSF_logo_CC0000-3.png\",\"width\":1107,\"height\":365,\"caption\":\"Safety Source Fire\"},\"image\":{\"@id\":\"https:\\\/\\\/safetysourcefire.ca\\\/#\\\/schema\\\/logo\\\/image\\\/\"},\"sameAs\":[\"https:\\\/\\\/www.facebook.com\\\/mmfssca\",\"https:\\\/\\\/x.com\\\/mmfssca\"]}]}<\/script>\n<!-- \/ Yoast SEO plugin. -->","yoast_head_json":{"title":"Buse num\u00e9rique Attack\u2122 et tuyau lest\u00e9 - Safety Source Fire","robots":{"index":"index","follow":"follow","max-snippet":"max-snippet:-1","max-image-preview":"max-image-preview:large","max-video-preview":"max-video-preview:-1"},"canonical":"https:\/\/safetysourcefire.ca\/fr\/?product=attack-digital-nozzle-and-weighted-hose-line","og_locale":"fr_CA","og_type":"article","og_title":"Attack\u2122 Digital Nozzle and Weighted Hose Line - Safety Source Fire","og_description":"Train without flowing water","og_url":"https:\/\/safetysourcefire.ca\/fr\/?product=attack-digital-nozzle-and-weighted-hose-line","og_site_name":"Safety Source Fire","article_publisher":"https:\/\/www.facebook.com\/mmfssca","article_modified_time":"2021-10-29T15:06:49+00:00","og_image":[{"width":600,"height":600,"url":"https:\/\/safetysourcefire.ca\/wp-content\/uploads\/2021\/04\/digital-nozzle_IMG_8119-min.jpg","type":"image\/jpeg"}],"twitter_card":"summary_large_image","twitter_site":"@mmfssca","twitter_misc":{"Estimation du temps de lecture":"2 minutes"},"schema":{"@context":"https:\/\/schema.org","@graph":[{"@type":"WebPage","@id":"https:\/\/safetysourcefire.ca\/?product=attack-digital-nozzle-and-weighted-hose-line","url":"https:\/\/safetysourcefire.ca\/?product=attack-digital-nozzle-and-weighted-hose-line","name":"Buse num\u00e9rique Attack\u2122 et tuyau lest\u00e9 - Safety Source Fire","isPartOf":{"@id":"https:\/\/safetysourcefire.ca\/#website"},"primaryImageOfPage":{"@id":"https:\/\/safetysourcefire.ca\/?product=attack-digital-nozzle-and-weighted-hose-line#primaryimage"},"image":{"@id":"https:\/\/safetysourcefire.ca\/?product=attack-digital-nozzle-and-weighted-hose-line#primaryimage"},"thumbnailUrl":"https:\/\/safetysourcefire.ca\/wp-content\/uploads\/2021\/04\/digital-nozzle_IMG_8119-min.jpg","datePublished":"2021-04-26T21:09:35+00:00","dateModified":"2021-10-29T15:06:49+00:00","breadcrumb":{"@id":"https:\/\/safetysourcefire.ca\/?product=attack-digital-nozzle-and-weighted-hose-line#breadcrumb"},"inLanguage":"fr-CA","potentialAction":[{"@type":"ReadAction","target":["https:\/\/safetysourcefire.ca\/?product=attack-digital-nozzle-and-weighted-hose-line"]}]},{"@type":"ImageObject","inLanguage":"fr-CA","@id":"https:\/\/safetysourcefire.ca\/?product=attack-digital-nozzle-and-weighted-hose-line#primaryimage","url":"https:\/\/safetysourcefire.ca\/wp-content\/uploads\/2021\/04\/digital-nozzle_IMG_8119-min.jpg","contentUrl":"https:\/\/safetysourcefire.ca\/wp-content\/uploads\/2021\/04\/digital-nozzle_IMG_8119-min.jpg","width":600,"height":600,"caption":"digital nozzle in use"},{"@type":"BreadcrumbList","@id":"https:\/\/safetysourcefire.ca\/?product=attack-digital-nozzle-and-weighted-hose-line#breadcrumb","itemListElement":[{"@type":"ListItem","position":1,"name":"Home","item":"https:\/\/safetysourcefire.ca\/"},{"@type":"ListItem","position":2,"name":"Products","item":"https:\/\/safetysourcefire.ca\/shop\/"},{"@type":"ListItem","position":3,"name":"Attack\u2122 Digital Nozzle and Weighted Hose Line"}]},{"@type":"WebSite","@id":"https:\/\/safetysourcefire.ca\/#website","url":"https:\/\/safetysourcefire.ca\/","name":"Safety Source Fire","description":"","publisher":{"@id":"https:\/\/safetysourcefire.ca\/#organization"},"potentialAction":[{"@type":"SearchAction","target":{"@type":"EntryPoint","urlTemplate":"https:\/\/safetysourcefire.ca\/?s={search_term_string}"},"query-input":{"@type":"PropertyValueSpecification","valueRequired":true,"valueName":"search_term_string"}}],"inLanguage":"fr-CA"},{"@type":"Organization","@id":"https:\/\/safetysourcefire.ca\/#organization","name":"Safety Source Fire","url":"https:\/\/safetysourcefire.ca\/","logo":{"@type":"ImageObject","inLanguage":"fr-CA","@id":"https:\/\/safetysourcefire.ca\/#\/schema\/logo\/image\/","url":"https:\/\/safetysourcefire.ca\/wp-content\/uploads\/2021\/01\/SSF_logo_CC0000-3.png","contentUrl":"https:\/\/safetysourcefire.ca\/wp-content\/uploads\/2021\/01\/SSF_logo_CC0000-3.png","width":1107,"height":365,"caption":"Safety Source Fire"},"image":{"@id":"https:\/\/safetysourcefire.ca\/#\/schema\/logo\/image\/"},"sameAs":["https:\/\/www.facebook.com\/mmfssca","https:\/\/x.com\/mmfssca"]}]}},"_links":{"self":[{"href":"https:\/\/safetysourcefire.ca\/fr\/wp-json\/wp\/v2\/product\/25393","targetHints":{"allow":["GET"]}}],"collection":[{"href":"https:\/\/safetysourcefire.ca\/fr\/wp-json\/wp\/v2\/product"}],"about":[{"href":"https:\/\/safetysourcefire.ca\/fr\/wp-json\/wp\/v2\/types\/product"}],"wp:featuredmedia":[{"embeddable":true,"href":"https:\/\/safetysourcefire.ca\/fr\/wp-json\/wp\/v2\/media\/25395"}],"wp:attachment":[{"href":"https:\/\/safetysourcefire.ca\/fr\/wp-json\/wp\/v2\/media?parent=25393"}],"wp:term":[{"taxonomy":"product_brand","embeddable":true,"href":"https:\/\/safetysourcefire.ca\/fr\/wp-json\/wp\/v2\/product_brand?post=25393"},{"taxonomy":"product_cat","embeddable":true,"href":"https:\/\/safetysourcefire.ca\/fr\/wp-json\/wp\/v2\/product_cat?post=25393"},{"taxonomy":"product_tag","embeddable":true,"href":"https:\/\/safetysourcefire.ca\/fr\/wp-json\/wp\/v2\/product_tag?post=25393"}],"curies":[{"name":"wp","href":"https:\/\/api.w.org\/{rel}","templated":true}]}}