{"id":25441,"date":"2021-04-30T17:16:42","date_gmt":"2021-04-30T17:16:42","guid":{"rendered":"https:\/\/safetysourcefire.ca\/?post_type=product&#038;p=25441"},"modified":"2021-04-30T18:33:49","modified_gmt":"2021-04-30T18:33:49","slug":"usar-kits","status":"publish","type":"product","link":"https:\/\/safetysourcefire.ca\/fr\/produit\/usar-kits\/","title":{"rendered":"Trousses US&amp;R"},"content":{"rendered":"<p>Une trousse compl\u00e8te \u00e0 votre disposition:<\/p>\n<p>Paratech vous propose deux ensembles US&amp;R: \n1- Syst\u00e8me de support de sauvetage l\u00e9ger US&amp;R\n\n2-Syst\u00e8me d'assistance au sauvetage US&amp;R.\n\nLes deux trousses US&amp;R sont con\u00e7ues pour vous aider \u00e0 construire une grande vari\u00e9t\u00e9 de rives structurelles, y compris des rives en T, des rives horizontales, des rives verticales, des r\u00e2teaux, des rives de fen\u00eatre et m\u00eame plus, y compris des supports de murs transverses. Les trousses US&amp;R contiennent \u00e9galement tout l'\u00e9quipement n\u00e9cessaire pour soutenir des extensions pneumatiques et contiennent des indicateurs de charge pour surveiller tout changement ou mouvement dans les zones c\u00f4ti\u00e8res.<\/p>\n<p>Syst\u00e8me de support de sauvetage l\u00e9ger US&amp;R<\/p>\n<ul>\n<li>Ce syst\u00e8me permet au sauveteur de faire face \u00e0 la plupart des sc\u00e9narios d'effondrement structurel. Le syst\u00e8me comprend (1) un r\u00e2teau de 6 pi, de nombreuses lattes de support ainsi que les composantes de sauvetage qui sont n\u00e9cessaire \u00e0 toute \u00e9quipe de service d'incendie cherchant \u00e0 \u00eatre plus impliqu\u00e9e dans les incidents d'effondrement structurel.<\/li>\n<\/ul>\n<p>Syst\u00e8me d&#039;assistance au sauvetage US&amp;R<\/p>\n<ul>\n<li>Le syst\u00e8me US&amp;R Rescue Strut est l'un des syst\u00e8mes d'effondrement structurel les plus complets disponibles sur le march\u00e9. La trousse \u00e9t\u00e9 standardis\u00e9e et approuv\u00e9e par les \u00e9quipes FEMA US&amp;R. Pour toute \u00e9quipe professionnelle en recherche &amp; sauvetage urbain, c'est un incontournable. Le syst\u00e8me comprend (2) ensembles de r\u00e2teaux de 6 pi et de nombreuses lattes de support en plus des composantes de sauvetage n\u00e9cessaires \u00e0 la gestion de presque toutes les catastrophes auxquelles les sauveteurs sont confront\u00e9es.<\/li>\n<\/ul>\n<p><a href=\"https:\/\/safetysourcefire.ca\/wp-content\/uploads\/2021\/04\/USAR-Kits-Brochure.pdf\">T\u00e9l\u00e9charger la brochure des trousses USAR<\/a><\/p>\n<p>&nbsp;<\/p>\n<p><iframe loading=\"lazy\" title=\"Pr\u00e9sentation du syst\u00e8me Paratech Raker (RSS)\" width=\"980\" height=\"735\" src=\"https:\/\/www.youtube.com\/embed\/FT9SRnqJyPk?feature=oembed&#038;enablejsapi=1&#038;origin=https:\/\/safetysourcefire.ca\" frameborder=\"0\" allow=\"accelerometer; autoplay; clipboard-write; encrypted-media; gyroscope; picture-in-picture\" allowfullscreen><\/iframe><\/p>","protected":false},"excerpt":{"rendered":"<p>Ensemble USAR complet (tout en un)<\/p>","protected":false},"featured_media":25447,"template":"","meta":[],"product_brand":[152],"product_cat":[462,464,465,51,133],"product_tag":[328,519],"class_list":{"0":"post-25441","1":"product","2":"type-product","3":"status-publish","4":"has-post-thumbnail","6":"product_brand-paratech","7":"product_cat-emergency-preparedness","8":"product_cat-flood","9":"product_cat-hurricane","10":"product_cat-rescue","11":"product_cat-stabilization-shoring","12":"product_tag-paratech","13":"product_tag-urban-search-and-rescue","15":"first","16":"instock","17":"shipping-taxable","18":"product-type-simple"},"yoast_head":"<!-- This site is optimized with the Yoast SEO plugin v27.4 - https:\/\/yoast.com\/product\/yoast-seo-wordpress\/ -->\n<title>USAR Kits - Safety Source Fire<\/title>\n<meta name=\"robots\" content=\"index, follow, max-snippet:-1, max-image-preview:large, max-video-preview:-1\" \/>\n<link rel=\"canonical\" href=\"https:\/\/safetysourcefire.ca\/fr\/produit\/usar-kits\/\" \/>\n<meta property=\"og:locale\" content=\"fr_CA\" \/>\n<meta property=\"og:type\" content=\"article\" \/>\n<meta property=\"og:title\" content=\"USAR Kits - Safety Source Fire\" \/>\n<meta property=\"og:description\" content=\"Complete USAR Shoring in One Package\" \/>\n<meta property=\"og:url\" content=\"https:\/\/safetysourcefire.ca\/fr\/produit\/usar-kits\/\" \/>\n<meta property=\"og:site_name\" content=\"Safety Source Fire\" \/>\n<meta property=\"article:publisher\" content=\"https:\/\/www.facebook.com\/mmfssca\" \/>\n<meta property=\"article:modified_time\" content=\"2021-04-30T18:33:49+00:00\" \/>\n<meta property=\"og:image\" content=\"https:\/\/safetysourcefire.ca\/wp-content\/uploads\/2021\/04\/22-796901-Light-USAR-Kit-1152x692-1.jpg\" \/>\n\t<meta property=\"og:image:width\" content=\"600\" \/>\n\t<meta property=\"og:image:height\" content=\"600\" \/>\n\t<meta property=\"og:image:type\" content=\"image\/jpeg\" \/>\n<meta name=\"twitter:card\" content=\"summary_large_image\" \/>\n<meta name=\"twitter:site\" content=\"@mmfssca\" \/>\n<meta name=\"twitter:label1\" content=\"Estimation du temps de lecture\" \/>\n\t<meta name=\"twitter:data1\" content=\"1 minute\" \/>\n<script type=\"application\/ld+json\" class=\"yoast-schema-graph\">{\"@context\":\"https:\\\/\\\/schema.org\",\"@graph\":[{\"@type\":\"WebPage\",\"@id\":\"https:\\\/\\\/safetysourcefire.ca\\\/product\\\/usar-kits\\\/\",\"url\":\"https:\\\/\\\/safetysourcefire.ca\\\/product\\\/usar-kits\\\/\",\"name\":\"USAR Kits - Safety Source Fire\",\"isPartOf\":{\"@id\":\"https:\\\/\\\/safetysourcefire.ca\\\/#website\"},\"primaryImageOfPage\":{\"@id\":\"https:\\\/\\\/safetysourcefire.ca\\\/product\\\/usar-kits\\\/#primaryimage\"},\"image\":{\"@id\":\"https:\\\/\\\/safetysourcefire.ca\\\/product\\\/usar-kits\\\/#primaryimage\"},\"thumbnailUrl\":\"https:\\\/\\\/safetysourcefire.ca\\\/wp-content\\\/uploads\\\/2021\\\/04\\\/22-796901-Light-USAR-Kit-1152x692-1.jpg\",\"datePublished\":\"2021-04-30T17:16:42+00:00\",\"dateModified\":\"2021-04-30T18:33:49+00:00\",\"breadcrumb\":{\"@id\":\"https:\\\/\\\/safetysourcefire.ca\\\/product\\\/usar-kits\\\/#breadcrumb\"},\"inLanguage\":\"fr-CA\",\"potentialAction\":[{\"@type\":\"ReadAction\",\"target\":[\"https:\\\/\\\/safetysourcefire.ca\\\/product\\\/usar-kits\\\/\"]}]},{\"@type\":\"ImageObject\",\"inLanguage\":\"fr-CA\",\"@id\":\"https:\\\/\\\/safetysourcefire.ca\\\/product\\\/usar-kits\\\/#primaryimage\",\"url\":\"https:\\\/\\\/safetysourcefire.ca\\\/wp-content\\\/uploads\\\/2021\\\/04\\\/22-796901-Light-USAR-Kit-1152x692-1.jpg\",\"contentUrl\":\"https:\\\/\\\/safetysourcefire.ca\\\/wp-content\\\/uploads\\\/2021\\\/04\\\/22-796901-Light-USAR-Kit-1152x692-1.jpg\",\"width\":600,\"height\":600,\"caption\":\"USAR kit\"},{\"@type\":\"BreadcrumbList\",\"@id\":\"https:\\\/\\\/safetysourcefire.ca\\\/product\\\/usar-kits\\\/#breadcrumb\",\"itemListElement\":[{\"@type\":\"ListItem\",\"position\":1,\"name\":\"Home\",\"item\":\"https:\\\/\\\/safetysourcefire.ca\\\/\"},{\"@type\":\"ListItem\",\"position\":2,\"name\":\"Products\",\"item\":\"https:\\\/\\\/safetysourcefire.ca\\\/shop\\\/\"},{\"@type\":\"ListItem\",\"position\":3,\"name\":\"USAR Kits\"}]},{\"@type\":\"WebSite\",\"@id\":\"https:\\\/\\\/safetysourcefire.ca\\\/#website\",\"url\":\"https:\\\/\\\/safetysourcefire.ca\\\/\",\"name\":\"Safety Source Fire\",\"description\":\"\",\"publisher\":{\"@id\":\"https:\\\/\\\/safetysourcefire.ca\\\/#organization\"},\"potentialAction\":[{\"@type\":\"SearchAction\",\"target\":{\"@type\":\"EntryPoint\",\"urlTemplate\":\"https:\\\/\\\/safetysourcefire.ca\\\/?s={search_term_string}\"},\"query-input\":{\"@type\":\"PropertyValueSpecification\",\"valueRequired\":true,\"valueName\":\"search_term_string\"}}],\"inLanguage\":\"fr-CA\"},{\"@type\":\"Organization\",\"@id\":\"https:\\\/\\\/safetysourcefire.ca\\\/#organization\",\"name\":\"Safety Source Fire\",\"url\":\"https:\\\/\\\/safetysourcefire.ca\\\/\",\"logo\":{\"@type\":\"ImageObject\",\"inLanguage\":\"fr-CA\",\"@id\":\"https:\\\/\\\/safetysourcefire.ca\\\/#\\\/schema\\\/logo\\\/image\\\/\",\"url\":\"https:\\\/\\\/safetysourcefire.ca\\\/wp-content\\\/uploads\\\/2021\\\/01\\\/SSF_logo_CC0000-3.png\",\"contentUrl\":\"https:\\\/\\\/safetysourcefire.ca\\\/wp-content\\\/uploads\\\/2021\\\/01\\\/SSF_logo_CC0000-3.png\",\"width\":1107,\"height\":365,\"caption\":\"Safety Source Fire\"},\"image\":{\"@id\":\"https:\\\/\\\/safetysourcefire.ca\\\/#\\\/schema\\\/logo\\\/image\\\/\"},\"sameAs\":[\"https:\\\/\\\/www.facebook.com\\\/mmfssca\",\"https:\\\/\\\/x.com\\\/mmfssca\"]}]}<\/script>\n<!-- \/ Yoast SEO plugin. -->","yoast_head_json":{"title":"Kits USAR - Incendie de source de s\u00e9curit\u00e9","robots":{"index":"index","follow":"follow","max-snippet":"max-snippet:-1","max-image-preview":"max-image-preview:large","max-video-preview":"max-video-preview:-1"},"canonical":"https:\/\/safetysourcefire.ca\/fr\/produit\/usar-kits\/","og_locale":"fr_CA","og_type":"article","og_title":"USAR Kits - Safety Source Fire","og_description":"Complete USAR Shoring in One Package","og_url":"https:\/\/safetysourcefire.ca\/fr\/produit\/usar-kits\/","og_site_name":"Safety Source Fire","article_publisher":"https:\/\/www.facebook.com\/mmfssca","article_modified_time":"2021-04-30T18:33:49+00:00","og_image":[{"width":600,"height":600,"url":"https:\/\/safetysourcefire.ca\/wp-content\/uploads\/2021\/04\/22-796901-Light-USAR-Kit-1152x692-1.jpg","type":"image\/jpeg"}],"twitter_card":"summary_large_image","twitter_site":"@mmfssca","twitter_misc":{"Estimation du temps de lecture":"1 minute"},"schema":{"@context":"https:\/\/schema.org","@graph":[{"@type":"WebPage","@id":"https:\/\/safetysourcefire.ca\/product\/usar-kits\/","url":"https:\/\/safetysourcefire.ca\/product\/usar-kits\/","name":"Kits USAR - Incendie de source de s\u00e9curit\u00e9","isPartOf":{"@id":"https:\/\/safetysourcefire.ca\/#website"},"primaryImageOfPage":{"@id":"https:\/\/safetysourcefire.ca\/product\/usar-kits\/#primaryimage"},"image":{"@id":"https:\/\/safetysourcefire.ca\/product\/usar-kits\/#primaryimage"},"thumbnailUrl":"https:\/\/safetysourcefire.ca\/wp-content\/uploads\/2021\/04\/22-796901-Light-USAR-Kit-1152x692-1.jpg","datePublished":"2021-04-30T17:16:42+00:00","dateModified":"2021-04-30T18:33:49+00:00","breadcrumb":{"@id":"https:\/\/safetysourcefire.ca\/product\/usar-kits\/#breadcrumb"},"inLanguage":"fr-CA","potentialAction":[{"@type":"ReadAction","target":["https:\/\/safetysourcefire.ca\/product\/usar-kits\/"]}]},{"@type":"ImageObject","inLanguage":"fr-CA","@id":"https:\/\/safetysourcefire.ca\/product\/usar-kits\/#primaryimage","url":"https:\/\/safetysourcefire.ca\/wp-content\/uploads\/2021\/04\/22-796901-Light-USAR-Kit-1152x692-1.jpg","contentUrl":"https:\/\/safetysourcefire.ca\/wp-content\/uploads\/2021\/04\/22-796901-Light-USAR-Kit-1152x692-1.jpg","width":600,"height":600,"caption":"USAR kit"},{"@type":"BreadcrumbList","@id":"https:\/\/safetysourcefire.ca\/product\/usar-kits\/#breadcrumb","itemListElement":[{"@type":"ListItem","position":1,"name":"Home","item":"https:\/\/safetysourcefire.ca\/"},{"@type":"ListItem","position":2,"name":"Products","item":"https:\/\/safetysourcefire.ca\/shop\/"},{"@type":"ListItem","position":3,"name":"USAR Kits"}]},{"@type":"WebSite","@id":"https:\/\/safetysourcefire.ca\/#website","url":"https:\/\/safetysourcefire.ca\/","name":"Safety Source Fire","description":"","publisher":{"@id":"https:\/\/safetysourcefire.ca\/#organization"},"potentialAction":[{"@type":"SearchAction","target":{"@type":"EntryPoint","urlTemplate":"https:\/\/safetysourcefire.ca\/?s={search_term_string}"},"query-input":{"@type":"PropertyValueSpecification","valueRequired":true,"valueName":"search_term_string"}}],"inLanguage":"fr-CA"},{"@type":"Organization","@id":"https:\/\/safetysourcefire.ca\/#organization","name":"Safety Source Fire","url":"https:\/\/safetysourcefire.ca\/","logo":{"@type":"ImageObject","inLanguage":"fr-CA","@id":"https:\/\/safetysourcefire.ca\/#\/schema\/logo\/image\/","url":"https:\/\/safetysourcefire.ca\/wp-content\/uploads\/2021\/01\/SSF_logo_CC0000-3.png","contentUrl":"https:\/\/safetysourcefire.ca\/wp-content\/uploads\/2021\/01\/SSF_logo_CC0000-3.png","width":1107,"height":365,"caption":"Safety Source Fire"},"image":{"@id":"https:\/\/safetysourcefire.ca\/#\/schema\/logo\/image\/"},"sameAs":["https:\/\/www.facebook.com\/mmfssca","https:\/\/x.com\/mmfssca"]}]}},"_links":{"self":[{"href":"https:\/\/safetysourcefire.ca\/fr\/wp-json\/wp\/v2\/product\/25441","targetHints":{"allow":["GET"]}}],"collection":[{"href":"https:\/\/safetysourcefire.ca\/fr\/wp-json\/wp\/v2\/product"}],"about":[{"href":"https:\/\/safetysourcefire.ca\/fr\/wp-json\/wp\/v2\/types\/product"}],"wp:featuredmedia":[{"embeddable":true,"href":"https:\/\/safetysourcefire.ca\/fr\/wp-json\/wp\/v2\/media\/25447"}],"wp:attachment":[{"href":"https:\/\/safetysourcefire.ca\/fr\/wp-json\/wp\/v2\/media?parent=25441"}],"wp:term":[{"taxonomy":"product_brand","embeddable":true,"href":"https:\/\/safetysourcefire.ca\/fr\/wp-json\/wp\/v2\/product_brand?post=25441"},{"taxonomy":"product_cat","embeddable":true,"href":"https:\/\/safetysourcefire.ca\/fr\/wp-json\/wp\/v2\/product_cat?post=25441"},{"taxonomy":"product_tag","embeddable":true,"href":"https:\/\/safetysourcefire.ca\/fr\/wp-json\/wp\/v2\/product_tag?post=25441"}],"curies":[{"name":"wp","href":"https:\/\/api.w.org\/{rel}","templated":true}]}}