{"id":25492,"date":"2021-05-12T19:57:10","date_gmt":"2021-05-12T19:57:10","guid":{"rendered":"https:\/\/safetysourcefire.ca\/?post_type=product&#038;p=25492"},"modified":"2024-08-16T12:58:08","modified_gmt":"2024-08-16T12:58:08","slug":"rinse-station-and-staging-accessory","status":"publish","type":"product","link":"https:\/\/safetysourcefire.ca\/fr\/produit\/rinse-station-and-staging-accessory\/","title":{"rendered":"Station de rin\u00e7age et de mise en place"},"content":{"rendered":"<p>La station de rin\u00e7age Ram Air et son accessoire de maintien permet de retenir  solidement une combinaison sur un s\u00e9choir \u00e0 engrenages T4-IHT en position verticale pour un rin\u00e7age et une d\u00e9contamination faciles des \u00e9quipements qui ne peuvent pas \u00eatre lav\u00e9s dans une laveuse m\u00e9canique. Cet accessoire est particuli\u00e8rement utile pour la d\u00e9contamination de l'\u00e9quipement d'op\u00e9rations sp\u00e9ciales, y compris les combinaisons de survie, les combinaisons d'immersion, les combinaisons de protection contre les mati\u00e8res dangereuses et l'\u00e9quipement de glace et de plong\u00e9e. Apr\u00e8s le nettoyage, le stickman habill\u00e9 peut \u00eatre facilement transf\u00e9r\u00e9 au s\u00e9choir \u00e0 engrenages T4-IHT sans autre manipulation de l'\u00e9quipement. Cet accessoire de d\u00e9contamination du mat\u00e9riel de pompier peut \u00e9galement \u00eatre utilis\u00e9 pour mettre en sc\u00e8ne le mat\u00e9riel lorsque les besoins de s\u00e9chage du mat\u00e9riel d\u00e9passent la capacit\u00e9 du s\u00e9choir \u00e0 mat\u00e9riel. Son design compact lui permet de se plier facilement lorsqu'il n'est pas utilis\u00e9. La station de rin\u00e7age peut \u00eatre command\u00e9e en tant que base uniquement ou en tant que combinaison comprenant \u00e0 la fois la base et un ''stickman''. Des mannequins (stickman) suppl\u00e9mentaires peuvent \u00e9galement \u00eatre command\u00e9s s\u00e9par\u00e9ment.<\/p>\n<p>CARACT\u00c9RISTIQUES PRINCIPALES:<\/p>\n<ul>\n<li>Construction en acier solide<\/li>\n<li>Peinture en poudre<\/li>\n<li>Curseurs en t\u00e9flon pour installation\/rangement faciles<\/li>\n<li>Aucun assemblage requis<\/li>\n<li>Auto-videur<\/li>\n<li>Pattes pare-chocs en caoutchouc pour traction solide sur le sol<\/li>\n<li>Dimensions ouvertes : 36,5 &quot;x 46,25&quot; x 7,5&quot;<\/li>\n<\/ul>\n<p><a href=\"https:\/\/www.ramairgeardryer.com\/wp-content\/uploads\/2017\/08\/RamAirRinseStationFlyer.04-15.pdf\" target=\"_blank\" rel=\"noopener\">T\u00e9l\u00e9charger la brochure produit<\/a><\/p>\n<div style=\"width: 640px;\" class=\"wp-video\"><video class=\"wp-video-shortcode\" id=\"video-25492-1\" width=\"640\" height=\"360\" preload=\"metadata\" controls=\"controls\"><source type=\"video\/mp4\" src=\"https:\/\/www.ramairgeardryer.com\/wp-content\/uploads\/2018\/01\/RamAir-SD.mp4?_=1\" \/><a href=\"https:\/\/www.ramairgeardryer.com\/wp-content\/uploads\/2018\/01\/RamAir-SD.mp4\">https:\/\/www.ramairgeardryer.com\/wp-content\/uploads\/2018\/01\/RamAir-SD.mp4<\/a><\/video><\/div>","protected":false},"excerpt":{"rendered":"<p><strong>Prix de liquidation $250.<\/strong><\/p>\n<p><em>Quantit\u00e9 disponible : 1. Veuillez noter : les ventes d&#039;articles en liquidation sont finales ; aucun \u00e9change ni retour.<\/em><\/p>","protected":false},"featured_media":25494,"template":"","meta":[],"product_brand":[242],"product_cat":[43,50,127],"product_tag":[523],"class_list":{"0":"post-25492","1":"product","2":"type-product","3":"status-publish","4":"has-post-thumbnail","6":"product_brand-ram-air-gear-dryer","7":"product_cat-clearance","8":"product_cat-personal-protective-equipment","9":"product_cat-washers-dryers","10":"product_tag-ram-air","12":"first","13":"instock","14":"shipping-taxable","15":"product-type-simple"},"yoast_head":"<!-- This site is optimized with the Yoast SEO plugin v27.4 - https:\/\/yoast.com\/product\/yoast-seo-wordpress\/ -->\n<title>Rinse Station and Staging Accessory - Safety Source Fire<\/title>\n<meta name=\"robots\" content=\"index, follow, max-snippet:-1, max-image-preview:large, max-video-preview:-1\" \/>\n<link rel=\"canonical\" href=\"https:\/\/safetysourcefire.ca\/fr\/?product=rinse-station-and-staging-accessory\" \/>\n<meta property=\"og:locale\" content=\"fr_CA\" \/>\n<meta property=\"og:type\" content=\"article\" \/>\n<meta property=\"og:title\" content=\"Rinse Station and Staging Accessory - Safety Source Fire\" \/>\n<meta property=\"og:description\" content=\"Clearance Price $250.  Quantity available: 1. Please note: Clearance item sales are final; no exchanges or returns.\" \/>\n<meta property=\"og:url\" content=\"https:\/\/safetysourcefire.ca\/fr\/?product=rinse-station-and-staging-accessory\" \/>\n<meta property=\"og:site_name\" content=\"Safety Source Fire\" \/>\n<meta property=\"article:publisher\" content=\"https:\/\/www.facebook.com\/mmfssca\" \/>\n<meta property=\"article:modified_time\" content=\"2024-08-16T12:58:08+00:00\" \/>\n<meta property=\"og:image\" content=\"https:\/\/safetysourcefire.ca\/wp-content\/uploads\/2021\/05\/RS-BSTK_dressed.jpg\" \/>\n\t<meta property=\"og:image:width\" content=\"600\" \/>\n\t<meta property=\"og:image:height\" content=\"600\" \/>\n\t<meta property=\"og:image:type\" content=\"image\/jpeg\" \/>\n<meta name=\"twitter:card\" content=\"summary_large_image\" \/>\n<meta name=\"twitter:site\" content=\"@mmfssca\" \/>\n<meta name=\"twitter:label1\" content=\"Estimation du temps de lecture\" \/>\n\t<meta name=\"twitter:data1\" content=\"1 minute\" \/>\n<script type=\"application\/ld+json\" class=\"yoast-schema-graph\">{\"@context\":\"https:\\\/\\\/schema.org\",\"@graph\":[{\"@type\":\"WebPage\",\"@id\":\"https:\\\/\\\/safetysourcefire.ca\\\/?product=rinse-station-and-staging-accessory\",\"url\":\"https:\\\/\\\/safetysourcefire.ca\\\/?product=rinse-station-and-staging-accessory\",\"name\":\"Rinse Station and Staging Accessory - Safety Source Fire\",\"isPartOf\":{\"@id\":\"https:\\\/\\\/safetysourcefire.ca\\\/#website\"},\"primaryImageOfPage\":{\"@id\":\"https:\\\/\\\/safetysourcefire.ca\\\/?product=rinse-station-and-staging-accessory#primaryimage\"},\"image\":{\"@id\":\"https:\\\/\\\/safetysourcefire.ca\\\/?product=rinse-station-and-staging-accessory#primaryimage\"},\"thumbnailUrl\":\"https:\\\/\\\/safetysourcefire.ca\\\/wp-content\\\/uploads\\\/2021\\\/05\\\/RS-BSTK_dressed.jpg\",\"datePublished\":\"2021-05-12T19:57:10+00:00\",\"dateModified\":\"2024-08-16T12:58:08+00:00\",\"breadcrumb\":{\"@id\":\"https:\\\/\\\/safetysourcefire.ca\\\/?product=rinse-station-and-staging-accessory#breadcrumb\"},\"inLanguage\":\"fr-CA\",\"potentialAction\":[{\"@type\":\"ReadAction\",\"target\":[\"https:\\\/\\\/safetysourcefire.ca\\\/?product=rinse-station-and-staging-accessory\"]}]},{\"@type\":\"ImageObject\",\"inLanguage\":\"fr-CA\",\"@id\":\"https:\\\/\\\/safetysourcefire.ca\\\/?product=rinse-station-and-staging-accessory#primaryimage\",\"url\":\"https:\\\/\\\/safetysourcefire.ca\\\/wp-content\\\/uploads\\\/2021\\\/05\\\/RS-BSTK_dressed.jpg\",\"contentUrl\":\"https:\\\/\\\/safetysourcefire.ca\\\/wp-content\\\/uploads\\\/2021\\\/05\\\/RS-BSTK_dressed.jpg\",\"width\":600,\"height\":600,\"caption\":\"rinse station\"},{\"@type\":\"BreadcrumbList\",\"@id\":\"https:\\\/\\\/safetysourcefire.ca\\\/?product=rinse-station-and-staging-accessory#breadcrumb\",\"itemListElement\":[{\"@type\":\"ListItem\",\"position\":1,\"name\":\"Home\",\"item\":\"https:\\\/\\\/safetysourcefire.ca\\\/\"},{\"@type\":\"ListItem\",\"position\":2,\"name\":\"Products\",\"item\":\"https:\\\/\\\/safetysourcefire.ca\\\/shop\\\/\"},{\"@type\":\"ListItem\",\"position\":3,\"name\":\"Rinse Station and Staging Accessory\"}]},{\"@type\":\"WebSite\",\"@id\":\"https:\\\/\\\/safetysourcefire.ca\\\/#website\",\"url\":\"https:\\\/\\\/safetysourcefire.ca\\\/\",\"name\":\"Safety Source Fire\",\"description\":\"\",\"publisher\":{\"@id\":\"https:\\\/\\\/safetysourcefire.ca\\\/#organization\"},\"potentialAction\":[{\"@type\":\"SearchAction\",\"target\":{\"@type\":\"EntryPoint\",\"urlTemplate\":\"https:\\\/\\\/safetysourcefire.ca\\\/?s={search_term_string}\"},\"query-input\":{\"@type\":\"PropertyValueSpecification\",\"valueRequired\":true,\"valueName\":\"search_term_string\"}}],\"inLanguage\":\"fr-CA\"},{\"@type\":\"Organization\",\"@id\":\"https:\\\/\\\/safetysourcefire.ca\\\/#organization\",\"name\":\"Safety Source Fire\",\"url\":\"https:\\\/\\\/safetysourcefire.ca\\\/\",\"logo\":{\"@type\":\"ImageObject\",\"inLanguage\":\"fr-CA\",\"@id\":\"https:\\\/\\\/safetysourcefire.ca\\\/#\\\/schema\\\/logo\\\/image\\\/\",\"url\":\"https:\\\/\\\/safetysourcefire.ca\\\/wp-content\\\/uploads\\\/2021\\\/01\\\/SSF_logo_CC0000-3.png\",\"contentUrl\":\"https:\\\/\\\/safetysourcefire.ca\\\/wp-content\\\/uploads\\\/2021\\\/01\\\/SSF_logo_CC0000-3.png\",\"width\":1107,\"height\":365,\"caption\":\"Safety Source Fire\"},\"image\":{\"@id\":\"https:\\\/\\\/safetysourcefire.ca\\\/#\\\/schema\\\/logo\\\/image\\\/\"},\"sameAs\":[\"https:\\\/\\\/www.facebook.com\\\/mmfssca\",\"https:\\\/\\\/x.com\\\/mmfssca\"]}]}<\/script>\n<!-- \/ Yoast SEO plugin. -->","yoast_head_json":{"title":"Station de rin\u00e7age et accessoire de mise en sc\u00e8ne - Incendie de source de s\u00e9curit\u00e9","robots":{"index":"index","follow":"follow","max-snippet":"max-snippet:-1","max-image-preview":"max-image-preview:large","max-video-preview":"max-video-preview:-1"},"canonical":"https:\/\/safetysourcefire.ca\/fr\/?product=rinse-station-and-staging-accessory","og_locale":"fr_CA","og_type":"article","og_title":"Rinse Station and Staging Accessory - Safety Source Fire","og_description":"Clearance Price $250.  Quantity available: 1. Please note: Clearance item sales are final; no exchanges or returns.","og_url":"https:\/\/safetysourcefire.ca\/fr\/?product=rinse-station-and-staging-accessory","og_site_name":"Safety Source Fire","article_publisher":"https:\/\/www.facebook.com\/mmfssca","article_modified_time":"2024-08-16T12:58:08+00:00","og_image":[{"width":600,"height":600,"url":"https:\/\/safetysourcefire.ca\/wp-content\/uploads\/2021\/05\/RS-BSTK_dressed.jpg","type":"image\/jpeg"}],"twitter_card":"summary_large_image","twitter_site":"@mmfssca","twitter_misc":{"Estimation du temps de lecture":"1 minute"},"schema":{"@context":"https:\/\/schema.org","@graph":[{"@type":"WebPage","@id":"https:\/\/safetysourcefire.ca\/?product=rinse-station-and-staging-accessory","url":"https:\/\/safetysourcefire.ca\/?product=rinse-station-and-staging-accessory","name":"Station de rin\u00e7age et accessoire de mise en sc\u00e8ne - Incendie de source de s\u00e9curit\u00e9","isPartOf":{"@id":"https:\/\/safetysourcefire.ca\/#website"},"primaryImageOfPage":{"@id":"https:\/\/safetysourcefire.ca\/?product=rinse-station-and-staging-accessory#primaryimage"},"image":{"@id":"https:\/\/safetysourcefire.ca\/?product=rinse-station-and-staging-accessory#primaryimage"},"thumbnailUrl":"https:\/\/safetysourcefire.ca\/wp-content\/uploads\/2021\/05\/RS-BSTK_dressed.jpg","datePublished":"2021-05-12T19:57:10+00:00","dateModified":"2024-08-16T12:58:08+00:00","breadcrumb":{"@id":"https:\/\/safetysourcefire.ca\/?product=rinse-station-and-staging-accessory#breadcrumb"},"inLanguage":"fr-CA","potentialAction":[{"@type":"ReadAction","target":["https:\/\/safetysourcefire.ca\/?product=rinse-station-and-staging-accessory"]}]},{"@type":"ImageObject","inLanguage":"fr-CA","@id":"https:\/\/safetysourcefire.ca\/?product=rinse-station-and-staging-accessory#primaryimage","url":"https:\/\/safetysourcefire.ca\/wp-content\/uploads\/2021\/05\/RS-BSTK_dressed.jpg","contentUrl":"https:\/\/safetysourcefire.ca\/wp-content\/uploads\/2021\/05\/RS-BSTK_dressed.jpg","width":600,"height":600,"caption":"rinse station"},{"@type":"BreadcrumbList","@id":"https:\/\/safetysourcefire.ca\/?product=rinse-station-and-staging-accessory#breadcrumb","itemListElement":[{"@type":"ListItem","position":1,"name":"Home","item":"https:\/\/safetysourcefire.ca\/"},{"@type":"ListItem","position":2,"name":"Products","item":"https:\/\/safetysourcefire.ca\/shop\/"},{"@type":"ListItem","position":3,"name":"Rinse Station and Staging Accessory"}]},{"@type":"WebSite","@id":"https:\/\/safetysourcefire.ca\/#website","url":"https:\/\/safetysourcefire.ca\/","name":"Safety Source Fire","description":"","publisher":{"@id":"https:\/\/safetysourcefire.ca\/#organization"},"potentialAction":[{"@type":"SearchAction","target":{"@type":"EntryPoint","urlTemplate":"https:\/\/safetysourcefire.ca\/?s={search_term_string}"},"query-input":{"@type":"PropertyValueSpecification","valueRequired":true,"valueName":"search_term_string"}}],"inLanguage":"fr-CA"},{"@type":"Organization","@id":"https:\/\/safetysourcefire.ca\/#organization","name":"Safety Source Fire","url":"https:\/\/safetysourcefire.ca\/","logo":{"@type":"ImageObject","inLanguage":"fr-CA","@id":"https:\/\/safetysourcefire.ca\/#\/schema\/logo\/image\/","url":"https:\/\/safetysourcefire.ca\/wp-content\/uploads\/2021\/01\/SSF_logo_CC0000-3.png","contentUrl":"https:\/\/safetysourcefire.ca\/wp-content\/uploads\/2021\/01\/SSF_logo_CC0000-3.png","width":1107,"height":365,"caption":"Safety Source Fire"},"image":{"@id":"https:\/\/safetysourcefire.ca\/#\/schema\/logo\/image\/"},"sameAs":["https:\/\/www.facebook.com\/mmfssca","https:\/\/x.com\/mmfssca"]}]}},"_links":{"self":[{"href":"https:\/\/safetysourcefire.ca\/fr\/wp-json\/wp\/v2\/product\/25492","targetHints":{"allow":["GET"]}}],"collection":[{"href":"https:\/\/safetysourcefire.ca\/fr\/wp-json\/wp\/v2\/product"}],"about":[{"href":"https:\/\/safetysourcefire.ca\/fr\/wp-json\/wp\/v2\/types\/product"}],"wp:featuredmedia":[{"embeddable":true,"href":"https:\/\/safetysourcefire.ca\/fr\/wp-json\/wp\/v2\/media\/25494"}],"wp:attachment":[{"href":"https:\/\/safetysourcefire.ca\/fr\/wp-json\/wp\/v2\/media?parent=25492"}],"wp:term":[{"taxonomy":"product_brand","embeddable":true,"href":"https:\/\/safetysourcefire.ca\/fr\/wp-json\/wp\/v2\/product_brand?post=25492"},{"taxonomy":"product_cat","embeddable":true,"href":"https:\/\/safetysourcefire.ca\/fr\/wp-json\/wp\/v2\/product_cat?post=25492"},{"taxonomy":"product_tag","embeddable":true,"href":"https:\/\/safetysourcefire.ca\/fr\/wp-json\/wp\/v2\/product_tag?post=25492"}],"curies":[{"name":"wp","href":"https:\/\/api.w.org\/{rel}","templated":true}]}}