{"id":25501,"date":"2021-05-13T15:34:09","date_gmt":"2021-05-13T15:34:09","guid":{"rendered":"https:\/\/safetysourcefire.ca\/?post_type=product&#038;p=25501"},"modified":"2023-01-09T14:35:06","modified_gmt":"2023-01-09T14:35:06","slug":"redzone-particulate-blocking-hood","status":"publish","type":"product","link":"https:\/\/safetysourcefire.ca\/fr\/produit\/redzone-particulate-blocking-hood\/","title":{"rendered":"Cagoule anti-particules RedZone \u2122"},"content":{"rendered":"<p>LA MEILLEURE PROTECTION EST LA PR\u00c9VENTION<\/p>\n<p>Couverture totale<\/p>\n<ul>\n<li>Certifi\u00e9e conforme \u00e0 la norme NFPA 1971, \u00e9dition 2018, la cagoule RedZone prot\u00e8ge certaines des zones les plus vuln\u00e9rables du corps en bloquant les contaminants.<\/li>\n<\/ul>\n<p>Construction profil\u00e9e \u00e0 deux couches avec la technologie exclusive StedAir\u00ae PREVENT<\/p>\n<ul>\n<li>Con\u00e7u pour permettre une libert\u00e9 de mouvement, une flexibilit\u00e9 et une audition sans obstruction. Fait avec un tissus ultra-doux et r\u00e9sistant aux flammes pour un confort et une protection maximum. Perm\u00e9able \u00e0 l'air pour aider \u00e0 g\u00e9rer la temp\u00e9rature centrale et le stress thermique.<\/li>\n<\/ul>\n<p>Durable et efficace, m\u00eame apr\u00e8s 100 lavages!<\/p>\n<ul>\n<li>Le RedZone maintient son efficacit\u00e9 de blocage des particules m\u00eame apr\u00e8s 100 lavages.<\/li>\n<\/ul>\n<p><a href=\"https:\/\/www.lionprotects.com\/cs\/c\/?cta_guid=d6854e89-ae2f-40d9-829e-9f0b4983926f&amp;signature=AAH58kF7bAnNPGMBjmsG0wzk2fwqE8ZlqQ&amp;pageId=5724400706&amp;placement_guid=dd5a4bc4-59db-4ad4-a48b-860d6a8a309f&amp;click=1f52f5b9-7645-4770-98bd-a6bc8d4763d1&amp;hsutk=d12f911d5883f4ab8ec83423e54b1d3f&amp;canon=https%3A%2F%2Fwww.lionprotects.com%2Fparticulate-blocking-hood-redzone&amp;portal_id=3475623&amp;redirect_url=APefjpGrD1TQooLyXX_KkpesN-WLz2CqZp6MkvSkNwhxBzGFM4CcMH1ziE51jfVj6tKNpDy3_qtCybuRfrEwV6zKxQSnKltuLSLP4Mggl4-nnrrosP8cFAc4q-fXKcImpIaMslbeMsNdpuh5y7hOO4Vx_JxGG5ZigumkuhST1gP9lgMhpswHng-pBNkVrKj2aFSppcDfMg2WEFpss9KQTfYyi7q14PGAexVPDuNHTWVkgXv2bMQ63f0eOKF0kqfUtrY2eJodpD7RsV2UUaV3urfpt2oX8Drnf1xiv2hiKZBzzbya3ZifmfNdqSv8PDbZN7A3ptbrGuGMbxrbEkwb7akJwHBrFmiTsg&amp;__hstc=47088440.d12f911d5883f4ab8ec83423e54b1d3f.1617731482883.1620846204163.1620918898906.15&amp;__hssc=47088440.2.1620918898906&amp;__hsfp=3977854193&amp;contentType=standard-page\">T\u00e9l\u00e9charger la fiche produit<\/a><\/p>\n<p>SP\u00c9CIFICATIONS DE LA CAGOULE REDZONE \u2122<\/p>\n<p>La cagoule anti-particules RedZone \u2122 de LION prot\u00e8ge l'une des zones les plus vuln\u00e9rables de votre corps en emp\u00eachant jusqu'\u00e0 98% de particules de toucher votre visage et votre cou.<\/p>\n<ul>\n<li>Protection | Efficacit\u00e9 98% (0,1-1,0 micron)<\/li>\n<li>Construction | Couche ext\u00e9rieure de Kermel \/ Viscose 9 oz. tricot interlock | Couche int\u00e9rieure du bloqueur de particules StedAir PREVENT exclusif \u00e0 LION<\/li>\n<li>Couleurs | Ext\u00e9rieur noir ou beige avec int\u00e9rieur gris | coutures rouges<\/li>\n<li>Dimension | Taille universelle qui s'adapte confortablement \u00e0 toutes les tailles de t\u00eate<\/li>\n<\/ul>","protected":false},"excerpt":{"rendered":"<p>La cagoule anti-particules RedZone \u2122 de LION prot\u00e8ge l'une des zones les plus vuln\u00e9rables de votre corps en emp\u00eachant jusqu'\u00e0 98% de particules de toucher votre visage et votre cou.<\/p>","protected":false},"featured_media":27270,"template":"","meta":[],"product_brand":[421],"product_cat":[125,50],"product_tag":[493],"class_list":{"0":"post-25501","1":"product","2":"type-product","3":"status-publish","4":"has-post-thumbnail","6":"product_brand-lion","7":"product_cat-hoods","8":"product_cat-personal-protective-equipment","9":"product_tag-lion","11":"first","12":"instock","13":"featured","14":"shipping-taxable","15":"product-type-simple"},"yoast_head":"<!-- This site is optimized with the Yoast SEO plugin v27.4 - https:\/\/yoast.com\/product\/yoast-seo-wordpress\/ -->\n<title>RedZone\u2122 Particulate-Blocking Hood - Safety Source Fire<\/title>\n<meta name=\"robots\" content=\"index, follow, max-snippet:-1, max-image-preview:large, max-video-preview:-1\" \/>\n<link rel=\"canonical\" href=\"https:\/\/safetysourcefire.ca\/fr\/?product=redzone-particulate-blocking-hood\" \/>\n<meta property=\"og:locale\" content=\"fr_CA\" \/>\n<meta property=\"og:type\" content=\"article\" \/>\n<meta property=\"og:title\" content=\"RedZone\u2122 Particulate-Blocking Hood - Safety Source Fire\" \/>\n<meta property=\"og:description\" content=\"LION\u2019s RedZone\u2122 Particulate Blocking Hood protects one of the most vulnerable areas of your body by preventing up to 98% of particles from ever touching your face or neck.\" \/>\n<meta property=\"og:url\" content=\"https:\/\/safetysourcefire.ca\/fr\/?product=redzone-particulate-blocking-hood\" \/>\n<meta property=\"og:site_name\" content=\"Safety Source Fire\" \/>\n<meta property=\"article:publisher\" content=\"https:\/\/www.facebook.com\/mmfssca\" \/>\n<meta property=\"article:modified_time\" content=\"2023-01-09T14:35:06+00:00\" \/>\n<meta property=\"og:image\" content=\"https:\/\/safetysourcefire.ca\/wp-content\/uploads\/2021\/05\/LION-RedZone-Hood_top-front.jpg\" \/>\n\t<meta property=\"og:image:width\" content=\"600\" \/>\n\t<meta property=\"og:image:height\" content=\"600\" \/>\n\t<meta property=\"og:image:type\" content=\"image\/jpeg\" \/>\n<meta name=\"twitter:card\" content=\"summary_large_image\" \/>\n<meta name=\"twitter:site\" content=\"@mmfssca\" \/>\n<meta name=\"twitter:label1\" content=\"Estimation du temps de lecture\" \/>\n\t<meta name=\"twitter:data1\" content=\"1 minute\" \/>\n<script type=\"application\/ld+json\" class=\"yoast-schema-graph\">{\"@context\":\"https:\\\/\\\/schema.org\",\"@graph\":[{\"@type\":\"WebPage\",\"@id\":\"https:\\\/\\\/safetysourcefire.ca\\\/?product=redzone-particulate-blocking-hood\",\"url\":\"https:\\\/\\\/safetysourcefire.ca\\\/?product=redzone-particulate-blocking-hood\",\"name\":\"RedZone\u2122 Particulate-Blocking Hood - Safety Source Fire\",\"isPartOf\":{\"@id\":\"https:\\\/\\\/safetysourcefire.ca\\\/#website\"},\"primaryImageOfPage\":{\"@id\":\"https:\\\/\\\/safetysourcefire.ca\\\/?product=redzone-particulate-blocking-hood#primaryimage\"},\"image\":{\"@id\":\"https:\\\/\\\/safetysourcefire.ca\\\/?product=redzone-particulate-blocking-hood#primaryimage\"},\"thumbnailUrl\":\"https:\\\/\\\/safetysourcefire.ca\\\/wp-content\\\/uploads\\\/2021\\\/05\\\/LION-RedZone-Hood_top-front.jpg\",\"datePublished\":\"2021-05-13T15:34:09+00:00\",\"dateModified\":\"2023-01-09T14:35:06+00:00\",\"breadcrumb\":{\"@id\":\"https:\\\/\\\/safetysourcefire.ca\\\/?product=redzone-particulate-blocking-hood#breadcrumb\"},\"inLanguage\":\"fr-CA\",\"potentialAction\":[{\"@type\":\"ReadAction\",\"target\":[\"https:\\\/\\\/safetysourcefire.ca\\\/?product=redzone-particulate-blocking-hood\"]}]},{\"@type\":\"ImageObject\",\"inLanguage\":\"fr-CA\",\"@id\":\"https:\\\/\\\/safetysourcefire.ca\\\/?product=redzone-particulate-blocking-hood#primaryimage\",\"url\":\"https:\\\/\\\/safetysourcefire.ca\\\/wp-content\\\/uploads\\\/2021\\\/05\\\/LION-RedZone-Hood_top-front.jpg\",\"contentUrl\":\"https:\\\/\\\/safetysourcefire.ca\\\/wp-content\\\/uploads\\\/2021\\\/05\\\/LION-RedZone-Hood_top-front.jpg\",\"width\":600,\"height\":600,\"caption\":\"man in hood\"},{\"@type\":\"BreadcrumbList\",\"@id\":\"https:\\\/\\\/safetysourcefire.ca\\\/?product=redzone-particulate-blocking-hood#breadcrumb\",\"itemListElement\":[{\"@type\":\"ListItem\",\"position\":1,\"name\":\"Home\",\"item\":\"https:\\\/\\\/safetysourcefire.ca\\\/\"},{\"@type\":\"ListItem\",\"position\":2,\"name\":\"Products\",\"item\":\"https:\\\/\\\/safetysourcefire.ca\\\/shop\\\/\"},{\"@type\":\"ListItem\",\"position\":3,\"name\":\"RedZone\u2122 Particulate-Blocking Hood\"}]},{\"@type\":\"WebSite\",\"@id\":\"https:\\\/\\\/safetysourcefire.ca\\\/#website\",\"url\":\"https:\\\/\\\/safetysourcefire.ca\\\/\",\"name\":\"Safety Source Fire\",\"description\":\"\",\"publisher\":{\"@id\":\"https:\\\/\\\/safetysourcefire.ca\\\/#organization\"},\"potentialAction\":[{\"@type\":\"SearchAction\",\"target\":{\"@type\":\"EntryPoint\",\"urlTemplate\":\"https:\\\/\\\/safetysourcefire.ca\\\/?s={search_term_string}\"},\"query-input\":{\"@type\":\"PropertyValueSpecification\",\"valueRequired\":true,\"valueName\":\"search_term_string\"}}],\"inLanguage\":\"fr-CA\"},{\"@type\":\"Organization\",\"@id\":\"https:\\\/\\\/safetysourcefire.ca\\\/#organization\",\"name\":\"Safety Source Fire\",\"url\":\"https:\\\/\\\/safetysourcefire.ca\\\/\",\"logo\":{\"@type\":\"ImageObject\",\"inLanguage\":\"fr-CA\",\"@id\":\"https:\\\/\\\/safetysourcefire.ca\\\/#\\\/schema\\\/logo\\\/image\\\/\",\"url\":\"https:\\\/\\\/safetysourcefire.ca\\\/wp-content\\\/uploads\\\/2021\\\/01\\\/SSF_logo_CC0000-3.png\",\"contentUrl\":\"https:\\\/\\\/safetysourcefire.ca\\\/wp-content\\\/uploads\\\/2021\\\/01\\\/SSF_logo_CC0000-3.png\",\"width\":1107,\"height\":365,\"caption\":\"Safety Source Fire\"},\"image\":{\"@id\":\"https:\\\/\\\/safetysourcefire.ca\\\/#\\\/schema\\\/logo\\\/image\\\/\"},\"sameAs\":[\"https:\\\/\\\/www.facebook.com\\\/mmfssca\",\"https:\\\/\\\/x.com\\\/mmfssca\"]}]}<\/script>\n<!-- \/ Yoast SEO plugin. -->","yoast_head_json":{"title":"Cagoule anti-particules RedZone\u2122 - S\u00e9curit\u00e9 incendie","robots":{"index":"index","follow":"follow","max-snippet":"max-snippet:-1","max-image-preview":"max-image-preview:large","max-video-preview":"max-video-preview:-1"},"canonical":"https:\/\/safetysourcefire.ca\/fr\/?product=redzone-particulate-blocking-hood","og_locale":"fr_CA","og_type":"article","og_title":"RedZone\u2122 Particulate-Blocking Hood - Safety Source Fire","og_description":"LION\u2019s RedZone\u2122 Particulate Blocking Hood protects one of the most vulnerable areas of your body by preventing up to 98% of particles from ever touching your face or neck.","og_url":"https:\/\/safetysourcefire.ca\/fr\/?product=redzone-particulate-blocking-hood","og_site_name":"Safety Source Fire","article_publisher":"https:\/\/www.facebook.com\/mmfssca","article_modified_time":"2023-01-09T14:35:06+00:00","og_image":[{"width":600,"height":600,"url":"https:\/\/safetysourcefire.ca\/wp-content\/uploads\/2021\/05\/LION-RedZone-Hood_top-front.jpg","type":"image\/jpeg"}],"twitter_card":"summary_large_image","twitter_site":"@mmfssca","twitter_misc":{"Estimation du temps de lecture":"1 minute"},"schema":{"@context":"https:\/\/schema.org","@graph":[{"@type":"WebPage","@id":"https:\/\/safetysourcefire.ca\/?product=redzone-particulate-blocking-hood","url":"https:\/\/safetysourcefire.ca\/?product=redzone-particulate-blocking-hood","name":"Cagoule anti-particules RedZone\u2122 - S\u00e9curit\u00e9 incendie","isPartOf":{"@id":"https:\/\/safetysourcefire.ca\/#website"},"primaryImageOfPage":{"@id":"https:\/\/safetysourcefire.ca\/?product=redzone-particulate-blocking-hood#primaryimage"},"image":{"@id":"https:\/\/safetysourcefire.ca\/?product=redzone-particulate-blocking-hood#primaryimage"},"thumbnailUrl":"https:\/\/safetysourcefire.ca\/wp-content\/uploads\/2021\/05\/LION-RedZone-Hood_top-front.jpg","datePublished":"2021-05-13T15:34:09+00:00","dateModified":"2023-01-09T14:35:06+00:00","breadcrumb":{"@id":"https:\/\/safetysourcefire.ca\/?product=redzone-particulate-blocking-hood#breadcrumb"},"inLanguage":"fr-CA","potentialAction":[{"@type":"ReadAction","target":["https:\/\/safetysourcefire.ca\/?product=redzone-particulate-blocking-hood"]}]},{"@type":"ImageObject","inLanguage":"fr-CA","@id":"https:\/\/safetysourcefire.ca\/?product=redzone-particulate-blocking-hood#primaryimage","url":"https:\/\/safetysourcefire.ca\/wp-content\/uploads\/2021\/05\/LION-RedZone-Hood_top-front.jpg","contentUrl":"https:\/\/safetysourcefire.ca\/wp-content\/uploads\/2021\/05\/LION-RedZone-Hood_top-front.jpg","width":600,"height":600,"caption":"man in hood"},{"@type":"BreadcrumbList","@id":"https:\/\/safetysourcefire.ca\/?product=redzone-particulate-blocking-hood#breadcrumb","itemListElement":[{"@type":"ListItem","position":1,"name":"Home","item":"https:\/\/safetysourcefire.ca\/"},{"@type":"ListItem","position":2,"name":"Products","item":"https:\/\/safetysourcefire.ca\/shop\/"},{"@type":"ListItem","position":3,"name":"RedZone\u2122 Particulate-Blocking Hood"}]},{"@type":"WebSite","@id":"https:\/\/safetysourcefire.ca\/#website","url":"https:\/\/safetysourcefire.ca\/","name":"Safety Source Fire","description":"","publisher":{"@id":"https:\/\/safetysourcefire.ca\/#organization"},"potentialAction":[{"@type":"SearchAction","target":{"@type":"EntryPoint","urlTemplate":"https:\/\/safetysourcefire.ca\/?s={search_term_string}"},"query-input":{"@type":"PropertyValueSpecification","valueRequired":true,"valueName":"search_term_string"}}],"inLanguage":"fr-CA"},{"@type":"Organization","@id":"https:\/\/safetysourcefire.ca\/#organization","name":"Safety Source Fire","url":"https:\/\/safetysourcefire.ca\/","logo":{"@type":"ImageObject","inLanguage":"fr-CA","@id":"https:\/\/safetysourcefire.ca\/#\/schema\/logo\/image\/","url":"https:\/\/safetysourcefire.ca\/wp-content\/uploads\/2021\/01\/SSF_logo_CC0000-3.png","contentUrl":"https:\/\/safetysourcefire.ca\/wp-content\/uploads\/2021\/01\/SSF_logo_CC0000-3.png","width":1107,"height":365,"caption":"Safety Source Fire"},"image":{"@id":"https:\/\/safetysourcefire.ca\/#\/schema\/logo\/image\/"},"sameAs":["https:\/\/www.facebook.com\/mmfssca","https:\/\/x.com\/mmfssca"]}]}},"_links":{"self":[{"href":"https:\/\/safetysourcefire.ca\/fr\/wp-json\/wp\/v2\/product\/25501","targetHints":{"allow":["GET"]}}],"collection":[{"href":"https:\/\/safetysourcefire.ca\/fr\/wp-json\/wp\/v2\/product"}],"about":[{"href":"https:\/\/safetysourcefire.ca\/fr\/wp-json\/wp\/v2\/types\/product"}],"wp:featuredmedia":[{"embeddable":true,"href":"https:\/\/safetysourcefire.ca\/fr\/wp-json\/wp\/v2\/media\/27270"}],"wp:attachment":[{"href":"https:\/\/safetysourcefire.ca\/fr\/wp-json\/wp\/v2\/media?parent=25501"}],"wp:term":[{"taxonomy":"product_brand","embeddable":true,"href":"https:\/\/safetysourcefire.ca\/fr\/wp-json\/wp\/v2\/product_brand?post=25501"},{"taxonomy":"product_cat","embeddable":true,"href":"https:\/\/safetysourcefire.ca\/fr\/wp-json\/wp\/v2\/product_cat?post=25501"},{"taxonomy":"product_tag","embeddable":true,"href":"https:\/\/safetysourcefire.ca\/fr\/wp-json\/wp\/v2\/product_tag?post=25501"}],"curies":[{"name":"wp","href":"https:\/\/api.w.org\/{rel}","templated":true}]}}